{"id":24198,"date":"2024-09-16T19:01:29","date_gmt":"2024-09-16T17:01:29","guid":{"rendered":"http:\/\/gvshalph.pro-linuxpl.com\/ironskyprodukty\/produkt\/plecak-fotograficzny-pgytech-onemo-2-25l-czarny\/"},"modified":"2026-03-05T15:51:00","modified_gmt":"2026-03-05T14:51:00","slug":"plecak-fotograficzny-pgytech-onemo-2-25l-czarny","status":"publish","type":"product","link":"https:\/\/ironsky.pl\/sklep\/produkt\/plecak-fotograficzny-pgytech-onemo-2-25l-czarny\/","title":{"rendered":"Plecak fotograficzny PGYTECH  OneMo 2 25L (czarny)"},"content":{"rendered":"<h3>Plecak fotograficzny PGYTECH OneMo 2 25L (czarny)<\/h3>\n<p>Cz\u0119sto podr\u00f3\u017cujesz i robisz zdj\u0119cia? Profesjonalnie zajmujesz si\u0119 fotografi\u0105? U\u0142atw sobie transport niezb\u0119dnego sprz\u0119tu i zadbaj o jego bezpieczne przechowywanie! Plecak fotograficzny PGYTECH OneMo 2 o pojemno\u015bci 25 l zapewnia wygodny dost\u0119p do wszystkich najwa\u017cniejszych urz\u0105dze\u0144 i oferuje mn\u00f3stwo przegr\u00f3dek, kt\u00f3re mo\u017cesz swobodnie dostosowywa\u0107 do swoich potrzeb. Zapewnia te\u017c komfort u\u017cytkowania i jest bardzo wytrzyma\u0142y. W zestawie znajdziesz tak\u017ce praktyczn\u0105 torb\u0119 na rami\u0119.<\/p>\n<p><img decoding=\"async\" src=\"https:\/\/b2b.innpro.pl\/data\/include\/cms\/PGYTECH\/P-CB-110\/4.jpg\"><\/p>\n<h3>Du\u017ca pojemno\u015b\u0107<\/h3>\n<p>Nie obawiaj si\u0119, \u017ce zabraknie Ci miejsca na wszystkie potrzebne Ci sprz\u0119ty. Plecak wyr\u00f3\u017cnia si\u0119 pojemno\u015bci\u0105 25 l, kt\u00f3r\u0105 mo\u017cna w prosty spos\u00f3b rozszerzy\u0107 o dodatkowe 5 l lub 8 l. Dzi\u0119ki temu bez problemu zmie\u015bcisz w nim aparat, stabilizator, os\u0142on\u0119 przeciws\u0142oneczn\u0105, ubrania, butelk\u0119 wody, sk\u0142adany statyw, drona, aparatur\u0119 steruj\u0105c\u0105, dodatkowe akumulatory, laptopa, portfel, telefon czy wymienne obiektywy. Ponadto g\u0142\u00f3wn\u0105 kiesze\u0144 OneMo 2 mo\u017cna w ca\u0142o\u015bci otworzy\u0107, co zapewnia wygodny dost\u0119p do umieszczonych wewn\u0105trz rzeczy.<\/p>\n<p><img decoding=\"async\" src=\"https:\/\/b2b.innpro.pl\/data\/include\/cms\/PGYTECH\/P-CB-110\/7.jpg\"><\/p>\n<h3>W trosce o Tw\u00f3j komfort<\/h3>\n<p>Ciesz si\u0119 wi\u0119kszym komfortem nawet podczas d\u0142ugotrwa\u0142ych wypraw i sesji fotograficznych. OneMo 2 idealnie dopasowuje si\u0119 do kszta\u0142tu plec\u00f3w, a dzi\u0119ki zastosowaniu specjalnej siatki zapewnia doskona\u0142\u0105 wentylacj\u0119 i zapobiega poceniu si\u0119. Na uwag\u0119 zas\u0142uguje tak\u017ce od\u0142\u0105czany pas piersiowy oraz dodatkowe paski, kt\u00f3re stabilizuj\u0105 plecak i odpowiadaj\u0105 za bardziej r\u00f3wnomierne roz\u0142o\u017cenie ci\u0119\u017caru, odci\u0105\u017caj\u0105c kr\u0119gos\u0142up. Co wi\u0119cej, specjalnie zaprojektowane szelki wykonane z pianki EVA gwarantuj\u0105 jeszcze wi\u0119ksz\u0105 wygod\u0119.<\/p>\n<p><img decoding=\"async\" src=\"https:\/\/b2b.innpro.pl\/data\/include\/cms\/PGYTECH\/P-CB-110\/6.jpg\"><\/p>\n<h3>Optymalna organizacja przestrzeni<\/h3>\n<p>Plecak zosta\u0142 wyposa\u017cony w specjalne przegr\u00f3dki, kt\u00f3re u\u0142atwi\u0105 Ci zachowanie porz\u0105dku. Mo\u017cesz te\u017c swobodnie zmienia\u0107 ich po\u0142o\u017cenie, dostosowuj\u0105c je do swoich potrzeb i rodzaju sprz\u0119tu, jaki chcesz transportowa\u0107. OneMo 2 oferuje tak\u017ce mn\u00f3stwo niewielkich kieszeni stworzonych z my\u015bl\u0105 o przechowywaniu kabli, akumulator\u00f3w, telefonu, AirTaga i wielu innych akcesori\u00f3w. Znajdziesz w nim tak\u017ce specjaln\u0105 przegr\u00f3dk\u0119 na laptopa, kt\u00f3ra zosta\u0142a wy\u0142o\u017cona wysokiej jako\u015bci piank\u0105 ochronn\u0105.<\/p>\n<p><img decoding=\"async\" src=\"https:\/\/b2b.innpro.pl\/data\/include\/cms\/PGYTECH\/P-CB-110\/3.jpg\"><\/p>\n<h3>Jeszcze wi\u0119cej udogodnie\u0144<\/h3>\n<p>Producent zadba\u0142 o to, aby korzystanie z plecaka by\u0142o jak najwygodniejsze. Lewa szelka umo\u017cliwia szybki monta\u017c mocowania kamery, a na prawej znajdziesz specjaln\u0105 kiesze\u0144 na telefon. OneMo 2 oferuje te\u017c kilka dodatkowych punkt\u00f3w monta\u017cowych, do kt\u00f3rych mo\u017cesz przymocowa\u0107 wybrany sprz\u0119t. Ponadto kilka dost\u0119pnych uchwyt\u00f3w pozwala nosi\u0107 plecak na r\u00f3\u017cne sposoby \u2013 na przyk\u0142ad pionowo, poziomo lub do g\u00f3ry nogami.<\/p>\n<p><img decoding=\"async\" src=\"https:\/\/b2b.innpro.pl\/data\/include\/cms\/PGYTECH\/P-CB-110\/1.jpg\"><\/p>\n<h3>Plecak do zada\u0144 specjalnych<\/h3>\n<p>Miej pewno\u015b\u0107, \u017ce umieszczone w plecaku urz\u0105dzenia s\u0105 bezpieczne niezale\u017cnie od warunk\u00f3w. Plecak powsta\u0142 z wysokiej jako\u015bci materia\u0142\u00f3w i zosta\u0142 pokryty specjaln\u0105 pow\u0142ok\u0105 PU, dzi\u0119ki czemu jest wyj\u0105tkowo wytrzyma\u0142y. OneMo 2 jest te\u017c odporny na zachlapania, a je\u015bli podczas wyprawy z\u0142apie Ci\u0119 bardziej intensywny deszcz, wystarczy za\u0142o\u017cy\u0107 dodatkowy pokrowiec wodoodporny. Co wi\u0119cej, zamki plecaka zosta\u0142y zaprojektowane w taki spos\u00f3b, aby utrudni\u0107 ewentualn\u0105 kradzie\u017c umieszczonych wewn\u0105trz przedmiot\u00f3w.<\/p>\n<p><img decoding=\"async\" src=\"https:\/\/b2b.innpro.pl\/data\/include\/cms\/PGYTECH\/P-CB-110\/8.jpg\"><\/p>\n<h3>Dodatkowa torba w zestawie<\/h3>\n<p>W sk\u0142ad zestawu wchodzi r\u00f3wnie\u017c praktyczna torba, kt\u00f3r\u0105 mo\u017cesz nosi\u0107 na ramieniu lub u\u017cywa\u0107 jako saszetki. Spakuj do niej najpotrzebniejsze urz\u0105dzenia i miej je zawsze w zasi\u0119gu r\u0119ki! Kilka dost\u0119pnych kieszonek u\u0142atwi Ci przechowywanie niewielkich przedmiot\u00f3w takich jak kable czy karty pami\u0119ci, a du\u017ca komora pozwoli szybko znale\u017a\u0107 i wyj\u0105\u0107 wybrane akcesoria. Je\u015bli zajdzie taka potrzeba, mo\u017cesz te\u017c po prostu schowa\u0107 torb\u0119 do plecaka.<\/p>\n<p><img decoding=\"async\" src=\"https:\/\/b2b.innpro.pl\/data\/include\/cms\/PGYTECH\/P-CB-110\/5.jpg\"> <br \/><\/br><!DOCTYPE html><br \/>\n<html lang=\"pl\"><br \/>\n<head><br \/>\n    <meta charset=\"UTF-8\"><br \/>\n    <meta name=\"viewport\" content=\"width=device-width, initial-scale=1.0\"><br \/>\n    <title><\/title><br \/>\n<\/head><br \/>\n<body><br \/>\n    <iframe width=\"100%\" height=\"720px\" src=\"https:\/\/www.youtube.com\/embed\/EYBuvm8Slto?playlist=EYBuvm8Slto&#038;loop=1\" frameborder=\"0\" allow=\"accelerometer; autoplay; clipboard-write; encrypted-media; gyroscope; picture-in-picture\" allowfullscreen><\/iframe><br \/>\n<\/body><br \/>\n<\/html><\/p>\n<h3>W zestawie<\/h3>\n<ul>\n<li>Plecak OneMo 2 25 l<\/li>\n<li>Torba na rami\u0119<\/li>\n<li>Przegr\u00f3dka C x2<\/li>\n<li>Przegr\u00f3dka D x1<\/li>\n<li>Przegr\u00f3dka E x2<\/li>\n<li>Przegr\u00f3dka F x2<\/li>\n<li>Przegr\u00f3dka G x2<\/li>\n<li>Przegr\u00f3dka H x2<\/li>\n<li>Pasek mocuj\u0105cy do przegr\u00f3dek x1<\/li>\n<li>Pas piersiowy x1<\/li>\n<li>Pasek do akcesori\u00f3w x2<\/li>\n<li>Pas biodrowy x1<\/li>\n<li>Pasek do torby na rami\u0119 x1<\/li>\n<li>Torba do pakowania x1<\/li>\n<li>Identyfikator x1<\/li>\n<li>Karta promocyjna x1<\/li>\n<li>Naklejka z logo marki x1<\/li>\n<\/ul>\n<div class=\"table-wrapper\">\n<table>\n<tbody>\n<tr>\n<th>Producent<\/th>\n<td>PGYTECH<\/td>\n<\/tr>\n<tr>\n<th>Nazwa<\/th>\n<td>OneMo 2<\/td>\n<\/tr>\n<tr>\n<th>Model<\/th>\n<td>P-CB-110<\/td>\n<\/tr>\n<tr>\n<th>Kolor<\/th>\n<td>Czarny<\/td>\n<\/tr>\n<tr>\n<th>Pojemno\u015b\u0107 plecaka<\/th>\n<td>25 l (+ 5 \/ 8 l)<\/td>\n<\/tr>\n<tr>\n<th>Pojemno\u015b\u0107 torby na rami\u0119<\/th>\n<td>5 l (g\u0142\u00f3wna przegroda 3,5 l + rozszerzenie 1,5 l)<\/td>\n<\/tr>\n<tr>\n<th>Waga plecaka<\/th>\n<td>Bez przegr\u00f3dek: 1,72 kg;<br \/>Z przegr\u00f3dkami i paskami: 2,11 kg;<\/td>\n<\/tr>\n<tr>\n<th>Waga torby na rami\u0119<\/th>\n<td>Bez przegr\u00f3dek: 0,43 kg;<br \/>Z przegr\u00f3dkami: 0,5 kg;<\/td>\n<\/tr>\n<tr>\n<th>Wymiary plecaka<\/th>\n<td>470 x 320 x 235 mm<\/td>\n<\/tr>\n<tr>\n<th>Wymiary torby na rami\u0119<\/th>\n<td>275 x 185 x 135 mm<\/td>\n<\/tr>\n<\/tbody>\n<\/table>\n<\/div>\n","protected":false},"excerpt":{"rendered":"<p>Plecak fotograficzny PGYTECH OneMo 2 25L (czarny) Cz\u0119sto podr\u00f3\u017cujesz i robisz zdj\u0119cia? Profesjonalnie zajmujesz si\u0119 fotografi\u0105? U\u0142atw sobie transport niezb\u0119dnego<\/p>\n","protected":false},"featured_media":24199,"comment_status":"closed","ping_status":"open","template":"","meta":{"_acf_changed":false},"product_brand":[],"product_cat":[1128,5764,5761],"product_tag":[],"class_list":{"0":"post-24198","1":"product","2":"type-product","3":"status-publish","4":"has-post-thumbnail","6":"product_cat-foto-wideo","7":"product_cat-plecaki-fotograficzne","8":"product_cat-transport","9":"pa_box-height-3894","10":"pa_box-length-3872","11":"pa_box-width-3893","12":"pa_gross-weight-3895","13":"pa_hs-code-2462","14":"pa_net-weight-2645","16":"first","17":"outofstock","18":"taxable","19":"shipping-taxable","20":"purchasable","21":"product-type-simple"},"acf":[],"yoast_head":"<!-- This site is optimized with the Yoast SEO plugin v27.2 - https:\/\/yoast.com\/product\/yoast-seo-wordpress\/ -->\n<title>Plecak fotograficzny PGYTECH OneMo 2 25L (czarny) - IRONSKY.PL Sklep z Dronami<\/title>\n<meta name=\"description\" content=\"Plecak fotograficzny PGYTECH OneMo 2 25L (czarny) - \u2705 sklep z dronami i fachowym doradztwem. \u2705 Tutaj kupisz produkty DJI, Yuneec, Parrot, Syma i wiele innych, a tak\u017ce kursy i licencje na operatora drona.\" \/>\n<meta name=\"robots\" content=\"index, follow, max-snippet:-1, max-image-preview:large, max-video-preview:-1\" \/>\n<link rel=\"canonical\" href=\"https:\/\/ironsky.pl\/sklep\/produkt\/plecak-fotograficzny-pgytech-onemo-2-25l-czarny\/\" \/>\n<meta property=\"og:locale\" content=\"pl_PL\" \/>\n<meta property=\"og:type\" content=\"article\" \/>\n<meta property=\"og:title\" content=\"Plecak fotograficzny PGYTECH OneMo 2 25L (czarny) - IRONSKY.PL Sklep z Dronami\" \/>\n<meta property=\"og:description\" content=\"Plecak fotograficzny PGYTECH OneMo 2 25L (czarny) - \u2705 sklep z dronami i fachowym doradztwem. \u2705 Tutaj kupisz produkty DJI, Yuneec, Parrot, Syma i wiele innych, a tak\u017ce kursy i licencje na operatora drona.\" \/>\n<meta property=\"og:url\" content=\"https:\/\/ironsky.pl\/sklep\/produkt\/plecak-fotograficzny-pgytech-onemo-2-25l-czarny\/\" \/>\n<meta property=\"og:site_name\" content=\"IRONSKY.PL Sklep z Dronami\" \/>\n<meta property=\"article:modified_time\" content=\"2026-03-05T14:51:00+00:00\" \/>\n<meta property=\"og:image\" content=\"https:\/\/ironsky.pl\/sklep\/wp-content\/uploads\/2024\/09\/27903_1.jpg\" \/>\n\t<meta property=\"og:image:width\" content=\"800\" \/>\n\t<meta property=\"og:image:height\" content=\"799\" \/>\n\t<meta property=\"og:image:type\" content=\"image\/jpeg\" \/>\n<meta name=\"twitter:card\" content=\"summary_large_image\" \/>\n<meta name=\"twitter:label1\" content=\"Szacowany czas czytania\" \/>\n\t<meta name=\"twitter:data1\" content=\"4 minuty\" \/>\n<script type=\"application\/ld+json\" class=\"yoast-schema-graph\">{\"@context\":\"https:\/\/schema.org\",\"@graph\":[{\"@type\":\"WebPage\",\"@id\":\"https:\/\/ironsky.pl\/sklep\/produkt\/plecak-fotograficzny-pgytech-onemo-2-25l-czarny\/\",\"url\":\"https:\/\/ironsky.pl\/sklep\/produkt\/plecak-fotograficzny-pgytech-onemo-2-25l-czarny\/\",\"name\":\"Plecak fotograficzny PGYTECH OneMo 2 25L (czarny) - IRONSKY.PL Sklep z Dronami\",\"isPartOf\":{\"@id\":\"https:\/\/ironsky.pl\/sklep\/#website\"},\"primaryImageOfPage\":{\"@id\":\"https:\/\/ironsky.pl\/sklep\/produkt\/plecak-fotograficzny-pgytech-onemo-2-25l-czarny\/#primaryimage\"},\"image\":{\"@id\":\"https:\/\/ironsky.pl\/sklep\/produkt\/plecak-fotograficzny-pgytech-onemo-2-25l-czarny\/#primaryimage\"},\"thumbnailUrl\":\"https:\/\/ironsky.pl\/sklep\/wp-content\/uploads\/2024\/09\/27903_1.jpg\",\"datePublished\":\"2024-09-16T17:01:29+00:00\",\"dateModified\":\"2026-03-05T14:51:00+00:00\",\"description\":\"Plecak fotograficzny PGYTECH OneMo 2 25L (czarny) - \u2705 sklep z dronami i fachowym doradztwem. \u2705 Tutaj kupisz produkty DJI, Yuneec, Parrot, Syma i wiele innych, a tak\u017ce kursy i licencje na operatora drona.\",\"breadcrumb\":{\"@id\":\"https:\/\/ironsky.pl\/sklep\/produkt\/plecak-fotograficzny-pgytech-onemo-2-25l-czarny\/#breadcrumb\"},\"inLanguage\":\"pl-PL\",\"potentialAction\":[{\"@type\":\"ReadAction\",\"target\":[\"https:\/\/ironsky.pl\/sklep\/produkt\/plecak-fotograficzny-pgytech-onemo-2-25l-czarny\/\"]}]},{\"@type\":\"ImageObject\",\"inLanguage\":\"pl-PL\",\"@id\":\"https:\/\/ironsky.pl\/sklep\/produkt\/plecak-fotograficzny-pgytech-onemo-2-25l-czarny\/#primaryimage\",\"url\":\"https:\/\/ironsky.pl\/sklep\/wp-content\/uploads\/2024\/09\/27903_1.jpg\",\"contentUrl\":\"https:\/\/ironsky.pl\/sklep\/wp-content\/uploads\/2024\/09\/27903_1.jpg\",\"width\":800,\"height\":799},{\"@type\":\"BreadcrumbList\",\"@id\":\"https:\/\/ironsky.pl\/sklep\/produkt\/plecak-fotograficzny-pgytech-onemo-2-25l-czarny\/#breadcrumb\",\"itemListElement\":[{\"@type\":\"ListItem\",\"position\":1,\"name\":\"Strona g\u0142\u00f3wna\",\"item\":\"https:\/\/ironsky.pl\/sklep\/\"},{\"@type\":\"ListItem\",\"position\":2,\"name\":\"Wszystkie produkty\",\"item\":\"https:\/\/ironsky.pl\/sklep\/produkty\/\"},{\"@type\":\"ListItem\",\"position\":3,\"name\":\"Plecak fotograficzny PGYTECH OneMo 2 25L (czarny)\"}]},{\"@type\":\"WebSite\",\"@id\":\"https:\/\/ironsky.pl\/sklep\/#website\",\"url\":\"https:\/\/ironsky.pl\/sklep\/\",\"name\":\"IRONSKY.PL Sklep z Dronami\",\"description\":\"IRONSKY.PL Sklep z Dronami\",\"potentialAction\":[{\"@type\":\"SearchAction\",\"target\":{\"@type\":\"EntryPoint\",\"urlTemplate\":\"https:\/\/ironsky.pl\/sklep\/?s={search_term_string}\"},\"query-input\":{\"@type\":\"PropertyValueSpecification\",\"valueRequired\":true,\"valueName\":\"search_term_string\"}}],\"inLanguage\":\"pl-PL\"}]}<\/script>\n<!-- \/ Yoast SEO plugin. -->","yoast_head_json":{"title":"Plecak fotograficzny PGYTECH OneMo 2 25L (czarny) - IRONSKY.PL Sklep z Dronami","description":"Plecak fotograficzny PGYTECH OneMo 2 25L (czarny) - \u2705 sklep z dronami i fachowym doradztwem. \u2705 Tutaj kupisz produkty DJI, Yuneec, Parrot, Syma i wiele innych, a tak\u017ce kursy i licencje na operatora drona.","robots":{"index":"index","follow":"follow","max-snippet":"max-snippet:-1","max-image-preview":"max-image-preview:large","max-video-preview":"max-video-preview:-1"},"canonical":"https:\/\/ironsky.pl\/sklep\/produkt\/plecak-fotograficzny-pgytech-onemo-2-25l-czarny\/","og_locale":"pl_PL","og_type":"article","og_title":"Plecak fotograficzny PGYTECH OneMo 2 25L (czarny) - IRONSKY.PL Sklep z Dronami","og_description":"Plecak fotograficzny PGYTECH OneMo 2 25L (czarny) - \u2705 sklep z dronami i fachowym doradztwem. \u2705 Tutaj kupisz produkty DJI, Yuneec, Parrot, Syma i wiele innych, a tak\u017ce kursy i licencje na operatora drona.","og_url":"https:\/\/ironsky.pl\/sklep\/produkt\/plecak-fotograficzny-pgytech-onemo-2-25l-czarny\/","og_site_name":"IRONSKY.PL Sklep z Dronami","article_modified_time":"2026-03-05T14:51:00+00:00","og_image":[{"width":800,"height":799,"url":"https:\/\/ironsky.pl\/sklep\/wp-content\/uploads\/2024\/09\/27903_1.jpg","type":"image\/jpeg"}],"twitter_card":"summary_large_image","twitter_misc":{"Szacowany czas czytania":"4 minuty"},"schema":{"@context":"https:\/\/schema.org","@graph":[{"@type":"WebPage","@id":"https:\/\/ironsky.pl\/sklep\/produkt\/plecak-fotograficzny-pgytech-onemo-2-25l-czarny\/","url":"https:\/\/ironsky.pl\/sklep\/produkt\/plecak-fotograficzny-pgytech-onemo-2-25l-czarny\/","name":"Plecak fotograficzny PGYTECH OneMo 2 25L (czarny) - IRONSKY.PL Sklep z Dronami","isPartOf":{"@id":"https:\/\/ironsky.pl\/sklep\/#website"},"primaryImageOfPage":{"@id":"https:\/\/ironsky.pl\/sklep\/produkt\/plecak-fotograficzny-pgytech-onemo-2-25l-czarny\/#primaryimage"},"image":{"@id":"https:\/\/ironsky.pl\/sklep\/produkt\/plecak-fotograficzny-pgytech-onemo-2-25l-czarny\/#primaryimage"},"thumbnailUrl":"https:\/\/ironsky.pl\/sklep\/wp-content\/uploads\/2024\/09\/27903_1.jpg","datePublished":"2024-09-16T17:01:29+00:00","dateModified":"2026-03-05T14:51:00+00:00","description":"Plecak fotograficzny PGYTECH OneMo 2 25L (czarny) - \u2705 sklep z dronami i fachowym doradztwem. \u2705 Tutaj kupisz produkty DJI, Yuneec, Parrot, Syma i wiele innych, a tak\u017ce kursy i licencje na operatora drona.","breadcrumb":{"@id":"https:\/\/ironsky.pl\/sklep\/produkt\/plecak-fotograficzny-pgytech-onemo-2-25l-czarny\/#breadcrumb"},"inLanguage":"pl-PL","potentialAction":[{"@type":"ReadAction","target":["https:\/\/ironsky.pl\/sklep\/produkt\/plecak-fotograficzny-pgytech-onemo-2-25l-czarny\/"]}]},{"@type":"ImageObject","inLanguage":"pl-PL","@id":"https:\/\/ironsky.pl\/sklep\/produkt\/plecak-fotograficzny-pgytech-onemo-2-25l-czarny\/#primaryimage","url":"https:\/\/ironsky.pl\/sklep\/wp-content\/uploads\/2024\/09\/27903_1.jpg","contentUrl":"https:\/\/ironsky.pl\/sklep\/wp-content\/uploads\/2024\/09\/27903_1.jpg","width":800,"height":799},{"@type":"BreadcrumbList","@id":"https:\/\/ironsky.pl\/sklep\/produkt\/plecak-fotograficzny-pgytech-onemo-2-25l-czarny\/#breadcrumb","itemListElement":[{"@type":"ListItem","position":1,"name":"Strona g\u0142\u00f3wna","item":"https:\/\/ironsky.pl\/sklep\/"},{"@type":"ListItem","position":2,"name":"Wszystkie produkty","item":"https:\/\/ironsky.pl\/sklep\/produkty\/"},{"@type":"ListItem","position":3,"name":"Plecak fotograficzny PGYTECH OneMo 2 25L (czarny)"}]},{"@type":"WebSite","@id":"https:\/\/ironsky.pl\/sklep\/#website","url":"https:\/\/ironsky.pl\/sklep\/","name":"IRONSKY.PL Sklep z Dronami","description":"IRONSKY.PL Sklep z Dronami","potentialAction":[{"@type":"SearchAction","target":{"@type":"EntryPoint","urlTemplate":"https:\/\/ironsky.pl\/sklep\/?s={search_term_string}"},"query-input":{"@type":"PropertyValueSpecification","valueRequired":true,"valueName":"search_term_string"}}],"inLanguage":"pl-PL"}]}},"_links":{"self":[{"href":"https:\/\/ironsky.pl\/sklep\/wp-json\/wp\/v2\/product\/24198","targetHints":{"allow":["GET"]}}],"collection":[{"href":"https:\/\/ironsky.pl\/sklep\/wp-json\/wp\/v2\/product"}],"about":[{"href":"https:\/\/ironsky.pl\/sklep\/wp-json\/wp\/v2\/types\/product"}],"replies":[{"embeddable":true,"href":"https:\/\/ironsky.pl\/sklep\/wp-json\/wp\/v2\/comments?post=24198"}],"wp:featuredmedia":[{"embeddable":true,"href":"https:\/\/ironsky.pl\/sklep\/wp-json\/wp\/v2\/media\/24199"}],"wp:attachment":[{"href":"https:\/\/ironsky.pl\/sklep\/wp-json\/wp\/v2\/media?parent=24198"}],"wp:term":[{"taxonomy":"product_brand","embeddable":true,"href":"https:\/\/ironsky.pl\/sklep\/wp-json\/wp\/v2\/product_brand?post=24198"},{"taxonomy":"product_cat","embeddable":true,"href":"https:\/\/ironsky.pl\/sklep\/wp-json\/wp\/v2\/product_cat?post=24198"},{"taxonomy":"product_tag","embeddable":true,"href":"https:\/\/ironsky.pl\/sklep\/wp-json\/wp\/v2\/product_tag?post=24198"}],"curies":[{"name":"wp","href":"https:\/\/api.w.org\/{rel}","templated":true}]}}