{"id":24117,"date":"2024-09-16T18:59:23","date_gmt":"2024-09-16T16:59:23","guid":{"rendered":"http:\/\/gvshalph.pro-linuxpl.com\/ironskyprodukty\/produkt\/zestaw-akcesoriow-do-nurkowania-osmo-action-3-osmo-action-4\/"},"modified":"2026-03-27T08:52:10","modified_gmt":"2026-03-27T07:52:10","slug":"zestaw-akcesoriow-do-nurkowania-osmo-action-3-osmo-action-4","status":"publish","type":"product","link":"https:\/\/ironsky.pl\/sklep\/produkt\/zestaw-akcesoriow-do-nurkowania-osmo-action-3-osmo-action-4\/","title":{"rendered":"Zestaw akcesori\u00f3w do nurkowania  Osmo Action 3 \/Osmo Action 4"},"content":{"rendered":"<h3 style=\"text-align: center;\">Osmo Action zestaw akcesori\u00f3w do nurkowania<\/h3>\n<p>Uchwy\u0107 pi\u0119kno podwodnego \u015bwiata i stw\u00f3rz mn\u00f3stwo zachwycaj\u0105cych uj\u0119\u0107. W sk\u0142ad zestawu wchodzi przeznaczona dla DJI Osmo Action 3 obudowa wodoodporna, uchwyt wyporno\u015bciowy, \u015bruba blokuj\u0105ca oraz wk\u0142ady przeciwmgielne. Dzi\u0119ki temu zyskasz mo\u017cliwo\u015b\u0107 bezpiecznego zanurzenia swojej kamery na g\u0142\u0119boko\u015b\u0107 do 60 m. To idealne rozwi\u0105zanie dla mi\u0142o\u015bnik\u00f3w nurkowania! Uwaga: przed u\u017cyciem zamknij os\u0142on\u0119 akumulatora kamery i doci\u015bnij os\u0142on\u0119 obiektywu. Obudowa cechuje si\u0119 wodooporno\u015bci\u0105 IP68. Nie nale\u017cy korzysta\u0107 z kamery w gor\u0105cych \u017ar\u00f3d\u0142ach ani nara\u017ca\u0107 jej na dzia\u0142anie substancji \u017cr\u0105cych.<\/p>\n<p><img decoding=\"async\" src=\"https:\/\/b2b.innpro.pl\/data\/include\/cms\/12DJI\/Osmo-Action-Diving-Accessory-Kit\/3.jpg\" border=\"0\" alt=\"\" width=\"1100\" height=\"700\" \/><\/p>\n<p>\u00a0<\/p>\n<h3>W zestawie<\/h3>\n<ul>\n<li>Uchwyt wyporno\u015bciowy DJI<\/li>\n<li>\u015aruba blokuj\u0105ca<\/li>\n<li>Obudowa wodoodporna<\/li>\n<li>Wk\u0142ady przeciwmgielne x3<\/li>\n<\/ul>\n<h3>Specyfikacja<\/h3>\n<div class=\"table-wrapper\">\n<table>\n<tbody>\n<tr>\n<th>Producent<\/th>\n<td>DJI<\/td>\n<\/tr>\n<tr>\n<th>Nazwa<\/th>\n<td>Osmo Action Diving Accessory Kit<\/td>\n<\/tr>\n<tr>\n<th>Wymiary uchwytu wyporno\u015bciowego<\/th>\n<td>49 x 49 x 165 mm<\/td>\n<\/tr>\n<tr>\n<th>Waga uchwytu wyporno\u015bciowego<\/th>\n<td>82 g<\/td>\n<\/tr>\n<tr>\n<th>Wymiary \u015bruby<\/th>\n<td>55,6 x 23 x 13,3 mm<\/td>\n<\/tr>\n<tr>\n<th>Waga \u015bruby<\/th>\n<td>11,2 g<\/td>\n<\/tr>\n<tr>\n<th>Wymiary obudowy wodoodpornej<\/th>\n<td>87,4 x 42,8 x 79,4 mm<\/td>\n<\/tr>\n<tr>\n<th>Waga obudowy wodoodpornej<\/th>\n<td>104 g<\/td>\n<\/tr>\n<tr>\n<th>Maks. g\u0142\u0119boko\u015b\u0107 zanurzenia kamery z obudow\u0105<\/th>\n<td>60 m<\/td>\n<\/tr>\n<tr>\n<th>Wymiary wk\u0142ad\u00f3w przeciwmgielnych<\/th>\n<td>24 x 22,5 x 3,2 mm<\/td>\n<\/tr>\n<tr>\n<th>Waga wk\u0142ad\u00f3w przeciwmgielnych<\/th>\n<td>2 g<\/td>\n<\/tr>\n<tr>\n<th>Kompatybilno\u015b\u0107<\/th>\n<td>DJI Osmo Action 3<\/td>\n<\/tr>\n<\/tbody>\n<\/table>\n<\/div>\n<style type=\"text\/css\"><!--\n.table-wrapper{width:100%;overflow-x:auto}.table-wrapper>table{border-spacing:0}.table-wrapper>table>tbody>tr>td,.table-wrapper>table>tbody>tr>th{padding:10px 35px;text-align:left}.table-wrapper>table>tbody>tr>th{vertical-align:top}.table-wrapper>table>tbody>tr:nth-child(even){background-color:#f7f7f7}\n--><\/style>\n","protected":false},"excerpt":{"rendered":"<p>Osmo Action zestaw akcesori\u00f3w do nurkowania Uchwy\u0107 pi\u0119kno podwodnego \u015bwiata i stw\u00f3rz mn\u00f3stwo zachwycaj\u0105cych uj\u0119\u0107. W sk\u0142ad zestawu wchodzi przeznaczona<\/p>\n","protected":false},"featured_media":24118,"comment_status":"closed","ping_status":"open","template":"","meta":{"_acf_changed":false},"product_brand":[],"product_cat":[1130,1137,1128],"product_tag":[],"class_list":{"0":"post-24117","1":"product","2":"type-product","3":"status-publish","4":"has-post-thumbnail","6":"product_cat-akcesoria-foto","7":"product_cat-do-kamer-sportowych","8":"product_cat-foto-wideo","9":"pa_box-height-3835","10":"pa_box-length-1627","11":"pa_box-width-3834","12":"pa_gross-weight-3836","13":"pa_model-action","14":"pa_net-weight-3312","15":"pa_seria-action-dji-osmo-action-3","17":"first","18":"instock","19":"taxable","20":"shipping-taxable","21":"purchasable","22":"product-type-simple"},"acf":[],"yoast_head":"<!-- This site is optimized with the Yoast SEO plugin v27.2 - https:\/\/yoast.com\/product\/yoast-seo-wordpress\/ -->\n<title>Zestaw akcesori\u00f3w do nurkowania Osmo Action 3 \/Osmo Action 4 - IRONSKY.PL Sklep z Dronami<\/title>\n<meta name=\"description\" content=\"Zestaw akcesori\u00f3w do nurkowania Osmo Action 3 \/Osmo Action 4 - \u2705 sklep z dronami i fachowym doradztwem. \u2705 Tutaj kupisz produkty DJI, Yuneec, Parrot, Syma i wiele innych, a tak\u017ce kursy i licencje na operatora drona.\" \/>\n<meta name=\"robots\" content=\"index, follow, max-snippet:-1, max-image-preview:large, max-video-preview:-1\" \/>\n<link rel=\"canonical\" href=\"https:\/\/ironsky.pl\/sklep\/produkt\/zestaw-akcesoriow-do-nurkowania-osmo-action-3-osmo-action-4\/\" \/>\n<meta property=\"og:locale\" content=\"pl_PL\" \/>\n<meta property=\"og:type\" content=\"article\" \/>\n<meta property=\"og:title\" content=\"Zestaw akcesori\u00f3w do nurkowania Osmo Action 3 \/Osmo Action 4 - IRONSKY.PL Sklep z Dronami\" \/>\n<meta property=\"og:description\" content=\"Zestaw akcesori\u00f3w do nurkowania Osmo Action 3 \/Osmo Action 4 - \u2705 sklep z dronami i fachowym doradztwem. \u2705 Tutaj kupisz produkty DJI, Yuneec, Parrot, Syma i wiele innych, a tak\u017ce kursy i licencje na operatora drona.\" \/>\n<meta property=\"og:url\" content=\"https:\/\/ironsky.pl\/sklep\/produkt\/zestaw-akcesoriow-do-nurkowania-osmo-action-3-osmo-action-4\/\" \/>\n<meta property=\"og:site_name\" content=\"IRONSKY.PL Sklep z Dronami\" \/>\n<meta property=\"article:modified_time\" content=\"2026-03-27T07:52:10+00:00\" \/>\n<meta property=\"og:image\" content=\"https:\/\/ironsky.pl\/sklep\/wp-content\/uploads\/2024\/09\/27714_2.jpg\" \/>\n\t<meta property=\"og:image:width\" content=\"800\" \/>\n\t<meta property=\"og:image:height\" content=\"800\" \/>\n\t<meta property=\"og:image:type\" content=\"image\/jpeg\" \/>\n<meta name=\"twitter:card\" content=\"summary_large_image\" \/>\n<meta name=\"twitter:label1\" content=\"Szacowany czas czytania\" \/>\n\t<meta name=\"twitter:data1\" content=\"1 minuta\" \/>\n<script type=\"application\/ld+json\" class=\"yoast-schema-graph\">{\"@context\":\"https:\/\/schema.org\",\"@graph\":[{\"@type\":\"WebPage\",\"@id\":\"https:\/\/ironsky.pl\/sklep\/produkt\/zestaw-akcesoriow-do-nurkowania-osmo-action-3-osmo-action-4\/\",\"url\":\"https:\/\/ironsky.pl\/sklep\/produkt\/zestaw-akcesoriow-do-nurkowania-osmo-action-3-osmo-action-4\/\",\"name\":\"Zestaw akcesori\u00f3w do nurkowania Osmo Action 3 \/Osmo Action 4 - IRONSKY.PL Sklep z Dronami\",\"isPartOf\":{\"@id\":\"https:\/\/ironsky.pl\/sklep\/#website\"},\"primaryImageOfPage\":{\"@id\":\"https:\/\/ironsky.pl\/sklep\/produkt\/zestaw-akcesoriow-do-nurkowania-osmo-action-3-osmo-action-4\/#primaryimage\"},\"image\":{\"@id\":\"https:\/\/ironsky.pl\/sklep\/produkt\/zestaw-akcesoriow-do-nurkowania-osmo-action-3-osmo-action-4\/#primaryimage\"},\"thumbnailUrl\":\"https:\/\/ironsky.pl\/sklep\/wp-content\/uploads\/2024\/09\/27714_2.jpg\",\"datePublished\":\"2024-09-16T16:59:23+00:00\",\"dateModified\":\"2026-03-27T07:52:10+00:00\",\"description\":\"Zestaw akcesori\u00f3w do nurkowania Osmo Action 3 \/Osmo Action 4 - \u2705 sklep z dronami i fachowym doradztwem. \u2705 Tutaj kupisz produkty DJI, Yuneec, Parrot, Syma i wiele innych, a tak\u017ce kursy i licencje na operatora drona.\",\"breadcrumb\":{\"@id\":\"https:\/\/ironsky.pl\/sklep\/produkt\/zestaw-akcesoriow-do-nurkowania-osmo-action-3-osmo-action-4\/#breadcrumb\"},\"inLanguage\":\"pl-PL\",\"potentialAction\":[{\"@type\":\"ReadAction\",\"target\":[\"https:\/\/ironsky.pl\/sklep\/produkt\/zestaw-akcesoriow-do-nurkowania-osmo-action-3-osmo-action-4\/\"]}]},{\"@type\":\"ImageObject\",\"inLanguage\":\"pl-PL\",\"@id\":\"https:\/\/ironsky.pl\/sklep\/produkt\/zestaw-akcesoriow-do-nurkowania-osmo-action-3-osmo-action-4\/#primaryimage\",\"url\":\"https:\/\/ironsky.pl\/sklep\/wp-content\/uploads\/2024\/09\/27714_2.jpg\",\"contentUrl\":\"https:\/\/ironsky.pl\/sklep\/wp-content\/uploads\/2024\/09\/27714_2.jpg\",\"width\":800,\"height\":800},{\"@type\":\"BreadcrumbList\",\"@id\":\"https:\/\/ironsky.pl\/sklep\/produkt\/zestaw-akcesoriow-do-nurkowania-osmo-action-3-osmo-action-4\/#breadcrumb\",\"itemListElement\":[{\"@type\":\"ListItem\",\"position\":1,\"name\":\"Strona g\u0142\u00f3wna\",\"item\":\"https:\/\/ironsky.pl\/sklep\/\"},{\"@type\":\"ListItem\",\"position\":2,\"name\":\"Wszystkie produkty\",\"item\":\"https:\/\/ironsky.pl\/sklep\/produkty\/\"},{\"@type\":\"ListItem\",\"position\":3,\"name\":\"Zestaw akcesori\u00f3w do nurkowania Osmo Action 3 \/Osmo Action 4\"}]},{\"@type\":\"WebSite\",\"@id\":\"https:\/\/ironsky.pl\/sklep\/#website\",\"url\":\"https:\/\/ironsky.pl\/sklep\/\",\"name\":\"IRONSKY.PL Sklep z Dronami\",\"description\":\"IRONSKY.PL Sklep z Dronami\",\"potentialAction\":[{\"@type\":\"SearchAction\",\"target\":{\"@type\":\"EntryPoint\",\"urlTemplate\":\"https:\/\/ironsky.pl\/sklep\/?s={search_term_string}\"},\"query-input\":{\"@type\":\"PropertyValueSpecification\",\"valueRequired\":true,\"valueName\":\"search_term_string\"}}],\"inLanguage\":\"pl-PL\"}]}<\/script>\n<!-- \/ Yoast SEO plugin. -->","yoast_head_json":{"title":"Zestaw akcesori\u00f3w do nurkowania Osmo Action 3 \/Osmo Action 4 - IRONSKY.PL Sklep z Dronami","description":"Zestaw akcesori\u00f3w do nurkowania Osmo Action 3 \/Osmo Action 4 - \u2705 sklep z dronami i fachowym doradztwem. \u2705 Tutaj kupisz produkty DJI, Yuneec, Parrot, Syma i wiele innych, a tak\u017ce kursy i licencje na operatora drona.","robots":{"index":"index","follow":"follow","max-snippet":"max-snippet:-1","max-image-preview":"max-image-preview:large","max-video-preview":"max-video-preview:-1"},"canonical":"https:\/\/ironsky.pl\/sklep\/produkt\/zestaw-akcesoriow-do-nurkowania-osmo-action-3-osmo-action-4\/","og_locale":"pl_PL","og_type":"article","og_title":"Zestaw akcesori\u00f3w do nurkowania Osmo Action 3 \/Osmo Action 4 - IRONSKY.PL Sklep z Dronami","og_description":"Zestaw akcesori\u00f3w do nurkowania Osmo Action 3 \/Osmo Action 4 - \u2705 sklep z dronami i fachowym doradztwem. \u2705 Tutaj kupisz produkty DJI, Yuneec, Parrot, Syma i wiele innych, a tak\u017ce kursy i licencje na operatora drona.","og_url":"https:\/\/ironsky.pl\/sklep\/produkt\/zestaw-akcesoriow-do-nurkowania-osmo-action-3-osmo-action-4\/","og_site_name":"IRONSKY.PL Sklep z Dronami","article_modified_time":"2026-03-27T07:52:10+00:00","og_image":[{"width":800,"height":800,"url":"https:\/\/ironsky.pl\/sklep\/wp-content\/uploads\/2024\/09\/27714_2.jpg","type":"image\/jpeg"}],"twitter_card":"summary_large_image","twitter_misc":{"Szacowany czas czytania":"1 minuta"},"schema":{"@context":"https:\/\/schema.org","@graph":[{"@type":"WebPage","@id":"https:\/\/ironsky.pl\/sklep\/produkt\/zestaw-akcesoriow-do-nurkowania-osmo-action-3-osmo-action-4\/","url":"https:\/\/ironsky.pl\/sklep\/produkt\/zestaw-akcesoriow-do-nurkowania-osmo-action-3-osmo-action-4\/","name":"Zestaw akcesori\u00f3w do nurkowania Osmo Action 3 \/Osmo Action 4 - IRONSKY.PL Sklep z Dronami","isPartOf":{"@id":"https:\/\/ironsky.pl\/sklep\/#website"},"primaryImageOfPage":{"@id":"https:\/\/ironsky.pl\/sklep\/produkt\/zestaw-akcesoriow-do-nurkowania-osmo-action-3-osmo-action-4\/#primaryimage"},"image":{"@id":"https:\/\/ironsky.pl\/sklep\/produkt\/zestaw-akcesoriow-do-nurkowania-osmo-action-3-osmo-action-4\/#primaryimage"},"thumbnailUrl":"https:\/\/ironsky.pl\/sklep\/wp-content\/uploads\/2024\/09\/27714_2.jpg","datePublished":"2024-09-16T16:59:23+00:00","dateModified":"2026-03-27T07:52:10+00:00","description":"Zestaw akcesori\u00f3w do nurkowania Osmo Action 3 \/Osmo Action 4 - \u2705 sklep z dronami i fachowym doradztwem. \u2705 Tutaj kupisz produkty DJI, Yuneec, Parrot, Syma i wiele innych, a tak\u017ce kursy i licencje na operatora drona.","breadcrumb":{"@id":"https:\/\/ironsky.pl\/sklep\/produkt\/zestaw-akcesoriow-do-nurkowania-osmo-action-3-osmo-action-4\/#breadcrumb"},"inLanguage":"pl-PL","potentialAction":[{"@type":"ReadAction","target":["https:\/\/ironsky.pl\/sklep\/produkt\/zestaw-akcesoriow-do-nurkowania-osmo-action-3-osmo-action-4\/"]}]},{"@type":"ImageObject","inLanguage":"pl-PL","@id":"https:\/\/ironsky.pl\/sklep\/produkt\/zestaw-akcesoriow-do-nurkowania-osmo-action-3-osmo-action-4\/#primaryimage","url":"https:\/\/ironsky.pl\/sklep\/wp-content\/uploads\/2024\/09\/27714_2.jpg","contentUrl":"https:\/\/ironsky.pl\/sklep\/wp-content\/uploads\/2024\/09\/27714_2.jpg","width":800,"height":800},{"@type":"BreadcrumbList","@id":"https:\/\/ironsky.pl\/sklep\/produkt\/zestaw-akcesoriow-do-nurkowania-osmo-action-3-osmo-action-4\/#breadcrumb","itemListElement":[{"@type":"ListItem","position":1,"name":"Strona g\u0142\u00f3wna","item":"https:\/\/ironsky.pl\/sklep\/"},{"@type":"ListItem","position":2,"name":"Wszystkie produkty","item":"https:\/\/ironsky.pl\/sklep\/produkty\/"},{"@type":"ListItem","position":3,"name":"Zestaw akcesori\u00f3w do nurkowania Osmo Action 3 \/Osmo Action 4"}]},{"@type":"WebSite","@id":"https:\/\/ironsky.pl\/sklep\/#website","url":"https:\/\/ironsky.pl\/sklep\/","name":"IRONSKY.PL Sklep z Dronami","description":"IRONSKY.PL Sklep z Dronami","potentialAction":[{"@type":"SearchAction","target":{"@type":"EntryPoint","urlTemplate":"https:\/\/ironsky.pl\/sklep\/?s={search_term_string}"},"query-input":{"@type":"PropertyValueSpecification","valueRequired":true,"valueName":"search_term_string"}}],"inLanguage":"pl-PL"}]}},"_links":{"self":[{"href":"https:\/\/ironsky.pl\/sklep\/wp-json\/wp\/v2\/product\/24117","targetHints":{"allow":["GET"]}}],"collection":[{"href":"https:\/\/ironsky.pl\/sklep\/wp-json\/wp\/v2\/product"}],"about":[{"href":"https:\/\/ironsky.pl\/sklep\/wp-json\/wp\/v2\/types\/product"}],"replies":[{"embeddable":true,"href":"https:\/\/ironsky.pl\/sklep\/wp-json\/wp\/v2\/comments?post=24117"}],"wp:featuredmedia":[{"embeddable":true,"href":"https:\/\/ironsky.pl\/sklep\/wp-json\/wp\/v2\/media\/24118"}],"wp:attachment":[{"href":"https:\/\/ironsky.pl\/sklep\/wp-json\/wp\/v2\/media?parent=24117"}],"wp:term":[{"taxonomy":"product_brand","embeddable":true,"href":"https:\/\/ironsky.pl\/sklep\/wp-json\/wp\/v2\/product_brand?post=24117"},{"taxonomy":"product_cat","embeddable":true,"href":"https:\/\/ironsky.pl\/sklep\/wp-json\/wp\/v2\/product_cat?post=24117"},{"taxonomy":"product_tag","embeddable":true,"href":"https:\/\/ironsky.pl\/sklep\/wp-json\/wp\/v2\/product_tag?post=24117"}],"curies":[{"name":"wp","href":"https:\/\/api.w.org\/{rel}","templated":true}]}}