{"id":24071,"date":"2024-09-16T18:59:23","date_gmt":"2024-09-16T16:59:23","guid":{"rendered":"http:\/\/gvshalph.pro-linuxpl.com\/ironskyprodukty\/produkt\/profesjonalny-statyw-pgytech-mantispod-2-0-czarny\/"},"modified":"2026-03-05T15:50:54","modified_gmt":"2026-03-05T14:50:54","slug":"profesjonalny-statyw-pgytech-mantispod-2-0-czarny","status":"publish","type":"product","link":"https:\/\/ironsky.pl\/sklep\/produkt\/profesjonalny-statyw-pgytech-mantispod-2-0-czarny\/","title":{"rendered":"Profesjonalny statyw PGYTECH MANTISPOD 2.0 (Czarny)"},"content":{"rendered":"<h3>Profesjonalny statyw PGYTECH MantisPod 2.0 (Czarny)<\/h3>\n<p>Innowacyjny statyw MantisPod 2.0 to niezb\u0119dnik ka\u017cdego vlogera! Dzi\u0119ki wielu trybom pracy mo\u017cesz zmaterializowa\u0107 ka\u017cd\u0105 inwencj\u0119 tw\u00f3rcz\u0105 i bez przeszk\u00f3d nagrywa\u0107 z r\u0119ki, zmienia\u0107 k\u0105ty z wysokich na niskie i wiele innych. Adapter typu Cold Shoe pozwala na monta\u017c dodatkowych akcesori\u00f3w. Co wi\u0119cej, produkt kompatybilny jest ze wszystkimi kamerami, aparatami i telefonami, kt\u00f3rych waga nie przekracza 2 kg. Do\u0142\u0105czona do zestawu \u015bruba 1\/4\u201d umo\u017cliwia wygodny monta\u017c sprz\u0119tu do nagrywania. Dzi\u0119ki sk\u0142adanej konstrukcji produkt \u015bwietnie sprawdzi si\u0119 w podr\u00f3\u017cy i umo\u017cliwi Ci uchwycenie wyj\u0105tkowych chwil!<\/p>\n<p><img decoding=\"async\" src=\"https:\/\/b2b.innpro.pl\/data\/include\/cms\/PGYTECH\/P-CG-080\/3.jpg\"><\/p>\n<h3>Obud\u017a swoj\u0105 kreatywno\u015b\u0107 z trybem Mantis<\/h3>\n<p>Statyw MantisPod 2.0 zadziwi Ci\u0119 ilo\u015bci\u0105 mo\u017cliwo\u015bci, kt\u00f3re oferuje! Tryb Mantis umo\u017cliwia powieszenie statywu w wybranym miejscu \u2013 na drzewie, por\u0119czy, p\u0142ocie \u2013 niemal wsz\u0119dzie! Dzi\u0119ki temu zyskasz wyj\u0105tkowy k\u0105t nagrywania i stworzysz profesjonalne materia\u0142y wideo. Obawiasz si\u0119, \u017ce produkt nie zapewni wystarczaj\u0105cej stabilno\u015bci Twojemu sprz\u0119towi? Niepotrzebnie! Statyw zapewnia a\u017c 3 punkty podparcia, a jego uchwyt wykonano z solidnego stopu aluminium, dlatego mo\u017cesz bez obaw nagrywa\u0107 wywiady, dynamiczne uj\u0119cia i nie tylko. Wznie\u015b jako\u015b\u0107 swoich nagra\u0144 na nowy poziom!<\/p>\n<p><img decoding=\"async\" src=\"https:\/\/b2b.innpro.pl\/data\/include\/cms\/PGYTECH\/P-CG-080\/1.jpg\"><\/p>\n<h3>R\u00f3\u017cnorodne tryby nagrywania<\/h3>\n<p>Tryb Mantis nie jest jedynym, kt\u00f3ry oferuje statyw PGYTECH. Realizuj wszystkie swoje kreatywne pomys\u0142y, korzystaj\u0105c z tryb\u00f3w High-angle, Low-angle, Handheld, Portrait i Briefcase. Cz\u0119sto prowadzisz transmisje na \u017cywo? A mo\u017ce lubisz nagrywa\u0107 relacje z podr\u00f3\u017cy? Twoim celem jest tworzenie dynamicznych uj\u0119\u0107, w kt\u00f3rych k\u0105ty zmieniaj\u0105 si\u0119 z wysokich na niskie? Lub chcesz pochwali\u0107 si\u0119 w mediach spo\u0142eczno\u015bciowych uroczym nagraniem Twojego pupila? Z modelem MantisPod 2.0 wszystko jest mo\u017cliwe! Wygodnie prze\u0142\u0105czaj si\u0119 pomi\u0119dzy trybami i tw\u00f3rz niepowtarzalne tre\u015bci.<\/p>\n<p><img decoding=\"async\" src=\"https:\/\/b2b.innpro.pl\/data\/include\/cms\/PGYTECH\/P-CG-080\/7.jpg\"><\/p>\n<h3>Osi\u0105gnij wymarzony komfort w czasie nagrywania<\/h3>\n<p>Nagrywaj z niezr\u00f3wnan\u0105 swobod\u0105. Produkt PGYTECH zaprojektowano z my\u015bl\u0105 o wygodzie u\u017cytkowania, dlatego mo\u017cesz sprawnie zmienia\u0107 statyw na wysi\u0119gnik i odwrotnie bez konieczno\u015bci regulacji k\u0105ta kamery. Co wi\u0119cej, mo\u017cesz szybko prze\u0142\u0105cza\u0107 si\u0119 pomi\u0119dzy trybami panoramy i portretu i nagrywa\u0107 z r\u00f3\u017cnorodnych k\u0105t\u00f3w. A to wci\u0105\u017c nie wszystko! Mocowanie typu Cold Shoe pozwala z \u0142atwo\u015bci\u0105 zamontowa\u0107 dodatkowe akcesoria, takie jak mikrofon czy o\u015bwietlenie, a mocowanie Arca-Swiss oraz otw\u00f3r 1\/4&#8243; gwarantuj\u0105 szerok\u0105 kompatybilno\u015b\u0107. Mo\u017cesz tak\u017ce szybko i bezpiecznie zmienia\u0107 po\u0142o\u017cenie p\u0142ytki monta\u017cowej. Jak widzisz \u2013 zadbano o ka\u017cdy detal!<\/p>\n<p><img decoding=\"async\" src=\"https:\/\/b2b.innpro.pl\/data\/include\/cms\/PGYTECH\/P-CG-080\/6.jpg\"><\/p>\n<h3>Konstrukcja, kt\u00f3ra Ci\u0119 zachwyci<\/h3>\n<p>Zapewnij swojemu sprz\u0119towi najwy\u017cszy poziom bezpiecze\u0144stwa. Statyw PGYTECH wykonano ze stopu aluminium oraz z nylonu, kt\u00f3ry wzmocniono w\u0142\u00f3knem szklanym. N\u00f3\u017cki modelu MantisPod 2.0 wykonano z antypo\u015blizgowego materia\u0142u. Zastosowane rozwi\u0105zania sprawi\u0142y, \u017ce statyw wyr\u00f3\u017cnia si\u0119 du\u017c\u0105 wytrzyma\u0142o\u015bci\u0105, jest niezwykle stabilny i mo\u017ce znie\u015b\u0107 ud\u017awig do 2 kg. Waga produktu wynosi jedynie 305 g, co w po\u0142\u0105czeniu ze sk\u0142adan\u0105 konstrukcj\u0105 pozwala na schowanie go do torby czy plecaka i umo\u017cliwia wygodny transport. Miej MantisPod 2.0 zawsze przy sobie i tw\u00f3rz wyj\u0105tkowe materia\u0142y w dowolnym miejscu!<\/p>\n<p><img decoding=\"async\" src=\"https:\/\/b2b.innpro.pl\/data\/include\/cms\/PGYTECH\/P-CG-080\/4.jpg\"><\/p>\n<h3>W zestawie:<\/h3>\n<ul>\n<li>Statyw MantisPod 2.0 x1<\/li>\n<li>Baza monta\u017cowa x1<\/li>\n<li>Instrukcja obs\u0142ugi x1<\/li>\n<\/ul>\n<div class=\"table-wrapper\">\n<table>\n<tbody>\n<tr>\n<th>Producent<\/th>\n<td>PGYTECH<\/td>\n<\/tr>\n<tr>\n<th>Nazwa<\/th>\n<td>MantisPod 2.0<\/td>\n<\/tr>\n<tr>\n<th>Model<\/th>\n<td>P-CG-080<\/td>\n<\/tr>\n<tr>\n<th>Materia\u0142<\/th>\n<td>Stopy aluminium, nylon z w\u0142\u00f3knem szklanym<\/td>\n<\/tr>\n<tr>\n<th>Waga<\/th>\n<td>305 g<\/td>\n<\/tr>\n<tr>\n<th>Wysoko\u015b\u0107<\/th>\n<td>Podwy\u017cszony tripod: 210 mm; <br \/>Obni\u017cony tripod: 130 mm;<\/td>\n<\/tr>\n<tr>\n<th>Maks. obci\u0105\u017cenie<\/th>\n<td>2 kg<\/td>\n<\/tr>\n<tr>\n<th>Wymiary z\u0142o\u017conego statywu<\/th>\n<td>195 x 42 x 115 mm<\/td>\n<\/tr>\n<tr>\n<th>Grubo\u015b\u0107 powierzchni do powieszenia statywu w trybie Mantis<\/th>\n<td>Do 90 mm<\/td>\n<\/tr>\n<tr>\n<th>Tryby<\/th>\n<td>Mantis, High-angle, Low-angle, Handheld, Briefcase i Portrait<\/td>\n<\/tr>\n<tr>\n<th>Kompatybilno\u015b\u0107<\/th>\n<td>Aparaty, kamery i telefony o maksymalnej wadze 2 kg<\/td>\n<\/tr>\n<tr>\n<th>Kolor<\/th>\n<td>Czarny<\/td>\n<\/tr>\n<\/tbody>\n<\/table>\n<\/div>\n","protected":false},"excerpt":{"rendered":"<p>Profesjonalny statyw PGYTECH MantisPod 2.0 (Czarny) Innowacyjny statyw MantisPod 2.0 to niezb\u0119dnik ka\u017cdego vlogera! Dzi\u0119ki wielu trybom pracy mo\u017cesz zmaterializowa\u0107<\/p>\n","protected":false},"featured_media":24072,"comment_status":"closed","ping_status":"open","template":"","meta":{"_acf_changed":false},"product_brand":[],"product_cat":[1128,1139,1140,1141,1138],"product_tag":[],"class_list":{"0":"post-24071","1":"product","2":"type-product","3":"status-publish","4":"has-post-thumbnail","6":"product_cat-foto-wideo","7":"product_cat-selfie-stick","8":"product_cat-statywy","9":"product_cat-uchwyty-do-mocowania-kamer-i-aparatow","10":"product_cat-wysiegniki","11":"pa_box-height-1976","12":"pa_box-length-1345","13":"pa_box-width-3726","14":"pa_gross-weight-2676","15":"pa_hs-code-1983","16":"pa_net-weight-3725","17":"pa_przeznaczenie-do-kamer","18":"pa_z-wbudowanym-oswietleniem-nie","20":"first","21":"outofstock","22":"taxable","23":"shipping-taxable","24":"purchasable","25":"product-type-simple"},"acf":[],"yoast_head":"<!-- This site is optimized with the Yoast SEO plugin v27.2 - https:\/\/yoast.com\/product\/yoast-seo-wordpress\/ -->\n<title>Profesjonalny statyw PGYTECH MANTISPOD 2.0 (Czarny) - IRONSKY.PL Sklep z Dronami<\/title>\n<meta name=\"description\" content=\"Profesjonalny statyw PGYTECH MANTISPOD 2.0 (Czarny) - \u2705 sklep z dronami i fachowym doradztwem. \u2705 Tutaj kupisz produkty DJI, Yuneec, Parrot, Syma i wiele innych, a tak\u017ce kursy i licencje na operatora drona.\" \/>\n<meta name=\"robots\" content=\"index, follow, max-snippet:-1, max-image-preview:large, max-video-preview:-1\" \/>\n<link rel=\"canonical\" href=\"https:\/\/ironsky.pl\/sklep\/produkt\/profesjonalny-statyw-pgytech-mantispod-2-0-czarny\/\" \/>\n<meta property=\"og:locale\" content=\"pl_PL\" \/>\n<meta property=\"og:type\" content=\"article\" \/>\n<meta property=\"og:title\" content=\"Profesjonalny statyw PGYTECH MANTISPOD 2.0 (Czarny) - IRONSKY.PL Sklep z Dronami\" \/>\n<meta property=\"og:description\" content=\"Profesjonalny statyw PGYTECH MANTISPOD 2.0 (Czarny) - \u2705 sklep z dronami i fachowym doradztwem. \u2705 Tutaj kupisz produkty DJI, Yuneec, Parrot, Syma i wiele innych, a tak\u017ce kursy i licencje na operatora drona.\" \/>\n<meta property=\"og:url\" content=\"https:\/\/ironsky.pl\/sklep\/produkt\/profesjonalny-statyw-pgytech-mantispod-2-0-czarny\/\" \/>\n<meta property=\"og:site_name\" content=\"IRONSKY.PL Sklep z Dronami\" \/>\n<meta property=\"article:modified_time\" content=\"2026-03-05T14:50:54+00:00\" \/>\n<meta property=\"og:image\" content=\"https:\/\/ironsky.pl\/sklep\/wp-content\/uploads\/2024\/09\/27258_1.jpg\" \/>\n\t<meta property=\"og:image:width\" content=\"800\" \/>\n\t<meta property=\"og:image:height\" content=\"800\" \/>\n\t<meta property=\"og:image:type\" content=\"image\/jpeg\" \/>\n<meta name=\"twitter:card\" content=\"summary_large_image\" \/>\n<meta name=\"twitter:label1\" content=\"Szacowany czas czytania\" \/>\n\t<meta name=\"twitter:data1\" content=\"3 minuty\" \/>\n<script type=\"application\/ld+json\" class=\"yoast-schema-graph\">{\"@context\":\"https:\/\/schema.org\",\"@graph\":[{\"@type\":\"WebPage\",\"@id\":\"https:\/\/ironsky.pl\/sklep\/produkt\/profesjonalny-statyw-pgytech-mantispod-2-0-czarny\/\",\"url\":\"https:\/\/ironsky.pl\/sklep\/produkt\/profesjonalny-statyw-pgytech-mantispod-2-0-czarny\/\",\"name\":\"Profesjonalny statyw PGYTECH MANTISPOD 2.0 (Czarny) - IRONSKY.PL Sklep z Dronami\",\"isPartOf\":{\"@id\":\"https:\/\/ironsky.pl\/sklep\/#website\"},\"primaryImageOfPage\":{\"@id\":\"https:\/\/ironsky.pl\/sklep\/produkt\/profesjonalny-statyw-pgytech-mantispod-2-0-czarny\/#primaryimage\"},\"image\":{\"@id\":\"https:\/\/ironsky.pl\/sklep\/produkt\/profesjonalny-statyw-pgytech-mantispod-2-0-czarny\/#primaryimage\"},\"thumbnailUrl\":\"https:\/\/ironsky.pl\/sklep\/wp-content\/uploads\/2024\/09\/27258_1.jpg\",\"datePublished\":\"2024-09-16T16:59:23+00:00\",\"dateModified\":\"2026-03-05T14:50:54+00:00\",\"description\":\"Profesjonalny statyw PGYTECH MANTISPOD 2.0 (Czarny) - \u2705 sklep z dronami i fachowym doradztwem. \u2705 Tutaj kupisz produkty DJI, Yuneec, Parrot, Syma i wiele innych, a tak\u017ce kursy i licencje na operatora drona.\",\"breadcrumb\":{\"@id\":\"https:\/\/ironsky.pl\/sklep\/produkt\/profesjonalny-statyw-pgytech-mantispod-2-0-czarny\/#breadcrumb\"},\"inLanguage\":\"pl-PL\",\"potentialAction\":[{\"@type\":\"ReadAction\",\"target\":[\"https:\/\/ironsky.pl\/sklep\/produkt\/profesjonalny-statyw-pgytech-mantispod-2-0-czarny\/\"]}]},{\"@type\":\"ImageObject\",\"inLanguage\":\"pl-PL\",\"@id\":\"https:\/\/ironsky.pl\/sklep\/produkt\/profesjonalny-statyw-pgytech-mantispod-2-0-czarny\/#primaryimage\",\"url\":\"https:\/\/ironsky.pl\/sklep\/wp-content\/uploads\/2024\/09\/27258_1.jpg\",\"contentUrl\":\"https:\/\/ironsky.pl\/sklep\/wp-content\/uploads\/2024\/09\/27258_1.jpg\",\"width\":800,\"height\":800},{\"@type\":\"BreadcrumbList\",\"@id\":\"https:\/\/ironsky.pl\/sklep\/produkt\/profesjonalny-statyw-pgytech-mantispod-2-0-czarny\/#breadcrumb\",\"itemListElement\":[{\"@type\":\"ListItem\",\"position\":1,\"name\":\"Strona g\u0142\u00f3wna\",\"item\":\"https:\/\/ironsky.pl\/sklep\/\"},{\"@type\":\"ListItem\",\"position\":2,\"name\":\"Wszystkie produkty\",\"item\":\"https:\/\/ironsky.pl\/sklep\/produkty\/\"},{\"@type\":\"ListItem\",\"position\":3,\"name\":\"Profesjonalny statyw PGYTECH MANTISPOD 2.0 (Czarny)\"}]},{\"@type\":\"WebSite\",\"@id\":\"https:\/\/ironsky.pl\/sklep\/#website\",\"url\":\"https:\/\/ironsky.pl\/sklep\/\",\"name\":\"IRONSKY.PL Sklep z Dronami\",\"description\":\"IRONSKY.PL Sklep z Dronami\",\"potentialAction\":[{\"@type\":\"SearchAction\",\"target\":{\"@type\":\"EntryPoint\",\"urlTemplate\":\"https:\/\/ironsky.pl\/sklep\/?s={search_term_string}\"},\"query-input\":{\"@type\":\"PropertyValueSpecification\",\"valueRequired\":true,\"valueName\":\"search_term_string\"}}],\"inLanguage\":\"pl-PL\"}]}<\/script>\n<!-- \/ Yoast SEO plugin. -->","yoast_head_json":{"title":"Profesjonalny statyw PGYTECH MANTISPOD 2.0 (Czarny) - IRONSKY.PL Sklep z Dronami","description":"Profesjonalny statyw PGYTECH MANTISPOD 2.0 (Czarny) - \u2705 sklep z dronami i fachowym doradztwem. \u2705 Tutaj kupisz produkty DJI, Yuneec, Parrot, Syma i wiele innych, a tak\u017ce kursy i licencje na operatora drona.","robots":{"index":"index","follow":"follow","max-snippet":"max-snippet:-1","max-image-preview":"max-image-preview:large","max-video-preview":"max-video-preview:-1"},"canonical":"https:\/\/ironsky.pl\/sklep\/produkt\/profesjonalny-statyw-pgytech-mantispod-2-0-czarny\/","og_locale":"pl_PL","og_type":"article","og_title":"Profesjonalny statyw PGYTECH MANTISPOD 2.0 (Czarny) - IRONSKY.PL Sklep z Dronami","og_description":"Profesjonalny statyw PGYTECH MANTISPOD 2.0 (Czarny) - \u2705 sklep z dronami i fachowym doradztwem. \u2705 Tutaj kupisz produkty DJI, Yuneec, Parrot, Syma i wiele innych, a tak\u017ce kursy i licencje na operatora drona.","og_url":"https:\/\/ironsky.pl\/sklep\/produkt\/profesjonalny-statyw-pgytech-mantispod-2-0-czarny\/","og_site_name":"IRONSKY.PL Sklep z Dronami","article_modified_time":"2026-03-05T14:50:54+00:00","og_image":[{"width":800,"height":800,"url":"https:\/\/ironsky.pl\/sklep\/wp-content\/uploads\/2024\/09\/27258_1.jpg","type":"image\/jpeg"}],"twitter_card":"summary_large_image","twitter_misc":{"Szacowany czas czytania":"3 minuty"},"schema":{"@context":"https:\/\/schema.org","@graph":[{"@type":"WebPage","@id":"https:\/\/ironsky.pl\/sklep\/produkt\/profesjonalny-statyw-pgytech-mantispod-2-0-czarny\/","url":"https:\/\/ironsky.pl\/sklep\/produkt\/profesjonalny-statyw-pgytech-mantispod-2-0-czarny\/","name":"Profesjonalny statyw PGYTECH MANTISPOD 2.0 (Czarny) - IRONSKY.PL Sklep z Dronami","isPartOf":{"@id":"https:\/\/ironsky.pl\/sklep\/#website"},"primaryImageOfPage":{"@id":"https:\/\/ironsky.pl\/sklep\/produkt\/profesjonalny-statyw-pgytech-mantispod-2-0-czarny\/#primaryimage"},"image":{"@id":"https:\/\/ironsky.pl\/sklep\/produkt\/profesjonalny-statyw-pgytech-mantispod-2-0-czarny\/#primaryimage"},"thumbnailUrl":"https:\/\/ironsky.pl\/sklep\/wp-content\/uploads\/2024\/09\/27258_1.jpg","datePublished":"2024-09-16T16:59:23+00:00","dateModified":"2026-03-05T14:50:54+00:00","description":"Profesjonalny statyw PGYTECH MANTISPOD 2.0 (Czarny) - \u2705 sklep z dronami i fachowym doradztwem. \u2705 Tutaj kupisz produkty DJI, Yuneec, Parrot, Syma i wiele innych, a tak\u017ce kursy i licencje na operatora drona.","breadcrumb":{"@id":"https:\/\/ironsky.pl\/sklep\/produkt\/profesjonalny-statyw-pgytech-mantispod-2-0-czarny\/#breadcrumb"},"inLanguage":"pl-PL","potentialAction":[{"@type":"ReadAction","target":["https:\/\/ironsky.pl\/sklep\/produkt\/profesjonalny-statyw-pgytech-mantispod-2-0-czarny\/"]}]},{"@type":"ImageObject","inLanguage":"pl-PL","@id":"https:\/\/ironsky.pl\/sklep\/produkt\/profesjonalny-statyw-pgytech-mantispod-2-0-czarny\/#primaryimage","url":"https:\/\/ironsky.pl\/sklep\/wp-content\/uploads\/2024\/09\/27258_1.jpg","contentUrl":"https:\/\/ironsky.pl\/sklep\/wp-content\/uploads\/2024\/09\/27258_1.jpg","width":800,"height":800},{"@type":"BreadcrumbList","@id":"https:\/\/ironsky.pl\/sklep\/produkt\/profesjonalny-statyw-pgytech-mantispod-2-0-czarny\/#breadcrumb","itemListElement":[{"@type":"ListItem","position":1,"name":"Strona g\u0142\u00f3wna","item":"https:\/\/ironsky.pl\/sklep\/"},{"@type":"ListItem","position":2,"name":"Wszystkie produkty","item":"https:\/\/ironsky.pl\/sklep\/produkty\/"},{"@type":"ListItem","position":3,"name":"Profesjonalny statyw PGYTECH MANTISPOD 2.0 (Czarny)"}]},{"@type":"WebSite","@id":"https:\/\/ironsky.pl\/sklep\/#website","url":"https:\/\/ironsky.pl\/sklep\/","name":"IRONSKY.PL Sklep z Dronami","description":"IRONSKY.PL Sklep z Dronami","potentialAction":[{"@type":"SearchAction","target":{"@type":"EntryPoint","urlTemplate":"https:\/\/ironsky.pl\/sklep\/?s={search_term_string}"},"query-input":{"@type":"PropertyValueSpecification","valueRequired":true,"valueName":"search_term_string"}}],"inLanguage":"pl-PL"}]}},"_links":{"self":[{"href":"https:\/\/ironsky.pl\/sklep\/wp-json\/wp\/v2\/product\/24071","targetHints":{"allow":["GET"]}}],"collection":[{"href":"https:\/\/ironsky.pl\/sklep\/wp-json\/wp\/v2\/product"}],"about":[{"href":"https:\/\/ironsky.pl\/sklep\/wp-json\/wp\/v2\/types\/product"}],"replies":[{"embeddable":true,"href":"https:\/\/ironsky.pl\/sklep\/wp-json\/wp\/v2\/comments?post=24071"}],"wp:featuredmedia":[{"embeddable":true,"href":"https:\/\/ironsky.pl\/sklep\/wp-json\/wp\/v2\/media\/24072"}],"wp:attachment":[{"href":"https:\/\/ironsky.pl\/sklep\/wp-json\/wp\/v2\/media?parent=24071"}],"wp:term":[{"taxonomy":"product_brand","embeddable":true,"href":"https:\/\/ironsky.pl\/sklep\/wp-json\/wp\/v2\/product_brand?post=24071"},{"taxonomy":"product_cat","embeddable":true,"href":"https:\/\/ironsky.pl\/sklep\/wp-json\/wp\/v2\/product_cat?post=24071"},{"taxonomy":"product_tag","embeddable":true,"href":"https:\/\/ironsky.pl\/sklep\/wp-json\/wp\/v2\/product_tag?post=24071"}],"curies":[{"name":"wp","href":"https:\/\/api.w.org\/{rel}","templated":true}]}}