{"id":23943,"date":"2024-09-16T18:56:12","date_gmt":"2024-09-16T16:56:12","guid":{"rendered":"http:\/\/gvshalph.pro-linuxpl.com\/ironskyprodukty\/produkt\/uniwersalne-mocowanie-1-4-telesin-do-kamer-sportowych-gp-tpm-t03\/"},"modified":"2026-05-14T07:48:25","modified_gmt":"2026-05-14T05:48:25","slug":"uniwersalne-mocowanie-1-4-telesin-do-kamer-sportowych-gp-tpm-t03","status":"publish","type":"product","link":"https:\/\/ironsky.pl\/sklep\/produkt\/uniwersalne-mocowanie-1-4-telesin-do-kamer-sportowych-gp-tpm-t03\/","title":{"rendered":"Uniwersalne mocowanie 1\/4&#8243; Telesin do kamer sportowych (GP-TPM-T03)"},"content":{"rendered":"<h3>Uniwersalne mocowanie 1\/4&#8243; Telesin do kamer sportowych<\/h3>\n<p>Adapter statywowy Telesin 1\/4&#8221; jest przeznaczony do kamer sportowych GoPro, DJI, SJCAM, Xiaomi, YI i EKEN. Umo\u017cliwia wyposa\u017cenie kamery w r\u00f3\u017cne rodzaje mocowa\u0144, statyw\u00f3w, selfie stick\u00f3w czy innych akcesori\u00f3w. Rozszerz funkcjonalno\u015b\u0107 swojego urz\u0105dzenia, zapewniaj\u0105c sobie wi\u0119cej mo\u017cliwo\u015bci!<\/p>\n<p><img decoding=\"async\" src=\"https:\/\/b2b.innpro.pl\/data\/include\/cms\/Telesin\/GP-TPM-T03\/1.jpg\"><\/p>\n<div class=\"table-wrapper\">\n<table>\n<tbody>\n<tr>\n<th>Producent<\/th>\n<td>Telesin<\/td>\n<\/tr>\n<tr>\n<th>Model<\/th>\n<td>GP-TPM-T03<\/td>\n<\/tr>\n<tr>\n<th>Wymiar gwintu<\/th>\n<td>1\/4\u201d<\/td>\n<\/tr>\n<tr>\n<th>Przeznaczenie<\/th>\n<td>Kamery sportowe (GoPro, DJI, SJCAM, Xiaomi, YI, EKEN)<\/td>\n<\/tr>\n<\/tbody>\n<\/table>\n<\/div>\n","protected":false},"excerpt":{"rendered":"<p>Uniwersalne mocowanie 1\/4&#8243; Telesin do kamer sportowych Adapter statywowy Telesin 1\/4&#8221; jest przeznaczony do kamer sportowych GoPro, DJI, SJCAM, Xiaomi,<\/p>\n","protected":false},"featured_media":23944,"comment_status":"closed","ping_status":"open","template":"","meta":{"_acf_changed":false},"product_brand":[],"product_cat":[1128,1139,1140,1141,1138],"product_tag":[],"class_list":{"0":"post-23943","1":"product","2":"type-product","3":"status-publish","4":"has-post-thumbnail","6":"product_cat-foto-wideo","7":"product_cat-selfie-stick","8":"product_cat-statywy","9":"product_cat-uchwyty-do-mocowania-kamer-i-aparatow","10":"product_cat-wysiegniki","11":"pa_box-height-1446","12":"pa_box-length-2315","13":"pa_box-width-2179","14":"pa_gross-weight-3085","15":"pa_hs-code-1775","16":"pa_kompatybilnosc-mocowania-i-adaptery","17":"pa_model-action","18":"pa_net-weight-1654","19":"pa_przeznaczenie-do-kamer","20":"pa_rodzaj-mocowanie","21":"pa_seria-action-dji-osmo-action-4-dji-osmo-action-3","23":"first","24":"outofstock","25":"taxable","26":"shipping-taxable","27":"purchasable","28":"product-type-simple"},"acf":[],"yoast_head":"<!-- This site is optimized with the Yoast SEO plugin v27.2 - https:\/\/yoast.com\/product\/yoast-seo-wordpress\/ -->\n<title>Uniwersalne mocowanie 1\/4&quot; Telesin do kamer sportowych (GP-TPM-T03) - IRONSKY.PL Sklep z Dronami<\/title>\n<meta name=\"description\" content=\"Uniwersalne mocowanie 1\/4&quot; Telesin do kamer sportowych (GP-TPM-T03) - \u2705 sklep z dronami i fachowym doradztwem. \u2705 Tutaj kupisz produkty DJI, Yuneec, Parrot, Syma i wiele innych, a tak\u017ce kursy i licencje na operatora drona.\" \/>\n<meta name=\"robots\" content=\"index, follow, max-snippet:-1, max-image-preview:large, max-video-preview:-1\" \/>\n<link rel=\"canonical\" href=\"https:\/\/ironsky.pl\/sklep\/produkt\/uniwersalne-mocowanie-1-4-telesin-do-kamer-sportowych-gp-tpm-t03\/\" \/>\n<meta property=\"og:locale\" content=\"pl_PL\" \/>\n<meta property=\"og:type\" content=\"article\" \/>\n<meta property=\"og:title\" content=\"Uniwersalne mocowanie 1\/4&quot; Telesin do kamer sportowych (GP-TPM-T03) - IRONSKY.PL Sklep z Dronami\" \/>\n<meta property=\"og:description\" content=\"Uniwersalne mocowanie 1\/4&quot; Telesin do kamer sportowych (GP-TPM-T03) - \u2705 sklep z dronami i fachowym doradztwem. \u2705 Tutaj kupisz produkty DJI, Yuneec, Parrot, Syma i wiele innych, a tak\u017ce kursy i licencje na operatora drona.\" \/>\n<meta property=\"og:url\" content=\"https:\/\/ironsky.pl\/sklep\/produkt\/uniwersalne-mocowanie-1-4-telesin-do-kamer-sportowych-gp-tpm-t03\/\" \/>\n<meta property=\"og:site_name\" content=\"IRONSKY.PL Sklep z Dronami\" \/>\n<meta property=\"article:modified_time\" content=\"2026-05-14T05:48:25+00:00\" \/>\n<meta property=\"og:image\" content=\"https:\/\/ironsky.pl\/sklep\/wp-content\/uploads\/2024\/09\/25730_1.jpg\" \/>\n\t<meta property=\"og:image:width\" content=\"800\" \/>\n\t<meta property=\"og:image:height\" content=\"800\" \/>\n\t<meta property=\"og:image:type\" content=\"image\/jpeg\" \/>\n<meta name=\"twitter:card\" content=\"summary_large_image\" \/>\n<script type=\"application\/ld+json\" class=\"yoast-schema-graph\">{\"@context\":\"https:\/\/schema.org\",\"@graph\":[{\"@type\":\"WebPage\",\"@id\":\"https:\/\/ironsky.pl\/sklep\/produkt\/uniwersalne-mocowanie-1-4-telesin-do-kamer-sportowych-gp-tpm-t03\/\",\"url\":\"https:\/\/ironsky.pl\/sklep\/produkt\/uniwersalne-mocowanie-1-4-telesin-do-kamer-sportowych-gp-tpm-t03\/\",\"name\":\"Uniwersalne mocowanie 1\/4\\\" Telesin do kamer sportowych (GP-TPM-T03) - IRONSKY.PL Sklep z Dronami\",\"isPartOf\":{\"@id\":\"https:\/\/ironsky.pl\/sklep\/#website\"},\"primaryImageOfPage\":{\"@id\":\"https:\/\/ironsky.pl\/sklep\/produkt\/uniwersalne-mocowanie-1-4-telesin-do-kamer-sportowych-gp-tpm-t03\/#primaryimage\"},\"image\":{\"@id\":\"https:\/\/ironsky.pl\/sklep\/produkt\/uniwersalne-mocowanie-1-4-telesin-do-kamer-sportowych-gp-tpm-t03\/#primaryimage\"},\"thumbnailUrl\":\"https:\/\/ironsky.pl\/sklep\/wp-content\/uploads\/2024\/09\/25730_1.jpg\",\"datePublished\":\"2024-09-16T16:56:12+00:00\",\"dateModified\":\"2026-05-14T05:48:25+00:00\",\"description\":\"Uniwersalne mocowanie 1\/4\\\" Telesin do kamer sportowych (GP-TPM-T03) - \u2705 sklep z dronami i fachowym doradztwem. \u2705 Tutaj kupisz produkty DJI, Yuneec, Parrot, Syma i wiele innych, a tak\u017ce kursy i licencje na operatora drona.\",\"breadcrumb\":{\"@id\":\"https:\/\/ironsky.pl\/sklep\/produkt\/uniwersalne-mocowanie-1-4-telesin-do-kamer-sportowych-gp-tpm-t03\/#breadcrumb\"},\"inLanguage\":\"pl-PL\",\"potentialAction\":[{\"@type\":\"ReadAction\",\"target\":[\"https:\/\/ironsky.pl\/sklep\/produkt\/uniwersalne-mocowanie-1-4-telesin-do-kamer-sportowych-gp-tpm-t03\/\"]}]},{\"@type\":\"ImageObject\",\"inLanguage\":\"pl-PL\",\"@id\":\"https:\/\/ironsky.pl\/sklep\/produkt\/uniwersalne-mocowanie-1-4-telesin-do-kamer-sportowych-gp-tpm-t03\/#primaryimage\",\"url\":\"https:\/\/ironsky.pl\/sklep\/wp-content\/uploads\/2024\/09\/25730_1.jpg\",\"contentUrl\":\"https:\/\/ironsky.pl\/sklep\/wp-content\/uploads\/2024\/09\/25730_1.jpg\",\"width\":800,\"height\":800},{\"@type\":\"BreadcrumbList\",\"@id\":\"https:\/\/ironsky.pl\/sklep\/produkt\/uniwersalne-mocowanie-1-4-telesin-do-kamer-sportowych-gp-tpm-t03\/#breadcrumb\",\"itemListElement\":[{\"@type\":\"ListItem\",\"position\":1,\"name\":\"Strona g\u0142\u00f3wna\",\"item\":\"https:\/\/ironsky.pl\/sklep\/\"},{\"@type\":\"ListItem\",\"position\":2,\"name\":\"Wszystkie produkty\",\"item\":\"https:\/\/ironsky.pl\/sklep\/produkty\/\"},{\"@type\":\"ListItem\",\"position\":3,\"name\":\"Uniwersalne mocowanie 1\/4&#8243; Telesin do kamer sportowych (GP-TPM-T03)\"}]},{\"@type\":\"WebSite\",\"@id\":\"https:\/\/ironsky.pl\/sklep\/#website\",\"url\":\"https:\/\/ironsky.pl\/sklep\/\",\"name\":\"IRONSKY.PL Sklep z Dronami\",\"description\":\"IRONSKY.PL Sklep z Dronami\",\"potentialAction\":[{\"@type\":\"SearchAction\",\"target\":{\"@type\":\"EntryPoint\",\"urlTemplate\":\"https:\/\/ironsky.pl\/sklep\/?s={search_term_string}\"},\"query-input\":{\"@type\":\"PropertyValueSpecification\",\"valueRequired\":true,\"valueName\":\"search_term_string\"}}],\"inLanguage\":\"pl-PL\"}]}<\/script>\n<!-- \/ Yoast SEO plugin. -->","yoast_head_json":{"title":"Uniwersalne mocowanie 1\/4\" Telesin do kamer sportowych (GP-TPM-T03) - IRONSKY.PL Sklep z Dronami","description":"Uniwersalne mocowanie 1\/4\" Telesin do kamer sportowych (GP-TPM-T03) - \u2705 sklep z dronami i fachowym doradztwem. \u2705 Tutaj kupisz produkty DJI, Yuneec, Parrot, Syma i wiele innych, a tak\u017ce kursy i licencje na operatora drona.","robots":{"index":"index","follow":"follow","max-snippet":"max-snippet:-1","max-image-preview":"max-image-preview:large","max-video-preview":"max-video-preview:-1"},"canonical":"https:\/\/ironsky.pl\/sklep\/produkt\/uniwersalne-mocowanie-1-4-telesin-do-kamer-sportowych-gp-tpm-t03\/","og_locale":"pl_PL","og_type":"article","og_title":"Uniwersalne mocowanie 1\/4\" Telesin do kamer sportowych (GP-TPM-T03) - IRONSKY.PL Sklep z Dronami","og_description":"Uniwersalne mocowanie 1\/4\" Telesin do kamer sportowych (GP-TPM-T03) - \u2705 sklep z dronami i fachowym doradztwem. \u2705 Tutaj kupisz produkty DJI, Yuneec, Parrot, Syma i wiele innych, a tak\u017ce kursy i licencje na operatora drona.","og_url":"https:\/\/ironsky.pl\/sklep\/produkt\/uniwersalne-mocowanie-1-4-telesin-do-kamer-sportowych-gp-tpm-t03\/","og_site_name":"IRONSKY.PL Sklep z Dronami","article_modified_time":"2026-05-14T05:48:25+00:00","og_image":[{"width":800,"height":800,"url":"https:\/\/ironsky.pl\/sklep\/wp-content\/uploads\/2024\/09\/25730_1.jpg","type":"image\/jpeg"}],"twitter_card":"summary_large_image","schema":{"@context":"https:\/\/schema.org","@graph":[{"@type":"WebPage","@id":"https:\/\/ironsky.pl\/sklep\/produkt\/uniwersalne-mocowanie-1-4-telesin-do-kamer-sportowych-gp-tpm-t03\/","url":"https:\/\/ironsky.pl\/sklep\/produkt\/uniwersalne-mocowanie-1-4-telesin-do-kamer-sportowych-gp-tpm-t03\/","name":"Uniwersalne mocowanie 1\/4\" Telesin do kamer sportowych (GP-TPM-T03) - IRONSKY.PL Sklep z Dronami","isPartOf":{"@id":"https:\/\/ironsky.pl\/sklep\/#website"},"primaryImageOfPage":{"@id":"https:\/\/ironsky.pl\/sklep\/produkt\/uniwersalne-mocowanie-1-4-telesin-do-kamer-sportowych-gp-tpm-t03\/#primaryimage"},"image":{"@id":"https:\/\/ironsky.pl\/sklep\/produkt\/uniwersalne-mocowanie-1-4-telesin-do-kamer-sportowych-gp-tpm-t03\/#primaryimage"},"thumbnailUrl":"https:\/\/ironsky.pl\/sklep\/wp-content\/uploads\/2024\/09\/25730_1.jpg","datePublished":"2024-09-16T16:56:12+00:00","dateModified":"2026-05-14T05:48:25+00:00","description":"Uniwersalne mocowanie 1\/4\" Telesin do kamer sportowych (GP-TPM-T03) - \u2705 sklep z dronami i fachowym doradztwem. \u2705 Tutaj kupisz produkty DJI, Yuneec, Parrot, Syma i wiele innych, a tak\u017ce kursy i licencje na operatora drona.","breadcrumb":{"@id":"https:\/\/ironsky.pl\/sklep\/produkt\/uniwersalne-mocowanie-1-4-telesin-do-kamer-sportowych-gp-tpm-t03\/#breadcrumb"},"inLanguage":"pl-PL","potentialAction":[{"@type":"ReadAction","target":["https:\/\/ironsky.pl\/sklep\/produkt\/uniwersalne-mocowanie-1-4-telesin-do-kamer-sportowych-gp-tpm-t03\/"]}]},{"@type":"ImageObject","inLanguage":"pl-PL","@id":"https:\/\/ironsky.pl\/sklep\/produkt\/uniwersalne-mocowanie-1-4-telesin-do-kamer-sportowych-gp-tpm-t03\/#primaryimage","url":"https:\/\/ironsky.pl\/sklep\/wp-content\/uploads\/2024\/09\/25730_1.jpg","contentUrl":"https:\/\/ironsky.pl\/sklep\/wp-content\/uploads\/2024\/09\/25730_1.jpg","width":800,"height":800},{"@type":"BreadcrumbList","@id":"https:\/\/ironsky.pl\/sklep\/produkt\/uniwersalne-mocowanie-1-4-telesin-do-kamer-sportowych-gp-tpm-t03\/#breadcrumb","itemListElement":[{"@type":"ListItem","position":1,"name":"Strona g\u0142\u00f3wna","item":"https:\/\/ironsky.pl\/sklep\/"},{"@type":"ListItem","position":2,"name":"Wszystkie produkty","item":"https:\/\/ironsky.pl\/sklep\/produkty\/"},{"@type":"ListItem","position":3,"name":"Uniwersalne mocowanie 1\/4&#8243; Telesin do kamer sportowych (GP-TPM-T03)"}]},{"@type":"WebSite","@id":"https:\/\/ironsky.pl\/sklep\/#website","url":"https:\/\/ironsky.pl\/sklep\/","name":"IRONSKY.PL Sklep z Dronami","description":"IRONSKY.PL Sklep z Dronami","potentialAction":[{"@type":"SearchAction","target":{"@type":"EntryPoint","urlTemplate":"https:\/\/ironsky.pl\/sklep\/?s={search_term_string}"},"query-input":{"@type":"PropertyValueSpecification","valueRequired":true,"valueName":"search_term_string"}}],"inLanguage":"pl-PL"}]}},"_links":{"self":[{"href":"https:\/\/ironsky.pl\/sklep\/wp-json\/wp\/v2\/product\/23943","targetHints":{"allow":["GET"]}}],"collection":[{"href":"https:\/\/ironsky.pl\/sklep\/wp-json\/wp\/v2\/product"}],"about":[{"href":"https:\/\/ironsky.pl\/sklep\/wp-json\/wp\/v2\/types\/product"}],"replies":[{"embeddable":true,"href":"https:\/\/ironsky.pl\/sklep\/wp-json\/wp\/v2\/comments?post=23943"}],"wp:featuredmedia":[{"embeddable":true,"href":"https:\/\/ironsky.pl\/sklep\/wp-json\/wp\/v2\/media\/23944"}],"wp:attachment":[{"href":"https:\/\/ironsky.pl\/sklep\/wp-json\/wp\/v2\/media?parent=23943"}],"wp:term":[{"taxonomy":"product_brand","embeddable":true,"href":"https:\/\/ironsky.pl\/sklep\/wp-json\/wp\/v2\/product_brand?post=23943"},{"taxonomy":"product_cat","embeddable":true,"href":"https:\/\/ironsky.pl\/sklep\/wp-json\/wp\/v2\/product_cat?post=23943"},{"taxonomy":"product_tag","embeddable":true,"href":"https:\/\/ironsky.pl\/sklep\/wp-json\/wp\/v2\/product_tag?post=23943"}],"curies":[{"name":"wp","href":"https:\/\/api.w.org\/{rel}","templated":true}]}}