{"id":23924,"date":"2024-09-16T18:56:12","date_gmt":"2024-09-16T16:56:12","guid":{"rendered":"http:\/\/gvshalph.pro-linuxpl.com\/ironskyprodukty\/produkt\/bezprzewodowy-system-transmisji-audio-dji-mic\/"},"modified":"2026-03-05T15:50:49","modified_gmt":"2026-03-05T14:50:49","slug":"bezprzewodowy-system-transmisji-audio-dji-mic","status":"publish","type":"product","link":"https:\/\/ironsky.pl\/sklep\/produkt\/bezprzewodowy-system-transmisji-audio-dji-mic\/","title":{"rendered":"Bezprzewodowy system transmisji audio DJI Mic"},"content":{"rendered":"<h3>Bezprzewodowy system transmisji audio DJI Mic<\/h3>\n<p>Nagrywaj doskona\u0142ej jako\u015bci d\u017awi\u0119k niemal w ka\u017cdej sytuacji. Bezprzewodowy system transmisji audio DJI Mic zapewni Ci krystalicznie czyste, naturalne brzmienie i wysok\u0105 odporno\u015b\u0107 na zak\u0142\u00f3cenia. Gwarantuje bezprzewodow\u0105 transmisj\u0119 do 250 m i oferuje do 14 godzin wbudowanej pami\u0119ci. Jego czas pracy si\u0119ga 15 godzin (z etui \u0142aduj\u0105cym). Produkt wyr\u00f3\u017cnia si\u0119 tak\u017ce szerok\u0105 kompatybilno\u015bci\u0105 i lekk\u0105, przeno\u015bn\u0105 konstrukcj\u0105. Umo\u017cliwia nagrywanie 2-kana\u0142owe &#8211; \u015bwietnie nada si\u0119 r\u00f3wnie\u017c do rejestrowania wywiad\u00f3w. W sk\u0142ad zestawu wchodz\u0105 2 nadajniki, odbiornik oraz etui \u0142aduj\u0105ce.<\/p>\n<p><img decoding=\"async\" src=\"https:\/\/b2b.innpro.pl\/data\/include\/cms\/12DJI\/DJI-Mic\/8.jpg\" border=\"0\" alt=\"\" width=\"1100\" height=\"700\" \/><\/p>\n<h3>Wysoka jako\u015b\u0107 d\u017awi\u0119ku &#8211; 2-kana\u0142owe nagrywanie<\/h3>\n<p>Z DJI Mic mo\u017cesz profesjonalnie rejestrowa\u0107 d\u017awi\u0119k i cieszy\u0107 si\u0119 niemal nieograniczon\u0105 swobod\u0105 w procesie postprodukcji. Urz\u0105dzenie \u015bwietnie odwzorowuje tony w szerokim zakresie cz\u0119stotliwo\u015bci i wyr\u00f3\u017cnia si\u0119 wysok\u0105 wierno\u015bci\u0105 odtwarzania. Zapomnij o nieprzyjemnych zgrzytach i sztucznym, nienaturalnym brzmieniu! Co wi\u0119cej, dzi\u0119ki 2 nadajnikom w zestawie DJI Mic pozwala na nagrywanie 2-kana\u0142owe. Z powodzeniem wykorzystasz go podczas pracy nad wywiadem lub podcastem! Mo\u017cesz te\u017c nagra\u0107 ka\u017cdy kana\u0142 na oddzieln\u0105 \u015bcie\u017ck\u0119 lub po\u0142\u0105czy\u0107 je razem.<\/p>\n<p><img decoding=\"async\" src=\"https:\/\/b2b.innpro.pl\/data\/include\/cms\/12DJI\/DJI-Mic\/1.jpg\" border=\"0\" alt=\"\" width=\"1100\" height=\"700\" \/><\/p>\n<h3>Niezawodne po\u0142\u0105czenie bezprzewodowe<\/h3>\n<p>Teraz mo\u017cesz bez przeszk\u00f3d nagrywa\u0107 nawet w wyj\u0105tkowo z\u0142o\u017conych scenariuszach. DJI Mic pozwala cieszy\u0107 si\u0119 szybkim po\u0142\u0105czeniem bezprzewodowym o zasi\u0119gu do 250 m. Za jego niezawodno\u015b\u0107 odpowiada najnowsza technologia kodowania. Nie musisz te\u017c obawia\u0107 si\u0119 op\u00f3\u017anie\u0144 ani zak\u0142\u00f3ce\u0144. Ulepszony system transmisji i pasmo przenoszenia 2,4 GHz gwarantuj\u0105 stabilny przesy\u0142 nawet w takich miejscach jak biuro, dworzec kolejowy czy centrum handlowe. Uwolnij si\u0119 od kabli i zyskaj niemal nieograniczon\u0105 swobod\u0119!<\/p>\n<p><img decoding=\"async\" src=\"https:\/\/b2b.innpro.pl\/data\/include\/cms\/12DJI\/DJI-Mic\/11.jpg\" border=\"0\" alt=\"\" width=\"1100\" height=\"700\" \/><\/p>\n<h3>Praktyczne etui \u0142aduj\u0105ce<\/h3>\n<p>Wygodne \u0142adowanie i przechowywanie najwa\u017cniejszych urz\u0105dze\u0144? To mo\u017cliwe! W zestawie znajdziesz praktyczne etui, kt\u00f3re oferuje wystarczaj\u0105co du\u017co miejsca na odbiornik i oba nadajniki, a jednocze\u015bnie jest na tyle niewielkie, \u017ce bez problemu zmie\u015bcisz je w plecaku lub torbie. Umo\u017cliwia nie tylko \u0142adowanie urz\u0105dze\u0144, ale te\u017c ich bezpieczny transport. Dzi\u0119ki niemu mo\u017cesz tak\u017ce cieszy\u0107 si\u0119 szybkim, bezproblemowym parowaniem. Po przeprowadzeniu wst\u0119pnej konfiguracji nadajniki i odbiornik b\u0119d\u0105 automatycznie \u0142\u0105czy\u0107 si\u0119 z kamer\u0105 czy telefonem po wyj\u0119ciu z etui.<\/p>\n<p><img decoding=\"async\" src=\"https:\/\/b2b.innpro.pl\/data\/include\/cms\/12DJI\/DJI-Mic\/10.jpg\" border=\"0\" alt=\"\" width=\"1100\" height=\"700\" \/><\/p>\n<h3>Nagrywaj tak d\u0142ugo, jak potrzebujesz<\/h3>\n<p>DJI Mic pozwoli Ci pracowa\u0107 tak d\u0142ugo, jak potrzebujesz. Wchodz\u0105cy w sk\u0142ad zestawu odbiornik b\u0119dzie Ci s\u0142u\u017cy\u0107 nawet przez 5 godzin na jednym \u0142adowaniu, a nadajniki przez oko\u0142o 5,5 godziny. Ponadto za pomoc\u0105 etui mo\u017cesz wyd\u0142u\u017cy\u0107 ten czas do 15 godzin! Chcesz sprawdzi\u0107 poziom na\u0142adowania urz\u0105dze\u0144? Wystarczy, \u017ce zerkniesz na ekran dotykowy odbiornika, kt\u00f3ry pozwala te\u017c wygodnie zmienia\u0107 kana\u0142, dostosowywa\u0107 ustawienia i korzysta\u0107 z r\u00f3\u017cnych funkcji. Co wi\u0119cej, oba nadajniki oferuj\u0105 do 14 godzin pami\u0119ci wewn\u0119trznej, mo\u017cesz wi\u0119c bez obaw nagrywa\u0107 swoje materia\u0142y.<\/p>\n<p><img decoding=\"async\" src=\"https:\/\/b2b.innpro.pl\/data\/include\/cms\/12DJI\/DJI-Mic\/6.jpg\" border=\"0\" alt=\"\" width=\"1100\" height=\"700\" \/><\/p>\n<h3>Szeroka kompatybilno\u015b\u0107<\/h3>\n<p>Na co dzie\u0144 korzystasz z kilku urz\u0105dze\u0144 wyposa\u017conych w r\u00f3\u017cne porty? \u017baden problem &#8211; DJI Mic b\u0119dzie do nich pasowa\u0107! Wchodz\u0105cy w sk\u0142ad zestawu odbiornik zosta\u0142 wyposa\u017cony w interfejsy USB-C, Lightning i TRS 3,5 mm, co oznacza, \u017ce jest kompatybilny z wi\u0119kszo\u015bci\u0105 popularnych modeli kamer, smartfon\u00f3w czy laptop\u00f3w. Urz\u0105dzenie jest te\u017c niezwykle proste w monta\u017cu. Za pomoc\u0105 adaptera gor\u0105ca stopka bez problemu przymocujesz je do lustrzanki cyfrowej (DSLR), aparatu bezlusterkowego lub uchwytu na telefon.<\/p>\n<p><img decoding=\"async\" src=\"https:\/\/b2b.innpro.pl\/data\/include\/cms\/12DJI\/DJI-Mic\/15.jpg\" border=\"0\" alt=\"\" width=\"1100\" height=\"700\" \/><\/p>\n<h3>Ciesz si\u0119 swobod\u0105<\/h3>\n<p>Uwolnij r\u0119ce i zyskaj wi\u0119ksz\u0105 swobod\u0119 podczas nagrywania. Ka\u017cdy nadajnik zosta\u0142 wyposa\u017cony w specjalny klips, za pomoc\u0105 kt\u00f3rego mo\u017cesz wygodnie przypi\u0105\u0107 go na przyk\u0142ad do koszulki lub p\u0142aszcza. W sk\u0142ad zestawu wchodz\u0105 te\u017c magnetyczne uchwyty, kt\u00f3re r\u00f3wnie\u017c umo\u017cliwiaj\u0105 przymocowanie urz\u0105dze\u0144 do ubrania. Transmitery s\u0105 przy tym wyj\u0105tkowo lekkie. Ka\u017cdy z nich wa\u017cy tylko oko\u0142o 30 g &#8211; nie obawiaj si\u0119, \u017ce b\u0119d\u0105 stanowi\u0107 nadmierne obci\u0105\u017cenie!<\/p>\n<p><img decoding=\"async\" src=\"https:\/\/b2b.innpro.pl\/data\/include\/cms\/12DJI\/DJI-Mic\/13.jpg\" border=\"0\" alt=\"\" width=\"1100\" height=\"700\" \/><\/p>\n<h3>Niezawodne dzia\u0142anie<\/h3>\n<p>DJI Mic sprosta ka\u017cdemu wyzwaniu, jakie przed nim postawisz. Nie zawiedzie Ci\u0119 w \u017cadnych warunkach. Wchodz\u0105ca w sk\u0142ad zestawu os\u0142ona przeciwwietrzna pozwoli uzyska\u0107 czysty d\u017awi\u0119k nawet w ha\u0142a\u015bliwym otoczeniu lub na dworze, a wielopoziomowa regulacja wzmocnienia w zakresie od -12 dB do 12 dB umo\u017cliwia znalezienie optymalnych ustawie\u0144 niemal w ka\u017cdej sytuacji. Na uwag\u0119 zas\u0142uguje tak\u017ce funkcja Safety Track. Aby da\u0107 Ci pewno\u015b\u0107, \u017ce w razie ewentualnych problem\u00f3w nie stracisz swoich materia\u0142\u00f3w, DJI Mic nagrywa dodatkow\u0105 \u015bcie\u017ck\u0119 o g\u0142o\u015bno\u015bci -6 dB, kt\u00f3ra stanowi kopi\u0119 zapasow\u0105.<\/p>\n<p><img decoding=\"async\" src=\"https:\/\/b2b.innpro.pl\/data\/include\/cms\/12DJI\/DJI-Mic\/2.jpg\" border=\"0\" alt=\"\" width=\"1100\" height=\"700\" \/><\/p>\n<h3>W zestawie<\/h3>\n<ul>\n<li>2x nadajnik<\/li>\n<li>Odbiornik<\/li>\n<li>Etui \u0142aduj\u0105ce<\/li>\n<li>Adapter gor\u0105cej stopki<\/li>\n<li>2x uchwyt magnetyczny<\/li>\n<li>Adapter lightning<\/li>\n<li>Adapter USB-C<\/li>\n<li>2x os\u0142ona na mikrofon<\/li>\n<li>Pokrowiec na mikrofon<\/li>\n<li>Kabel do \u0142adowania<\/li>\n<li>Kabel audio 3,5 mm TRS<\/li>\n<\/ul>\n<div class=\"table-wrapper\">\n<h1>Nadajnik<\/h1>\n<table>\n<tbody>\n<tr>\n<th>Model<\/th>\n<td>AST01<\/td>\n<\/tr>\n<tr>\n<th>Wymiary<\/th>\n<td>47,32 \u00d7 30,43 \u00d7 20,01 mm<\/td>\n<\/tr>\n<tr>\n<th>Waga<\/th>\n<td>30 g<\/td>\n<\/tr>\n<tr>\n<th>Zu\u017cycie energii<\/th>\n<td>200 mW<\/td>\n<\/tr>\n<tr>\n<th>Tryb bezprzewodowy<\/th>\n<td>GFSK 1 Mb\/s i 2 Mb\/s<\/td>\n<\/tr>\n<tr>\n<th>EIRP<\/th>\n<td>17,5 dBm<\/td>\n<\/tr>\n<tr>\n<th>Cz\u0119stotliwo\u015b\u0107 dzia\u0142ania<\/th>\n<td>2400-2483,5 MHz<\/td>\n<\/tr>\n<tr>\n<th>Typ akumulatora<\/th>\n<td>Lipo BHX211-320-3.85<\/td>\n<\/tr>\n<tr>\n<th>Pojemno\u015b\u0107 (mAh)<\/th>\n<td>320 mAh<\/td>\n<\/tr>\n<tr>\n<th>Pojemno\u015b\u0107 (Wh)<\/th>\n<td>1,233 Wh<\/td>\n<\/tr>\n<tr>\n<th>Napi\u0119cie akumulatora<\/th>\n<td>3,85 V<\/td>\n<\/tr>\n<tr>\n<th>Temperatura \u0142adowania<\/th>\n<td>5\u00b0C &#8211; 45\u00b0C<\/td>\n<\/tr>\n<tr>\n<th>Temperatura pracy<\/th>\n<td>-10\u00b0C &#8211; 45\u00b0C<\/td>\n<\/tr>\n<tr>\n<th>Czas \u0142adowania<\/th>\n<td>Ok. 1 h<\/td>\n<\/tr>\n<tr>\n<th>Czas pracy<\/th>\n<td>Ok. 5,5 h<\/td>\n<\/tr>\n<\/tbody>\n<\/table>\n<p><\/br><\/p>\n<h1>Odbiornik<\/h1>\n<table>\n<tbody>\n<tr>\n<th>Model<\/th>\n<td>ASR01<\/td>\n<\/tr>\n<tr>\n<th>Wymiary<\/th>\n<td>47,44 \u00d7 32,21 \u00d7 17,35 mm<\/td>\n<\/tr>\n<tr>\n<th>Waga<\/th>\n<td>24,9 g<\/td>\n<\/tr>\n<tr>\n<th>Zu\u017cycie energii<\/th>\n<td>200 mW<\/td>\n<\/tr>\n<tr>\n<th>Tryb bezprzewodowy<\/th>\n<td>GFSK 1 Mb\/s i 2 Mb\/s<\/td>\n<\/tr>\n<tr>\n<th>EIRP<\/th>\n<td>18,5 dBm<\/td>\n<\/tr>\n<tr>\n<th>Cz\u0119stotliwo\u015b\u0107 dzia\u0142ania<\/th>\n<td>2400-2483,5 MHz<\/td>\n<\/tr>\n<tr>\n<th>Typ akumulatora<\/th>\n<td>Lipo BHX211-320-3.85<\/td>\n<\/tr>\n<tr>\n<th>Pojemno\u015b\u0107 (mAh)<\/th>\n<td>320 mAh<\/td>\n<\/tr>\n<tr>\n<th>Pojemno\u015b\u0107 (Wh)<\/th>\n<td>1,23 Wh<\/td>\n<\/tr>\n<tr>\n<th>Napi\u0119cie akumulatora<\/th>\n<td>3,85 V<\/td>\n<\/tr>\n<tr>\n<th>Temperatura \u0142adowania<\/th>\n<td>5\u00b0C &#8211; 45\u00b0C<\/td>\n<\/tr>\n<tr>\n<th>Temperatura pracy<\/th>\n<td>-10\u00b0C &#8211; 45\u00b0C<\/td>\n<\/tr>\n<tr>\n<th>Czas \u0142adowania<\/th>\n<td>Ok. 1 h<\/td>\n<\/tr>\n<tr>\n<th>Czas pracy<\/th>\n<td>Ok. 5 h<\/td>\n<\/tr>\n<\/tbody>\n<\/table>\n<p><\/br><\/p>\n<h1>Etui \u0142aduj\u0105ce<\/h1>\n<table>\n<tbody>\n<tr>\n<th>Model<\/th>\n<td>ASB01<\/td>\n<\/tr>\n<tr>\n<th>Wymiary<\/th>\n<td>103,06 \u00d7 61,87 \u00d7 41,50 mm<\/td>\n<\/tr>\n<tr>\n<th>Waga<\/th>\n<td>162,2 g<\/td>\n<\/tr>\n<tr>\n<th>Zu\u017cycie energii<\/th>\n<td>60 mW (bez \u0142adowania innych modu\u0142\u00f3w);<br \/>\u0141adowanie 1 modu\u0142u (2500 mW);<br \/>\u0141adowanie 2 modu\u0142\u00f3w (5100 mW);<br \/>\u0141adowanie 3 modu\u0142\u00f3w (7900 mW);<\/td>\n<\/tr>\n<tr>\n<th>Typ akumulatora<\/th>\n<td>Lipo 113248<\/td>\n<\/tr>\n<tr>\n<th>Pojemno\u015b\u0107 (mAh)<\/th>\n<td>2600 mAh<\/td>\n<\/tr>\n<tr>\n<th>Pojemno\u015b\u0107 (Wh)<\/th>\n<td>10 Wh<\/td>\n<\/tr>\n<tr>\n<th>Napi\u0119cie akumulatora<\/th>\n<td>3,87 V<\/td>\n<\/tr>\n<tr>\n<th>Temperatura \u0142adowania<\/th>\n<td>5\u00b0C &#8211; 45\u00b0C<\/td>\n<\/tr>\n<tr>\n<th>Temperatura pracy<\/th>\n<td>-10\u00b0C &#8211; 45\u00b0C<\/td>\n<\/tr>\n<tr>\n<th>Czas \u0142adowania<\/th>\n<td>Ok. 1,5 h<\/td>\n<\/tr>\n<tr>\n<th>Czas pracy<\/th>\n<td>Pe\u0142ne na\u0142adowanie do dw\u00f3ch razy<\/td>\n<\/tr>\n<\/tbody>\n<\/table>\n<\/div>\n","protected":false},"excerpt":{"rendered":"<p>Bezprzewodowy system transmisji audio DJI Mic Nagrywaj doskona\u0142ej jako\u015bci d\u017awi\u0119k niemal w ka\u017cdej sytuacji. Bezprzewodowy system transmisji audio DJI Mic<\/p>\n","protected":false},"featured_media":23925,"comment_status":"closed","ping_status":"open","template":"","meta":{"_acf_changed":false},"product_brand":[],"product_cat":[1128,1159],"product_tag":[],"class_list":{"0":"post-23924","1":"product","2":"type-product","3":"status-publish","4":"has-post-thumbnail","6":"product_cat-foto-wideo","7":"product_cat-kamery-dji","8":"pa_box-height-3327","9":"pa_box-length-1888","10":"pa_box-width-2222","11":"pa_gross-weight-3328","12":"pa_hs-code-2368","13":"pa_net-weight-3326","14":"pa_seria-mic-dji-mic","16":"first","17":"outofstock","18":"taxable","19":"shipping-taxable","20":"purchasable","21":"product-type-simple"},"acf":[],"yoast_head":"<!-- This site is optimized with the Yoast SEO plugin v27.2 - https:\/\/yoast.com\/product\/yoast-seo-wordpress\/ -->\n<title>Bezprzewodowy system transmisji audio DJI Mic - IRONSKY.PL Sklep z Dronami<\/title>\n<meta name=\"description\" content=\"Bezprzewodowy system transmisji audio DJI Mic - \u2705 sklep z dronami i fachowym doradztwem. \u2705 Tutaj kupisz produkty DJI, Yuneec, Parrot, Syma i wiele innych, a tak\u017ce kursy i licencje na operatora drona.\" \/>\n<meta name=\"robots\" content=\"index, follow, max-snippet:-1, max-image-preview:large, max-video-preview:-1\" \/>\n<link rel=\"canonical\" href=\"https:\/\/ironsky.pl\/sklep\/produkt\/bezprzewodowy-system-transmisji-audio-dji-mic\/\" \/>\n<meta property=\"og:locale\" content=\"pl_PL\" \/>\n<meta property=\"og:type\" content=\"article\" \/>\n<meta property=\"og:title\" content=\"Bezprzewodowy system transmisji audio DJI Mic - IRONSKY.PL Sklep z Dronami\" \/>\n<meta property=\"og:description\" content=\"Bezprzewodowy system transmisji audio DJI Mic - \u2705 sklep z dronami i fachowym doradztwem. \u2705 Tutaj kupisz produkty DJI, Yuneec, Parrot, Syma i wiele innych, a tak\u017ce kursy i licencje na operatora drona.\" \/>\n<meta property=\"og:url\" content=\"https:\/\/ironsky.pl\/sklep\/produkt\/bezprzewodowy-system-transmisji-audio-dji-mic\/\" \/>\n<meta property=\"og:site_name\" content=\"IRONSKY.PL Sklep z Dronami\" \/>\n<meta property=\"article:modified_time\" content=\"2026-03-05T14:50:49+00:00\" \/>\n<meta property=\"og:image\" content=\"https:\/\/ironsky.pl\/sklep\/wp-content\/uploads\/2024\/09\/25170_4.jpg\" \/>\n\t<meta property=\"og:image:width\" content=\"800\" \/>\n\t<meta property=\"og:image:height\" content=\"800\" \/>\n\t<meta property=\"og:image:type\" content=\"image\/jpeg\" \/>\n<meta name=\"twitter:card\" content=\"summary_large_image\" \/>\n<meta name=\"twitter:label1\" content=\"Szacowany czas czytania\" \/>\n\t<meta name=\"twitter:data1\" content=\"5 minut\" \/>\n<script type=\"application\/ld+json\" class=\"yoast-schema-graph\">{\"@context\":\"https:\/\/schema.org\",\"@graph\":[{\"@type\":\"WebPage\",\"@id\":\"https:\/\/ironsky.pl\/sklep\/produkt\/bezprzewodowy-system-transmisji-audio-dji-mic\/\",\"url\":\"https:\/\/ironsky.pl\/sklep\/produkt\/bezprzewodowy-system-transmisji-audio-dji-mic\/\",\"name\":\"Bezprzewodowy system transmisji audio DJI Mic - IRONSKY.PL Sklep z Dronami\",\"isPartOf\":{\"@id\":\"https:\/\/ironsky.pl\/sklep\/#website\"},\"primaryImageOfPage\":{\"@id\":\"https:\/\/ironsky.pl\/sklep\/produkt\/bezprzewodowy-system-transmisji-audio-dji-mic\/#primaryimage\"},\"image\":{\"@id\":\"https:\/\/ironsky.pl\/sklep\/produkt\/bezprzewodowy-system-transmisji-audio-dji-mic\/#primaryimage\"},\"thumbnailUrl\":\"https:\/\/ironsky.pl\/sklep\/wp-content\/uploads\/2024\/09\/25170_4.jpg\",\"datePublished\":\"2024-09-16T16:56:12+00:00\",\"dateModified\":\"2026-03-05T14:50:49+00:00\",\"description\":\"Bezprzewodowy system transmisji audio DJI Mic - \u2705 sklep z dronami i fachowym doradztwem. \u2705 Tutaj kupisz produkty DJI, Yuneec, Parrot, Syma i wiele innych, a tak\u017ce kursy i licencje na operatora drona.\",\"breadcrumb\":{\"@id\":\"https:\/\/ironsky.pl\/sklep\/produkt\/bezprzewodowy-system-transmisji-audio-dji-mic\/#breadcrumb\"},\"inLanguage\":\"pl-PL\",\"potentialAction\":[{\"@type\":\"ReadAction\",\"target\":[\"https:\/\/ironsky.pl\/sklep\/produkt\/bezprzewodowy-system-transmisji-audio-dji-mic\/\"]}]},{\"@type\":\"ImageObject\",\"inLanguage\":\"pl-PL\",\"@id\":\"https:\/\/ironsky.pl\/sklep\/produkt\/bezprzewodowy-system-transmisji-audio-dji-mic\/#primaryimage\",\"url\":\"https:\/\/ironsky.pl\/sklep\/wp-content\/uploads\/2024\/09\/25170_4.jpg\",\"contentUrl\":\"https:\/\/ironsky.pl\/sklep\/wp-content\/uploads\/2024\/09\/25170_4.jpg\",\"width\":800,\"height\":800},{\"@type\":\"BreadcrumbList\",\"@id\":\"https:\/\/ironsky.pl\/sklep\/produkt\/bezprzewodowy-system-transmisji-audio-dji-mic\/#breadcrumb\",\"itemListElement\":[{\"@type\":\"ListItem\",\"position\":1,\"name\":\"Strona g\u0142\u00f3wna\",\"item\":\"https:\/\/ironsky.pl\/sklep\/\"},{\"@type\":\"ListItem\",\"position\":2,\"name\":\"Wszystkie produkty\",\"item\":\"https:\/\/ironsky.pl\/sklep\/produkty\/\"},{\"@type\":\"ListItem\",\"position\":3,\"name\":\"Bezprzewodowy system transmisji audio DJI Mic\"}]},{\"@type\":\"WebSite\",\"@id\":\"https:\/\/ironsky.pl\/sklep\/#website\",\"url\":\"https:\/\/ironsky.pl\/sklep\/\",\"name\":\"IRONSKY.PL Sklep z Dronami\",\"description\":\"IRONSKY.PL Sklep z Dronami\",\"potentialAction\":[{\"@type\":\"SearchAction\",\"target\":{\"@type\":\"EntryPoint\",\"urlTemplate\":\"https:\/\/ironsky.pl\/sklep\/?s={search_term_string}\"},\"query-input\":{\"@type\":\"PropertyValueSpecification\",\"valueRequired\":true,\"valueName\":\"search_term_string\"}}],\"inLanguage\":\"pl-PL\"}]}<\/script>\n<!-- \/ Yoast SEO plugin. -->","yoast_head_json":{"title":"Bezprzewodowy system transmisji audio DJI Mic - IRONSKY.PL Sklep z Dronami","description":"Bezprzewodowy system transmisji audio DJI Mic - \u2705 sklep z dronami i fachowym doradztwem. \u2705 Tutaj kupisz produkty DJI, Yuneec, Parrot, Syma i wiele innych, a tak\u017ce kursy i licencje na operatora drona.","robots":{"index":"index","follow":"follow","max-snippet":"max-snippet:-1","max-image-preview":"max-image-preview:large","max-video-preview":"max-video-preview:-1"},"canonical":"https:\/\/ironsky.pl\/sklep\/produkt\/bezprzewodowy-system-transmisji-audio-dji-mic\/","og_locale":"pl_PL","og_type":"article","og_title":"Bezprzewodowy system transmisji audio DJI Mic - IRONSKY.PL Sklep z Dronami","og_description":"Bezprzewodowy system transmisji audio DJI Mic - \u2705 sklep z dronami i fachowym doradztwem. \u2705 Tutaj kupisz produkty DJI, Yuneec, Parrot, Syma i wiele innych, a tak\u017ce kursy i licencje na operatora drona.","og_url":"https:\/\/ironsky.pl\/sklep\/produkt\/bezprzewodowy-system-transmisji-audio-dji-mic\/","og_site_name":"IRONSKY.PL Sklep z Dronami","article_modified_time":"2026-03-05T14:50:49+00:00","og_image":[{"width":800,"height":800,"url":"https:\/\/ironsky.pl\/sklep\/wp-content\/uploads\/2024\/09\/25170_4.jpg","type":"image\/jpeg"}],"twitter_card":"summary_large_image","twitter_misc":{"Szacowany czas czytania":"5 minut"},"schema":{"@context":"https:\/\/schema.org","@graph":[{"@type":"WebPage","@id":"https:\/\/ironsky.pl\/sklep\/produkt\/bezprzewodowy-system-transmisji-audio-dji-mic\/","url":"https:\/\/ironsky.pl\/sklep\/produkt\/bezprzewodowy-system-transmisji-audio-dji-mic\/","name":"Bezprzewodowy system transmisji audio DJI Mic - IRONSKY.PL Sklep z Dronami","isPartOf":{"@id":"https:\/\/ironsky.pl\/sklep\/#website"},"primaryImageOfPage":{"@id":"https:\/\/ironsky.pl\/sklep\/produkt\/bezprzewodowy-system-transmisji-audio-dji-mic\/#primaryimage"},"image":{"@id":"https:\/\/ironsky.pl\/sklep\/produkt\/bezprzewodowy-system-transmisji-audio-dji-mic\/#primaryimage"},"thumbnailUrl":"https:\/\/ironsky.pl\/sklep\/wp-content\/uploads\/2024\/09\/25170_4.jpg","datePublished":"2024-09-16T16:56:12+00:00","dateModified":"2026-03-05T14:50:49+00:00","description":"Bezprzewodowy system transmisji audio DJI Mic - \u2705 sklep z dronami i fachowym doradztwem. \u2705 Tutaj kupisz produkty DJI, Yuneec, Parrot, Syma i wiele innych, a tak\u017ce kursy i licencje na operatora drona.","breadcrumb":{"@id":"https:\/\/ironsky.pl\/sklep\/produkt\/bezprzewodowy-system-transmisji-audio-dji-mic\/#breadcrumb"},"inLanguage":"pl-PL","potentialAction":[{"@type":"ReadAction","target":["https:\/\/ironsky.pl\/sklep\/produkt\/bezprzewodowy-system-transmisji-audio-dji-mic\/"]}]},{"@type":"ImageObject","inLanguage":"pl-PL","@id":"https:\/\/ironsky.pl\/sklep\/produkt\/bezprzewodowy-system-transmisji-audio-dji-mic\/#primaryimage","url":"https:\/\/ironsky.pl\/sklep\/wp-content\/uploads\/2024\/09\/25170_4.jpg","contentUrl":"https:\/\/ironsky.pl\/sklep\/wp-content\/uploads\/2024\/09\/25170_4.jpg","width":800,"height":800},{"@type":"BreadcrumbList","@id":"https:\/\/ironsky.pl\/sklep\/produkt\/bezprzewodowy-system-transmisji-audio-dji-mic\/#breadcrumb","itemListElement":[{"@type":"ListItem","position":1,"name":"Strona g\u0142\u00f3wna","item":"https:\/\/ironsky.pl\/sklep\/"},{"@type":"ListItem","position":2,"name":"Wszystkie produkty","item":"https:\/\/ironsky.pl\/sklep\/produkty\/"},{"@type":"ListItem","position":3,"name":"Bezprzewodowy system transmisji audio DJI Mic"}]},{"@type":"WebSite","@id":"https:\/\/ironsky.pl\/sklep\/#website","url":"https:\/\/ironsky.pl\/sklep\/","name":"IRONSKY.PL Sklep z Dronami","description":"IRONSKY.PL Sklep z Dronami","potentialAction":[{"@type":"SearchAction","target":{"@type":"EntryPoint","urlTemplate":"https:\/\/ironsky.pl\/sklep\/?s={search_term_string}"},"query-input":{"@type":"PropertyValueSpecification","valueRequired":true,"valueName":"search_term_string"}}],"inLanguage":"pl-PL"}]}},"_links":{"self":[{"href":"https:\/\/ironsky.pl\/sklep\/wp-json\/wp\/v2\/product\/23924","targetHints":{"allow":["GET"]}}],"collection":[{"href":"https:\/\/ironsky.pl\/sklep\/wp-json\/wp\/v2\/product"}],"about":[{"href":"https:\/\/ironsky.pl\/sklep\/wp-json\/wp\/v2\/types\/product"}],"replies":[{"embeddable":true,"href":"https:\/\/ironsky.pl\/sklep\/wp-json\/wp\/v2\/comments?post=23924"}],"wp:featuredmedia":[{"embeddable":true,"href":"https:\/\/ironsky.pl\/sklep\/wp-json\/wp\/v2\/media\/23925"}],"wp:attachment":[{"href":"https:\/\/ironsky.pl\/sklep\/wp-json\/wp\/v2\/media?parent=23924"}],"wp:term":[{"taxonomy":"product_brand","embeddable":true,"href":"https:\/\/ironsky.pl\/sklep\/wp-json\/wp\/v2\/product_brand?post=23924"},{"taxonomy":"product_cat","embeddable":true,"href":"https:\/\/ironsky.pl\/sklep\/wp-json\/wp\/v2\/product_cat?post=23924"},{"taxonomy":"product_tag","embeddable":true,"href":"https:\/\/ironsky.pl\/sklep\/wp-json\/wp\/v2\/product_tag?post=23924"}],"curies":[{"name":"wp","href":"https:\/\/api.w.org\/{rel}","templated":true}]}}