{"id":23794,"date":"2024-09-16T18:54:06","date_gmt":"2024-09-16T16:54:06","guid":{"rendered":"http:\/\/gvshalph.pro-linuxpl.com\/ironskyprodukty\/produkt\/uchwyt-selfie-insta360-z-funkcja-ladowania-100-cm\/"},"modified":"2026-03-05T15:50:45","modified_gmt":"2026-03-05T14:50:45","slug":"uchwyt-selfie-insta360-z-funkcja-ladowania-100-cm","status":"publish","type":"product","link":"https:\/\/ironsky.pl\/sklep\/produkt\/uchwyt-selfie-insta360-z-funkcja-ladowania-100-cm\/","title":{"rendered":"Uchwyt selfie Insta360 z funkcj\u0105 \u0142adowania (100 cm)"},"content":{"rendered":"<h3>Uchwyt selfie Insta360 z funkcj\u0105 \u0142adowania (100 cm)<\/h3>\n<p>Tw\u00f3rz unikalne uj\u0119cia z perspektywy trzeciej osoby i zapewnij swojej kamerze dodatkowe \u017ar\u00f3d\u0142o energii. Selfie Stick Insta360 zosta\u0142 wyposa\u017cony w akumulator o pojemno\u015bci 4500 mAh, dzi\u0119ki kt\u00f3remu mo\u017ce \u0142adowa\u0107 zamontowane na nim urz\u0105dzenie. Wbudowany pilot zdalnego sterowania u\u0142atwi Ci nagrywanie oryginalnych materia\u0142\u00f3w. Selfie Stick jest kompatybilny z kamer\u0105 Insta360 ONE X2, a jego d\u0142ugo\u015b\u0107 mo\u017cna regulowa\u0107 w zakresie 33-100 cm.<\/p>\n<p>\n<img decoding=\"async\" src=\"https:\/\/assets.innpro.pl\/1353\/15440\/2.jpg\" border=\"0\" alt=\"\" \/>\n<\/p>\n<h3>Tw\u00f3rz spektakularne uj\u0119cia<\/h3>\n<p>Tworzenie fantastycznych materia\u0142\u00f3w nigdy nie by\u0142o prostsze. Selfie Stick zosta\u0142 wyposa\u017cony w niewielkiego pilota zdalnego sterowania, kt\u00f3ry znacznie u\u0142atwia obs\u0142ug\u0119 zamontowanej na nim kamery. Z Insta360 zyskujesz te\u017c wiele ciekawych mo\u017cliwo\u015bci nagrywania. Mo\u017cesz na przyk\u0142ad przygotowa\u0107 film, a nast\u0119pnie w prosty spos\u00f3b usun\u0105\u0107 z niego Selfie Sticka &#8211; w ten spos\u00f3b uzyskasz oryginalne uj\u0119cie z niecodziennej perspektywy!<\/p>\n<p>\n<img decoding=\"async\" src=\"https:\/\/assets.innpro.pl\/1353\/15440\/4.jpg\" border=\"0\" alt=\"\" \/>\n<\/p>\n<h3>Mo\u017cliwo\u015b\u0107 \u0142adowania kamery<\/h3>\n<p>Ju\u017c nie musisz si\u0119 obawia\u0107, \u017ce Twoja kamera zbyt szybko odm\u00f3wi Ci pos\u0142usze\u0144stwa podczas nagrywania! Selfie Stick zosta\u0142 wyposa\u017cony w wytrzyma\u0142y akumulator o pojemno\u015bci 4500 mAh, dzi\u0119ki czemu umo\u017cliwia jej wygodne \u0142adowanie. Wystarczy pod\u0142\u0105czy\u0107 j\u0105 za pomoc\u0105 wchodz\u0105cego w sk\u0142ad zestawu kabla USB-C. To wyj\u0105tkowe urz\u0105dzenie pozwoli Ci wyd\u0142u\u017cy\u0107 czas pracy kamery nawet dwukrotnie!<\/p>\n<p>\n<img decoding=\"async\" src=\"https:\/\/assets.innpro.pl\/1353\/15440\/3.jpg\" border=\"0\" alt=\"\" \/>\n<\/p>\n<h3>W zestawie<\/h3>\n<ul class=\"list-disc pl-5\">\n<li>Selfie Stick z funkcj\u0105 \u0142adowania<\/li>\n<li>Kabel USB-C do USB-C<\/li>\n<li>Instrukcja obs\u0142ugi<\/li>\n<\/ul>\n<div class=\"table-wrapper\">\n<p>\u00a0<\/p>\n<h3><\/h3>\n<table>\n<tbody>\n<tr>\n<th>Producent <\/th>\n<td>Insta360<\/td>\n<\/tr>\n<tr>\n<th>Model <\/th>\n<td>CINSPHD\/F<\/td>\n<\/tr>\n<tr>\n<th>D\u0142ugo\u015b\u0107 <\/th>\n<td>33-100 cm<\/td>\n<\/tr>\n<tr>\n<th>Waga <\/th>\n<td>280 g<\/td>\n<\/tr>\n<tr>\n<th>Maksymalny ud\u017awig <\/th>\n<td>300 g<\/td>\n<\/tr>\n<tr>\n<th>Wej\u015bcie <\/th>\n<td>5 V \/ 2 A<\/td>\n<\/tr>\n<tr>\n<th>Wyj\u015bcie <\/th>\n<td>5 V \/ 1,5 A<\/td>\n<\/tr>\n<tr>\n<th>Pojemno\u015b\u0107 akumulatora <\/th>\n<td>4500 mAh<\/td>\n<\/tr>\n<tr>\n<th>Temperatura pracy <\/th>\n<td>-20\u00b0C &#8211; 40\u00b0C<\/td>\n<\/tr>\n<tr>\n<th>Kompatybilno\u015b\u0107 <\/th>\n<td>Kamery Insta360 Ace Pro 2, X4, GO 3S, Insta360 Ace Pro, Insta360 Ace, GO 3, X3, ONE RS 1-Inch 360 Edition, ONE RS (Twin\/4K), ONE X2, ONE R<\/td>\n<\/tr>\n<\/tbody>\n<\/table>\n<\/div>\n","protected":false},"excerpt":{"rendered":"<p>Uchwyt selfie Insta360 z funkcj\u0105 \u0142adowania (100 cm) Tw\u00f3rz unikalne uj\u0119cia z perspektywy trzeciej osoby i zapewnij swojej kamerze dodatkowe<\/p>\n","protected":false},"featured_media":23795,"comment_status":"closed","ping_status":"open","template":"","meta":{"_acf_changed":false},"product_brand":[],"product_cat":[1128,1139,1140,1141,1138],"product_tag":[],"class_list":{"0":"post-23794","1":"product","2":"type-product","3":"status-publish","4":"has-post-thumbnail","6":"product_cat-foto-wideo","7":"product_cat-selfie-stick","8":"product_cat-statywy","9":"product_cat-uchwyty-do-mocowania-kamer-i-aparatow","10":"product_cat-wysiegniki","11":"pa_box-height-1976","12":"pa_box-length-3181","13":"pa_box-width-2759","14":"pa_cechy-szczegolne-z-pilotem-funkcja-ladowania","15":"pa_dlugosc-cm-3184","16":"pa_dlugosc-m-3185","17":"pa_gross-weight-3182","18":"pa_hs-code-1983","19":"pa_kolejna-dostawa-25-09-2024","20":"pa_kompatybilnosc-insta360","21":"pa_net-weight-3180","22":"pa_przeznaczenie-do-kamer","24":"first","25":"outofstock","26":"taxable","27":"shipping-taxable","28":"purchasable","29":"product-type-simple"},"acf":[],"yoast_head":"<!-- This site is optimized with the Yoast SEO plugin v27.2 - https:\/\/yoast.com\/product\/yoast-seo-wordpress\/ -->\n<title>Uchwyt selfie Insta360 z funkcj\u0105 \u0142adowania (100 cm) - IRONSKY.PL Sklep z Dronami<\/title>\n<meta name=\"description\" content=\"Uchwyt selfie Insta360 z funkcj\u0105 \u0142adowania (100 cm) - \u2705 sklep z dronami i fachowym doradztwem. \u2705 Tutaj kupisz produkty DJI, Yuneec, Parrot, Syma i wiele innych, a tak\u017ce kursy i licencje na operatora drona.\" \/>\n<meta name=\"robots\" content=\"index, follow, max-snippet:-1, max-image-preview:large, max-video-preview:-1\" \/>\n<link rel=\"canonical\" href=\"https:\/\/ironsky.pl\/sklep\/produkt\/uchwyt-selfie-insta360-z-funkcja-ladowania-100-cm\/\" \/>\n<meta property=\"og:locale\" content=\"pl_PL\" \/>\n<meta property=\"og:type\" content=\"article\" \/>\n<meta property=\"og:title\" content=\"Uchwyt selfie Insta360 z funkcj\u0105 \u0142adowania (100 cm) - IRONSKY.PL Sklep z Dronami\" \/>\n<meta property=\"og:description\" content=\"Uchwyt selfie Insta360 z funkcj\u0105 \u0142adowania (100 cm) - \u2705 sklep z dronami i fachowym doradztwem. \u2705 Tutaj kupisz produkty DJI, Yuneec, Parrot, Syma i wiele innych, a tak\u017ce kursy i licencje na operatora drona.\" \/>\n<meta property=\"og:url\" content=\"https:\/\/ironsky.pl\/sklep\/produkt\/uchwyt-selfie-insta360-z-funkcja-ladowania-100-cm\/\" \/>\n<meta property=\"og:site_name\" content=\"IRONSKY.PL Sklep z Dronami\" \/>\n<meta property=\"article:modified_time\" content=\"2026-03-05T14:50:45+00:00\" \/>\n<meta property=\"og:image\" content=\"https:\/\/ironsky.pl\/sklep\/wp-content\/uploads\/2024\/09\/24475_2.jpg\" \/>\n\t<meta property=\"og:image:width\" content=\"800\" \/>\n\t<meta property=\"og:image:height\" content=\"800\" \/>\n\t<meta property=\"og:image:type\" content=\"image\/jpeg\" \/>\n<meta name=\"twitter:card\" content=\"summary_large_image\" \/>\n<meta name=\"twitter:label1\" content=\"Szacowany czas czytania\" \/>\n\t<meta name=\"twitter:data1\" content=\"1 minuta\" \/>\n<script type=\"application\/ld+json\" class=\"yoast-schema-graph\">{\"@context\":\"https:\/\/schema.org\",\"@graph\":[{\"@type\":\"WebPage\",\"@id\":\"https:\/\/ironsky.pl\/sklep\/produkt\/uchwyt-selfie-insta360-z-funkcja-ladowania-100-cm\/\",\"url\":\"https:\/\/ironsky.pl\/sklep\/produkt\/uchwyt-selfie-insta360-z-funkcja-ladowania-100-cm\/\",\"name\":\"Uchwyt selfie Insta360 z funkcj\u0105 \u0142adowania (100 cm) - IRONSKY.PL Sklep z Dronami\",\"isPartOf\":{\"@id\":\"https:\/\/ironsky.pl\/sklep\/#website\"},\"primaryImageOfPage\":{\"@id\":\"https:\/\/ironsky.pl\/sklep\/produkt\/uchwyt-selfie-insta360-z-funkcja-ladowania-100-cm\/#primaryimage\"},\"image\":{\"@id\":\"https:\/\/ironsky.pl\/sklep\/produkt\/uchwyt-selfie-insta360-z-funkcja-ladowania-100-cm\/#primaryimage\"},\"thumbnailUrl\":\"https:\/\/ironsky.pl\/sklep\/wp-content\/uploads\/2024\/09\/24475_2.jpg\",\"datePublished\":\"2024-09-16T16:54:06+00:00\",\"dateModified\":\"2026-03-05T14:50:45+00:00\",\"description\":\"Uchwyt selfie Insta360 z funkcj\u0105 \u0142adowania (100 cm) - \u2705 sklep z dronami i fachowym doradztwem. \u2705 Tutaj kupisz produkty DJI, Yuneec, Parrot, Syma i wiele innych, a tak\u017ce kursy i licencje na operatora drona.\",\"breadcrumb\":{\"@id\":\"https:\/\/ironsky.pl\/sklep\/produkt\/uchwyt-selfie-insta360-z-funkcja-ladowania-100-cm\/#breadcrumb\"},\"inLanguage\":\"pl-PL\",\"potentialAction\":[{\"@type\":\"ReadAction\",\"target\":[\"https:\/\/ironsky.pl\/sklep\/produkt\/uchwyt-selfie-insta360-z-funkcja-ladowania-100-cm\/\"]}]},{\"@type\":\"ImageObject\",\"inLanguage\":\"pl-PL\",\"@id\":\"https:\/\/ironsky.pl\/sklep\/produkt\/uchwyt-selfie-insta360-z-funkcja-ladowania-100-cm\/#primaryimage\",\"url\":\"https:\/\/ironsky.pl\/sklep\/wp-content\/uploads\/2024\/09\/24475_2.jpg\",\"contentUrl\":\"https:\/\/ironsky.pl\/sklep\/wp-content\/uploads\/2024\/09\/24475_2.jpg\",\"width\":800,\"height\":800},{\"@type\":\"BreadcrumbList\",\"@id\":\"https:\/\/ironsky.pl\/sklep\/produkt\/uchwyt-selfie-insta360-z-funkcja-ladowania-100-cm\/#breadcrumb\",\"itemListElement\":[{\"@type\":\"ListItem\",\"position\":1,\"name\":\"Strona g\u0142\u00f3wna\",\"item\":\"https:\/\/ironsky.pl\/sklep\/\"},{\"@type\":\"ListItem\",\"position\":2,\"name\":\"Wszystkie produkty\",\"item\":\"https:\/\/ironsky.pl\/sklep\/produkty\/\"},{\"@type\":\"ListItem\",\"position\":3,\"name\":\"Uchwyt selfie Insta360 z funkcj\u0105 \u0142adowania (100 cm)\"}]},{\"@type\":\"WebSite\",\"@id\":\"https:\/\/ironsky.pl\/sklep\/#website\",\"url\":\"https:\/\/ironsky.pl\/sklep\/\",\"name\":\"IRONSKY.PL Sklep z Dronami\",\"description\":\"IRONSKY.PL Sklep z Dronami\",\"potentialAction\":[{\"@type\":\"SearchAction\",\"target\":{\"@type\":\"EntryPoint\",\"urlTemplate\":\"https:\/\/ironsky.pl\/sklep\/?s={search_term_string}\"},\"query-input\":{\"@type\":\"PropertyValueSpecification\",\"valueRequired\":true,\"valueName\":\"search_term_string\"}}],\"inLanguage\":\"pl-PL\"}]}<\/script>\n<!-- \/ Yoast SEO plugin. -->","yoast_head_json":{"title":"Uchwyt selfie Insta360 z funkcj\u0105 \u0142adowania (100 cm) - IRONSKY.PL Sklep z Dronami","description":"Uchwyt selfie Insta360 z funkcj\u0105 \u0142adowania (100 cm) - \u2705 sklep z dronami i fachowym doradztwem. \u2705 Tutaj kupisz produkty DJI, Yuneec, Parrot, Syma i wiele innych, a tak\u017ce kursy i licencje na operatora drona.","robots":{"index":"index","follow":"follow","max-snippet":"max-snippet:-1","max-image-preview":"max-image-preview:large","max-video-preview":"max-video-preview:-1"},"canonical":"https:\/\/ironsky.pl\/sklep\/produkt\/uchwyt-selfie-insta360-z-funkcja-ladowania-100-cm\/","og_locale":"pl_PL","og_type":"article","og_title":"Uchwyt selfie Insta360 z funkcj\u0105 \u0142adowania (100 cm) - IRONSKY.PL Sklep z Dronami","og_description":"Uchwyt selfie Insta360 z funkcj\u0105 \u0142adowania (100 cm) - \u2705 sklep z dronami i fachowym doradztwem. \u2705 Tutaj kupisz produkty DJI, Yuneec, Parrot, Syma i wiele innych, a tak\u017ce kursy i licencje na operatora drona.","og_url":"https:\/\/ironsky.pl\/sklep\/produkt\/uchwyt-selfie-insta360-z-funkcja-ladowania-100-cm\/","og_site_name":"IRONSKY.PL Sklep z Dronami","article_modified_time":"2026-03-05T14:50:45+00:00","og_image":[{"width":800,"height":800,"url":"https:\/\/ironsky.pl\/sklep\/wp-content\/uploads\/2024\/09\/24475_2.jpg","type":"image\/jpeg"}],"twitter_card":"summary_large_image","twitter_misc":{"Szacowany czas czytania":"1 minuta"},"schema":{"@context":"https:\/\/schema.org","@graph":[{"@type":"WebPage","@id":"https:\/\/ironsky.pl\/sklep\/produkt\/uchwyt-selfie-insta360-z-funkcja-ladowania-100-cm\/","url":"https:\/\/ironsky.pl\/sklep\/produkt\/uchwyt-selfie-insta360-z-funkcja-ladowania-100-cm\/","name":"Uchwyt selfie Insta360 z funkcj\u0105 \u0142adowania (100 cm) - IRONSKY.PL Sklep z Dronami","isPartOf":{"@id":"https:\/\/ironsky.pl\/sklep\/#website"},"primaryImageOfPage":{"@id":"https:\/\/ironsky.pl\/sklep\/produkt\/uchwyt-selfie-insta360-z-funkcja-ladowania-100-cm\/#primaryimage"},"image":{"@id":"https:\/\/ironsky.pl\/sklep\/produkt\/uchwyt-selfie-insta360-z-funkcja-ladowania-100-cm\/#primaryimage"},"thumbnailUrl":"https:\/\/ironsky.pl\/sklep\/wp-content\/uploads\/2024\/09\/24475_2.jpg","datePublished":"2024-09-16T16:54:06+00:00","dateModified":"2026-03-05T14:50:45+00:00","description":"Uchwyt selfie Insta360 z funkcj\u0105 \u0142adowania (100 cm) - \u2705 sklep z dronami i fachowym doradztwem. \u2705 Tutaj kupisz produkty DJI, Yuneec, Parrot, Syma i wiele innych, a tak\u017ce kursy i licencje na operatora drona.","breadcrumb":{"@id":"https:\/\/ironsky.pl\/sklep\/produkt\/uchwyt-selfie-insta360-z-funkcja-ladowania-100-cm\/#breadcrumb"},"inLanguage":"pl-PL","potentialAction":[{"@type":"ReadAction","target":["https:\/\/ironsky.pl\/sklep\/produkt\/uchwyt-selfie-insta360-z-funkcja-ladowania-100-cm\/"]}]},{"@type":"ImageObject","inLanguage":"pl-PL","@id":"https:\/\/ironsky.pl\/sklep\/produkt\/uchwyt-selfie-insta360-z-funkcja-ladowania-100-cm\/#primaryimage","url":"https:\/\/ironsky.pl\/sklep\/wp-content\/uploads\/2024\/09\/24475_2.jpg","contentUrl":"https:\/\/ironsky.pl\/sklep\/wp-content\/uploads\/2024\/09\/24475_2.jpg","width":800,"height":800},{"@type":"BreadcrumbList","@id":"https:\/\/ironsky.pl\/sklep\/produkt\/uchwyt-selfie-insta360-z-funkcja-ladowania-100-cm\/#breadcrumb","itemListElement":[{"@type":"ListItem","position":1,"name":"Strona g\u0142\u00f3wna","item":"https:\/\/ironsky.pl\/sklep\/"},{"@type":"ListItem","position":2,"name":"Wszystkie produkty","item":"https:\/\/ironsky.pl\/sklep\/produkty\/"},{"@type":"ListItem","position":3,"name":"Uchwyt selfie Insta360 z funkcj\u0105 \u0142adowania (100 cm)"}]},{"@type":"WebSite","@id":"https:\/\/ironsky.pl\/sklep\/#website","url":"https:\/\/ironsky.pl\/sklep\/","name":"IRONSKY.PL Sklep z Dronami","description":"IRONSKY.PL Sklep z Dronami","potentialAction":[{"@type":"SearchAction","target":{"@type":"EntryPoint","urlTemplate":"https:\/\/ironsky.pl\/sklep\/?s={search_term_string}"},"query-input":{"@type":"PropertyValueSpecification","valueRequired":true,"valueName":"search_term_string"}}],"inLanguage":"pl-PL"}]}},"_links":{"self":[{"href":"https:\/\/ironsky.pl\/sklep\/wp-json\/wp\/v2\/product\/23794","targetHints":{"allow":["GET"]}}],"collection":[{"href":"https:\/\/ironsky.pl\/sklep\/wp-json\/wp\/v2\/product"}],"about":[{"href":"https:\/\/ironsky.pl\/sklep\/wp-json\/wp\/v2\/types\/product"}],"replies":[{"embeddable":true,"href":"https:\/\/ironsky.pl\/sklep\/wp-json\/wp\/v2\/comments?post=23794"}],"wp:featuredmedia":[{"embeddable":true,"href":"https:\/\/ironsky.pl\/sklep\/wp-json\/wp\/v2\/media\/23795"}],"wp:attachment":[{"href":"https:\/\/ironsky.pl\/sklep\/wp-json\/wp\/v2\/media?parent=23794"}],"wp:term":[{"taxonomy":"product_brand","embeddable":true,"href":"https:\/\/ironsky.pl\/sklep\/wp-json\/wp\/v2\/product_brand?post=23794"},{"taxonomy":"product_cat","embeddable":true,"href":"https:\/\/ironsky.pl\/sklep\/wp-json\/wp\/v2\/product_cat?post=23794"},{"taxonomy":"product_tag","embeddable":true,"href":"https:\/\/ironsky.pl\/sklep\/wp-json\/wp\/v2\/product_tag?post=23794"}],"curies":[{"name":"wp","href":"https:\/\/api.w.org\/{rel}","templated":true}]}}