{"id":23782,"date":"2024-09-16T18:54:06","date_gmt":"2024-09-16T16:54:06","guid":{"rendered":"http:\/\/gvshalph.pro-linuxpl.com\/ironskyprodukty\/produkt\/filtr-nd-2-5-stopni-polarpro-variable-peter-mckinnon-signature-edition-ii-do-obiektywow-95mm\/"},"modified":"2026-03-05T15:50:45","modified_gmt":"2026-03-05T14:50:45","slug":"filtr-nd-2-5-stopni-polarpro-variable-peter-mckinnon-signature-edition-ii-do-obiektywow-95mm","status":"publish","type":"product","link":"https:\/\/ironsky.pl\/sklep\/produkt\/filtr-nd-2-5-stopni-polarpro-variable-peter-mckinnon-signature-edition-ii-do-obiektywow-95mm\/","title":{"rendered":"Filtr ND 2-5 stopni PolarPro Variable Peter McKinnon Signature Edition II do obiektyw\u00f3w 95mm"},"content":{"rendered":"<h3>Filtr ND 2-5 stopni PolarPro Variable Peter McKinnon Signature Edition II do obiektyw\u00f3w 95mm<\/h3>\n<p>Nowa jako\u015b\u0107 filtr\u00f3w VND McKinnon Edition II pozwoli\u0142a na stworzenie szkie\u0142 odpowiednich do pracy w ka\u017cdych warunkach. Stworzone z wytrzyma\u0142ego, odpornego szk\u0142a kwarcowego oraz aluminium, dzi\u0119ki czemu s\u0105 trwa\u0142e i zapewniaj\u0105 krystalicznie czyste obrazy. Obrotowa przys\u0142ona daje mo\u017cliwo\u015b\u0107 dostosowania szybko\u015bci migawki bez wysi\u0142ku i w mgnieniu oka. Dwa warianty, 2-5 stopni oraz 6-9 stopni, zosta\u0142y zaprojektowane tak, by dopasowa\u0107 si\u0119 do ka\u017cdej sytuacji.<\/p>\n<p><img decoding=\"async\" src=\"https:\/\/b2b.innpro.pl\/data\/include\/cms\/PiotrP\/polarpro\/vndpeter\/Stacked-vs-MIST-Desktop.jpg\" border=\"0\" alt=\"PiotrP\/polarpro\/vndpeter\/Stacked-vs-MIST-Desktop\" \/><\/p>\n<h3>Obrotowa przys\u0142ona dla szybkiej pracy<\/h3>\n<p>Nowy design z unikatowym dotykowym mechanizmem, kt\u00f3ry pozwala na bezproblemowe i szybkie zmiany warto\u015bci, bez odrywania wzroku od uj\u0119cia. Poczuj ka\u017cde ustawienie pod palcami dzi\u0119ki obrotowej przys\u0142onie.<\/p>\n<p><img decoding=\"async\" src=\"https:\/\/b2b.innpro.pl\/data\/include\/cms\/PiotrP\/polarpro\/vndpeter\/Haptic-Feedback-Banner.jpg\" border=\"0\" alt=\"PiotrP\/polarpro\/vndpeter\/Haptic-Feedback-Banner\" \/><\/p>\n<h3>Bezb\u0142\u0119dne uj\u0119cia<\/h3>\n<p>Specjalna konstrukcja pozwala na unikni\u0119cie nak\u0142adania na siebie filtr\u00f3w, co powodowa\u0142o polaryzacj\u0119 krzy\u017cow\u0105 czy winietowanie. Z filtrem Polarpro ka\u017cde uj\u0119cie wyjdzie dok\u0142adnie tak, jak chcesz, bez zak\u0142\u00f3ce\u0144 czy niechcianych efekt\u00f3w.<\/p>\n<p><img decoding=\"async\" src=\"https:\/\/b2b.innpro.pl\/data\/include\/cms\/PiotrP\/polarpro\/vndpeter\/2.jpg\" border=\"0\" alt=\"PiotrP\/polarpro\/vndpeter\/2\" \/><\/p>\n<h3>Dopasuj filtr do sytuacji<\/h3>\n<p><strong>2-5 stopni<\/strong> &#8211; bezproblemowa kontrola migawki w prawie ka\u017cdym o\u015bwietleniu, idealna do pracy w biegu. <br \/><strong>6-9 stopni<\/strong> &#8211; sprawdzi si\u0119 w bardzo jasnych warunkach, przy warto\u015bci przys\u0142ony 1.4-2.8<\/p>\n<p>Filtry dost\u0119pne w trzech rozmiarach: <strong>67 mm<\/strong>, <strong>77 mm<\/strong> oraz <strong>82 mm<\/strong>, dzi\u0119ki czemu zapewniaj\u0105 szeroki wyb\u00f3r dla ka\u017cdego fotografa.<\/p>\n<p><img decoding=\"async\" src=\"https:\/\/b2b.innpro.pl\/data\/include\/cms\/PiotrP\/polarpro\/vndpeter\/On-Camera.jpg\" border=\"0\" alt=\"PiotrP\/polarpro\/vndpeter\/On-Camera\" \/><\/p>\n<h3>\u0141atwe przechowywanie<\/h3>\n<p>Nowoczesna konstrukcja pozwala na wygodne i bezpieczne przechowywanie. Mo\u017cesz trzyma\u0107 swoje filtry w specjalnie przystosowanych nak\u0142adkach lub u\u017cy\u0107 tylko jednej i pozostawi\u0107 szk\u0142o na aparacie.<\/p>\n<p><img decoding=\"async\" src=\"https:\/\/b2b.innpro.pl\/data\/include\/cms\/PiotrP\/polarpro\/vndpeter\/Off-Camera.jpg\" border=\"0\" alt=\"PiotrP\/polarpro\/vndpeter\/Off-Camera\" \/><\/p>\n","protected":false},"excerpt":{"rendered":"<p>Filtr ND 2-5 stopni PolarPro Variable Peter McKinnon Signature Edition II do obiektyw\u00f3w 95mm Nowa jako\u015b\u0107 filtr\u00f3w VND McKinnon Edition<\/p>\n","protected":false},"featured_media":23783,"comment_status":"closed","ping_status":"open","template":"","meta":{"_acf_changed":false},"product_brand":[],"product_cat":[1132,1133,1128],"product_tag":[],"class_list":{"0":"post-23782","1":"product","2":"type-product","3":"status-publish","4":"has-post-thumbnail","6":"product_cat-filtry-foto","7":"product_cat-do-lustrzanek","8":"product_cat-foto-wideo","9":"pa_box-height-1753","10":"pa_box-length-1754","11":"pa_box-width-1752","12":"pa_gross-weight-1755","13":"pa_hs-code-1741","14":"pa_kompatybilnosc-filtry","15":"pa_net-weight-1801","16":"pa_obiektyw-mm-2104","17":"pa_zestaw-nie","19":"first","20":"outofstock","21":"taxable","22":"shipping-taxable","23":"purchasable","24":"product-type-simple"},"acf":[],"yoast_head":"<!-- This site is optimized with the Yoast SEO plugin v27.2 - https:\/\/yoast.com\/product\/yoast-seo-wordpress\/ -->\n<title>Filtr ND 2-5 stopni PolarPro Variable Peter McKinnon Signature Edition II do obiektyw\u00f3w 95mm - IRONSKY.PL Sklep z Dronami<\/title>\n<meta name=\"description\" content=\"Filtr ND 2-5 stopni PolarPro Variable Peter McKinnon Signature Edition II do obiektyw\u00f3w 95mm - \u2705 sklep z dronami i fachowym doradztwem. \u2705 Tutaj kupisz produkty DJI, Yuneec, Parrot, Syma i wiele innych, a tak\u017ce kursy i licencje na operatora drona.\" \/>\n<meta name=\"robots\" content=\"index, follow, max-snippet:-1, max-image-preview:large, max-video-preview:-1\" \/>\n<link rel=\"canonical\" href=\"https:\/\/ironsky.pl\/sklep\/produkt\/filtr-nd-2-5-stopni-polarpro-variable-peter-mckinnon-signature-edition-ii-do-obiektywow-95mm\/\" \/>\n<meta property=\"og:locale\" content=\"pl_PL\" \/>\n<meta property=\"og:type\" content=\"article\" \/>\n<meta property=\"og:title\" content=\"Filtr ND 2-5 stopni PolarPro Variable Peter McKinnon Signature Edition II do obiektyw\u00f3w 95mm - IRONSKY.PL Sklep z Dronami\" \/>\n<meta property=\"og:description\" content=\"Filtr ND 2-5 stopni PolarPro Variable Peter McKinnon Signature Edition II do obiektyw\u00f3w 95mm - \u2705 sklep z dronami i fachowym doradztwem. \u2705 Tutaj kupisz produkty DJI, Yuneec, Parrot, Syma i wiele innych, a tak\u017ce kursy i licencje na operatora drona.\" \/>\n<meta property=\"og:url\" content=\"https:\/\/ironsky.pl\/sklep\/produkt\/filtr-nd-2-5-stopni-polarpro-variable-peter-mckinnon-signature-edition-ii-do-obiektywow-95mm\/\" \/>\n<meta property=\"og:site_name\" content=\"IRONSKY.PL Sklep z Dronami\" \/>\n<meta property=\"article:modified_time\" content=\"2026-03-05T14:50:45+00:00\" \/>\n<meta property=\"og:image\" content=\"https:\/\/ironsky.pl\/sklep\/wp-content\/uploads\/2024\/09\/24067_1.jpg\" \/>\n\t<meta property=\"og:image:width\" content=\"800\" \/>\n\t<meta property=\"og:image:height\" content=\"800\" \/>\n\t<meta property=\"og:image:type\" content=\"image\/jpeg\" \/>\n<meta name=\"twitter:card\" content=\"summary_large_image\" \/>\n<meta name=\"twitter:label1\" content=\"Szacowany czas czytania\" \/>\n\t<meta name=\"twitter:data1\" content=\"1 minuta\" \/>\n<script type=\"application\/ld+json\" class=\"yoast-schema-graph\">{\"@context\":\"https:\/\/schema.org\",\"@graph\":[{\"@type\":\"WebPage\",\"@id\":\"https:\/\/ironsky.pl\/sklep\/produkt\/filtr-nd-2-5-stopni-polarpro-variable-peter-mckinnon-signature-edition-ii-do-obiektywow-95mm\/\",\"url\":\"https:\/\/ironsky.pl\/sklep\/produkt\/filtr-nd-2-5-stopni-polarpro-variable-peter-mckinnon-signature-edition-ii-do-obiektywow-95mm\/\",\"name\":\"Filtr ND 2-5 stopni PolarPro Variable Peter McKinnon Signature Edition II do obiektyw\u00f3w 95mm - IRONSKY.PL Sklep z Dronami\",\"isPartOf\":{\"@id\":\"https:\/\/ironsky.pl\/sklep\/#website\"},\"primaryImageOfPage\":{\"@id\":\"https:\/\/ironsky.pl\/sklep\/produkt\/filtr-nd-2-5-stopni-polarpro-variable-peter-mckinnon-signature-edition-ii-do-obiektywow-95mm\/#primaryimage\"},\"image\":{\"@id\":\"https:\/\/ironsky.pl\/sklep\/produkt\/filtr-nd-2-5-stopni-polarpro-variable-peter-mckinnon-signature-edition-ii-do-obiektywow-95mm\/#primaryimage\"},\"thumbnailUrl\":\"https:\/\/ironsky.pl\/sklep\/wp-content\/uploads\/2024\/09\/24067_1.jpg\",\"datePublished\":\"2024-09-16T16:54:06+00:00\",\"dateModified\":\"2026-03-05T14:50:45+00:00\",\"description\":\"Filtr ND 2-5 stopni PolarPro Variable Peter McKinnon Signature Edition II do obiektyw\u00f3w 95mm - \u2705 sklep z dronami i fachowym doradztwem. \u2705 Tutaj kupisz produkty DJI, Yuneec, Parrot, Syma i wiele innych, a tak\u017ce kursy i licencje na operatora drona.\",\"breadcrumb\":{\"@id\":\"https:\/\/ironsky.pl\/sklep\/produkt\/filtr-nd-2-5-stopni-polarpro-variable-peter-mckinnon-signature-edition-ii-do-obiektywow-95mm\/#breadcrumb\"},\"inLanguage\":\"pl-PL\",\"potentialAction\":[{\"@type\":\"ReadAction\",\"target\":[\"https:\/\/ironsky.pl\/sklep\/produkt\/filtr-nd-2-5-stopni-polarpro-variable-peter-mckinnon-signature-edition-ii-do-obiektywow-95mm\/\"]}]},{\"@type\":\"ImageObject\",\"inLanguage\":\"pl-PL\",\"@id\":\"https:\/\/ironsky.pl\/sklep\/produkt\/filtr-nd-2-5-stopni-polarpro-variable-peter-mckinnon-signature-edition-ii-do-obiektywow-95mm\/#primaryimage\",\"url\":\"https:\/\/ironsky.pl\/sklep\/wp-content\/uploads\/2024\/09\/24067_1.jpg\",\"contentUrl\":\"https:\/\/ironsky.pl\/sklep\/wp-content\/uploads\/2024\/09\/24067_1.jpg\",\"width\":800,\"height\":800},{\"@type\":\"BreadcrumbList\",\"@id\":\"https:\/\/ironsky.pl\/sklep\/produkt\/filtr-nd-2-5-stopni-polarpro-variable-peter-mckinnon-signature-edition-ii-do-obiektywow-95mm\/#breadcrumb\",\"itemListElement\":[{\"@type\":\"ListItem\",\"position\":1,\"name\":\"Strona g\u0142\u00f3wna\",\"item\":\"https:\/\/ironsky.pl\/sklep\/\"},{\"@type\":\"ListItem\",\"position\":2,\"name\":\"Wszystkie produkty\",\"item\":\"https:\/\/ironsky.pl\/sklep\/produkty\/\"},{\"@type\":\"ListItem\",\"position\":3,\"name\":\"Filtr ND 2-5 stopni PolarPro Variable Peter McKinnon Signature Edition II do obiektyw\u00f3w 95mm\"}]},{\"@type\":\"WebSite\",\"@id\":\"https:\/\/ironsky.pl\/sklep\/#website\",\"url\":\"https:\/\/ironsky.pl\/sklep\/\",\"name\":\"IRONSKY.PL Sklep z Dronami\",\"description\":\"IRONSKY.PL Sklep z Dronami\",\"potentialAction\":[{\"@type\":\"SearchAction\",\"target\":{\"@type\":\"EntryPoint\",\"urlTemplate\":\"https:\/\/ironsky.pl\/sklep\/?s={search_term_string}\"},\"query-input\":{\"@type\":\"PropertyValueSpecification\",\"valueRequired\":true,\"valueName\":\"search_term_string\"}}],\"inLanguage\":\"pl-PL\"}]}<\/script>\n<!-- \/ Yoast SEO plugin. -->","yoast_head_json":{"title":"Filtr ND 2-5 stopni PolarPro Variable Peter McKinnon Signature Edition II do obiektyw\u00f3w 95mm - IRONSKY.PL Sklep z Dronami","description":"Filtr ND 2-5 stopni PolarPro Variable Peter McKinnon Signature Edition II do obiektyw\u00f3w 95mm - \u2705 sklep z dronami i fachowym doradztwem. \u2705 Tutaj kupisz produkty DJI, Yuneec, Parrot, Syma i wiele innych, a tak\u017ce kursy i licencje na operatora drona.","robots":{"index":"index","follow":"follow","max-snippet":"max-snippet:-1","max-image-preview":"max-image-preview:large","max-video-preview":"max-video-preview:-1"},"canonical":"https:\/\/ironsky.pl\/sklep\/produkt\/filtr-nd-2-5-stopni-polarpro-variable-peter-mckinnon-signature-edition-ii-do-obiektywow-95mm\/","og_locale":"pl_PL","og_type":"article","og_title":"Filtr ND 2-5 stopni PolarPro Variable Peter McKinnon Signature Edition II do obiektyw\u00f3w 95mm - IRONSKY.PL Sklep z Dronami","og_description":"Filtr ND 2-5 stopni PolarPro Variable Peter McKinnon Signature Edition II do obiektyw\u00f3w 95mm - \u2705 sklep z dronami i fachowym doradztwem. \u2705 Tutaj kupisz produkty DJI, Yuneec, Parrot, Syma i wiele innych, a tak\u017ce kursy i licencje na operatora drona.","og_url":"https:\/\/ironsky.pl\/sklep\/produkt\/filtr-nd-2-5-stopni-polarpro-variable-peter-mckinnon-signature-edition-ii-do-obiektywow-95mm\/","og_site_name":"IRONSKY.PL Sklep z Dronami","article_modified_time":"2026-03-05T14:50:45+00:00","og_image":[{"width":800,"height":800,"url":"https:\/\/ironsky.pl\/sklep\/wp-content\/uploads\/2024\/09\/24067_1.jpg","type":"image\/jpeg"}],"twitter_card":"summary_large_image","twitter_misc":{"Szacowany czas czytania":"1 minuta"},"schema":{"@context":"https:\/\/schema.org","@graph":[{"@type":"WebPage","@id":"https:\/\/ironsky.pl\/sklep\/produkt\/filtr-nd-2-5-stopni-polarpro-variable-peter-mckinnon-signature-edition-ii-do-obiektywow-95mm\/","url":"https:\/\/ironsky.pl\/sklep\/produkt\/filtr-nd-2-5-stopni-polarpro-variable-peter-mckinnon-signature-edition-ii-do-obiektywow-95mm\/","name":"Filtr ND 2-5 stopni PolarPro Variable Peter McKinnon Signature Edition II do obiektyw\u00f3w 95mm - IRONSKY.PL Sklep z Dronami","isPartOf":{"@id":"https:\/\/ironsky.pl\/sklep\/#website"},"primaryImageOfPage":{"@id":"https:\/\/ironsky.pl\/sklep\/produkt\/filtr-nd-2-5-stopni-polarpro-variable-peter-mckinnon-signature-edition-ii-do-obiektywow-95mm\/#primaryimage"},"image":{"@id":"https:\/\/ironsky.pl\/sklep\/produkt\/filtr-nd-2-5-stopni-polarpro-variable-peter-mckinnon-signature-edition-ii-do-obiektywow-95mm\/#primaryimage"},"thumbnailUrl":"https:\/\/ironsky.pl\/sklep\/wp-content\/uploads\/2024\/09\/24067_1.jpg","datePublished":"2024-09-16T16:54:06+00:00","dateModified":"2026-03-05T14:50:45+00:00","description":"Filtr ND 2-5 stopni PolarPro Variable Peter McKinnon Signature Edition II do obiektyw\u00f3w 95mm - \u2705 sklep z dronami i fachowym doradztwem. \u2705 Tutaj kupisz produkty DJI, Yuneec, Parrot, Syma i wiele innych, a tak\u017ce kursy i licencje na operatora drona.","breadcrumb":{"@id":"https:\/\/ironsky.pl\/sklep\/produkt\/filtr-nd-2-5-stopni-polarpro-variable-peter-mckinnon-signature-edition-ii-do-obiektywow-95mm\/#breadcrumb"},"inLanguage":"pl-PL","potentialAction":[{"@type":"ReadAction","target":["https:\/\/ironsky.pl\/sklep\/produkt\/filtr-nd-2-5-stopni-polarpro-variable-peter-mckinnon-signature-edition-ii-do-obiektywow-95mm\/"]}]},{"@type":"ImageObject","inLanguage":"pl-PL","@id":"https:\/\/ironsky.pl\/sklep\/produkt\/filtr-nd-2-5-stopni-polarpro-variable-peter-mckinnon-signature-edition-ii-do-obiektywow-95mm\/#primaryimage","url":"https:\/\/ironsky.pl\/sklep\/wp-content\/uploads\/2024\/09\/24067_1.jpg","contentUrl":"https:\/\/ironsky.pl\/sklep\/wp-content\/uploads\/2024\/09\/24067_1.jpg","width":800,"height":800},{"@type":"BreadcrumbList","@id":"https:\/\/ironsky.pl\/sklep\/produkt\/filtr-nd-2-5-stopni-polarpro-variable-peter-mckinnon-signature-edition-ii-do-obiektywow-95mm\/#breadcrumb","itemListElement":[{"@type":"ListItem","position":1,"name":"Strona g\u0142\u00f3wna","item":"https:\/\/ironsky.pl\/sklep\/"},{"@type":"ListItem","position":2,"name":"Wszystkie produkty","item":"https:\/\/ironsky.pl\/sklep\/produkty\/"},{"@type":"ListItem","position":3,"name":"Filtr ND 2-5 stopni PolarPro Variable Peter McKinnon Signature Edition II do obiektyw\u00f3w 95mm"}]},{"@type":"WebSite","@id":"https:\/\/ironsky.pl\/sklep\/#website","url":"https:\/\/ironsky.pl\/sklep\/","name":"IRONSKY.PL Sklep z Dronami","description":"IRONSKY.PL Sklep z Dronami","potentialAction":[{"@type":"SearchAction","target":{"@type":"EntryPoint","urlTemplate":"https:\/\/ironsky.pl\/sklep\/?s={search_term_string}"},"query-input":{"@type":"PropertyValueSpecification","valueRequired":true,"valueName":"search_term_string"}}],"inLanguage":"pl-PL"}]}},"_links":{"self":[{"href":"https:\/\/ironsky.pl\/sklep\/wp-json\/wp\/v2\/product\/23782","targetHints":{"allow":["GET"]}}],"collection":[{"href":"https:\/\/ironsky.pl\/sklep\/wp-json\/wp\/v2\/product"}],"about":[{"href":"https:\/\/ironsky.pl\/sklep\/wp-json\/wp\/v2\/types\/product"}],"replies":[{"embeddable":true,"href":"https:\/\/ironsky.pl\/sklep\/wp-json\/wp\/v2\/comments?post=23782"}],"wp:featuredmedia":[{"embeddable":true,"href":"https:\/\/ironsky.pl\/sklep\/wp-json\/wp\/v2\/media\/23783"}],"wp:attachment":[{"href":"https:\/\/ironsky.pl\/sklep\/wp-json\/wp\/v2\/media?parent=23782"}],"wp:term":[{"taxonomy":"product_brand","embeddable":true,"href":"https:\/\/ironsky.pl\/sklep\/wp-json\/wp\/v2\/product_brand?post=23782"},{"taxonomy":"product_cat","embeddable":true,"href":"https:\/\/ironsky.pl\/sklep\/wp-json\/wp\/v2\/product_cat?post=23782"},{"taxonomy":"product_tag","embeddable":true,"href":"https:\/\/ironsky.pl\/sklep\/wp-json\/wp\/v2\/product_tag?post=23782"}],"curies":[{"name":"wp","href":"https:\/\/api.w.org\/{rel}","templated":true}]}}