{"id":23780,"date":"2024-09-16T18:54:06","date_gmt":"2024-09-16T16:54:06","guid":{"rendered":"http:\/\/gvshalph.pro-linuxpl.com\/ironskyprodukty\/produkt\/filtr-nd-2-5-stopni-polarpro-variable-peter-mckinnon-mist-edition-ii-do-obiektywow-95mm\/"},"modified":"2026-03-05T15:50:45","modified_gmt":"2026-03-05T14:50:45","slug":"filtr-nd-2-5-stopni-polarpro-variable-peter-mckinnon-mist-edition-ii-do-obiektywow-95mm","status":"publish","type":"product","link":"https:\/\/ironsky.pl\/sklep\/produkt\/filtr-nd-2-5-stopni-polarpro-variable-peter-mckinnon-mist-edition-ii-do-obiektywow-95mm\/","title":{"rendered":"Filtr ND 2-5 stopni PolarPro Variable Peter McKinnon Mist Edition II do obiektyw\u00f3w 95mm"},"content":{"rendered":"<h3>Filtr ND 2-5 stopni PolarPro Variable Peter McKinnon Mist Edition II<\/h3>\n<p>Tw\u00f3rz jeszcze ciekawsze uj\u0119cia nawet w trudnych warunkach o\u015bwietleniowych. Przeznaczony dla obiektyw\u00f3w 95 mm filtr ND 2-5 stopni marki PolarPro jako pierwszy na rynku idealnie \u0142\u0105czy efekt VND i rozproszenia, eliminuj\u0105c przy tym problem polaryzacji krzy\u017cowej. Udoskonalony design z mechanizmem dotykowym pozwala wygodnie zmienia\u0107 preferowane ustawienia, a specjalne nak\u0142adki Defender360\u2122 chroni\u0105 produkt przed uszkodzeniem.<\/p>\n<p><img decoding=\"async\" src=\"https:\/\/b2b.innpro.pl\/data\/include\/cms\/02PolarPro\/77-69-VND-MST\/3.jpg?v=1629715541230\"><\/p>\n<h3>Wykonaj swoje najlepsze uj\u0119cie<\/h3>\n<p>Szukasz prostego sposobu na tworzenie jeszcze pi\u0119kniejszych uj\u0119\u0107? Nowe filtry z edycji Mist II z pewno\u015bci\u0105 Ci\u0119 nie zawiod\u0105! To pierwsze tego rodzaju akcesoria, kt\u00f3re w udany spos\u00f3b \u0142\u0105cz\u0105 efekty VND i rozproszenia, daj\u0105c Ci przy tym pe\u0142n\u0105 kontrol\u0119 nad \u015bwiat\u0142em i nadaj\u0105c obrazom delikatny, kreatywny charakter. Sprawiaj\u0105 te\u017c, \u017ce jasne obszary zdj\u0119\u0107 staj\u0105 si\u0119 bardziej subtelne, a poszczeg\u00f3lne obiekty wyra\u017aniejsze. Zapewniaj\u0105 przy tym wyra\u017any kontrast i naturaln\u0105 kolorystyk\u0119.<\/p>\n<p><img decoding=\"async\" src=\"https:\/\/b2b.innpro.pl\/data\/include\/cms\/02PolarPro\/77-69-VND-MST\/6.jpg?v=1629715541230\"><\/p>\n<h3>Zapomnij o zniekszta\u0142ceniach<\/h3>\n<p>Filtr PolarPro z edycji Mist II \u015bwietnie sprawdzi si\u0119 podczas tworzenia komercyjnych projekt\u00f3w. Idealnie nada si\u0119 do nagrywania film\u00f3w dokumentalnych, kr\u00f3tkich form, a nawet teledysk\u00f3w. Pozwoli te\u017c unikn\u0105\u0107 problemu polaryzacji krzy\u017cowej i winietowania przy ogniskowych do 16 mm, co umo\u017cliwia eliminacj\u0119 wszelkich niedoskona\u0142o\u015bci i gwarantuje doskona\u0142e efekty.<\/p>\n<p><img decoding=\"async\" src=\"https:\/\/b2b.innpro.pl\/data\/include\/cms\/02PolarPro\/77-69-VND-MST\/1.jpg?v=1629715541230\"><\/p>\n<h3>Niezawodne nawet w trudnych warunkach o\u015bwietleniowych<\/h3>\n<p>Do czego przydadz\u0105 si\u0119 filtry ND 2-5 stopni? Fantastycznie sprawdz\u0105 si\u0119 na przyk\u0142ad podczas tworzenia uj\u0119\u0107 w bardzo jasnym \u015bwietle i przy szeroko otwartej przys\u0142onie. Pozwol\u0105 te\u017c nieco stonowa\u0107 ostro\u015b\u0107 cyfrowych fotografii, nadaj\u0105c im subtelny, eteryczny charakter. Za ich pomoc\u0105 stworzysz doskona\u0142ej jako\u015bci obrazy nawet w trudnych warunkach o\u015bwietleniowych.<\/p>\n<p><img decoding=\"async\" src=\"https:\/\/b2b.innpro.pl\/data\/include\/cms\/02PolarPro\/77-69-VND-MST\/5.jpg?v=1629715541230\"><\/p>\n<h3>Z \u0142atwo\u015bci\u0105 dostosujesz je do swoich potrzeb<\/h3>\n<p>Swobodnie ustawiaj stopnie filtra i bez przeszk\u00f3d wykonuj zdj\u0119cia idealnie zgodne z Twoj\u0105 wizj\u0105. Produkt wyr\u00f3\u017cnia si\u0119 zupe\u0142nie nowym, ulepszonym designem i wykorzystuje nowoczesny mechanizm dotykowy, aby pozwoli\u0107 Ci szybko zmienia\u0107 warto\u015bci bez odrywania wzroku od uj\u0119cia. Teraz wystarczy delikatny ruch, aby dostosowa\u0107 efekty do Twoich oczekiwa\u0144!<\/p>\n<p><img decoding=\"async\" src=\"https:\/\/b2b.innpro.pl\/data\/include\/cms\/02PolarPro\/82-25-VND-MST\/2.jpg?v=1629789546710\"><\/p>\n<h3>Przechowasz go na 2 sposoby<\/h3>\n<p>Ju\u017c nie musisz obawia\u0107 si\u0119 zbyt szybkiego uszkodzenia filtra. Produkt zosta\u0142 wyposa\u017cony w udoskonalone nak\u0142adki Defender360\u2122, kt\u00f3re zapewniaj\u0105 mu ochron\u0119 na ca\u0142ej jego powierzchni. Za jego niezawodne zabezpieczenie odpowiada te\u017c wodoodporna i py\u0142oszczelna uszczelka. Wszystko to sprawia, \u017ce mo\u017cesz r\u00f3wnie\u017c wygodnie przechowywa\u0107 i transportowa\u0107 filtr. U\u017cywaj\u0105c obu nak\u0142adek, bezpiecznie spakujesz go do plecaka lub torby. Je\u015bli chcesz, wykorzystaj tylko jedn\u0105 z nich i pozostaw go na obiektywie aparatu.<\/p>\n<p><img decoding=\"async\" src=\"https:\/\/b2b.innpro.pl\/data\/include\/cms\/02PolarPro\/77-69-VND-MST\/4.jpg?v=1629715541230\"><\/p>\n<h3>W zestawie<\/h3>\n<ul>\n<li>Filtr ND 2-5 stopni<\/li>\n<li>Nak\u0142adki ochronne Defender360<strong><span>\u2122 <\/span><\/strong><\/li>\n<\/ul>\n<div class=\"table-wrapper\">\n<table>\n<tbody>\n<tr>\n<th>Producent<\/th>\n<td>PolarPro<\/td>\n<\/tr>\n<tr>\n<th>Model<\/th>\n<td>95-2\/5-VND-MST<\/td>\n<\/tr>\n<tr>\n<th>Rodzaj szk\u0142a<\/th>\n<td>CinemaSeries\u2122<\/td>\n<\/tr>\n<tr>\n<th>Zakres<\/th>\n<td>ND4 do ND32<\/td>\n<\/tr>\n<tr>\n<th>Zakres g\u0119sto\u015bci optycznej<\/th>\n<td>0.6 do 1.5<\/td>\n<\/tr>\n<tr>\n<th>Rozmiar obiektywu<\/th>\n<td>95\u00a0mm<\/td>\n<\/tr>\n<tr>\n<th>Materia\u0142 ramki<\/th>\n<td>Aluminium<\/td>\n<\/tr>\n<\/tbody>\n<\/table>\n<\/div>\n","protected":false},"excerpt":{"rendered":"<p>Filtr ND 2-5 stopni PolarPro Variable Peter McKinnon Mist Edition II Tw\u00f3rz jeszcze ciekawsze uj\u0119cia nawet w trudnych warunkach o\u015bwietleniowych.<\/p>\n","protected":false},"featured_media":23781,"comment_status":"closed","ping_status":"open","template":"","meta":{"_acf_changed":false},"product_brand":[],"product_cat":[1132,1133,1128],"product_tag":[],"class_list":{"0":"post-23780","1":"product","2":"type-product","3":"status-publish","4":"has-post-thumbnail","6":"product_cat-filtry-foto","7":"product_cat-do-lustrzanek","8":"product_cat-foto-wideo","9":"pa_box-height-1753","10":"pa_box-length-1754","11":"pa_box-width-1752","12":"pa_gross-weight-1755","13":"pa_hs-code-1741","14":"pa_kompatybilnosc-filtry","15":"pa_net-weight-1801","16":"pa_obiektyw-mm-2104","17":"pa_zestaw-nie","19":"first","20":"outofstock","21":"taxable","22":"shipping-taxable","23":"purchasable","24":"product-type-simple"},"acf":[],"yoast_head":"<!-- This site is optimized with the Yoast SEO plugin v27.2 - https:\/\/yoast.com\/product\/yoast-seo-wordpress\/ -->\n<title>Filtr ND 2-5 stopni PolarPro Variable Peter McKinnon Mist Edition II do obiektyw\u00f3w 95mm - IRONSKY.PL Sklep z Dronami<\/title>\n<meta name=\"description\" content=\"Filtr ND 2-5 stopni PolarPro Variable Peter McKinnon Mist Edition II do obiektyw\u00f3w 95mm - \u2705 sklep z dronami i fachowym doradztwem. \u2705 Tutaj kupisz produkty DJI, Yuneec, Parrot, Syma i wiele innych, a tak\u017ce kursy i licencje na operatora drona.\" \/>\n<meta name=\"robots\" content=\"index, follow, max-snippet:-1, max-image-preview:large, max-video-preview:-1\" \/>\n<link rel=\"canonical\" href=\"https:\/\/ironsky.pl\/sklep\/produkt\/filtr-nd-2-5-stopni-polarpro-variable-peter-mckinnon-mist-edition-ii-do-obiektywow-95mm\/\" \/>\n<meta property=\"og:locale\" content=\"pl_PL\" \/>\n<meta property=\"og:type\" content=\"article\" \/>\n<meta property=\"og:title\" content=\"Filtr ND 2-5 stopni PolarPro Variable Peter McKinnon Mist Edition II do obiektyw\u00f3w 95mm - IRONSKY.PL Sklep z Dronami\" \/>\n<meta property=\"og:description\" content=\"Filtr ND 2-5 stopni PolarPro Variable Peter McKinnon Mist Edition II do obiektyw\u00f3w 95mm - \u2705 sklep z dronami i fachowym doradztwem. \u2705 Tutaj kupisz produkty DJI, Yuneec, Parrot, Syma i wiele innych, a tak\u017ce kursy i licencje na operatora drona.\" \/>\n<meta property=\"og:url\" content=\"https:\/\/ironsky.pl\/sklep\/produkt\/filtr-nd-2-5-stopni-polarpro-variable-peter-mckinnon-mist-edition-ii-do-obiektywow-95mm\/\" \/>\n<meta property=\"og:site_name\" content=\"IRONSKY.PL Sklep z Dronami\" \/>\n<meta property=\"article:modified_time\" content=\"2026-03-05T14:50:45+00:00\" \/>\n<meta property=\"og:image\" content=\"https:\/\/ironsky.pl\/sklep\/wp-content\/uploads\/2024\/09\/24065_1.jpg\" \/>\n\t<meta property=\"og:image:width\" content=\"550\" \/>\n\t<meta property=\"og:image:height\" content=\"654\" \/>\n\t<meta property=\"og:image:type\" content=\"image\/jpeg\" \/>\n<meta name=\"twitter:card\" content=\"summary_large_image\" \/>\n<meta name=\"twitter:label1\" content=\"Szacowany czas czytania\" \/>\n\t<meta name=\"twitter:data1\" content=\"2 minuty\" \/>\n<script type=\"application\/ld+json\" class=\"yoast-schema-graph\">{\"@context\":\"https:\/\/schema.org\",\"@graph\":[{\"@type\":\"WebPage\",\"@id\":\"https:\/\/ironsky.pl\/sklep\/produkt\/filtr-nd-2-5-stopni-polarpro-variable-peter-mckinnon-mist-edition-ii-do-obiektywow-95mm\/\",\"url\":\"https:\/\/ironsky.pl\/sklep\/produkt\/filtr-nd-2-5-stopni-polarpro-variable-peter-mckinnon-mist-edition-ii-do-obiektywow-95mm\/\",\"name\":\"Filtr ND 2-5 stopni PolarPro Variable Peter McKinnon Mist Edition II do obiektyw\u00f3w 95mm - IRONSKY.PL Sklep z Dronami\",\"isPartOf\":{\"@id\":\"https:\/\/ironsky.pl\/sklep\/#website\"},\"primaryImageOfPage\":{\"@id\":\"https:\/\/ironsky.pl\/sklep\/produkt\/filtr-nd-2-5-stopni-polarpro-variable-peter-mckinnon-mist-edition-ii-do-obiektywow-95mm\/#primaryimage\"},\"image\":{\"@id\":\"https:\/\/ironsky.pl\/sklep\/produkt\/filtr-nd-2-5-stopni-polarpro-variable-peter-mckinnon-mist-edition-ii-do-obiektywow-95mm\/#primaryimage\"},\"thumbnailUrl\":\"https:\/\/ironsky.pl\/sklep\/wp-content\/uploads\/2024\/09\/24065_1.jpg\",\"datePublished\":\"2024-09-16T16:54:06+00:00\",\"dateModified\":\"2026-03-05T14:50:45+00:00\",\"description\":\"Filtr ND 2-5 stopni PolarPro Variable Peter McKinnon Mist Edition II do obiektyw\u00f3w 95mm - \u2705 sklep z dronami i fachowym doradztwem. \u2705 Tutaj kupisz produkty DJI, Yuneec, Parrot, Syma i wiele innych, a tak\u017ce kursy i licencje na operatora drona.\",\"breadcrumb\":{\"@id\":\"https:\/\/ironsky.pl\/sklep\/produkt\/filtr-nd-2-5-stopni-polarpro-variable-peter-mckinnon-mist-edition-ii-do-obiektywow-95mm\/#breadcrumb\"},\"inLanguage\":\"pl-PL\",\"potentialAction\":[{\"@type\":\"ReadAction\",\"target\":[\"https:\/\/ironsky.pl\/sklep\/produkt\/filtr-nd-2-5-stopni-polarpro-variable-peter-mckinnon-mist-edition-ii-do-obiektywow-95mm\/\"]}]},{\"@type\":\"ImageObject\",\"inLanguage\":\"pl-PL\",\"@id\":\"https:\/\/ironsky.pl\/sklep\/produkt\/filtr-nd-2-5-stopni-polarpro-variable-peter-mckinnon-mist-edition-ii-do-obiektywow-95mm\/#primaryimage\",\"url\":\"https:\/\/ironsky.pl\/sklep\/wp-content\/uploads\/2024\/09\/24065_1.jpg\",\"contentUrl\":\"https:\/\/ironsky.pl\/sklep\/wp-content\/uploads\/2024\/09\/24065_1.jpg\",\"width\":550,\"height\":654},{\"@type\":\"BreadcrumbList\",\"@id\":\"https:\/\/ironsky.pl\/sklep\/produkt\/filtr-nd-2-5-stopni-polarpro-variable-peter-mckinnon-mist-edition-ii-do-obiektywow-95mm\/#breadcrumb\",\"itemListElement\":[{\"@type\":\"ListItem\",\"position\":1,\"name\":\"Strona g\u0142\u00f3wna\",\"item\":\"https:\/\/ironsky.pl\/sklep\/\"},{\"@type\":\"ListItem\",\"position\":2,\"name\":\"Wszystkie produkty\",\"item\":\"https:\/\/ironsky.pl\/sklep\/produkty\/\"},{\"@type\":\"ListItem\",\"position\":3,\"name\":\"Filtr ND 2-5 stopni PolarPro Variable Peter McKinnon Mist Edition II do obiektyw\u00f3w 95mm\"}]},{\"@type\":\"WebSite\",\"@id\":\"https:\/\/ironsky.pl\/sklep\/#website\",\"url\":\"https:\/\/ironsky.pl\/sklep\/\",\"name\":\"IRONSKY.PL Sklep z Dronami\",\"description\":\"IRONSKY.PL Sklep z Dronami\",\"potentialAction\":[{\"@type\":\"SearchAction\",\"target\":{\"@type\":\"EntryPoint\",\"urlTemplate\":\"https:\/\/ironsky.pl\/sklep\/?s={search_term_string}\"},\"query-input\":{\"@type\":\"PropertyValueSpecification\",\"valueRequired\":true,\"valueName\":\"search_term_string\"}}],\"inLanguage\":\"pl-PL\"}]}<\/script>\n<!-- \/ Yoast SEO plugin. -->","yoast_head_json":{"title":"Filtr ND 2-5 stopni PolarPro Variable Peter McKinnon Mist Edition II do obiektyw\u00f3w 95mm - IRONSKY.PL Sklep z Dronami","description":"Filtr ND 2-5 stopni PolarPro Variable Peter McKinnon Mist Edition II do obiektyw\u00f3w 95mm - \u2705 sklep z dronami i fachowym doradztwem. \u2705 Tutaj kupisz produkty DJI, Yuneec, Parrot, Syma i wiele innych, a tak\u017ce kursy i licencje na operatora drona.","robots":{"index":"index","follow":"follow","max-snippet":"max-snippet:-1","max-image-preview":"max-image-preview:large","max-video-preview":"max-video-preview:-1"},"canonical":"https:\/\/ironsky.pl\/sklep\/produkt\/filtr-nd-2-5-stopni-polarpro-variable-peter-mckinnon-mist-edition-ii-do-obiektywow-95mm\/","og_locale":"pl_PL","og_type":"article","og_title":"Filtr ND 2-5 stopni PolarPro Variable Peter McKinnon Mist Edition II do obiektyw\u00f3w 95mm - IRONSKY.PL Sklep z Dronami","og_description":"Filtr ND 2-5 stopni PolarPro Variable Peter McKinnon Mist Edition II do obiektyw\u00f3w 95mm - \u2705 sklep z dronami i fachowym doradztwem. \u2705 Tutaj kupisz produkty DJI, Yuneec, Parrot, Syma i wiele innych, a tak\u017ce kursy i licencje na operatora drona.","og_url":"https:\/\/ironsky.pl\/sklep\/produkt\/filtr-nd-2-5-stopni-polarpro-variable-peter-mckinnon-mist-edition-ii-do-obiektywow-95mm\/","og_site_name":"IRONSKY.PL Sklep z Dronami","article_modified_time":"2026-03-05T14:50:45+00:00","og_image":[{"width":550,"height":654,"url":"https:\/\/ironsky.pl\/sklep\/wp-content\/uploads\/2024\/09\/24065_1.jpg","type":"image\/jpeg"}],"twitter_card":"summary_large_image","twitter_misc":{"Szacowany czas czytania":"2 minuty"},"schema":{"@context":"https:\/\/schema.org","@graph":[{"@type":"WebPage","@id":"https:\/\/ironsky.pl\/sklep\/produkt\/filtr-nd-2-5-stopni-polarpro-variable-peter-mckinnon-mist-edition-ii-do-obiektywow-95mm\/","url":"https:\/\/ironsky.pl\/sklep\/produkt\/filtr-nd-2-5-stopni-polarpro-variable-peter-mckinnon-mist-edition-ii-do-obiektywow-95mm\/","name":"Filtr ND 2-5 stopni PolarPro Variable Peter McKinnon Mist Edition II do obiektyw\u00f3w 95mm - IRONSKY.PL Sklep z Dronami","isPartOf":{"@id":"https:\/\/ironsky.pl\/sklep\/#website"},"primaryImageOfPage":{"@id":"https:\/\/ironsky.pl\/sklep\/produkt\/filtr-nd-2-5-stopni-polarpro-variable-peter-mckinnon-mist-edition-ii-do-obiektywow-95mm\/#primaryimage"},"image":{"@id":"https:\/\/ironsky.pl\/sklep\/produkt\/filtr-nd-2-5-stopni-polarpro-variable-peter-mckinnon-mist-edition-ii-do-obiektywow-95mm\/#primaryimage"},"thumbnailUrl":"https:\/\/ironsky.pl\/sklep\/wp-content\/uploads\/2024\/09\/24065_1.jpg","datePublished":"2024-09-16T16:54:06+00:00","dateModified":"2026-03-05T14:50:45+00:00","description":"Filtr ND 2-5 stopni PolarPro Variable Peter McKinnon Mist Edition II do obiektyw\u00f3w 95mm - \u2705 sklep z dronami i fachowym doradztwem. \u2705 Tutaj kupisz produkty DJI, Yuneec, Parrot, Syma i wiele innych, a tak\u017ce kursy i licencje na operatora drona.","breadcrumb":{"@id":"https:\/\/ironsky.pl\/sklep\/produkt\/filtr-nd-2-5-stopni-polarpro-variable-peter-mckinnon-mist-edition-ii-do-obiektywow-95mm\/#breadcrumb"},"inLanguage":"pl-PL","potentialAction":[{"@type":"ReadAction","target":["https:\/\/ironsky.pl\/sklep\/produkt\/filtr-nd-2-5-stopni-polarpro-variable-peter-mckinnon-mist-edition-ii-do-obiektywow-95mm\/"]}]},{"@type":"ImageObject","inLanguage":"pl-PL","@id":"https:\/\/ironsky.pl\/sklep\/produkt\/filtr-nd-2-5-stopni-polarpro-variable-peter-mckinnon-mist-edition-ii-do-obiektywow-95mm\/#primaryimage","url":"https:\/\/ironsky.pl\/sklep\/wp-content\/uploads\/2024\/09\/24065_1.jpg","contentUrl":"https:\/\/ironsky.pl\/sklep\/wp-content\/uploads\/2024\/09\/24065_1.jpg","width":550,"height":654},{"@type":"BreadcrumbList","@id":"https:\/\/ironsky.pl\/sklep\/produkt\/filtr-nd-2-5-stopni-polarpro-variable-peter-mckinnon-mist-edition-ii-do-obiektywow-95mm\/#breadcrumb","itemListElement":[{"@type":"ListItem","position":1,"name":"Strona g\u0142\u00f3wna","item":"https:\/\/ironsky.pl\/sklep\/"},{"@type":"ListItem","position":2,"name":"Wszystkie produkty","item":"https:\/\/ironsky.pl\/sklep\/produkty\/"},{"@type":"ListItem","position":3,"name":"Filtr ND 2-5 stopni PolarPro Variable Peter McKinnon Mist Edition II do obiektyw\u00f3w 95mm"}]},{"@type":"WebSite","@id":"https:\/\/ironsky.pl\/sklep\/#website","url":"https:\/\/ironsky.pl\/sklep\/","name":"IRONSKY.PL Sklep z Dronami","description":"IRONSKY.PL Sklep z Dronami","potentialAction":[{"@type":"SearchAction","target":{"@type":"EntryPoint","urlTemplate":"https:\/\/ironsky.pl\/sklep\/?s={search_term_string}"},"query-input":{"@type":"PropertyValueSpecification","valueRequired":true,"valueName":"search_term_string"}}],"inLanguage":"pl-PL"}]}},"_links":{"self":[{"href":"https:\/\/ironsky.pl\/sklep\/wp-json\/wp\/v2\/product\/23780","targetHints":{"allow":["GET"]}}],"collection":[{"href":"https:\/\/ironsky.pl\/sklep\/wp-json\/wp\/v2\/product"}],"about":[{"href":"https:\/\/ironsky.pl\/sklep\/wp-json\/wp\/v2\/types\/product"}],"replies":[{"embeddable":true,"href":"https:\/\/ironsky.pl\/sklep\/wp-json\/wp\/v2\/comments?post=23780"}],"wp:featuredmedia":[{"embeddable":true,"href":"https:\/\/ironsky.pl\/sklep\/wp-json\/wp\/v2\/media\/23781"}],"wp:attachment":[{"href":"https:\/\/ironsky.pl\/sklep\/wp-json\/wp\/v2\/media?parent=23780"}],"wp:term":[{"taxonomy":"product_brand","embeddable":true,"href":"https:\/\/ironsky.pl\/sklep\/wp-json\/wp\/v2\/product_brand?post=23780"},{"taxonomy":"product_cat","embeddable":true,"href":"https:\/\/ironsky.pl\/sklep\/wp-json\/wp\/v2\/product_cat?post=23780"},{"taxonomy":"product_tag","embeddable":true,"href":"https:\/\/ironsky.pl\/sklep\/wp-json\/wp\/v2\/product_tag?post=23780"}],"curies":[{"name":"wp","href":"https:\/\/api.w.org\/{rel}","templated":true}]}}