{"id":23741,"date":"2024-09-16T18:52:23","date_gmt":"2024-09-16T16:52:23","guid":{"rendered":"http:\/\/gvshalph.pro-linuxpl.com\/ironskyprodukty\/produkt\/mocowanie-z-wysiegnikiem-na-kask-insta360-do-kamer-sportowych-30-cm-karbonowy\/"},"modified":"2026-03-05T15:50:43","modified_gmt":"2026-03-05T14:50:43","slug":"mocowanie-z-wysiegnikiem-na-kask-insta360-do-kamer-sportowych-30-cm-karbonowy","status":"publish","type":"product","link":"https:\/\/ironsky.pl\/sklep\/produkt\/mocowanie-z-wysiegnikiem-na-kask-insta360-do-kamer-sportowych-30-cm-karbonowy\/","title":{"rendered":"Mocowanie z wysi\u0119gnikiem na kask Insta360 do kamer sportowych (30 cm, karbonowy)"},"content":{"rendered":"<h3>Mocowanie z wysi\u0119gnikiem na kask Insta360 do kamer sportowych (30 cm, karbonowy)<\/h3>\n<p>Tw\u00f3rz zapieraj\u0105ce dech w piersiach filmy podczas jazdy na nartach lub na motorze. Mocowanie z wysi\u0119gnikiem marki Insta360 umo\u017cliwia stabilne przymocowanie kamery Insta360 do kasku, dzi\u0119ki czemu z \u0142atwo\u015bci\u0105 nagrasz spektakularne uj\u0119cie z oryginalnej perspektywy. To wyj\u0105tkowe akcesorium mo\u017ce Ci towarzyszy\u0107 niemal w ka\u017cdych warunkach &#8211; niestraszne mu \u015bwiat\u0142o s\u0142oneczne, deszcz czy \u015bnieg. Wykonany z w\u0142\u00f3kna w\u0119glowego pr\u0119t jest niezwykle wytrzyma\u0142y, a zakrzywiona baza idealnie przylega do kasku i gwarantuje pewne mocowanie. Wchodz\u0105ca w sk\u0142ad zestawu linka mo\u017ce stanowi\u0107 dodatkowe zabezpieczenie. Nie musisz si\u0119 obawia\u0107, \u017ce kamera spadnie i zostanie uszkodzona! Produkt jest te\u017c zaskakuj\u0105co lekki.<\/p>\n<p>\n<img decoding=\"async\" src=\"https:\/\/assets.innpro.pl\/1344\/15452\/1.jpg\" border=\"0\" alt=\"\" \/>\n<\/p>\n<h3>W zestawie<\/h3>\n<ul class=\"list-disc pl-5\">\n<li>1x mocowanie na kask<\/li>\n<li>2x zakrzywiona baza<\/li>\n<li>2x \u015bruba motylkowa 1\/4\u2033<\/li>\n<li>1x adapter mocowania kamery 1\/4\u2033<\/li>\n<li>3x naklejka samoprzylepna 3M<\/li>\n<li>4x pier\u015bcie\u0144 stabilizuj\u0105cy<\/li>\n<li>2x linka bezpiecze\u0144stwa<\/li>\n<li>1x klucz do \u015bruby motylkowej<\/li>\n<li>1x nakr\u0119tka mocuj\u0105ca<\/li>\n<\/ul>\n<div class=\"table-wrapper\">\n<p>\u00a0<\/p>\n<h3><\/h3>\n<table>\n<tbody>\n<tr>\n<th>Producent <\/th>\n<td>Insta360<\/td>\n<\/tr>\n<tr>\n<th>Nazwa <\/th>\n<td>Unicorn Helmet Mount<\/td>\n<\/tr>\n<tr>\n<th>D\u0142ugo\u015b\u0107 wysi\u0119gnika <\/th>\n<td>300 mm \u00b110 mm<\/td>\n<\/tr>\n<tr>\n<th>Materia\u0142 (wysi\u0119gnik) <\/th>\n<td>W\u0142\u00f3kno w\u0119glowe, stal nierdzewna, stop aluminium<\/td>\n<\/tr>\n<tr>\n<th>Zastosowanie <\/th>\n<td>Jazda na nartach, jazda na rowerze, jazda na motocyklu, jazda na skateboardzie i inne sporty, kt\u00f3re wymagaj\u0105 noszenia kasku<\/td>\n<\/tr>\n<tr>\n<th>Kompatybilno\u015b\u0107 <\/th>\n<td>X4, GO 3S, GO 3, X3, ONE RS (Twin\/4K), ONE X2, ONE R, ONE X<\/td>\n<\/tr>\n<\/tbody>\n<\/table>\n<\/div>\n","protected":false},"excerpt":{"rendered":"<p>Mocowanie z wysi\u0119gnikiem na kask Insta360 do kamer sportowych (30 cm, karbonowy) Tw\u00f3rz zapieraj\u0105ce dech w piersiach filmy podczas jazdy<\/p>\n","protected":false},"featured_media":23742,"comment_status":"closed","ping_status":"open","template":"","meta":{"_acf_changed":false},"product_brand":[],"product_cat":[1128,1139,1140,1141,1138],"product_tag":[],"class_list":{"0":"post-23741","1":"product","2":"type-product","3":"status-publish","4":"has-post-thumbnail","6":"product_cat-foto-wideo","7":"product_cat-selfie-stick","8":"product_cat-statywy","9":"product_cat-uchwyty-do-mocowania-kamer-i-aparatow","10":"product_cat-wysiegniki","11":"pa_box-height-1465","12":"pa_box-length-2194","13":"pa_box-width-1795","14":"pa_gross-weight-1561","15":"pa_hs-code-1775","16":"pa_kompatybilnosc-insta360","17":"pa_net-weight-3091","18":"pa_przeznaczenie-do-kamer","19":"pa_rodzaj-mocowanie","21":"first","22":"outofstock","23":"taxable","24":"shipping-taxable","25":"purchasable","26":"product-type-simple"},"acf":[],"yoast_head":"<!-- This site is optimized with the Yoast SEO plugin v27.2 - https:\/\/yoast.com\/product\/yoast-seo-wordpress\/ -->\n<title>Mocowanie z wysi\u0119gnikiem na kask Insta360 do kamer sportowych (30 cm, karbonowy) - IRONSKY.PL Sklep z Dronami<\/title>\n<meta name=\"description\" content=\"Mocowanie z wysi\u0119gnikiem na kask Insta360 do kamer sportowych (30 cm, karbonowy) - \u2705 sklep z dronami i fachowym doradztwem. \u2705 Tutaj kupisz produkty DJI, Yuneec, Parrot, Syma i wiele innych, a tak\u017ce kursy i licencje na operatora drona.\" \/>\n<meta name=\"robots\" content=\"index, follow, max-snippet:-1, max-image-preview:large, max-video-preview:-1\" \/>\n<link rel=\"canonical\" href=\"https:\/\/ironsky.pl\/sklep\/produkt\/mocowanie-z-wysiegnikiem-na-kask-insta360-do-kamer-sportowych-30-cm-karbonowy\/\" \/>\n<meta property=\"og:locale\" content=\"pl_PL\" \/>\n<meta property=\"og:type\" content=\"article\" \/>\n<meta property=\"og:title\" content=\"Mocowanie z wysi\u0119gnikiem na kask Insta360 do kamer sportowych (30 cm, karbonowy) - IRONSKY.PL Sklep z Dronami\" \/>\n<meta property=\"og:description\" content=\"Mocowanie z wysi\u0119gnikiem na kask Insta360 do kamer sportowych (30 cm, karbonowy) - \u2705 sklep z dronami i fachowym doradztwem. \u2705 Tutaj kupisz produkty DJI, Yuneec, Parrot, Syma i wiele innych, a tak\u017ce kursy i licencje na operatora drona.\" \/>\n<meta property=\"og:url\" content=\"https:\/\/ironsky.pl\/sklep\/produkt\/mocowanie-z-wysiegnikiem-na-kask-insta360-do-kamer-sportowych-30-cm-karbonowy\/\" \/>\n<meta property=\"og:site_name\" content=\"IRONSKY.PL Sklep z Dronami\" \/>\n<meta property=\"article:modified_time\" content=\"2026-03-05T14:50:43+00:00\" \/>\n<meta property=\"og:image\" content=\"https:\/\/ironsky.pl\/sklep\/wp-content\/uploads\/2024\/09\/23782_1.jpg\" \/>\n\t<meta property=\"og:image:width\" content=\"800\" \/>\n\t<meta property=\"og:image:height\" content=\"800\" \/>\n\t<meta property=\"og:image:type\" content=\"image\/jpeg\" \/>\n<meta name=\"twitter:card\" content=\"summary_large_image\" \/>\n<meta name=\"twitter:label1\" content=\"Szacowany czas czytania\" \/>\n\t<meta name=\"twitter:data1\" content=\"1 minuta\" \/>\n<script type=\"application\/ld+json\" class=\"yoast-schema-graph\">{\"@context\":\"https:\/\/schema.org\",\"@graph\":[{\"@type\":\"WebPage\",\"@id\":\"https:\/\/ironsky.pl\/sklep\/produkt\/mocowanie-z-wysiegnikiem-na-kask-insta360-do-kamer-sportowych-30-cm-karbonowy\/\",\"url\":\"https:\/\/ironsky.pl\/sklep\/produkt\/mocowanie-z-wysiegnikiem-na-kask-insta360-do-kamer-sportowych-30-cm-karbonowy\/\",\"name\":\"Mocowanie z wysi\u0119gnikiem na kask Insta360 do kamer sportowych (30 cm, karbonowy) - IRONSKY.PL Sklep z Dronami\",\"isPartOf\":{\"@id\":\"https:\/\/ironsky.pl\/sklep\/#website\"},\"primaryImageOfPage\":{\"@id\":\"https:\/\/ironsky.pl\/sklep\/produkt\/mocowanie-z-wysiegnikiem-na-kask-insta360-do-kamer-sportowych-30-cm-karbonowy\/#primaryimage\"},\"image\":{\"@id\":\"https:\/\/ironsky.pl\/sklep\/produkt\/mocowanie-z-wysiegnikiem-na-kask-insta360-do-kamer-sportowych-30-cm-karbonowy\/#primaryimage\"},\"thumbnailUrl\":\"https:\/\/ironsky.pl\/sklep\/wp-content\/uploads\/2024\/09\/23782_1.jpg\",\"datePublished\":\"2024-09-16T16:52:23+00:00\",\"dateModified\":\"2026-03-05T14:50:43+00:00\",\"description\":\"Mocowanie z wysi\u0119gnikiem na kask Insta360 do kamer sportowych (30 cm, karbonowy) - \u2705 sklep z dronami i fachowym doradztwem. \u2705 Tutaj kupisz produkty DJI, Yuneec, Parrot, Syma i wiele innych, a tak\u017ce kursy i licencje na operatora drona.\",\"breadcrumb\":{\"@id\":\"https:\/\/ironsky.pl\/sklep\/produkt\/mocowanie-z-wysiegnikiem-na-kask-insta360-do-kamer-sportowych-30-cm-karbonowy\/#breadcrumb\"},\"inLanguage\":\"pl-PL\",\"potentialAction\":[{\"@type\":\"ReadAction\",\"target\":[\"https:\/\/ironsky.pl\/sklep\/produkt\/mocowanie-z-wysiegnikiem-na-kask-insta360-do-kamer-sportowych-30-cm-karbonowy\/\"]}]},{\"@type\":\"ImageObject\",\"inLanguage\":\"pl-PL\",\"@id\":\"https:\/\/ironsky.pl\/sklep\/produkt\/mocowanie-z-wysiegnikiem-na-kask-insta360-do-kamer-sportowych-30-cm-karbonowy\/#primaryimage\",\"url\":\"https:\/\/ironsky.pl\/sklep\/wp-content\/uploads\/2024\/09\/23782_1.jpg\",\"contentUrl\":\"https:\/\/ironsky.pl\/sklep\/wp-content\/uploads\/2024\/09\/23782_1.jpg\",\"width\":800,\"height\":800},{\"@type\":\"BreadcrumbList\",\"@id\":\"https:\/\/ironsky.pl\/sklep\/produkt\/mocowanie-z-wysiegnikiem-na-kask-insta360-do-kamer-sportowych-30-cm-karbonowy\/#breadcrumb\",\"itemListElement\":[{\"@type\":\"ListItem\",\"position\":1,\"name\":\"Strona g\u0142\u00f3wna\",\"item\":\"https:\/\/ironsky.pl\/sklep\/\"},{\"@type\":\"ListItem\",\"position\":2,\"name\":\"Wszystkie produkty\",\"item\":\"https:\/\/ironsky.pl\/sklep\/produkty\/\"},{\"@type\":\"ListItem\",\"position\":3,\"name\":\"Mocowanie z wysi\u0119gnikiem na kask Insta360 do kamer sportowych (30 cm, karbonowy)\"}]},{\"@type\":\"WebSite\",\"@id\":\"https:\/\/ironsky.pl\/sklep\/#website\",\"url\":\"https:\/\/ironsky.pl\/sklep\/\",\"name\":\"IRONSKY.PL Sklep z Dronami\",\"description\":\"IRONSKY.PL Sklep z Dronami\",\"potentialAction\":[{\"@type\":\"SearchAction\",\"target\":{\"@type\":\"EntryPoint\",\"urlTemplate\":\"https:\/\/ironsky.pl\/sklep\/?s={search_term_string}\"},\"query-input\":{\"@type\":\"PropertyValueSpecification\",\"valueRequired\":true,\"valueName\":\"search_term_string\"}}],\"inLanguage\":\"pl-PL\"}]}<\/script>\n<!-- \/ Yoast SEO plugin. -->","yoast_head_json":{"title":"Mocowanie z wysi\u0119gnikiem na kask Insta360 do kamer sportowych (30 cm, karbonowy) - IRONSKY.PL Sklep z Dronami","description":"Mocowanie z wysi\u0119gnikiem na kask Insta360 do kamer sportowych (30 cm, karbonowy) - \u2705 sklep z dronami i fachowym doradztwem. \u2705 Tutaj kupisz produkty DJI, Yuneec, Parrot, Syma i wiele innych, a tak\u017ce kursy i licencje na operatora drona.","robots":{"index":"index","follow":"follow","max-snippet":"max-snippet:-1","max-image-preview":"max-image-preview:large","max-video-preview":"max-video-preview:-1"},"canonical":"https:\/\/ironsky.pl\/sklep\/produkt\/mocowanie-z-wysiegnikiem-na-kask-insta360-do-kamer-sportowych-30-cm-karbonowy\/","og_locale":"pl_PL","og_type":"article","og_title":"Mocowanie z wysi\u0119gnikiem na kask Insta360 do kamer sportowych (30 cm, karbonowy) - IRONSKY.PL Sklep z Dronami","og_description":"Mocowanie z wysi\u0119gnikiem na kask Insta360 do kamer sportowych (30 cm, karbonowy) - \u2705 sklep z dronami i fachowym doradztwem. \u2705 Tutaj kupisz produkty DJI, Yuneec, Parrot, Syma i wiele innych, a tak\u017ce kursy i licencje na operatora drona.","og_url":"https:\/\/ironsky.pl\/sklep\/produkt\/mocowanie-z-wysiegnikiem-na-kask-insta360-do-kamer-sportowych-30-cm-karbonowy\/","og_site_name":"IRONSKY.PL Sklep z Dronami","article_modified_time":"2026-03-05T14:50:43+00:00","og_image":[{"width":800,"height":800,"url":"https:\/\/ironsky.pl\/sklep\/wp-content\/uploads\/2024\/09\/23782_1.jpg","type":"image\/jpeg"}],"twitter_card":"summary_large_image","twitter_misc":{"Szacowany czas czytania":"1 minuta"},"schema":{"@context":"https:\/\/schema.org","@graph":[{"@type":"WebPage","@id":"https:\/\/ironsky.pl\/sklep\/produkt\/mocowanie-z-wysiegnikiem-na-kask-insta360-do-kamer-sportowych-30-cm-karbonowy\/","url":"https:\/\/ironsky.pl\/sklep\/produkt\/mocowanie-z-wysiegnikiem-na-kask-insta360-do-kamer-sportowych-30-cm-karbonowy\/","name":"Mocowanie z wysi\u0119gnikiem na kask Insta360 do kamer sportowych (30 cm, karbonowy) - IRONSKY.PL Sklep z Dronami","isPartOf":{"@id":"https:\/\/ironsky.pl\/sklep\/#website"},"primaryImageOfPage":{"@id":"https:\/\/ironsky.pl\/sklep\/produkt\/mocowanie-z-wysiegnikiem-na-kask-insta360-do-kamer-sportowych-30-cm-karbonowy\/#primaryimage"},"image":{"@id":"https:\/\/ironsky.pl\/sklep\/produkt\/mocowanie-z-wysiegnikiem-na-kask-insta360-do-kamer-sportowych-30-cm-karbonowy\/#primaryimage"},"thumbnailUrl":"https:\/\/ironsky.pl\/sklep\/wp-content\/uploads\/2024\/09\/23782_1.jpg","datePublished":"2024-09-16T16:52:23+00:00","dateModified":"2026-03-05T14:50:43+00:00","description":"Mocowanie z wysi\u0119gnikiem na kask Insta360 do kamer sportowych (30 cm, karbonowy) - \u2705 sklep z dronami i fachowym doradztwem. \u2705 Tutaj kupisz produkty DJI, Yuneec, Parrot, Syma i wiele innych, a tak\u017ce kursy i licencje na operatora drona.","breadcrumb":{"@id":"https:\/\/ironsky.pl\/sklep\/produkt\/mocowanie-z-wysiegnikiem-na-kask-insta360-do-kamer-sportowych-30-cm-karbonowy\/#breadcrumb"},"inLanguage":"pl-PL","potentialAction":[{"@type":"ReadAction","target":["https:\/\/ironsky.pl\/sklep\/produkt\/mocowanie-z-wysiegnikiem-na-kask-insta360-do-kamer-sportowych-30-cm-karbonowy\/"]}]},{"@type":"ImageObject","inLanguage":"pl-PL","@id":"https:\/\/ironsky.pl\/sklep\/produkt\/mocowanie-z-wysiegnikiem-na-kask-insta360-do-kamer-sportowych-30-cm-karbonowy\/#primaryimage","url":"https:\/\/ironsky.pl\/sklep\/wp-content\/uploads\/2024\/09\/23782_1.jpg","contentUrl":"https:\/\/ironsky.pl\/sklep\/wp-content\/uploads\/2024\/09\/23782_1.jpg","width":800,"height":800},{"@type":"BreadcrumbList","@id":"https:\/\/ironsky.pl\/sklep\/produkt\/mocowanie-z-wysiegnikiem-na-kask-insta360-do-kamer-sportowych-30-cm-karbonowy\/#breadcrumb","itemListElement":[{"@type":"ListItem","position":1,"name":"Strona g\u0142\u00f3wna","item":"https:\/\/ironsky.pl\/sklep\/"},{"@type":"ListItem","position":2,"name":"Wszystkie produkty","item":"https:\/\/ironsky.pl\/sklep\/produkty\/"},{"@type":"ListItem","position":3,"name":"Mocowanie z wysi\u0119gnikiem na kask Insta360 do kamer sportowych (30 cm, karbonowy)"}]},{"@type":"WebSite","@id":"https:\/\/ironsky.pl\/sklep\/#website","url":"https:\/\/ironsky.pl\/sklep\/","name":"IRONSKY.PL Sklep z Dronami","description":"IRONSKY.PL Sklep z Dronami","potentialAction":[{"@type":"SearchAction","target":{"@type":"EntryPoint","urlTemplate":"https:\/\/ironsky.pl\/sklep\/?s={search_term_string}"},"query-input":{"@type":"PropertyValueSpecification","valueRequired":true,"valueName":"search_term_string"}}],"inLanguage":"pl-PL"}]}},"_links":{"self":[{"href":"https:\/\/ironsky.pl\/sklep\/wp-json\/wp\/v2\/product\/23741","targetHints":{"allow":["GET"]}}],"collection":[{"href":"https:\/\/ironsky.pl\/sklep\/wp-json\/wp\/v2\/product"}],"about":[{"href":"https:\/\/ironsky.pl\/sklep\/wp-json\/wp\/v2\/types\/product"}],"replies":[{"embeddable":true,"href":"https:\/\/ironsky.pl\/sklep\/wp-json\/wp\/v2\/comments?post=23741"}],"wp:featuredmedia":[{"embeddable":true,"href":"https:\/\/ironsky.pl\/sklep\/wp-json\/wp\/v2\/media\/23742"}],"wp:attachment":[{"href":"https:\/\/ironsky.pl\/sklep\/wp-json\/wp\/v2\/media?parent=23741"}],"wp:term":[{"taxonomy":"product_brand","embeddable":true,"href":"https:\/\/ironsky.pl\/sklep\/wp-json\/wp\/v2\/product_brand?post=23741"},{"taxonomy":"product_cat","embeddable":true,"href":"https:\/\/ironsky.pl\/sklep\/wp-json\/wp\/v2\/product_cat?post=23741"},{"taxonomy":"product_tag","embeddable":true,"href":"https:\/\/ironsky.pl\/sklep\/wp-json\/wp\/v2\/product_tag?post=23741"}],"curies":[{"name":"wp","href":"https:\/\/api.w.org\/{rel}","templated":true}]}}