{"id":23712,"date":"2024-09-16T18:52:23","date_gmt":"2024-09-16T16:52:23","guid":{"rendered":"http:\/\/gvshalph.pro-linuxpl.com\/ironskyprodukty\/produkt\/kamera-insta360-one-rs-twin-edition\/"},"modified":"2026-03-05T15:50:43","modified_gmt":"2026-03-05T14:50:43","slug":"kamera-insta360-one-rs-twin-edition","status":"publish","type":"product","link":"https:\/\/ironsky.pl\/sklep\/produkt\/kamera-insta360-one-rs-twin-edition\/","title":{"rendered":"Kamera Insta360 ONE RS Twin Edition"},"content":{"rendered":"<h3>Kamera Insta360 ONE RS<\/h3>\n<p>Zyskaj jeszcze wi\u0119cej mo\u017cliwo\u015bci nagrywania. Za pomoc\u0105 modu\u0142owej kamery Insta360 ONE RS mo\u017cesz z \u0142atwo\u015bci\u0105 tworzy\u0107 doskona\u0142ej jako\u015bci filmy 6K, zdj\u0119cia 48 MP i materia\u0142y wideo 360\u00b0. 2 wymienne obiektywy sprawdz\u0105 si\u0119 w wielu r\u00f3\u017cnych zastosowaniach, a dost\u0119pne w aplikacji Insta360 funkcje pomog\u0105 Ci uwolni\u0107 kreatywno\u015b\u0107. Kamera jest wodoodporna na poziomie IPX8, a jej wytrzyma\u0142y akumulator zapewnia d\u0142ugi czas pracy. Z ONE RS mo\u017cesz te\u017c prowadzi\u0107 transmisje na \u017cywo i cieszy\u0107 si\u0119 niezawodn\u0105 stabilizacj\u0105 materia\u0142\u00f3w. Teraz wszystko, czego potrzebujesz, masz w jednym urz\u0105dzeniu!<\/p>\n<p><img decoding=\"async\" src=\"https:\/\/b2b.innpro.pl\/data\/include\/cms\/Insta360\/Insta360_ONE-RS\/5.jpg?v=1647612579530\" border=\"0\" alt=\"\" width=\"1100\" height=\"700\" \/><\/p>\n<h3>Udoskonalony obiektyw 4K Boost<\/h3>\n<p>Nowy obiektyw 4K Boost to idealna opcja dla sportowc\u00f3w i os\u00f3b, kt\u00f3re chc\u0105 tworzy\u0107 dynamiczne, a zarazem szczeg\u00f3\u0142owe uj\u0119cia w ruchu. Ulepszona matryca 1\/2\u2033 pozwala wykonywa\u0107 zachwycaj\u0105ce zdj\u0119cia 48 MP i nagrywa\u0107 filmy 4K\/60FPS. Z obiektywem 4K Boost mo\u017cesz te\u017c korzysta\u0107 z 2 innowacyjnych tryb\u00f3w. Active HDR zapewnia stabilizacj\u0119 wideo, kiedy si\u0119 ruszasz i oferuje bogactwo detali zar\u00f3wno w jasnych, jak i ciemnych obszarach. Tryb Widescreen 6K umo\u017cliwia nagrywanie doskona\u0142ej jako\u015bci materia\u0142\u00f3w 6K w klasycznym formacie obrazu 2.35:1. Filmy na kinowym poziomie s\u0105 w zasi\u0119gu r\u0119ki!<\/p>\n<p><img decoding=\"async\" src=\"https:\/\/b2b.innpro.pl\/data\/include\/cms\/Insta360\/Insta360_ONE-RS\/2.jpg?v=1647612579530\" border=\"0\" alt=\"\" width=\"1100\" height=\"700\" \/><\/p>\n<h3>Obiektyw 360<\/h3>\n<p>Skup si\u0119 na tym, co dzieje si\u0119 dooko\u0142a i pozw\u00f3l kamerze zaj\u0105\u0107 si\u0119 reszt\u0105. Obiektyw 360 pozwala nagrywa\u0107 wideo 360\u00b0 w rozdzielczo\u015bci 5.7K. W ten spos\u00f3b stworzysz fantastyczne materia\u0142y, kiedy jedziesz na motorze, zje\u017cd\u017casz na nartach czy podr\u00f3\u017cujesz z przyjaci\u00f3\u0142mi. Na ko\u0144cu, podczas edycji mo\u017cesz wybra\u0107 najlepsze uj\u0119cia i wyeksportowa\u0107 je jako zwyk\u0142y film. Mo\u017cna te\u017c zamontowa\u0107 kamer\u0119 na specjalnym Selfie Sticku i w prosty spos\u00f3b usun\u0105\u0107 go z filmu w procesie postprodukcji. W ten spos\u00f3b uzyskasz na przyk\u0142ad oryginalne uj\u0119cie z perspektywy trzeciej osoby.<\/p>\n<p><img decoding=\"async\" src=\"https:\/\/b2b.innpro.pl\/data\/include\/cms\/Insta360\/Insta360_ONE-RS\/6.jpg?v=1647612579530\" border=\"0\" alt=\"\" width=\"1100\" height=\"700\" \/><\/p>\n<h3>Opcjonalny obiektyw szerokok\u0105tny<\/h3>\n<p>Opcjonalnie dost\u0119pny jest r\u00f3wnie\u017c stworzony we wsp\u00f3\u0142pracy z Leica obiektyw szerokok\u0105tny, kt\u00f3ry zosta\u0142 wyposa\u017cony w 1-calow\u0105 matryc\u0119 &#8211; obecnie najwi\u0119ksz\u0105, jak\u0105 mo\u017cna spotka\u0107 w wypadku kamer sportowych. Za jego pomoc\u0105 mo\u017cesz wykona\u0107 wysokiej jako\u015bci filmy 5.3K, kt\u00f3re zaskocz\u0105 Ci\u0119 bogactwem szczeg\u00f3\u0142\u00f3w i naturaln\u0105, wyrazist\u0105 kolorystyk\u0105. Efekty b\u0119d\u0105 naprawd\u0119 znakomite, nawet gdy b\u0119dziesz nagrywa\u0107 w s\u0142abym o\u015bwietleniu! Uwaga: obiektyw szerokok\u0105tny nie wchodzi w sk\u0142ad zestawu.<\/p>\n<p><img decoding=\"async\" src=\"https:\/\/b2b.innpro.pl\/data\/include\/cms\/Insta360\/Insta360_ONE-RS\/4.jpg?v=1647612579530\" border=\"0\" alt=\"\" width=\"1100\" height=\"700\" \/><\/p>\n<h3>Niezawodna stabilizacja<\/h3>\n<p>Tw\u00f3rz niesamowicie p\u0142ynne, dynamiczne uj\u0119cia i zapomnij o niepo\u017c\u0105danych wstrz\u0105sach. Stabilizacja FlowState zapewni Ci fantastyczne rezultaty. Ju\u017c nie musisz traci\u0107 czasu na edycj\u0119 materia\u0142\u00f3w! Dost\u0119pna jest tak\u017ce funkcja Horizon Lock, kt\u00f3ra umo\u017cliwia idealne poziomowanie horyzontu. Niewa\u017cne, jak bardzo przechylisz kamer\u0119 &#8211; efekt b\u0119dzie zachwycaj\u0105cy!<\/p>\n<p><img decoding=\"async\" src=\"https:\/\/b2b.innpro.pl\/data\/include\/cms\/Insta360\/Insta360_ONE-RS\/1.jpg?v=1647612579530\" border=\"0\" alt=\"\" width=\"1100\" height=\"700\" \/><\/p>\n<h3>Ulepszone dzia\u0142anie<\/h3>\n<p>Obs\u0142uga kamery jest niesamowicie prosta i przyjemna. Przyjazne u\u017cytkownikom Quick menu zapewnia szybki dost\u0119p do domy\u015blnych tryb\u00f3w nagrywania, a szybsze o 50% WiFi umo\u017cliwia bezproblemowy transfer plik\u00f3w. Funkcja Instant Zoom pozwala na nawet 2,7-krotne cyfrowe zbli\u017cenie obrazu, a dodatkowy mikrofon oraz algorytm Wind Noise Reduction zapewniaj\u0105 krystalicznie czysty, wyrazisty d\u017awi\u0119k. Dost\u0119pne jest r\u00f3wnie\u017c specjalne akcesorium Quick Reader, kt\u00f3re umo\u017cliwia wygodne przesy\u0142anie materia\u0142\u00f3w bez u\u017cycia WiFi. Wystarczy pod\u0142\u0105czy\u0107 je do kamery, zapisa\u0107 pliki na karcie SD, a nast\u0119pnie podpi\u0105\u0107 je do telefonu, aby rozpocz\u0105\u0107 edycj\u0119!<\/p>\n<p><img decoding=\"async\" src=\"https:\/\/b2b.innpro.pl\/data\/include\/cms\/Insta360\/Insta360_ONE-RS\/8.jpg?v=1647612579530\" border=\"0\" alt=\"\" width=\"1100\" height=\"700\" \/><\/p>\n<h3>Starannie przemy\u015blany design<\/h3>\n<p>Ta wyj\u0105tkowa kamera mo\u017ce Ci towarzyszy\u0107 niemal wsz\u0119dzie. Jest niezwykle lekka i kompaktowa, a zarazem wytrzyma\u0142a. Wyr\u00f3\u017cnia j\u0105 tak\u017ce wodoodporno\u015b\u0107 IPX8. Mo\u017cesz bez obaw zanurzy\u0107 j\u0105 na g\u0142\u0119boko\u015b\u0107 do 5 m. Co wi\u0119cej, ulepszone mocowanie pozwala szybko wymienia\u0107 obiektywy, a panel odprowadzaj\u0105cy ciep\u0142o sprawia, \u017ce ONE RS nie b\u0119dzie si\u0119 przegrzewa\u0107. Dost\u0119pna jest r\u00f3wnie\u017c przeciwwietrzna os\u0142ona na mikrofon, dzi\u0119ki kt\u00f3rej mo\u017cesz nagrywa\u0107 doskona\u0142ej jako\u015bci d\u017awi\u0119k nawet w trudnych warunkach. Ponadto akumulator o pojemno\u015bci 1445 mAh zapewnia jeszcze d\u0142u\u017cszy czas pracy.<\/p>\n<p><img decoding=\"async\" src=\"https:\/\/b2b.innpro.pl\/data\/include\/cms\/Insta360\/Insta360_ONE-RS\/9.jpg?v=1647612579530\" border=\"0\" alt=\"\" width=\"1100\" height=\"700\" \/><\/p>\n<h3>Prosta edycja materia\u0142\u00f3w<\/h3>\n<p>Z aplikacj\u0105 Insta360 edycja materia\u0142\u00f3w staje si\u0119 prostsza ni\u017c kiedykolwiek wcze\u015bniej. Mn\u00f3stwo inteligentnych funkcji pozwoli Ci uatrakcyjni\u0107 Twoje filmy i nada\u0107 im unikalny charakter. Snap Wizard pomo\u017ce Ci edytowa\u0107 i eksportowa\u0107 wideo 360 &#8211; teraz z \u0142atwo\u015bci\u0105 znajdziesz idealny k\u0105t. Shot Lab oferuje wiele efekt\u00f3w takich jak Clone Loop, Stop Motion, Cinelapse, Hyperlapse, Cloning, Center Stage i Freeze Throw. Keyframe pozwala zmienia\u0107 perspektyw\u0119, Auto Frame znajduje najlepsze uj\u0119cia w wideo 360\u00b0, a tryb \u015bledzenia Deep Track 2.0 utrzyma wskazany obiekt w centrum kadru podczas nagrywania.<\/p>\n<p><img decoding=\"async\" src=\"https:\/\/b2b.innpro.pl\/data\/include\/cms\/Insta360\/Insta360_ONE-RS\/10.jpg?v=1647612579530\" border=\"0\" alt=\"\" width=\"1100\" height=\"700\" \/><\/p>\n<h3>Jeszcze wi\u0119cej funkcji<\/h3>\n<p>Zwolnij tempo nawet 8-krotnie z obiektywem 4K Boost lub 4-krotnie z obiektywem 360 &#8211; z funkcj\u0105 Slow Mo wszystko jest mo\u017cliwe! Dost\u0119pne s\u0105 r\u00f3wnie\u017c funkcje takie jak Speed Slider, Bullet Time, TimeShift, Freeze Frame, PureShot, GPS Stats, MultiView i AquaVision 2.0. Co wi\u0119cej, osoby, kt\u00f3re wol\u0105 edytowa\u0107 nagrania na komputerze, mog\u0105 skorzysta\u0107 z darmowego programu Insta360 Studio lub wtyczek do Adobe Premiere Pro i Final Cut Pro.<\/p>\n<p><img decoding=\"async\" src=\"https:\/\/b2b.innpro.pl\/data\/include\/cms\/Insta360\/Insta360_ONE-RS\/3.jpg?v=1647612579530\" border=\"0\" alt=\"\" width=\"1100\" height=\"700\" \/><\/p>\n<h3>Co\u015b wi\u0119cej ni\u017c kamera sportowa<\/h3>\n<p>Insta360 ONE RS to co\u015b wi\u0119cej ni\u017c zwyk\u0142a kamera. Za jej pomoc\u0105 mo\u017cesz te\u017c prowadzi\u0107 streamy 360\u00b0 w mediach spo\u0142eczno\u015bciowych takich jak Facebook czy YouTube. Teraz Twoi widzowie mog\u0105 prze\u017cywa\u0107 ekscytuj\u0105ce przygody razem z Tob\u0105! ONE RS sprawdzi si\u0119 r\u00f3wnie\u017c w roli kamery internetowej. Jest kompatybilna z platformami takimi jak Zoom i Microsoft Teams. To \u015bwietne rozwi\u0105zanie podczas nauki lub pracy zdalnej! W sprzeda\u017cy dost\u0119pne s\u0105 r\u00f3wnie\u017c akcesoria, kt\u00f3re u\u0142atwi\u0105 Ci nagrywanie &#8211; na przyk\u0142ad filtry ND, rozmaite adaptery i mocowania, a tak\u017ce etui wodoodporne dla obiektywu 4K Boost.<\/p>\n<p><img decoding=\"async\" src=\"https:\/\/b2b.innpro.pl\/data\/include\/cms\/Insta360\/Insta360_ONE-RS\/7.jpg?v=1647612579530\" border=\"0\" alt=\"\" width=\"1100\" height=\"700\" \/><\/p>\n<div class=\"table-wrapper\">\n<h1>Og\u00f3lne<\/h1>\n<p>\u00a0<\/p>\n<table>\n<tbody>\n<tr>\n<th>Producent<\/th>\n<td>Insta360<\/td>\n<\/tr>\n<tr>\n<th>Model<\/th>\n<td>ONE RS<\/td>\n<\/tr>\n<tr>\n<th>Bluetooth<\/th>\n<td>5.0<\/td>\n<\/tr>\n<tr>\n<th>Wi-Fi<\/th>\n<td>5 GHz (standardowy zasi\u0119g do 20 m, maks. pr\u0119dko\u015b\u0107 transmisji oko\u0142o 20 MB\/s)<\/td>\n<\/tr>\n<tr>\n<th>Karta microSD<\/th>\n<td>Zalecane s\u0105 karty microSD sformatowane w systemie exFAT z interfejsem UHS-I i klas\u0105 pr\u0119dko\u015bci wideo V30 (dok\u0142adnie ta klasa &#8211; ani wy\u017csza, ani ni\u017csza) o maksymalnej pojemno\u015bci 1 TB.<\/td>\n<\/tr>\n<tr>\n<th>Pojemno\u015b\u0107 akumulatora<\/th>\n<td>1445 mAh<\/td>\n<\/tr>\n<tr>\n<th>Interfejs \u0142adowania<\/th>\n<td>USB-C<\/td>\n<\/tr>\n<tr>\n<th>Czas \u0142adowania<\/th>\n<td>Ok. 60 minut (urz\u0105dzenie wy\u0142\u0105czone)<\/td>\n<\/tr>\n<tr>\n<th>Temperatura pracy<\/th>\n<td>-20\u00b0C &#8211; 40\u00b0C<\/td>\n<\/tr>\n<tr>\n<th>Format audio<\/th>\n<td>48 kHz, AAC<\/td>\n<\/tr>\n<tr>\n<th>Kompatybilno\u015b\u0107<\/th>\n<td>iOS: urz\u0105dzenia z chipami A11 lub nowszymi, wersja systemu iOS 12.0 lub nowsza, urz\u0105dzenia takie jak iPhone SE 2, iPhone 8, iPhone 8 Plus, iPhone XR, iPhone XS, iPhone XS Max, iPhone X, iPhone 11, iPhone 11 Pro, iPhone 11 Pro Max, iPhone 12, iPhone 12 Pro, iPhone 12 Pro Max, iPhone 12 Mini, iPhone 13, iPhone 13 Pro, iPhone 13 Pro Max, iPhone 13 Mini, iPad Air (2020), iPad Pro i nowsze modele iPad\u00f3w;<br \/>Android: urz\u0105dzenia z chipami Kirin 980 i nowszymi (na przyk\u0142ad Huawei Mate 20, P30 i nowsze), urz\u0105dzenia z chipami Snapdragon 845 i nowszymi (na przyk\u0142ad Samsung Galaxy S9, S9+, Note9 i nowsze), urz\u0105dzenia z chipami Exynos 9810 i nowszymi (na przyk\u0142ad Samsung Galaxy S9, S9+, Note9 i nowsze);<\/p>\n<p>Uwaga: Urz\u0105dzenia, kt\u00f3re nie spe\u0142niaj\u0105 powy\u017cszych wymaga\u0144, mog\u0105 umo\u017cliwia\u0107 korzystanie z aplikacji do obs\u0142ugi kamery, ale wydajno\u015b\u0107 niekt\u00f3rych funkcji mo\u017ce nie by\u0107 optymalna.<\/td>\n<\/tr>\n<\/tbody>\n<\/table>\n<p>\u00a0<\/p>\n<h1>Obiektyw 4K Boost<\/h1>\n<p>\u00a0<\/p>\n<table>\n<tbody>\n<tr>\n<th>Przys\u0142ona<\/th>\n<td>F2.4<\/td>\n<\/tr>\n<tr>\n<th>Ekwiwalent ogniskowej dla 35 mm<\/th>\n<td>16 mm<\/td>\n<\/tr>\n<tr>\n<th>Rozdzielczo\u015b\u0107 zdj\u0119\u0107<\/th>\n<td>8000&#215;6000 (4:3), 8000&#215;4500 (16:9), 4000&#215;3000 (4:3), 4000&#215;2250 (16:9)<\/td>\n<\/tr>\n<tr>\n<th>Rozdzielczo\u015b\u0107 wideo<\/th>\n<td>6016&#215;2560 @ 25\/24FPS (w trybie 6K Widescreen), 4000&#215;3000 @ 24\/25\/30 FPS, 3840&#215;2160 @ 24\/25\/30\/50\/60 FPS, 2720&#215;1530 @ 24\/25\/30\/60\/100 FPS, 1920&#215;1080 @ 24\/25\/30\/60\/120\/200 FPS<\/td>\n<\/tr>\n<tr>\n<th>Format zdj\u0119\u0107<\/th>\n<td>JPG, RAW (dng), (aby eksportowa\u0107 pliki RAW niezb\u0119dne jest oprogramowanie na PC \/ Mac)<\/td>\n<\/tr>\n<tr>\n<th>Format wideo<\/th>\n<td>MP4 (aby dostosowa\u0107 proporcje obrazu i zastosowa\u0107 stabilizacj\u0119 Post FlowState w wypadku plik\u00f3w z przedrostkiem &#8222;PRO_&#8221;, nale\u017cy zaimportowa\u0107 je do aplikacji\/Studia)<\/td>\n<\/tr>\n<tr>\n<th>Tryby zdj\u0119\u0107<\/th>\n<td>Standard, HDR, Interval, Night Shot, Starlapse, Burst, PureShot<\/td>\n<\/tr>\n<tr>\n<th>Tryby wideo<\/th>\n<td>Standard Video, Slow Motion, Active HDR, Timelapse, TimeShift, Loop Recording, 6K Widescreen, FlowState (stabilizacja za pomoc\u0105 kamery), Post FlowState (stabilizacja w aplikacji)<\/td>\n<\/tr>\n<tr>\n<th>Profile kolor\u00f3w<\/th>\n<td>Standard, Vivid, LOG<\/td>\n<\/tr>\n<tr>\n<th>Waga<\/th>\n<td>125,3 g<\/td>\n<\/tr>\n<tr>\n<th>Wymiary<\/th>\n<td>70,1 x 49,1 x 32,6 mm<\/td>\n<\/tr>\n<tr>\n<th>Czas pracy<\/th>\n<td>Do 75 minut (testowano w warunkach laboratoryjnych w trybie 4K\/60FPS FlowState)<\/td>\n<\/tr>\n<tr>\n<th>Bitrate wideo<\/th>\n<td>100 Mbps<\/td>\n<\/tr>\n<tr>\n<th>\u017byroskop<\/th>\n<td>6-osiowy<\/td>\n<\/tr>\n<tr>\n<th>Transmisja na \u017cywo<\/th>\n<td>Nie<\/td>\n<\/tr>\n<tr>\n<th>Warto\u015b\u0107 ekspozycji<\/th>\n<td>\u00b14EV<\/td>\n<\/tr>\n<tr>\n<th>Zakres ISO<\/th>\n<td>Zdj\u0119cia: 100-6400;<br \/>Filmy: 100-6400;<\/td>\n<\/tr>\n<tr>\n<th>Czas na\u015bwietlania<\/th>\n<td>Zdj\u0119cia: 1\/8000-120 s;<br \/>Filmy: 1\/8000 do limitu klatek na sekund\u0119;<\/td>\n<\/tr>\n<tr>\n<th>Balans bieli<\/th>\n<td>2000K-10000K<\/td>\n<\/tr>\n<tr>\n<th>Tryby audio<\/th>\n<td>Wind Reduction, Directional Enhancement, Stereo<\/td>\n<\/tr>\n<\/tbody>\n<\/table>\n<p>\u00a0<\/p>\n<h1>Obiektyw 360<\/h1>\n<p>\u00a0<\/p>\n<table>\n<tbody>\n<tr>\n<th>Przys\u0142ona<\/th>\n<td>F2.0<\/td>\n<\/tr>\n<tr>\n<th>Ekwiwalent ogniskowej dla 35 mm<\/th>\n<td>7,2 mm<\/td>\n<\/tr>\n<tr>\n<th>Rozdzielczo\u015b\u0107 zdj\u0119\u0107<\/th>\n<td>6080:3040 (2:1)<\/td>\n<\/tr>\n<tr>\n<th>Rozdzielczo\u015b\u0107 wideo<\/th>\n<td>5760&#215;2880 @ 30\/25\/24 FPS, 3840&#215;1920 @ 50\/30 FPS, 3008&#215;1504 @ 100 FPS<\/td>\n<\/tr>\n<tr>\n<th>Format zdj\u0119\u0107<\/th>\n<td>INSP, RAW (dng), (aby eksportowa\u0107 pliki RAW niezb\u0119dne jest oprogramowanie na PC \/ Mac)<\/td>\n<\/tr>\n<tr>\n<th>Format wideo<\/th>\n<td>INSV (mo\u017cna eksportowa\u0107 do aplikacji lub Studia)<\/td>\n<\/tr>\n<tr>\n<th>Tryby zdj\u0119\u0107<\/th>\n<td>Standard, HDR, Interval, Night Shot, Starlapse, Burst, PureShot<\/td>\n<\/tr>\n<tr>\n<th>Tryby wideo<\/th>\n<td>Standard Video, HDR, Timelapse, TimeShift, Bullet Time, Loop Recording<\/td>\n<\/tr>\n<tr>\n<th>Profile kolor\u00f3w<\/th>\n<td>Standard, Vivid, LOG<\/td>\n<\/tr>\n<tr>\n<th>Waga<\/th>\n<td>135,3 g<\/td>\n<\/tr>\n<tr>\n<th>Wymiary<\/th>\n<td>70,1 x 49,1 x 43 mm<\/td>\n<\/tr>\n<tr>\n<th>Czas pracy<\/th>\n<td>Do 82 minut (testowano w warunkach laboratoryjnych w trybie 5.7K\/30FPS)<\/td>\n<\/tr>\n<tr>\n<th>Bitrate wideo<\/th>\n<td>100 Mbps<\/td>\n<\/tr>\n<tr>\n<th>\u017byroskop<\/th>\n<td>6-osiowy<\/td>\n<\/tr>\n<tr>\n<th>Transmisja na \u017cywo<\/th>\n<td>360 Live, Reframe Live (streamer ustawia sta\u0142\u0105 perspektyw\u0119)<\/td>\n<\/tr>\n<tr>\n<th>Warto\u015b\u0107 ekspozycji<\/th>\n<td>\u00b14EV<\/td>\n<\/tr>\n<tr>\n<th>Zakres ISO<\/th>\n<td>Zdj\u0119cia: 100-3200;<br \/>Filmy: 100-3200;<\/td>\n<\/tr>\n<tr>\n<th>Czas na\u015bwietlania<\/th>\n<td>Zdj\u0119cia: 1\/8000-120 s;<br \/>Filmy: 1\/8000 do limitu klatek na sekund\u0119;<\/td>\n<\/tr>\n<tr>\n<th>Balans bieli<\/th>\n<td>2000K-10000K<\/td>\n<\/tr>\n<tr>\n<th>Tryby audio<\/th>\n<td>Wind Reduction, Stereo<\/td>\n<\/tr>\n<\/tbody>\n<\/table>\n<\/div>\n","protected":false},"excerpt":{"rendered":"<p>Kamera Insta360 ONE RS Zyskaj jeszcze wi\u0119cej mo\u017cliwo\u015bci nagrywania. Za pomoc\u0105 modu\u0142owej kamery Insta360 ONE RS mo\u017cesz z \u0142atwo\u015bci\u0105 tworzy\u0107<\/p>\n","protected":false},"featured_media":23713,"comment_status":"closed","ping_status":"open","template":"","meta":{"_acf_changed":false},"product_brand":[],"product_cat":[1128,1160,1158],"product_tag":[],"class_list":{"0":"post-23712","1":"product","2":"type-product","3":"status-publish","4":"has-post-thumbnail","6":"product_cat-foto-wideo","7":"product_cat-insta-360","8":"product_cat-kamery-sportowe","9":"pa_box-height-2378","10":"pa_box-length-1403","11":"pa_box-width-2790","12":"pa_gross-weight-1882","13":"pa_hs-code-2354","14":"pa_net-weight-2453","16":"first","17":"outofstock","18":"taxable","19":"shipping-taxable","20":"purchasable","21":"product-type-simple"},"acf":[],"yoast_head":"<!-- This site is optimized with the Yoast SEO plugin v27.2 - https:\/\/yoast.com\/product\/yoast-seo-wordpress\/ -->\n<title>Kamera Insta360 ONE RS Twin Edition - IRONSKY.PL Sklep z Dronami<\/title>\n<meta name=\"description\" content=\"Kamera Insta360 ONE RS Twin Edition - \u2705 sklep z dronami i fachowym doradztwem. \u2705 Tutaj kupisz produkty DJI, Yuneec, Parrot, Syma i wiele innych, a tak\u017ce kursy i licencje na operatora drona.\" \/>\n<meta name=\"robots\" content=\"index, follow, max-snippet:-1, max-image-preview:large, max-video-preview:-1\" \/>\n<link rel=\"canonical\" href=\"https:\/\/ironsky.pl\/sklep\/produkt\/kamera-insta360-one-rs-twin-edition\/\" \/>\n<meta property=\"og:locale\" content=\"pl_PL\" \/>\n<meta property=\"og:type\" content=\"article\" \/>\n<meta property=\"og:title\" content=\"Kamera Insta360 ONE RS Twin Edition - IRONSKY.PL Sklep z Dronami\" \/>\n<meta property=\"og:description\" content=\"Kamera Insta360 ONE RS Twin Edition - \u2705 sklep z dronami i fachowym doradztwem. \u2705 Tutaj kupisz produkty DJI, Yuneec, Parrot, Syma i wiele innych, a tak\u017ce kursy i licencje na operatora drona.\" \/>\n<meta property=\"og:url\" content=\"https:\/\/ironsky.pl\/sklep\/produkt\/kamera-insta360-one-rs-twin-edition\/\" \/>\n<meta property=\"og:site_name\" content=\"IRONSKY.PL Sklep z Dronami\" \/>\n<meta property=\"article:modified_time\" content=\"2026-03-05T14:50:43+00:00\" \/>\n<meta property=\"og:image\" content=\"https:\/\/ironsky.pl\/sklep\/wp-content\/uploads\/2024\/09\/23727_4.jpg\" \/>\n\t<meta property=\"og:image:width\" content=\"800\" \/>\n\t<meta property=\"og:image:height\" content=\"800\" \/>\n\t<meta property=\"og:image:type\" content=\"image\/jpeg\" \/>\n<meta name=\"twitter:card\" content=\"summary_large_image\" \/>\n<meta name=\"twitter:label1\" content=\"Szacowany czas czytania\" \/>\n\t<meta name=\"twitter:data1\" content=\"7 minut\" \/>\n<script type=\"application\/ld+json\" class=\"yoast-schema-graph\">{\"@context\":\"https:\/\/schema.org\",\"@graph\":[{\"@type\":\"WebPage\",\"@id\":\"https:\/\/ironsky.pl\/sklep\/produkt\/kamera-insta360-one-rs-twin-edition\/\",\"url\":\"https:\/\/ironsky.pl\/sklep\/produkt\/kamera-insta360-one-rs-twin-edition\/\",\"name\":\"Kamera Insta360 ONE RS Twin Edition - IRONSKY.PL Sklep z Dronami\",\"isPartOf\":{\"@id\":\"https:\/\/ironsky.pl\/sklep\/#website\"},\"primaryImageOfPage\":{\"@id\":\"https:\/\/ironsky.pl\/sklep\/produkt\/kamera-insta360-one-rs-twin-edition\/#primaryimage\"},\"image\":{\"@id\":\"https:\/\/ironsky.pl\/sklep\/produkt\/kamera-insta360-one-rs-twin-edition\/#primaryimage\"},\"thumbnailUrl\":\"https:\/\/ironsky.pl\/sklep\/wp-content\/uploads\/2024\/09\/23727_4.jpg\",\"datePublished\":\"2024-09-16T16:52:23+00:00\",\"dateModified\":\"2026-03-05T14:50:43+00:00\",\"description\":\"Kamera Insta360 ONE RS Twin Edition - \u2705 sklep z dronami i fachowym doradztwem. \u2705 Tutaj kupisz produkty DJI, Yuneec, Parrot, Syma i wiele innych, a tak\u017ce kursy i licencje na operatora drona.\",\"breadcrumb\":{\"@id\":\"https:\/\/ironsky.pl\/sklep\/produkt\/kamera-insta360-one-rs-twin-edition\/#breadcrumb\"},\"inLanguage\":\"pl-PL\",\"potentialAction\":[{\"@type\":\"ReadAction\",\"target\":[\"https:\/\/ironsky.pl\/sklep\/produkt\/kamera-insta360-one-rs-twin-edition\/\"]}]},{\"@type\":\"ImageObject\",\"inLanguage\":\"pl-PL\",\"@id\":\"https:\/\/ironsky.pl\/sklep\/produkt\/kamera-insta360-one-rs-twin-edition\/#primaryimage\",\"url\":\"https:\/\/ironsky.pl\/sklep\/wp-content\/uploads\/2024\/09\/23727_4.jpg\",\"contentUrl\":\"https:\/\/ironsky.pl\/sklep\/wp-content\/uploads\/2024\/09\/23727_4.jpg\",\"width\":800,\"height\":800},{\"@type\":\"BreadcrumbList\",\"@id\":\"https:\/\/ironsky.pl\/sklep\/produkt\/kamera-insta360-one-rs-twin-edition\/#breadcrumb\",\"itemListElement\":[{\"@type\":\"ListItem\",\"position\":1,\"name\":\"Strona g\u0142\u00f3wna\",\"item\":\"https:\/\/ironsky.pl\/sklep\/\"},{\"@type\":\"ListItem\",\"position\":2,\"name\":\"Wszystkie produkty\",\"item\":\"https:\/\/ironsky.pl\/sklep\/produkty\/\"},{\"@type\":\"ListItem\",\"position\":3,\"name\":\"Kamera Insta360 ONE RS Twin Edition\"}]},{\"@type\":\"WebSite\",\"@id\":\"https:\/\/ironsky.pl\/sklep\/#website\",\"url\":\"https:\/\/ironsky.pl\/sklep\/\",\"name\":\"IRONSKY.PL Sklep z Dronami\",\"description\":\"IRONSKY.PL Sklep z Dronami\",\"potentialAction\":[{\"@type\":\"SearchAction\",\"target\":{\"@type\":\"EntryPoint\",\"urlTemplate\":\"https:\/\/ironsky.pl\/sklep\/?s={search_term_string}\"},\"query-input\":{\"@type\":\"PropertyValueSpecification\",\"valueRequired\":true,\"valueName\":\"search_term_string\"}}],\"inLanguage\":\"pl-PL\"}]}<\/script>\n<!-- \/ Yoast SEO plugin. -->","yoast_head_json":{"title":"Kamera Insta360 ONE RS Twin Edition - IRONSKY.PL Sklep z Dronami","description":"Kamera Insta360 ONE RS Twin Edition - \u2705 sklep z dronami i fachowym doradztwem. \u2705 Tutaj kupisz produkty DJI, Yuneec, Parrot, Syma i wiele innych, a tak\u017ce kursy i licencje na operatora drona.","robots":{"index":"index","follow":"follow","max-snippet":"max-snippet:-1","max-image-preview":"max-image-preview:large","max-video-preview":"max-video-preview:-1"},"canonical":"https:\/\/ironsky.pl\/sklep\/produkt\/kamera-insta360-one-rs-twin-edition\/","og_locale":"pl_PL","og_type":"article","og_title":"Kamera Insta360 ONE RS Twin Edition - IRONSKY.PL Sklep z Dronami","og_description":"Kamera Insta360 ONE RS Twin Edition - \u2705 sklep z dronami i fachowym doradztwem. \u2705 Tutaj kupisz produkty DJI, Yuneec, Parrot, Syma i wiele innych, a tak\u017ce kursy i licencje na operatora drona.","og_url":"https:\/\/ironsky.pl\/sklep\/produkt\/kamera-insta360-one-rs-twin-edition\/","og_site_name":"IRONSKY.PL Sklep z Dronami","article_modified_time":"2026-03-05T14:50:43+00:00","og_image":[{"width":800,"height":800,"url":"https:\/\/ironsky.pl\/sklep\/wp-content\/uploads\/2024\/09\/23727_4.jpg","type":"image\/jpeg"}],"twitter_card":"summary_large_image","twitter_misc":{"Szacowany czas czytania":"7 minut"},"schema":{"@context":"https:\/\/schema.org","@graph":[{"@type":"WebPage","@id":"https:\/\/ironsky.pl\/sklep\/produkt\/kamera-insta360-one-rs-twin-edition\/","url":"https:\/\/ironsky.pl\/sklep\/produkt\/kamera-insta360-one-rs-twin-edition\/","name":"Kamera Insta360 ONE RS Twin Edition - IRONSKY.PL Sklep z Dronami","isPartOf":{"@id":"https:\/\/ironsky.pl\/sklep\/#website"},"primaryImageOfPage":{"@id":"https:\/\/ironsky.pl\/sklep\/produkt\/kamera-insta360-one-rs-twin-edition\/#primaryimage"},"image":{"@id":"https:\/\/ironsky.pl\/sklep\/produkt\/kamera-insta360-one-rs-twin-edition\/#primaryimage"},"thumbnailUrl":"https:\/\/ironsky.pl\/sklep\/wp-content\/uploads\/2024\/09\/23727_4.jpg","datePublished":"2024-09-16T16:52:23+00:00","dateModified":"2026-03-05T14:50:43+00:00","description":"Kamera Insta360 ONE RS Twin Edition - \u2705 sklep z dronami i fachowym doradztwem. \u2705 Tutaj kupisz produkty DJI, Yuneec, Parrot, Syma i wiele innych, a tak\u017ce kursy i licencje na operatora drona.","breadcrumb":{"@id":"https:\/\/ironsky.pl\/sklep\/produkt\/kamera-insta360-one-rs-twin-edition\/#breadcrumb"},"inLanguage":"pl-PL","potentialAction":[{"@type":"ReadAction","target":["https:\/\/ironsky.pl\/sklep\/produkt\/kamera-insta360-one-rs-twin-edition\/"]}]},{"@type":"ImageObject","inLanguage":"pl-PL","@id":"https:\/\/ironsky.pl\/sklep\/produkt\/kamera-insta360-one-rs-twin-edition\/#primaryimage","url":"https:\/\/ironsky.pl\/sklep\/wp-content\/uploads\/2024\/09\/23727_4.jpg","contentUrl":"https:\/\/ironsky.pl\/sklep\/wp-content\/uploads\/2024\/09\/23727_4.jpg","width":800,"height":800},{"@type":"BreadcrumbList","@id":"https:\/\/ironsky.pl\/sklep\/produkt\/kamera-insta360-one-rs-twin-edition\/#breadcrumb","itemListElement":[{"@type":"ListItem","position":1,"name":"Strona g\u0142\u00f3wna","item":"https:\/\/ironsky.pl\/sklep\/"},{"@type":"ListItem","position":2,"name":"Wszystkie produkty","item":"https:\/\/ironsky.pl\/sklep\/produkty\/"},{"@type":"ListItem","position":3,"name":"Kamera Insta360 ONE RS Twin Edition"}]},{"@type":"WebSite","@id":"https:\/\/ironsky.pl\/sklep\/#website","url":"https:\/\/ironsky.pl\/sklep\/","name":"IRONSKY.PL Sklep z Dronami","description":"IRONSKY.PL Sklep z Dronami","potentialAction":[{"@type":"SearchAction","target":{"@type":"EntryPoint","urlTemplate":"https:\/\/ironsky.pl\/sklep\/?s={search_term_string}"},"query-input":{"@type":"PropertyValueSpecification","valueRequired":true,"valueName":"search_term_string"}}],"inLanguage":"pl-PL"}]}},"_links":{"self":[{"href":"https:\/\/ironsky.pl\/sklep\/wp-json\/wp\/v2\/product\/23712","targetHints":{"allow":["GET"]}}],"collection":[{"href":"https:\/\/ironsky.pl\/sklep\/wp-json\/wp\/v2\/product"}],"about":[{"href":"https:\/\/ironsky.pl\/sklep\/wp-json\/wp\/v2\/types\/product"}],"replies":[{"embeddable":true,"href":"https:\/\/ironsky.pl\/sklep\/wp-json\/wp\/v2\/comments?post=23712"}],"wp:featuredmedia":[{"embeddable":true,"href":"https:\/\/ironsky.pl\/sklep\/wp-json\/wp\/v2\/media\/23713"}],"wp:attachment":[{"href":"https:\/\/ironsky.pl\/sklep\/wp-json\/wp\/v2\/media?parent=23712"}],"wp:term":[{"taxonomy":"product_brand","embeddable":true,"href":"https:\/\/ironsky.pl\/sklep\/wp-json\/wp\/v2\/product_brand?post=23712"},{"taxonomy":"product_cat","embeddable":true,"href":"https:\/\/ironsky.pl\/sklep\/wp-json\/wp\/v2\/product_cat?post=23712"},{"taxonomy":"product_tag","embeddable":true,"href":"https:\/\/ironsky.pl\/sklep\/wp-json\/wp\/v2\/product_tag?post=23712"}],"curies":[{"name":"wp","href":"https:\/\/api.w.org\/{rel}","templated":true}]}}