{"id":23660,"date":"2024-09-16T18:50:46","date_gmt":"2024-09-16T16:50:46","guid":{"rendered":"http:\/\/gvshalph.pro-linuxpl.com\/ironskyprodukty\/produkt\/blendy-fotograficzne-puluz-30cm-srebrna-zlota-futeral\/"},"modified":"2026-03-05T15:50:39","modified_gmt":"2026-03-05T14:50:39","slug":"blendy-fotograficzne-puluz-30cm-srebrna-zlota-futeral","status":"publish","type":"product","link":"https:\/\/ironsky.pl\/sklep\/produkt\/blendy-fotograficzne-puluz-30cm-srebrna-zlota-futeral\/","title":{"rendered":"Blendy fotograficzne Puluz 30cm (srebrna, z\u0142ota) + futera\u0142"},"content":{"rendered":"<h3>Blendy fotograficzne Puluz 30cm<\/h3>\n<p>Blendy fotograficzne marki Puluz to \u015bwietne uzupe\u0142nienie Twoich akcesori\u00f3w fotograficznych. Podnie\u015b jako\u015b\u0107 swoich zdj\u0119\u0107, stawiaj\u0105c na proste, sprawdzone rozwi\u0105zania. Srebrnej i z\u0142otej blendy u\u017cyjesz w r\u00f3\u017cnych sytuacjach, dobieraj\u0105c odpowiedni\u0105 do panuj\u0105cych warunk\u00f3w lub potrzeb &#8211; zar\u00f3wno na zewn\u0105trz, jak i w pomieszczeniu.<\/p>\n<p><img decoding=\"async\" src=\"https:\/\/b2b.innpro.pl\/data\/include\/cms\/02Puluz\/PU5103\/3.jpg\"><\/p>\n<h3>2 kolory &#8211; r\u00f3\u017cne zastosowania<\/h3>\n<p>Z\u0142otej blendy u\u017cyjesz, by podkre\u015bli\u0107 ciep\u0142o kolor\u00f3w i wywo\u0142a\u0107 efekt \u015bwiat\u0142a s\u0142onecznego. Idealnie nadaje si\u0119 do zdj\u0119\u0107 portretowych. Srebrna natomiast, u\u0142atwi Ci prac\u0119 w \u015brodowisku o niskim stopniu o\u015bwietlenia. Oce\u0144 swoje potrzeby i dobierz panel tak, by Twoje zdj\u0119cia wygl\u0105da\u0142y naturalnie &#8211; bez wzgl\u0119du na warunki!<\/p>\n<p><img decoding=\"async\" src=\"https:\/\/b2b.innpro.pl\/data\/include\/cms\/02Puluz\/PU5103\/1.jpg\"><\/p>\n<h3>4-warstwowa budowa<\/h3>\n<p>Blenda sk\u0142ada si\u0119 z 4 oddzielnych warstw, by jak najwydajniej wspomaga\u0107 osi\u0105ganie zamierzonych efekt\u00f3w. Podstawa posiada wy\u017c\u0142obienia, kt\u00f3re zapewniaj\u0105 lepszy efekt odbicia rozproszonego. Kolejna warstwa to t\u0142o wspomagaj\u0105ce uzyskanie wyrazistego koloru na nast\u0119pnym poziomie &#8211; wysokiej jako\u015bci farby odbijaj\u0105cej \u015bwiat\u0142o. Ca\u0142o\u015b\u0107 przykryta jest ochronn\u0105 pow\u0142ok\u0105, kt\u00f3ra skutecznie chroni reszt\u0119 przed zarysowaniami.<\/p>\n<p><img decoding=\"async\" src=\"https:\/\/b2b.innpro.pl\/data\/include\/cms\/02Puluz\/PU5103\/2.jpg\"><\/p>\n<h3>Funkcjonalno\u015b\u0107 i wygoda<\/h3>\n<p>Blendy umieszczone s\u0105 w spr\u0119\u017cynowej, wytrzyma\u0142ej ramie, kt\u00f3ra zosta\u0142a wykonana ze stali. U\u0142atwia to \u015bciskanie i rozpr\u0119\u017canie konstrukcji &#8211; zgodnie z Twoimi potrzebami! Co wi\u0119cej, do\u0142\u0105czone do zestawu etui zapewni Ci wygod\u0119 podczas przemieszczania. B\u0105d\u017a zawsze przygotowany na zaaran\u017cowanie sesji zdj\u0119ciowej!<\/p>\n<p><img decoding=\"async\" src=\"https:\/\/b2b.innpro.pl\/data\/include\/cms\/02Puluz\/PU5103\/5.jpg\"><\/p>\n<h3>W zestawie<\/h3>\n<ul>\n<li>Blenda z\u0142ota<\/li>\n<li>Blenda srebrna<\/li>\n<li>Etui<\/li>\n<\/ul>\n<div class=\"table-wrapper\">\n<table>\n<tbody>\n<tr>\n<th>Producent<\/th>\n<td>Puluz<\/td>\n<\/tr>\n<tr>\n<th>Model<\/th>\n<td>PU5103<\/td>\n<\/tr>\n<tr>\n<th>Wymiary<\/th>\n<td>300 x 300 mm<\/td>\n<\/tr>\n<tr>\n<th>Mocowanie<\/th>\n<td>Standardowe<\/td>\n<\/tr>\n<\/tbody>\n<\/table>\n<\/div>\n","protected":false},"excerpt":{"rendered":"<p>Blendy fotograficzne Puluz 30cm Blendy fotograficzne marki Puluz to \u015bwietne uzupe\u0142nienie Twoich akcesori\u00f3w fotograficznych. Podnie\u015b jako\u015b\u0107 swoich zdj\u0119\u0107, stawiaj\u0105c na<\/p>\n","protected":false},"featured_media":23661,"comment_status":"closed","ping_status":"open","template":"","meta":{"_acf_changed":false},"product_brand":[],"product_cat":[1128,1148,1146],"product_tag":[],"class_list":{"0":"post-23660","1":"product","2":"type-product","3":"status-publish","4":"has-post-thumbnail","6":"product_cat-foto-wideo","7":"product_cat-softboxy-fotograficzne","8":"product_cat-wyposazenie-studia","9":"pa_box-height-1698","10":"pa_box-length-1507","11":"pa_box-width-1955","12":"pa_gross-weight-1727","13":"pa_hs-code-1958","14":"pa_kolejna-dostawa-02-10-2024","15":"pa_ksztalt-kolo","16":"pa_net-weight-1485","17":"pa_z-wbudowana-lampa-nie","19":"first","20":"outofstock","21":"taxable","22":"shipping-taxable","23":"purchasable","24":"product-type-simple"},"acf":[],"yoast_head":"<!-- This site is optimized with the Yoast SEO plugin v27.2 - https:\/\/yoast.com\/product\/yoast-seo-wordpress\/ -->\n<title>Blendy fotograficzne Puluz 30cm (srebrna, z\u0142ota) + futera\u0142 - IRONSKY.PL Sklep z Dronami<\/title>\n<meta name=\"description\" content=\"Blendy fotograficzne Puluz 30cm (srebrna, z\u0142ota) + futera\u0142 - \u2705 sklep z dronami i fachowym doradztwem. \u2705 Tutaj kupisz produkty DJI, Yuneec, Parrot, Syma i wiele innych, a tak\u017ce kursy i licencje na operatora drona.\" \/>\n<meta name=\"robots\" content=\"index, follow, max-snippet:-1, max-image-preview:large, max-video-preview:-1\" \/>\n<link rel=\"canonical\" href=\"https:\/\/ironsky.pl\/sklep\/produkt\/blendy-fotograficzne-puluz-30cm-srebrna-zlota-futeral\/\" \/>\n<meta property=\"og:locale\" content=\"pl_PL\" \/>\n<meta property=\"og:type\" content=\"article\" \/>\n<meta property=\"og:title\" content=\"Blendy fotograficzne Puluz 30cm (srebrna, z\u0142ota) + futera\u0142 - IRONSKY.PL Sklep z Dronami\" \/>\n<meta property=\"og:description\" content=\"Blendy fotograficzne Puluz 30cm (srebrna, z\u0142ota) + futera\u0142 - \u2705 sklep z dronami i fachowym doradztwem. \u2705 Tutaj kupisz produkty DJI, Yuneec, Parrot, Syma i wiele innych, a tak\u017ce kursy i licencje na operatora drona.\" \/>\n<meta property=\"og:url\" content=\"https:\/\/ironsky.pl\/sklep\/produkt\/blendy-fotograficzne-puluz-30cm-srebrna-zlota-futeral\/\" \/>\n<meta property=\"og:site_name\" content=\"IRONSKY.PL Sklep z Dronami\" \/>\n<meta property=\"article:modified_time\" content=\"2026-03-05T14:50:39+00:00\" \/>\n<meta property=\"og:image\" content=\"https:\/\/ironsky.pl\/sklep\/wp-content\/uploads\/2024\/09\/23328_1.jpg\" \/>\n\t<meta property=\"og:image:width\" content=\"800\" \/>\n\t<meta property=\"og:image:height\" content=\"800\" \/>\n\t<meta property=\"og:image:type\" content=\"image\/jpeg\" \/>\n<meta name=\"twitter:card\" content=\"summary_large_image\" \/>\n<meta name=\"twitter:label1\" content=\"Szacowany czas czytania\" \/>\n\t<meta name=\"twitter:data1\" content=\"1 minuta\" \/>\n<script type=\"application\/ld+json\" class=\"yoast-schema-graph\">{\"@context\":\"https:\/\/schema.org\",\"@graph\":[{\"@type\":\"WebPage\",\"@id\":\"https:\/\/ironsky.pl\/sklep\/produkt\/blendy-fotograficzne-puluz-30cm-srebrna-zlota-futeral\/\",\"url\":\"https:\/\/ironsky.pl\/sklep\/produkt\/blendy-fotograficzne-puluz-30cm-srebrna-zlota-futeral\/\",\"name\":\"Blendy fotograficzne Puluz 30cm (srebrna, z\u0142ota) + futera\u0142 - IRONSKY.PL Sklep z Dronami\",\"isPartOf\":{\"@id\":\"https:\/\/ironsky.pl\/sklep\/#website\"},\"primaryImageOfPage\":{\"@id\":\"https:\/\/ironsky.pl\/sklep\/produkt\/blendy-fotograficzne-puluz-30cm-srebrna-zlota-futeral\/#primaryimage\"},\"image\":{\"@id\":\"https:\/\/ironsky.pl\/sklep\/produkt\/blendy-fotograficzne-puluz-30cm-srebrna-zlota-futeral\/#primaryimage\"},\"thumbnailUrl\":\"https:\/\/ironsky.pl\/sklep\/wp-content\/uploads\/2024\/09\/23328_1.jpg\",\"datePublished\":\"2024-09-16T16:50:46+00:00\",\"dateModified\":\"2026-03-05T14:50:39+00:00\",\"description\":\"Blendy fotograficzne Puluz 30cm (srebrna, z\u0142ota) + futera\u0142 - \u2705 sklep z dronami i fachowym doradztwem. \u2705 Tutaj kupisz produkty DJI, Yuneec, Parrot, Syma i wiele innych, a tak\u017ce kursy i licencje na operatora drona.\",\"breadcrumb\":{\"@id\":\"https:\/\/ironsky.pl\/sklep\/produkt\/blendy-fotograficzne-puluz-30cm-srebrna-zlota-futeral\/#breadcrumb\"},\"inLanguage\":\"pl-PL\",\"potentialAction\":[{\"@type\":\"ReadAction\",\"target\":[\"https:\/\/ironsky.pl\/sklep\/produkt\/blendy-fotograficzne-puluz-30cm-srebrna-zlota-futeral\/\"]}]},{\"@type\":\"ImageObject\",\"inLanguage\":\"pl-PL\",\"@id\":\"https:\/\/ironsky.pl\/sklep\/produkt\/blendy-fotograficzne-puluz-30cm-srebrna-zlota-futeral\/#primaryimage\",\"url\":\"https:\/\/ironsky.pl\/sklep\/wp-content\/uploads\/2024\/09\/23328_1.jpg\",\"contentUrl\":\"https:\/\/ironsky.pl\/sklep\/wp-content\/uploads\/2024\/09\/23328_1.jpg\",\"width\":800,\"height\":800},{\"@type\":\"BreadcrumbList\",\"@id\":\"https:\/\/ironsky.pl\/sklep\/produkt\/blendy-fotograficzne-puluz-30cm-srebrna-zlota-futeral\/#breadcrumb\",\"itemListElement\":[{\"@type\":\"ListItem\",\"position\":1,\"name\":\"Strona g\u0142\u00f3wna\",\"item\":\"https:\/\/ironsky.pl\/sklep\/\"},{\"@type\":\"ListItem\",\"position\":2,\"name\":\"Wszystkie produkty\",\"item\":\"https:\/\/ironsky.pl\/sklep\/produkty\/\"},{\"@type\":\"ListItem\",\"position\":3,\"name\":\"Blendy fotograficzne Puluz 30cm (srebrna, z\u0142ota) + futera\u0142\"}]},{\"@type\":\"WebSite\",\"@id\":\"https:\/\/ironsky.pl\/sklep\/#website\",\"url\":\"https:\/\/ironsky.pl\/sklep\/\",\"name\":\"IRONSKY.PL Sklep z Dronami\",\"description\":\"IRONSKY.PL Sklep z Dronami\",\"potentialAction\":[{\"@type\":\"SearchAction\",\"target\":{\"@type\":\"EntryPoint\",\"urlTemplate\":\"https:\/\/ironsky.pl\/sklep\/?s={search_term_string}\"},\"query-input\":{\"@type\":\"PropertyValueSpecification\",\"valueRequired\":true,\"valueName\":\"search_term_string\"}}],\"inLanguage\":\"pl-PL\"}]}<\/script>\n<!-- \/ Yoast SEO plugin. -->","yoast_head_json":{"title":"Blendy fotograficzne Puluz 30cm (srebrna, z\u0142ota) + futera\u0142 - IRONSKY.PL Sklep z Dronami","description":"Blendy fotograficzne Puluz 30cm (srebrna, z\u0142ota) + futera\u0142 - \u2705 sklep z dronami i fachowym doradztwem. \u2705 Tutaj kupisz produkty DJI, Yuneec, Parrot, Syma i wiele innych, a tak\u017ce kursy i licencje na operatora drona.","robots":{"index":"index","follow":"follow","max-snippet":"max-snippet:-1","max-image-preview":"max-image-preview:large","max-video-preview":"max-video-preview:-1"},"canonical":"https:\/\/ironsky.pl\/sklep\/produkt\/blendy-fotograficzne-puluz-30cm-srebrna-zlota-futeral\/","og_locale":"pl_PL","og_type":"article","og_title":"Blendy fotograficzne Puluz 30cm (srebrna, z\u0142ota) + futera\u0142 - IRONSKY.PL Sklep z Dronami","og_description":"Blendy fotograficzne Puluz 30cm (srebrna, z\u0142ota) + futera\u0142 - \u2705 sklep z dronami i fachowym doradztwem. \u2705 Tutaj kupisz produkty DJI, Yuneec, Parrot, Syma i wiele innych, a tak\u017ce kursy i licencje na operatora drona.","og_url":"https:\/\/ironsky.pl\/sklep\/produkt\/blendy-fotograficzne-puluz-30cm-srebrna-zlota-futeral\/","og_site_name":"IRONSKY.PL Sklep z Dronami","article_modified_time":"2026-03-05T14:50:39+00:00","og_image":[{"width":800,"height":800,"url":"https:\/\/ironsky.pl\/sklep\/wp-content\/uploads\/2024\/09\/23328_1.jpg","type":"image\/jpeg"}],"twitter_card":"summary_large_image","twitter_misc":{"Szacowany czas czytania":"1 minuta"},"schema":{"@context":"https:\/\/schema.org","@graph":[{"@type":"WebPage","@id":"https:\/\/ironsky.pl\/sklep\/produkt\/blendy-fotograficzne-puluz-30cm-srebrna-zlota-futeral\/","url":"https:\/\/ironsky.pl\/sklep\/produkt\/blendy-fotograficzne-puluz-30cm-srebrna-zlota-futeral\/","name":"Blendy fotograficzne Puluz 30cm (srebrna, z\u0142ota) + futera\u0142 - IRONSKY.PL Sklep z Dronami","isPartOf":{"@id":"https:\/\/ironsky.pl\/sklep\/#website"},"primaryImageOfPage":{"@id":"https:\/\/ironsky.pl\/sklep\/produkt\/blendy-fotograficzne-puluz-30cm-srebrna-zlota-futeral\/#primaryimage"},"image":{"@id":"https:\/\/ironsky.pl\/sklep\/produkt\/blendy-fotograficzne-puluz-30cm-srebrna-zlota-futeral\/#primaryimage"},"thumbnailUrl":"https:\/\/ironsky.pl\/sklep\/wp-content\/uploads\/2024\/09\/23328_1.jpg","datePublished":"2024-09-16T16:50:46+00:00","dateModified":"2026-03-05T14:50:39+00:00","description":"Blendy fotograficzne Puluz 30cm (srebrna, z\u0142ota) + futera\u0142 - \u2705 sklep z dronami i fachowym doradztwem. \u2705 Tutaj kupisz produkty DJI, Yuneec, Parrot, Syma i wiele innych, a tak\u017ce kursy i licencje na operatora drona.","breadcrumb":{"@id":"https:\/\/ironsky.pl\/sklep\/produkt\/blendy-fotograficzne-puluz-30cm-srebrna-zlota-futeral\/#breadcrumb"},"inLanguage":"pl-PL","potentialAction":[{"@type":"ReadAction","target":["https:\/\/ironsky.pl\/sklep\/produkt\/blendy-fotograficzne-puluz-30cm-srebrna-zlota-futeral\/"]}]},{"@type":"ImageObject","inLanguage":"pl-PL","@id":"https:\/\/ironsky.pl\/sklep\/produkt\/blendy-fotograficzne-puluz-30cm-srebrna-zlota-futeral\/#primaryimage","url":"https:\/\/ironsky.pl\/sklep\/wp-content\/uploads\/2024\/09\/23328_1.jpg","contentUrl":"https:\/\/ironsky.pl\/sklep\/wp-content\/uploads\/2024\/09\/23328_1.jpg","width":800,"height":800},{"@type":"BreadcrumbList","@id":"https:\/\/ironsky.pl\/sklep\/produkt\/blendy-fotograficzne-puluz-30cm-srebrna-zlota-futeral\/#breadcrumb","itemListElement":[{"@type":"ListItem","position":1,"name":"Strona g\u0142\u00f3wna","item":"https:\/\/ironsky.pl\/sklep\/"},{"@type":"ListItem","position":2,"name":"Wszystkie produkty","item":"https:\/\/ironsky.pl\/sklep\/produkty\/"},{"@type":"ListItem","position":3,"name":"Blendy fotograficzne Puluz 30cm (srebrna, z\u0142ota) + futera\u0142"}]},{"@type":"WebSite","@id":"https:\/\/ironsky.pl\/sklep\/#website","url":"https:\/\/ironsky.pl\/sklep\/","name":"IRONSKY.PL Sklep z Dronami","description":"IRONSKY.PL Sklep z Dronami","potentialAction":[{"@type":"SearchAction","target":{"@type":"EntryPoint","urlTemplate":"https:\/\/ironsky.pl\/sklep\/?s={search_term_string}"},"query-input":{"@type":"PropertyValueSpecification","valueRequired":true,"valueName":"search_term_string"}}],"inLanguage":"pl-PL"}]}},"_links":{"self":[{"href":"https:\/\/ironsky.pl\/sklep\/wp-json\/wp\/v2\/product\/23660","targetHints":{"allow":["GET"]}}],"collection":[{"href":"https:\/\/ironsky.pl\/sklep\/wp-json\/wp\/v2\/product"}],"about":[{"href":"https:\/\/ironsky.pl\/sklep\/wp-json\/wp\/v2\/types\/product"}],"replies":[{"embeddable":true,"href":"https:\/\/ironsky.pl\/sklep\/wp-json\/wp\/v2\/comments?post=23660"}],"wp:featuredmedia":[{"embeddable":true,"href":"https:\/\/ironsky.pl\/sklep\/wp-json\/wp\/v2\/media\/23661"}],"wp:attachment":[{"href":"https:\/\/ironsky.pl\/sklep\/wp-json\/wp\/v2\/media?parent=23660"}],"wp:term":[{"taxonomy":"product_brand","embeddable":true,"href":"https:\/\/ironsky.pl\/sklep\/wp-json\/wp\/v2\/product_brand?post=23660"},{"taxonomy":"product_cat","embeddable":true,"href":"https:\/\/ironsky.pl\/sklep\/wp-json\/wp\/v2\/product_cat?post=23660"},{"taxonomy":"product_tag","embeddable":true,"href":"https:\/\/ironsky.pl\/sklep\/wp-json\/wp\/v2\/product_tag?post=23660"}],"curies":[{"name":"wp","href":"https:\/\/api.w.org\/{rel}","templated":true}]}}