{"id":23497,"date":"2024-09-16T18:48:05","date_gmt":"2024-09-16T16:48:05","guid":{"rendered":"http:\/\/gvshalph.pro-linuxpl.com\/ironskyprodukty\/produkt\/filtr-polarpro-bluemorphic-quartzline-fx-do-obiektywow-67mm\/"},"modified":"2026-03-05T15:50:33","modified_gmt":"2026-03-05T14:50:33","slug":"filtr-polarpro-bluemorphic-quartzline-fx-do-obiektywow-67mm","status":"publish","type":"product","link":"https:\/\/ironsky.pl\/sklep\/produkt\/filtr-polarpro-bluemorphic-quartzline-fx-do-obiektywow-67mm\/","title":{"rendered":"Filtr PolarPro BlueMorphic Quartzline FX do obiektyw\u00f3w 67mm"},"content":{"rendered":"<h3>Filtr Bluemorphic PolarPro Quartzline FX do obiektyw\u00f3w 67mm<\/h3>\n<p>Dodaj profesjonalne, niebieskie filary w stylu anamorficznym do Twojej sceny bez potrzeby stosowania stylizowanych obiektyw\u00f3w kinowych. Filtr Bluemorphic PolarPro powoduje powstawanie niebieskich smug na jasnych \u017ar\u00f3d\u0142ach \u015bwiat\u0142a lub odbiciach w scenie. B\u0105d\u017a kreatywny i stw\u00f3rz uj\u0119cia z wyj\u0105tkowym charakterem. Obrotowa konstrukcja pozwoli na b\u0142yskawiczne dopasowanie k\u0105ta smugi w Twojej scenie.<\/p>\n<p><img decoding=\"async\" src=\"https:\/\/b2b.innpro.pl\/data\/include\/cms\/02PolarPro\/67-BL-MRPH-77-BL-MRPH-82-BL-MRPH\/4.jpg\"><\/p>\n<h3>\u00a0Filmowy charakter<\/h3>\n<p>Uzyskaj kinowe, stylizowane niebieskie flary bez konieczno\u015bci stosowania drogich obiektyw\u00f3w anamorficznych i ciesz si\u0119 wyj\u0105tkowymi uj\u0119ciami. 16 warstw pow\u0142ok chroni\u0105 przed zadrapaniami, olejem czy wod\u0105 mo\u017cesz wi\u0119c korzysta\u0107 ze swojego filtra nawet w najtrudniejszych warunkach bez obaw o jego uszkodzenie. \u00a0\u00a0<\/p>\n<p><img decoding=\"async\" src=\"https:\/\/b2b.innpro.pl\/data\/include\/cms\/02PolarPro\/67-BL-MRPH-77-BL-MRPH-82-BL-MRPH\/5.jpg\"><\/p>\n<h3>\u00a0Ochronna obudowa<\/h3>\n<p>Nie musisz martwi\u0107 si\u0119 o uszkodzenie filtra. Zosta\u0142 on wyposa\u017cony w bezpieczn\u0105 obudow\u0119, wykonan\u0105 z wytrzyma\u0142ych materia\u0142\u00f3w, kt\u00f3ra chroni nie tylko przed wstrz\u0105sami i upadkami, ale jest r\u00f3wnie\u017c wodoodporna. Mo\u017cesz zabezpiecza\u0107 sw\u00f3j filtr zar\u00f3wno na obiektywie, jak i bezpo\u015brednio w Defenderze360.<\/p>\n<p><img decoding=\"async\" src=\"https:\/\/b2b.innpro.pl\/data\/include\/cms\/02PolarPro\/67-BL-MRPH-77-BL-MRPH-82-BL-MRPH\/8.jpg\"><\/p>\n<h3>Dba\u0142o\u015b\u0107 o \u015brodowisko<\/h3>\n<p>PolarPro przyk\u0142ada du\u017c\u0105 wag\u0119 do ochrony \u015brodowiska. Dzi\u0119ki partnerstwu z 3Degrees emisja tlenku w\u0119gla zosta\u0142a ca\u0142kowicie zrekompensowana. Rozmiar ka\u017cdego opakowania zosta\u0142 zmniejszony o prawie 75% dzi\u0119ki zastosowaniu karton\u00f3w pochodz\u0105cych w 100% z recyklingu.<\/p>\n<p><img decoding=\"async\" src=\"https:\/\/b2b.innpro.pl\/data\/include\/cms\/02PolarPro\/67-BL-MRPH-77-BL-MRPH-82-BL-MRPH\/9.jpg\"><\/p>\n<div class=\"table-wrapper\">\n<table>\n<tbody>\n<tr>\n<th>Rodzaj szk\u0142a<\/th>\n<td>CinemaSeries<\/td>\n<\/tr>\n<tr>\n<th>Rozmiar \u015brednicy<\/th>\n<td>70,5mm<\/td>\n<\/tr>\n<tr>\n<th>Materia\u0142 ramki<\/th>\n<td>Mosi\u0105dz<\/td>\n<\/tr>\n<tr>\n<th>Grubo\u015b\u0107 filtra<\/th>\n<td>7.5mm<\/td>\n<\/tr>\n<tr>\n<th>Waga filtra<\/th>\n<td>32.9g<\/td>\n<\/tr>\n<tr>\n<th>Rozmiar obiektywu<\/th>\n<td>67mm<\/td>\n<\/tr>\n<\/tbody>\n<\/table>\n<\/div>\n","protected":false},"excerpt":{"rendered":"<p>Filtr Bluemorphic PolarPro Quartzline FX do obiektyw\u00f3w 67mm Dodaj profesjonalne, niebieskie filary w stylu anamorficznym do Twojej sceny bez potrzeby<\/p>\n","protected":false},"featured_media":23498,"comment_status":"closed","ping_status":"open","template":"","meta":{"_acf_changed":false},"product_brand":[],"product_cat":[1132,1133,1128],"product_tag":[],"class_list":{"0":"post-23497","1":"product","2":"type-product","3":"status-publish","4":"has-post-thumbnail","6":"product_cat-filtry-foto","7":"product_cat-do-lustrzanek","8":"product_cat-foto-wideo","9":"pa_box-height-1745","10":"pa_box-length-1746","11":"pa_box-width-1744","12":"pa_gross-weight-1747","13":"pa_hs-code-1741","14":"pa_kompatybilnosc-filtry","15":"pa_net-weight-1743","16":"pa_obiektyw-mm-1748","17":"pa_zestaw-nie","19":"first","20":"outofstock","21":"taxable","22":"shipping-taxable","23":"purchasable","24":"product-type-simple"},"acf":[],"yoast_head":"<!-- This site is optimized with the Yoast SEO plugin v27.2 - https:\/\/yoast.com\/product\/yoast-seo-wordpress\/ -->\n<title>Filtr PolarPro BlueMorphic Quartzline FX do obiektyw\u00f3w 67mm - IRONSKY.PL Sklep z Dronami<\/title>\n<meta name=\"description\" content=\"Filtr PolarPro BlueMorphic Quartzline FX do obiektyw\u00f3w 67mm - \u2705 sklep z dronami i fachowym doradztwem. \u2705 Tutaj kupisz produkty DJI, Yuneec, Parrot, Syma i wiele innych, a tak\u017ce kursy i licencje na operatora drona.\" \/>\n<meta name=\"robots\" content=\"index, follow, max-snippet:-1, max-image-preview:large, max-video-preview:-1\" \/>\n<link rel=\"canonical\" href=\"https:\/\/ironsky.pl\/sklep\/produkt\/filtr-polarpro-bluemorphic-quartzline-fx-do-obiektywow-67mm\/\" \/>\n<meta property=\"og:locale\" content=\"pl_PL\" \/>\n<meta property=\"og:type\" content=\"article\" \/>\n<meta property=\"og:title\" content=\"Filtr PolarPro BlueMorphic Quartzline FX do obiektyw\u00f3w 67mm - IRONSKY.PL Sklep z Dronami\" \/>\n<meta property=\"og:description\" content=\"Filtr PolarPro BlueMorphic Quartzline FX do obiektyw\u00f3w 67mm - \u2705 sklep z dronami i fachowym doradztwem. \u2705 Tutaj kupisz produkty DJI, Yuneec, Parrot, Syma i wiele innych, a tak\u017ce kursy i licencje na operatora drona.\" \/>\n<meta property=\"og:url\" content=\"https:\/\/ironsky.pl\/sklep\/produkt\/filtr-polarpro-bluemorphic-quartzline-fx-do-obiektywow-67mm\/\" \/>\n<meta property=\"og:site_name\" content=\"IRONSKY.PL Sklep z Dronami\" \/>\n<meta property=\"article:modified_time\" content=\"2026-03-05T14:50:33+00:00\" \/>\n<meta property=\"og:image\" content=\"https:\/\/ironsky.pl\/sklep\/wp-content\/uploads\/2024\/09\/21975_2.jpg\" \/>\n\t<meta property=\"og:image:width\" content=\"1024\" \/>\n\t<meta property=\"og:image:height\" content=\"1024\" \/>\n\t<meta property=\"og:image:type\" content=\"image\/jpeg\" \/>\n<meta name=\"twitter:card\" content=\"summary_large_image\" \/>\n<meta name=\"twitter:label1\" content=\"Szacowany czas czytania\" \/>\n\t<meta name=\"twitter:data1\" content=\"1 minuta\" \/>\n<script type=\"application\/ld+json\" class=\"yoast-schema-graph\">{\"@context\":\"https:\/\/schema.org\",\"@graph\":[{\"@type\":\"WebPage\",\"@id\":\"https:\/\/ironsky.pl\/sklep\/produkt\/filtr-polarpro-bluemorphic-quartzline-fx-do-obiektywow-67mm\/\",\"url\":\"https:\/\/ironsky.pl\/sklep\/produkt\/filtr-polarpro-bluemorphic-quartzline-fx-do-obiektywow-67mm\/\",\"name\":\"Filtr PolarPro BlueMorphic Quartzline FX do obiektyw\u00f3w 67mm - IRONSKY.PL Sklep z Dronami\",\"isPartOf\":{\"@id\":\"https:\/\/ironsky.pl\/sklep\/#website\"},\"primaryImageOfPage\":{\"@id\":\"https:\/\/ironsky.pl\/sklep\/produkt\/filtr-polarpro-bluemorphic-quartzline-fx-do-obiektywow-67mm\/#primaryimage\"},\"image\":{\"@id\":\"https:\/\/ironsky.pl\/sklep\/produkt\/filtr-polarpro-bluemorphic-quartzline-fx-do-obiektywow-67mm\/#primaryimage\"},\"thumbnailUrl\":\"https:\/\/ironsky.pl\/sklep\/wp-content\/uploads\/2024\/09\/21975_2.jpg\",\"datePublished\":\"2024-09-16T16:48:05+00:00\",\"dateModified\":\"2026-03-05T14:50:33+00:00\",\"description\":\"Filtr PolarPro BlueMorphic Quartzline FX do obiektyw\u00f3w 67mm - \u2705 sklep z dronami i fachowym doradztwem. \u2705 Tutaj kupisz produkty DJI, Yuneec, Parrot, Syma i wiele innych, a tak\u017ce kursy i licencje na operatora drona.\",\"breadcrumb\":{\"@id\":\"https:\/\/ironsky.pl\/sklep\/produkt\/filtr-polarpro-bluemorphic-quartzline-fx-do-obiektywow-67mm\/#breadcrumb\"},\"inLanguage\":\"pl-PL\",\"potentialAction\":[{\"@type\":\"ReadAction\",\"target\":[\"https:\/\/ironsky.pl\/sklep\/produkt\/filtr-polarpro-bluemorphic-quartzline-fx-do-obiektywow-67mm\/\"]}]},{\"@type\":\"ImageObject\",\"inLanguage\":\"pl-PL\",\"@id\":\"https:\/\/ironsky.pl\/sklep\/produkt\/filtr-polarpro-bluemorphic-quartzline-fx-do-obiektywow-67mm\/#primaryimage\",\"url\":\"https:\/\/ironsky.pl\/sklep\/wp-content\/uploads\/2024\/09\/21975_2.jpg\",\"contentUrl\":\"https:\/\/ironsky.pl\/sklep\/wp-content\/uploads\/2024\/09\/21975_2.jpg\",\"width\":1024,\"height\":1024},{\"@type\":\"BreadcrumbList\",\"@id\":\"https:\/\/ironsky.pl\/sklep\/produkt\/filtr-polarpro-bluemorphic-quartzline-fx-do-obiektywow-67mm\/#breadcrumb\",\"itemListElement\":[{\"@type\":\"ListItem\",\"position\":1,\"name\":\"Strona g\u0142\u00f3wna\",\"item\":\"https:\/\/ironsky.pl\/sklep\/\"},{\"@type\":\"ListItem\",\"position\":2,\"name\":\"Wszystkie produkty\",\"item\":\"https:\/\/ironsky.pl\/sklep\/produkty\/\"},{\"@type\":\"ListItem\",\"position\":3,\"name\":\"Filtr PolarPro BlueMorphic Quartzline FX do obiektyw\u00f3w 67mm\"}]},{\"@type\":\"WebSite\",\"@id\":\"https:\/\/ironsky.pl\/sklep\/#website\",\"url\":\"https:\/\/ironsky.pl\/sklep\/\",\"name\":\"IRONSKY.PL Sklep z Dronami\",\"description\":\"IRONSKY.PL Sklep z Dronami\",\"potentialAction\":[{\"@type\":\"SearchAction\",\"target\":{\"@type\":\"EntryPoint\",\"urlTemplate\":\"https:\/\/ironsky.pl\/sklep\/?s={search_term_string}\"},\"query-input\":{\"@type\":\"PropertyValueSpecification\",\"valueRequired\":true,\"valueName\":\"search_term_string\"}}],\"inLanguage\":\"pl-PL\"}]}<\/script>\n<!-- \/ Yoast SEO plugin. -->","yoast_head_json":{"title":"Filtr PolarPro BlueMorphic Quartzline FX do obiektyw\u00f3w 67mm - IRONSKY.PL Sklep z Dronami","description":"Filtr PolarPro BlueMorphic Quartzline FX do obiektyw\u00f3w 67mm - \u2705 sklep z dronami i fachowym doradztwem. \u2705 Tutaj kupisz produkty DJI, Yuneec, Parrot, Syma i wiele innych, a tak\u017ce kursy i licencje na operatora drona.","robots":{"index":"index","follow":"follow","max-snippet":"max-snippet:-1","max-image-preview":"max-image-preview:large","max-video-preview":"max-video-preview:-1"},"canonical":"https:\/\/ironsky.pl\/sklep\/produkt\/filtr-polarpro-bluemorphic-quartzline-fx-do-obiektywow-67mm\/","og_locale":"pl_PL","og_type":"article","og_title":"Filtr PolarPro BlueMorphic Quartzline FX do obiektyw\u00f3w 67mm - IRONSKY.PL Sklep z Dronami","og_description":"Filtr PolarPro BlueMorphic Quartzline FX do obiektyw\u00f3w 67mm - \u2705 sklep z dronami i fachowym doradztwem. \u2705 Tutaj kupisz produkty DJI, Yuneec, Parrot, Syma i wiele innych, a tak\u017ce kursy i licencje na operatora drona.","og_url":"https:\/\/ironsky.pl\/sklep\/produkt\/filtr-polarpro-bluemorphic-quartzline-fx-do-obiektywow-67mm\/","og_site_name":"IRONSKY.PL Sklep z Dronami","article_modified_time":"2026-03-05T14:50:33+00:00","og_image":[{"width":1024,"height":1024,"url":"https:\/\/ironsky.pl\/sklep\/wp-content\/uploads\/2024\/09\/21975_2.jpg","type":"image\/jpeg"}],"twitter_card":"summary_large_image","twitter_misc":{"Szacowany czas czytania":"1 minuta"},"schema":{"@context":"https:\/\/schema.org","@graph":[{"@type":"WebPage","@id":"https:\/\/ironsky.pl\/sklep\/produkt\/filtr-polarpro-bluemorphic-quartzline-fx-do-obiektywow-67mm\/","url":"https:\/\/ironsky.pl\/sklep\/produkt\/filtr-polarpro-bluemorphic-quartzline-fx-do-obiektywow-67mm\/","name":"Filtr PolarPro BlueMorphic Quartzline FX do obiektyw\u00f3w 67mm - IRONSKY.PL Sklep z Dronami","isPartOf":{"@id":"https:\/\/ironsky.pl\/sklep\/#website"},"primaryImageOfPage":{"@id":"https:\/\/ironsky.pl\/sklep\/produkt\/filtr-polarpro-bluemorphic-quartzline-fx-do-obiektywow-67mm\/#primaryimage"},"image":{"@id":"https:\/\/ironsky.pl\/sklep\/produkt\/filtr-polarpro-bluemorphic-quartzline-fx-do-obiektywow-67mm\/#primaryimage"},"thumbnailUrl":"https:\/\/ironsky.pl\/sklep\/wp-content\/uploads\/2024\/09\/21975_2.jpg","datePublished":"2024-09-16T16:48:05+00:00","dateModified":"2026-03-05T14:50:33+00:00","description":"Filtr PolarPro BlueMorphic Quartzline FX do obiektyw\u00f3w 67mm - \u2705 sklep z dronami i fachowym doradztwem. \u2705 Tutaj kupisz produkty DJI, Yuneec, Parrot, Syma i wiele innych, a tak\u017ce kursy i licencje na operatora drona.","breadcrumb":{"@id":"https:\/\/ironsky.pl\/sklep\/produkt\/filtr-polarpro-bluemorphic-quartzline-fx-do-obiektywow-67mm\/#breadcrumb"},"inLanguage":"pl-PL","potentialAction":[{"@type":"ReadAction","target":["https:\/\/ironsky.pl\/sklep\/produkt\/filtr-polarpro-bluemorphic-quartzline-fx-do-obiektywow-67mm\/"]}]},{"@type":"ImageObject","inLanguage":"pl-PL","@id":"https:\/\/ironsky.pl\/sklep\/produkt\/filtr-polarpro-bluemorphic-quartzline-fx-do-obiektywow-67mm\/#primaryimage","url":"https:\/\/ironsky.pl\/sklep\/wp-content\/uploads\/2024\/09\/21975_2.jpg","contentUrl":"https:\/\/ironsky.pl\/sklep\/wp-content\/uploads\/2024\/09\/21975_2.jpg","width":1024,"height":1024},{"@type":"BreadcrumbList","@id":"https:\/\/ironsky.pl\/sklep\/produkt\/filtr-polarpro-bluemorphic-quartzline-fx-do-obiektywow-67mm\/#breadcrumb","itemListElement":[{"@type":"ListItem","position":1,"name":"Strona g\u0142\u00f3wna","item":"https:\/\/ironsky.pl\/sklep\/"},{"@type":"ListItem","position":2,"name":"Wszystkie produkty","item":"https:\/\/ironsky.pl\/sklep\/produkty\/"},{"@type":"ListItem","position":3,"name":"Filtr PolarPro BlueMorphic Quartzline FX do obiektyw\u00f3w 67mm"}]},{"@type":"WebSite","@id":"https:\/\/ironsky.pl\/sklep\/#website","url":"https:\/\/ironsky.pl\/sklep\/","name":"IRONSKY.PL Sklep z Dronami","description":"IRONSKY.PL Sklep z Dronami","potentialAction":[{"@type":"SearchAction","target":{"@type":"EntryPoint","urlTemplate":"https:\/\/ironsky.pl\/sklep\/?s={search_term_string}"},"query-input":{"@type":"PropertyValueSpecification","valueRequired":true,"valueName":"search_term_string"}}],"inLanguage":"pl-PL"}]}},"_links":{"self":[{"href":"https:\/\/ironsky.pl\/sklep\/wp-json\/wp\/v2\/product\/23497","targetHints":{"allow":["GET"]}}],"collection":[{"href":"https:\/\/ironsky.pl\/sklep\/wp-json\/wp\/v2\/product"}],"about":[{"href":"https:\/\/ironsky.pl\/sklep\/wp-json\/wp\/v2\/types\/product"}],"replies":[{"embeddable":true,"href":"https:\/\/ironsky.pl\/sklep\/wp-json\/wp\/v2\/comments?post=23497"}],"wp:featuredmedia":[{"embeddable":true,"href":"https:\/\/ironsky.pl\/sklep\/wp-json\/wp\/v2\/media\/23498"}],"wp:attachment":[{"href":"https:\/\/ironsky.pl\/sklep\/wp-json\/wp\/v2\/media?parent=23497"}],"wp:term":[{"taxonomy":"product_brand","embeddable":true,"href":"https:\/\/ironsky.pl\/sklep\/wp-json\/wp\/v2\/product_brand?post=23497"},{"taxonomy":"product_cat","embeddable":true,"href":"https:\/\/ironsky.pl\/sklep\/wp-json\/wp\/v2\/product_cat?post=23497"},{"taxonomy":"product_tag","embeddable":true,"href":"https:\/\/ironsky.pl\/sklep\/wp-json\/wp\/v2\/product_tag?post=23497"}],"curies":[{"name":"wp","href":"https:\/\/api.w.org\/{rel}","templated":true}]}}