{"id":23460,"date":"2024-09-16T18:48:05","date_gmt":"2024-09-16T16:48:05","guid":{"rendered":"http:\/\/gvshalph.pro-linuxpl.com\/ironskyprodukty\/produkt\/obudowa-wodoodporna-telesin-do-gopro-hero-8-gp-wtp-801\/"},"modified":"2026-03-05T15:50:31","modified_gmt":"2026-03-05T14:50:31","slug":"obudowa-wodoodporna-telesin-do-gopro-hero-8-gp-wtp-801","status":"publish","type":"product","link":"https:\/\/ironsky.pl\/sklep\/produkt\/obudowa-wodoodporna-telesin-do-gopro-hero-8-gp-wtp-801\/","title":{"rendered":"Obudowa wodoodporna Telesin do GoPro Hero 8 (GP-WTP-801)"},"content":{"rendered":"<h3>Wodoodporna obudowa Telesin GP-WTP-801 na GoPro Hero 8<\/h3>\n<p>Fascynuje Ci\u0119 podwodny \u015bwiat i chcesz uchwyci\u0107 jego pi\u0119kno na zachwycaj\u0105cych uj\u0119ciach? Teraz to mo\u017cliwe! Wodoodporna obudowa Telesin GP-WTP-801 umo\u017cliwia bezpieczne zanurzenie kamery GoPro Hero 8 na g\u0142\u0119boko\u015b\u0107 do nawet 40 m. Produkt wyr\u00f3\u017cnia si\u0119 niezr\u00f3wnan\u0105 wytrzyma\u0142o\u015bci\u0105 i jest bajecznie prosty w monta\u017cu. Cechuje go tak\u017ce odporno\u015b\u0107 na zabrudzenia i odciski palc\u00f3w. Jest idealnie dopasowany do kamery GoPro Hero 8, dzi\u0119ki czemu zapewnia jej bezpiecze\u0144stwo pod wod\u0105.<\/p>\n<p><img decoding=\"async\" src=\"https:\/\/b2b.innpro.pl\/data\/include\/cms\/Telesin\/GP-WTP-801\/9.jpg?v=1630568017413\"><\/p>\n<h3>Uchwy\u0107 pi\u0119kno podwodnego \u015bwiata<\/h3>\n<p>Co sprawia, \u017ce obudowa Telesin tak doskonale nadaje si\u0119 do wykonywania podwodnych uj\u0119\u0107? Po umieszczeniu w niej kamery pozwala na nagrywanie na g\u0142\u0119boko\u015bci si\u0119gaj\u0105cej nawet 40 m. Nie musisz te\u017c obawia\u0107 si\u0119 obni\u017cenia jako\u015bci obrazu. Element zabezpieczaj\u0105cy obiektyw zosta\u0142 wykonany z wysokiej klasy organicznego szk\u0142a hartowanego, kt\u00f3re jest nie tylko wytrzyma\u0142e i odporne na uszkodzenia, ale te\u017c zapewnia fantastyczne efekty podczas wykonywania podwodnych uj\u0119\u0107.<\/p>\n<p><img decoding=\"async\" src=\"https:\/\/b2b.innpro.pl\/data\/include\/cms\/Telesin\/GP-WTP-801\/7.jpg?v=1630568017413\"><\/p>\n<h3>Stworzona dla GoPro Hero 8<\/h3>\n<p>Obudowa jest idealnie dopasowana do kamery GoPro Hero 8, a jej monta\u017c jest dziecinnie prosty i szybki. Nie musisz nawet demontowa\u0107 obiektywu &#8211; dzi\u0119ki temu unikniesz jego uszkodzenia. Wykonane ze stali nierdzewnej 316 elementy s\u0105 niezwykle wytrzyma\u0142e odporne na zabrudzenia. Po\u017cegnaj trudne do usuni\u0119cia, nieestetyczne odciski palc\u00f3w! Co wi\u0119cej, obudowa zosta\u0142a zaprojektowana w taki spos\u00f3b, aby poszerzy\u0107 powierzchni\u0119 przycisku kamery, zapewniaj\u0105c mu w ten spos\u00f3b jeszcze wi\u0119ksze bezpiecze\u0144stwo.<\/p>\n<p><img decoding=\"async\" src=\"https:\/\/b2b.innpro.pl\/data\/include\/cms\/Telesin\/GP-WTP-801\/8.jpg?v=1630568017413\"><\/p>\n<h3>W zestawie<\/h3>\n<ul>\n<li>Obudowa wodoodporna do GoPro Hero 8<\/li>\n<li>\u015aruba monta\u017cowa<\/li>\n<\/ul>\n<div class=\"table-wrapper\">\n<table>\n<tbody>\n<tr>\n<th>Producent<\/th>\n<td>Telesin<\/td>\n<\/tr>\n<tr>\n<th>Model<\/th>\n<td>GP-WTP-801<\/td>\n<\/tr>\n<tr>\n<th>Waga<\/th>\n<td>120 g<\/td>\n<\/tr>\n<tr>\n<th>Wodoodporno\u015b\u0107<\/th>\n<td>Do 40 m<\/td>\n<\/tr>\n<tr>\n<th>Wymiary<\/th>\n<td>8 x 4,6 x 8,5 cm<\/td>\n<\/tr>\n<tr>\n<th>Materia\u0142 (obiektyw)<\/th>\n<td>Szk\u0142o hartowane<\/td>\n<\/tr>\n<tr>\n<th>Materia\u0142 (obudowa)<\/th>\n<td>PC<\/td>\n<\/tr>\n<tr>\n<th>Kompatybilno\u015b\u0107<\/th>\n<td>GoPro Hero 8<\/td>\n<\/tr>\n<\/tbody>\n<\/table>\n<\/div>\n","protected":false},"excerpt":{"rendered":"<p>Wodoodporna obudowa Telesin GP-WTP-801 na GoPro Hero 8 Fascynuje Ci\u0119 podwodny \u015bwiat i chcesz uchwyci\u0107 jego pi\u0119kno na zachwycaj\u0105cych uj\u0119ciach?<\/p>\n","protected":false},"featured_media":23461,"comment_status":"closed","ping_status":"open","template":"","meta":{"_acf_changed":false},"product_brand":[],"product_cat":[1130,1137,1128],"product_tag":[],"class_list":{"0":"post-23460","1":"product","2":"type-product","3":"status-publish","4":"has-post-thumbnail","6":"product_cat-akcesoria-foto","7":"product_cat-do-kamer-sportowych","8":"product_cat-foto-wideo","9":"pa_box-height-1326","10":"pa_box-length-2210","11":"pa_box-width-1673","12":"pa_gross-weight-2391","13":"pa_hs-code-1775","14":"pa_kolejna-dostawa-23-10-2024","15":"pa_net-weight-1769","17":"first","18":"outofstock","19":"taxable","20":"shipping-taxable","21":"purchasable","22":"product-type-simple"},"acf":[],"yoast_head":"<!-- This site is optimized with the Yoast SEO plugin v27.2 - https:\/\/yoast.com\/product\/yoast-seo-wordpress\/ -->\n<title>Obudowa wodoodporna Telesin do GoPro Hero 8 (GP-WTP-801) - IRONSKY.PL Sklep z Dronami<\/title>\n<meta name=\"description\" content=\"Obudowa wodoodporna Telesin do GoPro Hero 8 (GP-WTP-801) - \u2705 sklep z dronami i fachowym doradztwem. \u2705 Tutaj kupisz produkty DJI, Yuneec, Parrot, Syma i wiele innych, a tak\u017ce kursy i licencje na operatora drona.\" \/>\n<meta name=\"robots\" content=\"index, follow, max-snippet:-1, max-image-preview:large, max-video-preview:-1\" \/>\n<link rel=\"canonical\" href=\"https:\/\/ironsky.pl\/sklep\/produkt\/obudowa-wodoodporna-telesin-do-gopro-hero-8-gp-wtp-801\/\" \/>\n<meta property=\"og:locale\" content=\"pl_PL\" \/>\n<meta property=\"og:type\" content=\"article\" \/>\n<meta property=\"og:title\" content=\"Obudowa wodoodporna Telesin do GoPro Hero 8 (GP-WTP-801) - IRONSKY.PL Sklep z Dronami\" \/>\n<meta property=\"og:description\" content=\"Obudowa wodoodporna Telesin do GoPro Hero 8 (GP-WTP-801) - \u2705 sklep z dronami i fachowym doradztwem. \u2705 Tutaj kupisz produkty DJI, Yuneec, Parrot, Syma i wiele innych, a tak\u017ce kursy i licencje na operatora drona.\" \/>\n<meta property=\"og:url\" content=\"https:\/\/ironsky.pl\/sklep\/produkt\/obudowa-wodoodporna-telesin-do-gopro-hero-8-gp-wtp-801\/\" \/>\n<meta property=\"og:site_name\" content=\"IRONSKY.PL Sklep z Dronami\" \/>\n<meta property=\"article:modified_time\" content=\"2026-03-05T14:50:31+00:00\" \/>\n<meta property=\"og:image\" content=\"https:\/\/ironsky.pl\/sklep\/wp-content\/uploads\/2024\/09\/21673_3.png\" \/>\n\t<meta property=\"og:image:width\" content=\"655\" \/>\n\t<meta property=\"og:image:height\" content=\"597\" \/>\n\t<meta property=\"og:image:type\" content=\"image\/png\" \/>\n<meta name=\"twitter:card\" content=\"summary_large_image\" \/>\n<meta name=\"twitter:label1\" content=\"Szacowany czas czytania\" \/>\n\t<meta name=\"twitter:data1\" content=\"1 minuta\" \/>\n<script type=\"application\/ld+json\" class=\"yoast-schema-graph\">{\"@context\":\"https:\/\/schema.org\",\"@graph\":[{\"@type\":\"WebPage\",\"@id\":\"https:\/\/ironsky.pl\/sklep\/produkt\/obudowa-wodoodporna-telesin-do-gopro-hero-8-gp-wtp-801\/\",\"url\":\"https:\/\/ironsky.pl\/sklep\/produkt\/obudowa-wodoodporna-telesin-do-gopro-hero-8-gp-wtp-801\/\",\"name\":\"Obudowa wodoodporna Telesin do GoPro Hero 8 (GP-WTP-801) - IRONSKY.PL Sklep z Dronami\",\"isPartOf\":{\"@id\":\"https:\/\/ironsky.pl\/sklep\/#website\"},\"primaryImageOfPage\":{\"@id\":\"https:\/\/ironsky.pl\/sklep\/produkt\/obudowa-wodoodporna-telesin-do-gopro-hero-8-gp-wtp-801\/#primaryimage\"},\"image\":{\"@id\":\"https:\/\/ironsky.pl\/sklep\/produkt\/obudowa-wodoodporna-telesin-do-gopro-hero-8-gp-wtp-801\/#primaryimage\"},\"thumbnailUrl\":\"https:\/\/ironsky.pl\/sklep\/wp-content\/uploads\/2024\/09\/21673_3.png\",\"datePublished\":\"2024-09-16T16:48:05+00:00\",\"dateModified\":\"2026-03-05T14:50:31+00:00\",\"description\":\"Obudowa wodoodporna Telesin do GoPro Hero 8 (GP-WTP-801) - \u2705 sklep z dronami i fachowym doradztwem. \u2705 Tutaj kupisz produkty DJI, Yuneec, Parrot, Syma i wiele innych, a tak\u017ce kursy i licencje na operatora drona.\",\"breadcrumb\":{\"@id\":\"https:\/\/ironsky.pl\/sklep\/produkt\/obudowa-wodoodporna-telesin-do-gopro-hero-8-gp-wtp-801\/#breadcrumb\"},\"inLanguage\":\"pl-PL\",\"potentialAction\":[{\"@type\":\"ReadAction\",\"target\":[\"https:\/\/ironsky.pl\/sklep\/produkt\/obudowa-wodoodporna-telesin-do-gopro-hero-8-gp-wtp-801\/\"]}]},{\"@type\":\"ImageObject\",\"inLanguage\":\"pl-PL\",\"@id\":\"https:\/\/ironsky.pl\/sklep\/produkt\/obudowa-wodoodporna-telesin-do-gopro-hero-8-gp-wtp-801\/#primaryimage\",\"url\":\"https:\/\/ironsky.pl\/sklep\/wp-content\/uploads\/2024\/09\/21673_3.png\",\"contentUrl\":\"https:\/\/ironsky.pl\/sklep\/wp-content\/uploads\/2024\/09\/21673_3.png\",\"width\":655,\"height\":597},{\"@type\":\"BreadcrumbList\",\"@id\":\"https:\/\/ironsky.pl\/sklep\/produkt\/obudowa-wodoodporna-telesin-do-gopro-hero-8-gp-wtp-801\/#breadcrumb\",\"itemListElement\":[{\"@type\":\"ListItem\",\"position\":1,\"name\":\"Strona g\u0142\u00f3wna\",\"item\":\"https:\/\/ironsky.pl\/sklep\/\"},{\"@type\":\"ListItem\",\"position\":2,\"name\":\"Wszystkie produkty\",\"item\":\"https:\/\/ironsky.pl\/sklep\/produkty\/\"},{\"@type\":\"ListItem\",\"position\":3,\"name\":\"Obudowa wodoodporna Telesin do GoPro Hero 8 (GP-WTP-801)\"}]},{\"@type\":\"WebSite\",\"@id\":\"https:\/\/ironsky.pl\/sklep\/#website\",\"url\":\"https:\/\/ironsky.pl\/sklep\/\",\"name\":\"IRONSKY.PL Sklep z Dronami\",\"description\":\"IRONSKY.PL Sklep z Dronami\",\"potentialAction\":[{\"@type\":\"SearchAction\",\"target\":{\"@type\":\"EntryPoint\",\"urlTemplate\":\"https:\/\/ironsky.pl\/sklep\/?s={search_term_string}\"},\"query-input\":{\"@type\":\"PropertyValueSpecification\",\"valueRequired\":true,\"valueName\":\"search_term_string\"}}],\"inLanguage\":\"pl-PL\"}]}<\/script>\n<!-- \/ Yoast SEO plugin. -->","yoast_head_json":{"title":"Obudowa wodoodporna Telesin do GoPro Hero 8 (GP-WTP-801) - IRONSKY.PL Sklep z Dronami","description":"Obudowa wodoodporna Telesin do GoPro Hero 8 (GP-WTP-801) - \u2705 sklep z dronami i fachowym doradztwem. \u2705 Tutaj kupisz produkty DJI, Yuneec, Parrot, Syma i wiele innych, a tak\u017ce kursy i licencje na operatora drona.","robots":{"index":"index","follow":"follow","max-snippet":"max-snippet:-1","max-image-preview":"max-image-preview:large","max-video-preview":"max-video-preview:-1"},"canonical":"https:\/\/ironsky.pl\/sklep\/produkt\/obudowa-wodoodporna-telesin-do-gopro-hero-8-gp-wtp-801\/","og_locale":"pl_PL","og_type":"article","og_title":"Obudowa wodoodporna Telesin do GoPro Hero 8 (GP-WTP-801) - IRONSKY.PL Sklep z Dronami","og_description":"Obudowa wodoodporna Telesin do GoPro Hero 8 (GP-WTP-801) - \u2705 sklep z dronami i fachowym doradztwem. \u2705 Tutaj kupisz produkty DJI, Yuneec, Parrot, Syma i wiele innych, a tak\u017ce kursy i licencje na operatora drona.","og_url":"https:\/\/ironsky.pl\/sklep\/produkt\/obudowa-wodoodporna-telesin-do-gopro-hero-8-gp-wtp-801\/","og_site_name":"IRONSKY.PL Sklep z Dronami","article_modified_time":"2026-03-05T14:50:31+00:00","og_image":[{"width":655,"height":597,"url":"https:\/\/ironsky.pl\/sklep\/wp-content\/uploads\/2024\/09\/21673_3.png","type":"image\/png"}],"twitter_card":"summary_large_image","twitter_misc":{"Szacowany czas czytania":"1 minuta"},"schema":{"@context":"https:\/\/schema.org","@graph":[{"@type":"WebPage","@id":"https:\/\/ironsky.pl\/sklep\/produkt\/obudowa-wodoodporna-telesin-do-gopro-hero-8-gp-wtp-801\/","url":"https:\/\/ironsky.pl\/sklep\/produkt\/obudowa-wodoodporna-telesin-do-gopro-hero-8-gp-wtp-801\/","name":"Obudowa wodoodporna Telesin do GoPro Hero 8 (GP-WTP-801) - IRONSKY.PL Sklep z Dronami","isPartOf":{"@id":"https:\/\/ironsky.pl\/sklep\/#website"},"primaryImageOfPage":{"@id":"https:\/\/ironsky.pl\/sklep\/produkt\/obudowa-wodoodporna-telesin-do-gopro-hero-8-gp-wtp-801\/#primaryimage"},"image":{"@id":"https:\/\/ironsky.pl\/sklep\/produkt\/obudowa-wodoodporna-telesin-do-gopro-hero-8-gp-wtp-801\/#primaryimage"},"thumbnailUrl":"https:\/\/ironsky.pl\/sklep\/wp-content\/uploads\/2024\/09\/21673_3.png","datePublished":"2024-09-16T16:48:05+00:00","dateModified":"2026-03-05T14:50:31+00:00","description":"Obudowa wodoodporna Telesin do GoPro Hero 8 (GP-WTP-801) - \u2705 sklep z dronami i fachowym doradztwem. \u2705 Tutaj kupisz produkty DJI, Yuneec, Parrot, Syma i wiele innych, a tak\u017ce kursy i licencje na operatora drona.","breadcrumb":{"@id":"https:\/\/ironsky.pl\/sklep\/produkt\/obudowa-wodoodporna-telesin-do-gopro-hero-8-gp-wtp-801\/#breadcrumb"},"inLanguage":"pl-PL","potentialAction":[{"@type":"ReadAction","target":["https:\/\/ironsky.pl\/sklep\/produkt\/obudowa-wodoodporna-telesin-do-gopro-hero-8-gp-wtp-801\/"]}]},{"@type":"ImageObject","inLanguage":"pl-PL","@id":"https:\/\/ironsky.pl\/sklep\/produkt\/obudowa-wodoodporna-telesin-do-gopro-hero-8-gp-wtp-801\/#primaryimage","url":"https:\/\/ironsky.pl\/sklep\/wp-content\/uploads\/2024\/09\/21673_3.png","contentUrl":"https:\/\/ironsky.pl\/sklep\/wp-content\/uploads\/2024\/09\/21673_3.png","width":655,"height":597},{"@type":"BreadcrumbList","@id":"https:\/\/ironsky.pl\/sklep\/produkt\/obudowa-wodoodporna-telesin-do-gopro-hero-8-gp-wtp-801\/#breadcrumb","itemListElement":[{"@type":"ListItem","position":1,"name":"Strona g\u0142\u00f3wna","item":"https:\/\/ironsky.pl\/sklep\/"},{"@type":"ListItem","position":2,"name":"Wszystkie produkty","item":"https:\/\/ironsky.pl\/sklep\/produkty\/"},{"@type":"ListItem","position":3,"name":"Obudowa wodoodporna Telesin do GoPro Hero 8 (GP-WTP-801)"}]},{"@type":"WebSite","@id":"https:\/\/ironsky.pl\/sklep\/#website","url":"https:\/\/ironsky.pl\/sklep\/","name":"IRONSKY.PL Sklep z Dronami","description":"IRONSKY.PL Sklep z Dronami","potentialAction":[{"@type":"SearchAction","target":{"@type":"EntryPoint","urlTemplate":"https:\/\/ironsky.pl\/sklep\/?s={search_term_string}"},"query-input":{"@type":"PropertyValueSpecification","valueRequired":true,"valueName":"search_term_string"}}],"inLanguage":"pl-PL"}]}},"_links":{"self":[{"href":"https:\/\/ironsky.pl\/sklep\/wp-json\/wp\/v2\/product\/23460","targetHints":{"allow":["GET"]}}],"collection":[{"href":"https:\/\/ironsky.pl\/sklep\/wp-json\/wp\/v2\/product"}],"about":[{"href":"https:\/\/ironsky.pl\/sklep\/wp-json\/wp\/v2\/types\/product"}],"replies":[{"embeddable":true,"href":"https:\/\/ironsky.pl\/sklep\/wp-json\/wp\/v2\/comments?post=23460"}],"wp:featuredmedia":[{"embeddable":true,"href":"https:\/\/ironsky.pl\/sklep\/wp-json\/wp\/v2\/media\/23461"}],"wp:attachment":[{"href":"https:\/\/ironsky.pl\/sklep\/wp-json\/wp\/v2\/media?parent=23460"}],"wp:term":[{"taxonomy":"product_brand","embeddable":true,"href":"https:\/\/ironsky.pl\/sklep\/wp-json\/wp\/v2\/product_brand?post=23460"},{"taxonomy":"product_cat","embeddable":true,"href":"https:\/\/ironsky.pl\/sklep\/wp-json\/wp\/v2\/product_cat?post=23460"},{"taxonomy":"product_tag","embeddable":true,"href":"https:\/\/ironsky.pl\/sklep\/wp-json\/wp\/v2\/product_tag?post=23460"}],"curies":[{"name":"wp","href":"https:\/\/api.w.org\/{rel}","templated":true}]}}