{"id":23412,"date":"2024-09-16T18:46:42","date_gmt":"2024-09-16T16:46:42","guid":{"rendered":"http:\/\/gvshalph.pro-linuxpl.com\/ironskyprodukty\/produkt\/kamera-insta360-one-x2\/"},"modified":"2026-03-05T15:50:30","modified_gmt":"2026-03-05T14:50:30","slug":"kamera-insta360-one-x2","status":"publish","type":"product","link":"https:\/\/ironsky.pl\/sklep\/produkt\/kamera-insta360-one-x2\/","title":{"rendered":"Kamera Insta360 ONE X2"},"content":{"rendered":"<h3>Kamera Insta360 ONE X2<\/h3>\n<p>Nagrywaj zachwycaj\u0105co p\u0142ynne filmy 5.7K i nadaj im unikalny charakter, korzystaj\u0105c z mn\u00f3stwa dost\u0119pnych kreatywnych tryb\u00f3w. Kieszonkowa kamera Insta360 ONE X2 zosta\u0142a wyposa\u017cona w 2 obiektywy i umo\u017cliwia prost\u0105 edycj\u0119 wideo przy pomocy AI. Tw\u00f3rz spektakularne uj\u0119cia, gdziekolwiek jeste\u015b &#8211; w mie\u015bcie, w g\u00f3rach czy nad wod\u0105. Urz\u0105dzenie jest wodoodporne do g\u0142\u0119boko\u015bci 10 m i niezwykle wygodne w u\u017cyciu. Z \u0142atwo\u015bci\u0105 obs\u0142u\u017cysz je za pomoc\u0105 dotykowego wy\u015bwietlacza, a nawet komend g\u0142osowych!<\/p>\n<p><img decoding=\"async\" src=\"https:\/\/b2b.innpro.pl\/data\/include\/cms\/Insta360\/Insta360-ONE-X2\/15.jpg?v=1629718931312\" border=\"0\" \/><\/p>\n<h3>Tw\u00f3rz doskona\u0142ej jako\u015bci uj\u0119cia<\/h3>\n<p>Stw\u00f3rz najwy\u017cszej jako\u015bci uj\u0119cie 360\u00b0. Dzi\u0119ki 2 wbudowanym obiektywom kamery uchwycisz dos\u0142ownie wszystko, aby nast\u0119pnie przygotowa\u0107 zapieraj\u0105cy dech w piersiach film 5.7K. Mo\u017cesz te\u017c zostawi\u0107 ci\u0119\u017cki, niepor\u0119czny gimbal w domu &#8211; udoskonalone algorytmy stabilizacji FlowState zapewniaj\u0105 niezr\u00f3wnan\u0105 p\u0142ynno\u015b\u0107 nawet najbardziej dynamicznych nagra\u0144, a funkcja Horizon Lock idealnie poziomuje horyzont. Chcesz wi\u0119cej? Wypr\u00f3buj tryb Steady Cam, kt\u00f3ry niezawodnie stabilizuje uj\u0119cia wykonane za pomoc\u0105 jednego obiektywu.<\/p>\n<p><img decoding=\"async\" src=\"https:\/\/b2b.innpro.pl\/data\/include\/cms\/Insta360\/Insta360-ONE-X2\/6.jpg?v=1629718931312\" border=\"0\" \/><\/p>\n<h3>Edytuj swoje materia\u0142y w mgnieniu oka<\/h3>\n<p>Szukasz sposobu na szybk\u0105 i prost\u0105 edycj\u0119 swoich nagra\u0144? Zainstaluj aplikacj\u0119 Insta360 i zyskaj dost\u0119p do mn\u00f3stwa dodatkowych funkcji! Wygodnie kadruj uj\u0119cia i wybieraj formaty 16:9, 1:1 lub 9:16, aby nast\u0119pnie bezpo\u015brednio udost\u0119pnia\u0107 swoje dzie\u0142a w social mediach. A mo\u017ce wolisz edytowa\u0107 wideo na komputerze? Wypr\u00f3buj darmowy program Insta360 Studio i oddaj si\u0119 tworzeniu! Istnieje te\u017c mo\u017cliwo\u015b\u0107 dodania odpowiednich wtyczek do Adobe Premiere Pro.<\/p>\n<p><img decoding=\"async\" src=\"https:\/\/b2b.innpro.pl\/data\/include\/cms\/Insta360\/Insta360-ONE-X2\/11.jpg?v=1629718931312\" border=\"0\" \/><\/p>\n<h3>Wypr\u00f3buj tryby dost\u0119pne w aplikacji<\/h3>\n<p>Skorzystaj z dost\u0119pnych w aplikacji tryb\u00f3w, aby uatrakcyjni\u0107 swoje nagrania i nada\u0107 im niepowtarzalny charakter. Przejmij w\u0142adz\u0119 nad czasem i przestrzeni\u0105, tworz\u0105c uj\u0119cie slow-mo lub hyperlapse. Widoczni w kadrze ludzie psuj\u0105 Ci wymarzonego timelapsa? \u017baden problem! Wystarczy kilka klikni\u0119\u0107, aby ich z niego wyci\u0105\u0107. Mo\u017cesz te\u017c chwilowo zatrzyma\u0107 czas lub przygotowa\u0107 efektowne uj\u0119cie w stylu FPV. Dost\u0119pny jest r\u00f3wnie\u017c tryb Deep Track 2.0, kt\u00f3ry umo\u017cliwia p\u0142ynne \u015bledzenie wskazanych obiekt\u00f3w. Nagraj swojego psa, jak rusza w po\u015bcig za pi\u0142k\u0105 i miej pewno\u015b\u0107, \u017ce przez ca\u0142y czas pozostanie w centrum uwagi!<\/p>\n<p><img decoding=\"async\" src=\"https:\/\/b2b.innpro.pl\/data\/include\/cms\/Insta360\/Insta360-ONE-X2\/7.jpg?v=1629718931312\" border=\"0\" \/><\/p>\n<h3>B\u0142yskawiczna edycja Twoich film\u00f3w z Shot Lab<\/h3>\n<p>To nie koniec mo\u017cliwo\u015bci! Nie masz czasu na z\u0142o\u017con\u0105 edycj\u0119 swoich materia\u0142\u00f3w? Wypr\u00f3buj funkcj\u0119 Shot Lab! Po prostu wska\u017c odpowiednie uj\u0119cie i pozw\u00f3l sztucznej inteligencji zaj\u0105\u0107 si\u0119 reszt\u0105. Wystarczy kilka klikni\u0119\u0107, aby za pomoc\u0105 szablon\u00f3w takich jak Stop Motion Mix, Clone Trail, Dolly Zoom czy Flip My Day przygotowa\u0107 efektowny film gotowy do udost\u0119pnienia w mediach spo\u0142eczno\u015bciowych.<\/p>\n<p><img decoding=\"async\" src=\"https:\/\/b2b.innpro.pl\/data\/include\/cms\/Insta360\/Insta360-ONE-X2\/14.jpg?v=1629718931312\" border=\"0\" \/><\/p>\n<h3>Wykonaj zachwycaj\u0105ce uj\u0119cie r\u00f3wnie\u017c w nocy<\/h3>\n<p>Tw\u00f3rz zachwycaj\u0105ce zdj\u0119cia i filmy o ka\u017cdej porze dnia i nocy. Insta360 ONE X2 obs\u0142uguje funkcj\u0119 HDR, kt\u00f3ra pozwala uzyska\u0107 naturaln\u0105, \u017cyw\u0105 kolorystyk\u0119 obrazu nawet w trudnych warunkach o\u015bwietleniowych. Marzy Ci si\u0119 uchwycenie pi\u0119kna nocnego krajobrazu? \u017baden problem! Skorzystaj z trybu PureShot, kt\u00f3ry umo\u017cliwia zwi\u0119kszenie rozpi\u0119to\u015bci tonalnej podczas nagrywania w s\u0142abym \u015bwietle. Dzi\u0119ki temu skutecznie redukuje szum i zapewnia niesamowite bogactwo szczeg\u00f3\u0142\u00f3w. Co wi\u0119cej, funkcja InstaPano pozwala tworzy\u0107 wyraziste, wspania\u0142e panoramy za pomoc\u0105 jednego klikni\u0119cia.<\/p>\n<p><img decoding=\"async\" src=\"https:\/\/b2b.innpro.pl\/data\/include\/cms\/Insta360\/Insta360-ONE-X2\/8.jpg?v=1629718931312\" border=\"0\" \/><\/p>\n<h3>Idealne narz\u0119dzie dla samodzielnych tw\u00f3rc\u00f3w<\/h3>\n<p>Kupuj\u0105c Insta360 ONE X2, zyskujesz a\u017c 2 kamery w jednym urz\u0105dzeniu! 2 obiektywy produktu umo\u017cliwiaj\u0105 nagrywanie z 2 r\u00f3\u017cnych perspektyw, co czyni go idealnym narz\u0119dziem dla vloger\u00f3w i samodzielnych tw\u00f3rc\u00f3w. Chcesz dostosowa\u0107 pole widzenia i zoom? Wystarczy uruchomi\u0107 aplikacj\u0119! Nie musisz te\u017c zastanawia\u0107 si\u0119, kt\u00f3re uj\u0119cie jest najlepsze. Funkcja Auto Frame umo\u017cliwia automatyczne kadrowanie Twoich film\u00f3w w taki spos\u00f3b, aby pozwoli\u0107 Ci uzyska\u0107 optymaln\u0105 perspektyw\u0119.<\/p>\n<p><img decoding=\"async\" src=\"https:\/\/b2b.innpro.pl\/data\/include\/cms\/Insta360\/Insta360-ONE-X2\/9.jpg?v=1629718931312\" border=\"0\" \/><\/p>\n<h3>Nagrywaj krystalicznie czysty d\u017awi\u0119k<\/h3>\n<p>Insta360 ONE X2 to nie tylko doskona\u0142a jako\u015b\u0107 obrazu &#8211; to r\u00f3wnie\u017c krystalicznie czysty, przestrzenny d\u017awi\u0119k. Kamera zosta\u0142a wyposa\u017cona w 4 mikrofony, kt\u00f3re precyzyjnie zarejestruj\u0105 i wzmocni\u0105 Tw\u00f3j g\u0142os. Niewa\u017cne, w jaki spos\u00f3b trzymasz urz\u0105dzenie lub z kt\u00f3rego kierunku dochodz\u0105 Twoje s\u0142owa! Z ONE X2 mo\u017cesz te\u017c nagrywa\u0107 niemal w ka\u017cdych warunkach. Inteligentny algorytm skutecznie redukuje podmuchy wiatru, daj\u0105c Ci pewno\u015b\u0107, \u017ce Tw\u00f3j g\u0142os b\u0119dzie zawsze doskonale s\u0142yszalny.<\/p>\n<p><img decoding=\"async\" src=\"https:\/\/b2b.innpro.pl\/data\/include\/cms\/Insta360\/Insta360-ONE-X2\/17.jpg?v=1629718931312\" border=\"0\" \/><\/p>\n<h3>Stworzona do podwodnych uj\u0119\u0107<\/h3>\n<p>Kochasz p\u0142ywa\u0107? A mo\u017ce po prostu zachwyca Ci\u0119 pi\u0119kno podwodnego \u015bwiata? Mamy dla Ciebie \u015bwietn\u0105 wiadomo\u015b\u0107! Kamera ONE X2 wyr\u00f3\u017cnia si\u0119 wodoodporno\u015bci\u0105 IPX8 &#8211; mo\u017cesz bez obaw zanurzy\u0107 j\u0105 na g\u0142\u0119boko\u015b\u0107 do 10 m. Co wi\u0119cej, specjalny tryb AquaVision pozwala automatycznie wyr\u00f3wnywa\u0107 kolorystyk\u0119 podwodnych uj\u0119\u0107 i zapewnia niesamowite rezultaty. Ju\u017c nie musisz si\u0119ga\u0107 po dodatkowe filtry! W sprzeda\u017cy dost\u0119pne jest r\u00f3wnie\u017c etui, kt\u00f3re umo\u017cliwia bezpieczne zanurzenie kamery na g\u0142\u0119boko\u015b\u0107 nawet 45 m.<\/p>\n<p><img decoding=\"async\" src=\"https:\/\/b2b.innpro.pl\/data\/include\/cms\/Insta360\/Insta360-ONE-X2\/4.jpg?v=1629718931312\" border=\"0\" \/><\/p>\n<h3>Jeszcze d\u0142u\u017cszy czas pracy<\/h3>\n<p>Nagrywaj tak d\u0142ugo, jak potrzebujesz &#8211; bez niepo\u017c\u0105danych przerw. Kamera zosta\u0142a wyposa\u017cona w wytrzyma\u0142y akumulator o pojemno\u015bci 1630 mAh, kt\u00f3ry zapewnia jej czas pracy przed\u0142u\u017cony a\u017c o 55% wzgl\u0119dem poprzedniego modelu. Aby go na\u0142adowa\u0107, wystarczy oko\u0142o 85 minut! Mo\u017cesz wi\u0119c mie\u0107 pewno\u015b\u0107, \u017ce nawet je\u017celi Tw\u00f3j Insta360 ONE X2 si\u0119 roz\u0142aduje, w kr\u00f3tkim czasie b\u0119dzie ponownie gotowy do dzia\u0142ania!<\/p>\n<p><img decoding=\"async\" src=\"https:\/\/b2b.innpro.pl\/data\/include\/cms\/Insta360\/Insta360-ONE-X2\/5.jpg?v=1629718931312\" border=\"0\" \/><\/p>\n<h3>Wygodna obs\u0142uga &#8211; mo\u017cliwo\u015b\u0107 kontroli g\u0142osem<\/h3>\n<p>Obs\u0142uga urz\u0105dzenia jest dziecinnie prosta. Ultrajasny wy\u015bwietlacz dotykowy zapewnia wygodny dost\u0119p do najwa\u017cniejszych funkcji kamery i umo\u017cliwia podgl\u0105d 360\u00b0 przygotowanych materia\u0142\u00f3w. Mo\u017cesz te\u017c sparowa\u0107 ONE X2 ze swoim Apple Watchem lub inteligentnym pilotem GPS (w sprzeda\u017cy oddzielnie). Chcesz jeszcze wygodniej obs\u0142ugiwa\u0107 urz\u0105dzenie lub wykona\u0107 idealne selfie grupowe? Wydaj odpowiedni\u0105 komend\u0119 g\u0142osow\u0105! Po sparowaniu kamery ze swoimi AirPodsami mo\u017cesz nie tylko sterowa\u0107 ni\u0105 za pomoc\u0105 g\u0142osu, ale te\u017c bezprzewodowo nagrywa\u0107 d\u017awi\u0119k.<\/p>\n<p><img decoding=\"async\" src=\"https:\/\/b2b.innpro.pl\/data\/include\/cms\/Insta360\/Insta360-ONE-X2\/16.jpg?v=1629718931312\" border=\"0\" \/><\/p>\n<h3>Zapisuj statystyki ze swoich przyg\u00f3d<\/h3>\n<p>Dokumentuj swoje przygody i monitoruj poczynione post\u0119py. Je\u017celi korzystasz z Apple Watcha lub inteligentnego pilota GPS, mo\u017cesz zapisywa\u0107 statystyki ze swoich wypraw takie jak pr\u0119dko\u015b\u0107, wysoko\u015b\u0107 i wiele innych. Swobodnie nagrywaj swoj\u0105 szalon\u0105 jazd\u0119 na rowerze w d\u00f3\u0142 zbocza lub w\u0119dr\u00f3wk\u0119 na g\u00f3rski szczyt &#8211; z Insta360 zachowasz na pami\u0105tk\u0119 nie tylko ekscytuj\u0105ce nagrania, ale te\u017c mn\u00f3stwo przydatnych informacji!<\/p>\n<p><img decoding=\"async\" src=\"https:\/\/b2b.innpro.pl\/data\/include\/cms\/Insta360\/Insta360-ONE-X2\/12.jpg?v=1629718931312\" border=\"0\" \/><\/p>\n<h3>Streamuj w 360\u00b0 i bierz udzia\u0142 w spotkaniach online<\/h3>\n<p>Insta360 ONE X2 pozwoli Ci przenie\u015b\u0107 interakcje z publiczno\u015bci\u0105 na nowy poziom. Prowad\u017a jeszcze ciekawsze transmisje na \u017cywo, korzystaj\u0105c z funkcji 360 Live. Teraz Twoi widzowie mog\u0105 ze wszystkich stron zobaczy\u0107 miejsca, w kt\u00f3rych si\u0119 znajdujesz! Poka\u017c im ka\u017cdy zakamarek swojego miasta lub zapieraj\u0105ce dech w piersiach pi\u0119kno g\u00f3rskiej panoramy. Z ONE X2 mo\u017cesz te\u017c wygodnie bra\u0107 udzia\u0142 w konferencjach i spotkaniach online. Po\u0142\u0105cz kamer\u0119 z wybran\u0105 platform\u0105 tak\u0105 jak Zoom lub Microsoft Teams i zyskaj podgl\u0105d ca\u0142ego pomieszczenia na podzielonym ekranie.<\/p>\n<p><img decoding=\"async\" src=\"https:\/\/b2b.innpro.pl\/data\/include\/cms\/Insta360\/Insta360-ONE-X2\/13.jpg?v=1629718931312\" border=\"0\" \/><\/p>\n<h3>Zyskaj wi\u0119cej mo\u017cliwo\u015bci z dodatkowymi akcesoriami<\/h3>\n<p>Wypr\u00f3buj dodatkowe akcesoria, aby tworzy\u0107 jeszcze ciekawsze materia\u0142y. Marzy Ci si\u0119 uj\u0119cie z lotu ptaka, a nie masz mo\u017cliwo\u015bci skorzystania z drona? \u017baden problem! Zamontuj swoj\u0105 kamer\u0119 na specjalnym selfie sticku (brak w zestawie), a nast\u0119pnie w prosty spos\u00f3b usu\u0144 go z nagrania podczas edycji. W ten spos\u00f3b bez problemu uzyskasz niecodzienn\u0105 perspektyw\u0119 i stworzysz oryginalny film! W sprzeda\u017cy dost\u0119pne s\u0105 r\u00f3wnie\u017c akcesoria do tworzenia uj\u0119\u0107 typu Bullet Time oraz ochronne nak\u0142adki na obiektywy.<\/p>\n<p><img decoding=\"async\" src=\"https:\/\/b2b.innpro.pl\/data\/include\/cms\/Insta360\/Insta360-ONE-X2\/10.jpg?v=1629718931312\" border=\"0\" \/><\/p>\n<h3>W zestawie<\/h3>\n<ul>\n<li>Kamera Insta360 ONE X2<\/li>\n<li>Akumulator<\/li>\n<li>Kabel \u0142adowania<\/li>\n<li>Etui ochronne<\/li>\n<li>Przewodnik Szybki Start<\/li>\n<li>Karta gwarancyjna<\/li>\n<\/ul>\n<div class=\"table-wrapper\">\n<table>\n<tbody>\n<tr>\n<th>Producent<\/th>\n<td>Insta360<\/td>\n<\/tr>\n<tr>\n<th>Model<\/th>\n<td>ONE X2<\/td>\n<\/tr>\n<tr>\n<th>Wymiary<\/th>\n<td>46,2 x 113 x 29,8 mm<\/td>\n<\/tr>\n<tr>\n<th>Waga<\/th>\n<td>149 g<\/td>\n<\/tr>\n<tr>\n<th>Matryca<\/th>\n<td>1 \/ 2,3\u2033 CMOS<\/td>\n<\/tr>\n<tr>\n<th>Rozdzielczo\u015b\u0107 efektywna<\/th>\n<td>18M<\/td>\n<\/tr>\n<tr>\n<th>Przys\u0142ona<\/th>\n<td>f\/2.0<\/td>\n<\/tr>\n<tr>\n<th>Odpowiednik ogniskowej 35 mm<\/th>\n<td>7,2 mm<\/td>\n<\/tr>\n<tr>\n<th>ISO<\/th>\n<td>Auto, 100-3200<\/td>\n<\/tr>\n<tr>\n<th>WB<\/th>\n<td>Auto, 2700K, 4000K, 5000K, 6500K, 7500K<\/td>\n<\/tr>\n<tr>\n<th>EV<\/th>\n<td>\u00b14 EV<\/td>\n<\/tr>\n<tr>\n<th>Profile kolorystyczne<\/th>\n<td>Vivid, Standard, LOG<\/td>\n<\/tr>\n<tr>\n<th>Tryby foto<\/th>\n<td>Standard, HDR, Burst, Interval, Night Shot, PureShot, InstaPano<\/td>\n<\/tr>\n<tr>\n<th>Rozdzielczo\u015b\u0107 zdj\u0119\u0107<\/th>\n<td>360: 6080&#215;3040 (2:1);<br \/>Pano: 4320&#215;1440 (3:1)<\/td>\n<\/tr>\n<tr>\n<th>Formaty zdj\u0119\u0107<\/th>\n<td>JPF (mo\u017cna wyeksportowa\u0107 przez aplikacj\u0119 lub Studio), RAW (dng, musi by\u0107 edytowane na komputerze)<\/td>\n<\/tr>\n<tr>\n<th>Tryby ekspozycji zdj\u0119\u0107<\/th>\n<td>Auto, Manual (migawka 1\/8000s-120s, ISO 100-3200), Shutter Priority (1\/8000s-1s), ISO Priority (100-3200)<\/td>\n<\/tr>\n<tr>\n<th>Tryby wideo<\/th>\n<td>Standard, HDR, Timelapse, Timeshift, Bullet Time, Steady Cam<\/td>\n<\/tr>\n<tr>\n<th>Rozdzielczo\u015b\u0107 wideo<\/th>\n<td>360: 5.7K\/30FPS, 25 FPS, 24 FPS, 4K\/50FPS, 30FPS, 3K\/100FPS;<br \/>Szerokok\u0105tne (tryb Steady Cam): 2560&#215;1440\/50FPS, 30FPS, 1920&#215;1440\/50FPS, 30FPS, 1920&#215;1080\/50FPS, 30FPS<\/td>\n<\/tr>\n<tr>\n<th>Format wideo<\/th>\n<td>Steady Cam: MP4;<br \/>360: INSV<\/td>\n<\/tr>\n<tr>\n<th>Tryby ekspozycji wideo<\/th>\n<td>Auto, Manual (migawka 1\/8000 &#8211; 1\/30, ISO 100-3200)<\/td>\n<\/tr>\n<tr>\n<th>Kodeki wideo<\/th>\n<td>H.264, H.265<\/td>\n<\/tr>\n<tr>\n<th>Maks. bitrate wideo<\/th>\n<td>100 Mbps<\/td>\n<\/tr>\n<tr>\n<th>Cechy audio<\/th>\n<td>Redukcja wiatru, skupienie kierunkowe 360<\/td>\n<\/tr>\n<tr>\n<th>Bluetooth<\/th>\n<td>BLE4.0<\/td>\n<\/tr>\n<tr>\n<th>Wi-Fi<\/th>\n<td>802.11 a\/b\/g\/n\/ac<\/td>\n<\/tr>\n<tr>\n<th>USB<\/th>\n<td>Typu C<\/td>\n<\/tr>\n<tr>\n<th>Obs\u0142ugiwane karty micro SD<\/th>\n<td>Klasa pr\u0119dko\u015bci UHS-I V30, format exFAT (FAT64), do pojemno\u015bci 1 TB<\/td>\n<\/tr>\n<tr>\n<th>Pojemno\u015b\u0107 akumulatora<\/th>\n<td>1630 mAh<\/td>\n<\/tr>\n<tr>\n<th>Czas pracy<\/th>\n<td>Do 80 minut (nagrywanie 5.7K\/30FPS)<\/td>\n<\/tr>\n<tr>\n<th>Port \u0142adowania<\/th>\n<td>USB-C<\/td>\n<\/tr>\n<tr>\n<th>Czas \u0142adowania<\/th>\n<td>Ok. 85 minut<\/td>\n<\/tr>\n<tr>\n<th>Temperatura pracy<\/th>\n<td>-20\u00b0C &#8211; 40\u00b0C<\/td>\n<\/tr>\n<\/tbody>\n<\/table>\n<\/div>\n","protected":false},"excerpt":{"rendered":"<p>Kamera Insta360 ONE X2 Nagrywaj zachwycaj\u0105co p\u0142ynne filmy 5.7K i nadaj im unikalny charakter, korzystaj\u0105c z mn\u00f3stwa dost\u0119pnych kreatywnych tryb\u00f3w.<\/p>\n","protected":false},"featured_media":23413,"comment_status":"closed","ping_status":"open","template":"","meta":{"_acf_changed":false},"product_brand":[],"product_cat":[1128,1160,1158],"product_tag":[],"class_list":{"0":"post-23412","1":"product","2":"type-product","3":"status-publish","4":"has-post-thumbnail","6":"product_cat-foto-wideo","7":"product_cat-insta-360","8":"product_cat-kamery-sportowe","9":"pa_box-height-2378","10":"pa_box-length-1403","11":"pa_box-width-2790","12":"pa_gross-weight-2791","13":"pa_hs-code-2354","14":"pa_jakosc-zapisu-4k-uhd","15":"pa_kolejna-dostawa-25-09-2024","16":"pa_net-weight-2789","17":"pa_rodzaj-sportowa","19":"first","20":"outofstock","21":"taxable","22":"shipping-taxable","23":"purchasable","24":"product-type-simple"},"acf":[],"yoast_head":"<!-- This site is optimized with the Yoast SEO plugin v27.2 - https:\/\/yoast.com\/product\/yoast-seo-wordpress\/ -->\n<title>Kamera Insta360 ONE X2 - IRONSKY.PL Sklep z Dronami<\/title>\n<meta name=\"description\" content=\"Kamera Insta360 ONE X2 - \u2705 sklep z dronami i fachowym doradztwem. \u2705 Tutaj kupisz produkty DJI, Yuneec, Parrot, Syma i wiele innych, a tak\u017ce kursy i licencje na operatora drona.\" \/>\n<meta name=\"robots\" content=\"index, follow, max-snippet:-1, max-image-preview:large, max-video-preview:-1\" \/>\n<link rel=\"canonical\" href=\"https:\/\/ironsky.pl\/sklep\/produkt\/kamera-insta360-one-x2\/\" \/>\n<meta property=\"og:locale\" content=\"pl_PL\" \/>\n<meta property=\"og:type\" content=\"article\" \/>\n<meta property=\"og:title\" content=\"Kamera Insta360 ONE X2 - IRONSKY.PL Sklep z Dronami\" \/>\n<meta property=\"og:description\" content=\"Kamera Insta360 ONE X2 - \u2705 sklep z dronami i fachowym doradztwem. \u2705 Tutaj kupisz produkty DJI, Yuneec, Parrot, Syma i wiele innych, a tak\u017ce kursy i licencje na operatora drona.\" \/>\n<meta property=\"og:url\" content=\"https:\/\/ironsky.pl\/sklep\/produkt\/kamera-insta360-one-x2\/\" \/>\n<meta property=\"og:site_name\" content=\"IRONSKY.PL Sklep z Dronami\" \/>\n<meta property=\"article:modified_time\" content=\"2026-03-05T14:50:30+00:00\" \/>\n<meta property=\"og:image\" content=\"https:\/\/ironsky.pl\/sklep\/wp-content\/uploads\/2024\/09\/21599_5.jpg\" \/>\n\t<meta property=\"og:image:width\" content=\"800\" \/>\n\t<meta property=\"og:image:height\" content=\"800\" \/>\n\t<meta property=\"og:image:type\" content=\"image\/jpeg\" \/>\n<meta name=\"twitter:card\" content=\"summary_large_image\" \/>\n<meta name=\"twitter:label1\" content=\"Szacowany czas czytania\" \/>\n\t<meta name=\"twitter:data1\" content=\"7 minut\" \/>\n<script type=\"application\/ld+json\" class=\"yoast-schema-graph\">{\"@context\":\"https:\/\/schema.org\",\"@graph\":[{\"@type\":\"WebPage\",\"@id\":\"https:\/\/ironsky.pl\/sklep\/produkt\/kamera-insta360-one-x2\/\",\"url\":\"https:\/\/ironsky.pl\/sklep\/produkt\/kamera-insta360-one-x2\/\",\"name\":\"Kamera Insta360 ONE X2 - IRONSKY.PL Sklep z Dronami\",\"isPartOf\":{\"@id\":\"https:\/\/ironsky.pl\/sklep\/#website\"},\"primaryImageOfPage\":{\"@id\":\"https:\/\/ironsky.pl\/sklep\/produkt\/kamera-insta360-one-x2\/#primaryimage\"},\"image\":{\"@id\":\"https:\/\/ironsky.pl\/sklep\/produkt\/kamera-insta360-one-x2\/#primaryimage\"},\"thumbnailUrl\":\"https:\/\/ironsky.pl\/sklep\/wp-content\/uploads\/2024\/09\/21599_5.jpg\",\"datePublished\":\"2024-09-16T16:46:42+00:00\",\"dateModified\":\"2026-03-05T14:50:30+00:00\",\"description\":\"Kamera Insta360 ONE X2 - \u2705 sklep z dronami i fachowym doradztwem. \u2705 Tutaj kupisz produkty DJI, Yuneec, Parrot, Syma i wiele innych, a tak\u017ce kursy i licencje na operatora drona.\",\"breadcrumb\":{\"@id\":\"https:\/\/ironsky.pl\/sklep\/produkt\/kamera-insta360-one-x2\/#breadcrumb\"},\"inLanguage\":\"pl-PL\",\"potentialAction\":[{\"@type\":\"ReadAction\",\"target\":[\"https:\/\/ironsky.pl\/sklep\/produkt\/kamera-insta360-one-x2\/\"]}]},{\"@type\":\"ImageObject\",\"inLanguage\":\"pl-PL\",\"@id\":\"https:\/\/ironsky.pl\/sklep\/produkt\/kamera-insta360-one-x2\/#primaryimage\",\"url\":\"https:\/\/ironsky.pl\/sklep\/wp-content\/uploads\/2024\/09\/21599_5.jpg\",\"contentUrl\":\"https:\/\/ironsky.pl\/sklep\/wp-content\/uploads\/2024\/09\/21599_5.jpg\",\"width\":800,\"height\":800},{\"@type\":\"BreadcrumbList\",\"@id\":\"https:\/\/ironsky.pl\/sklep\/produkt\/kamera-insta360-one-x2\/#breadcrumb\",\"itemListElement\":[{\"@type\":\"ListItem\",\"position\":1,\"name\":\"Strona g\u0142\u00f3wna\",\"item\":\"https:\/\/ironsky.pl\/sklep\/\"},{\"@type\":\"ListItem\",\"position\":2,\"name\":\"Wszystkie produkty\",\"item\":\"https:\/\/ironsky.pl\/sklep\/produkty\/\"},{\"@type\":\"ListItem\",\"position\":3,\"name\":\"Kamera Insta360 ONE X2\"}]},{\"@type\":\"WebSite\",\"@id\":\"https:\/\/ironsky.pl\/sklep\/#website\",\"url\":\"https:\/\/ironsky.pl\/sklep\/\",\"name\":\"IRONSKY.PL Sklep z Dronami\",\"description\":\"IRONSKY.PL Sklep z Dronami\",\"potentialAction\":[{\"@type\":\"SearchAction\",\"target\":{\"@type\":\"EntryPoint\",\"urlTemplate\":\"https:\/\/ironsky.pl\/sklep\/?s={search_term_string}\"},\"query-input\":{\"@type\":\"PropertyValueSpecification\",\"valueRequired\":true,\"valueName\":\"search_term_string\"}}],\"inLanguage\":\"pl-PL\"}]}<\/script>\n<!-- \/ Yoast SEO plugin. -->","yoast_head_json":{"title":"Kamera Insta360 ONE X2 - IRONSKY.PL Sklep z Dronami","description":"Kamera Insta360 ONE X2 - \u2705 sklep z dronami i fachowym doradztwem. \u2705 Tutaj kupisz produkty DJI, Yuneec, Parrot, Syma i wiele innych, a tak\u017ce kursy i licencje na operatora drona.","robots":{"index":"index","follow":"follow","max-snippet":"max-snippet:-1","max-image-preview":"max-image-preview:large","max-video-preview":"max-video-preview:-1"},"canonical":"https:\/\/ironsky.pl\/sklep\/produkt\/kamera-insta360-one-x2\/","og_locale":"pl_PL","og_type":"article","og_title":"Kamera Insta360 ONE X2 - IRONSKY.PL Sklep z Dronami","og_description":"Kamera Insta360 ONE X2 - \u2705 sklep z dronami i fachowym doradztwem. \u2705 Tutaj kupisz produkty DJI, Yuneec, Parrot, Syma i wiele innych, a tak\u017ce kursy i licencje na operatora drona.","og_url":"https:\/\/ironsky.pl\/sklep\/produkt\/kamera-insta360-one-x2\/","og_site_name":"IRONSKY.PL Sklep z Dronami","article_modified_time":"2026-03-05T14:50:30+00:00","og_image":[{"width":800,"height":800,"url":"https:\/\/ironsky.pl\/sklep\/wp-content\/uploads\/2024\/09\/21599_5.jpg","type":"image\/jpeg"}],"twitter_card":"summary_large_image","twitter_misc":{"Szacowany czas czytania":"7 minut"},"schema":{"@context":"https:\/\/schema.org","@graph":[{"@type":"WebPage","@id":"https:\/\/ironsky.pl\/sklep\/produkt\/kamera-insta360-one-x2\/","url":"https:\/\/ironsky.pl\/sklep\/produkt\/kamera-insta360-one-x2\/","name":"Kamera Insta360 ONE X2 - IRONSKY.PL Sklep z Dronami","isPartOf":{"@id":"https:\/\/ironsky.pl\/sklep\/#website"},"primaryImageOfPage":{"@id":"https:\/\/ironsky.pl\/sklep\/produkt\/kamera-insta360-one-x2\/#primaryimage"},"image":{"@id":"https:\/\/ironsky.pl\/sklep\/produkt\/kamera-insta360-one-x2\/#primaryimage"},"thumbnailUrl":"https:\/\/ironsky.pl\/sklep\/wp-content\/uploads\/2024\/09\/21599_5.jpg","datePublished":"2024-09-16T16:46:42+00:00","dateModified":"2026-03-05T14:50:30+00:00","description":"Kamera Insta360 ONE X2 - \u2705 sklep z dronami i fachowym doradztwem. \u2705 Tutaj kupisz produkty DJI, Yuneec, Parrot, Syma i wiele innych, a tak\u017ce kursy i licencje na operatora drona.","breadcrumb":{"@id":"https:\/\/ironsky.pl\/sklep\/produkt\/kamera-insta360-one-x2\/#breadcrumb"},"inLanguage":"pl-PL","potentialAction":[{"@type":"ReadAction","target":["https:\/\/ironsky.pl\/sklep\/produkt\/kamera-insta360-one-x2\/"]}]},{"@type":"ImageObject","inLanguage":"pl-PL","@id":"https:\/\/ironsky.pl\/sklep\/produkt\/kamera-insta360-one-x2\/#primaryimage","url":"https:\/\/ironsky.pl\/sklep\/wp-content\/uploads\/2024\/09\/21599_5.jpg","contentUrl":"https:\/\/ironsky.pl\/sklep\/wp-content\/uploads\/2024\/09\/21599_5.jpg","width":800,"height":800},{"@type":"BreadcrumbList","@id":"https:\/\/ironsky.pl\/sklep\/produkt\/kamera-insta360-one-x2\/#breadcrumb","itemListElement":[{"@type":"ListItem","position":1,"name":"Strona g\u0142\u00f3wna","item":"https:\/\/ironsky.pl\/sklep\/"},{"@type":"ListItem","position":2,"name":"Wszystkie produkty","item":"https:\/\/ironsky.pl\/sklep\/produkty\/"},{"@type":"ListItem","position":3,"name":"Kamera Insta360 ONE X2"}]},{"@type":"WebSite","@id":"https:\/\/ironsky.pl\/sklep\/#website","url":"https:\/\/ironsky.pl\/sklep\/","name":"IRONSKY.PL Sklep z Dronami","description":"IRONSKY.PL Sklep z Dronami","potentialAction":[{"@type":"SearchAction","target":{"@type":"EntryPoint","urlTemplate":"https:\/\/ironsky.pl\/sklep\/?s={search_term_string}"},"query-input":{"@type":"PropertyValueSpecification","valueRequired":true,"valueName":"search_term_string"}}],"inLanguage":"pl-PL"}]}},"_links":{"self":[{"href":"https:\/\/ironsky.pl\/sklep\/wp-json\/wp\/v2\/product\/23412","targetHints":{"allow":["GET"]}}],"collection":[{"href":"https:\/\/ironsky.pl\/sklep\/wp-json\/wp\/v2\/product"}],"about":[{"href":"https:\/\/ironsky.pl\/sklep\/wp-json\/wp\/v2\/types\/product"}],"replies":[{"embeddable":true,"href":"https:\/\/ironsky.pl\/sklep\/wp-json\/wp\/v2\/comments?post=23412"}],"wp:featuredmedia":[{"embeddable":true,"href":"https:\/\/ironsky.pl\/sklep\/wp-json\/wp\/v2\/media\/23413"}],"wp:attachment":[{"href":"https:\/\/ironsky.pl\/sklep\/wp-json\/wp\/v2\/media?parent=23412"}],"wp:term":[{"taxonomy":"product_brand","embeddable":true,"href":"https:\/\/ironsky.pl\/sklep\/wp-json\/wp\/v2\/product_brand?post=23412"},{"taxonomy":"product_cat","embeddable":true,"href":"https:\/\/ironsky.pl\/sklep\/wp-json\/wp\/v2\/product_cat?post=23412"},{"taxonomy":"product_tag","embeddable":true,"href":"https:\/\/ironsky.pl\/sklep\/wp-json\/wp\/v2\/product_tag?post=23412"}],"curies":[{"name":"wp","href":"https:\/\/api.w.org\/{rel}","templated":true}]}}