{"id":23382,"date":"2024-09-16T18:46:42","date_gmt":"2024-09-16T16:46:42","guid":{"rendered":"http:\/\/gvshalph.pro-linuxpl.com\/ironskyprodukty\/produkt\/wodoodporny-selfie-stick-telesin-360-do-kamer-sportowych-gp-mfw-300\/"},"modified":"2026-03-05T15:50:29","modified_gmt":"2026-03-05T14:50:29","slug":"wodoodporny-selfie-stick-telesin-360-do-kamer-sportowych-gp-mfw-300","status":"publish","type":"product","link":"https:\/\/ironsky.pl\/sklep\/produkt\/wodoodporny-selfie-stick-telesin-360-do-kamer-sportowych-gp-mfw-300\/","title":{"rendered":"Wodoodporny selfie stick Telesin 360\u00b0 do kamer sportowych (GP-MFW-300)"},"content":{"rendered":"<h3>Wodoodporny selfie stick ze statywem Telesin GP-MFW-300 do kamer sportowych<\/h3>\n<p>Szukasz uniwersalnych narz\u0119dzi, kt\u00f3re pozwol\u0105 Ci tworzy\u0107 oryginalne uj\u0119cia za pomoc\u0105 kamery sportowej? To praktyczne, wodoodporne akcesorium marki Telesin z pewno\u015bci\u0105 spe\u0142ni Twoje oczekiwania! Sprawdzi si\u0119 w roli selfie sticka, obrotowego uchwytu r\u0119cznego i statywu, mo\u017ce te\u017c unosi\u0107 si\u0119 na wodzie. Jego maksymalna wysoko\u015b\u0107 wynosi a\u017c 60 cm, co daje Ci niemal nieograniczone mo\u017cliwo\u015bci. Jest kompatybilny z wi\u0119kszo\u015bci\u0105 dost\u0119pnych na rynku kamer sportowych.<\/p>\n<p><img decoding=\"async\" src=\"https:\/\/b2b.innpro.pl\/data\/include\/cms\/Telesin\/GP-MFW-300\/3.jpg?v=1627648655434\"><\/p>\n<h3>Kilka akcesori\u00f3w w jednym<\/h3>\n<p>To wyj\u0105tkowe akcesorium sprawdzi si\u0119 w wielu r\u00f3\u017cnych zastosowaniach. Mo\u017ce pe\u0142ni\u0107 rol\u0119 uchwytu r\u0119cznego oraz wygodnego w u\u017cyciu selfie sticka. Produkt zosta\u0142 te\u017c wyposa\u017cony w rozk\u0142adane n\u00f3\u017cki, w \u0142atwy spos\u00f3b zmienisz go zatem w stabilny statyw. Akcesorium jest tak\u017ce wodoodporne, a dzi\u0119ki przemy\u015blanej konstrukcji doskonale unosi si\u0119 na wodzie. Nadaje si\u0119 wi\u0119c r\u00f3wnie\u017c do wykonywania spektakularnych uj\u0119\u0107 nad morzem lub oceanem.<\/p>\n<p><img decoding=\"async\" src=\"https:\/\/b2b.innpro.pl\/data\/include\/cms\/Telesin\/GP-MFW-300\/6.jpg?v=1627648655434\"><\/p>\n<h3>Niezawodny selfie stick<\/h3>\n<p>Chcesz zrobi\u0107 sobie zachwycaj\u0105ce zdj\u0119cie na tle zapieraj\u0105cego dech w piersiach krajobrazu? A mo\u017ce planujesz wykona\u0107 zabawne selfie grupowe ze swoimi przyjaci\u00f3\u0142mi? Z Telesin b\u0119dzie to prostsze ni\u017c kiedykolwiek wcze\u015bniej! Rozk\u0142adany selfie stick umo\u017cliwia uchwycenie dok\u0142adnie takiego uj\u0119cia, na jakim Ci zale\u017cy. Co wi\u0119cej, akcesorium obraca si\u0119 w zakresie 180\u00b0, co pozwala precyzyjnie dostosowa\u0107 k\u0105t nagrywania.<\/p>\n<p><img decoding=\"async\" src=\"https:\/\/b2b.innpro.pl\/data\/include\/cms\/Telesin\/GP-MFW-300\/10.jpg?v=1627648655434\"><\/p>\n<h3>Praktyczny uchwyt r\u0119czny &#8211; nagrywaj stabilne uj\u0119cia<\/h3>\n<p>Tw\u00f3rz p\u0142ynne uj\u0119cia niemal w ka\u017cdych warunkach. Akcesorium mo\u017ce stabilizowa\u0107 gimbala kamery, dzi\u0119ki czemu fantastycznie sprawdzi si\u0119 na przyk\u0142ad w roli uchwytu r\u0119cznego. Konstrukcja produktu umo\u017cliwia jego 3-stopniowe sk\u0142adanie, co pozwala dostosowa\u0107 jego d\u0142ugo\u015b\u0107 do 60 cm, a k\u0105t nagrywania do nawet 360\u00b0. Ciesz si\u0119 niemal nieograniczon\u0105 swobod\u0105 i przygotuj kolejny oryginalny materia\u0142!<\/p>\n<p><img decoding=\"async\" src=\"https:\/\/b2b.innpro.pl\/data\/include\/cms\/Telesin\/GP-MFW-300\/7.jpg?v=1627648655434\"><\/p>\n<h3>Stabilny statyw &#8211; regulowana wysoko\u015b\u0107<\/h3>\n<p>N\u00f3\u017cki tripoda zosta\u0142y umieszczone wewn\u0105trz uchwytu &#8211; nie b\u0119d\u0105 Ci przeszkadza\u0107, gdy nie b\u0119dziesz ich u\u017cywa\u0107. Aby je wyj\u0105\u0107 i roz\u0142o\u017cy\u0107, wystarczy odkr\u0119ci\u0107 baz\u0119 akcesorium &#8211; potrwa to tylko chwil\u0119! Statyw jest niezwykle wytrzyma\u0142y i stabilny &#8211; nie musisz si\u0119 obawia\u0107 o bezpiecze\u0144stwo zamontowanego na nim sprz\u0119tu. 3-stopniowa regulacja wysoko\u015bci w zakresie 6,5 \/ 27,5 \/ 60 cm pozwoli Ci idealnie dostosowa\u0107 go do swoich potrzeb.<\/p>\n<p><img decoding=\"async\" src=\"https:\/\/b2b.innpro.pl\/data\/include\/cms\/Telesin\/GP-MFW-300\/5.jpg?v=1627648655434\"><\/p>\n<h3>Przygotuj niesamowite uj\u0119cia pod wod\u0105<\/h3>\n<p>Wewn\u0105trz uchwytu znajdziesz pust\u0105 przegr\u00f3dk\u0119, kt\u00f3ra umo\u017cliwia wygodne przechowywanie niewielkich przedmiot\u00f3w. Mo\u017cesz te\u017c nala\u0107 do niej wody, aby akcesorium lepiej utrzymywa\u0142o si\u0119 na odpowiednim poziomie pod powierzchni\u0105 morza czy jeziora. To Tw\u00f3j nowy spos\u00f3b na tworzenie oryginalnych, podwodnych uj\u0119\u0107!<\/p>\n<p><img decoding=\"async\" src=\"https:\/\/b2b.innpro.pl\/data\/include\/cms\/Telesin\/GP-MFW-300\/2.jpg?v=1627648655434\"><\/p>\n<h3>Szeroka kompatybilno\u015b\u0107<\/h3>\n<p>Co jeszcze sprawia, \u017ce akcesorium doskonale nadaje si\u0119 do r\u00f3\u017cnych zastosowa\u0144? Jego szeroka kompatybilno\u015b\u0107! Produkt pasuje do wi\u0119kszo\u015bci dost\u0119pnych na rynku kamer sportowych znanych producent\u00f3w. Z powodzeniem zastosujesz go mi\u0119dzy innymi w po\u0142\u0105czeniu z GoPro, DJI Osmo Action, Insta360 ONE R lub SJCAM.<\/p>\n<p><img decoding=\"async\" src=\"https:\/\/b2b.innpro.pl\/data\/include\/cms\/Telesin\/GP-MFW-300\/4.jpg?v=1627648655434\"><\/p>\n<h3>Wygoda i bezpiecze\u0144stwo<\/h3>\n<p>Produkt jest wyj\u0105tkowo wytrzyma\u0142y i odporny na uszkodzenia. Zapewnia te\u017c bezpiecze\u0144stwo i stabilno\u015b\u0107 zamontowanej na nim kamerze sportowej. Uchwyt selfie sticka zosta\u0142 wykonany z przyjemnego w dotyku, antypo\u015blizgowego tworzywa PC. To sprawia, \u017ce akcesorium doskonale le\u017cy w d\u0142oni &#8211; mo\u017cesz wygodnie korzysta\u0107 z niego nawet przez d\u0142ugi czas. Nie musisz te\u017c si\u0119 obawia\u0107, \u017ce wypadnie Ci z r\u0119ki i spowoduje zniszczenie kamery.<\/p>\n<p><img decoding=\"async\" src=\"https:\/\/b2b.innpro.pl\/data\/include\/cms\/Telesin\/GP-MFW-300\/9.jpg?v=1627648655434\"><\/p>\n<h3>W zestawie<\/h3>\n<ul>\n<li>Monopod z uchwytem wyporno\u015bciowym<\/li>\n<li>N\u00f3\u017cki statywu<\/li>\n<li>D\u0142uga \u015bruba<\/li>\n<li>Smycz na r\u0119k\u0119<\/li>\n<\/ul>\n<div class=\"table-wrapper\">\n<table>\n<tbody>\n<tr>\n<th>Producent<\/th>\n<td>Telesin<\/td>\n<\/tr>\n<tr>\n<th>Model<\/th>\n<td>GP-MFW-300<\/td>\n<\/tr>\n<tr>\n<th>Materia\u0142<\/th>\n<td>Plastik<\/td>\n<\/tr>\n<tr>\n<th>Maksymalna d\u0142ugo\u015b\u0107<\/th>\n<td>60 cm<\/td>\n<\/tr>\n<tr>\n<th>D\u0142ugo\u015b\u0107 po z\u0142o\u017ceniu<\/th>\n<td>27,5 cm<\/td>\n<\/tr>\n<tr>\n<th>Kompatybilno\u015b\u0107<\/th>\n<td>GoPro Hero 9\/8\/7\/6\/5\/4\/3+\/3\/2, SJCAM, seria Xiaomi Yi, DJI Osmo Action, Insta360 ONE R itd.<\/td>\n<\/tr>\n<tr>\n<th>Waga<\/th>\n<td>208 g<\/td>\n<\/tr>\n<\/tbody>\n<\/table>\n<\/div>\n","protected":false},"excerpt":{"rendered":"<p>Wodoodporny selfie stick ze statywem Telesin GP-MFW-300 do kamer sportowych Szukasz uniwersalnych narz\u0119dzi, kt\u00f3re pozwol\u0105 Ci tworzy\u0107 oryginalne uj\u0119cia za<\/p>\n","protected":false},"featured_media":23383,"comment_status":"closed","ping_status":"open","template":"","meta":{"_acf_changed":false},"product_brand":[],"product_cat":[1128,1139,1140,1141,1138],"product_tag":[],"class_list":{"0":"post-23382","1":"product","2":"type-product","3":"status-publish","4":"has-post-thumbnail","6":"product_cat-foto-wideo","7":"product_cat-selfie-stick","8":"product_cat-statywy","9":"product_cat-uchwyty-do-mocowania-kamer-i-aparatow","10":"product_cat-wysiegniki","11":"pa_box-height-1331","12":"pa_box-length-2746","13":"pa_box-width-1369","14":"pa_cechy-szczegolne-z-tripodem","15":"pa_dlugosc-cm-2748","16":"pa_gross-weight-2747","17":"pa_hs-code-1983","18":"pa_model-action","19":"pa_net-weight-2745","20":"pa_przeznaczenie-do-kamer","22":"first","23":"outofstock","24":"taxable","25":"shipping-taxable","26":"purchasable","27":"product-type-simple"},"acf":[],"yoast_head":"<!-- This site is optimized with the Yoast SEO plugin v27.2 - https:\/\/yoast.com\/product\/yoast-seo-wordpress\/ -->\n<title>Wodoodporny selfie stick Telesin 360\u00b0 do kamer sportowych (GP-MFW-300) - IRONSKY.PL Sklep z Dronami<\/title>\n<meta name=\"description\" content=\"Wodoodporny selfie stick Telesin 360\u00b0 do kamer sportowych (GP-MFW-300) - \u2705 sklep z dronami i fachowym doradztwem. \u2705 Tutaj kupisz produkty DJI, Yuneec, Parrot, Syma i wiele innych, a tak\u017ce kursy i licencje na operatora drona.\" \/>\n<meta name=\"robots\" content=\"index, follow, max-snippet:-1, max-image-preview:large, max-video-preview:-1\" \/>\n<link rel=\"canonical\" href=\"https:\/\/ironsky.pl\/sklep\/produkt\/wodoodporny-selfie-stick-telesin-360-do-kamer-sportowych-gp-mfw-300\/\" \/>\n<meta property=\"og:locale\" content=\"pl_PL\" \/>\n<meta property=\"og:type\" content=\"article\" \/>\n<meta property=\"og:title\" content=\"Wodoodporny selfie stick Telesin 360\u00b0 do kamer sportowych (GP-MFW-300) - IRONSKY.PL Sklep z Dronami\" \/>\n<meta property=\"og:description\" content=\"Wodoodporny selfie stick Telesin 360\u00b0 do kamer sportowych (GP-MFW-300) - \u2705 sklep z dronami i fachowym doradztwem. \u2705 Tutaj kupisz produkty DJI, Yuneec, Parrot, Syma i wiele innych, a tak\u017ce kursy i licencje na operatora drona.\" \/>\n<meta property=\"og:url\" content=\"https:\/\/ironsky.pl\/sklep\/produkt\/wodoodporny-selfie-stick-telesin-360-do-kamer-sportowych-gp-mfw-300\/\" \/>\n<meta property=\"og:site_name\" content=\"IRONSKY.PL Sklep z Dronami\" \/>\n<meta property=\"article:modified_time\" content=\"2026-03-05T14:50:29+00:00\" \/>\n<meta property=\"og:image\" content=\"https:\/\/ironsky.pl\/sklep\/wp-content\/uploads\/2024\/09\/21376_3.png\" \/>\n\t<meta property=\"og:image:width\" content=\"728\" \/>\n\t<meta property=\"og:image:height\" content=\"602\" \/>\n\t<meta property=\"og:image:type\" content=\"image\/png\" \/>\n<meta name=\"twitter:card\" content=\"summary_large_image\" \/>\n<meta name=\"twitter:label1\" content=\"Szacowany czas czytania\" \/>\n\t<meta name=\"twitter:data1\" content=\"3 minuty\" \/>\n<script type=\"application\/ld+json\" class=\"yoast-schema-graph\">{\"@context\":\"https:\/\/schema.org\",\"@graph\":[{\"@type\":\"WebPage\",\"@id\":\"https:\/\/ironsky.pl\/sklep\/produkt\/wodoodporny-selfie-stick-telesin-360-do-kamer-sportowych-gp-mfw-300\/\",\"url\":\"https:\/\/ironsky.pl\/sklep\/produkt\/wodoodporny-selfie-stick-telesin-360-do-kamer-sportowych-gp-mfw-300\/\",\"name\":\"Wodoodporny selfie stick Telesin 360\u00b0 do kamer sportowych (GP-MFW-300) - IRONSKY.PL Sklep z Dronami\",\"isPartOf\":{\"@id\":\"https:\/\/ironsky.pl\/sklep\/#website\"},\"primaryImageOfPage\":{\"@id\":\"https:\/\/ironsky.pl\/sklep\/produkt\/wodoodporny-selfie-stick-telesin-360-do-kamer-sportowych-gp-mfw-300\/#primaryimage\"},\"image\":{\"@id\":\"https:\/\/ironsky.pl\/sklep\/produkt\/wodoodporny-selfie-stick-telesin-360-do-kamer-sportowych-gp-mfw-300\/#primaryimage\"},\"thumbnailUrl\":\"https:\/\/ironsky.pl\/sklep\/wp-content\/uploads\/2024\/09\/21376_3.png\",\"datePublished\":\"2024-09-16T16:46:42+00:00\",\"dateModified\":\"2026-03-05T14:50:29+00:00\",\"description\":\"Wodoodporny selfie stick Telesin 360\u00b0 do kamer sportowych (GP-MFW-300) - \u2705 sklep z dronami i fachowym doradztwem. \u2705 Tutaj kupisz produkty DJI, Yuneec, Parrot, Syma i wiele innych, a tak\u017ce kursy i licencje na operatora drona.\",\"breadcrumb\":{\"@id\":\"https:\/\/ironsky.pl\/sklep\/produkt\/wodoodporny-selfie-stick-telesin-360-do-kamer-sportowych-gp-mfw-300\/#breadcrumb\"},\"inLanguage\":\"pl-PL\",\"potentialAction\":[{\"@type\":\"ReadAction\",\"target\":[\"https:\/\/ironsky.pl\/sklep\/produkt\/wodoodporny-selfie-stick-telesin-360-do-kamer-sportowych-gp-mfw-300\/\"]}]},{\"@type\":\"ImageObject\",\"inLanguage\":\"pl-PL\",\"@id\":\"https:\/\/ironsky.pl\/sklep\/produkt\/wodoodporny-selfie-stick-telesin-360-do-kamer-sportowych-gp-mfw-300\/#primaryimage\",\"url\":\"https:\/\/ironsky.pl\/sklep\/wp-content\/uploads\/2024\/09\/21376_3.png\",\"contentUrl\":\"https:\/\/ironsky.pl\/sklep\/wp-content\/uploads\/2024\/09\/21376_3.png\",\"width\":728,\"height\":602},{\"@type\":\"BreadcrumbList\",\"@id\":\"https:\/\/ironsky.pl\/sklep\/produkt\/wodoodporny-selfie-stick-telesin-360-do-kamer-sportowych-gp-mfw-300\/#breadcrumb\",\"itemListElement\":[{\"@type\":\"ListItem\",\"position\":1,\"name\":\"Strona g\u0142\u00f3wna\",\"item\":\"https:\/\/ironsky.pl\/sklep\/\"},{\"@type\":\"ListItem\",\"position\":2,\"name\":\"Wszystkie produkty\",\"item\":\"https:\/\/ironsky.pl\/sklep\/produkty\/\"},{\"@type\":\"ListItem\",\"position\":3,\"name\":\"Wodoodporny selfie stick Telesin 360\u00b0 do kamer sportowych (GP-MFW-300)\"}]},{\"@type\":\"WebSite\",\"@id\":\"https:\/\/ironsky.pl\/sklep\/#website\",\"url\":\"https:\/\/ironsky.pl\/sklep\/\",\"name\":\"IRONSKY.PL Sklep z Dronami\",\"description\":\"IRONSKY.PL Sklep z Dronami\",\"potentialAction\":[{\"@type\":\"SearchAction\",\"target\":{\"@type\":\"EntryPoint\",\"urlTemplate\":\"https:\/\/ironsky.pl\/sklep\/?s={search_term_string}\"},\"query-input\":{\"@type\":\"PropertyValueSpecification\",\"valueRequired\":true,\"valueName\":\"search_term_string\"}}],\"inLanguage\":\"pl-PL\"}]}<\/script>\n<!-- \/ Yoast SEO plugin. -->","yoast_head_json":{"title":"Wodoodporny selfie stick Telesin 360\u00b0 do kamer sportowych (GP-MFW-300) - IRONSKY.PL Sklep z Dronami","description":"Wodoodporny selfie stick Telesin 360\u00b0 do kamer sportowych (GP-MFW-300) - \u2705 sklep z dronami i fachowym doradztwem. \u2705 Tutaj kupisz produkty DJI, Yuneec, Parrot, Syma i wiele innych, a tak\u017ce kursy i licencje na operatora drona.","robots":{"index":"index","follow":"follow","max-snippet":"max-snippet:-1","max-image-preview":"max-image-preview:large","max-video-preview":"max-video-preview:-1"},"canonical":"https:\/\/ironsky.pl\/sklep\/produkt\/wodoodporny-selfie-stick-telesin-360-do-kamer-sportowych-gp-mfw-300\/","og_locale":"pl_PL","og_type":"article","og_title":"Wodoodporny selfie stick Telesin 360\u00b0 do kamer sportowych (GP-MFW-300) - IRONSKY.PL Sklep z Dronami","og_description":"Wodoodporny selfie stick Telesin 360\u00b0 do kamer sportowych (GP-MFW-300) - \u2705 sklep z dronami i fachowym doradztwem. \u2705 Tutaj kupisz produkty DJI, Yuneec, Parrot, Syma i wiele innych, a tak\u017ce kursy i licencje na operatora drona.","og_url":"https:\/\/ironsky.pl\/sklep\/produkt\/wodoodporny-selfie-stick-telesin-360-do-kamer-sportowych-gp-mfw-300\/","og_site_name":"IRONSKY.PL Sklep z Dronami","article_modified_time":"2026-03-05T14:50:29+00:00","og_image":[{"width":728,"height":602,"url":"https:\/\/ironsky.pl\/sklep\/wp-content\/uploads\/2024\/09\/21376_3.png","type":"image\/png"}],"twitter_card":"summary_large_image","twitter_misc":{"Szacowany czas czytania":"3 minuty"},"schema":{"@context":"https:\/\/schema.org","@graph":[{"@type":"WebPage","@id":"https:\/\/ironsky.pl\/sklep\/produkt\/wodoodporny-selfie-stick-telesin-360-do-kamer-sportowych-gp-mfw-300\/","url":"https:\/\/ironsky.pl\/sklep\/produkt\/wodoodporny-selfie-stick-telesin-360-do-kamer-sportowych-gp-mfw-300\/","name":"Wodoodporny selfie stick Telesin 360\u00b0 do kamer sportowych (GP-MFW-300) - IRONSKY.PL Sklep z Dronami","isPartOf":{"@id":"https:\/\/ironsky.pl\/sklep\/#website"},"primaryImageOfPage":{"@id":"https:\/\/ironsky.pl\/sklep\/produkt\/wodoodporny-selfie-stick-telesin-360-do-kamer-sportowych-gp-mfw-300\/#primaryimage"},"image":{"@id":"https:\/\/ironsky.pl\/sklep\/produkt\/wodoodporny-selfie-stick-telesin-360-do-kamer-sportowych-gp-mfw-300\/#primaryimage"},"thumbnailUrl":"https:\/\/ironsky.pl\/sklep\/wp-content\/uploads\/2024\/09\/21376_3.png","datePublished":"2024-09-16T16:46:42+00:00","dateModified":"2026-03-05T14:50:29+00:00","description":"Wodoodporny selfie stick Telesin 360\u00b0 do kamer sportowych (GP-MFW-300) - \u2705 sklep z dronami i fachowym doradztwem. \u2705 Tutaj kupisz produkty DJI, Yuneec, Parrot, Syma i wiele innych, a tak\u017ce kursy i licencje na operatora drona.","breadcrumb":{"@id":"https:\/\/ironsky.pl\/sklep\/produkt\/wodoodporny-selfie-stick-telesin-360-do-kamer-sportowych-gp-mfw-300\/#breadcrumb"},"inLanguage":"pl-PL","potentialAction":[{"@type":"ReadAction","target":["https:\/\/ironsky.pl\/sklep\/produkt\/wodoodporny-selfie-stick-telesin-360-do-kamer-sportowych-gp-mfw-300\/"]}]},{"@type":"ImageObject","inLanguage":"pl-PL","@id":"https:\/\/ironsky.pl\/sklep\/produkt\/wodoodporny-selfie-stick-telesin-360-do-kamer-sportowych-gp-mfw-300\/#primaryimage","url":"https:\/\/ironsky.pl\/sklep\/wp-content\/uploads\/2024\/09\/21376_3.png","contentUrl":"https:\/\/ironsky.pl\/sklep\/wp-content\/uploads\/2024\/09\/21376_3.png","width":728,"height":602},{"@type":"BreadcrumbList","@id":"https:\/\/ironsky.pl\/sklep\/produkt\/wodoodporny-selfie-stick-telesin-360-do-kamer-sportowych-gp-mfw-300\/#breadcrumb","itemListElement":[{"@type":"ListItem","position":1,"name":"Strona g\u0142\u00f3wna","item":"https:\/\/ironsky.pl\/sklep\/"},{"@type":"ListItem","position":2,"name":"Wszystkie produkty","item":"https:\/\/ironsky.pl\/sklep\/produkty\/"},{"@type":"ListItem","position":3,"name":"Wodoodporny selfie stick Telesin 360\u00b0 do kamer sportowych (GP-MFW-300)"}]},{"@type":"WebSite","@id":"https:\/\/ironsky.pl\/sklep\/#website","url":"https:\/\/ironsky.pl\/sklep\/","name":"IRONSKY.PL Sklep z Dronami","description":"IRONSKY.PL Sklep z Dronami","potentialAction":[{"@type":"SearchAction","target":{"@type":"EntryPoint","urlTemplate":"https:\/\/ironsky.pl\/sklep\/?s={search_term_string}"},"query-input":{"@type":"PropertyValueSpecification","valueRequired":true,"valueName":"search_term_string"}}],"inLanguage":"pl-PL"}]}},"_links":{"self":[{"href":"https:\/\/ironsky.pl\/sklep\/wp-json\/wp\/v2\/product\/23382","targetHints":{"allow":["GET"]}}],"collection":[{"href":"https:\/\/ironsky.pl\/sklep\/wp-json\/wp\/v2\/product"}],"about":[{"href":"https:\/\/ironsky.pl\/sklep\/wp-json\/wp\/v2\/types\/product"}],"replies":[{"embeddable":true,"href":"https:\/\/ironsky.pl\/sklep\/wp-json\/wp\/v2\/comments?post=23382"}],"wp:featuredmedia":[{"embeddable":true,"href":"https:\/\/ironsky.pl\/sklep\/wp-json\/wp\/v2\/media\/23383"}],"wp:attachment":[{"href":"https:\/\/ironsky.pl\/sklep\/wp-json\/wp\/v2\/media?parent=23382"}],"wp:term":[{"taxonomy":"product_brand","embeddable":true,"href":"https:\/\/ironsky.pl\/sklep\/wp-json\/wp\/v2\/product_brand?post=23382"},{"taxonomy":"product_cat","embeddable":true,"href":"https:\/\/ironsky.pl\/sklep\/wp-json\/wp\/v2\/product_cat?post=23382"},{"taxonomy":"product_tag","embeddable":true,"href":"https:\/\/ironsky.pl\/sklep\/wp-json\/wp\/v2\/product_tag?post=23382"}],"curies":[{"name":"wp","href":"https:\/\/api.w.org\/{rel}","templated":true}]}}