{"id":23332,"date":"2024-09-16T18:44:47","date_gmt":"2024-09-16T16:44:47","guid":{"rendered":"http:\/\/gvshalph.pro-linuxpl.com\/ironskyprodukty\/produkt\/selfie-stick-telesin-do-kamer-sportowych-3m-is-mnp-300\/"},"modified":"2026-03-05T15:50:25","modified_gmt":"2026-03-05T14:50:25","slug":"selfie-stick-telesin-do-kamer-sportowych-3m-is-mnp-300","status":"publish","type":"product","link":"https:\/\/ironsky.pl\/sklep\/produkt\/selfie-stick-telesin-do-kamer-sportowych-3m-is-mnp-300\/","title":{"rendered":"Selfie stick Telesin do kamer sportowych, 3m (IS-MNP-300)"},"content":{"rendered":"<h3>Selfie stick Telesin IS-MNP-300<\/h3>\n<p>Ten wykonany z w\u0142\u00f3kna w\u0119glowego teleskopowy selfie stick marki Telesin do kamer sportowych pozwoli Ci uchwyci\u0107 \u015bwiat z nowej, fascynuj\u0105cej perspektywy. Jego d\u0142ugo\u015b\u0107 mo\u017cesz regulowa\u0107 a\u017c do 3 m, dzi\u0119ki czemu stworzysz mn\u00f3stwo ciekawych uj\u0119\u0107. Akcesorium jest lekkie, a zarazem wytrzyma\u0142e &#8211; nie b\u0119dzie si\u0119 te\u017c wygina\u0107. Odpowiednie adaptery umo\u017cliwiaj\u0105 wygodny monta\u017c kamery oraz dodatkowych akcesori\u00f3w.<\/p>\n<p><img decoding=\"async\" src=\"\/data\/include\/cms\/Edyta\/telesin\/IS-MNP-300\/cc70ebb32a.jpg\" border=\"0\" alt=\"\" width=\"1100\" height=\"700\" \/><\/p>\n<h3>Regulowana d\u0142ugo\u015b\u0107 &#8211; jeszcze ciekawsze uj\u0119cia<\/h3>\n<p>Odkryj nowe sposoby nagrywania dzi\u0119ki kilkustopniowej regulacji d\u0142ugo\u015bci selfie sticka. Dost\u0119pne warto\u015bci to mi\u0119dzy innymi 44 cm, 135 cm, 190 cm, 220 cm, a nawet 300 cm. Dzi\u0119ki temu mo\u017cesz spojrze\u0107 na \u015bwiat z g\u00f3ry, wykona\u0107 fantastyczne selfie grupowe, a nawet \u201cpobawi\u0107 si\u0119\u201d perspektyw\u0105 i stworzy\u0107 oryginalne, niespotykane uj\u0119cia. Ogranicza Ci\u0119 tylko wyobra\u017ania<\/p>\n<p><img decoding=\"async\" src=\"\/data\/include\/cms\/Edyta\/telesin\/IS-MNP-300\/1e6995f080.jpg\" border=\"0\" alt=\"\" width=\"1100\" height=\"699\" \/><\/p>\n<h3>Optymalna kombinacja lekko\u015bci i solidno\u015bci<\/h3>\n<p>Wysokiej klasy w\u0142\u00f3kno w\u0119glowe, kt\u00f3re wykorzystano do produkcji selfie sticka, stanowi gwarancj\u0119 doskona\u0142ej jako\u015bci i wygody u\u017cytkowania. Dzi\u0119ki niemu akcesorium jest lekkie &#8211; wa\u017cy tylko 300 g, a jednocze\u015bnie niesamowicie wytrzyma\u0142e i odporne na uszkodzenia. Jest na tyle twarde, \u017ce nie b\u0119dzie si\u0119 wygina\u0107, nawet je\u015bli roz\u0142o\u017cysz je na ca\u0142\u0105 d\u0142ugo\u015b\u0107.<\/p>\n<p><img decoding=\"async\" src=\"\/data\/include\/cms\/Edyta\/telesin\/IS-MNP-300\/dd8f6e271b.jpg\" border=\"0\" alt=\"\" width=\"1100\" height=\"701\" \/><\/p>\n<h3>Dodatkowe mo\u017cliwo\u015bci<\/h3>\n<p>Selfie stick ma tak\u017ce dodatkowe adaptery, kt\u00f3re umo\u017cliwiaj\u0105 wygodny monta\u017c nie tylko kamer sportowych, ale te\u017c przydatnych akcesori\u00f3w. Mo\u017cesz na przyk\u0142ad do\u0142\u0105czy\u0107 do niego tripod, tym samym zmieniaj\u0105c go w praktyczny statyw. To otwiera przed Tob\u0105 szereg nowych mo\u017cliwo\u015bci. Akcesoria s\u0105 dost\u0119pne do kupienia osobno.<\/p>\n<p><img decoding=\"async\" src=\"\/data\/include\/cms\/Edyta\/telesin\/IS-MNP-300\/6b5dbe1b66.jpg\" border=\"0\" alt=\"\" width=\"1100\" height=\"700\" \/><\/p>\n<h3>Zawarto\u015b\u0107 opakowania:<\/h3>\n<ul>\n<li>Selfie stick<\/li>\n<li>\u015aruba<\/li>\n<\/ul>\n<div class=\"table-wrapper\">\n<table>\n<tbody>\n<tr>\n<th>Producent<\/th>\n<td>Telesin<\/td>\n<\/tr>\n<tr>\n<th>Model<\/th>\n<td>IS-MNP-300<\/td>\n<\/tr>\n<tr>\n<th>Materia\u0142<\/th>\n<td>stop aluminium + w\u0142\u00f3kno w\u0119glowe<\/td>\n<\/tr>\n<tr>\n<th>Kompatybilno\u015b\u0107<\/th>\n<td>GoPro, SJCAM<\/td>\n<\/tr>\n<tr>\n<th>Waga<\/th>\n<td>300g<\/td>\n<\/tr>\n<tr>\n<th>Minimalna wysoko\u015b\u0107<\/th>\n<td>44cm<\/td>\n<\/tr>\n<tr>\n<th>Maksymalna wysoko\u015b\u0107<\/th>\n<td>300cm<\/td>\n<\/tr>\n<tr>\n<th>Kolor<\/th>\n<td>czarny<\/td>\n<\/tr>\n<\/tbody>\n<\/table>\n<\/div>\n","protected":false},"excerpt":{"rendered":"<p>Selfie stick Telesin IS-MNP-300 Ten wykonany z w\u0142\u00f3kna w\u0119glowego teleskopowy selfie stick marki Telesin do kamer sportowych pozwoli Ci uchwyci\u0107<\/p>\n","protected":false},"featured_media":23333,"comment_status":"closed","ping_status":"open","template":"","meta":{"_acf_changed":false},"product_brand":[],"product_cat":[1128,1139,1140,1141,1138],"product_tag":[],"class_list":{"0":"post-23332","1":"product","2":"type-product","3":"status-publish","4":"has-post-thumbnail","6":"product_cat-foto-wideo","7":"product_cat-selfie-stick","8":"product_cat-statywy","9":"product_cat-uchwyty-do-mocowania-kamer-i-aparatow","10":"product_cat-wysiegniki","11":"pa_box-height-1453","12":"pa_box-length-2591","13":"pa_box-width-1851","14":"pa_cechy-szczegolne-z-tripodem","15":"pa_dlugosc-cm-2592","16":"pa_dlugosc-m-2593","17":"pa_gross-weight-1346","18":"pa_hs-code-2032","19":"pa_kompatybilnosc-inny","20":"pa_model-action","21":"pa_net-weight-2059","22":"pa_przeznaczenie-do-kamer","24":"first","25":"outofstock","26":"taxable","27":"shipping-taxable","28":"purchasable","29":"product-type-simple"},"acf":[],"yoast_head":"<!-- This site is optimized with the Yoast SEO plugin v27.2 - https:\/\/yoast.com\/product\/yoast-seo-wordpress\/ -->\n<title>Selfie stick Telesin do kamer sportowych, 3m (IS-MNP-300) - IRONSKY.PL Sklep z Dronami<\/title>\n<meta name=\"description\" content=\"Selfie stick Telesin do kamer sportowych, 3m (IS-MNP-300) - \u2705 sklep z dronami i fachowym doradztwem. \u2705 Tutaj kupisz produkty DJI, Yuneec, Parrot, Syma i wiele innych, a tak\u017ce kursy i licencje na operatora drona.\" \/>\n<meta name=\"robots\" content=\"index, follow, max-snippet:-1, max-image-preview:large, max-video-preview:-1\" \/>\n<link rel=\"canonical\" href=\"https:\/\/ironsky.pl\/sklep\/produkt\/selfie-stick-telesin-do-kamer-sportowych-3m-is-mnp-300\/\" \/>\n<meta property=\"og:locale\" content=\"pl_PL\" \/>\n<meta property=\"og:type\" content=\"article\" \/>\n<meta property=\"og:title\" content=\"Selfie stick Telesin do kamer sportowych, 3m (IS-MNP-300) - IRONSKY.PL Sklep z Dronami\" \/>\n<meta property=\"og:description\" content=\"Selfie stick Telesin do kamer sportowych, 3m (IS-MNP-300) - \u2705 sklep z dronami i fachowym doradztwem. \u2705 Tutaj kupisz produkty DJI, Yuneec, Parrot, Syma i wiele innych, a tak\u017ce kursy i licencje na operatora drona.\" \/>\n<meta property=\"og:url\" content=\"https:\/\/ironsky.pl\/sklep\/produkt\/selfie-stick-telesin-do-kamer-sportowych-3m-is-mnp-300\/\" \/>\n<meta property=\"og:site_name\" content=\"IRONSKY.PL Sklep z Dronami\" \/>\n<meta property=\"article:modified_time\" content=\"2026-03-05T14:50:25+00:00\" \/>\n<meta property=\"og:image\" content=\"https:\/\/ironsky.pl\/sklep\/wp-content\/uploads\/2024\/09\/20332_3.png\" \/>\n\t<meta property=\"og:image:width\" content=\"588\" \/>\n\t<meta property=\"og:image:height\" content=\"567\" \/>\n\t<meta property=\"og:image:type\" content=\"image\/png\" \/>\n<meta name=\"twitter:card\" content=\"summary_large_image\" \/>\n<meta name=\"twitter:label1\" content=\"Szacowany czas czytania\" \/>\n\t<meta name=\"twitter:data1\" content=\"1 minuta\" \/>\n<script type=\"application\/ld+json\" class=\"yoast-schema-graph\">{\"@context\":\"https:\/\/schema.org\",\"@graph\":[{\"@type\":\"WebPage\",\"@id\":\"https:\/\/ironsky.pl\/sklep\/produkt\/selfie-stick-telesin-do-kamer-sportowych-3m-is-mnp-300\/\",\"url\":\"https:\/\/ironsky.pl\/sklep\/produkt\/selfie-stick-telesin-do-kamer-sportowych-3m-is-mnp-300\/\",\"name\":\"Selfie stick Telesin do kamer sportowych, 3m (IS-MNP-300) - IRONSKY.PL Sklep z Dronami\",\"isPartOf\":{\"@id\":\"https:\/\/ironsky.pl\/sklep\/#website\"},\"primaryImageOfPage\":{\"@id\":\"https:\/\/ironsky.pl\/sklep\/produkt\/selfie-stick-telesin-do-kamer-sportowych-3m-is-mnp-300\/#primaryimage\"},\"image\":{\"@id\":\"https:\/\/ironsky.pl\/sklep\/produkt\/selfie-stick-telesin-do-kamer-sportowych-3m-is-mnp-300\/#primaryimage\"},\"thumbnailUrl\":\"https:\/\/ironsky.pl\/sklep\/wp-content\/uploads\/2024\/09\/20332_3.png\",\"datePublished\":\"2024-09-16T16:44:47+00:00\",\"dateModified\":\"2026-03-05T14:50:25+00:00\",\"description\":\"Selfie stick Telesin do kamer sportowych, 3m (IS-MNP-300) - \u2705 sklep z dronami i fachowym doradztwem. \u2705 Tutaj kupisz produkty DJI, Yuneec, Parrot, Syma i wiele innych, a tak\u017ce kursy i licencje na operatora drona.\",\"breadcrumb\":{\"@id\":\"https:\/\/ironsky.pl\/sklep\/produkt\/selfie-stick-telesin-do-kamer-sportowych-3m-is-mnp-300\/#breadcrumb\"},\"inLanguage\":\"pl-PL\",\"potentialAction\":[{\"@type\":\"ReadAction\",\"target\":[\"https:\/\/ironsky.pl\/sklep\/produkt\/selfie-stick-telesin-do-kamer-sportowych-3m-is-mnp-300\/\"]}]},{\"@type\":\"ImageObject\",\"inLanguage\":\"pl-PL\",\"@id\":\"https:\/\/ironsky.pl\/sklep\/produkt\/selfie-stick-telesin-do-kamer-sportowych-3m-is-mnp-300\/#primaryimage\",\"url\":\"https:\/\/ironsky.pl\/sklep\/wp-content\/uploads\/2024\/09\/20332_3.png\",\"contentUrl\":\"https:\/\/ironsky.pl\/sklep\/wp-content\/uploads\/2024\/09\/20332_3.png\",\"width\":588,\"height\":567},{\"@type\":\"BreadcrumbList\",\"@id\":\"https:\/\/ironsky.pl\/sklep\/produkt\/selfie-stick-telesin-do-kamer-sportowych-3m-is-mnp-300\/#breadcrumb\",\"itemListElement\":[{\"@type\":\"ListItem\",\"position\":1,\"name\":\"Strona g\u0142\u00f3wna\",\"item\":\"https:\/\/ironsky.pl\/sklep\/\"},{\"@type\":\"ListItem\",\"position\":2,\"name\":\"Wszystkie produkty\",\"item\":\"https:\/\/ironsky.pl\/sklep\/produkty\/\"},{\"@type\":\"ListItem\",\"position\":3,\"name\":\"Selfie stick Telesin do kamer sportowych, 3m (IS-MNP-300)\"}]},{\"@type\":\"WebSite\",\"@id\":\"https:\/\/ironsky.pl\/sklep\/#website\",\"url\":\"https:\/\/ironsky.pl\/sklep\/\",\"name\":\"IRONSKY.PL Sklep z Dronami\",\"description\":\"IRONSKY.PL Sklep z Dronami\",\"potentialAction\":[{\"@type\":\"SearchAction\",\"target\":{\"@type\":\"EntryPoint\",\"urlTemplate\":\"https:\/\/ironsky.pl\/sklep\/?s={search_term_string}\"},\"query-input\":{\"@type\":\"PropertyValueSpecification\",\"valueRequired\":true,\"valueName\":\"search_term_string\"}}],\"inLanguage\":\"pl-PL\"}]}<\/script>\n<!-- \/ Yoast SEO plugin. -->","yoast_head_json":{"title":"Selfie stick Telesin do kamer sportowych, 3m (IS-MNP-300) - IRONSKY.PL Sklep z Dronami","description":"Selfie stick Telesin do kamer sportowych, 3m (IS-MNP-300) - \u2705 sklep z dronami i fachowym doradztwem. \u2705 Tutaj kupisz produkty DJI, Yuneec, Parrot, Syma i wiele innych, a tak\u017ce kursy i licencje na operatora drona.","robots":{"index":"index","follow":"follow","max-snippet":"max-snippet:-1","max-image-preview":"max-image-preview:large","max-video-preview":"max-video-preview:-1"},"canonical":"https:\/\/ironsky.pl\/sklep\/produkt\/selfie-stick-telesin-do-kamer-sportowych-3m-is-mnp-300\/","og_locale":"pl_PL","og_type":"article","og_title":"Selfie stick Telesin do kamer sportowych, 3m (IS-MNP-300) - IRONSKY.PL Sklep z Dronami","og_description":"Selfie stick Telesin do kamer sportowych, 3m (IS-MNP-300) - \u2705 sklep z dronami i fachowym doradztwem. \u2705 Tutaj kupisz produkty DJI, Yuneec, Parrot, Syma i wiele innych, a tak\u017ce kursy i licencje na operatora drona.","og_url":"https:\/\/ironsky.pl\/sklep\/produkt\/selfie-stick-telesin-do-kamer-sportowych-3m-is-mnp-300\/","og_site_name":"IRONSKY.PL Sklep z Dronami","article_modified_time":"2026-03-05T14:50:25+00:00","og_image":[{"width":588,"height":567,"url":"https:\/\/ironsky.pl\/sklep\/wp-content\/uploads\/2024\/09\/20332_3.png","type":"image\/png"}],"twitter_card":"summary_large_image","twitter_misc":{"Szacowany czas czytania":"1 minuta"},"schema":{"@context":"https:\/\/schema.org","@graph":[{"@type":"WebPage","@id":"https:\/\/ironsky.pl\/sklep\/produkt\/selfie-stick-telesin-do-kamer-sportowych-3m-is-mnp-300\/","url":"https:\/\/ironsky.pl\/sklep\/produkt\/selfie-stick-telesin-do-kamer-sportowych-3m-is-mnp-300\/","name":"Selfie stick Telesin do kamer sportowych, 3m (IS-MNP-300) - IRONSKY.PL Sklep z Dronami","isPartOf":{"@id":"https:\/\/ironsky.pl\/sklep\/#website"},"primaryImageOfPage":{"@id":"https:\/\/ironsky.pl\/sklep\/produkt\/selfie-stick-telesin-do-kamer-sportowych-3m-is-mnp-300\/#primaryimage"},"image":{"@id":"https:\/\/ironsky.pl\/sklep\/produkt\/selfie-stick-telesin-do-kamer-sportowych-3m-is-mnp-300\/#primaryimage"},"thumbnailUrl":"https:\/\/ironsky.pl\/sklep\/wp-content\/uploads\/2024\/09\/20332_3.png","datePublished":"2024-09-16T16:44:47+00:00","dateModified":"2026-03-05T14:50:25+00:00","description":"Selfie stick Telesin do kamer sportowych, 3m (IS-MNP-300) - \u2705 sklep z dronami i fachowym doradztwem. \u2705 Tutaj kupisz produkty DJI, Yuneec, Parrot, Syma i wiele innych, a tak\u017ce kursy i licencje na operatora drona.","breadcrumb":{"@id":"https:\/\/ironsky.pl\/sklep\/produkt\/selfie-stick-telesin-do-kamer-sportowych-3m-is-mnp-300\/#breadcrumb"},"inLanguage":"pl-PL","potentialAction":[{"@type":"ReadAction","target":["https:\/\/ironsky.pl\/sklep\/produkt\/selfie-stick-telesin-do-kamer-sportowych-3m-is-mnp-300\/"]}]},{"@type":"ImageObject","inLanguage":"pl-PL","@id":"https:\/\/ironsky.pl\/sklep\/produkt\/selfie-stick-telesin-do-kamer-sportowych-3m-is-mnp-300\/#primaryimage","url":"https:\/\/ironsky.pl\/sklep\/wp-content\/uploads\/2024\/09\/20332_3.png","contentUrl":"https:\/\/ironsky.pl\/sklep\/wp-content\/uploads\/2024\/09\/20332_3.png","width":588,"height":567},{"@type":"BreadcrumbList","@id":"https:\/\/ironsky.pl\/sklep\/produkt\/selfie-stick-telesin-do-kamer-sportowych-3m-is-mnp-300\/#breadcrumb","itemListElement":[{"@type":"ListItem","position":1,"name":"Strona g\u0142\u00f3wna","item":"https:\/\/ironsky.pl\/sklep\/"},{"@type":"ListItem","position":2,"name":"Wszystkie produkty","item":"https:\/\/ironsky.pl\/sklep\/produkty\/"},{"@type":"ListItem","position":3,"name":"Selfie stick Telesin do kamer sportowych, 3m (IS-MNP-300)"}]},{"@type":"WebSite","@id":"https:\/\/ironsky.pl\/sklep\/#website","url":"https:\/\/ironsky.pl\/sklep\/","name":"IRONSKY.PL Sklep z Dronami","description":"IRONSKY.PL Sklep z Dronami","potentialAction":[{"@type":"SearchAction","target":{"@type":"EntryPoint","urlTemplate":"https:\/\/ironsky.pl\/sklep\/?s={search_term_string}"},"query-input":{"@type":"PropertyValueSpecification","valueRequired":true,"valueName":"search_term_string"}}],"inLanguage":"pl-PL"}]}},"_links":{"self":[{"href":"https:\/\/ironsky.pl\/sklep\/wp-json\/wp\/v2\/product\/23332","targetHints":{"allow":["GET"]}}],"collection":[{"href":"https:\/\/ironsky.pl\/sklep\/wp-json\/wp\/v2\/product"}],"about":[{"href":"https:\/\/ironsky.pl\/sklep\/wp-json\/wp\/v2\/types\/product"}],"replies":[{"embeddable":true,"href":"https:\/\/ironsky.pl\/sklep\/wp-json\/wp\/v2\/comments?post=23332"}],"wp:featuredmedia":[{"embeddable":true,"href":"https:\/\/ironsky.pl\/sklep\/wp-json\/wp\/v2\/media\/23333"}],"wp:attachment":[{"href":"https:\/\/ironsky.pl\/sklep\/wp-json\/wp\/v2\/media?parent=23332"}],"wp:term":[{"taxonomy":"product_brand","embeddable":true,"href":"https:\/\/ironsky.pl\/sklep\/wp-json\/wp\/v2\/product_brand?post=23332"},{"taxonomy":"product_cat","embeddable":true,"href":"https:\/\/ironsky.pl\/sklep\/wp-json\/wp\/v2\/product_cat?post=23332"},{"taxonomy":"product_tag","embeddable":true,"href":"https:\/\/ironsky.pl\/sklep\/wp-json\/wp\/v2\/product_tag?post=23332"}],"curies":[{"name":"wp","href":"https:\/\/api.w.org\/{rel}","templated":true}]}}