{"id":23290,"date":"2024-09-16T18:44:47","date_gmt":"2024-09-16T16:44:47","guid":{"rendered":"http:\/\/gvshalph.pro-linuxpl.com\/ironskyprodukty\/produkt\/mocowanie-na-plecak-telesin-do-kamer-sportowych-gp-jfm-003\/"},"modified":"2026-03-12T12:50:27","modified_gmt":"2026-03-12T11:50:27","slug":"mocowanie-na-plecak-telesin-do-kamer-sportowych-gp-jfm-003","status":"publish","type":"product","link":"https:\/\/ironsky.pl\/sklep\/produkt\/mocowanie-na-plecak-telesin-do-kamer-sportowych-gp-jfm-003\/","title":{"rendered":"Mocowanie na plecak Telesin do kamer sportowych (GP-JFM-003)"},"content":{"rendered":"<h3>Mocowanie na plecak Telesin GP-JFM-003 do kamer sportowych<\/h3>\n<p>Mocowanie do kamer sportowych marki Telesin umo\u017cliwia wygodny i bezpieczny monta\u017c Twojego urz\u0105dzenia na plecaku, pasku czy torbie, dzi\u0119ki czemu nagrasz zachwycaj\u0105ce filmy z niespotykanych perspektyw. Obrotowo\u015b\u0107 w zakresie 360\u00b0 pozwoli Ci skierowa\u0107 obiektyw w dowoln\u0105 stron\u0119, a dzi\u0119ki sk\u0142adanemu ramieniu uchwytu wykonasz fantastyczne selfie.<\/p>\n<p><img decoding=\"async\" src=\"https:\/\/b2b.innpro.pl\/data\/include\/cms\/Edyta\/telesin\/GP-JFM-003\/HTB1QVCMXxrvK1RjSszeq6yObFXaN.jpg\" alt=\"Edyta\/telesin\/GP-JFM-003\/HTB1QVCMXxrvK1RjSszeq6yObFXaN\"><\/p>\n<h3>Ciesz si\u0119 now\u0105, oryginaln\u0105 perspektyw\u0105<\/h3>\n<p>Zyskaj unikaln\u0105 perspektyw\u0119 i tw\u00f3rz immersyjne nagrania z widoku pierwszej osoby. Zr\u00f3b sobie wspania\u0142e selfie na tle g\u00f3rskiej panoramy. Nagraj jedyn\u0105 w swoim rodzaju relacj\u0119 z le\u015bnej wyprawy. Te i wiele innych mo\u017cliwo\u015bci czeka na Ciebie z mocowaniem marki Telesin. Obrotowe o 360\u00b0, proste w monta\u017cu i sk\u0142adane &#8211; za jego pomoc\u0105 wykonasz mn\u00f3stwo zaskakuj\u0105cych uj\u0119\u0107!<\/p>\n<p><img decoding=\"async\" src=\"https:\/\/b2b.innpro.pl\/data\/include\/cms\/Edyta\/telesin\/GP-JFM-003\/HTB1rfClSpXXXXXuapXXq6xXFXXXc.jpg\" alt=\"Edyta\/telesin\/GP-JFM-003\/HTB1rfClSpXXXXXuapXXq6xXFXXXc\"><\/p>\n<h3>Bezpiecznie zamontujesz swoj\u0105 kamer\u0119<\/h3>\n<p>Z\u0105bkowany klips o du\u017cym zacisku umo\u017cliwia pewne, stabilne i bezpieczne mocowanie. Dzi\u0119ki niemu mo\u017cesz mie\u0107 pewno\u015b\u0107, \u017ce Twoja kamera nie b\u0119dzie si\u0119 przesuwa\u0107 na pasku plecaka ani z niego nie spadnie. Komponuj nawet najbardziej oryginalne uj\u0119cia i niczym si\u0119 nie przejmuj!<\/p>\n<p><img decoding=\"async\" src=\"https:\/\/b2b.innpro.pl\/data\/include\/cms\/Edyta\/telesin\/GP-JFM-003\/HTB1FJ2hXfLsK1Rjy0Fbq6xSEXXae.jpg\" alt=\"Edyta\/telesin\/GP-JFM-003\/HTB1FJ2hXfLsK1Rjy0Fbq6xSEXXae\"><\/p>\n<h3>Kompatybilne z r\u00f3\u017cnymi rodzajami kamer sportowych<\/h3>\n<p>Mocowanie jest kompatybilne z ca\u0142ym szeregiem urz\u0105dze\u0144. Za jego pomoc\u0105 przyczepisz do plecaka kamery sportowe takie jak GoPro Hero 8, 7, 6 czy 5, a tak\u017ce DJI Osmo Action. Umo\u017cliwia r\u00f3wnie\u017c monta\u017c Xiaomi Yi. Akcesorium zosta\u0142o wyposa\u017cone w standardowy interfejs GoPro &#8211; wykorzystaj dost\u0119pn\u0105 do kupienia osobno obudow\u0119 wodoodporn\u0105 lub etui, aby bezpiecznie zamontowa\u0107 swoj\u0105 kamer\u0119.<\/p>\n<p><img decoding=\"async\" src=\"https:\/\/b2b.innpro.pl\/data\/include\/cms\/Edyta\/telesin\/GP-JFM-003\/HTB1uPKIXpzsK1Rjy1Xbq6xOaFXai.jpg\" alt=\"Edyta\/telesin\/GP-JFM-003\/HTB1uPKIXpzsK1Rjy1Xbq6xOaFXai\"><\/p>\n<h3>Zawarto\u015b\u0107 opakowania<\/h3>\n<ul>\n<li>mocowanie na plecak  GP-JFM-003<\/li>\n<li>\u015bruba<\/li>\n<li>instrukcja obs\u0142ugi<\/li>\n<\/ul>\n<div class=\"table-wrapper\">\n<table>\n<tbody>\n<tr>\n<th>Producent<\/th>\n<td>Telesin<\/td>\n<\/tr>\n<tr>\n<th>Model<\/th>\n<td>GP-JFM-003<\/td>\n<\/tr>\n<tr>\n<th>Materia\u0142<\/th>\n<td>ABS + metal<\/td>\n<\/tr>\n<tr>\n<th>Waga<\/th>\n<td>70g<\/td>\n<\/tr>\n<tr>\n<th>Wymiary<\/th>\n<td>6 x 4 x 5 cm<\/td>\n<\/tr>\n<tr>\n<th>Kompatybilno\u015b\u0107<\/th>\n<td>kamery sportowe GoPro, Xiaomi, Eken, Sjcam<\/td>\n<\/tr>\n<\/tbody>\n<\/table>\n<\/div>\n","protected":false},"excerpt":{"rendered":"<p>Mocowanie na plecak Telesin GP-JFM-003 do kamer sportowych Mocowanie do kamer sportowych marki Telesin umo\u017cliwia wygodny i bezpieczny monta\u017c Twojego<\/p>\n","protected":false},"featured_media":23291,"comment_status":"closed","ping_status":"open","template":"","meta":{"_acf_changed":false},"product_brand":[],"product_cat":[1128,1139,1140,1141,1138],"product_tag":[],"class_list":{"0":"post-23290","1":"product","2":"type-product","3":"status-publish","4":"has-post-thumbnail","6":"product_cat-foto-wideo","7":"product_cat-selfie-stick","8":"product_cat-statywy","9":"product_cat-uchwyty-do-mocowania-kamer-i-aparatow","10":"product_cat-wysiegniki","11":"pa_box-height-1453","12":"pa_box-length-1710","13":"pa_box-width-1423","14":"pa_gross-weight-2463","15":"pa_hs-code-1775","16":"pa_kompatybilnosc-mocowania-i-adaptery","17":"pa_model-action","18":"pa_net-weight-2570","19":"pa_przeznaczenie-do-kamer","20":"pa_rodzaj-mocowanie","22":"first","23":"outofstock","24":"taxable","25":"shipping-taxable","26":"purchasable","27":"product-type-simple"},"acf":[],"yoast_head":"<!-- This site is optimized with the Yoast SEO plugin v27.2 - https:\/\/yoast.com\/product\/yoast-seo-wordpress\/ -->\n<title>Mocowanie na plecak Telesin do kamer sportowych (GP-JFM-003) - IRONSKY.PL Sklep z Dronami<\/title>\n<meta name=\"description\" content=\"Mocowanie na plecak Telesin do kamer sportowych (GP-JFM-003) - \u2705 sklep z dronami i fachowym doradztwem. \u2705 Tutaj kupisz produkty DJI, Yuneec, Parrot, Syma i wiele innych, a tak\u017ce kursy i licencje na operatora drona.\" \/>\n<meta name=\"robots\" content=\"index, follow, max-snippet:-1, max-image-preview:large, max-video-preview:-1\" \/>\n<link rel=\"canonical\" href=\"https:\/\/ironsky.pl\/sklep\/produkt\/mocowanie-na-plecak-telesin-do-kamer-sportowych-gp-jfm-003\/\" \/>\n<meta property=\"og:locale\" content=\"pl_PL\" \/>\n<meta property=\"og:type\" content=\"article\" \/>\n<meta property=\"og:title\" content=\"Mocowanie na plecak Telesin do kamer sportowych (GP-JFM-003) - IRONSKY.PL Sklep z Dronami\" \/>\n<meta property=\"og:description\" content=\"Mocowanie na plecak Telesin do kamer sportowych (GP-JFM-003) - \u2705 sklep z dronami i fachowym doradztwem. \u2705 Tutaj kupisz produkty DJI, Yuneec, Parrot, Syma i wiele innych, a tak\u017ce kursy i licencje na operatora drona.\" \/>\n<meta property=\"og:url\" content=\"https:\/\/ironsky.pl\/sklep\/produkt\/mocowanie-na-plecak-telesin-do-kamer-sportowych-gp-jfm-003\/\" \/>\n<meta property=\"og:site_name\" content=\"IRONSKY.PL Sklep z Dronami\" \/>\n<meta property=\"article:modified_time\" content=\"2026-03-12T11:50:27+00:00\" \/>\n<meta property=\"og:image\" content=\"https:\/\/ironsky.pl\/sklep\/wp-content\/uploads\/2024\/09\/20315_2.png\" \/>\n\t<meta property=\"og:image:width\" content=\"929\" \/>\n\t<meta property=\"og:image:height\" content=\"935\" \/>\n\t<meta property=\"og:image:type\" content=\"image\/png\" \/>\n<meta name=\"twitter:card\" content=\"summary_large_image\" \/>\n<meta name=\"twitter:label1\" content=\"Szacowany czas czytania\" \/>\n\t<meta name=\"twitter:data1\" content=\"1 minuta\" \/>\n<script type=\"application\/ld+json\" class=\"yoast-schema-graph\">{\"@context\":\"https:\/\/schema.org\",\"@graph\":[{\"@type\":\"WebPage\",\"@id\":\"https:\/\/ironsky.pl\/sklep\/produkt\/mocowanie-na-plecak-telesin-do-kamer-sportowych-gp-jfm-003\/\",\"url\":\"https:\/\/ironsky.pl\/sklep\/produkt\/mocowanie-na-plecak-telesin-do-kamer-sportowych-gp-jfm-003\/\",\"name\":\"Mocowanie na plecak Telesin do kamer sportowych (GP-JFM-003) - IRONSKY.PL Sklep z Dronami\",\"isPartOf\":{\"@id\":\"https:\/\/ironsky.pl\/sklep\/#website\"},\"primaryImageOfPage\":{\"@id\":\"https:\/\/ironsky.pl\/sklep\/produkt\/mocowanie-na-plecak-telesin-do-kamer-sportowych-gp-jfm-003\/#primaryimage\"},\"image\":{\"@id\":\"https:\/\/ironsky.pl\/sklep\/produkt\/mocowanie-na-plecak-telesin-do-kamer-sportowych-gp-jfm-003\/#primaryimage\"},\"thumbnailUrl\":\"https:\/\/ironsky.pl\/sklep\/wp-content\/uploads\/2024\/09\/20315_2.png\",\"datePublished\":\"2024-09-16T16:44:47+00:00\",\"dateModified\":\"2026-03-12T11:50:27+00:00\",\"description\":\"Mocowanie na plecak Telesin do kamer sportowych (GP-JFM-003) - \u2705 sklep z dronami i fachowym doradztwem. \u2705 Tutaj kupisz produkty DJI, Yuneec, Parrot, Syma i wiele innych, a tak\u017ce kursy i licencje na operatora drona.\",\"breadcrumb\":{\"@id\":\"https:\/\/ironsky.pl\/sklep\/produkt\/mocowanie-na-plecak-telesin-do-kamer-sportowych-gp-jfm-003\/#breadcrumb\"},\"inLanguage\":\"pl-PL\",\"potentialAction\":[{\"@type\":\"ReadAction\",\"target\":[\"https:\/\/ironsky.pl\/sklep\/produkt\/mocowanie-na-plecak-telesin-do-kamer-sportowych-gp-jfm-003\/\"]}]},{\"@type\":\"ImageObject\",\"inLanguage\":\"pl-PL\",\"@id\":\"https:\/\/ironsky.pl\/sklep\/produkt\/mocowanie-na-plecak-telesin-do-kamer-sportowych-gp-jfm-003\/#primaryimage\",\"url\":\"https:\/\/ironsky.pl\/sklep\/wp-content\/uploads\/2024\/09\/20315_2.png\",\"contentUrl\":\"https:\/\/ironsky.pl\/sklep\/wp-content\/uploads\/2024\/09\/20315_2.png\",\"width\":929,\"height\":935},{\"@type\":\"BreadcrumbList\",\"@id\":\"https:\/\/ironsky.pl\/sklep\/produkt\/mocowanie-na-plecak-telesin-do-kamer-sportowych-gp-jfm-003\/#breadcrumb\",\"itemListElement\":[{\"@type\":\"ListItem\",\"position\":1,\"name\":\"Strona g\u0142\u00f3wna\",\"item\":\"https:\/\/ironsky.pl\/sklep\/\"},{\"@type\":\"ListItem\",\"position\":2,\"name\":\"Wszystkie produkty\",\"item\":\"https:\/\/ironsky.pl\/sklep\/produkty\/\"},{\"@type\":\"ListItem\",\"position\":3,\"name\":\"Mocowanie na plecak Telesin do kamer sportowych (GP-JFM-003)\"}]},{\"@type\":\"WebSite\",\"@id\":\"https:\/\/ironsky.pl\/sklep\/#website\",\"url\":\"https:\/\/ironsky.pl\/sklep\/\",\"name\":\"IRONSKY.PL Sklep z Dronami\",\"description\":\"IRONSKY.PL Sklep z Dronami\",\"potentialAction\":[{\"@type\":\"SearchAction\",\"target\":{\"@type\":\"EntryPoint\",\"urlTemplate\":\"https:\/\/ironsky.pl\/sklep\/?s={search_term_string}\"},\"query-input\":{\"@type\":\"PropertyValueSpecification\",\"valueRequired\":true,\"valueName\":\"search_term_string\"}}],\"inLanguage\":\"pl-PL\"}]}<\/script>\n<!-- \/ Yoast SEO plugin. -->","yoast_head_json":{"title":"Mocowanie na plecak Telesin do kamer sportowych (GP-JFM-003) - IRONSKY.PL Sklep z Dronami","description":"Mocowanie na plecak Telesin do kamer sportowych (GP-JFM-003) - \u2705 sklep z dronami i fachowym doradztwem. \u2705 Tutaj kupisz produkty DJI, Yuneec, Parrot, Syma i wiele innych, a tak\u017ce kursy i licencje na operatora drona.","robots":{"index":"index","follow":"follow","max-snippet":"max-snippet:-1","max-image-preview":"max-image-preview:large","max-video-preview":"max-video-preview:-1"},"canonical":"https:\/\/ironsky.pl\/sklep\/produkt\/mocowanie-na-plecak-telesin-do-kamer-sportowych-gp-jfm-003\/","og_locale":"pl_PL","og_type":"article","og_title":"Mocowanie na plecak Telesin do kamer sportowych (GP-JFM-003) - IRONSKY.PL Sklep z Dronami","og_description":"Mocowanie na plecak Telesin do kamer sportowych (GP-JFM-003) - \u2705 sklep z dronami i fachowym doradztwem. \u2705 Tutaj kupisz produkty DJI, Yuneec, Parrot, Syma i wiele innych, a tak\u017ce kursy i licencje na operatora drona.","og_url":"https:\/\/ironsky.pl\/sklep\/produkt\/mocowanie-na-plecak-telesin-do-kamer-sportowych-gp-jfm-003\/","og_site_name":"IRONSKY.PL Sklep z Dronami","article_modified_time":"2026-03-12T11:50:27+00:00","og_image":[{"width":929,"height":935,"url":"https:\/\/ironsky.pl\/sklep\/wp-content\/uploads\/2024\/09\/20315_2.png","type":"image\/png"}],"twitter_card":"summary_large_image","twitter_misc":{"Szacowany czas czytania":"1 minuta"},"schema":{"@context":"https:\/\/schema.org","@graph":[{"@type":"WebPage","@id":"https:\/\/ironsky.pl\/sklep\/produkt\/mocowanie-na-plecak-telesin-do-kamer-sportowych-gp-jfm-003\/","url":"https:\/\/ironsky.pl\/sklep\/produkt\/mocowanie-na-plecak-telesin-do-kamer-sportowych-gp-jfm-003\/","name":"Mocowanie na plecak Telesin do kamer sportowych (GP-JFM-003) - IRONSKY.PL Sklep z Dronami","isPartOf":{"@id":"https:\/\/ironsky.pl\/sklep\/#website"},"primaryImageOfPage":{"@id":"https:\/\/ironsky.pl\/sklep\/produkt\/mocowanie-na-plecak-telesin-do-kamer-sportowych-gp-jfm-003\/#primaryimage"},"image":{"@id":"https:\/\/ironsky.pl\/sklep\/produkt\/mocowanie-na-plecak-telesin-do-kamer-sportowych-gp-jfm-003\/#primaryimage"},"thumbnailUrl":"https:\/\/ironsky.pl\/sklep\/wp-content\/uploads\/2024\/09\/20315_2.png","datePublished":"2024-09-16T16:44:47+00:00","dateModified":"2026-03-12T11:50:27+00:00","description":"Mocowanie na plecak Telesin do kamer sportowych (GP-JFM-003) - \u2705 sklep z dronami i fachowym doradztwem. \u2705 Tutaj kupisz produkty DJI, Yuneec, Parrot, Syma i wiele innych, a tak\u017ce kursy i licencje na operatora drona.","breadcrumb":{"@id":"https:\/\/ironsky.pl\/sklep\/produkt\/mocowanie-na-plecak-telesin-do-kamer-sportowych-gp-jfm-003\/#breadcrumb"},"inLanguage":"pl-PL","potentialAction":[{"@type":"ReadAction","target":["https:\/\/ironsky.pl\/sklep\/produkt\/mocowanie-na-plecak-telesin-do-kamer-sportowych-gp-jfm-003\/"]}]},{"@type":"ImageObject","inLanguage":"pl-PL","@id":"https:\/\/ironsky.pl\/sklep\/produkt\/mocowanie-na-plecak-telesin-do-kamer-sportowych-gp-jfm-003\/#primaryimage","url":"https:\/\/ironsky.pl\/sklep\/wp-content\/uploads\/2024\/09\/20315_2.png","contentUrl":"https:\/\/ironsky.pl\/sklep\/wp-content\/uploads\/2024\/09\/20315_2.png","width":929,"height":935},{"@type":"BreadcrumbList","@id":"https:\/\/ironsky.pl\/sklep\/produkt\/mocowanie-na-plecak-telesin-do-kamer-sportowych-gp-jfm-003\/#breadcrumb","itemListElement":[{"@type":"ListItem","position":1,"name":"Strona g\u0142\u00f3wna","item":"https:\/\/ironsky.pl\/sklep\/"},{"@type":"ListItem","position":2,"name":"Wszystkie produkty","item":"https:\/\/ironsky.pl\/sklep\/produkty\/"},{"@type":"ListItem","position":3,"name":"Mocowanie na plecak Telesin do kamer sportowych (GP-JFM-003)"}]},{"@type":"WebSite","@id":"https:\/\/ironsky.pl\/sklep\/#website","url":"https:\/\/ironsky.pl\/sklep\/","name":"IRONSKY.PL Sklep z Dronami","description":"IRONSKY.PL Sklep z Dronami","potentialAction":[{"@type":"SearchAction","target":{"@type":"EntryPoint","urlTemplate":"https:\/\/ironsky.pl\/sklep\/?s={search_term_string}"},"query-input":{"@type":"PropertyValueSpecification","valueRequired":true,"valueName":"search_term_string"}}],"inLanguage":"pl-PL"}]}},"_links":{"self":[{"href":"https:\/\/ironsky.pl\/sklep\/wp-json\/wp\/v2\/product\/23290","targetHints":{"allow":["GET"]}}],"collection":[{"href":"https:\/\/ironsky.pl\/sklep\/wp-json\/wp\/v2\/product"}],"about":[{"href":"https:\/\/ironsky.pl\/sklep\/wp-json\/wp\/v2\/types\/product"}],"replies":[{"embeddable":true,"href":"https:\/\/ironsky.pl\/sklep\/wp-json\/wp\/v2\/comments?post=23290"}],"wp:featuredmedia":[{"embeddable":true,"href":"https:\/\/ironsky.pl\/sklep\/wp-json\/wp\/v2\/media\/23291"}],"wp:attachment":[{"href":"https:\/\/ironsky.pl\/sklep\/wp-json\/wp\/v2\/media?parent=23290"}],"wp:term":[{"taxonomy":"product_brand","embeddable":true,"href":"https:\/\/ironsky.pl\/sklep\/wp-json\/wp\/v2\/product_brand?post=23290"},{"taxonomy":"product_cat","embeddable":true,"href":"https:\/\/ironsky.pl\/sklep\/wp-json\/wp\/v2\/product_cat?post=23290"},{"taxonomy":"product_tag","embeddable":true,"href":"https:\/\/ironsky.pl\/sklep\/wp-json\/wp\/v2\/product_tag?post=23290"}],"curies":[{"name":"wp","href":"https:\/\/api.w.org\/{rel}","templated":true}]}}