{"id":23236,"date":"2024-09-16T18:43:16","date_gmt":"2024-09-16T16:43:16","guid":{"rendered":"http:\/\/gvshalph.pro-linuxpl.com\/ironskyprodukty\/produkt\/mini-statyw-telesin-do-kamer-sportowych-gp-mnp-092-x\/"},"modified":"2026-03-05T15:50:22","modified_gmt":"2026-03-05T14:50:22","slug":"mini-statyw-telesin-do-kamer-sportowych-gp-mnp-092-x","status":"publish","type":"product","link":"https:\/\/ironsky.pl\/sklep\/produkt\/mini-statyw-telesin-do-kamer-sportowych-gp-mnp-092-x\/","title":{"rendered":"Mini statyw Telesin do kamer sportowych (GP-MNP-092-X)"},"content":{"rendered":"<h3>Mini statyw Telesin do kamer sportowych<\/h3>\n<p>Przeznaczony dla kamer sportowych przeno\u015bny statyw marki Telesin jeszcze bardziej poszerzy Twoje mo\u017cliwo\u015bci nagrywania. Regulowana wysoko\u015b\u0107 do 255 mm oraz ud\u017awig do 2 kg sprawiaj\u0105, \u017ce jest niezwykle uniwersalny. Tripod wyr\u00f3\u017cnia si\u0119 r\u00f3wnie\u017c wyj\u0105tkow\u0105 stabilno\u015bci\u0105 i wytrzyma\u0142o\u015bci\u0105. Lekki i kompaktowy &#8211; wykorzystasz go w wielu sytuacjach.<\/p>\n<p><img decoding=\"async\" src=\"https:\/\/b2b.innpro.pl\/data\/include\/cms\/Edyta\/telesin\/GP-MNP-092-X\/9ace12328a.jpg\"><\/p>\n<h3>Dostosuj wysoko\u015b\u0107 do swoich potrzeb<\/h3>\n<p>To Ty decydujesz, jak wysoki ma by\u0107 Tw\u00f3j statyw. Mo\u017cesz dostosowa\u0107 jego wysoko\u015b\u0107 w zakresie 134-255 mm. Ustaw go tak, jak chcesz i zyskaj unikaln\u0105 perspektyw\u0119!<\/p>\n<p><img decoding=\"async\" src=\"https:\/\/b2b.innpro.pl\/data\/include\/cms\/Edyta\/telesin\/GP-MNP-092-X\/a4bc11fb56.jpg\"><\/p>\n<h3>Idealny dla kamer sportowych<\/h3>\n<p>Tripod zosta\u0142 zaprojektowany specjalnie z my\u015bl\u0105 o kamerach sportowych. Ud\u017awig do 2 kg oznacza, \u017ce bez obaw mo\u017cesz umie\u015bci\u0107 na nim swoje urz\u0105dzenie. Statyw zapewnia mu stabilno\u015b\u0107 i bezpieczne podparcie.<\/p>\n<p><img decoding=\"async\" src=\"https:\/\/b2b.innpro.pl\/data\/include\/cms\/Edyta\/telesin\/GP-MNP-092-X\/63542d3d93.jpg\"><\/p>\n<h3>Stabilna i wytrzyma\u0142a konstrukcja<\/h3>\n<p>N\u00f3\u017cki tripoda rozk\u0142adaj\u0105 si\u0119 pod k\u0105tem 45\u00b0 &#8211; to optymalna warto\u015b\u0107, kt\u00f3ra gwarantuje niezr\u00f3wnan\u0105 stabilno\u015b\u0107. Co wi\u0119cej, dzi\u0119ki wykonaniu z wysokiej klasy materia\u0142\u00f3w, takich jak mi\u0119dzy innymi stop aluminium, statyw jest wytrzyma\u0142y, odporny na uszkodzenia i zu\u017cycie &#8211; mo\u017cesz wi\u0119c swobodnie z niego korzysta\u0107 przez d\u0142ugi czas.<\/p>\n<p><img decoding=\"async\" src=\"https:\/\/b2b.innpro.pl\/data\/include\/cms\/Edyta\/telesin\/GP-MNP-092-X\/5d6475ccad.jpg\"><\/p>\n<h3>Zawsze pod r\u0119k\u0105<\/h3>\n<p>To praktyczne akcesorium mo\u017cesz nosi\u0107 nawet w kieszeni. Wa\u017cy tylko 61 g, a po z\u0142o\u017ceniu jego wysoko\u015b\u0107 nie przekracza 13,4 cm. Tak niesamowita kompaktowo\u015b\u0107 tripoda sprawia, \u017ce mo\u017cesz mie\u0107 go zawsze przy sobie &#8211; nie zajmie zbyt wiele miejsca w Twojej torebce lub plecaku. Ju\u017c nigdy nie przegapisz okazji do wykonania ciekawego uj\u0119cia!<\/p>\n<p><img decoding=\"async\" src=\"https:\/\/b2b.innpro.pl\/data\/include\/cms\/Edyta\/telesin\/GP-MNP-092-X\/90582f45f3.jpg\"><\/p>\n<h3>Szerokie zastosowanie<\/h3>\n<p>Statyw marki Telesin mo\u017cesz wykorzysta\u0107 na mn\u00f3stwo sposob\u00f3w. Za jego pomoc\u0105 nagrasz profesjonalne vlogi, poradniki kulinarne czy makija\u017cowe, a nawet tutoriale DIY. U\u017cyjesz go tak\u017ce podczas uroczysto\u015bci rodzinnych &#8211; nada si\u0119 do wykonywania stabilnych zdj\u0119\u0107 grupowych. Tripod sprawdzi si\u0119 r\u00f3wnie\u017c w roli podstawki na kamer\u0119.<\/p>\n<p><img decoding=\"async\" src=\"https:\/\/b2b.innpro.pl\/data\/include\/cms\/Edyta\/telesin\/GP-MNP-092-X\/59e168f271.jpg\"><\/p>\n<div class=\"table-wrapper\">\n<table>\n<tbody>\n<tr>\n<th><span>Producent<\/span><\/th>\n<td><span>Telesin<\/span><\/td>\n<\/tr>\n<tr>\n<th><span>Model<\/span><\/th>\n<td><span>GP-MNP-092-X<\/span><\/td>\n<\/tr>\n<tr>\n<th><span>Wymiary<\/span><\/th>\n<td><span>155 x 46 x 44 mm<\/span><\/td>\n<\/tr>\n<tr>\n<th><span>Materia\u0142<\/span><\/th>\n<td><span>PC + TPU + PA nylon<\/span><\/td>\n<\/tr>\n<tr>\n<th><span>Kolor<\/span><\/th>\n<td><span>czarny<\/span><\/td>\n<\/tr>\n<tr>\n<th><span>Maksymalny ci\u0119\u017car<\/span><\/th>\n<td><span>2kg<\/span><\/td>\n<\/tr>\n<tr>\n<th><span>Kompatybilno\u015b\u0107<\/span><\/th>\n<td><span>kamery sportowe<\/span><\/td>\n<\/tr>\n<tr>\n<th><span>Minimalna wysoko\u015b\u0107<\/span><\/th>\n<td><span>13.4 cm<\/span><\/td>\n<\/tr>\n<tr>\n<th><span>Maksymalna wysoko\u015b\u0107<\/span><\/th>\n<td><span>25.5 cm<\/span><\/td>\n<\/tr>\n<\/tbody>\n<\/table>\n<\/div>\n","protected":false},"excerpt":{"rendered":"<p>Mini statyw Telesin do kamer sportowych Przeznaczony dla kamer sportowych przeno\u015bny statyw marki Telesin jeszcze bardziej poszerzy Twoje mo\u017cliwo\u015bci nagrywania.<\/p>\n","protected":false},"featured_media":23237,"comment_status":"closed","ping_status":"open","template":"","meta":{"_acf_changed":false},"product_brand":[],"product_cat":[1128,1139,1140,1141,1138],"product_tag":[],"class_list":{"0":"post-23236","1":"product","2":"type-product","3":"status-publish","4":"has-post-thumbnail","6":"product_cat-foto-wideo","7":"product_cat-selfie-stick","8":"product_cat-statywy","9":"product_cat-uchwyty-do-mocowania-kamer-i-aparatow","10":"product_cat-wysiegniki","11":"pa_box-height-2542","12":"pa_box-length-2543","13":"pa_box-width-2064","14":"pa_gross-weight-2544","15":"pa_hs-code-1983","16":"pa_net-weight-2100","17":"pa_przeznaczenie-do-kamer","18":"pa_seria-action-dji-osmo-action-4-dji-osmo-action-3-dji-osmo-action","19":"pa_z-wbudowanym-oswietleniem-nie","21":"first","22":"outofstock","23":"taxable","24":"shipping-taxable","25":"purchasable","26":"product-type-simple"},"acf":[],"yoast_head":"<!-- This site is optimized with the Yoast SEO plugin v27.2 - https:\/\/yoast.com\/product\/yoast-seo-wordpress\/ -->\n<title>Mini statyw Telesin do kamer sportowych (GP-MNP-092-X) - IRONSKY.PL Sklep z Dronami<\/title>\n<meta name=\"description\" content=\"Mini statyw Telesin do kamer sportowych (GP-MNP-092-X) - \u2705 sklep z dronami i fachowym doradztwem. \u2705 Tutaj kupisz produkty DJI, Yuneec, Parrot, Syma i wiele innych, a tak\u017ce kursy i licencje na operatora drona.\" \/>\n<meta name=\"robots\" content=\"index, follow, max-snippet:-1, max-image-preview:large, max-video-preview:-1\" \/>\n<link rel=\"canonical\" href=\"https:\/\/ironsky.pl\/sklep\/produkt\/mini-statyw-telesin-do-kamer-sportowych-gp-mnp-092-x\/\" \/>\n<meta property=\"og:locale\" content=\"pl_PL\" \/>\n<meta property=\"og:type\" content=\"article\" \/>\n<meta property=\"og:title\" content=\"Mini statyw Telesin do kamer sportowych (GP-MNP-092-X) - IRONSKY.PL Sklep z Dronami\" \/>\n<meta property=\"og:description\" content=\"Mini statyw Telesin do kamer sportowych (GP-MNP-092-X) - \u2705 sklep z dronami i fachowym doradztwem. \u2705 Tutaj kupisz produkty DJI, Yuneec, Parrot, Syma i wiele innych, a tak\u017ce kursy i licencje na operatora drona.\" \/>\n<meta property=\"og:url\" content=\"https:\/\/ironsky.pl\/sklep\/produkt\/mini-statyw-telesin-do-kamer-sportowych-gp-mnp-092-x\/\" \/>\n<meta property=\"og:site_name\" content=\"IRONSKY.PL Sklep z Dronami\" \/>\n<meta property=\"article:modified_time\" content=\"2026-03-05T14:50:22+00:00\" \/>\n<meta property=\"og:image\" content=\"https:\/\/ironsky.pl\/sklep\/wp-content\/uploads\/2024\/09\/20264_1.png\" \/>\n\t<meta property=\"og:image:width\" content=\"883\" \/>\n\t<meta property=\"og:image:height\" content=\"877\" \/>\n\t<meta property=\"og:image:type\" content=\"image\/png\" \/>\n<meta name=\"twitter:card\" content=\"summary_large_image\" \/>\n<meta name=\"twitter:label1\" content=\"Szacowany czas czytania\" \/>\n\t<meta name=\"twitter:data1\" content=\"2 minuty\" \/>\n<script type=\"application\/ld+json\" class=\"yoast-schema-graph\">{\"@context\":\"https:\/\/schema.org\",\"@graph\":[{\"@type\":\"WebPage\",\"@id\":\"https:\/\/ironsky.pl\/sklep\/produkt\/mini-statyw-telesin-do-kamer-sportowych-gp-mnp-092-x\/\",\"url\":\"https:\/\/ironsky.pl\/sklep\/produkt\/mini-statyw-telesin-do-kamer-sportowych-gp-mnp-092-x\/\",\"name\":\"Mini statyw Telesin do kamer sportowych (GP-MNP-092-X) - IRONSKY.PL Sklep z Dronami\",\"isPartOf\":{\"@id\":\"https:\/\/ironsky.pl\/sklep\/#website\"},\"primaryImageOfPage\":{\"@id\":\"https:\/\/ironsky.pl\/sklep\/produkt\/mini-statyw-telesin-do-kamer-sportowych-gp-mnp-092-x\/#primaryimage\"},\"image\":{\"@id\":\"https:\/\/ironsky.pl\/sklep\/produkt\/mini-statyw-telesin-do-kamer-sportowych-gp-mnp-092-x\/#primaryimage\"},\"thumbnailUrl\":\"https:\/\/ironsky.pl\/sklep\/wp-content\/uploads\/2024\/09\/20264_1.png\",\"datePublished\":\"2024-09-16T16:43:16+00:00\",\"dateModified\":\"2026-03-05T14:50:22+00:00\",\"description\":\"Mini statyw Telesin do kamer sportowych (GP-MNP-092-X) - \u2705 sklep z dronami i fachowym doradztwem. \u2705 Tutaj kupisz produkty DJI, Yuneec, Parrot, Syma i wiele innych, a tak\u017ce kursy i licencje na operatora drona.\",\"breadcrumb\":{\"@id\":\"https:\/\/ironsky.pl\/sklep\/produkt\/mini-statyw-telesin-do-kamer-sportowych-gp-mnp-092-x\/#breadcrumb\"},\"inLanguage\":\"pl-PL\",\"potentialAction\":[{\"@type\":\"ReadAction\",\"target\":[\"https:\/\/ironsky.pl\/sklep\/produkt\/mini-statyw-telesin-do-kamer-sportowych-gp-mnp-092-x\/\"]}]},{\"@type\":\"ImageObject\",\"inLanguage\":\"pl-PL\",\"@id\":\"https:\/\/ironsky.pl\/sklep\/produkt\/mini-statyw-telesin-do-kamer-sportowych-gp-mnp-092-x\/#primaryimage\",\"url\":\"https:\/\/ironsky.pl\/sklep\/wp-content\/uploads\/2024\/09\/20264_1.png\",\"contentUrl\":\"https:\/\/ironsky.pl\/sklep\/wp-content\/uploads\/2024\/09\/20264_1.png\",\"width\":883,\"height\":877},{\"@type\":\"BreadcrumbList\",\"@id\":\"https:\/\/ironsky.pl\/sklep\/produkt\/mini-statyw-telesin-do-kamer-sportowych-gp-mnp-092-x\/#breadcrumb\",\"itemListElement\":[{\"@type\":\"ListItem\",\"position\":1,\"name\":\"Strona g\u0142\u00f3wna\",\"item\":\"https:\/\/ironsky.pl\/sklep\/\"},{\"@type\":\"ListItem\",\"position\":2,\"name\":\"Wszystkie produkty\",\"item\":\"https:\/\/ironsky.pl\/sklep\/produkty\/\"},{\"@type\":\"ListItem\",\"position\":3,\"name\":\"Mini statyw Telesin do kamer sportowych (GP-MNP-092-X)\"}]},{\"@type\":\"WebSite\",\"@id\":\"https:\/\/ironsky.pl\/sklep\/#website\",\"url\":\"https:\/\/ironsky.pl\/sklep\/\",\"name\":\"IRONSKY.PL Sklep z Dronami\",\"description\":\"IRONSKY.PL Sklep z Dronami\",\"potentialAction\":[{\"@type\":\"SearchAction\",\"target\":{\"@type\":\"EntryPoint\",\"urlTemplate\":\"https:\/\/ironsky.pl\/sklep\/?s={search_term_string}\"},\"query-input\":{\"@type\":\"PropertyValueSpecification\",\"valueRequired\":true,\"valueName\":\"search_term_string\"}}],\"inLanguage\":\"pl-PL\"}]}<\/script>\n<!-- \/ Yoast SEO plugin. -->","yoast_head_json":{"title":"Mini statyw Telesin do kamer sportowych (GP-MNP-092-X) - IRONSKY.PL Sklep z Dronami","description":"Mini statyw Telesin do kamer sportowych (GP-MNP-092-X) - \u2705 sklep z dronami i fachowym doradztwem. \u2705 Tutaj kupisz produkty DJI, Yuneec, Parrot, Syma i wiele innych, a tak\u017ce kursy i licencje na operatora drona.","robots":{"index":"index","follow":"follow","max-snippet":"max-snippet:-1","max-image-preview":"max-image-preview:large","max-video-preview":"max-video-preview:-1"},"canonical":"https:\/\/ironsky.pl\/sklep\/produkt\/mini-statyw-telesin-do-kamer-sportowych-gp-mnp-092-x\/","og_locale":"pl_PL","og_type":"article","og_title":"Mini statyw Telesin do kamer sportowych (GP-MNP-092-X) - IRONSKY.PL Sklep z Dronami","og_description":"Mini statyw Telesin do kamer sportowych (GP-MNP-092-X) - \u2705 sklep z dronami i fachowym doradztwem. \u2705 Tutaj kupisz produkty DJI, Yuneec, Parrot, Syma i wiele innych, a tak\u017ce kursy i licencje na operatora drona.","og_url":"https:\/\/ironsky.pl\/sklep\/produkt\/mini-statyw-telesin-do-kamer-sportowych-gp-mnp-092-x\/","og_site_name":"IRONSKY.PL Sklep z Dronami","article_modified_time":"2026-03-05T14:50:22+00:00","og_image":[{"width":883,"height":877,"url":"https:\/\/ironsky.pl\/sklep\/wp-content\/uploads\/2024\/09\/20264_1.png","type":"image\/png"}],"twitter_card":"summary_large_image","twitter_misc":{"Szacowany czas czytania":"2 minuty"},"schema":{"@context":"https:\/\/schema.org","@graph":[{"@type":"WebPage","@id":"https:\/\/ironsky.pl\/sklep\/produkt\/mini-statyw-telesin-do-kamer-sportowych-gp-mnp-092-x\/","url":"https:\/\/ironsky.pl\/sklep\/produkt\/mini-statyw-telesin-do-kamer-sportowych-gp-mnp-092-x\/","name":"Mini statyw Telesin do kamer sportowych (GP-MNP-092-X) - IRONSKY.PL Sklep z Dronami","isPartOf":{"@id":"https:\/\/ironsky.pl\/sklep\/#website"},"primaryImageOfPage":{"@id":"https:\/\/ironsky.pl\/sklep\/produkt\/mini-statyw-telesin-do-kamer-sportowych-gp-mnp-092-x\/#primaryimage"},"image":{"@id":"https:\/\/ironsky.pl\/sklep\/produkt\/mini-statyw-telesin-do-kamer-sportowych-gp-mnp-092-x\/#primaryimage"},"thumbnailUrl":"https:\/\/ironsky.pl\/sklep\/wp-content\/uploads\/2024\/09\/20264_1.png","datePublished":"2024-09-16T16:43:16+00:00","dateModified":"2026-03-05T14:50:22+00:00","description":"Mini statyw Telesin do kamer sportowych (GP-MNP-092-X) - \u2705 sklep z dronami i fachowym doradztwem. \u2705 Tutaj kupisz produkty DJI, Yuneec, Parrot, Syma i wiele innych, a tak\u017ce kursy i licencje na operatora drona.","breadcrumb":{"@id":"https:\/\/ironsky.pl\/sklep\/produkt\/mini-statyw-telesin-do-kamer-sportowych-gp-mnp-092-x\/#breadcrumb"},"inLanguage":"pl-PL","potentialAction":[{"@type":"ReadAction","target":["https:\/\/ironsky.pl\/sklep\/produkt\/mini-statyw-telesin-do-kamer-sportowych-gp-mnp-092-x\/"]}]},{"@type":"ImageObject","inLanguage":"pl-PL","@id":"https:\/\/ironsky.pl\/sklep\/produkt\/mini-statyw-telesin-do-kamer-sportowych-gp-mnp-092-x\/#primaryimage","url":"https:\/\/ironsky.pl\/sklep\/wp-content\/uploads\/2024\/09\/20264_1.png","contentUrl":"https:\/\/ironsky.pl\/sklep\/wp-content\/uploads\/2024\/09\/20264_1.png","width":883,"height":877},{"@type":"BreadcrumbList","@id":"https:\/\/ironsky.pl\/sklep\/produkt\/mini-statyw-telesin-do-kamer-sportowych-gp-mnp-092-x\/#breadcrumb","itemListElement":[{"@type":"ListItem","position":1,"name":"Strona g\u0142\u00f3wna","item":"https:\/\/ironsky.pl\/sklep\/"},{"@type":"ListItem","position":2,"name":"Wszystkie produkty","item":"https:\/\/ironsky.pl\/sklep\/produkty\/"},{"@type":"ListItem","position":3,"name":"Mini statyw Telesin do kamer sportowych (GP-MNP-092-X)"}]},{"@type":"WebSite","@id":"https:\/\/ironsky.pl\/sklep\/#website","url":"https:\/\/ironsky.pl\/sklep\/","name":"IRONSKY.PL Sklep z Dronami","description":"IRONSKY.PL Sklep z Dronami","potentialAction":[{"@type":"SearchAction","target":{"@type":"EntryPoint","urlTemplate":"https:\/\/ironsky.pl\/sklep\/?s={search_term_string}"},"query-input":{"@type":"PropertyValueSpecification","valueRequired":true,"valueName":"search_term_string"}}],"inLanguage":"pl-PL"}]}},"_links":{"self":[{"href":"https:\/\/ironsky.pl\/sklep\/wp-json\/wp\/v2\/product\/23236","targetHints":{"allow":["GET"]}}],"collection":[{"href":"https:\/\/ironsky.pl\/sklep\/wp-json\/wp\/v2\/product"}],"about":[{"href":"https:\/\/ironsky.pl\/sklep\/wp-json\/wp\/v2\/types\/product"}],"replies":[{"embeddable":true,"href":"https:\/\/ironsky.pl\/sklep\/wp-json\/wp\/v2\/comments?post=23236"}],"wp:featuredmedia":[{"embeddable":true,"href":"https:\/\/ironsky.pl\/sklep\/wp-json\/wp\/v2\/media\/23237"}],"wp:attachment":[{"href":"https:\/\/ironsky.pl\/sklep\/wp-json\/wp\/v2\/media?parent=23236"}],"wp:term":[{"taxonomy":"product_brand","embeddable":true,"href":"https:\/\/ironsky.pl\/sklep\/wp-json\/wp\/v2\/product_brand?post=23236"},{"taxonomy":"product_cat","embeddable":true,"href":"https:\/\/ironsky.pl\/sklep\/wp-json\/wp\/v2\/product_cat?post=23236"},{"taxonomy":"product_tag","embeddable":true,"href":"https:\/\/ironsky.pl\/sklep\/wp-json\/wp\/v2\/product_tag?post=23236"}],"curies":[{"name":"wp","href":"https:\/\/api.w.org\/{rel}","templated":true}]}}