{"id":23230,"date":"2024-09-16T18:43:16","date_gmt":"2024-09-16T16:43:16","guid":{"rendered":"http:\/\/gvshalph.pro-linuxpl.com\/ironskyprodukty\/produkt\/inteligentny-statyw-obrotowy-telesin-te-gpyt-001\/"},"modified":"2026-03-05T15:50:22","modified_gmt":"2026-03-05T14:50:22","slug":"inteligentny-statyw-obrotowy-telesin-te-gpyt-001","status":"publish","type":"product","link":"https:\/\/ironsky.pl\/sklep\/produkt\/inteligentny-statyw-obrotowy-telesin-te-gpyt-001\/","title":{"rendered":"Inteligentny statyw obrotowy Telesin (TE-GPYT-001)"},"content":{"rendered":"<h3>Inteligentny statyw obrotowy Telesin TE-GPYT-001<\/h3>\n<p>Nowoczesny statyw marki Telesin daje Ci szereg nowych mo\u017cliwo\u015bci podczas nagrywania. Obrotowy w zakresie 360\u00b0 i oferuj\u0105cy funkcj\u0119 inteligentnego \u015bledzenia &#8211; pozwoli Ci tworzy\u0107 dok\u0142adnie takie uj\u0119cia, na jakich Ci zale\u017cy. Wbudowana kamera HD zapewnia doskona\u0142ej jako\u015bci obraz, a czas pracy do 5 godzin gwarantuje wymarzon\u0105 swobod\u0119. Za pomoc\u0105 do\u0142\u0105czonego do zestawu pilota mo\u017cesz zdalnie sterowa\u0107 statywem. Co wi\u0119cej gwinty 1\/4 umo\u017cliwiaj\u0105 monta\u017c dodatkowych akcesori\u00f3w.<\/p>\n<p><img decoding=\"async\" src=\"\/data\/include\/cms\/Edyta\/telesin\/TE-GPYT-001\/18f847091d.jpg\" border=\"0\" alt=\"\" width=\"1100\" height=\"699\" \/><\/p>\n<h3>Skutecznie utrzymuje filmowan\u0105 osob\u0119 wewn\u0105trz kadru<\/h3>\n<p>Statyw obraca si\u0119 o 360\u00b0 i inteligentnie pod\u0105\u017ca za filmowanym obiektem. Jego optymalny zasi\u0119g dzia\u0142ania wynosi od 1 m do nawet 8 m. Dzi\u0119ki temu sprawdzi si\u0119 w mn\u00f3stwie zastosowa\u0144. Wykorzystasz go podczas spotkania online, webinaru, nagrywania tutoriali, a nawet kiedy sprzedajesz r\u00f3\u017cnego rodzaju produkty przez Internet. Zaawansowany algorytm umo\u017cliwia \u015bledzenie w czasie rzeczywistym, co pozwala r\u00f3wnie\u017c na prowadzenie transmisji na \u017cywo.<\/p>\n<p><img decoding=\"async\" src=\"\/data\/include\/cms\/Edyta\/telesin\/TE-GPYT-001\/f4a7568dbb.jpg\" border=\"0\" alt=\"\" width=\"1100\" height=\"699\" \/><\/p>\n<h3>Zamontuj dodatkowe akcesoria i ciesz si\u0119 wi\u0119ksz\u0105 wygod\u0105 podczas nagrywania<\/h3>\n<p>Na g\u00f3rze i na dole urz\u0105dzenia znajduj\u0105 si\u0119 uniwersalne gwinty 1\/4, za pomoc\u0105 kt\u00f3rych mo\u017cesz zamontowa\u0107 dodatkowe akcesoria. Tripod, o\u015bwietlenie, adapter kamery, telefonu lub aparatu, a mo\u017ce mikrofon? Mo\u017cliwo\u015bci s\u0105 niemal nieograniczone. Co wi\u0119cej, gwinty mo\u017cesz wyregulowa\u0107 w taki spos\u00f3b, aby zapewni\u0107 przymocowanym akcesoriom wymagan\u0105 stabilno\u015b\u0107.<\/p>\n<p><img decoding=\"async\" src=\"\/data\/include\/cms\/Edyta\/telesin\/TE-GPYT-001\/53a7aed51e.jpg\" border=\"0\" alt=\"\" width=\"1100\" height=\"700\" \/><\/p>\n<h3>Tw\u00f3rz bez obaw o zbyt szybkie roz\u0142adowanie urz\u0105dzenia<\/h3>\n<p>Statyw zosta\u0142 wyposa\u017cony w wytrzyma\u0142y akumulator o pojemno\u015bci 1500 mAh. Pozwala on nawet na 5 h nagrywania po jednym ca\u0142kowitym na\u0142adowaniu, kt\u00f3re trwa ok. 2 h. Co wi\u0119cej, nie musisz si\u0119 obawia\u0107 przedwczesnego roz\u0142adowania urz\u0105dzenia, je\u015bli zapomnisz je wy\u0142\u0105czy\u0107. Statyw automatycznie przechodzi w tryb u\u015bpienia po 15 minutach bezczynno\u015bci.<\/p>\n<p><img decoding=\"async\" src=\"\/data\/include\/cms\/Edyta\/telesin\/TE-GPYT-001\/61fbe74919.jpg\" border=\"0\" alt=\"\" width=\"1100\" height=\"699\" \/><\/p>\n<h3>Panoramiczna kamera HD &#8211; jeszcze wi\u0119cej zastosowa\u0144<\/h3>\n<p>Wbudowana kamera HD urz\u0105dzenia mo\u017ce r\u00f3wnie\u017c pe\u0142ni\u0107 rol\u0119 kamerki internetowej. Urz\u0105dzenie jest kompatybilne z wi\u0119kszo\u015bci\u0105 laptop\u00f3w popularnych marek. Mo\u017cesz wi\u0119c cieszy\u0107 si\u0119 doskona\u0142ej jako\u015bci wideo rozmowami z przyjaci\u00f3\u0142mi, rodzin\u0105 lub wsp\u00f3\u0142pracownikami! Aby skorzysta\u0107 z tej funkcji, potrzebujesz adaptera.<\/p>\n<p><img decoding=\"async\" src=\"\/data\/include\/cms\/Edyta\/telesin\/TE-GPYT-001\/e7fc28a446.jpg\" border=\"0\" alt=\"\" width=\"1100\" height=\"699\" \/><\/p>\n<h3>Odkryj zalety zdalnego sterowania<\/h3>\n<p>W zestawie znajdziesz r\u00f3wnie\u017c prosty w obs\u0142udze pilot zdalnego sterowania, kt\u00f3ry jeszcze bardziej u\u0142atwi Ci prac\u0119 z inteligentnym statywem. Za jego pomoc\u0105 mo\u017cesz wygodnie kontrolowa\u0107 urz\u0105dzenie na odleg\u0142o\u015b\u0107. Nie tylko w\u0142\u0105czysz je lub wy\u0142\u0105czysz, ale te\u017c uruchomisz funkcj\u0119 \u015bledzenia. Zyskasz te\u017c mo\u017cliwo\u015b\u0107 sterowania obrotami statywu.<\/p>\n<p><img decoding=\"async\" src=\"\/data\/include\/cms\/Edyta\/telesin\/TE-GPYT-001\/38d6af5b74.jpg\" border=\"0\" alt=\"\" width=\"1100\" height=\"700\" \/><\/p>\n<h3>Zawarto\u015b\u0107 opakowania<\/h3>\n<ul>\n<li>Inteligentny statyw Telesin TE-GPYT-001<\/li>\n<li>Kabel do \u0142adowania Type-C<\/li>\n<li>Pilot do zdalnego sterowania<\/li>\n<li>Instrukcja obs\u0142ugi<\/li>\n<\/ul>\n<div class=\"table-wrapper\">\n<table>\n<tbody>\n<tr>\n<th>Producent<\/th>\n<td>Telesin<\/td>\n<\/tr>\n<tr>\n<th>Nazwa<\/th>\n<td>Smart Tracking Pan Tilt<\/td>\n<\/tr>\n<tr>\n<th>Model<\/th>\n<td>TE-GPYT-001<\/td>\n<\/tr>\n<tr>\n<th>Bateria<\/th>\n<td>litowo-jonowa 3.7<\/td>\n<\/tr>\n<tr>\n<th>Pojemno\u015b\u0107 baterii<\/th>\n<td>1500mAh<\/td>\n<\/tr>\n<tr>\n<th>Port \u0142adowania<\/th>\n<td>Type-C, 800mA<\/td>\n<\/tr>\n<tr>\n<th>Napi\u0119cie znamionowe<\/th>\n<td>5V<\/td>\n<\/tr>\n<tr>\n<th>Czas \u0142adowania<\/th>\n<td>2 godziny<\/td>\n<\/tr>\n<tr>\n<th>Odleg\u0142o\u015b\u0107 zdalnego sterowania<\/th>\n<td>0 &#8211; 10 m (optymalna odleg\u0142o\u015b\u0107: 1 &#8211; 8m)<\/td>\n<\/tr>\n<tr>\n<th>Wymiary<\/th>\n<td>6.2 x 6 x 8.6 cm<\/td>\n<\/tr>\n<tr>\n<th>Waga<\/th>\n<td>193g<\/td>\n<\/tr>\n<\/tbody>\n<\/table>\n<\/div>\n","protected":false},"excerpt":{"rendered":"<p>Inteligentny statyw obrotowy Telesin TE-GPYT-001 Nowoczesny statyw marki Telesin daje Ci szereg nowych mo\u017cliwo\u015bci podczas nagrywania. Obrotowy w zakresie 360\u00b0<\/p>\n","protected":false},"featured_media":23231,"comment_status":"closed","ping_status":"open","template":"","meta":{"_acf_changed":false},"product_brand":[],"product_cat":[1128,1139,1140,1141,1138],"product_tag":[],"class_list":{"0":"post-23230","1":"product","2":"type-product","3":"status-publish","4":"has-post-thumbnail","6":"product_cat-foto-wideo","7":"product_cat-selfie-stick","8":"product_cat-statywy","9":"product_cat-uchwyty-do-mocowania-kamer-i-aparatow","10":"product_cat-wysiegniki","11":"pa_box-height-1363","12":"pa_box-length-1376","13":"pa_box-width-1452","14":"pa_gross-weight-1442","15":"pa_hs-code-1864","16":"pa_kompatybilnosc-inny","17":"pa_net-weight-2529","19":"first","20":"outofstock","21":"taxable","22":"shipping-taxable","23":"purchasable","24":"product-type-simple"},"acf":[],"yoast_head":"<!-- This site is optimized with the Yoast SEO plugin v27.2 - https:\/\/yoast.com\/product\/yoast-seo-wordpress\/ -->\n<title>Inteligentny statyw obrotowy Telesin (TE-GPYT-001) - IRONSKY.PL Sklep z Dronami<\/title>\n<meta name=\"description\" content=\"Inteligentny statyw obrotowy Telesin (TE-GPYT-001) - \u2705 sklep z dronami i fachowym doradztwem. \u2705 Tutaj kupisz produkty DJI, Yuneec, Parrot, Syma i wiele innych, a tak\u017ce kursy i licencje na operatora drona.\" \/>\n<meta name=\"robots\" content=\"index, follow, max-snippet:-1, max-image-preview:large, max-video-preview:-1\" \/>\n<link rel=\"canonical\" href=\"https:\/\/ironsky.pl\/sklep\/produkt\/inteligentny-statyw-obrotowy-telesin-te-gpyt-001\/\" \/>\n<meta property=\"og:locale\" content=\"pl_PL\" \/>\n<meta property=\"og:type\" content=\"article\" \/>\n<meta property=\"og:title\" content=\"Inteligentny statyw obrotowy Telesin (TE-GPYT-001) - IRONSKY.PL Sklep z Dronami\" \/>\n<meta property=\"og:description\" content=\"Inteligentny statyw obrotowy Telesin (TE-GPYT-001) - \u2705 sklep z dronami i fachowym doradztwem. \u2705 Tutaj kupisz produkty DJI, Yuneec, Parrot, Syma i wiele innych, a tak\u017ce kursy i licencje na operatora drona.\" \/>\n<meta property=\"og:url\" content=\"https:\/\/ironsky.pl\/sklep\/produkt\/inteligentny-statyw-obrotowy-telesin-te-gpyt-001\/\" \/>\n<meta property=\"og:site_name\" content=\"IRONSKY.PL Sklep z Dronami\" \/>\n<meta property=\"article:modified_time\" content=\"2026-03-05T14:50:22+00:00\" \/>\n<meta property=\"og:image\" content=\"https:\/\/ironsky.pl\/sklep\/wp-content\/uploads\/2024\/09\/20248_1.png\" \/>\n\t<meta property=\"og:image:width\" content=\"943\" \/>\n\t<meta property=\"og:image:height\" content=\"932\" \/>\n\t<meta property=\"og:image:type\" content=\"image\/png\" \/>\n<meta name=\"twitter:card\" content=\"summary_large_image\" \/>\n<meta name=\"twitter:label1\" content=\"Szacowany czas czytania\" \/>\n\t<meta name=\"twitter:data1\" content=\"2 minuty\" \/>\n<script type=\"application\/ld+json\" class=\"yoast-schema-graph\">{\"@context\":\"https:\/\/schema.org\",\"@graph\":[{\"@type\":\"WebPage\",\"@id\":\"https:\/\/ironsky.pl\/sklep\/produkt\/inteligentny-statyw-obrotowy-telesin-te-gpyt-001\/\",\"url\":\"https:\/\/ironsky.pl\/sklep\/produkt\/inteligentny-statyw-obrotowy-telesin-te-gpyt-001\/\",\"name\":\"Inteligentny statyw obrotowy Telesin (TE-GPYT-001) - IRONSKY.PL Sklep z Dronami\",\"isPartOf\":{\"@id\":\"https:\/\/ironsky.pl\/sklep\/#website\"},\"primaryImageOfPage\":{\"@id\":\"https:\/\/ironsky.pl\/sklep\/produkt\/inteligentny-statyw-obrotowy-telesin-te-gpyt-001\/#primaryimage\"},\"image\":{\"@id\":\"https:\/\/ironsky.pl\/sklep\/produkt\/inteligentny-statyw-obrotowy-telesin-te-gpyt-001\/#primaryimage\"},\"thumbnailUrl\":\"https:\/\/ironsky.pl\/sklep\/wp-content\/uploads\/2024\/09\/20248_1.png\",\"datePublished\":\"2024-09-16T16:43:16+00:00\",\"dateModified\":\"2026-03-05T14:50:22+00:00\",\"description\":\"Inteligentny statyw obrotowy Telesin (TE-GPYT-001) - \u2705 sklep z dronami i fachowym doradztwem. \u2705 Tutaj kupisz produkty DJI, Yuneec, Parrot, Syma i wiele innych, a tak\u017ce kursy i licencje na operatora drona.\",\"breadcrumb\":{\"@id\":\"https:\/\/ironsky.pl\/sklep\/produkt\/inteligentny-statyw-obrotowy-telesin-te-gpyt-001\/#breadcrumb\"},\"inLanguage\":\"pl-PL\",\"potentialAction\":[{\"@type\":\"ReadAction\",\"target\":[\"https:\/\/ironsky.pl\/sklep\/produkt\/inteligentny-statyw-obrotowy-telesin-te-gpyt-001\/\"]}]},{\"@type\":\"ImageObject\",\"inLanguage\":\"pl-PL\",\"@id\":\"https:\/\/ironsky.pl\/sklep\/produkt\/inteligentny-statyw-obrotowy-telesin-te-gpyt-001\/#primaryimage\",\"url\":\"https:\/\/ironsky.pl\/sklep\/wp-content\/uploads\/2024\/09\/20248_1.png\",\"contentUrl\":\"https:\/\/ironsky.pl\/sklep\/wp-content\/uploads\/2024\/09\/20248_1.png\",\"width\":943,\"height\":932},{\"@type\":\"BreadcrumbList\",\"@id\":\"https:\/\/ironsky.pl\/sklep\/produkt\/inteligentny-statyw-obrotowy-telesin-te-gpyt-001\/#breadcrumb\",\"itemListElement\":[{\"@type\":\"ListItem\",\"position\":1,\"name\":\"Strona g\u0142\u00f3wna\",\"item\":\"https:\/\/ironsky.pl\/sklep\/\"},{\"@type\":\"ListItem\",\"position\":2,\"name\":\"Wszystkie produkty\",\"item\":\"https:\/\/ironsky.pl\/sklep\/produkty\/\"},{\"@type\":\"ListItem\",\"position\":3,\"name\":\"Inteligentny statyw obrotowy Telesin (TE-GPYT-001)\"}]},{\"@type\":\"WebSite\",\"@id\":\"https:\/\/ironsky.pl\/sklep\/#website\",\"url\":\"https:\/\/ironsky.pl\/sklep\/\",\"name\":\"IRONSKY.PL Sklep z Dronami\",\"description\":\"IRONSKY.PL Sklep z Dronami\",\"potentialAction\":[{\"@type\":\"SearchAction\",\"target\":{\"@type\":\"EntryPoint\",\"urlTemplate\":\"https:\/\/ironsky.pl\/sklep\/?s={search_term_string}\"},\"query-input\":{\"@type\":\"PropertyValueSpecification\",\"valueRequired\":true,\"valueName\":\"search_term_string\"}}],\"inLanguage\":\"pl-PL\"}]}<\/script>\n<!-- \/ Yoast SEO plugin. -->","yoast_head_json":{"title":"Inteligentny statyw obrotowy Telesin (TE-GPYT-001) - IRONSKY.PL Sklep z Dronami","description":"Inteligentny statyw obrotowy Telesin (TE-GPYT-001) - \u2705 sklep z dronami i fachowym doradztwem. \u2705 Tutaj kupisz produkty DJI, Yuneec, Parrot, Syma i wiele innych, a tak\u017ce kursy i licencje na operatora drona.","robots":{"index":"index","follow":"follow","max-snippet":"max-snippet:-1","max-image-preview":"max-image-preview:large","max-video-preview":"max-video-preview:-1"},"canonical":"https:\/\/ironsky.pl\/sklep\/produkt\/inteligentny-statyw-obrotowy-telesin-te-gpyt-001\/","og_locale":"pl_PL","og_type":"article","og_title":"Inteligentny statyw obrotowy Telesin (TE-GPYT-001) - IRONSKY.PL Sklep z Dronami","og_description":"Inteligentny statyw obrotowy Telesin (TE-GPYT-001) - \u2705 sklep z dronami i fachowym doradztwem. \u2705 Tutaj kupisz produkty DJI, Yuneec, Parrot, Syma i wiele innych, a tak\u017ce kursy i licencje na operatora drona.","og_url":"https:\/\/ironsky.pl\/sklep\/produkt\/inteligentny-statyw-obrotowy-telesin-te-gpyt-001\/","og_site_name":"IRONSKY.PL Sklep z Dronami","article_modified_time":"2026-03-05T14:50:22+00:00","og_image":[{"width":943,"height":932,"url":"https:\/\/ironsky.pl\/sklep\/wp-content\/uploads\/2024\/09\/20248_1.png","type":"image\/png"}],"twitter_card":"summary_large_image","twitter_misc":{"Szacowany czas czytania":"2 minuty"},"schema":{"@context":"https:\/\/schema.org","@graph":[{"@type":"WebPage","@id":"https:\/\/ironsky.pl\/sklep\/produkt\/inteligentny-statyw-obrotowy-telesin-te-gpyt-001\/","url":"https:\/\/ironsky.pl\/sklep\/produkt\/inteligentny-statyw-obrotowy-telesin-te-gpyt-001\/","name":"Inteligentny statyw obrotowy Telesin (TE-GPYT-001) - IRONSKY.PL Sklep z Dronami","isPartOf":{"@id":"https:\/\/ironsky.pl\/sklep\/#website"},"primaryImageOfPage":{"@id":"https:\/\/ironsky.pl\/sklep\/produkt\/inteligentny-statyw-obrotowy-telesin-te-gpyt-001\/#primaryimage"},"image":{"@id":"https:\/\/ironsky.pl\/sklep\/produkt\/inteligentny-statyw-obrotowy-telesin-te-gpyt-001\/#primaryimage"},"thumbnailUrl":"https:\/\/ironsky.pl\/sklep\/wp-content\/uploads\/2024\/09\/20248_1.png","datePublished":"2024-09-16T16:43:16+00:00","dateModified":"2026-03-05T14:50:22+00:00","description":"Inteligentny statyw obrotowy Telesin (TE-GPYT-001) - \u2705 sklep z dronami i fachowym doradztwem. \u2705 Tutaj kupisz produkty DJI, Yuneec, Parrot, Syma i wiele innych, a tak\u017ce kursy i licencje na operatora drona.","breadcrumb":{"@id":"https:\/\/ironsky.pl\/sklep\/produkt\/inteligentny-statyw-obrotowy-telesin-te-gpyt-001\/#breadcrumb"},"inLanguage":"pl-PL","potentialAction":[{"@type":"ReadAction","target":["https:\/\/ironsky.pl\/sklep\/produkt\/inteligentny-statyw-obrotowy-telesin-te-gpyt-001\/"]}]},{"@type":"ImageObject","inLanguage":"pl-PL","@id":"https:\/\/ironsky.pl\/sklep\/produkt\/inteligentny-statyw-obrotowy-telesin-te-gpyt-001\/#primaryimage","url":"https:\/\/ironsky.pl\/sklep\/wp-content\/uploads\/2024\/09\/20248_1.png","contentUrl":"https:\/\/ironsky.pl\/sklep\/wp-content\/uploads\/2024\/09\/20248_1.png","width":943,"height":932},{"@type":"BreadcrumbList","@id":"https:\/\/ironsky.pl\/sklep\/produkt\/inteligentny-statyw-obrotowy-telesin-te-gpyt-001\/#breadcrumb","itemListElement":[{"@type":"ListItem","position":1,"name":"Strona g\u0142\u00f3wna","item":"https:\/\/ironsky.pl\/sklep\/"},{"@type":"ListItem","position":2,"name":"Wszystkie produkty","item":"https:\/\/ironsky.pl\/sklep\/produkty\/"},{"@type":"ListItem","position":3,"name":"Inteligentny statyw obrotowy Telesin (TE-GPYT-001)"}]},{"@type":"WebSite","@id":"https:\/\/ironsky.pl\/sklep\/#website","url":"https:\/\/ironsky.pl\/sklep\/","name":"IRONSKY.PL Sklep z Dronami","description":"IRONSKY.PL Sklep z Dronami","potentialAction":[{"@type":"SearchAction","target":{"@type":"EntryPoint","urlTemplate":"https:\/\/ironsky.pl\/sklep\/?s={search_term_string}"},"query-input":{"@type":"PropertyValueSpecification","valueRequired":true,"valueName":"search_term_string"}}],"inLanguage":"pl-PL"}]}},"_links":{"self":[{"href":"https:\/\/ironsky.pl\/sklep\/wp-json\/wp\/v2\/product\/23230","targetHints":{"allow":["GET"]}}],"collection":[{"href":"https:\/\/ironsky.pl\/sklep\/wp-json\/wp\/v2\/product"}],"about":[{"href":"https:\/\/ironsky.pl\/sklep\/wp-json\/wp\/v2\/types\/product"}],"replies":[{"embeddable":true,"href":"https:\/\/ironsky.pl\/sklep\/wp-json\/wp\/v2\/comments?post=23230"}],"wp:featuredmedia":[{"embeddable":true,"href":"https:\/\/ironsky.pl\/sklep\/wp-json\/wp\/v2\/media\/23231"}],"wp:attachment":[{"href":"https:\/\/ironsky.pl\/sklep\/wp-json\/wp\/v2\/media?parent=23230"}],"wp:term":[{"taxonomy":"product_brand","embeddable":true,"href":"https:\/\/ironsky.pl\/sklep\/wp-json\/wp\/v2\/product_brand?post=23230"},{"taxonomy":"product_cat","embeddable":true,"href":"https:\/\/ironsky.pl\/sklep\/wp-json\/wp\/v2\/product_cat?post=23230"},{"taxonomy":"product_tag","embeddable":true,"href":"https:\/\/ironsky.pl\/sklep\/wp-json\/wp\/v2\/product_tag?post=23230"}],"curies":[{"name":"wp","href":"https:\/\/api.w.org\/{rel}","templated":true}]}}