{"id":23202,"date":"2024-09-16T18:43:16","date_gmt":"2024-09-16T16:43:16","guid":{"rendered":"http:\/\/gvshalph.pro-linuxpl.com\/ironskyprodukty\/produkt\/filtr-polarpro-fiftyfifty-do-gopro-hero-9-hero-10-black\/"},"modified":"2026-03-05T15:50:20","modified_gmt":"2026-03-05T14:50:20","slug":"filtr-polarpro-fiftyfifty-do-gopro-hero-9-hero-10-black","status":"publish","type":"product","link":"https:\/\/ironsky.pl\/sklep\/produkt\/filtr-polarpro-fiftyfifty-do-gopro-hero-9-hero-10-black\/","title":{"rendered":"Filtr PolarPro FiftyFifty do GoPro Hero 9 \/ Hero 10 Black"},"content":{"rendered":"<h3>Filtr PolarPro FiftyFifty do GoPro Hero 9\/10 Black<\/h3>\n<p>Tw\u00f3rz niesamowite uj\u0119cia nad i pod wod\u0105 za pomoc\u0105 swojej kamery GoPro Hero, dzi\u0119ki zaprojektowanemu na nowo, ulepszonemu filtrowi FiftyFifty marki PolarPro. Udoskonalone soczewki mo\u017cna \u0142atwo od\u0142\u0105czy\u0107, a dzi\u0119ki najwy\u017cszej jako\u015bci optyki b\u0119dziesz cieszy\u0107 si\u0119 idealn\u0105 jako\u015bci\u0105 obrazu. Podczas nurkowania w p\u0142ytkich miejscach filtr zapewnia nawet o 30% szersze pole widzenia. Wodoodporny na g\u0142\u0119boko\u015bci do 10 m &#8211; dostarczy Ci niezapomnianych wra\u017ce\u0144.<\/p>\n<p><img decoding=\"async\" src=\"https:\/\/b2b.innpro.pl\/data\/include\/cms\/01.21\/31204597258.png\"><\/p>\n<h3>Wygodny monta\u017c i demonta\u017c<\/h3>\n<p>Zapomnij o konieczno\u015bci wyjmowania narz\u0119dzi za ka\u017cdym razem, kiedy chcesz od\u0142\u0105czy\u0107 soczewk\u0119, na przyk\u0142ad w celu jej wymiany lub wyczyszczenia. PolarPro FiftyFifty zapewnia szybki i prosty demonta\u017c. Ju\u017c nigdy nie przegapisz okazji do wykonania wspania\u0142ego uj\u0119cia!<\/p>\n<p><img decoding=\"async\" src=\"https:\/\/b2b.innpro.pl\/data\/include\/cms\/01.21\/FiftyFifty-Tool-Free-Design.jpg\"><\/p>\n<h3>Najwy\u017csza jako\u015b\u0107 obrazu<\/h3>\n<p>FiftyFifty oferuje jako\u015b\u0107, kt\u00f3ra Ci\u0119 zachwyci. Jest to mo\u017cliwe dzi\u0119ki zaprojektowanej specjalnie na potrzeby PolarPro wysokiej klasy optyce. Obrazy wykonane za pomoc\u0105 filtra zaskocz\u0105 Ci\u0119 niesamowit\u0105 ostro\u015bci\u0105. Twoje uj\u0119cia mog\u0105 by\u0107 bardziej czyste i wyra\u017ane ni\u017c kiedykolwiek wcze\u015bniej.<\/p>\n<p><img decoding=\"async\" src=\"https:\/\/b2b.innpro.pl\/data\/include\/cms\/01.21\/Zrzut_ekranu_2021-02-16_110407.png\"><\/p>\n<h3>Tw\u00f3rz zachwycaj\u0105ce uj\u0119cia pod wod\u0105<\/h3>\n<p>Filtr FiftyFifty nadaje si\u0119 nie tylko do wykonywania oryginalnych uj\u0119\u0107 nad powierzchni\u0105 wody, ale te\u017c na przyk\u0142ad podczas nurkowania. Specjalny system uszczelniania gwarantuje wodoodporno\u015b\u0107 na g\u0142\u0119boko\u015bci do nawet 10 m. Mo\u017cesz wi\u0119c swobodnie nagrywa\u0107 pi\u0119kny, podwodny \u015bwiat.<\/p>\n<p><img decoding=\"async\" src=\"https:\/\/b2b.innpro.pl\/data\/include\/cms\/01.21\/Zrzut_ekranu_2021-02-16_110440.png\"><\/p>\n<h3>Dodatkowa ochrona<\/h3>\n<p>W zestawie znajdziesz te\u017c specjalne zabezpieczenie filtra &#8211; DefenderH2O. Ju\u017c nie musisz si\u0119 obawia\u0107 uszkodzenia produktu w przerwie mi\u0119dzy kolejnymi uj\u0119ciami. To praktyczne akcesorium zapewni mu niezawodn\u0105 ochron\u0119, a Tobie pozwoli cieszy\u0107 si\u0119 spokojem ducha.<\/p>\n<p><img decoding=\"async\" src=\"https:\/\/b2b.innpro.pl\/data\/include\/cms\/01.21\/Zrzut_ekranu_2021-02-16_110338.png\"><\/p>\n<div class=\"table-wrapper\">\n<table class=\"table-specs\" style=\"margin-left: auto; margin-right: auto;\">\n<tbody>\n<tr>\n<th><span>Producent<\/span><\/th>\n<td><span>PolarPro<\/span><\/td>\n<\/tr>\n<tr>\n<th><span>Nazwa<\/span><\/th>\n<td><span>FiftyFifty Dome<\/span><\/td>\n<\/tr>\n<tr>\n<th><span>Kompatybilno\u015b\u0107<\/span><\/th>\n<td><span>GoPro HERO9 \/ HERO10 Black<\/span><\/td>\n<\/tr>\n<tr>\n<th><span>Wodoodporno\u015b\u0107<\/span><\/th>\n<td><span>do 10 m g\u0142\u0119boko\u015bci<\/span><\/td>\n<\/tr>\n<\/tbody>\n<\/table>\n<\/div>\n","protected":false},"excerpt":{"rendered":"<p>Filtr PolarPro FiftyFifty do GoPro Hero 9\/10 Black Tw\u00f3rz niesamowite uj\u0119cia nad i pod wod\u0105 za pomoc\u0105 swojej kamery GoPro<\/p>\n","protected":false},"featured_media":23203,"comment_status":"closed","ping_status":"open","template":"","meta":{"_acf_changed":false},"product_brand":[],"product_cat":[1132,1152,1128],"product_tag":[],"class_list":{"0":"post-23202","1":"product","2":"type-product","3":"status-publish","4":"has-post-thumbnail","6":"product_cat-filtry-foto","7":"product_cat-do-kamer","8":"product_cat-foto-wideo","9":"pa_box-height-1715","10":"pa_box-length-2484","11":"pa_box-width-2483","12":"pa_gross-weight-2485","13":"pa_hs-code-1775","14":"pa_kompatybilnosc-filtry-gopro","15":"pa_net-weight-2265","17":"first","18":"outofstock","19":"taxable","20":"shipping-taxable","21":"purchasable","22":"product-type-simple"},"acf":[],"yoast_head":"<!-- This site is optimized with the Yoast SEO plugin v27.2 - https:\/\/yoast.com\/product\/yoast-seo-wordpress\/ -->\n<title>Filtr PolarPro FiftyFifty do GoPro Hero 9 \/ Hero 10 Black - IRONSKY.PL Sklep z Dronami<\/title>\n<meta name=\"description\" content=\"Filtr PolarPro FiftyFifty do GoPro Hero 9 \/ Hero 10 Black - \u2705 sklep z dronami i fachowym doradztwem. \u2705 Tutaj kupisz produkty DJI, Yuneec, Parrot, Syma i wiele innych, a tak\u017ce kursy i licencje na operatora drona.\" \/>\n<meta name=\"robots\" content=\"index, follow, max-snippet:-1, max-image-preview:large, max-video-preview:-1\" \/>\n<link rel=\"canonical\" href=\"https:\/\/ironsky.pl\/sklep\/produkt\/filtr-polarpro-fiftyfifty-do-gopro-hero-9-hero-10-black\/\" \/>\n<meta property=\"og:locale\" content=\"pl_PL\" \/>\n<meta property=\"og:type\" content=\"article\" \/>\n<meta property=\"og:title\" content=\"Filtr PolarPro FiftyFifty do GoPro Hero 9 \/ Hero 10 Black - IRONSKY.PL Sklep z Dronami\" \/>\n<meta property=\"og:description\" content=\"Filtr PolarPro FiftyFifty do GoPro Hero 9 \/ Hero 10 Black - \u2705 sklep z dronami i fachowym doradztwem. \u2705 Tutaj kupisz produkty DJI, Yuneec, Parrot, Syma i wiele innych, a tak\u017ce kursy i licencje na operatora drona.\" \/>\n<meta property=\"og:url\" content=\"https:\/\/ironsky.pl\/sklep\/produkt\/filtr-polarpro-fiftyfifty-do-gopro-hero-9-hero-10-black\/\" \/>\n<meta property=\"og:site_name\" content=\"IRONSKY.PL Sklep z Dronami\" \/>\n<meta property=\"article:modified_time\" content=\"2026-03-05T14:50:20+00:00\" \/>\n<meta property=\"og:image\" content=\"https:\/\/ironsky.pl\/sklep\/wp-content\/uploads\/2024\/09\/19985_1.jpg\" \/>\n\t<meta property=\"og:image:width\" content=\"1024\" \/>\n\t<meta property=\"og:image:height\" content=\"1024\" \/>\n\t<meta property=\"og:image:type\" content=\"image\/jpeg\" \/>\n<meta name=\"twitter:card\" content=\"summary_large_image\" \/>\n<meta name=\"twitter:label1\" content=\"Szacowany czas czytania\" \/>\n\t<meta name=\"twitter:data1\" content=\"1 minuta\" \/>\n<script type=\"application\/ld+json\" class=\"yoast-schema-graph\">{\"@context\":\"https:\/\/schema.org\",\"@graph\":[{\"@type\":\"WebPage\",\"@id\":\"https:\/\/ironsky.pl\/sklep\/produkt\/filtr-polarpro-fiftyfifty-do-gopro-hero-9-hero-10-black\/\",\"url\":\"https:\/\/ironsky.pl\/sklep\/produkt\/filtr-polarpro-fiftyfifty-do-gopro-hero-9-hero-10-black\/\",\"name\":\"Filtr PolarPro FiftyFifty do GoPro Hero 9 \/ Hero 10 Black - IRONSKY.PL Sklep z Dronami\",\"isPartOf\":{\"@id\":\"https:\/\/ironsky.pl\/sklep\/#website\"},\"primaryImageOfPage\":{\"@id\":\"https:\/\/ironsky.pl\/sklep\/produkt\/filtr-polarpro-fiftyfifty-do-gopro-hero-9-hero-10-black\/#primaryimage\"},\"image\":{\"@id\":\"https:\/\/ironsky.pl\/sklep\/produkt\/filtr-polarpro-fiftyfifty-do-gopro-hero-9-hero-10-black\/#primaryimage\"},\"thumbnailUrl\":\"https:\/\/ironsky.pl\/sklep\/wp-content\/uploads\/2024\/09\/19985_1.jpg\",\"datePublished\":\"2024-09-16T16:43:16+00:00\",\"dateModified\":\"2026-03-05T14:50:20+00:00\",\"description\":\"Filtr PolarPro FiftyFifty do GoPro Hero 9 \/ Hero 10 Black - \u2705 sklep z dronami i fachowym doradztwem. \u2705 Tutaj kupisz produkty DJI, Yuneec, Parrot, Syma i wiele innych, a tak\u017ce kursy i licencje na operatora drona.\",\"breadcrumb\":{\"@id\":\"https:\/\/ironsky.pl\/sklep\/produkt\/filtr-polarpro-fiftyfifty-do-gopro-hero-9-hero-10-black\/#breadcrumb\"},\"inLanguage\":\"pl-PL\",\"potentialAction\":[{\"@type\":\"ReadAction\",\"target\":[\"https:\/\/ironsky.pl\/sklep\/produkt\/filtr-polarpro-fiftyfifty-do-gopro-hero-9-hero-10-black\/\"]}]},{\"@type\":\"ImageObject\",\"inLanguage\":\"pl-PL\",\"@id\":\"https:\/\/ironsky.pl\/sklep\/produkt\/filtr-polarpro-fiftyfifty-do-gopro-hero-9-hero-10-black\/#primaryimage\",\"url\":\"https:\/\/ironsky.pl\/sklep\/wp-content\/uploads\/2024\/09\/19985_1.jpg\",\"contentUrl\":\"https:\/\/ironsky.pl\/sklep\/wp-content\/uploads\/2024\/09\/19985_1.jpg\",\"width\":1024,\"height\":1024},{\"@type\":\"BreadcrumbList\",\"@id\":\"https:\/\/ironsky.pl\/sklep\/produkt\/filtr-polarpro-fiftyfifty-do-gopro-hero-9-hero-10-black\/#breadcrumb\",\"itemListElement\":[{\"@type\":\"ListItem\",\"position\":1,\"name\":\"Strona g\u0142\u00f3wna\",\"item\":\"https:\/\/ironsky.pl\/sklep\/\"},{\"@type\":\"ListItem\",\"position\":2,\"name\":\"Wszystkie produkty\",\"item\":\"https:\/\/ironsky.pl\/sklep\/produkty\/\"},{\"@type\":\"ListItem\",\"position\":3,\"name\":\"Filtr PolarPro FiftyFifty do GoPro Hero 9 \/ Hero 10 Black\"}]},{\"@type\":\"WebSite\",\"@id\":\"https:\/\/ironsky.pl\/sklep\/#website\",\"url\":\"https:\/\/ironsky.pl\/sklep\/\",\"name\":\"IRONSKY.PL Sklep z Dronami\",\"description\":\"IRONSKY.PL Sklep z Dronami\",\"potentialAction\":[{\"@type\":\"SearchAction\",\"target\":{\"@type\":\"EntryPoint\",\"urlTemplate\":\"https:\/\/ironsky.pl\/sklep\/?s={search_term_string}\"},\"query-input\":{\"@type\":\"PropertyValueSpecification\",\"valueRequired\":true,\"valueName\":\"search_term_string\"}}],\"inLanguage\":\"pl-PL\"}]}<\/script>\n<!-- \/ Yoast SEO plugin. -->","yoast_head_json":{"title":"Filtr PolarPro FiftyFifty do GoPro Hero 9 \/ Hero 10 Black - IRONSKY.PL Sklep z Dronami","description":"Filtr PolarPro FiftyFifty do GoPro Hero 9 \/ Hero 10 Black - \u2705 sklep z dronami i fachowym doradztwem. \u2705 Tutaj kupisz produkty DJI, Yuneec, Parrot, Syma i wiele innych, a tak\u017ce kursy i licencje na operatora drona.","robots":{"index":"index","follow":"follow","max-snippet":"max-snippet:-1","max-image-preview":"max-image-preview:large","max-video-preview":"max-video-preview:-1"},"canonical":"https:\/\/ironsky.pl\/sklep\/produkt\/filtr-polarpro-fiftyfifty-do-gopro-hero-9-hero-10-black\/","og_locale":"pl_PL","og_type":"article","og_title":"Filtr PolarPro FiftyFifty do GoPro Hero 9 \/ Hero 10 Black - IRONSKY.PL Sklep z Dronami","og_description":"Filtr PolarPro FiftyFifty do GoPro Hero 9 \/ Hero 10 Black - \u2705 sklep z dronami i fachowym doradztwem. \u2705 Tutaj kupisz produkty DJI, Yuneec, Parrot, Syma i wiele innych, a tak\u017ce kursy i licencje na operatora drona.","og_url":"https:\/\/ironsky.pl\/sklep\/produkt\/filtr-polarpro-fiftyfifty-do-gopro-hero-9-hero-10-black\/","og_site_name":"IRONSKY.PL Sklep z Dronami","article_modified_time":"2026-03-05T14:50:20+00:00","og_image":[{"width":1024,"height":1024,"url":"https:\/\/ironsky.pl\/sklep\/wp-content\/uploads\/2024\/09\/19985_1.jpg","type":"image\/jpeg"}],"twitter_card":"summary_large_image","twitter_misc":{"Szacowany czas czytania":"1 minuta"},"schema":{"@context":"https:\/\/schema.org","@graph":[{"@type":"WebPage","@id":"https:\/\/ironsky.pl\/sklep\/produkt\/filtr-polarpro-fiftyfifty-do-gopro-hero-9-hero-10-black\/","url":"https:\/\/ironsky.pl\/sklep\/produkt\/filtr-polarpro-fiftyfifty-do-gopro-hero-9-hero-10-black\/","name":"Filtr PolarPro FiftyFifty do GoPro Hero 9 \/ Hero 10 Black - IRONSKY.PL Sklep z Dronami","isPartOf":{"@id":"https:\/\/ironsky.pl\/sklep\/#website"},"primaryImageOfPage":{"@id":"https:\/\/ironsky.pl\/sklep\/produkt\/filtr-polarpro-fiftyfifty-do-gopro-hero-9-hero-10-black\/#primaryimage"},"image":{"@id":"https:\/\/ironsky.pl\/sklep\/produkt\/filtr-polarpro-fiftyfifty-do-gopro-hero-9-hero-10-black\/#primaryimage"},"thumbnailUrl":"https:\/\/ironsky.pl\/sklep\/wp-content\/uploads\/2024\/09\/19985_1.jpg","datePublished":"2024-09-16T16:43:16+00:00","dateModified":"2026-03-05T14:50:20+00:00","description":"Filtr PolarPro FiftyFifty do GoPro Hero 9 \/ Hero 10 Black - \u2705 sklep z dronami i fachowym doradztwem. \u2705 Tutaj kupisz produkty DJI, Yuneec, Parrot, Syma i wiele innych, a tak\u017ce kursy i licencje na operatora drona.","breadcrumb":{"@id":"https:\/\/ironsky.pl\/sklep\/produkt\/filtr-polarpro-fiftyfifty-do-gopro-hero-9-hero-10-black\/#breadcrumb"},"inLanguage":"pl-PL","potentialAction":[{"@type":"ReadAction","target":["https:\/\/ironsky.pl\/sklep\/produkt\/filtr-polarpro-fiftyfifty-do-gopro-hero-9-hero-10-black\/"]}]},{"@type":"ImageObject","inLanguage":"pl-PL","@id":"https:\/\/ironsky.pl\/sklep\/produkt\/filtr-polarpro-fiftyfifty-do-gopro-hero-9-hero-10-black\/#primaryimage","url":"https:\/\/ironsky.pl\/sklep\/wp-content\/uploads\/2024\/09\/19985_1.jpg","contentUrl":"https:\/\/ironsky.pl\/sklep\/wp-content\/uploads\/2024\/09\/19985_1.jpg","width":1024,"height":1024},{"@type":"BreadcrumbList","@id":"https:\/\/ironsky.pl\/sklep\/produkt\/filtr-polarpro-fiftyfifty-do-gopro-hero-9-hero-10-black\/#breadcrumb","itemListElement":[{"@type":"ListItem","position":1,"name":"Strona g\u0142\u00f3wna","item":"https:\/\/ironsky.pl\/sklep\/"},{"@type":"ListItem","position":2,"name":"Wszystkie produkty","item":"https:\/\/ironsky.pl\/sklep\/produkty\/"},{"@type":"ListItem","position":3,"name":"Filtr PolarPro FiftyFifty do GoPro Hero 9 \/ Hero 10 Black"}]},{"@type":"WebSite","@id":"https:\/\/ironsky.pl\/sklep\/#website","url":"https:\/\/ironsky.pl\/sklep\/","name":"IRONSKY.PL Sklep z Dronami","description":"IRONSKY.PL Sklep z Dronami","potentialAction":[{"@type":"SearchAction","target":{"@type":"EntryPoint","urlTemplate":"https:\/\/ironsky.pl\/sklep\/?s={search_term_string}"},"query-input":{"@type":"PropertyValueSpecification","valueRequired":true,"valueName":"search_term_string"}}],"inLanguage":"pl-PL"}]}},"_links":{"self":[{"href":"https:\/\/ironsky.pl\/sklep\/wp-json\/wp\/v2\/product\/23202","targetHints":{"allow":["GET"]}}],"collection":[{"href":"https:\/\/ironsky.pl\/sklep\/wp-json\/wp\/v2\/product"}],"about":[{"href":"https:\/\/ironsky.pl\/sklep\/wp-json\/wp\/v2\/types\/product"}],"replies":[{"embeddable":true,"href":"https:\/\/ironsky.pl\/sklep\/wp-json\/wp\/v2\/comments?post=23202"}],"wp:featuredmedia":[{"embeddable":true,"href":"https:\/\/ironsky.pl\/sklep\/wp-json\/wp\/v2\/media\/23203"}],"wp:attachment":[{"href":"https:\/\/ironsky.pl\/sklep\/wp-json\/wp\/v2\/media?parent=23202"}],"wp:term":[{"taxonomy":"product_brand","embeddable":true,"href":"https:\/\/ironsky.pl\/sklep\/wp-json\/wp\/v2\/product_brand?post=23202"},{"taxonomy":"product_cat","embeddable":true,"href":"https:\/\/ironsky.pl\/sklep\/wp-json\/wp\/v2\/product_cat?post=23202"},{"taxonomy":"product_tag","embeddable":true,"href":"https:\/\/ironsky.pl\/sklep\/wp-json\/wp\/v2\/product_tag?post=23202"}],"curies":[{"name":"wp","href":"https:\/\/api.w.org\/{rel}","templated":true}]}}