{"id":23170,"date":"2024-09-16T18:42:27","date_gmt":"2024-09-16T16:42:27","guid":{"rendered":"http:\/\/gvshalph.pro-linuxpl.com\/ironskyprodukty\/produkt\/filtr-polarpro-litechaser-pro-mist-3-5-iphone-12\/"},"modified":"2026-03-05T15:50:19","modified_gmt":"2026-03-05T14:50:19","slug":"filtr-polarpro-litechaser-pro-mist-3-5-iphone-12","status":"publish","type":"product","link":"https:\/\/ironsky.pl\/sklep\/produkt\/filtr-polarpro-litechaser-pro-mist-3-5-iphone-12\/","title":{"rendered":"Filtr PolarPro LiteChaser Pro Mist 3-5 iPhone 12"},"content":{"rendered":"<h3>Filtr PolarPro LiteChaser Pro Mist 3-5 iPhone 12<\/h3>\n<\/p>\n<p>Filtr Polar Pro Mist 3-5 Diffusion VND z serii Lite Chaser Pro \u0142\u0105czy w sobie dwa filtry \u2013 VND 3-5 Stop i Mist Diffusion. Pozwoli na pe\u0142n\u0105 kontrol\u0119 nad \u015bwiat\u0142em i doda Twoim filmom kreatywnego, wyj\u0105tkowego charakteru. Wykonany z wysokiej jako\u015bci szk\u0142a, kt\u00f3re otacza aluminiowa ramka, jest got\u00f3w na ka\u017cde fotograficzne wyzwanie. Jest idealnym uzupe\u0142nieniem dla posiadaczy iPhone&#8217;a 12 Pro \u2013 mo\u017cesz bez przeszk\u00f3d u\u017cywa\u0107 go w po\u0142\u0105czeniu z teleobiektywem i obiektywem szerokok\u0105tnym.\u00a0<\/p>\n<\/p>\n<p>\n<img decoding=\"async\" src=\"https:\/\/assets.innpro.pl\/4706\/5444\/1.jpg\" border=\"0\" \/>\n<\/p>\n<h3>Kreatywno\u015b\u0107 bez granic<\/h3>\n<\/p>\n<p>Dzi\u0119ki filtrowi Polar Pro Mist 3-5 Diffusion VND, Twoje filmy nabior\u0105 zupe\u0142nie nowego wymiaru. Kontroluj\u0105c ilo\u015b\u0107 \u015bwiat\u0142a i jednocze\u015bnie dodaj\u0105c delikatn\u0105 mgie\u0142k\u0119, uzyskasz niepowtarzalny efekt, kt\u00f3ry wzbogaci ka\u017cde uj\u0119cie. Niezale\u017cnie od tego, czy filmujesz krajobrazy, portrety czy akcj\u0119, ten filtr pozwoli Ci wyrazi\u0107 swoj\u0105 kreatywno\u015b\u0107 w spos\u00f3b wyj\u0105tkowy i niepowtarzalny. Przekszta\u0142\u0107 swoje filmy i stw\u00f3rz niezapomniane historie z filtrem Polar Pro Mist 3-5 Diffusion VND!<\/p>\n<\/p>\n<p>\n<img decoding=\"async\" src=\"https:\/\/assets.innpro.pl\/4706\/5444\/2.jpg\" border=\"0\" \/>\n<\/p>\n<div class=\"table-wrapper\">\n<p>\u00a0<\/p>\n<h3><\/h3>\n<table>\n<tbody>\n<tr>\n<th>Producent <\/th>\n<td>PolarPro<\/td>\n<\/tr>\n<tr>\n<th>Nazwa <\/th>\n<td>Mist 3-5 Stop Diffusion VND Filter<\/td>\n<\/tr>\n<tr>\n<th>Kompatybilno\u015b\u0107 <\/th>\n<td>Obiektyw szerokok\u0105tny, teleobiektyw<\/td>\n<\/tr>\n<tr>\n<th>Waga <\/th>\n<td>20,03 g<\/td>\n<\/tr>\n<tr>\n<th>Wymiary <\/th>\n<td>53,25&#215;7 mm<\/td>\n<\/tr>\n<\/tbody>\n<\/table>\n<\/div>\n","protected":false},"excerpt":{"rendered":"<p>Filtr PolarPro LiteChaser Pro Mist 3-5 iPhone 12 Filtr Polar Pro Mist 3-5 Diffusion VND z serii Lite Chaser Pro<\/p>\n","protected":false},"featured_media":23171,"comment_status":"closed","ping_status":"open","template":"","meta":{"_acf_changed":false},"product_brand":[],"product_cat":[1132,1153,1128],"product_tag":[],"class_list":{"0":"post-23170","1":"product","2":"type-product","3":"status-publish","4":"has-post-thumbnail","6":"product_cat-filtry-foto","7":"product_cat-do-smartfonow","8":"product_cat-foto-wideo","9":"pa_box-height-1892","10":"pa_box-length-2431","11":"pa_box-width-1408","12":"pa_gross-weight-1530","13":"pa_hs-code-1741","14":"pa_kompatybilnosc-filtry","15":"pa_net-weight-1575","17":"first","18":"outofstock","19":"taxable","20":"shipping-taxable","21":"purchasable","22":"product-type-simple"},"acf":[],"yoast_head":"<!-- This site is optimized with the Yoast SEO plugin v27.2 - https:\/\/yoast.com\/product\/yoast-seo-wordpress\/ -->\n<title>Filtr PolarPro LiteChaser Pro Mist 3-5 iPhone 12 - IRONSKY.PL Sklep z Dronami<\/title>\n<meta name=\"description\" content=\"Filtr PolarPro LiteChaser Pro Mist 3-5 iPhone 12 - \u2705 sklep z dronami i fachowym doradztwem. \u2705 Tutaj kupisz produkty DJI, Yuneec, Parrot, Syma i wiele innych, a tak\u017ce kursy i licencje na operatora drona.\" \/>\n<meta name=\"robots\" content=\"index, follow, max-snippet:-1, max-image-preview:large, max-video-preview:-1\" \/>\n<link rel=\"canonical\" href=\"https:\/\/ironsky.pl\/sklep\/produkt\/filtr-polarpro-litechaser-pro-mist-3-5-iphone-12\/\" \/>\n<meta property=\"og:locale\" content=\"pl_PL\" \/>\n<meta property=\"og:type\" content=\"article\" \/>\n<meta property=\"og:title\" content=\"Filtr PolarPro LiteChaser Pro Mist 3-5 iPhone 12 - IRONSKY.PL Sklep z Dronami\" \/>\n<meta property=\"og:description\" content=\"Filtr PolarPro LiteChaser Pro Mist 3-5 iPhone 12 - \u2705 sklep z dronami i fachowym doradztwem. \u2705 Tutaj kupisz produkty DJI, Yuneec, Parrot, Syma i wiele innych, a tak\u017ce kursy i licencje na operatora drona.\" \/>\n<meta property=\"og:url\" content=\"https:\/\/ironsky.pl\/sklep\/produkt\/filtr-polarpro-litechaser-pro-mist-3-5-iphone-12\/\" \/>\n<meta property=\"og:site_name\" content=\"IRONSKY.PL Sklep z Dronami\" \/>\n<meta property=\"article:modified_time\" content=\"2026-03-05T14:50:19+00:00\" \/>\n<meta property=\"og:image\" content=\"https:\/\/ironsky.pl\/sklep\/wp-content\/uploads\/2024\/09\/19835_1.jpg\" \/>\n\t<meta property=\"og:image:width\" content=\"800\" \/>\n\t<meta property=\"og:image:height\" content=\"800\" \/>\n\t<meta property=\"og:image:type\" content=\"image\/jpeg\" \/>\n<meta name=\"twitter:card\" content=\"summary_large_image\" \/>\n<meta name=\"twitter:label1\" content=\"Szacowany czas czytania\" \/>\n\t<meta name=\"twitter:data1\" content=\"1 minuta\" \/>\n<script type=\"application\/ld+json\" class=\"yoast-schema-graph\">{\"@context\":\"https:\/\/schema.org\",\"@graph\":[{\"@type\":\"WebPage\",\"@id\":\"https:\/\/ironsky.pl\/sklep\/produkt\/filtr-polarpro-litechaser-pro-mist-3-5-iphone-12\/\",\"url\":\"https:\/\/ironsky.pl\/sklep\/produkt\/filtr-polarpro-litechaser-pro-mist-3-5-iphone-12\/\",\"name\":\"Filtr PolarPro LiteChaser Pro Mist 3-5 iPhone 12 - IRONSKY.PL Sklep z Dronami\",\"isPartOf\":{\"@id\":\"https:\/\/ironsky.pl\/sklep\/#website\"},\"primaryImageOfPage\":{\"@id\":\"https:\/\/ironsky.pl\/sklep\/produkt\/filtr-polarpro-litechaser-pro-mist-3-5-iphone-12\/#primaryimage\"},\"image\":{\"@id\":\"https:\/\/ironsky.pl\/sklep\/produkt\/filtr-polarpro-litechaser-pro-mist-3-5-iphone-12\/#primaryimage\"},\"thumbnailUrl\":\"https:\/\/ironsky.pl\/sklep\/wp-content\/uploads\/2024\/09\/19835_1.jpg\",\"datePublished\":\"2024-09-16T16:42:27+00:00\",\"dateModified\":\"2026-03-05T14:50:19+00:00\",\"description\":\"Filtr PolarPro LiteChaser Pro Mist 3-5 iPhone 12 - \u2705 sklep z dronami i fachowym doradztwem. \u2705 Tutaj kupisz produkty DJI, Yuneec, Parrot, Syma i wiele innych, a tak\u017ce kursy i licencje na operatora drona.\",\"breadcrumb\":{\"@id\":\"https:\/\/ironsky.pl\/sklep\/produkt\/filtr-polarpro-litechaser-pro-mist-3-5-iphone-12\/#breadcrumb\"},\"inLanguage\":\"pl-PL\",\"potentialAction\":[{\"@type\":\"ReadAction\",\"target\":[\"https:\/\/ironsky.pl\/sklep\/produkt\/filtr-polarpro-litechaser-pro-mist-3-5-iphone-12\/\"]}]},{\"@type\":\"ImageObject\",\"inLanguage\":\"pl-PL\",\"@id\":\"https:\/\/ironsky.pl\/sklep\/produkt\/filtr-polarpro-litechaser-pro-mist-3-5-iphone-12\/#primaryimage\",\"url\":\"https:\/\/ironsky.pl\/sklep\/wp-content\/uploads\/2024\/09\/19835_1.jpg\",\"contentUrl\":\"https:\/\/ironsky.pl\/sklep\/wp-content\/uploads\/2024\/09\/19835_1.jpg\",\"width\":800,\"height\":800},{\"@type\":\"BreadcrumbList\",\"@id\":\"https:\/\/ironsky.pl\/sklep\/produkt\/filtr-polarpro-litechaser-pro-mist-3-5-iphone-12\/#breadcrumb\",\"itemListElement\":[{\"@type\":\"ListItem\",\"position\":1,\"name\":\"Strona g\u0142\u00f3wna\",\"item\":\"https:\/\/ironsky.pl\/sklep\/\"},{\"@type\":\"ListItem\",\"position\":2,\"name\":\"Wszystkie produkty\",\"item\":\"https:\/\/ironsky.pl\/sklep\/produkty\/\"},{\"@type\":\"ListItem\",\"position\":3,\"name\":\"Filtr PolarPro LiteChaser Pro Mist 3-5 iPhone 12\"}]},{\"@type\":\"WebSite\",\"@id\":\"https:\/\/ironsky.pl\/sklep\/#website\",\"url\":\"https:\/\/ironsky.pl\/sklep\/\",\"name\":\"IRONSKY.PL Sklep z Dronami\",\"description\":\"IRONSKY.PL Sklep z Dronami\",\"potentialAction\":[{\"@type\":\"SearchAction\",\"target\":{\"@type\":\"EntryPoint\",\"urlTemplate\":\"https:\/\/ironsky.pl\/sklep\/?s={search_term_string}\"},\"query-input\":{\"@type\":\"PropertyValueSpecification\",\"valueRequired\":true,\"valueName\":\"search_term_string\"}}],\"inLanguage\":\"pl-PL\"}]}<\/script>\n<!-- \/ Yoast SEO plugin. -->","yoast_head_json":{"title":"Filtr PolarPro LiteChaser Pro Mist 3-5 iPhone 12 - IRONSKY.PL Sklep z Dronami","description":"Filtr PolarPro LiteChaser Pro Mist 3-5 iPhone 12 - \u2705 sklep z dronami i fachowym doradztwem. \u2705 Tutaj kupisz produkty DJI, Yuneec, Parrot, Syma i wiele innych, a tak\u017ce kursy i licencje na operatora drona.","robots":{"index":"index","follow":"follow","max-snippet":"max-snippet:-1","max-image-preview":"max-image-preview:large","max-video-preview":"max-video-preview:-1"},"canonical":"https:\/\/ironsky.pl\/sklep\/produkt\/filtr-polarpro-litechaser-pro-mist-3-5-iphone-12\/","og_locale":"pl_PL","og_type":"article","og_title":"Filtr PolarPro LiteChaser Pro Mist 3-5 iPhone 12 - IRONSKY.PL Sklep z Dronami","og_description":"Filtr PolarPro LiteChaser Pro Mist 3-5 iPhone 12 - \u2705 sklep z dronami i fachowym doradztwem. \u2705 Tutaj kupisz produkty DJI, Yuneec, Parrot, Syma i wiele innych, a tak\u017ce kursy i licencje na operatora drona.","og_url":"https:\/\/ironsky.pl\/sklep\/produkt\/filtr-polarpro-litechaser-pro-mist-3-5-iphone-12\/","og_site_name":"IRONSKY.PL Sklep z Dronami","article_modified_time":"2026-03-05T14:50:19+00:00","og_image":[{"width":800,"height":800,"url":"https:\/\/ironsky.pl\/sklep\/wp-content\/uploads\/2024\/09\/19835_1.jpg","type":"image\/jpeg"}],"twitter_card":"summary_large_image","twitter_misc":{"Szacowany czas czytania":"1 minuta"},"schema":{"@context":"https:\/\/schema.org","@graph":[{"@type":"WebPage","@id":"https:\/\/ironsky.pl\/sklep\/produkt\/filtr-polarpro-litechaser-pro-mist-3-5-iphone-12\/","url":"https:\/\/ironsky.pl\/sklep\/produkt\/filtr-polarpro-litechaser-pro-mist-3-5-iphone-12\/","name":"Filtr PolarPro LiteChaser Pro Mist 3-5 iPhone 12 - IRONSKY.PL Sklep z Dronami","isPartOf":{"@id":"https:\/\/ironsky.pl\/sklep\/#website"},"primaryImageOfPage":{"@id":"https:\/\/ironsky.pl\/sklep\/produkt\/filtr-polarpro-litechaser-pro-mist-3-5-iphone-12\/#primaryimage"},"image":{"@id":"https:\/\/ironsky.pl\/sklep\/produkt\/filtr-polarpro-litechaser-pro-mist-3-5-iphone-12\/#primaryimage"},"thumbnailUrl":"https:\/\/ironsky.pl\/sklep\/wp-content\/uploads\/2024\/09\/19835_1.jpg","datePublished":"2024-09-16T16:42:27+00:00","dateModified":"2026-03-05T14:50:19+00:00","description":"Filtr PolarPro LiteChaser Pro Mist 3-5 iPhone 12 - \u2705 sklep z dronami i fachowym doradztwem. \u2705 Tutaj kupisz produkty DJI, Yuneec, Parrot, Syma i wiele innych, a tak\u017ce kursy i licencje na operatora drona.","breadcrumb":{"@id":"https:\/\/ironsky.pl\/sklep\/produkt\/filtr-polarpro-litechaser-pro-mist-3-5-iphone-12\/#breadcrumb"},"inLanguage":"pl-PL","potentialAction":[{"@type":"ReadAction","target":["https:\/\/ironsky.pl\/sklep\/produkt\/filtr-polarpro-litechaser-pro-mist-3-5-iphone-12\/"]}]},{"@type":"ImageObject","inLanguage":"pl-PL","@id":"https:\/\/ironsky.pl\/sklep\/produkt\/filtr-polarpro-litechaser-pro-mist-3-5-iphone-12\/#primaryimage","url":"https:\/\/ironsky.pl\/sklep\/wp-content\/uploads\/2024\/09\/19835_1.jpg","contentUrl":"https:\/\/ironsky.pl\/sklep\/wp-content\/uploads\/2024\/09\/19835_1.jpg","width":800,"height":800},{"@type":"BreadcrumbList","@id":"https:\/\/ironsky.pl\/sklep\/produkt\/filtr-polarpro-litechaser-pro-mist-3-5-iphone-12\/#breadcrumb","itemListElement":[{"@type":"ListItem","position":1,"name":"Strona g\u0142\u00f3wna","item":"https:\/\/ironsky.pl\/sklep\/"},{"@type":"ListItem","position":2,"name":"Wszystkie produkty","item":"https:\/\/ironsky.pl\/sklep\/produkty\/"},{"@type":"ListItem","position":3,"name":"Filtr PolarPro LiteChaser Pro Mist 3-5 iPhone 12"}]},{"@type":"WebSite","@id":"https:\/\/ironsky.pl\/sklep\/#website","url":"https:\/\/ironsky.pl\/sklep\/","name":"IRONSKY.PL Sklep z Dronami","description":"IRONSKY.PL Sklep z Dronami","potentialAction":[{"@type":"SearchAction","target":{"@type":"EntryPoint","urlTemplate":"https:\/\/ironsky.pl\/sklep\/?s={search_term_string}"},"query-input":{"@type":"PropertyValueSpecification","valueRequired":true,"valueName":"search_term_string"}}],"inLanguage":"pl-PL"}]}},"_links":{"self":[{"href":"https:\/\/ironsky.pl\/sklep\/wp-json\/wp\/v2\/product\/23170","targetHints":{"allow":["GET"]}}],"collection":[{"href":"https:\/\/ironsky.pl\/sklep\/wp-json\/wp\/v2\/product"}],"about":[{"href":"https:\/\/ironsky.pl\/sklep\/wp-json\/wp\/v2\/types\/product"}],"replies":[{"embeddable":true,"href":"https:\/\/ironsky.pl\/sklep\/wp-json\/wp\/v2\/comments?post=23170"}],"wp:featuredmedia":[{"embeddable":true,"href":"https:\/\/ironsky.pl\/sklep\/wp-json\/wp\/v2\/media\/23171"}],"wp:attachment":[{"href":"https:\/\/ironsky.pl\/sklep\/wp-json\/wp\/v2\/media?parent=23170"}],"wp:term":[{"taxonomy":"product_brand","embeddable":true,"href":"https:\/\/ironsky.pl\/sklep\/wp-json\/wp\/v2\/product_brand?post=23170"},{"taxonomy":"product_cat","embeddable":true,"href":"https:\/\/ironsky.pl\/sklep\/wp-json\/wp\/v2\/product_cat?post=23170"},{"taxonomy":"product_tag","embeddable":true,"href":"https:\/\/ironsky.pl\/sklep\/wp-json\/wp\/v2\/product_tag?post=23170"}],"curies":[{"name":"wp","href":"https:\/\/api.w.org\/{rel}","templated":true}]}}