{"id":23144,"date":"2024-09-16T18:42:27","date_gmt":"2024-09-16T16:42:27","guid":{"rendered":"http:\/\/gvshalph.pro-linuxpl.com\/ironskyprodukty\/produkt\/uchwyt-do-it-all-do-dji-pocket-2-osmo-pocket-2\/"},"modified":"2026-03-05T15:50:18","modified_gmt":"2026-03-05T14:50:18","slug":"uchwyt-do-it-all-do-dji-pocket-2-osmo-pocket-2","status":"publish","type":"product","link":"https:\/\/ironsky.pl\/sklep\/produkt\/uchwyt-do-it-all-do-dji-pocket-2-osmo-pocket-2\/","title":{"rendered":"Uchwyt Do-It-All do DJI Pocket 2 (Osmo Pocket 2)"},"content":{"rendered":"<p>Nowe akcesorium, zintegrowane pod wzgl\u0119dem funkcjonalno\u015bci wielu akcesori\u00f3w dla lepszego nagrywania\/u\u017cytkowania. To dopasowany\u00a0modu\u0142 bezprzewodowy, adapter audio 3.5mm, bezprzewodowy odbiornik mikrofonu oraz g\u0142o\u015bnik. Na dole znajduje si\u0119 r\u00f3wnie\u017c uniwersalny gwint 1\/4 kompatybilny ze statywami i nie tylko.<\/p>\n<h3>Kompatybilno\u015b\u0107<\/h3>\n<ul>\n<li>DJI Pocket 2 (Osmo Pocket 2)<\/li>\n<\/ul>\n","protected":false},"excerpt":{"rendered":"<p>Nowe akcesorium, zintegrowane pod wzgl\u0119dem funkcjonalno\u015bci wielu akcesori\u00f3w dla lepszego nagrywania\/u\u017cytkowania. To dopasowany\u00a0modu\u0142 bezprzewodowy, adapter audio 3.5mm, bezprzewodowy odbiornik mikrofonu<\/p>\n","protected":false},"featured_media":23145,"comment_status":"closed","ping_status":"open","template":"","meta":{"_acf_changed":false},"product_brand":[],"product_cat":[1130,1137,1128],"product_tag":[],"class_list":{"0":"post-23144","1":"product","2":"type-product","3":"status-publish","4":"has-post-thumbnail","6":"product_cat-akcesoria-foto","7":"product_cat-do-kamer-sportowych","8":"product_cat-foto-wideo","9":"pa_box-height-1892","10":"pa_box-length-2004","11":"pa_box-width-2364","12":"pa_gross-weight-2365","13":"pa_hs-code-1413","14":"pa_kompatybilnosc-mocowania-i-adaptery-zestaw-dji","15":"pa_model-pocket","16":"pa_net-weight-1678","17":"pa_seria-osmo-pocket-dji-osmo-pocket-2","19":"first","20":"outofstock","21":"taxable","22":"shipping-taxable","23":"purchasable","24":"product-type-simple"},"acf":[],"yoast_head":"<!-- This site is optimized with the Yoast SEO plugin v27.2 - https:\/\/yoast.com\/product\/yoast-seo-wordpress\/ -->\n<title>Uchwyt Do-It-All do DJI Pocket 2 (Osmo Pocket 2) - IRONSKY.PL Sklep z Dronami<\/title>\n<meta name=\"description\" content=\"Uchwyt Do-It-All do DJI Pocket 2 (Osmo Pocket 2) - \u2705 sklep z dronami i fachowym doradztwem. \u2705 Tutaj kupisz produkty DJI, Yuneec, Parrot, Syma i wiele innych, a tak\u017ce kursy i licencje na operatora drona.\" \/>\n<meta name=\"robots\" content=\"index, follow, max-snippet:-1, max-image-preview:large, max-video-preview:-1\" \/>\n<link rel=\"canonical\" href=\"https:\/\/ironsky.pl\/sklep\/produkt\/uchwyt-do-it-all-do-dji-pocket-2-osmo-pocket-2\/\" \/>\n<meta property=\"og:locale\" content=\"pl_PL\" \/>\n<meta property=\"og:type\" content=\"article\" \/>\n<meta property=\"og:title\" content=\"Uchwyt Do-It-All do DJI Pocket 2 (Osmo Pocket 2) - IRONSKY.PL Sklep z Dronami\" \/>\n<meta property=\"og:description\" content=\"Uchwyt Do-It-All do DJI Pocket 2 (Osmo Pocket 2) - \u2705 sklep z dronami i fachowym doradztwem. \u2705 Tutaj kupisz produkty DJI, Yuneec, Parrot, Syma i wiele innych, a tak\u017ce kursy i licencje na operatora drona.\" \/>\n<meta property=\"og:url\" content=\"https:\/\/ironsky.pl\/sklep\/produkt\/uchwyt-do-it-all-do-dji-pocket-2-osmo-pocket-2\/\" \/>\n<meta property=\"og:site_name\" content=\"IRONSKY.PL Sklep z Dronami\" \/>\n<meta property=\"article:modified_time\" content=\"2026-03-05T14:50:18+00:00\" \/>\n<meta property=\"og:image\" content=\"https:\/\/ironsky.pl\/sklep\/wp-content\/uploads\/2024\/09\/19209_1.png\" \/>\n\t<meta property=\"og:image:width\" content=\"800\" \/>\n\t<meta property=\"og:image:height\" content=\"800\" \/>\n\t<meta property=\"og:image:type\" content=\"image\/png\" \/>\n<meta name=\"twitter:card\" content=\"summary_large_image\" \/>\n<script type=\"application\/ld+json\" class=\"yoast-schema-graph\">{\"@context\":\"https:\/\/schema.org\",\"@graph\":[{\"@type\":\"WebPage\",\"@id\":\"https:\/\/ironsky.pl\/sklep\/produkt\/uchwyt-do-it-all-do-dji-pocket-2-osmo-pocket-2\/\",\"url\":\"https:\/\/ironsky.pl\/sklep\/produkt\/uchwyt-do-it-all-do-dji-pocket-2-osmo-pocket-2\/\",\"name\":\"Uchwyt Do-It-All do DJI Pocket 2 (Osmo Pocket 2) - IRONSKY.PL Sklep z Dronami\",\"isPartOf\":{\"@id\":\"https:\/\/ironsky.pl\/sklep\/#website\"},\"primaryImageOfPage\":{\"@id\":\"https:\/\/ironsky.pl\/sklep\/produkt\/uchwyt-do-it-all-do-dji-pocket-2-osmo-pocket-2\/#primaryimage\"},\"image\":{\"@id\":\"https:\/\/ironsky.pl\/sklep\/produkt\/uchwyt-do-it-all-do-dji-pocket-2-osmo-pocket-2\/#primaryimage\"},\"thumbnailUrl\":\"https:\/\/ironsky.pl\/sklep\/wp-content\/uploads\/2024\/09\/19209_1.png\",\"datePublished\":\"2024-09-16T16:42:27+00:00\",\"dateModified\":\"2026-03-05T14:50:18+00:00\",\"description\":\"Uchwyt Do-It-All do DJI Pocket 2 (Osmo Pocket 2) - \u2705 sklep z dronami i fachowym doradztwem. \u2705 Tutaj kupisz produkty DJI, Yuneec, Parrot, Syma i wiele innych, a tak\u017ce kursy i licencje na operatora drona.\",\"breadcrumb\":{\"@id\":\"https:\/\/ironsky.pl\/sklep\/produkt\/uchwyt-do-it-all-do-dji-pocket-2-osmo-pocket-2\/#breadcrumb\"},\"inLanguage\":\"pl-PL\",\"potentialAction\":[{\"@type\":\"ReadAction\",\"target\":[\"https:\/\/ironsky.pl\/sklep\/produkt\/uchwyt-do-it-all-do-dji-pocket-2-osmo-pocket-2\/\"]}]},{\"@type\":\"ImageObject\",\"inLanguage\":\"pl-PL\",\"@id\":\"https:\/\/ironsky.pl\/sklep\/produkt\/uchwyt-do-it-all-do-dji-pocket-2-osmo-pocket-2\/#primaryimage\",\"url\":\"https:\/\/ironsky.pl\/sklep\/wp-content\/uploads\/2024\/09\/19209_1.png\",\"contentUrl\":\"https:\/\/ironsky.pl\/sklep\/wp-content\/uploads\/2024\/09\/19209_1.png\",\"width\":800,\"height\":800},{\"@type\":\"BreadcrumbList\",\"@id\":\"https:\/\/ironsky.pl\/sklep\/produkt\/uchwyt-do-it-all-do-dji-pocket-2-osmo-pocket-2\/#breadcrumb\",\"itemListElement\":[{\"@type\":\"ListItem\",\"position\":1,\"name\":\"Strona g\u0142\u00f3wna\",\"item\":\"https:\/\/ironsky.pl\/sklep\/\"},{\"@type\":\"ListItem\",\"position\":2,\"name\":\"Wszystkie produkty\",\"item\":\"https:\/\/ironsky.pl\/sklep\/produkty\/\"},{\"@type\":\"ListItem\",\"position\":3,\"name\":\"Uchwyt Do-It-All do DJI Pocket 2 (Osmo Pocket 2)\"}]},{\"@type\":\"WebSite\",\"@id\":\"https:\/\/ironsky.pl\/sklep\/#website\",\"url\":\"https:\/\/ironsky.pl\/sklep\/\",\"name\":\"IRONSKY.PL Sklep z Dronami\",\"description\":\"IRONSKY.PL Sklep z Dronami\",\"potentialAction\":[{\"@type\":\"SearchAction\",\"target\":{\"@type\":\"EntryPoint\",\"urlTemplate\":\"https:\/\/ironsky.pl\/sklep\/?s={search_term_string}\"},\"query-input\":{\"@type\":\"PropertyValueSpecification\",\"valueRequired\":true,\"valueName\":\"search_term_string\"}}],\"inLanguage\":\"pl-PL\"}]}<\/script>\n<!-- \/ Yoast SEO plugin. -->","yoast_head_json":{"title":"Uchwyt Do-It-All do DJI Pocket 2 (Osmo Pocket 2) - IRONSKY.PL Sklep z Dronami","description":"Uchwyt Do-It-All do DJI Pocket 2 (Osmo Pocket 2) - \u2705 sklep z dronami i fachowym doradztwem. \u2705 Tutaj kupisz produkty DJI, Yuneec, Parrot, Syma i wiele innych, a tak\u017ce kursy i licencje na operatora drona.","robots":{"index":"index","follow":"follow","max-snippet":"max-snippet:-1","max-image-preview":"max-image-preview:large","max-video-preview":"max-video-preview:-1"},"canonical":"https:\/\/ironsky.pl\/sklep\/produkt\/uchwyt-do-it-all-do-dji-pocket-2-osmo-pocket-2\/","og_locale":"pl_PL","og_type":"article","og_title":"Uchwyt Do-It-All do DJI Pocket 2 (Osmo Pocket 2) - IRONSKY.PL Sklep z Dronami","og_description":"Uchwyt Do-It-All do DJI Pocket 2 (Osmo Pocket 2) - \u2705 sklep z dronami i fachowym doradztwem. \u2705 Tutaj kupisz produkty DJI, Yuneec, Parrot, Syma i wiele innych, a tak\u017ce kursy i licencje na operatora drona.","og_url":"https:\/\/ironsky.pl\/sklep\/produkt\/uchwyt-do-it-all-do-dji-pocket-2-osmo-pocket-2\/","og_site_name":"IRONSKY.PL Sklep z Dronami","article_modified_time":"2026-03-05T14:50:18+00:00","og_image":[{"width":800,"height":800,"url":"https:\/\/ironsky.pl\/sklep\/wp-content\/uploads\/2024\/09\/19209_1.png","type":"image\/png"}],"twitter_card":"summary_large_image","schema":{"@context":"https:\/\/schema.org","@graph":[{"@type":"WebPage","@id":"https:\/\/ironsky.pl\/sklep\/produkt\/uchwyt-do-it-all-do-dji-pocket-2-osmo-pocket-2\/","url":"https:\/\/ironsky.pl\/sklep\/produkt\/uchwyt-do-it-all-do-dji-pocket-2-osmo-pocket-2\/","name":"Uchwyt Do-It-All do DJI Pocket 2 (Osmo Pocket 2) - IRONSKY.PL Sklep z Dronami","isPartOf":{"@id":"https:\/\/ironsky.pl\/sklep\/#website"},"primaryImageOfPage":{"@id":"https:\/\/ironsky.pl\/sklep\/produkt\/uchwyt-do-it-all-do-dji-pocket-2-osmo-pocket-2\/#primaryimage"},"image":{"@id":"https:\/\/ironsky.pl\/sklep\/produkt\/uchwyt-do-it-all-do-dji-pocket-2-osmo-pocket-2\/#primaryimage"},"thumbnailUrl":"https:\/\/ironsky.pl\/sklep\/wp-content\/uploads\/2024\/09\/19209_1.png","datePublished":"2024-09-16T16:42:27+00:00","dateModified":"2026-03-05T14:50:18+00:00","description":"Uchwyt Do-It-All do DJI Pocket 2 (Osmo Pocket 2) - \u2705 sklep z dronami i fachowym doradztwem. \u2705 Tutaj kupisz produkty DJI, Yuneec, Parrot, Syma i wiele innych, a tak\u017ce kursy i licencje na operatora drona.","breadcrumb":{"@id":"https:\/\/ironsky.pl\/sklep\/produkt\/uchwyt-do-it-all-do-dji-pocket-2-osmo-pocket-2\/#breadcrumb"},"inLanguage":"pl-PL","potentialAction":[{"@type":"ReadAction","target":["https:\/\/ironsky.pl\/sklep\/produkt\/uchwyt-do-it-all-do-dji-pocket-2-osmo-pocket-2\/"]}]},{"@type":"ImageObject","inLanguage":"pl-PL","@id":"https:\/\/ironsky.pl\/sklep\/produkt\/uchwyt-do-it-all-do-dji-pocket-2-osmo-pocket-2\/#primaryimage","url":"https:\/\/ironsky.pl\/sklep\/wp-content\/uploads\/2024\/09\/19209_1.png","contentUrl":"https:\/\/ironsky.pl\/sklep\/wp-content\/uploads\/2024\/09\/19209_1.png","width":800,"height":800},{"@type":"BreadcrumbList","@id":"https:\/\/ironsky.pl\/sklep\/produkt\/uchwyt-do-it-all-do-dji-pocket-2-osmo-pocket-2\/#breadcrumb","itemListElement":[{"@type":"ListItem","position":1,"name":"Strona g\u0142\u00f3wna","item":"https:\/\/ironsky.pl\/sklep\/"},{"@type":"ListItem","position":2,"name":"Wszystkie produkty","item":"https:\/\/ironsky.pl\/sklep\/produkty\/"},{"@type":"ListItem","position":3,"name":"Uchwyt Do-It-All do DJI Pocket 2 (Osmo Pocket 2)"}]},{"@type":"WebSite","@id":"https:\/\/ironsky.pl\/sklep\/#website","url":"https:\/\/ironsky.pl\/sklep\/","name":"IRONSKY.PL Sklep z Dronami","description":"IRONSKY.PL Sklep z Dronami","potentialAction":[{"@type":"SearchAction","target":{"@type":"EntryPoint","urlTemplate":"https:\/\/ironsky.pl\/sklep\/?s={search_term_string}"},"query-input":{"@type":"PropertyValueSpecification","valueRequired":true,"valueName":"search_term_string"}}],"inLanguage":"pl-PL"}]}},"_links":{"self":[{"href":"https:\/\/ironsky.pl\/sklep\/wp-json\/wp\/v2\/product\/23144","targetHints":{"allow":["GET"]}}],"collection":[{"href":"https:\/\/ironsky.pl\/sklep\/wp-json\/wp\/v2\/product"}],"about":[{"href":"https:\/\/ironsky.pl\/sklep\/wp-json\/wp\/v2\/types\/product"}],"replies":[{"embeddable":true,"href":"https:\/\/ironsky.pl\/sklep\/wp-json\/wp\/v2\/comments?post=23144"}],"wp:featuredmedia":[{"embeddable":true,"href":"https:\/\/ironsky.pl\/sklep\/wp-json\/wp\/v2\/media\/23145"}],"wp:attachment":[{"href":"https:\/\/ironsky.pl\/sklep\/wp-json\/wp\/v2\/media?parent=23144"}],"wp:term":[{"taxonomy":"product_brand","embeddable":true,"href":"https:\/\/ironsky.pl\/sklep\/wp-json\/wp\/v2\/product_brand?post=23144"},{"taxonomy":"product_cat","embeddable":true,"href":"https:\/\/ironsky.pl\/sklep\/wp-json\/wp\/v2\/product_cat?post=23144"},{"taxonomy":"product_tag","embeddable":true,"href":"https:\/\/ironsky.pl\/sklep\/wp-json\/wp\/v2\/product_tag?post=23144"}],"curies":[{"name":"wp","href":"https:\/\/api.w.org\/{rel}","templated":true}]}}