{"id":22972,"date":"2024-09-16T18:39:00","date_gmt":"2024-09-16T16:39:00","guid":{"rendered":"http:\/\/gvshalph.pro-linuxpl.com\/ironskyprodukty\/produkt\/uchwyt-samochodowy-na-szybe-puluz-do-gopro-hero-dji-osmo-action-pu51\/"},"modified":"2026-04-27T10:00:46","modified_gmt":"2026-04-27T08:00:46","slug":"uchwyt-samochodowy-na-szybe-puluz-do-gopro-hero-dji-osmo-action-pu51","status":"publish","type":"product","link":"https:\/\/ironsky.pl\/sklep\/produkt\/uchwyt-samochodowy-na-szybe-puluz-do-gopro-hero-dji-osmo-action-pu51\/","title":{"rendered":"Uchwyt samochodowy na szyb\u0119 Puluz do GOPRO Hero, DJI Osmo Action PU51"},"content":{"rendered":"<h3>Uchwyt Puluz<\/h3>\n<p>Uniwersalny uchwyt umo\u017cliwiaj\u0105cy monta\u017c kamer sportowych wykonany jest z wysokiej jako\u015bci, wytrzyma\u0142ych materia\u0142\u00f3w. Dzi\u0119ki technologii zasysania powietrza, pewnie i stabilnie trzyma si\u0119 pod\u0142o\u017ca, zapewniaj\u0105c bezpiecze\u0144stwo zamocowanemu urz\u0105dzeniu. Zapewnij sobie niesamowite uj\u0119cia, dzi\u0119ki mo\u017cliwo\u015bci zamontowania kamery w samochodzie, na kajaku, jachcie, motorze i wielu innych obiektach.<\/p>\n<p><img decoding=\"async\" src=\"https:\/\/b2b.innpro.pl\/data\/include\/cms\/Adam_Jaros\/PU51\/PU51_11.jpg\"><\/p>\n<h3>\u00a0Prosta obs\u0142uga<\/h3>\n<p>Uchwyt jest prosty w obs\u0142udze, wystarczy przy\u0142o\u017cy\u0107 go do powierzchni i zaci\u0105gn\u0105\u0107 d\u017awigni\u0105 powietrze. Prosty monta\u017c gwarantuje brak frustracji oraz szybki czas reakcji. Urz\u0105dzenie jest regulowane w trzech miejscach, co umo\u017cliwia ustawienie idealnego k\u0105ta. Do uchwytu do\u0142\u0105czony jest specjalny woreczek, kt\u00f3ry umo\u017cliwia wygodne przechowywanie urz\u0105dzenia.<\/p>\n<p><img decoding=\"async\" src=\"https:\/\/b2b.innpro.pl\/data\/include\/cms\/Adam_Jaros\/PU51\/PU51_9.jpg\"><\/p>\n<div class=\"table-wrapper\">\n<table class=\"table-specs\" style=\"height: 211px;\" width=\"863\">\n<tbody>\n<tr>\n<th><span>Kolor\u00a0<\/span><\/th>\n<td><span>Czarny<\/span><\/td>\n<\/tr>\n<tr>\n<th><span>Kod producenta<\/span><\/th>\n<td><span><span>PU51<\/span><\/span><\/td>\n<\/tr>\n<tr>\n<th><span><span>Wymiary<\/span><\/span><\/th>\n<td><span>7,4 x 6,8 x 6,8 cm (tylko uchwyt)<\/span><\/td>\n<\/tr>\n<tr>\n<th><span>Waga<\/span><\/th>\n<td><span>58 g<\/span><\/td>\n<\/tr>\n<tr>\n<th><span><span>Materia\u0142<\/span><\/span><\/th>\n<td><span><span>Guma, ABS<\/span><\/span><\/td>\n<\/tr>\n<tr>\n<th><span>Kompatybilno\u015b\u0107<\/span><\/th>\n<td><span>DJI: Osmo Action , GoPro:\u00a0MAX, HERO7 White, HERO7 Silver, HERO7 Black, NEW HERO, HERO6 Black, HERO5 Black, HERO5 Session, Hero Session, HERO4 Session, HERO4, HERO3+, HERO3, HERO2<\/span><\/td>\n<\/tr>\n<\/tbody>\n<\/table>\n<\/div>\n","protected":false},"excerpt":{"rendered":"<p>Uchwyt Puluz Uniwersalny uchwyt umo\u017cliwiaj\u0105cy monta\u017c kamer sportowych wykonany jest z wysokiej jako\u015bci, wytrzyma\u0142ych materia\u0142\u00f3w. Dzi\u0119ki technologii zasysania powietrza, pewnie<\/p>\n","protected":false},"featured_media":22973,"comment_status":"closed","ping_status":"open","template":"","meta":{"_acf_changed":false},"product_brand":[],"product_cat":[1128,1139,1140,1141,1138],"product_tag":[],"class_list":{"0":"post-22972","1":"product","2":"type-product","3":"status-publish","4":"has-post-thumbnail","6":"product_cat-foto-wideo","7":"product_cat-selfie-stick","8":"product_cat-statywy","9":"product_cat-uchwyty-do-mocowania-kamer-i-aparatow","10":"product_cat-wysiegniki","11":"pa_box-height-1873","12":"pa_box-length-1371","13":"pa_box-width-1579","14":"pa_gross-weight-2161","15":"pa_hs-code-1775","16":"pa_kolejna-dostawa-02-10-2024","17":"pa_kolor-srebrny","18":"pa_net-weight-2227","19":"pa_przeznaczenie-do-kamer","20":"pa_rodzaj-uchwyt","21":"pa_sposob-montazu-do-szyby","23":"first","24":"instock","25":"taxable","26":"shipping-taxable","27":"purchasable","28":"product-type-simple"},"acf":[],"yoast_head":"<!-- This site is optimized with the Yoast SEO plugin v27.2 - https:\/\/yoast.com\/product\/yoast-seo-wordpress\/ -->\n<title>Uchwyt samochodowy na szyb\u0119 Puluz do GOPRO Hero, DJI Osmo Action PU51 - IRONSKY.PL Sklep z Dronami<\/title>\n<meta name=\"description\" content=\"Uchwyt samochodowy na szyb\u0119 Puluz do GOPRO Hero, DJI Osmo Action PU51 - \u2705 sklep z dronami i fachowym doradztwem. \u2705 Tutaj kupisz produkty DJI, Yuneec, Parrot, Syma i wiele innych, a tak\u017ce kursy i licencje na operatora drona.\" \/>\n<meta name=\"robots\" content=\"index, follow, max-snippet:-1, max-image-preview:large, max-video-preview:-1\" \/>\n<link rel=\"canonical\" href=\"https:\/\/ironsky.pl\/sklep\/produkt\/uchwyt-samochodowy-na-szybe-puluz-do-gopro-hero-dji-osmo-action-pu51\/\" \/>\n<meta property=\"og:locale\" content=\"pl_PL\" \/>\n<meta property=\"og:type\" content=\"article\" \/>\n<meta property=\"og:title\" content=\"Uchwyt samochodowy na szyb\u0119 Puluz do GOPRO Hero, DJI Osmo Action PU51 - IRONSKY.PL Sklep z Dronami\" \/>\n<meta property=\"og:description\" content=\"Uchwyt samochodowy na szyb\u0119 Puluz do GOPRO Hero, DJI Osmo Action PU51 - \u2705 sklep z dronami i fachowym doradztwem. \u2705 Tutaj kupisz produkty DJI, Yuneec, Parrot, Syma i wiele innych, a tak\u017ce kursy i licencje na operatora drona.\" \/>\n<meta property=\"og:url\" content=\"https:\/\/ironsky.pl\/sklep\/produkt\/uchwyt-samochodowy-na-szybe-puluz-do-gopro-hero-dji-osmo-action-pu51\/\" \/>\n<meta property=\"og:site_name\" content=\"IRONSKY.PL Sklep z Dronami\" \/>\n<meta property=\"article:modified_time\" content=\"2026-04-27T08:00:46+00:00\" \/>\n<meta property=\"og:image\" content=\"https:\/\/ironsky.pl\/sklep\/wp-content\/uploads\/2024\/09\/18648_5.jpg\" \/>\n\t<meta property=\"og:image:width\" content=\"750\" \/>\n\t<meta property=\"og:image:height\" content=\"750\" \/>\n\t<meta property=\"og:image:type\" content=\"image\/jpeg\" \/>\n<meta name=\"twitter:card\" content=\"summary_large_image\" \/>\n<meta name=\"twitter:label1\" content=\"Szacowany czas czytania\" \/>\n\t<meta name=\"twitter:data1\" content=\"1 minuta\" \/>\n<script type=\"application\/ld+json\" class=\"yoast-schema-graph\">{\"@context\":\"https:\/\/schema.org\",\"@graph\":[{\"@type\":\"WebPage\",\"@id\":\"https:\/\/ironsky.pl\/sklep\/produkt\/uchwyt-samochodowy-na-szybe-puluz-do-gopro-hero-dji-osmo-action-pu51\/\",\"url\":\"https:\/\/ironsky.pl\/sklep\/produkt\/uchwyt-samochodowy-na-szybe-puluz-do-gopro-hero-dji-osmo-action-pu51\/\",\"name\":\"Uchwyt samochodowy na szyb\u0119 Puluz do GOPRO Hero, DJI Osmo Action PU51 - IRONSKY.PL Sklep z Dronami\",\"isPartOf\":{\"@id\":\"https:\/\/ironsky.pl\/sklep\/#website\"},\"primaryImageOfPage\":{\"@id\":\"https:\/\/ironsky.pl\/sklep\/produkt\/uchwyt-samochodowy-na-szybe-puluz-do-gopro-hero-dji-osmo-action-pu51\/#primaryimage\"},\"image\":{\"@id\":\"https:\/\/ironsky.pl\/sklep\/produkt\/uchwyt-samochodowy-na-szybe-puluz-do-gopro-hero-dji-osmo-action-pu51\/#primaryimage\"},\"thumbnailUrl\":\"https:\/\/ironsky.pl\/sklep\/wp-content\/uploads\/2024\/09\/18648_5.jpg\",\"datePublished\":\"2024-09-16T16:39:00+00:00\",\"dateModified\":\"2026-04-27T08:00:46+00:00\",\"description\":\"Uchwyt samochodowy na szyb\u0119 Puluz do GOPRO Hero, DJI Osmo Action PU51 - \u2705 sklep z dronami i fachowym doradztwem. \u2705 Tutaj kupisz produkty DJI, Yuneec, Parrot, Syma i wiele innych, a tak\u017ce kursy i licencje na operatora drona.\",\"breadcrumb\":{\"@id\":\"https:\/\/ironsky.pl\/sklep\/produkt\/uchwyt-samochodowy-na-szybe-puluz-do-gopro-hero-dji-osmo-action-pu51\/#breadcrumb\"},\"inLanguage\":\"pl-PL\",\"potentialAction\":[{\"@type\":\"ReadAction\",\"target\":[\"https:\/\/ironsky.pl\/sklep\/produkt\/uchwyt-samochodowy-na-szybe-puluz-do-gopro-hero-dji-osmo-action-pu51\/\"]}]},{\"@type\":\"ImageObject\",\"inLanguage\":\"pl-PL\",\"@id\":\"https:\/\/ironsky.pl\/sklep\/produkt\/uchwyt-samochodowy-na-szybe-puluz-do-gopro-hero-dji-osmo-action-pu51\/#primaryimage\",\"url\":\"https:\/\/ironsky.pl\/sklep\/wp-content\/uploads\/2024\/09\/18648_5.jpg\",\"contentUrl\":\"https:\/\/ironsky.pl\/sklep\/wp-content\/uploads\/2024\/09\/18648_5.jpg\",\"width\":750,\"height\":750},{\"@type\":\"BreadcrumbList\",\"@id\":\"https:\/\/ironsky.pl\/sklep\/produkt\/uchwyt-samochodowy-na-szybe-puluz-do-gopro-hero-dji-osmo-action-pu51\/#breadcrumb\",\"itemListElement\":[{\"@type\":\"ListItem\",\"position\":1,\"name\":\"Strona g\u0142\u00f3wna\",\"item\":\"https:\/\/ironsky.pl\/sklep\/\"},{\"@type\":\"ListItem\",\"position\":2,\"name\":\"Wszystkie produkty\",\"item\":\"https:\/\/ironsky.pl\/sklep\/produkty\/\"},{\"@type\":\"ListItem\",\"position\":3,\"name\":\"Uchwyt samochodowy na szyb\u0119 Puluz do GOPRO Hero, DJI Osmo Action PU51\"}]},{\"@type\":\"WebSite\",\"@id\":\"https:\/\/ironsky.pl\/sklep\/#website\",\"url\":\"https:\/\/ironsky.pl\/sklep\/\",\"name\":\"IRONSKY.PL Sklep z Dronami\",\"description\":\"IRONSKY.PL Sklep z Dronami\",\"potentialAction\":[{\"@type\":\"SearchAction\",\"target\":{\"@type\":\"EntryPoint\",\"urlTemplate\":\"https:\/\/ironsky.pl\/sklep\/?s={search_term_string}\"},\"query-input\":{\"@type\":\"PropertyValueSpecification\",\"valueRequired\":true,\"valueName\":\"search_term_string\"}}],\"inLanguage\":\"pl-PL\"}]}<\/script>\n<!-- \/ Yoast SEO plugin. -->","yoast_head_json":{"title":"Uchwyt samochodowy na szyb\u0119 Puluz do GOPRO Hero, DJI Osmo Action PU51 - IRONSKY.PL Sklep z Dronami","description":"Uchwyt samochodowy na szyb\u0119 Puluz do GOPRO Hero, DJI Osmo Action PU51 - \u2705 sklep z dronami i fachowym doradztwem. \u2705 Tutaj kupisz produkty DJI, Yuneec, Parrot, Syma i wiele innych, a tak\u017ce kursy i licencje na operatora drona.","robots":{"index":"index","follow":"follow","max-snippet":"max-snippet:-1","max-image-preview":"max-image-preview:large","max-video-preview":"max-video-preview:-1"},"canonical":"https:\/\/ironsky.pl\/sklep\/produkt\/uchwyt-samochodowy-na-szybe-puluz-do-gopro-hero-dji-osmo-action-pu51\/","og_locale":"pl_PL","og_type":"article","og_title":"Uchwyt samochodowy na szyb\u0119 Puluz do GOPRO Hero, DJI Osmo Action PU51 - IRONSKY.PL Sklep z Dronami","og_description":"Uchwyt samochodowy na szyb\u0119 Puluz do GOPRO Hero, DJI Osmo Action PU51 - \u2705 sklep z dronami i fachowym doradztwem. \u2705 Tutaj kupisz produkty DJI, Yuneec, Parrot, Syma i wiele innych, a tak\u017ce kursy i licencje na operatora drona.","og_url":"https:\/\/ironsky.pl\/sklep\/produkt\/uchwyt-samochodowy-na-szybe-puluz-do-gopro-hero-dji-osmo-action-pu51\/","og_site_name":"IRONSKY.PL Sklep z Dronami","article_modified_time":"2026-04-27T08:00:46+00:00","og_image":[{"width":750,"height":750,"url":"https:\/\/ironsky.pl\/sklep\/wp-content\/uploads\/2024\/09\/18648_5.jpg","type":"image\/jpeg"}],"twitter_card":"summary_large_image","twitter_misc":{"Szacowany czas czytania":"1 minuta"},"schema":{"@context":"https:\/\/schema.org","@graph":[{"@type":"WebPage","@id":"https:\/\/ironsky.pl\/sklep\/produkt\/uchwyt-samochodowy-na-szybe-puluz-do-gopro-hero-dji-osmo-action-pu51\/","url":"https:\/\/ironsky.pl\/sklep\/produkt\/uchwyt-samochodowy-na-szybe-puluz-do-gopro-hero-dji-osmo-action-pu51\/","name":"Uchwyt samochodowy na szyb\u0119 Puluz do GOPRO Hero, DJI Osmo Action PU51 - IRONSKY.PL Sklep z Dronami","isPartOf":{"@id":"https:\/\/ironsky.pl\/sklep\/#website"},"primaryImageOfPage":{"@id":"https:\/\/ironsky.pl\/sklep\/produkt\/uchwyt-samochodowy-na-szybe-puluz-do-gopro-hero-dji-osmo-action-pu51\/#primaryimage"},"image":{"@id":"https:\/\/ironsky.pl\/sklep\/produkt\/uchwyt-samochodowy-na-szybe-puluz-do-gopro-hero-dji-osmo-action-pu51\/#primaryimage"},"thumbnailUrl":"https:\/\/ironsky.pl\/sklep\/wp-content\/uploads\/2024\/09\/18648_5.jpg","datePublished":"2024-09-16T16:39:00+00:00","dateModified":"2026-04-27T08:00:46+00:00","description":"Uchwyt samochodowy na szyb\u0119 Puluz do GOPRO Hero, DJI Osmo Action PU51 - \u2705 sklep z dronami i fachowym doradztwem. \u2705 Tutaj kupisz produkty DJI, Yuneec, Parrot, Syma i wiele innych, a tak\u017ce kursy i licencje na operatora drona.","breadcrumb":{"@id":"https:\/\/ironsky.pl\/sklep\/produkt\/uchwyt-samochodowy-na-szybe-puluz-do-gopro-hero-dji-osmo-action-pu51\/#breadcrumb"},"inLanguage":"pl-PL","potentialAction":[{"@type":"ReadAction","target":["https:\/\/ironsky.pl\/sklep\/produkt\/uchwyt-samochodowy-na-szybe-puluz-do-gopro-hero-dji-osmo-action-pu51\/"]}]},{"@type":"ImageObject","inLanguage":"pl-PL","@id":"https:\/\/ironsky.pl\/sklep\/produkt\/uchwyt-samochodowy-na-szybe-puluz-do-gopro-hero-dji-osmo-action-pu51\/#primaryimage","url":"https:\/\/ironsky.pl\/sklep\/wp-content\/uploads\/2024\/09\/18648_5.jpg","contentUrl":"https:\/\/ironsky.pl\/sklep\/wp-content\/uploads\/2024\/09\/18648_5.jpg","width":750,"height":750},{"@type":"BreadcrumbList","@id":"https:\/\/ironsky.pl\/sklep\/produkt\/uchwyt-samochodowy-na-szybe-puluz-do-gopro-hero-dji-osmo-action-pu51\/#breadcrumb","itemListElement":[{"@type":"ListItem","position":1,"name":"Strona g\u0142\u00f3wna","item":"https:\/\/ironsky.pl\/sklep\/"},{"@type":"ListItem","position":2,"name":"Wszystkie produkty","item":"https:\/\/ironsky.pl\/sklep\/produkty\/"},{"@type":"ListItem","position":3,"name":"Uchwyt samochodowy na szyb\u0119 Puluz do GOPRO Hero, DJI Osmo Action PU51"}]},{"@type":"WebSite","@id":"https:\/\/ironsky.pl\/sklep\/#website","url":"https:\/\/ironsky.pl\/sklep\/","name":"IRONSKY.PL Sklep z Dronami","description":"IRONSKY.PL Sklep z Dronami","potentialAction":[{"@type":"SearchAction","target":{"@type":"EntryPoint","urlTemplate":"https:\/\/ironsky.pl\/sklep\/?s={search_term_string}"},"query-input":{"@type":"PropertyValueSpecification","valueRequired":true,"valueName":"search_term_string"}}],"inLanguage":"pl-PL"}]}},"_links":{"self":[{"href":"https:\/\/ironsky.pl\/sklep\/wp-json\/wp\/v2\/product\/22972","targetHints":{"allow":["GET"]}}],"collection":[{"href":"https:\/\/ironsky.pl\/sklep\/wp-json\/wp\/v2\/product"}],"about":[{"href":"https:\/\/ironsky.pl\/sklep\/wp-json\/wp\/v2\/types\/product"}],"replies":[{"embeddable":true,"href":"https:\/\/ironsky.pl\/sklep\/wp-json\/wp\/v2\/comments?post=22972"}],"wp:featuredmedia":[{"embeddable":true,"href":"https:\/\/ironsky.pl\/sklep\/wp-json\/wp\/v2\/media\/22973"}],"wp:attachment":[{"href":"https:\/\/ironsky.pl\/sklep\/wp-json\/wp\/v2\/media?parent=22972"}],"wp:term":[{"taxonomy":"product_brand","embeddable":true,"href":"https:\/\/ironsky.pl\/sklep\/wp-json\/wp\/v2\/product_brand?post=22972"},{"taxonomy":"product_cat","embeddable":true,"href":"https:\/\/ironsky.pl\/sklep\/wp-json\/wp\/v2\/product_cat?post=22972"},{"taxonomy":"product_tag","embeddable":true,"href":"https:\/\/ironsky.pl\/sklep\/wp-json\/wp\/v2\/product_tag?post=22972"}],"curies":[{"name":"wp","href":"https:\/\/api.w.org\/{rel}","templated":true}]}}