{"id":22901,"date":"2024-09-16T18:37:48","date_gmt":"2024-09-16T16:37:48","guid":{"rendered":"http:\/\/gvshalph.pro-linuxpl.com\/ironskyprodukty\/produkt\/zestaw-43-akcesoriow-puluz-do-dji-osmo-pocket-pkt47\/"},"modified":"2026-05-14T00:42:33","modified_gmt":"2026-05-13T22:42:33","slug":"zestaw-43-akcesoriow-puluz-do-dji-osmo-pocket-pkt47","status":"publish","type":"product","link":"https:\/\/ironsky.pl\/sklep\/produkt\/zestaw-43-akcesoriow-puluz-do-dji-osmo-pocket-pkt47\/","title":{"rendered":"Zestaw 43 akcesori\u00f3w Puluz do DJI Osmo Pocket PKT47"},"content":{"rendered":"<p><img decoding=\"async\" src=\"https:\/\/b2b.innpro.pl\/data\/include\/cms\/Blazej-grafiki\/rozne\/1.png\" border=\"0\" alt=\"Blazej-grafiki\/rozne\/1\" \/><\/p>\n<h3>Zestaw 43 akcesori\u00f3w do DJI Osmo Pocket<\/h3>\n<p>Marka Puluz to producent uniwersalnych akcesori\u00f3w do kamer sportowych. Akcesoria s\u0105 kompatybilne z kamerami wyposa\u017conymi w mocowania typu GoPro &#8211; mi\u0119dzy innymi DJI Osmo Pocket (dzi\u0119ki adapterowi z zestawu). Mocowania s\u0105 wykonane z wysokiej jako\u015bci materia\u0142\u00f3w gwarantuj\u0105c stabilno\u015b\u0107 oraz odporno\u015b\u0107 na uszkodzenia.<\/p>\n<p>Zestaw zawiera zbi\u00f3r niezb\u0119dnych akcesori\u00f3w, umo\u017cliwia korzystanie ze wszystkich element\u00f3w jednocze\u015bnie bez konieczno\u015bci dokupowania dodatkowych mocowa\u0144. Zestaw znajdzie swoje zastosowanie w trakcie uprawiania sport\u00f3w zimowych, wodnych, jazdy na rowerze oraz standardowych nagra\u0144.<\/p>\n<p><img decoding=\"async\" src=\"https:\/\/b2b.innpro.pl\/data\/include\/cms\/Blazej-grafiki\/puluz\/PKT47.jpg\" border=\"0\" alt=\"Blazej-grafiki\/puluz\/PKT47\" \/><\/p>\n<h3>W zestawie:<\/h3>\n<ul>\n<li>Etui \/ Case o wymiarach 32x22x7cm x1<\/li>\n<li>Worek transportowy x1<\/li>\n<li>Uchwyt typu przyssawka x1<\/li>\n<li>MSzk\u0142o ochronne na obiektyw i wy\u015bwietlacz Osmo Pocket x1<\/li>\n<li>Adapter do mocowania typu GoPro do Osmo Pocket x1<\/li>\n<li>Mocowanie ze statywem x1<\/li>\n<li>Silikonowa obudowa 2w1 x1<\/li>\n<li>Uchwyt na telefon x1<\/li>\n<li>Uniwersalne mocowanie do statywu x1<\/li>\n<li>Kijek selfie stick z mocowaniem na statyw x1<\/li>\n<li>Wysi\u0119gnik teleskopowy x1<\/li>\n<li>Mocowanie na czapk\u0119 x1<\/li>\n<li>Uchwyt r\u0119czny x1<\/li>\n<li>Przyssawka x1<\/li>\n<li>Mocowanie 3-Way pivot x1<\/li>\n<li>Opaska na nadgarstek x1<\/li>\n<li>Zakrzywione + p\u0142askie mocowanie na powierzchni\u0119 x2<\/li>\n<li>Uchwyt na klatk\u0119 piersiow\u0105 x1<\/li>\n<li>Kr\u00f3tkie \u015bruby mocuj\u0105ce x3<\/li>\n<li>Mocowanie typu J-Hook x2<\/li>\n<li>Mocowanie typu szybkoz\u0142\u0105czka x2<\/li>\n<li>Naklejki samoprzylepne x1<\/li>\n<li>Kwadratowe naklejki samoprzylepne + okr\u0105g\u0142e naklejki samoprzylepne x3<\/li>\n<\/ul>\n","protected":false},"excerpt":{"rendered":"<p>Zestaw 43 akcesori\u00f3w do DJI Osmo Pocket Marka Puluz to producent uniwersalnych akcesori\u00f3w do kamer sportowych. Akcesoria s\u0105 kompatybilne z<\/p>\n","protected":false},"featured_media":22902,"comment_status":"closed","ping_status":"open","template":"","meta":{"_acf_changed":false},"product_brand":[],"product_cat":[1128,1144],"product_tag":[],"class_list":{"0":"post-22901","1":"product","2":"type-product","3":"status-publish","4":"has-post-thumbnail","6":"product_cat-foto-wideo","7":"product_cat-zestawy-foto-wideo","8":"pa_box-height-1370","9":"pa_box-length-1867","10":"pa_box-width-1624","11":"pa_gross-weight-1916","12":"pa_hs-code-2097","13":"pa_kolejna-dostawa-30-10-2024","14":"pa_kompatybilnosc-dji-osmo","15":"pa_net-weight-1914","17":"first","18":"instock","19":"taxable","20":"shipping-taxable","21":"purchasable","22":"product-type-simple"},"acf":[],"yoast_head":"<!-- This site is optimized with the Yoast SEO plugin v27.2 - https:\/\/yoast.com\/product\/yoast-seo-wordpress\/ -->\n<title>Zestaw 43 akcesori\u00f3w Puluz do DJI Osmo Pocket PKT47 - IRONSKY.PL Sklep z Dronami<\/title>\n<meta name=\"description\" content=\"Zestaw 43 akcesori\u00f3w Puluz do DJI Osmo Pocket PKT47 - \u2705 sklep z dronami i fachowym doradztwem. \u2705 Tutaj kupisz produkty DJI, Yuneec, Parrot, Syma i wiele innych, a tak\u017ce kursy i licencje na operatora drona.\" \/>\n<meta name=\"robots\" content=\"index, follow, max-snippet:-1, max-image-preview:large, max-video-preview:-1\" \/>\n<link rel=\"canonical\" href=\"https:\/\/ironsky.pl\/sklep\/produkt\/zestaw-43-akcesoriow-puluz-do-dji-osmo-pocket-pkt47\/\" \/>\n<meta property=\"og:locale\" content=\"pl_PL\" \/>\n<meta property=\"og:type\" content=\"article\" \/>\n<meta property=\"og:title\" content=\"Zestaw 43 akcesori\u00f3w Puluz do DJI Osmo Pocket PKT47 - IRONSKY.PL Sklep z Dronami\" \/>\n<meta property=\"og:description\" content=\"Zestaw 43 akcesori\u00f3w Puluz do DJI Osmo Pocket PKT47 - \u2705 sklep z dronami i fachowym doradztwem. \u2705 Tutaj kupisz produkty DJI, Yuneec, Parrot, Syma i wiele innych, a tak\u017ce kursy i licencje na operatora drona.\" \/>\n<meta property=\"og:url\" content=\"https:\/\/ironsky.pl\/sklep\/produkt\/zestaw-43-akcesoriow-puluz-do-dji-osmo-pocket-pkt47\/\" \/>\n<meta property=\"og:site_name\" content=\"IRONSKY.PL Sklep z Dronami\" \/>\n<meta property=\"article:modified_time\" content=\"2026-05-13T22:42:33+00:00\" \/>\n<meta property=\"og:image\" content=\"https:\/\/ironsky.pl\/sklep\/wp-content\/uploads\/2024\/09\/17392_8.jpg\" \/>\n\t<meta property=\"og:image:width\" content=\"750\" \/>\n\t<meta property=\"og:image:height\" content=\"750\" \/>\n\t<meta property=\"og:image:type\" content=\"image\/jpeg\" \/>\n<meta name=\"twitter:card\" content=\"summary_large_image\" \/>\n<meta name=\"twitter:label1\" content=\"Szacowany czas czytania\" \/>\n\t<meta name=\"twitter:data1\" content=\"1 minuta\" \/>\n<script type=\"application\/ld+json\" class=\"yoast-schema-graph\">{\"@context\":\"https:\/\/schema.org\",\"@graph\":[{\"@type\":\"WebPage\",\"@id\":\"https:\/\/ironsky.pl\/sklep\/produkt\/zestaw-43-akcesoriow-puluz-do-dji-osmo-pocket-pkt47\/\",\"url\":\"https:\/\/ironsky.pl\/sklep\/produkt\/zestaw-43-akcesoriow-puluz-do-dji-osmo-pocket-pkt47\/\",\"name\":\"Zestaw 43 akcesori\u00f3w Puluz do DJI Osmo Pocket PKT47 - IRONSKY.PL Sklep z Dronami\",\"isPartOf\":{\"@id\":\"https:\/\/ironsky.pl\/sklep\/#website\"},\"primaryImageOfPage\":{\"@id\":\"https:\/\/ironsky.pl\/sklep\/produkt\/zestaw-43-akcesoriow-puluz-do-dji-osmo-pocket-pkt47\/#primaryimage\"},\"image\":{\"@id\":\"https:\/\/ironsky.pl\/sklep\/produkt\/zestaw-43-akcesoriow-puluz-do-dji-osmo-pocket-pkt47\/#primaryimage\"},\"thumbnailUrl\":\"https:\/\/ironsky.pl\/sklep\/wp-content\/uploads\/2024\/09\/17392_8.jpg\",\"datePublished\":\"2024-09-16T16:37:48+00:00\",\"dateModified\":\"2026-05-13T22:42:33+00:00\",\"description\":\"Zestaw 43 akcesori\u00f3w Puluz do DJI Osmo Pocket PKT47 - \u2705 sklep z dronami i fachowym doradztwem. \u2705 Tutaj kupisz produkty DJI, Yuneec, Parrot, Syma i wiele innych, a tak\u017ce kursy i licencje na operatora drona.\",\"breadcrumb\":{\"@id\":\"https:\/\/ironsky.pl\/sklep\/produkt\/zestaw-43-akcesoriow-puluz-do-dji-osmo-pocket-pkt47\/#breadcrumb\"},\"inLanguage\":\"pl-PL\",\"potentialAction\":[{\"@type\":\"ReadAction\",\"target\":[\"https:\/\/ironsky.pl\/sklep\/produkt\/zestaw-43-akcesoriow-puluz-do-dji-osmo-pocket-pkt47\/\"]}]},{\"@type\":\"ImageObject\",\"inLanguage\":\"pl-PL\",\"@id\":\"https:\/\/ironsky.pl\/sklep\/produkt\/zestaw-43-akcesoriow-puluz-do-dji-osmo-pocket-pkt47\/#primaryimage\",\"url\":\"https:\/\/ironsky.pl\/sklep\/wp-content\/uploads\/2024\/09\/17392_8.jpg\",\"contentUrl\":\"https:\/\/ironsky.pl\/sklep\/wp-content\/uploads\/2024\/09\/17392_8.jpg\",\"width\":750,\"height\":750},{\"@type\":\"BreadcrumbList\",\"@id\":\"https:\/\/ironsky.pl\/sklep\/produkt\/zestaw-43-akcesoriow-puluz-do-dji-osmo-pocket-pkt47\/#breadcrumb\",\"itemListElement\":[{\"@type\":\"ListItem\",\"position\":1,\"name\":\"Strona g\u0142\u00f3wna\",\"item\":\"https:\/\/ironsky.pl\/sklep\/\"},{\"@type\":\"ListItem\",\"position\":2,\"name\":\"Wszystkie produkty\",\"item\":\"https:\/\/ironsky.pl\/sklep\/produkty\/\"},{\"@type\":\"ListItem\",\"position\":3,\"name\":\"Zestaw 43 akcesori\u00f3w Puluz do DJI Osmo Pocket PKT47\"}]},{\"@type\":\"WebSite\",\"@id\":\"https:\/\/ironsky.pl\/sklep\/#website\",\"url\":\"https:\/\/ironsky.pl\/sklep\/\",\"name\":\"IRONSKY.PL Sklep z Dronami\",\"description\":\"IRONSKY.PL Sklep z Dronami\",\"potentialAction\":[{\"@type\":\"SearchAction\",\"target\":{\"@type\":\"EntryPoint\",\"urlTemplate\":\"https:\/\/ironsky.pl\/sklep\/?s={search_term_string}\"},\"query-input\":{\"@type\":\"PropertyValueSpecification\",\"valueRequired\":true,\"valueName\":\"search_term_string\"}}],\"inLanguage\":\"pl-PL\"}]}<\/script>\n<!-- \/ Yoast SEO plugin. -->","yoast_head_json":{"title":"Zestaw 43 akcesori\u00f3w Puluz do DJI Osmo Pocket PKT47 - IRONSKY.PL Sklep z Dronami","description":"Zestaw 43 akcesori\u00f3w Puluz do DJI Osmo Pocket PKT47 - \u2705 sklep z dronami i fachowym doradztwem. \u2705 Tutaj kupisz produkty DJI, Yuneec, Parrot, Syma i wiele innych, a tak\u017ce kursy i licencje na operatora drona.","robots":{"index":"index","follow":"follow","max-snippet":"max-snippet:-1","max-image-preview":"max-image-preview:large","max-video-preview":"max-video-preview:-1"},"canonical":"https:\/\/ironsky.pl\/sklep\/produkt\/zestaw-43-akcesoriow-puluz-do-dji-osmo-pocket-pkt47\/","og_locale":"pl_PL","og_type":"article","og_title":"Zestaw 43 akcesori\u00f3w Puluz do DJI Osmo Pocket PKT47 - IRONSKY.PL Sklep z Dronami","og_description":"Zestaw 43 akcesori\u00f3w Puluz do DJI Osmo Pocket PKT47 - \u2705 sklep z dronami i fachowym doradztwem. \u2705 Tutaj kupisz produkty DJI, Yuneec, Parrot, Syma i wiele innych, a tak\u017ce kursy i licencje na operatora drona.","og_url":"https:\/\/ironsky.pl\/sklep\/produkt\/zestaw-43-akcesoriow-puluz-do-dji-osmo-pocket-pkt47\/","og_site_name":"IRONSKY.PL Sklep z Dronami","article_modified_time":"2026-05-13T22:42:33+00:00","og_image":[{"width":750,"height":750,"url":"https:\/\/ironsky.pl\/sklep\/wp-content\/uploads\/2024\/09\/17392_8.jpg","type":"image\/jpeg"}],"twitter_card":"summary_large_image","twitter_misc":{"Szacowany czas czytania":"1 minuta"},"schema":{"@context":"https:\/\/schema.org","@graph":[{"@type":"WebPage","@id":"https:\/\/ironsky.pl\/sklep\/produkt\/zestaw-43-akcesoriow-puluz-do-dji-osmo-pocket-pkt47\/","url":"https:\/\/ironsky.pl\/sklep\/produkt\/zestaw-43-akcesoriow-puluz-do-dji-osmo-pocket-pkt47\/","name":"Zestaw 43 akcesori\u00f3w Puluz do DJI Osmo Pocket PKT47 - IRONSKY.PL Sklep z Dronami","isPartOf":{"@id":"https:\/\/ironsky.pl\/sklep\/#website"},"primaryImageOfPage":{"@id":"https:\/\/ironsky.pl\/sklep\/produkt\/zestaw-43-akcesoriow-puluz-do-dji-osmo-pocket-pkt47\/#primaryimage"},"image":{"@id":"https:\/\/ironsky.pl\/sklep\/produkt\/zestaw-43-akcesoriow-puluz-do-dji-osmo-pocket-pkt47\/#primaryimage"},"thumbnailUrl":"https:\/\/ironsky.pl\/sklep\/wp-content\/uploads\/2024\/09\/17392_8.jpg","datePublished":"2024-09-16T16:37:48+00:00","dateModified":"2026-05-13T22:42:33+00:00","description":"Zestaw 43 akcesori\u00f3w Puluz do DJI Osmo Pocket PKT47 - \u2705 sklep z dronami i fachowym doradztwem. \u2705 Tutaj kupisz produkty DJI, Yuneec, Parrot, Syma i wiele innych, a tak\u017ce kursy i licencje na operatora drona.","breadcrumb":{"@id":"https:\/\/ironsky.pl\/sklep\/produkt\/zestaw-43-akcesoriow-puluz-do-dji-osmo-pocket-pkt47\/#breadcrumb"},"inLanguage":"pl-PL","potentialAction":[{"@type":"ReadAction","target":["https:\/\/ironsky.pl\/sklep\/produkt\/zestaw-43-akcesoriow-puluz-do-dji-osmo-pocket-pkt47\/"]}]},{"@type":"ImageObject","inLanguage":"pl-PL","@id":"https:\/\/ironsky.pl\/sklep\/produkt\/zestaw-43-akcesoriow-puluz-do-dji-osmo-pocket-pkt47\/#primaryimage","url":"https:\/\/ironsky.pl\/sklep\/wp-content\/uploads\/2024\/09\/17392_8.jpg","contentUrl":"https:\/\/ironsky.pl\/sklep\/wp-content\/uploads\/2024\/09\/17392_8.jpg","width":750,"height":750},{"@type":"BreadcrumbList","@id":"https:\/\/ironsky.pl\/sklep\/produkt\/zestaw-43-akcesoriow-puluz-do-dji-osmo-pocket-pkt47\/#breadcrumb","itemListElement":[{"@type":"ListItem","position":1,"name":"Strona g\u0142\u00f3wna","item":"https:\/\/ironsky.pl\/sklep\/"},{"@type":"ListItem","position":2,"name":"Wszystkie produkty","item":"https:\/\/ironsky.pl\/sklep\/produkty\/"},{"@type":"ListItem","position":3,"name":"Zestaw 43 akcesori\u00f3w Puluz do DJI Osmo Pocket PKT47"}]},{"@type":"WebSite","@id":"https:\/\/ironsky.pl\/sklep\/#website","url":"https:\/\/ironsky.pl\/sklep\/","name":"IRONSKY.PL Sklep z Dronami","description":"IRONSKY.PL Sklep z Dronami","potentialAction":[{"@type":"SearchAction","target":{"@type":"EntryPoint","urlTemplate":"https:\/\/ironsky.pl\/sklep\/?s={search_term_string}"},"query-input":{"@type":"PropertyValueSpecification","valueRequired":true,"valueName":"search_term_string"}}],"inLanguage":"pl-PL"}]}},"_links":{"self":[{"href":"https:\/\/ironsky.pl\/sklep\/wp-json\/wp\/v2\/product\/22901","targetHints":{"allow":["GET"]}}],"collection":[{"href":"https:\/\/ironsky.pl\/sklep\/wp-json\/wp\/v2\/product"}],"about":[{"href":"https:\/\/ironsky.pl\/sklep\/wp-json\/wp\/v2\/types\/product"}],"replies":[{"embeddable":true,"href":"https:\/\/ironsky.pl\/sklep\/wp-json\/wp\/v2\/comments?post=22901"}],"wp:featuredmedia":[{"embeddable":true,"href":"https:\/\/ironsky.pl\/sklep\/wp-json\/wp\/v2\/media\/22902"}],"wp:attachment":[{"href":"https:\/\/ironsky.pl\/sklep\/wp-json\/wp\/v2\/media?parent=22901"}],"wp:term":[{"taxonomy":"product_brand","embeddable":true,"href":"https:\/\/ironsky.pl\/sklep\/wp-json\/wp\/v2\/product_brand?post=22901"},{"taxonomy":"product_cat","embeddable":true,"href":"https:\/\/ironsky.pl\/sklep\/wp-json\/wp\/v2\/product_cat?post=22901"},{"taxonomy":"product_tag","embeddable":true,"href":"https:\/\/ironsky.pl\/sklep\/wp-json\/wp\/v2\/product_tag?post=22901"}],"curies":[{"name":"wp","href":"https:\/\/api.w.org\/{rel}","templated":true}]}}