{"id":22780,"date":"2024-09-16T18:36:13","date_gmt":"2024-09-16T16:36:13","guid":{"rendered":"http:\/\/gvshalph.pro-linuxpl.com\/ironskyprodukty\/produkt\/tripod-mini-pgytech-z-wysiegnikiem-do-kamer-sportowych\/"},"modified":"2026-05-14T03:42:17","modified_gmt":"2026-05-14T01:42:17","slug":"tripod-mini-pgytech-z-wysiegnikiem-do-kamer-sportowych","status":"publish","type":"product","link":"https:\/\/ironsky.pl\/sklep\/produkt\/tripod-mini-pgytech-z-wysiegnikiem-do-kamer-sportowych\/","title":{"rendered":"Tripod Mini PGYTECH z wysi\u0119gnikiem do kamer sportowych"},"content":{"rendered":"<h3>Tripod Mini PGYTECH z wysi\u0119gnikiem do kamer sportowych<\/h3>\n<p>Tripod Mini z wysi\u0119gnikiem do DJI Osmo Pocket \/ Action i kamer sportowych marki PGYTECH to niezwykle lekki, por\u0119czny i uniwersalny przedmiot. Dzi\u0119ki uniwersalnemu mocowaniu gama urz\u0105dze\u0144 jakie mo\u017cemy zamocowa\u0107 jest niezwykle szeroka. W zestawie za\u0142\u0105czono r\u00f3wnie\u017c mocowanie 1\/4 cala by znacz\u0105co zwi\u0119kszy\u0107 mo\u017cliwo\u015bci monta\u017cowe. Wysokiej jako\u015bci stop aluminium w po\u0142\u0105czeniu z tworzywem ABS daje du\u017c\u0105 wygod\u0119 oraz trwa\u0142o\u015b\u0107. Tripod wa\u017cy zaledwie 120 gram dzi\u0119ki czemu nie wp\u0142ywa to negatywnie na jego u\u017cytkowanie. Po roz\u0142o\u017ceniu osi\u0105ga on d\u0142ugo\u015b\u0107 40, a z\u0142o\u017cony zaledwie 14,5 centymetr\u00f3w. Dodatkow\u0105 zalet\u0105 s\u0105 niewielkie magnesy, kt\u00f3re utrzymuj\u0105 n\u00f3\u017cki tripoda z\u0142o\u017cone.<\/p>\n<p><img decoding=\"async\" src=\"https:\/\/b2b.innpro.pl\/data\/include\/cms\/PGYTECH\/P-GM-117\/1.jpg\" alt=\"PGYTECH\/P-GM-117\/1\"><\/p>\n<div class=\"table-wrapper\">\n<table>\n<tbody>\n<tr>\n<th>Producent<\/th>\n<td>PGYTECH<\/td>\n<\/tr>\n<tr>\n<th>Model<\/th>\n<td>P-GM-117<\/td>\n<\/tr>\n<tr>\n<th>Materia\u0142<\/th>\n<td>ABS + Aluminium + TPU + PC<\/td>\n<\/tr>\n<tr>\n<th>Waga<\/th>\n<td>120g<\/td>\n<\/tr>\n<tr>\n<th>Wymiary <\/th>\n<td>162 mm x 29 mm x 29 mm<\/td>\n<\/tr>\n<tr>\n<th>Kompatybilno\u015b\u0107<\/th>\n<td>DJI Pocket 2 (Osmo Pocket 2), DJI Osmo Pocket, DJI Osmo Action<\/td>\n<\/tr>\n<\/tbody>\n<\/table>\n<\/div>\n","protected":false},"excerpt":{"rendered":"<p>Tripod Mini PGYTECH z wysi\u0119gnikiem do kamer sportowych Tripod Mini z wysi\u0119gnikiem do DJI Osmo Pocket \/ Action i kamer<\/p>\n","protected":false},"featured_media":22781,"comment_status":"closed","ping_status":"open","template":"","meta":{"_acf_changed":false},"product_brand":[],"product_cat":[1128,1139,1140,1141,1138],"product_tag":[],"class_list":{"0":"post-22780","1":"product","2":"type-product","3":"status-publish","4":"has-post-thumbnail","6":"product_cat-foto-wideo","7":"product_cat-selfie-stick","8":"product_cat-statywy","9":"product_cat-uchwyty-do-mocowania-kamer-i-aparatow","10":"product_cat-wysiegniki","11":"pa_box-height-1331","12":"pa_box-length-1981","13":"pa_box-width-1980","14":"pa_cechy-szczegolne-z-tripodem","15":"pa_dlugosc-cm-1985","16":"pa_gross-weight-1982","17":"pa_hs-code-1983","18":"pa_model-pocket","19":"pa_net-weight-1979","20":"pa_przeznaczenie-do-kamer","22":"first","23":"outofstock","24":"taxable","25":"shipping-taxable","26":"purchasable","27":"product-type-simple"},"acf":[],"yoast_head":"<!-- This site is optimized with the Yoast SEO plugin v27.2 - https:\/\/yoast.com\/product\/yoast-seo-wordpress\/ -->\n<title>Tripod Mini PGYTECH z wysi\u0119gnikiem do kamer sportowych - IRONSKY.PL Sklep z Dronami<\/title>\n<meta name=\"description\" content=\"Tripod Mini PGYTECH z wysi\u0119gnikiem do kamer sportowych - \u2705 sklep z dronami i fachowym doradztwem. \u2705 Tutaj kupisz produkty DJI, Yuneec, Parrot, Syma i wiele innych, a tak\u017ce kursy i licencje na operatora drona.\" \/>\n<meta name=\"robots\" content=\"index, follow, max-snippet:-1, max-image-preview:large, max-video-preview:-1\" \/>\n<link rel=\"canonical\" href=\"https:\/\/ironsky.pl\/sklep\/produkt\/tripod-mini-pgytech-z-wysiegnikiem-do-kamer-sportowych\/\" \/>\n<meta property=\"og:locale\" content=\"pl_PL\" \/>\n<meta property=\"og:type\" content=\"article\" \/>\n<meta property=\"og:title\" content=\"Tripod Mini PGYTECH z wysi\u0119gnikiem do kamer sportowych - IRONSKY.PL Sklep z Dronami\" \/>\n<meta property=\"og:description\" content=\"Tripod Mini PGYTECH z wysi\u0119gnikiem do kamer sportowych - \u2705 sklep z dronami i fachowym doradztwem. \u2705 Tutaj kupisz produkty DJI, Yuneec, Parrot, Syma i wiele innych, a tak\u017ce kursy i licencje na operatora drona.\" \/>\n<meta property=\"og:url\" content=\"https:\/\/ironsky.pl\/sklep\/produkt\/tripod-mini-pgytech-z-wysiegnikiem-do-kamer-sportowych\/\" \/>\n<meta property=\"og:site_name\" content=\"IRONSKY.PL Sklep z Dronami\" \/>\n<meta property=\"article:modified_time\" content=\"2026-05-14T01:42:17+00:00\" \/>\n<meta property=\"og:image\" content=\"https:\/\/ironsky.pl\/sklep\/wp-content\/uploads\/2024\/09\/16127_1.jpg\" \/>\n\t<meta property=\"og:image:width\" content=\"800\" \/>\n\t<meta property=\"og:image:height\" content=\"800\" \/>\n\t<meta property=\"og:image:type\" content=\"image\/jpeg\" \/>\n<meta name=\"twitter:card\" content=\"summary_large_image\" \/>\n<meta name=\"twitter:label1\" content=\"Szacowany czas czytania\" \/>\n\t<meta name=\"twitter:data1\" content=\"1 minuta\" \/>\n<script type=\"application\/ld+json\" class=\"yoast-schema-graph\">{\"@context\":\"https:\/\/schema.org\",\"@graph\":[{\"@type\":\"WebPage\",\"@id\":\"https:\/\/ironsky.pl\/sklep\/produkt\/tripod-mini-pgytech-z-wysiegnikiem-do-kamer-sportowych\/\",\"url\":\"https:\/\/ironsky.pl\/sklep\/produkt\/tripod-mini-pgytech-z-wysiegnikiem-do-kamer-sportowych\/\",\"name\":\"Tripod Mini PGYTECH z wysi\u0119gnikiem do kamer sportowych - IRONSKY.PL Sklep z Dronami\",\"isPartOf\":{\"@id\":\"https:\/\/ironsky.pl\/sklep\/#website\"},\"primaryImageOfPage\":{\"@id\":\"https:\/\/ironsky.pl\/sklep\/produkt\/tripod-mini-pgytech-z-wysiegnikiem-do-kamer-sportowych\/#primaryimage\"},\"image\":{\"@id\":\"https:\/\/ironsky.pl\/sklep\/produkt\/tripod-mini-pgytech-z-wysiegnikiem-do-kamer-sportowych\/#primaryimage\"},\"thumbnailUrl\":\"https:\/\/ironsky.pl\/sklep\/wp-content\/uploads\/2024\/09\/16127_1.jpg\",\"datePublished\":\"2024-09-16T16:36:13+00:00\",\"dateModified\":\"2026-05-14T01:42:17+00:00\",\"description\":\"Tripod Mini PGYTECH z wysi\u0119gnikiem do kamer sportowych - \u2705 sklep z dronami i fachowym doradztwem. \u2705 Tutaj kupisz produkty DJI, Yuneec, Parrot, Syma i wiele innych, a tak\u017ce kursy i licencje na operatora drona.\",\"breadcrumb\":{\"@id\":\"https:\/\/ironsky.pl\/sklep\/produkt\/tripod-mini-pgytech-z-wysiegnikiem-do-kamer-sportowych\/#breadcrumb\"},\"inLanguage\":\"pl-PL\",\"potentialAction\":[{\"@type\":\"ReadAction\",\"target\":[\"https:\/\/ironsky.pl\/sklep\/produkt\/tripod-mini-pgytech-z-wysiegnikiem-do-kamer-sportowych\/\"]}]},{\"@type\":\"ImageObject\",\"inLanguage\":\"pl-PL\",\"@id\":\"https:\/\/ironsky.pl\/sklep\/produkt\/tripod-mini-pgytech-z-wysiegnikiem-do-kamer-sportowych\/#primaryimage\",\"url\":\"https:\/\/ironsky.pl\/sklep\/wp-content\/uploads\/2024\/09\/16127_1.jpg\",\"contentUrl\":\"https:\/\/ironsky.pl\/sklep\/wp-content\/uploads\/2024\/09\/16127_1.jpg\",\"width\":800,\"height\":800},{\"@type\":\"BreadcrumbList\",\"@id\":\"https:\/\/ironsky.pl\/sklep\/produkt\/tripod-mini-pgytech-z-wysiegnikiem-do-kamer-sportowych\/#breadcrumb\",\"itemListElement\":[{\"@type\":\"ListItem\",\"position\":1,\"name\":\"Strona g\u0142\u00f3wna\",\"item\":\"https:\/\/ironsky.pl\/sklep\/\"},{\"@type\":\"ListItem\",\"position\":2,\"name\":\"Wszystkie produkty\",\"item\":\"https:\/\/ironsky.pl\/sklep\/produkty\/\"},{\"@type\":\"ListItem\",\"position\":3,\"name\":\"Tripod Mini PGYTECH z wysi\u0119gnikiem do kamer sportowych\"}]},{\"@type\":\"WebSite\",\"@id\":\"https:\/\/ironsky.pl\/sklep\/#website\",\"url\":\"https:\/\/ironsky.pl\/sklep\/\",\"name\":\"IRONSKY.PL Sklep z Dronami\",\"description\":\"IRONSKY.PL Sklep z Dronami\",\"potentialAction\":[{\"@type\":\"SearchAction\",\"target\":{\"@type\":\"EntryPoint\",\"urlTemplate\":\"https:\/\/ironsky.pl\/sklep\/?s={search_term_string}\"},\"query-input\":{\"@type\":\"PropertyValueSpecification\",\"valueRequired\":true,\"valueName\":\"search_term_string\"}}],\"inLanguage\":\"pl-PL\"}]}<\/script>\n<!-- \/ Yoast SEO plugin. -->","yoast_head_json":{"title":"Tripod Mini PGYTECH z wysi\u0119gnikiem do kamer sportowych - IRONSKY.PL Sklep z Dronami","description":"Tripod Mini PGYTECH z wysi\u0119gnikiem do kamer sportowych - \u2705 sklep z dronami i fachowym doradztwem. \u2705 Tutaj kupisz produkty DJI, Yuneec, Parrot, Syma i wiele innych, a tak\u017ce kursy i licencje na operatora drona.","robots":{"index":"index","follow":"follow","max-snippet":"max-snippet:-1","max-image-preview":"max-image-preview:large","max-video-preview":"max-video-preview:-1"},"canonical":"https:\/\/ironsky.pl\/sklep\/produkt\/tripod-mini-pgytech-z-wysiegnikiem-do-kamer-sportowych\/","og_locale":"pl_PL","og_type":"article","og_title":"Tripod Mini PGYTECH z wysi\u0119gnikiem do kamer sportowych - IRONSKY.PL Sklep z Dronami","og_description":"Tripod Mini PGYTECH z wysi\u0119gnikiem do kamer sportowych - \u2705 sklep z dronami i fachowym doradztwem. \u2705 Tutaj kupisz produkty DJI, Yuneec, Parrot, Syma i wiele innych, a tak\u017ce kursy i licencje na operatora drona.","og_url":"https:\/\/ironsky.pl\/sklep\/produkt\/tripod-mini-pgytech-z-wysiegnikiem-do-kamer-sportowych\/","og_site_name":"IRONSKY.PL Sklep z Dronami","article_modified_time":"2026-05-14T01:42:17+00:00","og_image":[{"width":800,"height":800,"url":"https:\/\/ironsky.pl\/sklep\/wp-content\/uploads\/2024\/09\/16127_1.jpg","type":"image\/jpeg"}],"twitter_card":"summary_large_image","twitter_misc":{"Szacowany czas czytania":"1 minuta"},"schema":{"@context":"https:\/\/schema.org","@graph":[{"@type":"WebPage","@id":"https:\/\/ironsky.pl\/sklep\/produkt\/tripod-mini-pgytech-z-wysiegnikiem-do-kamer-sportowych\/","url":"https:\/\/ironsky.pl\/sklep\/produkt\/tripod-mini-pgytech-z-wysiegnikiem-do-kamer-sportowych\/","name":"Tripod Mini PGYTECH z wysi\u0119gnikiem do kamer sportowych - IRONSKY.PL Sklep z Dronami","isPartOf":{"@id":"https:\/\/ironsky.pl\/sklep\/#website"},"primaryImageOfPage":{"@id":"https:\/\/ironsky.pl\/sklep\/produkt\/tripod-mini-pgytech-z-wysiegnikiem-do-kamer-sportowych\/#primaryimage"},"image":{"@id":"https:\/\/ironsky.pl\/sklep\/produkt\/tripod-mini-pgytech-z-wysiegnikiem-do-kamer-sportowych\/#primaryimage"},"thumbnailUrl":"https:\/\/ironsky.pl\/sklep\/wp-content\/uploads\/2024\/09\/16127_1.jpg","datePublished":"2024-09-16T16:36:13+00:00","dateModified":"2026-05-14T01:42:17+00:00","description":"Tripod Mini PGYTECH z wysi\u0119gnikiem do kamer sportowych - \u2705 sklep z dronami i fachowym doradztwem. \u2705 Tutaj kupisz produkty DJI, Yuneec, Parrot, Syma i wiele innych, a tak\u017ce kursy i licencje na operatora drona.","breadcrumb":{"@id":"https:\/\/ironsky.pl\/sklep\/produkt\/tripod-mini-pgytech-z-wysiegnikiem-do-kamer-sportowych\/#breadcrumb"},"inLanguage":"pl-PL","potentialAction":[{"@type":"ReadAction","target":["https:\/\/ironsky.pl\/sklep\/produkt\/tripod-mini-pgytech-z-wysiegnikiem-do-kamer-sportowych\/"]}]},{"@type":"ImageObject","inLanguage":"pl-PL","@id":"https:\/\/ironsky.pl\/sklep\/produkt\/tripod-mini-pgytech-z-wysiegnikiem-do-kamer-sportowych\/#primaryimage","url":"https:\/\/ironsky.pl\/sklep\/wp-content\/uploads\/2024\/09\/16127_1.jpg","contentUrl":"https:\/\/ironsky.pl\/sklep\/wp-content\/uploads\/2024\/09\/16127_1.jpg","width":800,"height":800},{"@type":"BreadcrumbList","@id":"https:\/\/ironsky.pl\/sklep\/produkt\/tripod-mini-pgytech-z-wysiegnikiem-do-kamer-sportowych\/#breadcrumb","itemListElement":[{"@type":"ListItem","position":1,"name":"Strona g\u0142\u00f3wna","item":"https:\/\/ironsky.pl\/sklep\/"},{"@type":"ListItem","position":2,"name":"Wszystkie produkty","item":"https:\/\/ironsky.pl\/sklep\/produkty\/"},{"@type":"ListItem","position":3,"name":"Tripod Mini PGYTECH z wysi\u0119gnikiem do kamer sportowych"}]},{"@type":"WebSite","@id":"https:\/\/ironsky.pl\/sklep\/#website","url":"https:\/\/ironsky.pl\/sklep\/","name":"IRONSKY.PL Sklep z Dronami","description":"IRONSKY.PL Sklep z Dronami","potentialAction":[{"@type":"SearchAction","target":{"@type":"EntryPoint","urlTemplate":"https:\/\/ironsky.pl\/sklep\/?s={search_term_string}"},"query-input":{"@type":"PropertyValueSpecification","valueRequired":true,"valueName":"search_term_string"}}],"inLanguage":"pl-PL"}]}},"_links":{"self":[{"href":"https:\/\/ironsky.pl\/sklep\/wp-json\/wp\/v2\/product\/22780","targetHints":{"allow":["GET"]}}],"collection":[{"href":"https:\/\/ironsky.pl\/sklep\/wp-json\/wp\/v2\/product"}],"about":[{"href":"https:\/\/ironsky.pl\/sklep\/wp-json\/wp\/v2\/types\/product"}],"replies":[{"embeddable":true,"href":"https:\/\/ironsky.pl\/sklep\/wp-json\/wp\/v2\/comments?post=22780"}],"wp:featuredmedia":[{"embeddable":true,"href":"https:\/\/ironsky.pl\/sklep\/wp-json\/wp\/v2\/media\/22781"}],"wp:attachment":[{"href":"https:\/\/ironsky.pl\/sklep\/wp-json\/wp\/v2\/media?parent=22780"}],"wp:term":[{"taxonomy":"product_brand","embeddable":true,"href":"https:\/\/ironsky.pl\/sklep\/wp-json\/wp\/v2\/product_brand?post=22780"},{"taxonomy":"product_cat","embeddable":true,"href":"https:\/\/ironsky.pl\/sklep\/wp-json\/wp\/v2\/product_cat?post=22780"},{"taxonomy":"product_tag","embeddable":true,"href":"https:\/\/ironsky.pl\/sklep\/wp-json\/wp\/v2\/product_tag?post=22780"}],"curies":[{"name":"wp","href":"https:\/\/api.w.org\/{rel}","templated":true}]}}