{"id":22675,"date":"2024-09-16T18:33:38","date_gmt":"2024-09-16T16:33:38","guid":{"rendered":"http:\/\/gvshalph.pro-linuxpl.com\/ironskyprodukty\/produkt\/mini-statyw-pgytech-do-kamer-sportowych-p-18c-034\/"},"modified":"2026-03-05T15:49:59","modified_gmt":"2026-03-05T14:49:59","slug":"mini-statyw-pgytech-do-kamer-sportowych-p-18c-034","status":"publish","type":"product","link":"https:\/\/ironsky.pl\/sklep\/produkt\/mini-statyw-pgytech-do-kamer-sportowych-p-18c-034\/","title":{"rendered":"Mini statyw PGYTECH do kamer sportowych (P-18C-034)"},"content":{"rendered":"<h3>Mini tripod stojak PGYTECH &#8211; uniwersalny i por\u0119czny<\/h3>\n<p>Mini tripod marki PGYTECH idealnie sprawdza si\u0119 w przypadku DJI Osmo Pocket i Pocket 2, DJI Osmo Action, Osmo Mobile 4 i 5 oraz kamer sportowych GoPro. Zosta\u0142 wyposa\u017cony w standardowy gwint 1\/4\u201d, dzi\u0119ki czemu jest kompatybilny z wieloma urz\u0105dzeniami fotograficznymi na rynku. Bardzo \u0142atwo si\u0119 rozk\u0142ada, a po z\u0142o\u017ceniu mo\u017cna go stosowa\u0107 jako wygodny uchwyt.<\/p>\n<p><img decoding=\"async\" src=\"https:\/\/b2b.innpro.pl\/data\/include\/cms\/01.21\/P-18C-034\/P-18C-034-1.jpg\"><\/p>\n<h3>Przemy\u015blany design<\/h3>\n<p>Magnetyczne n\u00f3\u017cki mini statywu maj\u0105 antypo\u015blizgowe, silikonowe ko\u0144c\u00f3wki, dzi\u0119ki czemu tripod jest stabilny na wszystkich powierzchniach. Akcesorium wykonane zosta\u0142o z tworzywa ABS i stopu aluminium.<\/p>\n<p><img decoding=\"async\" src=\"https:\/\/b2b.innpro.pl\/data\/include\/cms\/01.21\/P-18C-034\/pol_pl_Tripod-Mini-PGYTECH-do-DJI-Osmo-Pocket-Pocket-2-OM-4-i-kamer-sportowych-P-18C-034-15215_6.jpg\"><\/p>\n<h3>Por\u0119czny i lekki<\/h3>\n<p>Wysokiej jako\u015bci stop aluminium w po\u0142\u0105czeniu z tworzywem ABS daje du\u017c\u0105 wygod\u0119 oraz trwa\u0142o\u015b\u0107. Tripod wa\u017cy zaledwie 62,4 g, dzi\u0119ki czemu zapewnia wyj\u0105tkowy komfort u\u017cytkowania. Dzi\u0119ki niewielkim wymiarom i wadze mo\u017ce Ci towarzyszy\u0107 w ka\u017cdych okoliczno\u015bciach. \u0141atwo zmie\u015bci si\u0119 na przyk\u0142ad do kieszeni czy plecaka.<\/p>\n<p><img decoding=\"async\" src=\"https:\/\/b2b.innpro.pl\/data\/include\/cms\/01.21\/P-18C-034\/pol_pl_Tripod-Mini-PGYTECH-do-DJI-Osmo-Pocket-Pocket-2-OM-4-i-kamer-sportowych-P-18C-034-15215_5.jpg\"><\/p>\n<div class=\"table-wrapper\">\n<table class=\"table-specs\" style=\"height: 64px;\" width=\"861\">\n<tbody>\n<tr>\n<th><span>Kod producenta<\/span><\/th>\n<td><span>P-18C-034<\/span><\/td>\n<\/tr>\n<tr>\n<th><span><span>Materia\u0142<\/span><\/span><\/th>\n<td><span><span>ABS +\u00a0Stop aluminium<\/span><\/span><\/td>\n<\/tr>\n<tr>\n<th><span><span>Waga<\/span><\/span><\/th>\n<td><span><span>62,4 g<\/span><\/span><\/td>\n<\/tr>\n<tr>\n<th><span><span>Wymiary<\/span><\/span><\/th>\n<td><span><span>134 x 28 x 28 mm<\/span><\/span><\/td>\n<\/tr>\n<\/tbody>\n<\/table>\n<\/div>\n","protected":false},"excerpt":{"rendered":"<p>Mini tripod stojak PGYTECH &#8211; uniwersalny i por\u0119czny Mini tripod marki PGYTECH idealnie sprawdza si\u0119 w przypadku DJI Osmo Pocket<\/p>\n","protected":false},"featured_media":22676,"comment_status":"closed","ping_status":"open","template":"","meta":{"_acf_changed":false},"product_brand":[],"product_cat":[1128,1139,1140,1141,1138],"product_tag":[],"class_list":{"0":"post-22675","1":"product","2":"type-product","3":"status-publish","4":"has-post-thumbnail","6":"product_cat-foto-wideo","7":"product_cat-selfie-stick","8":"product_cat-statywy","9":"product_cat-uchwyty-do-mocowania-kamer-i-aparatow","10":"product_cat-wysiegniki","11":"pa_box-height-1344","12":"pa_box-length-1417","13":"pa_box-width-1851","14":"pa_gross-weight-1852","15":"pa_hs-code-1775","16":"pa_net-weight-1850","17":"pa_przeznaczenie-do-kamer","18":"pa_z-wbudowanym-oswietleniem-nie","20":"first","21":"outofstock","22":"taxable","23":"shipping-taxable","24":"product-type-simple"},"acf":[],"yoast_head":"<!-- This site is optimized with the Yoast SEO plugin v27.2 - https:\/\/yoast.com\/product\/yoast-seo-wordpress\/ -->\n<title>Mini statyw PGYTECH do kamer sportowych (P-18C-034) - IRONSKY.PL Sklep z Dronami<\/title>\n<meta name=\"description\" content=\"Mini statyw PGYTECH do kamer sportowych (P-18C-034) - \u2705 sklep z dronami i fachowym doradztwem. \u2705 Tutaj kupisz produkty DJI, Yuneec, Parrot, Syma i wiele innych, a tak\u017ce kursy i licencje na operatora drona.\" \/>\n<meta name=\"robots\" content=\"index, follow, max-snippet:-1, max-image-preview:large, max-video-preview:-1\" \/>\n<link rel=\"canonical\" href=\"https:\/\/ironsky.pl\/sklep\/produkt\/mini-statyw-pgytech-do-kamer-sportowych-p-18c-034\/\" \/>\n<meta property=\"og:locale\" content=\"pl_PL\" \/>\n<meta property=\"og:type\" content=\"article\" \/>\n<meta property=\"og:title\" content=\"Mini statyw PGYTECH do kamer sportowych (P-18C-034) - IRONSKY.PL Sklep z Dronami\" \/>\n<meta property=\"og:description\" content=\"Mini statyw PGYTECH do kamer sportowych (P-18C-034) - \u2705 sklep z dronami i fachowym doradztwem. \u2705 Tutaj kupisz produkty DJI, Yuneec, Parrot, Syma i wiele innych, a tak\u017ce kursy i licencje na operatora drona.\" \/>\n<meta property=\"og:url\" content=\"https:\/\/ironsky.pl\/sklep\/produkt\/mini-statyw-pgytech-do-kamer-sportowych-p-18c-034\/\" \/>\n<meta property=\"og:site_name\" content=\"IRONSKY.PL Sklep z Dronami\" \/>\n<meta property=\"article:modified_time\" content=\"2026-03-05T14:49:59+00:00\" \/>\n<meta property=\"og:image\" content=\"https:\/\/ironsky.pl\/sklep\/wp-content\/uploads\/2024\/09\/15215_1.jpg\" \/>\n\t<meta property=\"og:image:width\" content=\"765\" \/>\n\t<meta property=\"og:image:height\" content=\"671\" \/>\n\t<meta property=\"og:image:type\" content=\"image\/jpeg\" \/>\n<meta name=\"twitter:card\" content=\"summary_large_image\" \/>\n<meta name=\"twitter:label1\" content=\"Szacowany czas czytania\" \/>\n\t<meta name=\"twitter:data1\" content=\"1 minuta\" \/>\n<script type=\"application\/ld+json\" class=\"yoast-schema-graph\">{\"@context\":\"https:\/\/schema.org\",\"@graph\":[{\"@type\":\"WebPage\",\"@id\":\"https:\/\/ironsky.pl\/sklep\/produkt\/mini-statyw-pgytech-do-kamer-sportowych-p-18c-034\/\",\"url\":\"https:\/\/ironsky.pl\/sklep\/produkt\/mini-statyw-pgytech-do-kamer-sportowych-p-18c-034\/\",\"name\":\"Mini statyw PGYTECH do kamer sportowych (P-18C-034) - IRONSKY.PL Sklep z Dronami\",\"isPartOf\":{\"@id\":\"https:\/\/ironsky.pl\/sklep\/#website\"},\"primaryImageOfPage\":{\"@id\":\"https:\/\/ironsky.pl\/sklep\/produkt\/mini-statyw-pgytech-do-kamer-sportowych-p-18c-034\/#primaryimage\"},\"image\":{\"@id\":\"https:\/\/ironsky.pl\/sklep\/produkt\/mini-statyw-pgytech-do-kamer-sportowych-p-18c-034\/#primaryimage\"},\"thumbnailUrl\":\"https:\/\/ironsky.pl\/sklep\/wp-content\/uploads\/2024\/09\/15215_1.jpg\",\"datePublished\":\"2024-09-16T16:33:38+00:00\",\"dateModified\":\"2026-03-05T14:49:59+00:00\",\"description\":\"Mini statyw PGYTECH do kamer sportowych (P-18C-034) - \u2705 sklep z dronami i fachowym doradztwem. \u2705 Tutaj kupisz produkty DJI, Yuneec, Parrot, Syma i wiele innych, a tak\u017ce kursy i licencje na operatora drona.\",\"breadcrumb\":{\"@id\":\"https:\/\/ironsky.pl\/sklep\/produkt\/mini-statyw-pgytech-do-kamer-sportowych-p-18c-034\/#breadcrumb\"},\"inLanguage\":\"pl-PL\",\"potentialAction\":[{\"@type\":\"ReadAction\",\"target\":[\"https:\/\/ironsky.pl\/sklep\/produkt\/mini-statyw-pgytech-do-kamer-sportowych-p-18c-034\/\"]}]},{\"@type\":\"ImageObject\",\"inLanguage\":\"pl-PL\",\"@id\":\"https:\/\/ironsky.pl\/sklep\/produkt\/mini-statyw-pgytech-do-kamer-sportowych-p-18c-034\/#primaryimage\",\"url\":\"https:\/\/ironsky.pl\/sklep\/wp-content\/uploads\/2024\/09\/15215_1.jpg\",\"contentUrl\":\"https:\/\/ironsky.pl\/sklep\/wp-content\/uploads\/2024\/09\/15215_1.jpg\",\"width\":765,\"height\":671},{\"@type\":\"BreadcrumbList\",\"@id\":\"https:\/\/ironsky.pl\/sklep\/produkt\/mini-statyw-pgytech-do-kamer-sportowych-p-18c-034\/#breadcrumb\",\"itemListElement\":[{\"@type\":\"ListItem\",\"position\":1,\"name\":\"Strona g\u0142\u00f3wna\",\"item\":\"https:\/\/ironsky.pl\/sklep\/\"},{\"@type\":\"ListItem\",\"position\":2,\"name\":\"Wszystkie produkty\",\"item\":\"https:\/\/ironsky.pl\/sklep\/produkty\/\"},{\"@type\":\"ListItem\",\"position\":3,\"name\":\"Mini statyw PGYTECH do kamer sportowych (P-18C-034)\"}]},{\"@type\":\"WebSite\",\"@id\":\"https:\/\/ironsky.pl\/sklep\/#website\",\"url\":\"https:\/\/ironsky.pl\/sklep\/\",\"name\":\"IRONSKY.PL Sklep z Dronami\",\"description\":\"IRONSKY.PL Sklep z Dronami\",\"potentialAction\":[{\"@type\":\"SearchAction\",\"target\":{\"@type\":\"EntryPoint\",\"urlTemplate\":\"https:\/\/ironsky.pl\/sklep\/?s={search_term_string}\"},\"query-input\":{\"@type\":\"PropertyValueSpecification\",\"valueRequired\":true,\"valueName\":\"search_term_string\"}}],\"inLanguage\":\"pl-PL\"}]}<\/script>\n<!-- \/ Yoast SEO plugin. -->","yoast_head_json":{"title":"Mini statyw PGYTECH do kamer sportowych (P-18C-034) - IRONSKY.PL Sklep z Dronami","description":"Mini statyw PGYTECH do kamer sportowych (P-18C-034) - \u2705 sklep z dronami i fachowym doradztwem. \u2705 Tutaj kupisz produkty DJI, Yuneec, Parrot, Syma i wiele innych, a tak\u017ce kursy i licencje na operatora drona.","robots":{"index":"index","follow":"follow","max-snippet":"max-snippet:-1","max-image-preview":"max-image-preview:large","max-video-preview":"max-video-preview:-1"},"canonical":"https:\/\/ironsky.pl\/sklep\/produkt\/mini-statyw-pgytech-do-kamer-sportowych-p-18c-034\/","og_locale":"pl_PL","og_type":"article","og_title":"Mini statyw PGYTECH do kamer sportowych (P-18C-034) - IRONSKY.PL Sklep z Dronami","og_description":"Mini statyw PGYTECH do kamer sportowych (P-18C-034) - \u2705 sklep z dronami i fachowym doradztwem. \u2705 Tutaj kupisz produkty DJI, Yuneec, Parrot, Syma i wiele innych, a tak\u017ce kursy i licencje na operatora drona.","og_url":"https:\/\/ironsky.pl\/sklep\/produkt\/mini-statyw-pgytech-do-kamer-sportowych-p-18c-034\/","og_site_name":"IRONSKY.PL Sklep z Dronami","article_modified_time":"2026-03-05T14:49:59+00:00","og_image":[{"width":765,"height":671,"url":"https:\/\/ironsky.pl\/sklep\/wp-content\/uploads\/2024\/09\/15215_1.jpg","type":"image\/jpeg"}],"twitter_card":"summary_large_image","twitter_misc":{"Szacowany czas czytania":"1 minuta"},"schema":{"@context":"https:\/\/schema.org","@graph":[{"@type":"WebPage","@id":"https:\/\/ironsky.pl\/sklep\/produkt\/mini-statyw-pgytech-do-kamer-sportowych-p-18c-034\/","url":"https:\/\/ironsky.pl\/sklep\/produkt\/mini-statyw-pgytech-do-kamer-sportowych-p-18c-034\/","name":"Mini statyw PGYTECH do kamer sportowych (P-18C-034) - IRONSKY.PL Sklep z Dronami","isPartOf":{"@id":"https:\/\/ironsky.pl\/sklep\/#website"},"primaryImageOfPage":{"@id":"https:\/\/ironsky.pl\/sklep\/produkt\/mini-statyw-pgytech-do-kamer-sportowych-p-18c-034\/#primaryimage"},"image":{"@id":"https:\/\/ironsky.pl\/sklep\/produkt\/mini-statyw-pgytech-do-kamer-sportowych-p-18c-034\/#primaryimage"},"thumbnailUrl":"https:\/\/ironsky.pl\/sklep\/wp-content\/uploads\/2024\/09\/15215_1.jpg","datePublished":"2024-09-16T16:33:38+00:00","dateModified":"2026-03-05T14:49:59+00:00","description":"Mini statyw PGYTECH do kamer sportowych (P-18C-034) - \u2705 sklep z dronami i fachowym doradztwem. \u2705 Tutaj kupisz produkty DJI, Yuneec, Parrot, Syma i wiele innych, a tak\u017ce kursy i licencje na operatora drona.","breadcrumb":{"@id":"https:\/\/ironsky.pl\/sklep\/produkt\/mini-statyw-pgytech-do-kamer-sportowych-p-18c-034\/#breadcrumb"},"inLanguage":"pl-PL","potentialAction":[{"@type":"ReadAction","target":["https:\/\/ironsky.pl\/sklep\/produkt\/mini-statyw-pgytech-do-kamer-sportowych-p-18c-034\/"]}]},{"@type":"ImageObject","inLanguage":"pl-PL","@id":"https:\/\/ironsky.pl\/sklep\/produkt\/mini-statyw-pgytech-do-kamer-sportowych-p-18c-034\/#primaryimage","url":"https:\/\/ironsky.pl\/sklep\/wp-content\/uploads\/2024\/09\/15215_1.jpg","contentUrl":"https:\/\/ironsky.pl\/sklep\/wp-content\/uploads\/2024\/09\/15215_1.jpg","width":765,"height":671},{"@type":"BreadcrumbList","@id":"https:\/\/ironsky.pl\/sklep\/produkt\/mini-statyw-pgytech-do-kamer-sportowych-p-18c-034\/#breadcrumb","itemListElement":[{"@type":"ListItem","position":1,"name":"Strona g\u0142\u00f3wna","item":"https:\/\/ironsky.pl\/sklep\/"},{"@type":"ListItem","position":2,"name":"Wszystkie produkty","item":"https:\/\/ironsky.pl\/sklep\/produkty\/"},{"@type":"ListItem","position":3,"name":"Mini statyw PGYTECH do kamer sportowych (P-18C-034)"}]},{"@type":"WebSite","@id":"https:\/\/ironsky.pl\/sklep\/#website","url":"https:\/\/ironsky.pl\/sklep\/","name":"IRONSKY.PL Sklep z Dronami","description":"IRONSKY.PL Sklep z Dronami","potentialAction":[{"@type":"SearchAction","target":{"@type":"EntryPoint","urlTemplate":"https:\/\/ironsky.pl\/sklep\/?s={search_term_string}"},"query-input":{"@type":"PropertyValueSpecification","valueRequired":true,"valueName":"search_term_string"}}],"inLanguage":"pl-PL"}]}},"_links":{"self":[{"href":"https:\/\/ironsky.pl\/sklep\/wp-json\/wp\/v2\/product\/22675","targetHints":{"allow":["GET"]}}],"collection":[{"href":"https:\/\/ironsky.pl\/sklep\/wp-json\/wp\/v2\/product"}],"about":[{"href":"https:\/\/ironsky.pl\/sklep\/wp-json\/wp\/v2\/types\/product"}],"replies":[{"embeddable":true,"href":"https:\/\/ironsky.pl\/sklep\/wp-json\/wp\/v2\/comments?post=22675"}],"wp:featuredmedia":[{"embeddable":true,"href":"https:\/\/ironsky.pl\/sklep\/wp-json\/wp\/v2\/media\/22676"}],"wp:attachment":[{"href":"https:\/\/ironsky.pl\/sklep\/wp-json\/wp\/v2\/media?parent=22675"}],"wp:term":[{"taxonomy":"product_brand","embeddable":true,"href":"https:\/\/ironsky.pl\/sklep\/wp-json\/wp\/v2\/product_brand?post=22675"},{"taxonomy":"product_cat","embeddable":true,"href":"https:\/\/ironsky.pl\/sklep\/wp-json\/wp\/v2\/product_cat?post=22675"},{"taxonomy":"product_tag","embeddable":true,"href":"https:\/\/ironsky.pl\/sklep\/wp-json\/wp\/v2\/product_tag?post=22675"}],"curies":[{"name":"wp","href":"https:\/\/api.w.org\/{rel}","templated":true}]}}