{"id":22659,"date":"2024-09-16T18:32:34","date_gmt":"2024-09-16T16:32:34","guid":{"rendered":"http:\/\/gvshalph.pro-linuxpl.com\/ironskyprodukty\/produkt\/uniwersalny-mini-case-pgytech-do-kamer-sportowych-p-18c-021\/"},"modified":"2026-03-05T15:49:59","modified_gmt":"2026-03-05T14:49:59","slug":"uniwersalny-mini-case-pgytech-do-kamer-sportowych-p-18c-021","status":"publish","type":"product","link":"https:\/\/ironsky.pl\/sklep\/produkt\/uniwersalny-mini-case-pgytech-do-kamer-sportowych-p-18c-021\/","title":{"rendered":"Uniwersalny mini case PGYTECH do kamer sportowych (P-18C-021)"},"content":{"rendered":"<h3>Uniwersalny mini case PGYTECH do kamer sportowych (P-18C-021)<\/h3>\n<p>Mini Case transportowy PGYTECH dla DJI Osmo Pocket to wysokiej jako\u015bci wykonanie i bezpiecze\u0144stwo transportu. Wewn\u0105trz zmie\u015bcimy Osmo Pocket wraz z dodatkowymi akcesoriami dzi\u0119ki dw\u00f3m d\u0142ugim i czterem kr\u00f3tkim, mo\u017cliwym do zmiany po\u0142o\u017cenia przegr\u00f3dkom. Materia\u0142y wykorzystane do budowy oraz zamek znakomicie chroni\u0105 przed dost\u0119pem wody.<\/p>\n<p><img decoding=\"async\" src=\"https:\/\/b2b.innpro.pl\/data\/include\/cms\/5przemek\/PGY\/P-18C-021\/P-18C-021-4.jpg\" border=\"0\" alt=\"5przemek\/PGY\/P-18C-021\/P-18C-021-1\" \/><\/p>\n<div class=\"table-wrapper\">\n<table>\n<tbody>\n<tr>\n<th>Kod producenta<\/th>\n<td>P-18C-021<\/td>\n<\/tr>\n<tr>\n<th>Wymiary<\/th>\n<td>192mm * 140mm * 62 mm<\/td>\n<\/tr>\n<tr>\n<th>Waga<\/th>\n<td>231 g<\/td>\n<\/tr>\n<tr>\n<th>Tworzywo<\/th>\n<td>Nylon, EVA<\/td>\n<\/tr>\n<tr>\n<th>Kompatybilno\u015b\u0107<\/th>\n<td>DJI Osmo Pocket ; DJI Osmo Pocket 2 ; DJI Osmo Action ; DJI Osmo Mobile 5<\/td>\n<\/tr>\n<\/tbody>\n<\/table>\n<\/div>\n","protected":false},"excerpt":{"rendered":"<p>Uniwersalny mini case PGYTECH do kamer sportowych (P-18C-021) Mini Case transportowy PGYTECH dla DJI Osmo Pocket to wysokiej jako\u015bci wykonanie<\/p>\n","protected":false},"featured_media":22660,"comment_status":"closed","ping_status":"open","template":"","meta":{"_acf_changed":false},"product_brand":[],"product_cat":[1128,5762,5761],"product_tag":[],"class_list":{"0":"post-22659","1":"product","2":"type-product","3":"status-publish","4":"has-post-thumbnail","6":"product_cat-foto-wideo","7":"product_cat-pokrowce-i-futeraly-fotograficzne","8":"product_cat-transport","9":"pa_box-height-1832","10":"pa_box-length-1833","11":"pa_box-width-1831","12":"pa_gross-weight-1834","13":"pa_hs-code-1768","14":"pa_kolor-czarny","15":"pa_kompatybilnosc-etui-i-pokrowce","16":"pa_model-pocket","17":"pa_net-weight-1830","19":"first","20":"outofstock","21":"taxable","22":"shipping-taxable","23":"purchasable","24":"product-type-simple"},"acf":[],"yoast_head":"<!-- This site is optimized with the Yoast SEO plugin v27.2 - https:\/\/yoast.com\/product\/yoast-seo-wordpress\/ -->\n<title>Uniwersalny mini case PGYTECH do kamer sportowych (P-18C-021) - IRONSKY.PL Sklep z Dronami<\/title>\n<meta name=\"description\" content=\"Uniwersalny mini case PGYTECH do kamer sportowych (P-18C-021) - \u2705 sklep z dronami i fachowym doradztwem. \u2705 Tutaj kupisz produkty DJI, Yuneec, Parrot, Syma i wiele innych, a tak\u017ce kursy i licencje na operatora drona.\" \/>\n<meta name=\"robots\" content=\"index, follow, max-snippet:-1, max-image-preview:large, max-video-preview:-1\" \/>\n<link rel=\"canonical\" href=\"https:\/\/ironsky.pl\/sklep\/produkt\/uniwersalny-mini-case-pgytech-do-kamer-sportowych-p-18c-021\/\" \/>\n<meta property=\"og:locale\" content=\"pl_PL\" \/>\n<meta property=\"og:type\" content=\"article\" \/>\n<meta property=\"og:title\" content=\"Uniwersalny mini case PGYTECH do kamer sportowych (P-18C-021) - IRONSKY.PL Sklep z Dronami\" \/>\n<meta property=\"og:description\" content=\"Uniwersalny mini case PGYTECH do kamer sportowych (P-18C-021) - \u2705 sklep z dronami i fachowym doradztwem. \u2705 Tutaj kupisz produkty DJI, Yuneec, Parrot, Syma i wiele innych, a tak\u017ce kursy i licencje na operatora drona.\" \/>\n<meta property=\"og:url\" content=\"https:\/\/ironsky.pl\/sklep\/produkt\/uniwersalny-mini-case-pgytech-do-kamer-sportowych-p-18c-021\/\" \/>\n<meta property=\"og:site_name\" content=\"IRONSKY.PL Sklep z Dronami\" \/>\n<meta property=\"article:modified_time\" content=\"2026-03-05T14:49:59+00:00\" \/>\n<meta property=\"og:image\" content=\"https:\/\/ironsky.pl\/sklep\/wp-content\/uploads\/2024\/09\/14684_6.png\" \/>\n\t<meta property=\"og:image:width\" content=\"627\" \/>\n\t<meta property=\"og:image:height\" content=\"681\" \/>\n\t<meta property=\"og:image:type\" content=\"image\/png\" \/>\n<meta name=\"twitter:card\" content=\"summary_large_image\" \/>\n<script type=\"application\/ld+json\" class=\"yoast-schema-graph\">{\"@context\":\"https:\/\/schema.org\",\"@graph\":[{\"@type\":\"WebPage\",\"@id\":\"https:\/\/ironsky.pl\/sklep\/produkt\/uniwersalny-mini-case-pgytech-do-kamer-sportowych-p-18c-021\/\",\"url\":\"https:\/\/ironsky.pl\/sklep\/produkt\/uniwersalny-mini-case-pgytech-do-kamer-sportowych-p-18c-021\/\",\"name\":\"Uniwersalny mini case PGYTECH do kamer sportowych (P-18C-021) - IRONSKY.PL Sklep z Dronami\",\"isPartOf\":{\"@id\":\"https:\/\/ironsky.pl\/sklep\/#website\"},\"primaryImageOfPage\":{\"@id\":\"https:\/\/ironsky.pl\/sklep\/produkt\/uniwersalny-mini-case-pgytech-do-kamer-sportowych-p-18c-021\/#primaryimage\"},\"image\":{\"@id\":\"https:\/\/ironsky.pl\/sklep\/produkt\/uniwersalny-mini-case-pgytech-do-kamer-sportowych-p-18c-021\/#primaryimage\"},\"thumbnailUrl\":\"https:\/\/ironsky.pl\/sklep\/wp-content\/uploads\/2024\/09\/14684_6.png\",\"datePublished\":\"2024-09-16T16:32:34+00:00\",\"dateModified\":\"2026-03-05T14:49:59+00:00\",\"description\":\"Uniwersalny mini case PGYTECH do kamer sportowych (P-18C-021) - \u2705 sklep z dronami i fachowym doradztwem. \u2705 Tutaj kupisz produkty DJI, Yuneec, Parrot, Syma i wiele innych, a tak\u017ce kursy i licencje na operatora drona.\",\"breadcrumb\":{\"@id\":\"https:\/\/ironsky.pl\/sklep\/produkt\/uniwersalny-mini-case-pgytech-do-kamer-sportowych-p-18c-021\/#breadcrumb\"},\"inLanguage\":\"pl-PL\",\"potentialAction\":[{\"@type\":\"ReadAction\",\"target\":[\"https:\/\/ironsky.pl\/sklep\/produkt\/uniwersalny-mini-case-pgytech-do-kamer-sportowych-p-18c-021\/\"]}]},{\"@type\":\"ImageObject\",\"inLanguage\":\"pl-PL\",\"@id\":\"https:\/\/ironsky.pl\/sklep\/produkt\/uniwersalny-mini-case-pgytech-do-kamer-sportowych-p-18c-021\/#primaryimage\",\"url\":\"https:\/\/ironsky.pl\/sklep\/wp-content\/uploads\/2024\/09\/14684_6.png\",\"contentUrl\":\"https:\/\/ironsky.pl\/sklep\/wp-content\/uploads\/2024\/09\/14684_6.png\",\"width\":627,\"height\":681},{\"@type\":\"BreadcrumbList\",\"@id\":\"https:\/\/ironsky.pl\/sklep\/produkt\/uniwersalny-mini-case-pgytech-do-kamer-sportowych-p-18c-021\/#breadcrumb\",\"itemListElement\":[{\"@type\":\"ListItem\",\"position\":1,\"name\":\"Strona g\u0142\u00f3wna\",\"item\":\"https:\/\/ironsky.pl\/sklep\/\"},{\"@type\":\"ListItem\",\"position\":2,\"name\":\"Wszystkie produkty\",\"item\":\"https:\/\/ironsky.pl\/sklep\/produkty\/\"},{\"@type\":\"ListItem\",\"position\":3,\"name\":\"Uniwersalny mini case PGYTECH do kamer sportowych (P-18C-021)\"}]},{\"@type\":\"WebSite\",\"@id\":\"https:\/\/ironsky.pl\/sklep\/#website\",\"url\":\"https:\/\/ironsky.pl\/sklep\/\",\"name\":\"IRONSKY.PL Sklep z Dronami\",\"description\":\"IRONSKY.PL Sklep z Dronami\",\"potentialAction\":[{\"@type\":\"SearchAction\",\"target\":{\"@type\":\"EntryPoint\",\"urlTemplate\":\"https:\/\/ironsky.pl\/sklep\/?s={search_term_string}\"},\"query-input\":{\"@type\":\"PropertyValueSpecification\",\"valueRequired\":true,\"valueName\":\"search_term_string\"}}],\"inLanguage\":\"pl-PL\"}]}<\/script>\n<!-- \/ Yoast SEO plugin. -->","yoast_head_json":{"title":"Uniwersalny mini case PGYTECH do kamer sportowych (P-18C-021) - IRONSKY.PL Sklep z Dronami","description":"Uniwersalny mini case PGYTECH do kamer sportowych (P-18C-021) - \u2705 sklep z dronami i fachowym doradztwem. \u2705 Tutaj kupisz produkty DJI, Yuneec, Parrot, Syma i wiele innych, a tak\u017ce kursy i licencje na operatora drona.","robots":{"index":"index","follow":"follow","max-snippet":"max-snippet:-1","max-image-preview":"max-image-preview:large","max-video-preview":"max-video-preview:-1"},"canonical":"https:\/\/ironsky.pl\/sklep\/produkt\/uniwersalny-mini-case-pgytech-do-kamer-sportowych-p-18c-021\/","og_locale":"pl_PL","og_type":"article","og_title":"Uniwersalny mini case PGYTECH do kamer sportowych (P-18C-021) - IRONSKY.PL Sklep z Dronami","og_description":"Uniwersalny mini case PGYTECH do kamer sportowych (P-18C-021) - \u2705 sklep z dronami i fachowym doradztwem. \u2705 Tutaj kupisz produkty DJI, Yuneec, Parrot, Syma i wiele innych, a tak\u017ce kursy i licencje na operatora drona.","og_url":"https:\/\/ironsky.pl\/sklep\/produkt\/uniwersalny-mini-case-pgytech-do-kamer-sportowych-p-18c-021\/","og_site_name":"IRONSKY.PL Sklep z Dronami","article_modified_time":"2026-03-05T14:49:59+00:00","og_image":[{"width":627,"height":681,"url":"https:\/\/ironsky.pl\/sklep\/wp-content\/uploads\/2024\/09\/14684_6.png","type":"image\/png"}],"twitter_card":"summary_large_image","schema":{"@context":"https:\/\/schema.org","@graph":[{"@type":"WebPage","@id":"https:\/\/ironsky.pl\/sklep\/produkt\/uniwersalny-mini-case-pgytech-do-kamer-sportowych-p-18c-021\/","url":"https:\/\/ironsky.pl\/sklep\/produkt\/uniwersalny-mini-case-pgytech-do-kamer-sportowych-p-18c-021\/","name":"Uniwersalny mini case PGYTECH do kamer sportowych (P-18C-021) - IRONSKY.PL Sklep z Dronami","isPartOf":{"@id":"https:\/\/ironsky.pl\/sklep\/#website"},"primaryImageOfPage":{"@id":"https:\/\/ironsky.pl\/sklep\/produkt\/uniwersalny-mini-case-pgytech-do-kamer-sportowych-p-18c-021\/#primaryimage"},"image":{"@id":"https:\/\/ironsky.pl\/sklep\/produkt\/uniwersalny-mini-case-pgytech-do-kamer-sportowych-p-18c-021\/#primaryimage"},"thumbnailUrl":"https:\/\/ironsky.pl\/sklep\/wp-content\/uploads\/2024\/09\/14684_6.png","datePublished":"2024-09-16T16:32:34+00:00","dateModified":"2026-03-05T14:49:59+00:00","description":"Uniwersalny mini case PGYTECH do kamer sportowych (P-18C-021) - \u2705 sklep z dronami i fachowym doradztwem. \u2705 Tutaj kupisz produkty DJI, Yuneec, Parrot, Syma i wiele innych, a tak\u017ce kursy i licencje na operatora drona.","breadcrumb":{"@id":"https:\/\/ironsky.pl\/sklep\/produkt\/uniwersalny-mini-case-pgytech-do-kamer-sportowych-p-18c-021\/#breadcrumb"},"inLanguage":"pl-PL","potentialAction":[{"@type":"ReadAction","target":["https:\/\/ironsky.pl\/sklep\/produkt\/uniwersalny-mini-case-pgytech-do-kamer-sportowych-p-18c-021\/"]}]},{"@type":"ImageObject","inLanguage":"pl-PL","@id":"https:\/\/ironsky.pl\/sklep\/produkt\/uniwersalny-mini-case-pgytech-do-kamer-sportowych-p-18c-021\/#primaryimage","url":"https:\/\/ironsky.pl\/sklep\/wp-content\/uploads\/2024\/09\/14684_6.png","contentUrl":"https:\/\/ironsky.pl\/sklep\/wp-content\/uploads\/2024\/09\/14684_6.png","width":627,"height":681},{"@type":"BreadcrumbList","@id":"https:\/\/ironsky.pl\/sklep\/produkt\/uniwersalny-mini-case-pgytech-do-kamer-sportowych-p-18c-021\/#breadcrumb","itemListElement":[{"@type":"ListItem","position":1,"name":"Strona g\u0142\u00f3wna","item":"https:\/\/ironsky.pl\/sklep\/"},{"@type":"ListItem","position":2,"name":"Wszystkie produkty","item":"https:\/\/ironsky.pl\/sklep\/produkty\/"},{"@type":"ListItem","position":3,"name":"Uniwersalny mini case PGYTECH do kamer sportowych (P-18C-021)"}]},{"@type":"WebSite","@id":"https:\/\/ironsky.pl\/sklep\/#website","url":"https:\/\/ironsky.pl\/sklep\/","name":"IRONSKY.PL Sklep z Dronami","description":"IRONSKY.PL Sklep z Dronami","potentialAction":[{"@type":"SearchAction","target":{"@type":"EntryPoint","urlTemplate":"https:\/\/ironsky.pl\/sklep\/?s={search_term_string}"},"query-input":{"@type":"PropertyValueSpecification","valueRequired":true,"valueName":"search_term_string"}}],"inLanguage":"pl-PL"}]}},"_links":{"self":[{"href":"https:\/\/ironsky.pl\/sklep\/wp-json\/wp\/v2\/product\/22659","targetHints":{"allow":["GET"]}}],"collection":[{"href":"https:\/\/ironsky.pl\/sklep\/wp-json\/wp\/v2\/product"}],"about":[{"href":"https:\/\/ironsky.pl\/sklep\/wp-json\/wp\/v2\/types\/product"}],"replies":[{"embeddable":true,"href":"https:\/\/ironsky.pl\/sklep\/wp-json\/wp\/v2\/comments?post=22659"}],"wp:featuredmedia":[{"embeddable":true,"href":"https:\/\/ironsky.pl\/sklep\/wp-json\/wp\/v2\/media\/22660"}],"wp:attachment":[{"href":"https:\/\/ironsky.pl\/sklep\/wp-json\/wp\/v2\/media?parent=22659"}],"wp:term":[{"taxonomy":"product_brand","embeddable":true,"href":"https:\/\/ironsky.pl\/sklep\/wp-json\/wp\/v2\/product_brand?post=22659"},{"taxonomy":"product_cat","embeddable":true,"href":"https:\/\/ironsky.pl\/sklep\/wp-json\/wp\/v2\/product_cat?post=22659"},{"taxonomy":"product_tag","embeddable":true,"href":"https:\/\/ironsky.pl\/sklep\/wp-json\/wp\/v2\/product_tag?post=22659"}],"curies":[{"name":"wp","href":"https:\/\/api.w.org\/{rel}","templated":true}]}}