{"id":22635,"date":"2024-09-16T18:32:34","date_gmt":"2024-09-16T16:32:34","guid":{"rendered":"http:\/\/gvshalph.pro-linuxpl.com\/ironskyprodukty\/produkt\/filtr-uv-polarpro-quartz-line-do-obiektywow-77mm\/"},"modified":"2026-03-05T15:49:58","modified_gmt":"2026-03-05T14:49:58","slug":"filtr-uv-polarpro-quartz-line-do-obiektywow-77mm","status":"publish","type":"product","link":"https:\/\/ironsky.pl\/sklep\/produkt\/filtr-uv-polarpro-quartz-line-do-obiektywow-77mm\/","title":{"rendered":"Filtr UV PolarPro Quartz Line do obiektyw\u00f3w 77mm"},"content":{"rendered":"<h3>Filtr UV PolarPro Quartz Line do obiektyw\u00f3w 77mm<\/h3>\n<\/p>\n<p>Wejd\u017a na nowy poziom fotografii i filmowania z filtrem UV PolarPro Quartz Line! Doskonale chroni obiektyw przed szkodliwym promieniowaniem UV, jednocze\u015bnie minimalizuj\u0105c niepo\u017c\u0105dane efekty odblask\u00f3w i flar, co przek\u0142ada si\u0119 na jeszcze lepsz\u0105 jako\u015b\u0107 Twoich materia\u0142\u00f3w. Wykonany z hartowanego szk\u0142a, jest a\u017c czterokrotnie mocniejszy ni\u017c standardowe filtry, co gwarantuje niezwyk\u0142\u0105 trwa\u0142o\u015b\u0107 i ochron\u0119 Twojego obiektywu. Szk\u0142o z serii Cinema w pe\u0142ni sprosta nawet najwi\u0119kszym sensorom kamer, zapewniaj\u0105c rozwi\u0105zania na miar\u0119 Twoich potrzeb.<\/p>\n<\/p>\n<p>\n<img decoding=\"async\" src=\"https:\/\/assets.innpro.pl\/4669\/5397\/2.jpg\" border=\"0\" \/>\n<\/p>\n<h3>Niezawodna ochrona<\/h3>\n<\/p>\n<p>Filtr UV PolarPro Quartz Line to niezb\u0119dny dodatek dla ka\u017cdego fotografa, kt\u00f3ry dba o bezpiecze\u0144stwo i jako\u015b\u0107 swoich zdj\u0119\u0107. Jego g\u0142\u00f3wnym zadaniem jest ochrona przed szkodliwymi promieniami ultrafioletowymi, kt\u00f3re mog\u0105 negatywnie wp\u0142ywa\u0107 na jako\u015b\u0107 obrazu i wywo\u0142ywa\u0107 niepo\u017c\u0105dane efekty, takie jak mglisto\u015b\u0107 czy zniekszta\u0142cenia kolor\u00f3w. Dzi\u0119ki wysokiej transmisji \u015bwiat\u0142a na poziomie 99% filtr minimalizuje straty \u015bwietlne, co pozwala na zachowanie prawdziwych kolor\u00f3w i detali w ka\u017cdym uj\u0119ciu.\u00a0\u00a0<\/p>\n<\/p>\n<p>\n<img decoding=\"async\" src=\"https:\/\/assets.innpro.pl\/4669\/5397\/1.jpg\" border=\"0\" \/>\n<\/p>\n<div class=\"table-wrapper\">\n<p>\u00a0<\/p>\n<h3><\/h3>\n<table>\n<tbody>\n<tr>\n<th>Producent<\/th>\n<td>PolarPro<\/td>\n<\/tr>\n<tr>\n<th>Model<\/th>\n<td>77-UV<\/td>\n<\/tr>\n<tr>\n<th>Rodzaj filtru\t<\/th>\n<td>UV<\/td>\n<\/tr>\n<tr>\n<th>Rozmiar<\/th>\n<td>77 mm<\/td>\n<\/tr>\n<\/tbody>\n<\/table>\n<\/div>\n","protected":false},"excerpt":{"rendered":"<p>Filtr UV PolarPro Quartz Line do obiektyw\u00f3w 77mm Wejd\u017a na nowy poziom fotografii i filmowania z filtrem UV PolarPro Quartz<\/p>\n","protected":false},"featured_media":22636,"comment_status":"closed","ping_status":"open","template":"","meta":{"_acf_changed":false},"product_brand":[],"product_cat":[1132,1133,1128],"product_tag":[],"class_list":{"0":"post-22635","1":"product","2":"type-product","3":"status-publish","4":"has-post-thumbnail","6":"product_cat-filtry-foto","7":"product_cat-do-lustrzanek","8":"product_cat-foto-wideo","9":"pa_box-height-1745","10":"pa_box-length-1746","11":"pa_box-width-1744","12":"pa_gross-weight-1561","13":"pa_hs-code-1741","14":"pa_kompatybilnosc-filtry","15":"pa_net-weight-1750","16":"pa_obiektyw-mm-1751","17":"pa_zestaw-nie","19":"first","20":"outofstock","21":"taxable","22":"shipping-taxable","23":"purchasable","24":"product-type-simple"},"acf":[],"yoast_head":"<!-- This site is optimized with the Yoast SEO plugin v27.2 - https:\/\/yoast.com\/product\/yoast-seo-wordpress\/ -->\n<title>Filtr UV PolarPro Quartz Line do obiektyw\u00f3w 77mm - IRONSKY.PL Sklep z Dronami<\/title>\n<meta name=\"description\" content=\"Filtr UV PolarPro Quartz Line do obiektyw\u00f3w 77mm - \u2705 sklep z dronami i fachowym doradztwem. \u2705 Tutaj kupisz produkty DJI, Yuneec, Parrot, Syma i wiele innych, a tak\u017ce kursy i licencje na operatora drona.\" \/>\n<meta name=\"robots\" content=\"index, follow, max-snippet:-1, max-image-preview:large, max-video-preview:-1\" \/>\n<link rel=\"canonical\" href=\"https:\/\/ironsky.pl\/sklep\/produkt\/filtr-uv-polarpro-quartz-line-do-obiektywow-77mm\/\" \/>\n<meta property=\"og:locale\" content=\"pl_PL\" \/>\n<meta property=\"og:type\" content=\"article\" \/>\n<meta property=\"og:title\" content=\"Filtr UV PolarPro Quartz Line do obiektyw\u00f3w 77mm - IRONSKY.PL Sklep z Dronami\" \/>\n<meta property=\"og:description\" content=\"Filtr UV PolarPro Quartz Line do obiektyw\u00f3w 77mm - \u2705 sklep z dronami i fachowym doradztwem. \u2705 Tutaj kupisz produkty DJI, Yuneec, Parrot, Syma i wiele innych, a tak\u017ce kursy i licencje na operatora drona.\" \/>\n<meta property=\"og:url\" content=\"https:\/\/ironsky.pl\/sklep\/produkt\/filtr-uv-polarpro-quartz-line-do-obiektywow-77mm\/\" \/>\n<meta property=\"og:site_name\" content=\"IRONSKY.PL Sklep z Dronami\" \/>\n<meta property=\"article:modified_time\" content=\"2026-03-05T14:49:58+00:00\" \/>\n<meta property=\"og:image\" content=\"https:\/\/ironsky.pl\/sklep\/wp-content\/uploads\/2024\/09\/13868_2.jpg\" \/>\n\t<meta property=\"og:image:width\" content=\"800\" \/>\n\t<meta property=\"og:image:height\" content=\"800\" \/>\n\t<meta property=\"og:image:type\" content=\"image\/jpeg\" \/>\n<meta name=\"twitter:card\" content=\"summary_large_image\" \/>\n<meta name=\"twitter:label1\" content=\"Szacowany czas czytania\" \/>\n\t<meta name=\"twitter:data1\" content=\"1 minuta\" \/>\n<script type=\"application\/ld+json\" class=\"yoast-schema-graph\">{\"@context\":\"https:\/\/schema.org\",\"@graph\":[{\"@type\":\"WebPage\",\"@id\":\"https:\/\/ironsky.pl\/sklep\/produkt\/filtr-uv-polarpro-quartz-line-do-obiektywow-77mm\/\",\"url\":\"https:\/\/ironsky.pl\/sklep\/produkt\/filtr-uv-polarpro-quartz-line-do-obiektywow-77mm\/\",\"name\":\"Filtr UV PolarPro Quartz Line do obiektyw\u00f3w 77mm - IRONSKY.PL Sklep z Dronami\",\"isPartOf\":{\"@id\":\"https:\/\/ironsky.pl\/sklep\/#website\"},\"primaryImageOfPage\":{\"@id\":\"https:\/\/ironsky.pl\/sklep\/produkt\/filtr-uv-polarpro-quartz-line-do-obiektywow-77mm\/#primaryimage\"},\"image\":{\"@id\":\"https:\/\/ironsky.pl\/sklep\/produkt\/filtr-uv-polarpro-quartz-line-do-obiektywow-77mm\/#primaryimage\"},\"thumbnailUrl\":\"https:\/\/ironsky.pl\/sklep\/wp-content\/uploads\/2024\/09\/13868_2.jpg\",\"datePublished\":\"2024-09-16T16:32:34+00:00\",\"dateModified\":\"2026-03-05T14:49:58+00:00\",\"description\":\"Filtr UV PolarPro Quartz Line do obiektyw\u00f3w 77mm - \u2705 sklep z dronami i fachowym doradztwem. \u2705 Tutaj kupisz produkty DJI, Yuneec, Parrot, Syma i wiele innych, a tak\u017ce kursy i licencje na operatora drona.\",\"breadcrumb\":{\"@id\":\"https:\/\/ironsky.pl\/sklep\/produkt\/filtr-uv-polarpro-quartz-line-do-obiektywow-77mm\/#breadcrumb\"},\"inLanguage\":\"pl-PL\",\"potentialAction\":[{\"@type\":\"ReadAction\",\"target\":[\"https:\/\/ironsky.pl\/sklep\/produkt\/filtr-uv-polarpro-quartz-line-do-obiektywow-77mm\/\"]}]},{\"@type\":\"ImageObject\",\"inLanguage\":\"pl-PL\",\"@id\":\"https:\/\/ironsky.pl\/sklep\/produkt\/filtr-uv-polarpro-quartz-line-do-obiektywow-77mm\/#primaryimage\",\"url\":\"https:\/\/ironsky.pl\/sklep\/wp-content\/uploads\/2024\/09\/13868_2.jpg\",\"contentUrl\":\"https:\/\/ironsky.pl\/sklep\/wp-content\/uploads\/2024\/09\/13868_2.jpg\",\"width\":800,\"height\":800},{\"@type\":\"BreadcrumbList\",\"@id\":\"https:\/\/ironsky.pl\/sklep\/produkt\/filtr-uv-polarpro-quartz-line-do-obiektywow-77mm\/#breadcrumb\",\"itemListElement\":[{\"@type\":\"ListItem\",\"position\":1,\"name\":\"Strona g\u0142\u00f3wna\",\"item\":\"https:\/\/ironsky.pl\/sklep\/\"},{\"@type\":\"ListItem\",\"position\":2,\"name\":\"Wszystkie produkty\",\"item\":\"https:\/\/ironsky.pl\/sklep\/produkty\/\"},{\"@type\":\"ListItem\",\"position\":3,\"name\":\"Filtr UV PolarPro Quartz Line do obiektyw\u00f3w 77mm\"}]},{\"@type\":\"WebSite\",\"@id\":\"https:\/\/ironsky.pl\/sklep\/#website\",\"url\":\"https:\/\/ironsky.pl\/sklep\/\",\"name\":\"IRONSKY.PL Sklep z Dronami\",\"description\":\"IRONSKY.PL Sklep z Dronami\",\"potentialAction\":[{\"@type\":\"SearchAction\",\"target\":{\"@type\":\"EntryPoint\",\"urlTemplate\":\"https:\/\/ironsky.pl\/sklep\/?s={search_term_string}\"},\"query-input\":{\"@type\":\"PropertyValueSpecification\",\"valueRequired\":true,\"valueName\":\"search_term_string\"}}],\"inLanguage\":\"pl-PL\"}]}<\/script>\n<!-- \/ Yoast SEO plugin. -->","yoast_head_json":{"title":"Filtr UV PolarPro Quartz Line do obiektyw\u00f3w 77mm - IRONSKY.PL Sklep z Dronami","description":"Filtr UV PolarPro Quartz Line do obiektyw\u00f3w 77mm - \u2705 sklep z dronami i fachowym doradztwem. \u2705 Tutaj kupisz produkty DJI, Yuneec, Parrot, Syma i wiele innych, a tak\u017ce kursy i licencje na operatora drona.","robots":{"index":"index","follow":"follow","max-snippet":"max-snippet:-1","max-image-preview":"max-image-preview:large","max-video-preview":"max-video-preview:-1"},"canonical":"https:\/\/ironsky.pl\/sklep\/produkt\/filtr-uv-polarpro-quartz-line-do-obiektywow-77mm\/","og_locale":"pl_PL","og_type":"article","og_title":"Filtr UV PolarPro Quartz Line do obiektyw\u00f3w 77mm - IRONSKY.PL Sklep z Dronami","og_description":"Filtr UV PolarPro Quartz Line do obiektyw\u00f3w 77mm - \u2705 sklep z dronami i fachowym doradztwem. \u2705 Tutaj kupisz produkty DJI, Yuneec, Parrot, Syma i wiele innych, a tak\u017ce kursy i licencje na operatora drona.","og_url":"https:\/\/ironsky.pl\/sklep\/produkt\/filtr-uv-polarpro-quartz-line-do-obiektywow-77mm\/","og_site_name":"IRONSKY.PL Sklep z Dronami","article_modified_time":"2026-03-05T14:49:58+00:00","og_image":[{"width":800,"height":800,"url":"https:\/\/ironsky.pl\/sklep\/wp-content\/uploads\/2024\/09\/13868_2.jpg","type":"image\/jpeg"}],"twitter_card":"summary_large_image","twitter_misc":{"Szacowany czas czytania":"1 minuta"},"schema":{"@context":"https:\/\/schema.org","@graph":[{"@type":"WebPage","@id":"https:\/\/ironsky.pl\/sklep\/produkt\/filtr-uv-polarpro-quartz-line-do-obiektywow-77mm\/","url":"https:\/\/ironsky.pl\/sklep\/produkt\/filtr-uv-polarpro-quartz-line-do-obiektywow-77mm\/","name":"Filtr UV PolarPro Quartz Line do obiektyw\u00f3w 77mm - IRONSKY.PL Sklep z Dronami","isPartOf":{"@id":"https:\/\/ironsky.pl\/sklep\/#website"},"primaryImageOfPage":{"@id":"https:\/\/ironsky.pl\/sklep\/produkt\/filtr-uv-polarpro-quartz-line-do-obiektywow-77mm\/#primaryimage"},"image":{"@id":"https:\/\/ironsky.pl\/sklep\/produkt\/filtr-uv-polarpro-quartz-line-do-obiektywow-77mm\/#primaryimage"},"thumbnailUrl":"https:\/\/ironsky.pl\/sklep\/wp-content\/uploads\/2024\/09\/13868_2.jpg","datePublished":"2024-09-16T16:32:34+00:00","dateModified":"2026-03-05T14:49:58+00:00","description":"Filtr UV PolarPro Quartz Line do obiektyw\u00f3w 77mm - \u2705 sklep z dronami i fachowym doradztwem. \u2705 Tutaj kupisz produkty DJI, Yuneec, Parrot, Syma i wiele innych, a tak\u017ce kursy i licencje na operatora drona.","breadcrumb":{"@id":"https:\/\/ironsky.pl\/sklep\/produkt\/filtr-uv-polarpro-quartz-line-do-obiektywow-77mm\/#breadcrumb"},"inLanguage":"pl-PL","potentialAction":[{"@type":"ReadAction","target":["https:\/\/ironsky.pl\/sklep\/produkt\/filtr-uv-polarpro-quartz-line-do-obiektywow-77mm\/"]}]},{"@type":"ImageObject","inLanguage":"pl-PL","@id":"https:\/\/ironsky.pl\/sklep\/produkt\/filtr-uv-polarpro-quartz-line-do-obiektywow-77mm\/#primaryimage","url":"https:\/\/ironsky.pl\/sklep\/wp-content\/uploads\/2024\/09\/13868_2.jpg","contentUrl":"https:\/\/ironsky.pl\/sklep\/wp-content\/uploads\/2024\/09\/13868_2.jpg","width":800,"height":800},{"@type":"BreadcrumbList","@id":"https:\/\/ironsky.pl\/sklep\/produkt\/filtr-uv-polarpro-quartz-line-do-obiektywow-77mm\/#breadcrumb","itemListElement":[{"@type":"ListItem","position":1,"name":"Strona g\u0142\u00f3wna","item":"https:\/\/ironsky.pl\/sklep\/"},{"@type":"ListItem","position":2,"name":"Wszystkie produkty","item":"https:\/\/ironsky.pl\/sklep\/produkty\/"},{"@type":"ListItem","position":3,"name":"Filtr UV PolarPro Quartz Line do obiektyw\u00f3w 77mm"}]},{"@type":"WebSite","@id":"https:\/\/ironsky.pl\/sklep\/#website","url":"https:\/\/ironsky.pl\/sklep\/","name":"IRONSKY.PL Sklep z Dronami","description":"IRONSKY.PL Sklep z Dronami","potentialAction":[{"@type":"SearchAction","target":{"@type":"EntryPoint","urlTemplate":"https:\/\/ironsky.pl\/sklep\/?s={search_term_string}"},"query-input":{"@type":"PropertyValueSpecification","valueRequired":true,"valueName":"search_term_string"}}],"inLanguage":"pl-PL"}]}},"_links":{"self":[{"href":"https:\/\/ironsky.pl\/sklep\/wp-json\/wp\/v2\/product\/22635","targetHints":{"allow":["GET"]}}],"collection":[{"href":"https:\/\/ironsky.pl\/sklep\/wp-json\/wp\/v2\/product"}],"about":[{"href":"https:\/\/ironsky.pl\/sklep\/wp-json\/wp\/v2\/types\/product"}],"replies":[{"embeddable":true,"href":"https:\/\/ironsky.pl\/sklep\/wp-json\/wp\/v2\/comments?post=22635"}],"wp:featuredmedia":[{"embeddable":true,"href":"https:\/\/ironsky.pl\/sklep\/wp-json\/wp\/v2\/media\/22636"}],"wp:attachment":[{"href":"https:\/\/ironsky.pl\/sklep\/wp-json\/wp\/v2\/media?parent=22635"}],"wp:term":[{"taxonomy":"product_brand","embeddable":true,"href":"https:\/\/ironsky.pl\/sklep\/wp-json\/wp\/v2\/product_brand?post=22635"},{"taxonomy":"product_cat","embeddable":true,"href":"https:\/\/ironsky.pl\/sklep\/wp-json\/wp\/v2\/product_cat?post=22635"},{"taxonomy":"product_tag","embeddable":true,"href":"https:\/\/ironsky.pl\/sklep\/wp-json\/wp\/v2\/product_tag?post=22635"}],"curies":[{"name":"wp","href":"https:\/\/api.w.org\/{rel}","templated":true}]}}