{"id":22625,"date":"2024-09-16T18:32:34","date_gmt":"2024-09-16T16:32:34","guid":{"rendered":"http:\/\/gvshalph.pro-linuxpl.com\/ironskyprodukty\/produkt\/filtr-nd1000-polarpro-quartz-line-do-obiektywow-77mm\/"},"modified":"2026-03-05T15:49:58","modified_gmt":"2026-03-05T14:49:58","slug":"filtr-nd1000-polarpro-quartz-line-do-obiektywow-77mm","status":"publish","type":"product","link":"https:\/\/ironsky.pl\/sklep\/produkt\/filtr-nd1000-polarpro-quartz-line-do-obiektywow-77mm\/","title":{"rendered":"Filtr ND1000 PolarPro Quartz Line do obiektyw\u00f3w 77mm"},"content":{"rendered":"<h3>Filtr ND1000 PolarPro Quartz Line do obiektyw\u00f3w 77mm<\/h3>\n<\/p>\n<p>Wejd\u017a na wy\u017cszy poziom fotografii i odkryj mo\u017cliwo\u015bci, jakie oferuje filtr ND PolarPro Quarts Line! Zapewnia doskona\u0142\u0105 kontrol\u0119 nad ilo\u015bci\u0105 \u015bwiat\u0142a docieraj\u0105cego do kamery, co umo\u017cliwia uzyskanie p\u0142ynnych i profesjonalnie wygl\u0105daj\u0105cych uj\u0119\u0107 nawet w jasnych warunkach o\u015bwietleniowych. Doskonale sprawdzi si\u0119 w trakcie fotografowania podczas\u00a0 jasnej, s\u0142onecznej pogody, gdy \u015bwiat\u0142o jest intensywne. Cechuj\u0105 si\u0119 wyj\u0105tkow\u0105 odporno\u015bci\u0105 na zarysowania, a tak\u017ce wod\u0119 i oleje.\u00a0<\/p>\n<\/p>\n<p>\n<img decoding=\"async\" src=\"https:\/\/assets.innpro.pl\/4673\/5401\/1.jpg\" border=\"0\" \/>\n<\/p>\n<h3>Zdob\u0105d\u017a kontrol\u0119 nad \u015bwiat\u0142em<\/h3>\n<\/p>\n<p>Niezale\u017cnie od tego, czy tworzysz portrety, krajobrazy czy fotografie miejskie, filtr ND1000 daje Ci kontrol\u0119 nad ka\u017cdym uj\u0119ciem, zapewniaj\u0105c doskona\u0142\u0105 jako\u015b. Dzi\u0119ki swojej zdolno\u015bci do redukcji ilo\u015bci \u015bwiat\u0142a wpadaj\u0105cego do obiektywu o a\u017c 10 stopni, filtr ND1000 pozwala kontrolowa\u0107 ekspozycj\u0119 i otwiera drog\u0119 do eksperymentowania z d\u0142ugimi czasami na\u015bwietlania czy osi\u0105gania szerokich g\u0142\u0119bi ostro\u015bci.<\/p>\n<\/p>\n<p>\n<img decoding=\"async\" src=\"https:\/\/assets.innpro.pl\/4673\/5401\/5.jpg\" border=\"0\" \/>\n<\/p>\n<div class=\"table-wrapper\">\n<p>\u00a0<\/p>\n<h3><\/h3>\n<table>\n<tbody>\n<tr>\n<th>Producent<\/th>\n<td>PolarPro<\/td>\n<\/tr>\n<tr>\n<th>Model<\/th>\n<td>77-ND1000<\/td>\n<\/tr>\n<tr>\n<th>Rodzaj filtru <\/th>\n<td>ND1000<\/td>\n<\/tr>\n<tr>\n<th>Transmisja \u015bwiat\u0142a<\/th>\n<td>0,1%<\/td>\n<\/tr>\n<tr>\n<th>Redukcja \u015bwiat\u0142a<\/th>\n<td>10<\/td>\n<\/tr>\n<tr>\n<th>Rozmiar<\/th>\n<td>77 mm<\/td>\n<\/tr>\n<tr>\n<th>Waga <\/th>\n<td>38,8 g<\/td>\n<\/tr>\n<tr>\n<th>Materia\u0142 filtru <\/th>\n<td>Szk\u0142o kwarcowe<\/td>\n<\/tr>\n<tr>\n<th>Materia\u0142 ramki<\/th>\n<td>Aluminium<\/td>\n<\/tr>\n<\/tbody>\n<\/table>\n<\/div>\n","protected":false},"excerpt":{"rendered":"<p>Filtr ND1000 PolarPro Quartz Line do obiektyw\u00f3w 77mm Wejd\u017a na wy\u017cszy poziom fotografii i odkryj mo\u017cliwo\u015bci, jakie oferuje filtr ND<\/p>\n","protected":false},"featured_media":22626,"comment_status":"closed","ping_status":"open","template":"","meta":{"_acf_changed":false},"product_brand":[],"product_cat":[1132,1133,1128],"product_tag":[],"class_list":{"0":"post-22625","1":"product","2":"type-product","3":"status-publish","4":"has-post-thumbnail","6":"product_cat-filtry-foto","7":"product_cat-do-lustrzanek","8":"product_cat-foto-wideo","9":"pa_box-height-1745","10":"pa_box-length-1746","11":"pa_box-width-1744","12":"pa_gross-weight-1561","13":"pa_hs-code-1741","14":"pa_kompatybilnosc-filtry","15":"pa_net-weight-1750","16":"pa_obiektyw-mm-1751","17":"pa_zestaw-nie","19":"first","20":"outofstock","21":"taxable","22":"shipping-taxable","23":"purchasable","24":"product-type-simple"},"acf":[],"yoast_head":"<!-- This site is optimized with the Yoast SEO plugin v27.2 - https:\/\/yoast.com\/product\/yoast-seo-wordpress\/ -->\n<title>Filtr ND1000 PolarPro Quartz Line do obiektyw\u00f3w 77mm - IRONSKY.PL Sklep z Dronami<\/title>\n<meta name=\"description\" content=\"Filtr ND1000 PolarPro Quartz Line do obiektyw\u00f3w 77mm - \u2705 sklep z dronami i fachowym doradztwem. \u2705 Tutaj kupisz produkty DJI, Yuneec, Parrot, Syma i wiele innych, a tak\u017ce kursy i licencje na operatora drona.\" \/>\n<meta name=\"robots\" content=\"index, follow, max-snippet:-1, max-image-preview:large, max-video-preview:-1\" \/>\n<link rel=\"canonical\" href=\"https:\/\/ironsky.pl\/sklep\/produkt\/filtr-nd1000-polarpro-quartz-line-do-obiektywow-77mm\/\" \/>\n<meta property=\"og:locale\" content=\"pl_PL\" \/>\n<meta property=\"og:type\" content=\"article\" \/>\n<meta property=\"og:title\" content=\"Filtr ND1000 PolarPro Quartz Line do obiektyw\u00f3w 77mm - IRONSKY.PL Sklep z Dronami\" \/>\n<meta property=\"og:description\" content=\"Filtr ND1000 PolarPro Quartz Line do obiektyw\u00f3w 77mm - \u2705 sklep z dronami i fachowym doradztwem. \u2705 Tutaj kupisz produkty DJI, Yuneec, Parrot, Syma i wiele innych, a tak\u017ce kursy i licencje na operatora drona.\" \/>\n<meta property=\"og:url\" content=\"https:\/\/ironsky.pl\/sklep\/produkt\/filtr-nd1000-polarpro-quartz-line-do-obiektywow-77mm\/\" \/>\n<meta property=\"og:site_name\" content=\"IRONSKY.PL Sklep z Dronami\" \/>\n<meta property=\"article:modified_time\" content=\"2026-03-05T14:49:58+00:00\" \/>\n<meta property=\"og:image\" content=\"https:\/\/ironsky.pl\/sklep\/wp-content\/uploads\/2024\/09\/13860_1.jpg\" \/>\n\t<meta property=\"og:image:width\" content=\"800\" \/>\n\t<meta property=\"og:image:height\" content=\"800\" \/>\n\t<meta property=\"og:image:type\" content=\"image\/jpeg\" \/>\n<meta name=\"twitter:card\" content=\"summary_large_image\" \/>\n<meta name=\"twitter:label1\" content=\"Szacowany czas czytania\" \/>\n\t<meta name=\"twitter:data1\" content=\"1 minuta\" \/>\n<script type=\"application\/ld+json\" class=\"yoast-schema-graph\">{\"@context\":\"https:\/\/schema.org\",\"@graph\":[{\"@type\":\"WebPage\",\"@id\":\"https:\/\/ironsky.pl\/sklep\/produkt\/filtr-nd1000-polarpro-quartz-line-do-obiektywow-77mm\/\",\"url\":\"https:\/\/ironsky.pl\/sklep\/produkt\/filtr-nd1000-polarpro-quartz-line-do-obiektywow-77mm\/\",\"name\":\"Filtr ND1000 PolarPro Quartz Line do obiektyw\u00f3w 77mm - IRONSKY.PL Sklep z Dronami\",\"isPartOf\":{\"@id\":\"https:\/\/ironsky.pl\/sklep\/#website\"},\"primaryImageOfPage\":{\"@id\":\"https:\/\/ironsky.pl\/sklep\/produkt\/filtr-nd1000-polarpro-quartz-line-do-obiektywow-77mm\/#primaryimage\"},\"image\":{\"@id\":\"https:\/\/ironsky.pl\/sklep\/produkt\/filtr-nd1000-polarpro-quartz-line-do-obiektywow-77mm\/#primaryimage\"},\"thumbnailUrl\":\"https:\/\/ironsky.pl\/sklep\/wp-content\/uploads\/2024\/09\/13860_1.jpg\",\"datePublished\":\"2024-09-16T16:32:34+00:00\",\"dateModified\":\"2026-03-05T14:49:58+00:00\",\"description\":\"Filtr ND1000 PolarPro Quartz Line do obiektyw\u00f3w 77mm - \u2705 sklep z dronami i fachowym doradztwem. \u2705 Tutaj kupisz produkty DJI, Yuneec, Parrot, Syma i wiele innych, a tak\u017ce kursy i licencje na operatora drona.\",\"breadcrumb\":{\"@id\":\"https:\/\/ironsky.pl\/sklep\/produkt\/filtr-nd1000-polarpro-quartz-line-do-obiektywow-77mm\/#breadcrumb\"},\"inLanguage\":\"pl-PL\",\"potentialAction\":[{\"@type\":\"ReadAction\",\"target\":[\"https:\/\/ironsky.pl\/sklep\/produkt\/filtr-nd1000-polarpro-quartz-line-do-obiektywow-77mm\/\"]}]},{\"@type\":\"ImageObject\",\"inLanguage\":\"pl-PL\",\"@id\":\"https:\/\/ironsky.pl\/sklep\/produkt\/filtr-nd1000-polarpro-quartz-line-do-obiektywow-77mm\/#primaryimage\",\"url\":\"https:\/\/ironsky.pl\/sklep\/wp-content\/uploads\/2024\/09\/13860_1.jpg\",\"contentUrl\":\"https:\/\/ironsky.pl\/sklep\/wp-content\/uploads\/2024\/09\/13860_1.jpg\",\"width\":800,\"height\":800},{\"@type\":\"BreadcrumbList\",\"@id\":\"https:\/\/ironsky.pl\/sklep\/produkt\/filtr-nd1000-polarpro-quartz-line-do-obiektywow-77mm\/#breadcrumb\",\"itemListElement\":[{\"@type\":\"ListItem\",\"position\":1,\"name\":\"Strona g\u0142\u00f3wna\",\"item\":\"https:\/\/ironsky.pl\/sklep\/\"},{\"@type\":\"ListItem\",\"position\":2,\"name\":\"Wszystkie produkty\",\"item\":\"https:\/\/ironsky.pl\/sklep\/produkty\/\"},{\"@type\":\"ListItem\",\"position\":3,\"name\":\"Filtr ND1000 PolarPro Quartz Line do obiektyw\u00f3w 77mm\"}]},{\"@type\":\"WebSite\",\"@id\":\"https:\/\/ironsky.pl\/sklep\/#website\",\"url\":\"https:\/\/ironsky.pl\/sklep\/\",\"name\":\"IRONSKY.PL Sklep z Dronami\",\"description\":\"IRONSKY.PL Sklep z Dronami\",\"potentialAction\":[{\"@type\":\"SearchAction\",\"target\":{\"@type\":\"EntryPoint\",\"urlTemplate\":\"https:\/\/ironsky.pl\/sklep\/?s={search_term_string}\"},\"query-input\":{\"@type\":\"PropertyValueSpecification\",\"valueRequired\":true,\"valueName\":\"search_term_string\"}}],\"inLanguage\":\"pl-PL\"}]}<\/script>\n<!-- \/ Yoast SEO plugin. -->","yoast_head_json":{"title":"Filtr ND1000 PolarPro Quartz Line do obiektyw\u00f3w 77mm - IRONSKY.PL Sklep z Dronami","description":"Filtr ND1000 PolarPro Quartz Line do obiektyw\u00f3w 77mm - \u2705 sklep z dronami i fachowym doradztwem. \u2705 Tutaj kupisz produkty DJI, Yuneec, Parrot, Syma i wiele innych, a tak\u017ce kursy i licencje na operatora drona.","robots":{"index":"index","follow":"follow","max-snippet":"max-snippet:-1","max-image-preview":"max-image-preview:large","max-video-preview":"max-video-preview:-1"},"canonical":"https:\/\/ironsky.pl\/sklep\/produkt\/filtr-nd1000-polarpro-quartz-line-do-obiektywow-77mm\/","og_locale":"pl_PL","og_type":"article","og_title":"Filtr ND1000 PolarPro Quartz Line do obiektyw\u00f3w 77mm - IRONSKY.PL Sklep z Dronami","og_description":"Filtr ND1000 PolarPro Quartz Line do obiektyw\u00f3w 77mm - \u2705 sklep z dronami i fachowym doradztwem. \u2705 Tutaj kupisz produkty DJI, Yuneec, Parrot, Syma i wiele innych, a tak\u017ce kursy i licencje na operatora drona.","og_url":"https:\/\/ironsky.pl\/sklep\/produkt\/filtr-nd1000-polarpro-quartz-line-do-obiektywow-77mm\/","og_site_name":"IRONSKY.PL Sklep z Dronami","article_modified_time":"2026-03-05T14:49:58+00:00","og_image":[{"width":800,"height":800,"url":"https:\/\/ironsky.pl\/sklep\/wp-content\/uploads\/2024\/09\/13860_1.jpg","type":"image\/jpeg"}],"twitter_card":"summary_large_image","twitter_misc":{"Szacowany czas czytania":"1 minuta"},"schema":{"@context":"https:\/\/schema.org","@graph":[{"@type":"WebPage","@id":"https:\/\/ironsky.pl\/sklep\/produkt\/filtr-nd1000-polarpro-quartz-line-do-obiektywow-77mm\/","url":"https:\/\/ironsky.pl\/sklep\/produkt\/filtr-nd1000-polarpro-quartz-line-do-obiektywow-77mm\/","name":"Filtr ND1000 PolarPro Quartz Line do obiektyw\u00f3w 77mm - IRONSKY.PL Sklep z Dronami","isPartOf":{"@id":"https:\/\/ironsky.pl\/sklep\/#website"},"primaryImageOfPage":{"@id":"https:\/\/ironsky.pl\/sklep\/produkt\/filtr-nd1000-polarpro-quartz-line-do-obiektywow-77mm\/#primaryimage"},"image":{"@id":"https:\/\/ironsky.pl\/sklep\/produkt\/filtr-nd1000-polarpro-quartz-line-do-obiektywow-77mm\/#primaryimage"},"thumbnailUrl":"https:\/\/ironsky.pl\/sklep\/wp-content\/uploads\/2024\/09\/13860_1.jpg","datePublished":"2024-09-16T16:32:34+00:00","dateModified":"2026-03-05T14:49:58+00:00","description":"Filtr ND1000 PolarPro Quartz Line do obiektyw\u00f3w 77mm - \u2705 sklep z dronami i fachowym doradztwem. \u2705 Tutaj kupisz produkty DJI, Yuneec, Parrot, Syma i wiele innych, a tak\u017ce kursy i licencje na operatora drona.","breadcrumb":{"@id":"https:\/\/ironsky.pl\/sklep\/produkt\/filtr-nd1000-polarpro-quartz-line-do-obiektywow-77mm\/#breadcrumb"},"inLanguage":"pl-PL","potentialAction":[{"@type":"ReadAction","target":["https:\/\/ironsky.pl\/sklep\/produkt\/filtr-nd1000-polarpro-quartz-line-do-obiektywow-77mm\/"]}]},{"@type":"ImageObject","inLanguage":"pl-PL","@id":"https:\/\/ironsky.pl\/sklep\/produkt\/filtr-nd1000-polarpro-quartz-line-do-obiektywow-77mm\/#primaryimage","url":"https:\/\/ironsky.pl\/sklep\/wp-content\/uploads\/2024\/09\/13860_1.jpg","contentUrl":"https:\/\/ironsky.pl\/sklep\/wp-content\/uploads\/2024\/09\/13860_1.jpg","width":800,"height":800},{"@type":"BreadcrumbList","@id":"https:\/\/ironsky.pl\/sklep\/produkt\/filtr-nd1000-polarpro-quartz-line-do-obiektywow-77mm\/#breadcrumb","itemListElement":[{"@type":"ListItem","position":1,"name":"Strona g\u0142\u00f3wna","item":"https:\/\/ironsky.pl\/sklep\/"},{"@type":"ListItem","position":2,"name":"Wszystkie produkty","item":"https:\/\/ironsky.pl\/sklep\/produkty\/"},{"@type":"ListItem","position":3,"name":"Filtr ND1000 PolarPro Quartz Line do obiektyw\u00f3w 77mm"}]},{"@type":"WebSite","@id":"https:\/\/ironsky.pl\/sklep\/#website","url":"https:\/\/ironsky.pl\/sklep\/","name":"IRONSKY.PL Sklep z Dronami","description":"IRONSKY.PL Sklep z Dronami","potentialAction":[{"@type":"SearchAction","target":{"@type":"EntryPoint","urlTemplate":"https:\/\/ironsky.pl\/sklep\/?s={search_term_string}"},"query-input":{"@type":"PropertyValueSpecification","valueRequired":true,"valueName":"search_term_string"}}],"inLanguage":"pl-PL"}]}},"_links":{"self":[{"href":"https:\/\/ironsky.pl\/sklep\/wp-json\/wp\/v2\/product\/22625","targetHints":{"allow":["GET"]}}],"collection":[{"href":"https:\/\/ironsky.pl\/sklep\/wp-json\/wp\/v2\/product"}],"about":[{"href":"https:\/\/ironsky.pl\/sklep\/wp-json\/wp\/v2\/types\/product"}],"replies":[{"embeddable":true,"href":"https:\/\/ironsky.pl\/sklep\/wp-json\/wp\/v2\/comments?post=22625"}],"wp:featuredmedia":[{"embeddable":true,"href":"https:\/\/ironsky.pl\/sklep\/wp-json\/wp\/v2\/media\/22626"}],"wp:attachment":[{"href":"https:\/\/ironsky.pl\/sklep\/wp-json\/wp\/v2\/media?parent=22625"}],"wp:term":[{"taxonomy":"product_brand","embeddable":true,"href":"https:\/\/ironsky.pl\/sklep\/wp-json\/wp\/v2\/product_brand?post=22625"},{"taxonomy":"product_cat","embeddable":true,"href":"https:\/\/ironsky.pl\/sklep\/wp-json\/wp\/v2\/product_cat?post=22625"},{"taxonomy":"product_tag","embeddable":true,"href":"https:\/\/ironsky.pl\/sklep\/wp-json\/wp\/v2\/product_tag?post=22625"}],"curies":[{"name":"wp","href":"https:\/\/api.w.org\/{rel}","templated":true}]}}