{"id":22587,"date":"2024-09-16T18:07:21","date_gmt":"2024-09-16T16:07:21","guid":{"rendered":"http:\/\/gvshalph.pro-linuxpl.com\/ironskyprodukty\/produkt\/ecoflow-mini-balcony-photovoltaics\/"},"modified":"2026-03-05T15:49:57","modified_gmt":"2026-03-05T14:49:57","slug":"ecoflow-mini-balcony-photovoltaics","status":"publish","type":"product","link":"https:\/\/ironsky.pl\/sklep\/produkt\/ecoflow-mini-balcony-photovoltaics\/","title":{"rendered":"Fotowoltaika balkonowa EcoFlow Mini"},"content":{"rendered":"<h3>Fotowoltaika balkonowa EcoFlow Mini<\/h3>\n<p>Zainwestuj w ekologiczne \u017ar\u00f3d\u0142a energii z systemem fotowoltaicznym EcoFlow Mini. Zestaw sk\u0142ada si\u0119 z mikroinwertera EcoFlow PowerStream i dw\u00f3ch wysoko wydajnych paneli fotowoltaicznych Trina. Ten zestaw oferuje \u0142atwo\u015b\u0107 monta\u017cu i jest idealny do miejsc, gdzie tradycyjna instalacja fotowoltaiczna nie jest mo\u017cliwa \u2013 zar\u00f3wno na balkonach, jak i tarasach czy w ma\u0142ych ogrodach. Rozpocznij swoj\u0105 drog\u0119 do niezale\u017cno\u015bci energetycznej z EcoFlow Mini! Uwaga: je\u015bli mikroinwerter PowerStream jest pod\u0142\u0105czony tylko do stacji, mo\u017ce da\u0107 maksymalnie 600 W do sieci. Aby uzyska\u0107 wi\u0119cej mocy (do 800 W), nale\u017cy jednocze\u015bnie pod\u0142\u0105czy\u0107 stacj\u0119 zasilania i panele fotowoltaiczne o mocy co najmniej 200 W.<\/p>\n<p>\n<img decoding=\"async\" src=\"https:\/\/assets.innpro.pl\/9086\/10613\/4.jpg\" border=\"0\" \/>\n<\/p>\n<h3>Twoje rozwi\u0105zanie na obni\u017cenie rachunk\u00f3w za pr\u0105d<\/h3>\n<p>My\u015blisz o obni\u017ceniu koszt\u00f3w energii elektrycznej? System EcoFlow Mini to rozwi\u0105zanie dla Ciebie! W sk\u0142ad zestawu wchodzi mikroinwerter, kt\u00f3ry umo\u017cliwia pod\u0142\u0105czenie paneli fotowoltaicznych o \u0142\u0105cznej mocy do 800 W, co pozwala na wykorzystanie generowanej energii do zasilania domowych urz\u0105dze\u0144. Okres zwrotu inwestycji wynosi oko\u0142o 7,6 roku przy za\u0142o\u017ceniu taryfy 89 gr za kWh i produkcji na poziomie 700 kWh rocznie. Instalacja tej mocy (do 800 W) nie wymaga zg\u0142oszenia ani stosowania dodatkowych zabezpiecze\u0144. Wa\u017cne jest jednak, aby w domu zamontowany by\u0142 licznik dwukierunkowy, aby unikn\u0105\u0107 naliczania nadwy\u017cek jako zu\u017cycia i dodatkowych op\u0142at.<\/p>\n<p>\n<img decoding=\"async\" src=\"https:\/\/assets.innpro.pl\/9086\/10613\/2.jpg\" border=\"0\" \/>\n<\/p>\n<h3>Zabezpiecz dom przed awariami zasilania<\/h3>\n<p>System EcoFlow Mini to nie tylko oszcz\u0119dno\u015bci, ale r\u00f3wnie\u017c bezpiecze\u0144stwo w przypadku awarii zasilania. Zestaw zawiera mikroinwerter kompatybilny ze wszystkimi stacjami zasilania EcoFlow (w sprzeda\u017cy oddzielnie) \u2013 o pojemno\u015bci od 256 Wh do nawet 3,6 kWh. Urz\u0105dzenie pozwala magazynowa\u0107 nadwy\u017cki energii, kt\u00f3re mog\u0105 by\u0107 wykorzystane w razie potrzeby, np. w nocy lub podczas przerw w dostawie pr\u0105du. Nie musisz si\u0119 martwi\u0107 o dzia\u0142anie komputera czy lod\u00f3wki podczas awarii zasilania!<\/p>\n<p>\n<img decoding=\"async\" src=\"https:\/\/assets.innpro.pl\/9086\/10613\/5.jpg\" border=\"0\" \/>\n<\/p>\n<h3>Bezproblemowy monta\u017c<\/h3>\n<p>EcoFlow Mini to zestaw, kt\u00f3ry mo\u017cesz zainstalowa\u0107 samodzielnie, bez potrzeby anga\u017cowania fachowc\u00f3w. Monta\u017c jest prosty i nie wymaga specjalnych umiej\u0119tno\u015bci. Specjalnie uchwyty (nie wchodz\u0105 w sk\u0142ad zestawu) charakteryzuj\u0105 si\u0119 trwa\u0142o\u015bci\u0105 i solidno\u015bci\u0105, umo\u017cliwiaj\u0105 stabilne zamontowanie paneli. Dzi\u0119ki p\u0142askim kablom (nie wchodz\u0105 w sk\u0142ad zestawu) mo\u017cliwe jest po\u0142\u0105czenie paneli fotowoltaicznych z mikroinwerterem bez konieczno\u015bci wiercenia \u015bcian. Panele mo\u017cna zamontowa\u0107 w odleg\u0142o\u015bci 3 m od okna, a mikroinwerter PowerStream \u2013 2 m od okna.<\/p>\n<p>\n<img decoding=\"async\" src=\"https:\/\/assets.innpro.pl\/9086\/10613\/1.jpg\" border=\"0\" \/>\n<\/p>\n<h3>Mikroinwerter w zestawie<\/h3>\n<p>Mikroinwerter PowerStream stanowi kluczowy element systemu EcoFlow Mini, umo\u017cliwiaj\u0105c \u0142atwe pod\u0142\u0105czenie komponent\u00f3w i konwersj\u0119 pr\u0105du sta\u0142ego na zmienny. Wyposa\u017cony w port AC, pozwala na integracj\u0119 zestawu z domowym obwodem elektrycznym. Charakteryzuje si\u0119 kompaktowymi rozmiarami i minimalistycznym designem, doskonale komponuj\u0105c si\u0119 z ka\u017cdym wn\u0119trzem.<\/p>\n<p>\n<img decoding=\"async\" src=\"https:\/\/assets.innpro.pl\/9086\/10613\/6.jpg\" border=\"0\" \/>\n<\/p>\n<h3>A\u017c 2 panele fotowoltaiczne\u00a0<\/h3>\n<p>Zestaw EcoFlow Mini obejmuje dwa panele Trina o mocy 405 W, co stanowi idealne rozwi\u0105zanie dla os\u00f3b poszukuj\u0105cych wydajno\u015bci w ograniczonej przestrzeni. Z 21,1% sprawno\u015bci\u0105 i technologi\u0105 Multi-busbar, panele te zapewniaj\u0105 optymalne wykorzystanie \u015bwiat\u0142a i efektywne zbieranie pr\u0105du. Panele s\u0105 zaprojektowane do wsp\u00f3\u0142pracy z g\u0142\u00f3wnymi optymalizatorami i falownikami, co obni\u017ca koszty instalacji dzi\u0119ki ich wysokiej mocy i efektywno\u015bci. Ich niska masa i optymalne wymiary u\u0142atwiaj\u0105 obs\u0142ug\u0119 i transport, zapewniaj\u0105c elastyczno\u015b\u0107 przy r\u00f3\u017cnorodnych rozwi\u0105zaniach instalacyjnych.<\/p>\n<p>\n<img decoding=\"async\" src=\"https:\/\/assets.innpro.pl\/9086\/10613\/3.jpg\" border=\"0\" \/>\n<\/p>\n<h3>W zestawie:<\/h3>\n<ul class=\"list-disc pl-5\">\n<li>Mikroinwerter PowerStream<\/li>\n<li>Panel fotowoltaiczny Trina x2<\/li>\n<\/ul>\n<div class=\"table-wrapper\">\n<p>\u00a0<\/p>\n<h3>Mikroinwerter<\/h3>\n<table>\n<tbody>\n<tr>\n<th>Og\u00f3lne<\/th>\n<td><\/td>\n<\/tr>\n<tr>\n<th>Producent <\/th>\n<td>EcoFlow<\/td>\n<\/tr>\n<tr>\n<th>Model <\/th>\n<td>EFWN511<\/td>\n<\/tr>\n<tr>\n<th>Wymiary <\/th>\n<td>242\u00d7169\u00d733 (mm)<\/td>\n<\/tr>\n<tr>\n<th>Waga <\/th>\n<td>Ok. 3 kg<\/td>\n<\/tr>\n<tr>\n<th>Komunikacja <\/th>\n<td>Wi-Fi i Bluetooth<\/td>\n<\/tr>\n<tr>\n<th>Maks. moc \u0142adowania i roz\u0142adowywania <\/th>\n<td>600 W<\/td>\n<\/tr>\n<tr>\n<th> <\/th>\n<td><\/td>\n<\/tr>\n<tr>\n<th>Port PV<\/th>\n<td><\/td>\n<\/tr>\n<tr>\n<th>Napi\u0119cie pracy <\/th>\n<td>11 &#8211; 55 Vd.c.<\/td>\n<\/tr>\n<tr>\n<th>Maksymalne napi\u0119cie wej\u015bciowe <\/th>\n<td>55 Vd.c.<\/td>\n<\/tr>\n<tr>\n<th>Maksymalny pr\u0105d wyj\u015bciowy <\/th>\n<td>13 A<\/td>\n<\/tr>\n<tr>\n<th>Pocz\u0105tkowe napi\u0119cie wej\u015bciowe <\/th>\n<td>15 Vd.c.<\/td>\n<\/tr>\n<tr>\n<th>Zabezpieczenie przed odwrotnym po\u0142\u0105czeniem <\/th>\n<td>Dost\u0119pne<\/td>\n<\/tr>\n<tr>\n<th>Klasa ochrony przed pora\u017ceniem <\/th>\n<td>II<\/td>\n<\/tr>\n<tr>\n<th>Maksymalny pr\u0105d zwarciowy PV (Isc PV) <\/th>\n<td>14 A<\/td>\n<\/tr>\n<tr>\n<th>Maksymalny pr\u0105d zwrotny inwertera do uk\u0142adu <\/th>\n<td>0 A<\/td>\n<\/tr>\n<tr>\n<th><\/th>\n<td><\/td>\n<\/tr>\n<tr>\n<th>Port baterii \/ port DC<\/th>\n<td><\/td>\n<\/tr>\n<tr>\n<th>Maksymalny pr\u0105d wej\u015bciowy <\/th>\n<td>13 A<\/td>\n<\/tr>\n<tr>\n<th>Napi\u0119cie wej\u015bciowe <\/th>\n<td>11 -15 Vd.c. , 40 &#8211; 59 Vd.c.<\/td>\n<\/tr>\n<tr>\n<th>Maksymalne napi\u0119cie wej\u015bciowe <\/th>\n<td>59 Vd.c.<\/td>\n<\/tr>\n<tr>\n<th>Napi\u0119cie \u0142adowania <\/th>\n<td>30 &#8211; 58 Vd.c.<\/td>\n<\/tr>\n<tr>\n<th>Maksymalny pr\u0105d \u0142adowania <\/th>\n<td>13 A<\/td>\n<\/tr>\n<tr>\n<th>Znamionowe napi\u0119cie \u0142adowania <\/th>\n<td>48 Vd.c.<\/td>\n<\/tr>\n<tr>\n<th>Klasa ochrony przed pora\u017ceniem <\/th>\n<td>II<\/td>\n<\/tr>\n<tr>\n<th>Znamionowy pr\u0105d zwarcia na wej\u015bciu baterii <\/th>\n<td>20 A<\/td>\n<\/tr>\n<tr>\n<th> <\/th>\n<td><\/td>\n<\/tr>\n<tr>\n<th>Port AC<\/th>\n<td><\/td>\n<\/tr>\n<tr>\n<th>Napi\u0119cie wyj\u015bciowe <\/th>\n<td>220\/230\/240 Va.c.<\/td>\n<\/tr>\n<tr>\n<th>Cz\u0119stotliwo\u015b\u0107 na wyj\u015bciu <\/th>\n<td>50 Hz<\/td>\n<\/tr>\n<tr>\n<th>Wsp\u00f3\u0142czynnik mocy wyj\u015bciowej <\/th>\n<td>\u00b10.8 ~ 1<\/td>\n<\/tr>\n<tr>\n<th>Maksymalny pr\u0105d wyj\u015bciowy <\/th>\n<td>3.6 A<\/td>\n<\/tr>\n<tr>\n<th>Maksymalny wyj\u015bciowy pr\u0105d zwarciowy <\/th>\n<td>18.4 A<\/td>\n<\/tr>\n<tr>\n<th>Maksymalne zabezpieczenie przeciwprzepi\u0119ciowe wyj\u015bcia<\/th>\n<td>4 A<\/td>\n<\/tr>\n<tr>\n<th>THDI <\/th>\n<td><=3% przy 100% obci\u0105\u017ceniu<\/td>\n<\/tr>\n<tr>\n<th>Klasa ochrony przed pora\u017ceniem <\/th>\n<td>III<\/td>\n<\/tr>\n<tr>\n<th> <\/th>\n<td><\/td>\n<\/tr>\n<tr>\n<th>Pozosta\u0142e<\/th>\n<td><\/td>\n<\/tr>\n<tr>\n<th>Miejsce instalacji <\/th>\n<td>W domu lub poza domem<\/td>\n<\/tr>\n<tr>\n<th>Stopie\u0144 zanieczyszczenia warunk\u00f3w \u015brodowiskowych <\/th>\n<td>PD3<\/td>\n<\/tr>\n<tr>\n<th>Stopie\u0144 ochrony IP <\/th>\n<td>IP67<\/td>\n<\/tr>\n<tr>\n<th>Temperatura pracy <\/th>\n<td>-40\u00b0C to 50\u00b0C<\/td>\n<\/tr>\n<tr>\n<th>Wilgotno\u015b\u0107 <\/th>\n<td>0 % to 100 %<\/td>\n<\/tr>\n<tr>\n<th>Wysoko\u015b\u0107 instalacji <\/th>\n<td>\u22642000 m<\/td>\n<\/tr>\n<tr>\n<th>Instalacja w warunkach podwy\u017cszonej wilgotno\u015bci<\/th>\n<td>Tak<\/td>\n<\/tr>\n<tr>\n<th>Typ inwertera <\/th>\n<td>Izolowany<\/td>\n<\/tr>\n<tr>\n<th>Kategoria ochrony <\/th>\n<td>1<\/td>\n<\/tr>\n<tr>\n<th>Zakres cz\u0119stotliwo\u015bci Wi-Fi (2.4G) <\/th>\n<td>20M: 2412 &#8211; 2472 MHz \/ 40M: 2422- 2462 MHz<\/td>\n<\/tr>\n<tr>\n<th>Maksymalna moc wyj\u015bciowa Wi-Fi <\/th>\n<td>\u2264 20 dBm<\/td>\n<\/tr>\n<tr>\n<th>Zakres cz\u0119stotliwo\u015bci Bluetooth <\/th>\n<td>2402-2480 MHz<\/td>\n<\/tr>\n<tr>\n<th>Maksymalna moc wyj\u015bciowa Bluetooth <\/th>\n<td>\u2264 20 dBm<\/td>\n<\/tr>\n<\/tbody>\n<\/table>\n<p>\u00a0<\/p>\n<h3>Panel fotowoltaiczny Trina<\/h3>\n<table>\n<tbody>\n<tr>\n<th>Moc maksymalna <\/th>\n<td>405 W<\/td>\n<\/tr>\n<tr>\n<th>Maksymalne napi\u0119cie zasilania <\/th>\n<td>35,4 [V]<\/td>\n<\/tr>\n<tr>\n<th>Maksymalny pr\u0105d zasilania<\/th>\n<td>11,77 [A] <\/td>\n<\/tr>\n<tr>\n<th>Wsp\u00f3\u0142czynnik sprawno\u015bci panelu <\/th>\n<td>21,1 [%]<\/td>\n<\/tr>\n<tr>\n<th>Napi\u0119cie obwodu otwartego<\/th>\n<td>41,4 [V]<\/td>\n<\/tr>\n<tr>\n<th>Pr\u0105d zwarciowy<\/th>\n<td>12,34 [A]<\/td>\n<\/tr>\n<tr>\n<th>Wymiary<\/th>\n<td>1754 x 1096 x 30 mm<\/td>\n<\/tr>\n<tr>\n<th>Waga <\/th>\n<td>21 kg <\/td>\n<\/tr>\n<tr>\n<th>Materia\u0142<\/th>\n<td>EVA \/ POE<\/td>\n<\/tr>\n<\/tbody>\n<\/table>\n<\/div>\n","protected":false},"excerpt":{"rendered":"<p>Fotowoltaika balkonowa EcoFlow Mini Zainwestuj w ekologiczne \u017ar\u00f3d\u0142a energii z systemem fotowoltaicznym EcoFlow Mini. Zestaw sk\u0142ada si\u0119 z mikroinwertera EcoFlow<\/p>\n","protected":false},"featured_media":22588,"comment_status":"closed","ping_status":"open","template":"","meta":{"_acf_changed":false},"product_brand":[],"product_cat":[1127,1108,1110],"product_tag":[],"class_list":{"0":"post-22587","1":"product","2":"type-product","3":"status-publish","4":"has-post-thumbnail","6":"product_cat-balkonowe","7":"product_cat-energia","8":"product_cat-panele-fotowoltaiczne","9":"pa_box-height-5530","10":"pa_box-length-4417","11":"pa_box-width-4415","12":"pa_gross-weight-5560","13":"pa_moc-znamionowa-w-5562","14":"pa_net-weight-5559","15":"pa_rodzaj-paneli-sztywne","17":"first","18":"outofstock","19":"taxable","20":"shipping-taxable","21":"purchasable","22":"product-type-simple"},"acf":[],"yoast_head":"<!-- This site is optimized with the Yoast SEO plugin v27.2 - https:\/\/yoast.com\/product\/yoast-seo-wordpress\/ -->\n<title>Fotowoltaika balkonowa EcoFlow Mini - IRONSKY.PL Sklep z Dronami<\/title>\n<meta name=\"description\" content=\"Fotowoltaika balkonowa EcoFlow Mini - \u2705 sklep z dronami i fachowym doradztwem. \u2705 Tutaj kupisz produkty DJI, Yuneec, Parrot, Syma i wiele innych, a tak\u017ce kursy i licencje na operatora drona.\" \/>\n<meta name=\"robots\" content=\"index, follow, max-snippet:-1, max-image-preview:large, max-video-preview:-1\" \/>\n<link rel=\"canonical\" href=\"https:\/\/ironsky.pl\/sklep\/produkt\/ecoflow-mini-balcony-photovoltaics\/\" \/>\n<meta property=\"og:locale\" content=\"pl_PL\" \/>\n<meta property=\"og:type\" content=\"article\" \/>\n<meta property=\"og:title\" content=\"Fotowoltaika balkonowa EcoFlow Mini - IRONSKY.PL Sklep z Dronami\" \/>\n<meta property=\"og:description\" content=\"Fotowoltaika balkonowa EcoFlow Mini - \u2705 sklep z dronami i fachowym doradztwem. \u2705 Tutaj kupisz produkty DJI, Yuneec, Parrot, Syma i wiele innych, a tak\u017ce kursy i licencje na operatora drona.\" \/>\n<meta property=\"og:url\" content=\"https:\/\/ironsky.pl\/sklep\/produkt\/ecoflow-mini-balcony-photovoltaics\/\" \/>\n<meta property=\"og:site_name\" content=\"IRONSKY.PL Sklep z Dronami\" \/>\n<meta property=\"article:modified_time\" content=\"2026-03-05T14:49:57+00:00\" \/>\n<meta property=\"og:image\" content=\"https:\/\/ironsky.pl\/sklep\/wp-content\/uploads\/2024\/09\/46711_3.jpg\" \/>\n\t<meta property=\"og:image:width\" content=\"800\" \/>\n\t<meta property=\"og:image:height\" content=\"800\" \/>\n\t<meta property=\"og:image:type\" content=\"image\/jpeg\" \/>\n<meta name=\"twitter:card\" content=\"summary_large_image\" \/>\n<meta name=\"twitter:label1\" content=\"Szacowany czas czytania\" \/>\n\t<meta name=\"twitter:data1\" content=\"4 minuty\" \/>\n<script type=\"application\/ld+json\" class=\"yoast-schema-graph\">{\"@context\":\"https:\/\/schema.org\",\"@graph\":[{\"@type\":\"WebPage\",\"@id\":\"https:\/\/ironsky.pl\/sklep\/produkt\/ecoflow-mini-balcony-photovoltaics\/\",\"url\":\"https:\/\/ironsky.pl\/sklep\/produkt\/ecoflow-mini-balcony-photovoltaics\/\",\"name\":\"Fotowoltaika balkonowa EcoFlow Mini - IRONSKY.PL Sklep z Dronami\",\"isPartOf\":{\"@id\":\"https:\/\/ironsky.pl\/sklep\/#website\"},\"primaryImageOfPage\":{\"@id\":\"https:\/\/ironsky.pl\/sklep\/produkt\/ecoflow-mini-balcony-photovoltaics\/#primaryimage\"},\"image\":{\"@id\":\"https:\/\/ironsky.pl\/sklep\/produkt\/ecoflow-mini-balcony-photovoltaics\/#primaryimage\"},\"thumbnailUrl\":\"https:\/\/ironsky.pl\/sklep\/wp-content\/uploads\/2024\/09\/46711_3.jpg\",\"datePublished\":\"2024-09-16T16:07:21+00:00\",\"dateModified\":\"2026-03-05T14:49:57+00:00\",\"description\":\"Fotowoltaika balkonowa EcoFlow Mini - \u2705 sklep z dronami i fachowym doradztwem. \u2705 Tutaj kupisz produkty DJI, Yuneec, Parrot, Syma i wiele innych, a tak\u017ce kursy i licencje na operatora drona.\",\"breadcrumb\":{\"@id\":\"https:\/\/ironsky.pl\/sklep\/produkt\/ecoflow-mini-balcony-photovoltaics\/#breadcrumb\"},\"inLanguage\":\"pl-PL\",\"potentialAction\":[{\"@type\":\"ReadAction\",\"target\":[\"https:\/\/ironsky.pl\/sklep\/produkt\/ecoflow-mini-balcony-photovoltaics\/\"]}]},{\"@type\":\"ImageObject\",\"inLanguage\":\"pl-PL\",\"@id\":\"https:\/\/ironsky.pl\/sklep\/produkt\/ecoflow-mini-balcony-photovoltaics\/#primaryimage\",\"url\":\"https:\/\/ironsky.pl\/sklep\/wp-content\/uploads\/2024\/09\/46711_3.jpg\",\"contentUrl\":\"https:\/\/ironsky.pl\/sklep\/wp-content\/uploads\/2024\/09\/46711_3.jpg\",\"width\":800,\"height\":800},{\"@type\":\"BreadcrumbList\",\"@id\":\"https:\/\/ironsky.pl\/sklep\/produkt\/ecoflow-mini-balcony-photovoltaics\/#breadcrumb\",\"itemListElement\":[{\"@type\":\"ListItem\",\"position\":1,\"name\":\"Strona g\u0142\u00f3wna\",\"item\":\"https:\/\/ironsky.pl\/sklep\/\"},{\"@type\":\"ListItem\",\"position\":2,\"name\":\"Wszystkie produkty\",\"item\":\"https:\/\/ironsky.pl\/sklep\/produkty\/\"},{\"@type\":\"ListItem\",\"position\":3,\"name\":\"Fotowoltaika balkonowa EcoFlow Mini\"}]},{\"@type\":\"WebSite\",\"@id\":\"https:\/\/ironsky.pl\/sklep\/#website\",\"url\":\"https:\/\/ironsky.pl\/sklep\/\",\"name\":\"IRONSKY.PL Sklep z Dronami\",\"description\":\"IRONSKY.PL Sklep z Dronami\",\"potentialAction\":[{\"@type\":\"SearchAction\",\"target\":{\"@type\":\"EntryPoint\",\"urlTemplate\":\"https:\/\/ironsky.pl\/sklep\/?s={search_term_string}\"},\"query-input\":{\"@type\":\"PropertyValueSpecification\",\"valueRequired\":true,\"valueName\":\"search_term_string\"}}],\"inLanguage\":\"pl-PL\"}]}<\/script>\n<!-- \/ Yoast SEO plugin. -->","yoast_head_json":{"title":"Fotowoltaika balkonowa EcoFlow Mini - IRONSKY.PL Sklep z Dronami","description":"Fotowoltaika balkonowa EcoFlow Mini - \u2705 sklep z dronami i fachowym doradztwem. \u2705 Tutaj kupisz produkty DJI, Yuneec, Parrot, Syma i wiele innych, a tak\u017ce kursy i licencje na operatora drona.","robots":{"index":"index","follow":"follow","max-snippet":"max-snippet:-1","max-image-preview":"max-image-preview:large","max-video-preview":"max-video-preview:-1"},"canonical":"https:\/\/ironsky.pl\/sklep\/produkt\/ecoflow-mini-balcony-photovoltaics\/","og_locale":"pl_PL","og_type":"article","og_title":"Fotowoltaika balkonowa EcoFlow Mini - IRONSKY.PL Sklep z Dronami","og_description":"Fotowoltaika balkonowa EcoFlow Mini - \u2705 sklep z dronami i fachowym doradztwem. \u2705 Tutaj kupisz produkty DJI, Yuneec, Parrot, Syma i wiele innych, a tak\u017ce kursy i licencje na operatora drona.","og_url":"https:\/\/ironsky.pl\/sklep\/produkt\/ecoflow-mini-balcony-photovoltaics\/","og_site_name":"IRONSKY.PL Sklep z Dronami","article_modified_time":"2026-03-05T14:49:57+00:00","og_image":[{"width":800,"height":800,"url":"https:\/\/ironsky.pl\/sklep\/wp-content\/uploads\/2024\/09\/46711_3.jpg","type":"image\/jpeg"}],"twitter_card":"summary_large_image","twitter_misc":{"Szacowany czas czytania":"4 minuty"},"schema":{"@context":"https:\/\/schema.org","@graph":[{"@type":"WebPage","@id":"https:\/\/ironsky.pl\/sklep\/produkt\/ecoflow-mini-balcony-photovoltaics\/","url":"https:\/\/ironsky.pl\/sklep\/produkt\/ecoflow-mini-balcony-photovoltaics\/","name":"Fotowoltaika balkonowa EcoFlow Mini - IRONSKY.PL Sklep z Dronami","isPartOf":{"@id":"https:\/\/ironsky.pl\/sklep\/#website"},"primaryImageOfPage":{"@id":"https:\/\/ironsky.pl\/sklep\/produkt\/ecoflow-mini-balcony-photovoltaics\/#primaryimage"},"image":{"@id":"https:\/\/ironsky.pl\/sklep\/produkt\/ecoflow-mini-balcony-photovoltaics\/#primaryimage"},"thumbnailUrl":"https:\/\/ironsky.pl\/sklep\/wp-content\/uploads\/2024\/09\/46711_3.jpg","datePublished":"2024-09-16T16:07:21+00:00","dateModified":"2026-03-05T14:49:57+00:00","description":"Fotowoltaika balkonowa EcoFlow Mini - \u2705 sklep z dronami i fachowym doradztwem. \u2705 Tutaj kupisz produkty DJI, Yuneec, Parrot, Syma i wiele innych, a tak\u017ce kursy i licencje na operatora drona.","breadcrumb":{"@id":"https:\/\/ironsky.pl\/sklep\/produkt\/ecoflow-mini-balcony-photovoltaics\/#breadcrumb"},"inLanguage":"pl-PL","potentialAction":[{"@type":"ReadAction","target":["https:\/\/ironsky.pl\/sklep\/produkt\/ecoflow-mini-balcony-photovoltaics\/"]}]},{"@type":"ImageObject","inLanguage":"pl-PL","@id":"https:\/\/ironsky.pl\/sklep\/produkt\/ecoflow-mini-balcony-photovoltaics\/#primaryimage","url":"https:\/\/ironsky.pl\/sklep\/wp-content\/uploads\/2024\/09\/46711_3.jpg","contentUrl":"https:\/\/ironsky.pl\/sklep\/wp-content\/uploads\/2024\/09\/46711_3.jpg","width":800,"height":800},{"@type":"BreadcrumbList","@id":"https:\/\/ironsky.pl\/sklep\/produkt\/ecoflow-mini-balcony-photovoltaics\/#breadcrumb","itemListElement":[{"@type":"ListItem","position":1,"name":"Strona g\u0142\u00f3wna","item":"https:\/\/ironsky.pl\/sklep\/"},{"@type":"ListItem","position":2,"name":"Wszystkie produkty","item":"https:\/\/ironsky.pl\/sklep\/produkty\/"},{"@type":"ListItem","position":3,"name":"Fotowoltaika balkonowa EcoFlow Mini"}]},{"@type":"WebSite","@id":"https:\/\/ironsky.pl\/sklep\/#website","url":"https:\/\/ironsky.pl\/sklep\/","name":"IRONSKY.PL Sklep z Dronami","description":"IRONSKY.PL Sklep z Dronami","potentialAction":[{"@type":"SearchAction","target":{"@type":"EntryPoint","urlTemplate":"https:\/\/ironsky.pl\/sklep\/?s={search_term_string}"},"query-input":{"@type":"PropertyValueSpecification","valueRequired":true,"valueName":"search_term_string"}}],"inLanguage":"pl-PL"}]}},"_links":{"self":[{"href":"https:\/\/ironsky.pl\/sklep\/wp-json\/wp\/v2\/product\/22587","targetHints":{"allow":["GET"]}}],"collection":[{"href":"https:\/\/ironsky.pl\/sklep\/wp-json\/wp\/v2\/product"}],"about":[{"href":"https:\/\/ironsky.pl\/sklep\/wp-json\/wp\/v2\/types\/product"}],"replies":[{"embeddable":true,"href":"https:\/\/ironsky.pl\/sklep\/wp-json\/wp\/v2\/comments?post=22587"}],"wp:featuredmedia":[{"embeddable":true,"href":"https:\/\/ironsky.pl\/sklep\/wp-json\/wp\/v2\/media\/22588"}],"wp:attachment":[{"href":"https:\/\/ironsky.pl\/sklep\/wp-json\/wp\/v2\/media?parent=22587"}],"wp:term":[{"taxonomy":"product_brand","embeddable":true,"href":"https:\/\/ironsky.pl\/sklep\/wp-json\/wp\/v2\/product_brand?post=22587"},{"taxonomy":"product_cat","embeddable":true,"href":"https:\/\/ironsky.pl\/sklep\/wp-json\/wp\/v2\/product_cat?post=22587"},{"taxonomy":"product_tag","embeddable":true,"href":"https:\/\/ironsky.pl\/sklep\/wp-json\/wp\/v2\/product_tag?post=22587"}],"curies":[{"name":"wp","href":"https:\/\/api.w.org\/{rel}","templated":true}]}}