{"id":22305,"date":"2024-09-16T18:02:20","date_gmt":"2024-09-16T16:02:20","guid":{"rendered":"http:\/\/gvshalph.pro-linuxpl.com\/ironskyprodukty\/produkt\/fotowoltaika-balkonowa-ecoflow-classic-plus-delta-2\/"},"modified":"2026-03-05T15:49:53","modified_gmt":"2026-03-05T14:49:53","slug":"fotowoltaika-balkonowa-ecoflow-classic-plus-delta-2","status":"publish","type":"product","link":"https:\/\/ironsky.pl\/sklep\/produkt\/fotowoltaika-balkonowa-ecoflow-classic-plus-delta-2\/","title":{"rendered":"Fotowoltaika balkonowa EcoFlow CLASSIC PLUS DELTA 2"},"content":{"rendered":"<h3>System balkonowy EcoFlow CLASSIC PLUS DELTA 2<\/h3>\n<p>Zestaw balkonowy EcoFlow CLASSIC PLUS pozwoli Ci korzysta\u0107 z odnawialnych \u017ar\u00f3de\u0142 energii do zasilania urz\u0105dze\u0144 w domu. W jego sk\u0142ad wchodzi mikroinwerter EcoFlow PowerStream, 2 panele fotowoltaiczne EcoFlow 400 W (sztywna konstrukcja), uchwyty balkonowe, potrzebne okablowanie, inteligentne gniazdko Smart Plug i przeno\u015bna stacja DELTA 2. Fotowoltaika na balkonie sprawdzi si\u0119 w miejscach, w kt\u00f3rych nie ma mo\u017cliwo\u015bci zainstalowania tradycyjnych paneli, takich jak niewielki ogr\u00f3d czy taras. Monta\u017c zestawu nie sprawi Ci problemu. Wykonaj krok w stron\u0119 niezale\u017cno\u015bci energetycznej z EcoFlow! Uwaga: wszystkie elementy zestawu to wysokiej jako\u015bci, oryginalne produkty marki EcoFlow. Ponadto panele fotowoltaiczne s\u0105 obj\u0119te 10-letni\u0105 gwarancj\u0105.<\/p>\n<p>\n<img decoding=\"async\" src=\"https:\/\/assets.innpro.pl\/42\/11590\/18.jpg\" border=\"0\" \/>\n<\/p>\n<h3>Czerp energi\u0119 z promieni s\u0142onecznych<\/h3>\n<p>Do\u0142\u0105czony do zestawu mikroinwerter pozwala na pod\u0142\u0105czenie paneli fotowoltaicznych o mocy do 800 W, a generowan\u0105 przez nie energi\u0119 wykorzystasz do zasilania urz\u0105dze\u0144 w domu. Ponadto koszt inwestycji zwr\u00f3ci si\u0119 po oko\u0142o 8 latach (przy taryfie 89 gr\/kWh i produkcji u\u015brednionej na poziomie 700 kWh\/rok). Takiej instalacji (do 800 W) nie musisz zg\u0142asza\u0107. Nie potrzebujesz te\u017c dodatkowych zabezpiecze\u0144.<\/p>\n<p>\n<img decoding=\"async\" src=\"https:\/\/assets.innpro.pl\/42\/11590\/3.jpg\" border=\"0\" \/>\n<\/p>\n<h3>Osi\u0105gnij niezale\u017cno\u015b\u0107 energetyczn\u0105<\/h3>\n<p>System EcoFlow CLASSIC PLUS nie tylko pomaga zaoszcz\u0119dzi\u0107 na rachunkach za pr\u0105d, ale r\u00f3wnie\u017c zapewnia gotowo\u015b\u0107 na ewentualne awarie. Dzi\u0119ki do\u0142\u0105czonej do zestawu stacji zasilania DELTA 2 mo\u017cesz magazynowa\u0107 nadwy\u017cki pr\u0105du, aby p\u00f3\u017aniej wykorzysta\u0107 je podczas przerw w dostawie energii elektrycznej lub te\u017c noc\u0105, gdy panele fotowoltaiczne nie dzia\u0142aj\u0105. Dzi\u0119ki temu rozwi\u0105zaniu zawsze mo\u017cesz korzysta\u0107 z potrzebnych Ci urz\u0105dze\u0144, takich jak lod\u00f3wka czy komputer.<\/p>\n<p>\n<img decoding=\"async\" src=\"https:\/\/assets.innpro.pl\/42\/11590\/10.jpg\" border=\"0\" \/>\n<\/p>\n<h3>Odkryj mo\u017cliwo\u015bci DELTY 2<\/h3>\n<p>B\u0119d\u0105ca cz\u0119\u015bci\u0105 zestawu stacja zasilania DELTA 2 \u015bwietnie sprawdzi si\u0119 w niemal ka\u017cdym gospodarstwie domowym. Oferuje pojemno\u015b\u0107 1024 Wh oraz moc si\u0119gaj\u0105c\u0105 1800 W. Technologia X-Boost sprawia, \u017ce mo\u017ce zasila\u0107 urz\u0105dzenia o maksymalnej mocy 2200 W, takie jak lod\u00f3wka, \u017car\u00f3wka, router, telewizor czy ekspres do kawy. Za jej pomoc\u0105 mo\u017cesz r\u00f3wnie\u017c magazynowa\u0107 nadwy\u017cki generowane przez panele fotowoltaiczne, dzi\u0119ki czemu b\u0119dziesz w gotowo\u015bci na nieprzewidziane okoliczno\u015bci. Stacja cechuje si\u0119 tak\u017ce lekk\u0105, przeno\u015bn\u0105 konstrukcj\u0105. Mo\u017cesz bez przeszk\u00f3d od\u0142\u0105czy\u0107 j\u0105 od systemu i zabra\u0107 na biwak lub w podr\u00f3\u017c kamperem. Z EcoFlow b\u0119dziesz cieszy\u0107 si\u0119 wygodnym dost\u0119pem do pr\u0105du w ka\u017cdym miejscu!<\/p>\n<p>\n<img decoding=\"async\" src=\"https:\/\/assets.innpro.pl\/42\/11590\/4.jpg\" border=\"0\" \/>\n<\/p>\n<h3>\u0141atwa instalacja<\/h3>\n<p>Zestaw zamontujesz na balkonie samodzielnie bez pomocy fachowca. Wchodz\u0105ce w jego sk\u0142ad uchwyty cechuj\u0105 si\u0119 wytrzyma\u0142\u0105 konstrukcj\u0105, dzi\u0119ki czemu stabilnie zamontujesz panele na balkonie. Z kolei p\u0142askie kable umo\u017cliwiaj\u0105 pod\u0142\u0105czenie paneli fotowoltaicznych do mikroinwertera znajduj\u0105cego si\u0119 w mieszkaniu \u2013 bez konieczno\u015bci wiercenia otwor\u00f3w w \u015bcianach. Zestaw pozwala zamontowa\u0107 panele 3 m od okna i 2 m od okna do mikroinwertera EcoFlow.<\/p>\n<p>\n<img decoding=\"async\" src=\"https:\/\/assets.innpro.pl\/42\/11590\/14.jpg\" border=\"0\" \/>\n<\/p>\n<h3>Mikroinwerter EcoFlow PowerStream<\/h3>\n<p>Znajduj\u0105cy si\u0119 w zestawie mikroinwerter hybrydowy jest odpowiedzialny za kontrol\u0119 ca\u0142ego modu\u0142owego systemu EcoFlow PowerStream. Umo\u017cliwia wygodne pod\u0142\u0105czenie pozosta\u0142ych element\u00f3w i konwertuje generowany przez panele fotowoltaiczne pr\u0105d sta\u0142y na zmienny. Port wyj\u015bciowy AC pozwala pod\u0142\u0105czy\u0107 zestaw do obwod\u00f3w domowych. Ponadto dzi\u0119ki niewielkiej i minimalistycznej konstrukcji urz\u0105dzenie nie zajmuje wiele miejsca i \u015bwietnie wpisze si\u0119 w przestrze\u0144 u\u017cytkow\u0105.<\/p>\n<p>\n<img decoding=\"async\" src=\"https:\/\/assets.innpro.pl\/42\/11590\/16.jpg\" border=\"0\" \/>\n<\/p>\n<h3>Wygodnie monitoruj pob\u00f3r pr\u0105du<\/h3>\n<p>Kolejnym elementem zestawu EcoFlow CLASSIC PLUS jest inteligentne gniazdko Smart Plug, kt\u00f3re monitoruje zu\u017cycie energii w czasie rzeczywistym i przekazuje informacje do mikroinwertera. Dzi\u0119ki temu b\u0119dzie on umiej\u0119tnie przydziela\u0107 odpowiedni\u0105 moc do ka\u017cdego urz\u0105dzenia, a Ty unikniesz nadmiernego zu\u017cycia pr\u0105du i dodatkowych op\u0142at. Takie rozwi\u0105zanie doskonale sprawdzi si\u0119 w mieszkaniach z licznikiem jednokierunkowym, ale r\u00f3wnie skutecznie wykorzystasz je w po\u0142\u0105czeniu z licznikiem dwukierunkowym. Na tym jednak Twoje mo\u017cliwo\u015bci si\u0119 nie ko\u0144cz\u0105. Dzi\u0119ki Smart Plug mo\u017cesz zdalnie sterowa\u0107 urz\u0105dzeniami i tworzy\u0107 harmonogramy pracy z poziomu dedykowanej aplikacji. Przekonaj si\u0119, jakie to wygodne!<\/p>\n<p>\n<img decoding=\"async\" src=\"https:\/\/assets.innpro.pl\/42\/11590\/8.jpg\" border=\"0\" \/>\n<\/p>\n<h3>2 panele fotowoltaiczne 400 W<\/h3>\n<p>W zestawie znajdziesz r\u00f3wnie\u017c 2 panele fotowoltaiczne, cechuj\u0105ce si\u0119 moc\u0105 na poziomie 400 W. Na ich wydajno\u015b\u0107 przek\u0142adaj\u0105 si\u0119 sprawno\u015b\u0107 energetyczna si\u0119gaj\u0105ca 23% oraz wysokiej jako\u015bci ogniwa monokrystaliczne. Dzi\u0119ki wyko\u0144czeniu ze szklanej pow\u0142oki i ramie wykonanej z odpornego na korozj\u0119 aluminium zapewniaj\u0105 odporno\u015b\u0107 na niekorzystne warunki atmosferyczne.<\/p>\n<p>\n<img decoding=\"async\" src=\"https:\/\/assets.innpro.pl\/42\/11590\/5.jpg\" border=\"0\" \/>\n<\/p>\n<h3>W zestawie<\/h3>\n<ul class=\"list-disc pl-5\">\n<li>Mikroinwerter EcoFlow PowerStream<\/li>\n<li>EcoFlow PowerStream p\u0142aski kabel MC4<\/li>\n<li>Kabel przed\u0142u\u017caj\u0105cy EcoFlow do paneli fotowoltaicznych MC4 3m<\/li>\n<li>Inteligentne gniazdko Smart Plug do EcoFlow PowerStream<\/li>\n<li>Panel fotowoltaiczny EcoFlow 400W (sztywna konstrukcja)<\/li>\n<li>Regulowany uchwyt Ecoflow na panel PV 400W wolnostoj\u0105cy lub do monta\u017cu \u015bciennego<\/li>\n<li>PowerStream kabel do stacji EcoFlow DELTA<\/li>\n<li>Przeno\u015bna stacja zasilania EcoFlow DELTA 2<\/li>\n<\/ul>\n<div class=\"table-wrapper\">\n<\/div>\n","protected":false},"excerpt":{"rendered":"<p>System balkonowy EcoFlow CLASSIC PLUS DELTA 2 Zestaw balkonowy EcoFlow CLASSIC PLUS pozwoli Ci korzysta\u0107 z odnawialnych \u017ar\u00f3de\u0142 energii do<\/p>\n","protected":false},"featured_media":22306,"comment_status":"closed","ping_status":"open","template":"","meta":{"_acf_changed":false},"product_brand":[],"product_cat":[1108,1116],"product_tag":[],"class_list":{"0":"post-22305","1":"product","2":"type-product","3":"status-publish","4":"has-post-thumbnail","6":"product_cat-energia","7":"product_cat-off-grid","8":"pa_box-height-4422","9":"pa_box-length-4423","10":"pa_box-width-3373","11":"pa_gross-weight-4424","12":"pa_moc-znamionowa-w-4406","13":"pa_net-weight-4421","14":"pa_rodzaj-licznika-pradu-jednokierunkowy-dwukierunkowy","15":"pa_rodzaj-paneli-sztywne","16":"pa_typ-uchwytu-barierka-balkonowa","18":"first","19":"outofstock","20":"taxable","21":"shipping-taxable","22":"purchasable","23":"product-type-simple"},"acf":[],"yoast_head":"<!-- This site is optimized with the Yoast SEO plugin v27.2 - https:\/\/yoast.com\/product\/yoast-seo-wordpress\/ -->\n<title>Fotowoltaika balkonowa EcoFlow CLASSIC PLUS DELTA 2 - IRONSKY.PL Sklep z Dronami<\/title>\n<meta name=\"description\" content=\"Fotowoltaika balkonowa EcoFlow CLASSIC PLUS DELTA 2 - \u2705 sklep z dronami i fachowym doradztwem. \u2705 Tutaj kupisz produkty DJI, Yuneec, Parrot, Syma i wiele innych, a tak\u017ce kursy i licencje na operatora drona.\" \/>\n<meta name=\"robots\" content=\"index, follow, max-snippet:-1, max-image-preview:large, max-video-preview:-1\" \/>\n<link rel=\"canonical\" href=\"https:\/\/ironsky.pl\/sklep\/produkt\/fotowoltaika-balkonowa-ecoflow-classic-plus-delta-2\/\" \/>\n<meta property=\"og:locale\" content=\"pl_PL\" \/>\n<meta property=\"og:type\" content=\"article\" \/>\n<meta property=\"og:title\" content=\"Fotowoltaika balkonowa EcoFlow CLASSIC PLUS DELTA 2 - IRONSKY.PL Sklep z Dronami\" \/>\n<meta property=\"og:description\" content=\"Fotowoltaika balkonowa EcoFlow CLASSIC PLUS DELTA 2 - \u2705 sklep z dronami i fachowym doradztwem. \u2705 Tutaj kupisz produkty DJI, Yuneec, Parrot, Syma i wiele innych, a tak\u017ce kursy i licencje na operatora drona.\" \/>\n<meta property=\"og:url\" content=\"https:\/\/ironsky.pl\/sklep\/produkt\/fotowoltaika-balkonowa-ecoflow-classic-plus-delta-2\/\" \/>\n<meta property=\"og:site_name\" content=\"IRONSKY.PL Sklep z Dronami\" \/>\n<meta property=\"article:modified_time\" content=\"2026-03-05T14:49:53+00:00\" \/>\n<meta property=\"og:image\" content=\"https:\/\/ironsky.pl\/sklep\/wp-content\/uploads\/2024\/09\/33756_8.jpg\" \/>\n\t<meta property=\"og:image:width\" content=\"800\" \/>\n\t<meta property=\"og:image:height\" content=\"800\" \/>\n\t<meta property=\"og:image:type\" content=\"image\/jpeg\" \/>\n<meta name=\"twitter:card\" content=\"summary_large_image\" \/>\n<meta name=\"twitter:label1\" content=\"Szacowany czas czytania\" \/>\n\t<meta name=\"twitter:data1\" content=\"4 minuty\" \/>\n<script type=\"application\/ld+json\" class=\"yoast-schema-graph\">{\"@context\":\"https:\/\/schema.org\",\"@graph\":[{\"@type\":\"WebPage\",\"@id\":\"https:\/\/ironsky.pl\/sklep\/produkt\/fotowoltaika-balkonowa-ecoflow-classic-plus-delta-2\/\",\"url\":\"https:\/\/ironsky.pl\/sklep\/produkt\/fotowoltaika-balkonowa-ecoflow-classic-plus-delta-2\/\",\"name\":\"Fotowoltaika balkonowa EcoFlow CLASSIC PLUS DELTA 2 - IRONSKY.PL Sklep z Dronami\",\"isPartOf\":{\"@id\":\"https:\/\/ironsky.pl\/sklep\/#website\"},\"primaryImageOfPage\":{\"@id\":\"https:\/\/ironsky.pl\/sklep\/produkt\/fotowoltaika-balkonowa-ecoflow-classic-plus-delta-2\/#primaryimage\"},\"image\":{\"@id\":\"https:\/\/ironsky.pl\/sklep\/produkt\/fotowoltaika-balkonowa-ecoflow-classic-plus-delta-2\/#primaryimage\"},\"thumbnailUrl\":\"https:\/\/ironsky.pl\/sklep\/wp-content\/uploads\/2024\/09\/33756_8.jpg\",\"datePublished\":\"2024-09-16T16:02:20+00:00\",\"dateModified\":\"2026-03-05T14:49:53+00:00\",\"description\":\"Fotowoltaika balkonowa EcoFlow CLASSIC PLUS DELTA 2 - \u2705 sklep z dronami i fachowym doradztwem. \u2705 Tutaj kupisz produkty DJI, Yuneec, Parrot, Syma i wiele innych, a tak\u017ce kursy i licencje na operatora drona.\",\"breadcrumb\":{\"@id\":\"https:\/\/ironsky.pl\/sklep\/produkt\/fotowoltaika-balkonowa-ecoflow-classic-plus-delta-2\/#breadcrumb\"},\"inLanguage\":\"pl-PL\",\"potentialAction\":[{\"@type\":\"ReadAction\",\"target\":[\"https:\/\/ironsky.pl\/sklep\/produkt\/fotowoltaika-balkonowa-ecoflow-classic-plus-delta-2\/\"]}]},{\"@type\":\"ImageObject\",\"inLanguage\":\"pl-PL\",\"@id\":\"https:\/\/ironsky.pl\/sklep\/produkt\/fotowoltaika-balkonowa-ecoflow-classic-plus-delta-2\/#primaryimage\",\"url\":\"https:\/\/ironsky.pl\/sklep\/wp-content\/uploads\/2024\/09\/33756_8.jpg\",\"contentUrl\":\"https:\/\/ironsky.pl\/sklep\/wp-content\/uploads\/2024\/09\/33756_8.jpg\",\"width\":800,\"height\":800},{\"@type\":\"BreadcrumbList\",\"@id\":\"https:\/\/ironsky.pl\/sklep\/produkt\/fotowoltaika-balkonowa-ecoflow-classic-plus-delta-2\/#breadcrumb\",\"itemListElement\":[{\"@type\":\"ListItem\",\"position\":1,\"name\":\"Strona g\u0142\u00f3wna\",\"item\":\"https:\/\/ironsky.pl\/sklep\/\"},{\"@type\":\"ListItem\",\"position\":2,\"name\":\"Wszystkie produkty\",\"item\":\"https:\/\/ironsky.pl\/sklep\/produkty\/\"},{\"@type\":\"ListItem\",\"position\":3,\"name\":\"Fotowoltaika balkonowa EcoFlow CLASSIC PLUS DELTA 2\"}]},{\"@type\":\"WebSite\",\"@id\":\"https:\/\/ironsky.pl\/sklep\/#website\",\"url\":\"https:\/\/ironsky.pl\/sklep\/\",\"name\":\"IRONSKY.PL Sklep z Dronami\",\"description\":\"IRONSKY.PL Sklep z Dronami\",\"potentialAction\":[{\"@type\":\"SearchAction\",\"target\":{\"@type\":\"EntryPoint\",\"urlTemplate\":\"https:\/\/ironsky.pl\/sklep\/?s={search_term_string}\"},\"query-input\":{\"@type\":\"PropertyValueSpecification\",\"valueRequired\":true,\"valueName\":\"search_term_string\"}}],\"inLanguage\":\"pl-PL\"}]}<\/script>\n<!-- \/ Yoast SEO plugin. -->","yoast_head_json":{"title":"Fotowoltaika balkonowa EcoFlow CLASSIC PLUS DELTA 2 - IRONSKY.PL Sklep z Dronami","description":"Fotowoltaika balkonowa EcoFlow CLASSIC PLUS DELTA 2 - \u2705 sklep z dronami i fachowym doradztwem. \u2705 Tutaj kupisz produkty DJI, Yuneec, Parrot, Syma i wiele innych, a tak\u017ce kursy i licencje na operatora drona.","robots":{"index":"index","follow":"follow","max-snippet":"max-snippet:-1","max-image-preview":"max-image-preview:large","max-video-preview":"max-video-preview:-1"},"canonical":"https:\/\/ironsky.pl\/sklep\/produkt\/fotowoltaika-balkonowa-ecoflow-classic-plus-delta-2\/","og_locale":"pl_PL","og_type":"article","og_title":"Fotowoltaika balkonowa EcoFlow CLASSIC PLUS DELTA 2 - IRONSKY.PL Sklep z Dronami","og_description":"Fotowoltaika balkonowa EcoFlow CLASSIC PLUS DELTA 2 - \u2705 sklep z dronami i fachowym doradztwem. \u2705 Tutaj kupisz produkty DJI, Yuneec, Parrot, Syma i wiele innych, a tak\u017ce kursy i licencje na operatora drona.","og_url":"https:\/\/ironsky.pl\/sklep\/produkt\/fotowoltaika-balkonowa-ecoflow-classic-plus-delta-2\/","og_site_name":"IRONSKY.PL Sklep z Dronami","article_modified_time":"2026-03-05T14:49:53+00:00","og_image":[{"width":800,"height":800,"url":"https:\/\/ironsky.pl\/sklep\/wp-content\/uploads\/2024\/09\/33756_8.jpg","type":"image\/jpeg"}],"twitter_card":"summary_large_image","twitter_misc":{"Szacowany czas czytania":"4 minuty"},"schema":{"@context":"https:\/\/schema.org","@graph":[{"@type":"WebPage","@id":"https:\/\/ironsky.pl\/sklep\/produkt\/fotowoltaika-balkonowa-ecoflow-classic-plus-delta-2\/","url":"https:\/\/ironsky.pl\/sklep\/produkt\/fotowoltaika-balkonowa-ecoflow-classic-plus-delta-2\/","name":"Fotowoltaika balkonowa EcoFlow CLASSIC PLUS DELTA 2 - IRONSKY.PL Sklep z Dronami","isPartOf":{"@id":"https:\/\/ironsky.pl\/sklep\/#website"},"primaryImageOfPage":{"@id":"https:\/\/ironsky.pl\/sklep\/produkt\/fotowoltaika-balkonowa-ecoflow-classic-plus-delta-2\/#primaryimage"},"image":{"@id":"https:\/\/ironsky.pl\/sklep\/produkt\/fotowoltaika-balkonowa-ecoflow-classic-plus-delta-2\/#primaryimage"},"thumbnailUrl":"https:\/\/ironsky.pl\/sklep\/wp-content\/uploads\/2024\/09\/33756_8.jpg","datePublished":"2024-09-16T16:02:20+00:00","dateModified":"2026-03-05T14:49:53+00:00","description":"Fotowoltaika balkonowa EcoFlow CLASSIC PLUS DELTA 2 - \u2705 sklep z dronami i fachowym doradztwem. \u2705 Tutaj kupisz produkty DJI, Yuneec, Parrot, Syma i wiele innych, a tak\u017ce kursy i licencje na operatora drona.","breadcrumb":{"@id":"https:\/\/ironsky.pl\/sklep\/produkt\/fotowoltaika-balkonowa-ecoflow-classic-plus-delta-2\/#breadcrumb"},"inLanguage":"pl-PL","potentialAction":[{"@type":"ReadAction","target":["https:\/\/ironsky.pl\/sklep\/produkt\/fotowoltaika-balkonowa-ecoflow-classic-plus-delta-2\/"]}]},{"@type":"ImageObject","inLanguage":"pl-PL","@id":"https:\/\/ironsky.pl\/sklep\/produkt\/fotowoltaika-balkonowa-ecoflow-classic-plus-delta-2\/#primaryimage","url":"https:\/\/ironsky.pl\/sklep\/wp-content\/uploads\/2024\/09\/33756_8.jpg","contentUrl":"https:\/\/ironsky.pl\/sklep\/wp-content\/uploads\/2024\/09\/33756_8.jpg","width":800,"height":800},{"@type":"BreadcrumbList","@id":"https:\/\/ironsky.pl\/sklep\/produkt\/fotowoltaika-balkonowa-ecoflow-classic-plus-delta-2\/#breadcrumb","itemListElement":[{"@type":"ListItem","position":1,"name":"Strona g\u0142\u00f3wna","item":"https:\/\/ironsky.pl\/sklep\/"},{"@type":"ListItem","position":2,"name":"Wszystkie produkty","item":"https:\/\/ironsky.pl\/sklep\/produkty\/"},{"@type":"ListItem","position":3,"name":"Fotowoltaika balkonowa EcoFlow CLASSIC PLUS DELTA 2"}]},{"@type":"WebSite","@id":"https:\/\/ironsky.pl\/sklep\/#website","url":"https:\/\/ironsky.pl\/sklep\/","name":"IRONSKY.PL Sklep z Dronami","description":"IRONSKY.PL Sklep z Dronami","potentialAction":[{"@type":"SearchAction","target":{"@type":"EntryPoint","urlTemplate":"https:\/\/ironsky.pl\/sklep\/?s={search_term_string}"},"query-input":{"@type":"PropertyValueSpecification","valueRequired":true,"valueName":"search_term_string"}}],"inLanguage":"pl-PL"}]}},"_links":{"self":[{"href":"https:\/\/ironsky.pl\/sklep\/wp-json\/wp\/v2\/product\/22305","targetHints":{"allow":["GET"]}}],"collection":[{"href":"https:\/\/ironsky.pl\/sklep\/wp-json\/wp\/v2\/product"}],"about":[{"href":"https:\/\/ironsky.pl\/sklep\/wp-json\/wp\/v2\/types\/product"}],"replies":[{"embeddable":true,"href":"https:\/\/ironsky.pl\/sklep\/wp-json\/wp\/v2\/comments?post=22305"}],"wp:featuredmedia":[{"embeddable":true,"href":"https:\/\/ironsky.pl\/sklep\/wp-json\/wp\/v2\/media\/22306"}],"wp:attachment":[{"href":"https:\/\/ironsky.pl\/sklep\/wp-json\/wp\/v2\/media?parent=22305"}],"wp:term":[{"taxonomy":"product_brand","embeddable":true,"href":"https:\/\/ironsky.pl\/sklep\/wp-json\/wp\/v2\/product_brand?post=22305"},{"taxonomy":"product_cat","embeddable":true,"href":"https:\/\/ironsky.pl\/sklep\/wp-json\/wp\/v2\/product_cat?post=22305"},{"taxonomy":"product_tag","embeddable":true,"href":"https:\/\/ironsky.pl\/sklep\/wp-json\/wp\/v2\/product_tag?post=22305"}],"curies":[{"name":"wp","href":"https:\/\/api.w.org\/{rel}","templated":true}]}}