{"id":22274,"date":"2024-09-16T18:02:20","date_gmt":"2024-09-16T16:02:20","guid":{"rendered":"http:\/\/gvshalph.pro-linuxpl.com\/ironskyprodukty\/produkt\/fotowoltaika-balkonowa-ecoflow-basic-plus\/"},"modified":"2026-03-05T15:49:52","modified_gmt":"2026-03-05T14:49:52","slug":"fotowoltaika-balkonowa-ecoflow-basic-plus","status":"publish","type":"product","link":"https:\/\/ironsky.pl\/sklep\/produkt\/fotowoltaika-balkonowa-ecoflow-basic-plus\/","title":{"rendered":"Fotowoltaika balkonowa EcoFlow BASIC PLUS"},"content":{"rendered":"<h3>System balkonowy EcoFlow BASIC PLUS<\/h3>\n<p>Postaw na ekologiczne rozwi\u0105zania i wykorzystaj energi\u0119 s\u0142oneczn\u0105 do zasilania urz\u0105dze\u0144 w swoim domu. Pozwoli Ci na to system balkonowy EcoFlow BASIC PLUS, kt\u00f3ry sk\u0142ada si\u0119 z mikroinwertera EcoFlow PowerStream, dw\u00f3ch paneli fotowoltaicznych Trina, uchwyt\u00f3w balkonowych EcoFlow, inteligentnego gniazdka Smart Plug oraz niezb\u0119dnego okablowania. Taki zestaw jest bardzo prosty w monta\u017cu i \u015bwietnie sprawdzi si\u0119 wsz\u0119dzie tam, gdzie nie ma mo\u017cliwo\u015bci instalacji tradycyjnych paneli\u00a0\u2013 nie tylko na balkonie, ale te\u017c na przyk\u0142ad na tarasie lub w niewielkim ogrodzie. To Tw\u00f3j pierwszy krok do niezale\u017cno\u015bci energetycznej!\u00a0<\/p>\n<p>\n<img decoding=\"async\" src=\"https:\/\/assets.innpro.pl\/7239\/8436\/1.jpg\" border=\"0\" \/>\n<\/p>\n<h3>Wykorzystaj energi\u0119 s\u0142oneczn\u0105 w swoim domu<\/h3>\n<p>Chcesz zaoszcz\u0119dzi\u0107 na rachunkach za pr\u0105d? System EcoFlow BASIC PLUS jest dla Ciebie! B\u0119d\u0105cy jego cz\u0119\u015bci\u0105 mikroinwerter umo\u017cliwia pod\u0142\u0105czenie paneli fotowoltaicznych o \u0142\u0105cznej mocy do 800 W i wykorzystanie generowanej przez nie energii do zasilania wybranych urz\u0105dze\u0144 w domu. Koszt inwestycji zwr\u00f3ci si\u0119 ju\u017c po oko\u0142o 6 latach (przy taryfie 89 gr\/kWh i produkcji u\u015brednionej 700 kWh\/rok). Co wi\u0119cej, takiej instalacji (do 800 W) nie trzeba zg\u0142asza\u0107, nie jest te\u017c wymagane stosowanie dodatkowych zabezpiecze\u0144.<\/p>\n<p>\n<img decoding=\"async\" src=\"https:\/\/assets.innpro.pl\/7239\/8436\/8.jpg\" border=\"0\" \/>\n<\/p>\n<h3>Przygotuj si\u0119 na awari\u0119 zasilania<\/h3>\n<p>Mo\u017cliwo\u015b\u0107 zaoszcz\u0119dzenia na rachunkach za pr\u0105d to nie jedyna zaleta systemu EcoFlow BASIC PLUS. Dzi\u0119ki niemu mo\u017cesz te\u017c przygotowa\u0107 si\u0119 na ewentualne awarie! Wchodz\u0105cy w sk\u0142ad zestawu mikroinwerter jest kompatybilny ze wszystkimi stacjami zasilania EcoFlow (w sprzeda\u017cy oddzielnie) \u2013 o pojemno\u015bci od 256 Wh do nawet 3,6 kWh. Takie urz\u0105dzenie pozwoli Ci magazynowa\u0107 nadwy\u017cki pr\u0105du i korzysta\u0107 z nich, gdy zajdzie taka potrzeba, na przyk\u0142ad w nocy i podczas przerw w dostawie energii elektrycznej. Ju\u017c nie musisz si\u0119 martwi\u0107, \u017ce je\u015bli nast\u0105pi awaria, Tw\u00f3j komputer czy lod\u00f3wka przestanie dzia\u0142a\u0107! Warto jednak zwr\u00f3ci\u0107 uwag\u0119, \u017ce mikroinwerter ze stacji mo\u017ce przekaza\u0107 do sieci domowej maks 600 W.<\/p>\n<p>\n<img decoding=\"async\" src=\"https:\/\/assets.innpro.pl\/7239\/8436\/3.jpg\" border=\"0\" \/>\n<\/p>\n<h3>Prosty monta\u017c<\/h3>\n<p>EcoFlow BASIC PLUS to kompletny zestaw do samodzielnego monta\u017cu (plug &amp; play) \u2013 nie wymaga anga\u017cowania fachowc\u00f3w. Jego instalacja jest bardzo prosta i nie sprawi Ci \u017cadnego problemu. Wysokiej klasy regulowane uchwyty EcoFlow, kt\u00f3re znajdziesz w opakowaniu, wyr\u00f3\u017cniaj\u0105 si\u0119 solidn\u0105, wytrzyma\u0142\u0105 konstrukcj\u0105 \u2013 pozwol\u0105 Ci stabilnie zamontowa\u0107 panele na balkonie. Co wi\u0119cej, dzi\u0119ki p\u0142askim kablom mo\u017cesz pod\u0142\u0105czy\u0107 panele fotowoltaiczne do mikroinwertera umieszczonego w mieszkaniu bez konieczno\u015bci wiercenia otwor\u00f3w w \u015bcianach. Zestaw EcoFlow BASIC PLUS umo\u017cliwia monta\u017c paneli 3 m od okna i 2 m od okna do mikroinwertera PowerStream.<\/p>\n<p>\n<img decoding=\"async\" src=\"https:\/\/assets.innpro.pl\/7239\/8436\/11.jpg\" border=\"0\" \/>\n<\/p>\n<h3>Mikroinwerter w zestawie<\/h3>\n<p>Hybrydowy mikroinwerter PowerStream to swego rodzaju serce ca\u0142ego systemu. Pozwala w prosty spos\u00f3b pod\u0142\u0105czy\u0107 jego pozosta\u0142e elementy i konwertuje produkowany przez panele fotowoltaiczne pr\u0105d sta\u0142y na zmienny. Zosta\u0142 te\u017c wyposa\u017cony w port wyj\u015bciowy AC, kt\u00f3ry umo\u017cliwia pod\u0142\u0105czenie zestawu do obwod\u00f3w domowych. Urz\u0105dzenie cechuje si\u0119 niewielkim rozmiarem i minimalistycznym designem, dzi\u0119ki czemu nie zajmie zbyt wiele miejsca w mieszkaniu i \u015bwietnie wpisze si\u0119 w ka\u017cd\u0105 aran\u017cacj\u0119.<\/p>\n<p>\n<img decoding=\"async\" src=\"https:\/\/assets.innpro.pl\/7239\/8436\/4.jpg\" border=\"0\" \/>\n<\/p>\n<h3>Inteligentne gniazdka Smart Plug<\/h3>\n<p>W sk\u0142ad zestawu wchodzi te\u017c inteligentne gniazdko Smart Plug, kt\u00f3re monitoruje pob\u00f3r pr\u0105du w czasie rzeczywistym i przekazuje informacje do mikroinwertera. Dzi\u0119ki temu b\u0119dzie on przydziela\u0107 odpowiedni\u0105 moc do ka\u017cdego urz\u0105dzenia, a Ty unikniesz sytuacji, w kt\u00f3rej produkcja przekroczy\u0142aby zu\u017cycie, co generowa\u0142oby dodatkowe op\u0142aty, To oznacza, \u017ce zestaw EcoFlow BASIC PLUS \u015bwietnie sprawdzi si\u0119 w mieszkaniach z licznikiem jednokierunkowym (cho\u0107 z powodzeniem wykorzystasz go r\u00f3wnie\u017c w po\u0142\u0105czeniu z licznikiem dwukierunkowym). Co wi\u0119cej, gniazdka Smart Plug pozwalaj\u0105 na zdalne sterowanie pod\u0142\u0105czonymi sprz\u0119tami i tworzenie dla nich harmonogram\u00f3w pracy \u2013 wystarczy kilka klikni\u0119\u0107 w dedykowanej aplikacji.<\/p>\n<p>\n<img decoding=\"async\" src=\"https:\/\/assets.innpro.pl\/7239\/8436\/7.jpg\" border=\"0\" \/>\n<\/p>\n<h3>A\u017c 2 panele fotowoltaiczne<\/h3>\n<p>Zestaw fotowoltaiczny EcoFlow BASIC PLUS obejmuje dwa panele fotowoltaiczne Trina o mocy 405 W, idealne dla os\u00f3b poszukuj\u0105cych wysokiej wydajno\u015bci przy ograniczonym miejscu. Dzi\u0119ki sprawno\u015bci modu\u0142u na poziomie 21,1% oraz zastosowaniu technologii Multi-busbar, panele te oferuj\u0105 wyj\u0105tkow\u0105 g\u0119sto\u015b\u0107 po\u0142\u0105cze\u0144, co przek\u0142ada si\u0119 na lepsze wykorzystanie \u015bwiat\u0142a oraz efektywne zbieranie pr\u0105du. Zaprojektowane z my\u015bl\u0105 o kompatybilno\u015bci z g\u0142\u00f3wnymi optymalizatorami, falownikami i systemami monta\u017cowymi, panele Trina zapewniaj\u0105 r\u00f3wnie\u017c obni\u017cone koszty instalacji dzi\u0119ki swojej wysokiej mocy i efektywno\u015bci. Dzi\u0119ki niskiej masie i optymalnym wymiarom s\u0105 \u0142atwe w obs\u0142udze oraz ekonomiczne w transporcie, oferuj\u0105c przy tym elastyczno\u015b\u0107 przy r\u00f3\u017cnorodnych rozwi\u0105zaniach instalacyjnych.<\/p>\n<p>\n<img decoding=\"async\" src=\"https:\/\/assets.innpro.pl\/7239\/8436\/10.jpg\" border=\"0\" \/>\n<\/p>\n<h3>W zestawie<\/h3>\n<ul class=\"list-disc pl-5\">\n<li>Mikroinwerter PowerStream<\/li>\n<li>EcoFlow PowerStream p\u0142aski kabel MC4 x2<\/li>\n<li>Kabel przed\u0142u\u017caj\u0105cy EcoFlow do paneli fotowoltaicznych (3 m) x2<\/li>\n<li>Panel fotowoltaiczny Trina x2<\/li>\n<li>Regulowany uchwyt balkonowy EcoFlow do paneli fotowoltaicznych x2<\/li>\n<li>Inteligentne gniazdko Smart Plug<\/li>\n<\/ul>\n<div class=\"table-wrapper\">\n<p>\u00a0<\/p>\n<h3>Mikroinwerter<\/h3>\n<table>\n<tbody>\n<tr>\n<th>Producent <\/th>\n<td>EcoFlow<\/td>\n<\/tr>\n<tr>\n<th>Model <\/th>\n<td>EFWN511<\/td>\n<\/tr>\n<tr>\n<th>Wymiary <\/th>\n<td>242\u00d7169\u00d733 (mm)<\/td>\n<\/tr>\n<tr>\n<th>Waga <\/th>\n<td>Ok. 3 kg<\/td>\n<\/tr>\n<tr>\n<th>Komunikacja <\/th>\n<td>Wi-Fi i Bluetooth<\/td>\n<\/tr>\n<tr>\n<th>Maks. moc \u0142adowania i roz\u0142adowywania <\/th>\n<td>600 W<\/td>\n<\/tr>\n<\/tbody>\n<\/table>\n<p>\u00a0<\/p>\n<h3>Port PV<\/h3>\n<table>\n<tbody>\n<tr>\n<th>Napi\u0119cie pracy <\/th>\n<td>11 &#8211; 55 Vd.c.<\/td>\n<\/tr>\n<tr>\n<th>Maksymalne napi\u0119cie wej\u015bciowe <\/th>\n<td>55 Vd.c.<\/td>\n<\/tr>\n<tr>\n<th>Maksymalny pr\u0105d wyj\u015bciowy <\/th>\n<td>13 A<\/td>\n<\/tr>\n<tr>\n<th>Pocz\u0105tkowe napi\u0119cie wej\u015bciowe <\/th>\n<td>15 Vd.c.<\/td>\n<\/tr>\n<tr>\n<th>Zabezpieczenie przed odwrotnym po\u0142\u0105czeniem <\/th>\n<td>Dost\u0119pne<\/td>\n<\/tr>\n<tr>\n<th>Klasa ochrony przed pora\u017ceniem <\/th>\n<td>II<\/td>\n<\/tr>\n<tr>\n<th>Maksymalny pr\u0105d zwarciowy PV (Isc PV) <\/th>\n<td>14 A<\/td>\n<\/tr>\n<tr>\n<th>Maksymalny pr\u0105d zwrotny inwertera do uk\u0142adu <\/th>\n<td>0 A<\/td>\n<\/tr>\n<\/tbody>\n<\/table>\n<p>\u00a0<\/p>\n<h3>Port baterii \/ port DC<\/h3>\n<table>\n<tbody>\n<tr>\n<th>Maksymalny pr\u0105d wej\u015bciowy <\/th>\n<td>13 A<\/td>\n<\/tr>\n<tr>\n<th>Napi\u0119cie wej\u015bciowe <\/th>\n<td>11 -15 Vd.c. , 40 &#8211; 59 Vd.c.<\/td>\n<\/tr>\n<tr>\n<th>Maksymalne napi\u0119cie wej\u015bciowe <\/th>\n<td>59 Vd.c.<\/td>\n<\/tr>\n<tr>\n<th>Napi\u0119cie \u0142adowania <\/th>\n<td>30 &#8211; 58 Vd.c.<\/td>\n<\/tr>\n<tr>\n<th>Maksymalny pr\u0105d \u0142adowania <\/th>\n<td>13 A<\/td>\n<\/tr>\n<tr>\n<th>Znamionowe napi\u0119cie \u0142adowania<\/th>\n<td>48 Vd.c.<\/td>\n<\/tr>\n<tr>\n<th>Klasa ochrony przed pora\u017ceniem <\/th>\n<td>II<\/td>\n<\/tr>\n<tr>\n<th>Znamionowy pr\u0105d zwarcia na wej\u015bciu baterii<\/th>\n<td>20 A<\/td>\n<\/tr>\n<\/tbody>\n<\/table>\n<p>\u00a0<\/p>\n<h3>Port AC<\/h3>\n<table>\n<tbody>\n<tr>\n<th>Napi\u0119cie wyj\u015bciowe <\/th>\n<td>220\/230\/240 Va.c.<\/td>\n<\/tr>\n<tr>\n<th>Cz\u0119stotliwo\u015b\u0107 na wyj\u015bciu <\/th>\n<td>50 Hz<\/td>\n<\/tr>\n<tr>\n<th>Wsp\u00f3\u0142czynnik mocy wyj\u015bciowej <\/th>\n<td>\u00b10.8 ~ 1<\/td>\n<\/tr>\n<tr>\n<th>Maksymalny pr\u0105d wyj\u015bciowy <\/th>\n<td>3.6 A<\/td>\n<\/tr>\n<tr>\n<th>Maksymalny wyj\u015bciowy pr\u0105d zwarciowy <\/th>\n<td>18.4 A<\/td>\n<\/tr>\n<tr>\n<th>Maksymalne zabezpieczenie przeciwprzepi\u0119ciowe wyj\u015bcia <\/th>\n<td>4 A<\/td>\n<\/tr>\n<tr>\n<th>THDI <\/th>\n<td><=3% przy 100% obci\u0105\u017ceniu<\/td>\n<\/tr>\n<tr>\n<th>Klasa ochrony przed pora\u017ceniem <\/th>\n<td>III<\/td>\n<\/tr>\n<\/tbody>\n<\/table>\n<p>\u00a0<\/p>\n<h3>Pozosta\u0142e<\/h3>\n<table>\n<tbody>\n<tr>\n<th>Miejsce instalacji <\/th>\n<td>W domu lub poza domem<\/td>\n<\/tr>\n<tr>\n<th>Stopie\u0144 zanieczyszczenia warunk\u00f3w \u015brodowiskowych <\/th>\n<td>PD3<\/td>\n<\/tr>\n<tr>\n<th>Stopie\u0144 ochrony <\/th>\n<td>IP IP67<\/td>\n<\/tr>\n<tr>\n<th>Temperatura pracy <\/th>\n<td>-40\u00b0C to 50\u00b0C<\/td>\n<\/tr>\n<tr>\n<th>Wilgotno\u015b\u0107 <\/th>\n<td>0 % to 100 %<\/td>\n<\/tr>\n<tr>\n<th>Wysoko\u015b\u0107 instalacji <\/th>\n<td>\u22642000 m<\/td>\n<\/tr>\n<tr>\n<th>Instalacja w warunkach podwy\u017cszonej wilgotno\u015bci <\/th>\n<td>Tak<\/td>\n<\/tr>\n<tr>\n<th>Typ inwertera <\/th>\n<td>Izolowany<\/td>\n<\/tr>\n<tr>\n<th>Kategoria ochrony <\/th>\n<td>1<\/td>\n<\/tr>\n<tr>\n<th>Zakres cz\u0119stotliwo\u015bci Wi-Fi (2.4G) <\/th>\n<td>20M: 2412 &#8211; 2472 MHz \/ 40M: 2422- 2462 MHz<\/td>\n<\/tr>\n<tr>\n<th>Maksymalna moc wyj\u015bciowa Wi-Fi<\/th>\n<td> \u2264 20 dBm<\/td>\n<\/tr>\n<tr>\n<th>Zakres cz\u0119stotliwo\u015bci Bluetooth <\/th>\n<td>2402-2480 MHz<\/td>\n<\/tr>\n<tr>\n<th>Maksymalna moc wyj\u015bciowa Bluetooth <\/th>\n<td>\u2264 20 dBm<\/td>\n<\/tr>\n<\/tbody>\n<\/table>\n<p>\u00a0<\/p>\n<h3>P\u0142aski kabel MC4<\/h3>\n<table>\n<tbody>\n<tr>\n<th>Producent <\/th>\n<td>EcoFlow<\/td>\n<\/tr>\n<tr>\n<th>Nazwa <\/th>\n<td>EcoFlow Super Flat Cable<\/td>\n<\/tr>\n<tr>\n<th>Rodzaj kabla <\/th>\n<td>MC4<\/td>\n<\/tr>\n<tr>\n<th>D\u0142ugo\u015b\u0107 <\/th>\n<td>0,5 m<\/td>\n<\/tr>\n<\/tbody>\n<\/table>\n<p>\u00a0<\/p>\n<h3>Kabel przed\u0142u\u017caj\u0105cy do paneli fotowoltaicznych MC4<\/h3>\n<table>\n<tbody>\n<tr>\n<th>Producent <\/th>\n<td>EcoFlow<\/td>\n<\/tr>\n<tr>\n<th>Nazwa <\/th>\n<td>Kabel przed\u0142u\u017caj\u0105cy EcoFlow do paneli fotowoltaicznych MC4<\/td>\n<\/tr>\n<tr>\n<th>D\u0142ugo\u015b\u0107 <\/th>\n<td>3 m<\/td>\n<\/tr>\n<\/tbody>\n<\/table>\n<p>\u00a0<\/p>\n<h3>Panel fotowoltaiczny Trina<\/h3>\n<table>\n<tbody>\n<tr>\n<th>Moc maksymalna <\/th>\n<td>405 W<\/td>\n<\/tr>\n<tr>\n<th>Maksymalne napi\u0119cie zasilania <\/th>\n<td>35,4 [V] <\/td>\n<\/tr>\n<tr>\n<th>| Maksymalny pr\u0105d zasilania | 11,77 [A] |<\/th>\n<td>| Wsp\u00f3\u0142czynnik sprawno\u015bci panelu | 21,1 [%] |<\/td>\n<\/tr>\n<tr>\n<th>| Napi\u0119cie obwodu otwartego | 41,4 [V] |<\/th>\n<td>| Pr\u0105d zwarciowy | 12,34 [A] |<\/td>\n<\/tr>\n<tr>\n<th>| Wymiary | 1754 x 1096 x 30 mm |<\/th>\n<td>| Waga | 21 kg |<\/td>\n<\/tr>\n<tr>\n<th>| Materia\u0142 | EVA \/ POE |<\/th>\n<td><\/td>\n<\/tr>\n<\/tbody>\n<\/table>\n<p>\u00a0<\/p>\n<h3>Regulowany uchwyt Ecoflow na panel PV 400W wolnostoj\u0105cy lub do monta\u017cu \u015bciennego<\/h3>\n<table>\n<tbody>\n<tr>\n<th>Producent <\/th>\n<td>EcoFlow<\/td>\n<\/tr>\n<tr>\n<th>Model<\/th>\n<td>EFA-DJUST<\/td>\n<\/tr>\n<tr>\n<th>Wymiary<\/th>\n<td>14*32*1213mm<\/td>\n<\/tr>\n<tr>\n<th>Waga<\/th>\n<td>Ok. 3,2kg<\/td>\n<\/tr>\n<tr>\n<th>Maks. obci\u0105\u017cenie<\/th>\n<td>30kg<\/td>\n<\/tr>\n<tr>\n<th>Stopie\u0144 odporno\u015bci na wiatr<\/th>\n<td>10<\/td>\n<\/tr>\n<tr>\n<th>Zakres k\u0105ta regulacji<\/th>\n<td>20\u00b0-75\u00b0<\/td>\n<\/tr>\n<tr>\n<th>Mo\u017cliwo\u015b\u0107 monta\u017cu<\/th>\n<td>na \u015bcianie, na balustradzie balkonowej, na gruncie<\/td>\n<\/tr>\n<tr>\n<th>Kompatybilno\u015b\u0107<\/th>\n<td>panel PV 400 W<\/td>\n<\/tr>\n<\/tbody>\n<\/table>\n<p>\u00a0<\/p>\n<h3>Inteligentne gniazdko Smart Plug<\/h3>\n<table>\n<tbody>\n<tr>\n<th>Producent <\/th>\n<td>EcoFlow<\/td>\n<\/tr>\n<tr>\n<th>Wymiary <\/th>\n<td>53 x 53 x 79 mm<\/td>\n<\/tr>\n<tr>\n<th>Waga <\/th>\n<td>113 g<\/td>\n<\/tr>\n<tr>\n<th>Materia\u0142 <\/th>\n<td>PC<\/td>\n<\/tr>\n<tr>\n<th>Kategoria przepi\u0119ciowa <\/th>\n<td>II<\/td>\n<\/tr>\n<tr>\n<th>Poziom zanieczyszcze\u0144 <\/th>\n<td>2<\/td>\n<\/tr>\n<tr>\n<th>Temperatura pracy <\/th>\n<td>Od -10\u00b0C do 40\u00b0C<\/td>\n<\/tr>\n<tr>\n<th>Wilgotno\u015b\u0107 <\/th>\n<td>10-90% RH (bez skraplania)<\/td>\n<\/tr>\n<tr>\n<th>Wej\u015bcie AC <\/th>\n<td>110-250 V 50 Hz, 2500W max<\/td>\n<\/tr>\n<tr>\n<th>Wysoko\u015b\u0107 instalacji <\/th>\n<td>\u2264 2000 m<\/td>\n<\/tr>\n<tr>\n<th>Zakres cz\u0119stotliwo\u015bci <\/th>\n<td>Wi-Fi 20 m: 2412-2472 MHz; 40 m: 2422-2462 MHz;<\/td>\n<\/tr>\n<tr>\n<th>Maks. moc wyj\u015bciowa Wi-Fi <\/th>\n<td>\u2264 20 dBm<\/td>\n<\/tr>\n<tr>\n<th>Zakres cz\u0119stotliwo\u015bci Bluetooth <\/th>\n<td>2402-2480 MHz<\/td>\n<\/tr>\n<tr>\n<th>Maks. moc wyj\u015bciowa Bluetooth <\/th>\n<td>\u2264 20 dBm<\/td>\n<\/tr>\n<\/tbody>\n<\/table>\n<\/div>\n","protected":false},"excerpt":{"rendered":"<p>System balkonowy EcoFlow BASIC PLUS Postaw na ekologiczne rozwi\u0105zania i wykorzystaj energi\u0119 s\u0142oneczn\u0105 do zasilania urz\u0105dze\u0144 w swoim domu. Pozwoli<\/p>\n","protected":false},"featured_media":22275,"comment_status":"closed","ping_status":"open","template":"","meta":{"_acf_changed":false},"product_brand":[],"product_cat":[1108,1116],"product_tag":[],"class_list":{"0":"post-22274","1":"product","2":"type-product","3":"status-publish","4":"has-post-thumbnail","6":"product_cat-energia","7":"product_cat-off-grid","8":"pa_box-height-4402","9":"pa_box-length-4403","10":"pa_box-width-4401","11":"pa_gross-weight-4404","12":"pa_moc-znamionowa-w-4406","13":"pa_net-weight-4400","14":"pa_rodzaj-licznika-pradu-jednokierunkowy-dwukierunkowy","15":"pa_rodzaj-paneli-sztywne","16":"pa_typ-uchwytu-barierka-balkonowa","18":"first","19":"outofstock","20":"taxable","21":"shipping-taxable","22":"purchasable","23":"product-type-simple"},"acf":[],"yoast_head":"<!-- This site is optimized with the Yoast SEO plugin v27.2 - https:\/\/yoast.com\/product\/yoast-seo-wordpress\/ -->\n<title>Fotowoltaika balkonowa EcoFlow BASIC PLUS - IRONSKY.PL Sklep z Dronami<\/title>\n<meta name=\"description\" content=\"Fotowoltaika balkonowa EcoFlow BASIC PLUS - \u2705 sklep z dronami i fachowym doradztwem. \u2705 Tutaj kupisz produkty DJI, Yuneec, Parrot, Syma i wiele innych, a tak\u017ce kursy i licencje na operatora drona.\" \/>\n<meta name=\"robots\" content=\"index, follow, max-snippet:-1, max-image-preview:large, max-video-preview:-1\" \/>\n<link rel=\"canonical\" href=\"https:\/\/ironsky.pl\/sklep\/produkt\/fotowoltaika-balkonowa-ecoflow-basic-plus\/\" \/>\n<meta property=\"og:locale\" content=\"pl_PL\" \/>\n<meta property=\"og:type\" content=\"article\" \/>\n<meta property=\"og:title\" content=\"Fotowoltaika balkonowa EcoFlow BASIC PLUS - IRONSKY.PL Sklep z Dronami\" \/>\n<meta property=\"og:description\" content=\"Fotowoltaika balkonowa EcoFlow BASIC PLUS - \u2705 sklep z dronami i fachowym doradztwem. \u2705 Tutaj kupisz produkty DJI, Yuneec, Parrot, Syma i wiele innych, a tak\u017ce kursy i licencje na operatora drona.\" \/>\n<meta property=\"og:url\" content=\"https:\/\/ironsky.pl\/sklep\/produkt\/fotowoltaika-balkonowa-ecoflow-basic-plus\/\" \/>\n<meta property=\"og:site_name\" content=\"IRONSKY.PL Sklep z Dronami\" \/>\n<meta property=\"article:modified_time\" content=\"2026-03-05T14:49:52+00:00\" \/>\n<meta property=\"og:image\" content=\"https:\/\/ironsky.pl\/sklep\/wp-content\/uploads\/2024\/09\/33751_7.jpg\" \/>\n\t<meta property=\"og:image:width\" content=\"800\" \/>\n\t<meta property=\"og:image:height\" content=\"800\" \/>\n\t<meta property=\"og:image:type\" content=\"image\/jpeg\" \/>\n<meta name=\"twitter:card\" content=\"summary_large_image\" \/>\n<meta name=\"twitter:label1\" content=\"Szacowany czas czytania\" \/>\n\t<meta name=\"twitter:data1\" content=\"5 minut\" \/>\n<script type=\"application\/ld+json\" class=\"yoast-schema-graph\">{\"@context\":\"https:\/\/schema.org\",\"@graph\":[{\"@type\":\"WebPage\",\"@id\":\"https:\/\/ironsky.pl\/sklep\/produkt\/fotowoltaika-balkonowa-ecoflow-basic-plus\/\",\"url\":\"https:\/\/ironsky.pl\/sklep\/produkt\/fotowoltaika-balkonowa-ecoflow-basic-plus\/\",\"name\":\"Fotowoltaika balkonowa EcoFlow BASIC PLUS - IRONSKY.PL Sklep z Dronami\",\"isPartOf\":{\"@id\":\"https:\/\/ironsky.pl\/sklep\/#website\"},\"primaryImageOfPage\":{\"@id\":\"https:\/\/ironsky.pl\/sklep\/produkt\/fotowoltaika-balkonowa-ecoflow-basic-plus\/#primaryimage\"},\"image\":{\"@id\":\"https:\/\/ironsky.pl\/sklep\/produkt\/fotowoltaika-balkonowa-ecoflow-basic-plus\/#primaryimage\"},\"thumbnailUrl\":\"https:\/\/ironsky.pl\/sklep\/wp-content\/uploads\/2024\/09\/33751_7.jpg\",\"datePublished\":\"2024-09-16T16:02:20+00:00\",\"dateModified\":\"2026-03-05T14:49:52+00:00\",\"description\":\"Fotowoltaika balkonowa EcoFlow BASIC PLUS - \u2705 sklep z dronami i fachowym doradztwem. \u2705 Tutaj kupisz produkty DJI, Yuneec, Parrot, Syma i wiele innych, a tak\u017ce kursy i licencje na operatora drona.\",\"breadcrumb\":{\"@id\":\"https:\/\/ironsky.pl\/sklep\/produkt\/fotowoltaika-balkonowa-ecoflow-basic-plus\/#breadcrumb\"},\"inLanguage\":\"pl-PL\",\"potentialAction\":[{\"@type\":\"ReadAction\",\"target\":[\"https:\/\/ironsky.pl\/sklep\/produkt\/fotowoltaika-balkonowa-ecoflow-basic-plus\/\"]}]},{\"@type\":\"ImageObject\",\"inLanguage\":\"pl-PL\",\"@id\":\"https:\/\/ironsky.pl\/sklep\/produkt\/fotowoltaika-balkonowa-ecoflow-basic-plus\/#primaryimage\",\"url\":\"https:\/\/ironsky.pl\/sklep\/wp-content\/uploads\/2024\/09\/33751_7.jpg\",\"contentUrl\":\"https:\/\/ironsky.pl\/sklep\/wp-content\/uploads\/2024\/09\/33751_7.jpg\",\"width\":800,\"height\":800},{\"@type\":\"BreadcrumbList\",\"@id\":\"https:\/\/ironsky.pl\/sklep\/produkt\/fotowoltaika-balkonowa-ecoflow-basic-plus\/#breadcrumb\",\"itemListElement\":[{\"@type\":\"ListItem\",\"position\":1,\"name\":\"Strona g\u0142\u00f3wna\",\"item\":\"https:\/\/ironsky.pl\/sklep\/\"},{\"@type\":\"ListItem\",\"position\":2,\"name\":\"Wszystkie produkty\",\"item\":\"https:\/\/ironsky.pl\/sklep\/produkty\/\"},{\"@type\":\"ListItem\",\"position\":3,\"name\":\"Fotowoltaika balkonowa EcoFlow BASIC PLUS\"}]},{\"@type\":\"WebSite\",\"@id\":\"https:\/\/ironsky.pl\/sklep\/#website\",\"url\":\"https:\/\/ironsky.pl\/sklep\/\",\"name\":\"IRONSKY.PL Sklep z Dronami\",\"description\":\"IRONSKY.PL Sklep z Dronami\",\"potentialAction\":[{\"@type\":\"SearchAction\",\"target\":{\"@type\":\"EntryPoint\",\"urlTemplate\":\"https:\/\/ironsky.pl\/sklep\/?s={search_term_string}\"},\"query-input\":{\"@type\":\"PropertyValueSpecification\",\"valueRequired\":true,\"valueName\":\"search_term_string\"}}],\"inLanguage\":\"pl-PL\"}]}<\/script>\n<!-- \/ Yoast SEO plugin. -->","yoast_head_json":{"title":"Fotowoltaika balkonowa EcoFlow BASIC PLUS - IRONSKY.PL Sklep z Dronami","description":"Fotowoltaika balkonowa EcoFlow BASIC PLUS - \u2705 sklep z dronami i fachowym doradztwem. \u2705 Tutaj kupisz produkty DJI, Yuneec, Parrot, Syma i wiele innych, a tak\u017ce kursy i licencje na operatora drona.","robots":{"index":"index","follow":"follow","max-snippet":"max-snippet:-1","max-image-preview":"max-image-preview:large","max-video-preview":"max-video-preview:-1"},"canonical":"https:\/\/ironsky.pl\/sklep\/produkt\/fotowoltaika-balkonowa-ecoflow-basic-plus\/","og_locale":"pl_PL","og_type":"article","og_title":"Fotowoltaika balkonowa EcoFlow BASIC PLUS - IRONSKY.PL Sklep z Dronami","og_description":"Fotowoltaika balkonowa EcoFlow BASIC PLUS - \u2705 sklep z dronami i fachowym doradztwem. \u2705 Tutaj kupisz produkty DJI, Yuneec, Parrot, Syma i wiele innych, a tak\u017ce kursy i licencje na operatora drona.","og_url":"https:\/\/ironsky.pl\/sklep\/produkt\/fotowoltaika-balkonowa-ecoflow-basic-plus\/","og_site_name":"IRONSKY.PL Sklep z Dronami","article_modified_time":"2026-03-05T14:49:52+00:00","og_image":[{"width":800,"height":800,"url":"https:\/\/ironsky.pl\/sklep\/wp-content\/uploads\/2024\/09\/33751_7.jpg","type":"image\/jpeg"}],"twitter_card":"summary_large_image","twitter_misc":{"Szacowany czas czytania":"5 minut"},"schema":{"@context":"https:\/\/schema.org","@graph":[{"@type":"WebPage","@id":"https:\/\/ironsky.pl\/sklep\/produkt\/fotowoltaika-balkonowa-ecoflow-basic-plus\/","url":"https:\/\/ironsky.pl\/sklep\/produkt\/fotowoltaika-balkonowa-ecoflow-basic-plus\/","name":"Fotowoltaika balkonowa EcoFlow BASIC PLUS - IRONSKY.PL Sklep z Dronami","isPartOf":{"@id":"https:\/\/ironsky.pl\/sklep\/#website"},"primaryImageOfPage":{"@id":"https:\/\/ironsky.pl\/sklep\/produkt\/fotowoltaika-balkonowa-ecoflow-basic-plus\/#primaryimage"},"image":{"@id":"https:\/\/ironsky.pl\/sklep\/produkt\/fotowoltaika-balkonowa-ecoflow-basic-plus\/#primaryimage"},"thumbnailUrl":"https:\/\/ironsky.pl\/sklep\/wp-content\/uploads\/2024\/09\/33751_7.jpg","datePublished":"2024-09-16T16:02:20+00:00","dateModified":"2026-03-05T14:49:52+00:00","description":"Fotowoltaika balkonowa EcoFlow BASIC PLUS - \u2705 sklep z dronami i fachowym doradztwem. \u2705 Tutaj kupisz produkty DJI, Yuneec, Parrot, Syma i wiele innych, a tak\u017ce kursy i licencje na operatora drona.","breadcrumb":{"@id":"https:\/\/ironsky.pl\/sklep\/produkt\/fotowoltaika-balkonowa-ecoflow-basic-plus\/#breadcrumb"},"inLanguage":"pl-PL","potentialAction":[{"@type":"ReadAction","target":["https:\/\/ironsky.pl\/sklep\/produkt\/fotowoltaika-balkonowa-ecoflow-basic-plus\/"]}]},{"@type":"ImageObject","inLanguage":"pl-PL","@id":"https:\/\/ironsky.pl\/sklep\/produkt\/fotowoltaika-balkonowa-ecoflow-basic-plus\/#primaryimage","url":"https:\/\/ironsky.pl\/sklep\/wp-content\/uploads\/2024\/09\/33751_7.jpg","contentUrl":"https:\/\/ironsky.pl\/sklep\/wp-content\/uploads\/2024\/09\/33751_7.jpg","width":800,"height":800},{"@type":"BreadcrumbList","@id":"https:\/\/ironsky.pl\/sklep\/produkt\/fotowoltaika-balkonowa-ecoflow-basic-plus\/#breadcrumb","itemListElement":[{"@type":"ListItem","position":1,"name":"Strona g\u0142\u00f3wna","item":"https:\/\/ironsky.pl\/sklep\/"},{"@type":"ListItem","position":2,"name":"Wszystkie produkty","item":"https:\/\/ironsky.pl\/sklep\/produkty\/"},{"@type":"ListItem","position":3,"name":"Fotowoltaika balkonowa EcoFlow BASIC PLUS"}]},{"@type":"WebSite","@id":"https:\/\/ironsky.pl\/sklep\/#website","url":"https:\/\/ironsky.pl\/sklep\/","name":"IRONSKY.PL Sklep z Dronami","description":"IRONSKY.PL Sklep z Dronami","potentialAction":[{"@type":"SearchAction","target":{"@type":"EntryPoint","urlTemplate":"https:\/\/ironsky.pl\/sklep\/?s={search_term_string}"},"query-input":{"@type":"PropertyValueSpecification","valueRequired":true,"valueName":"search_term_string"}}],"inLanguage":"pl-PL"}]}},"_links":{"self":[{"href":"https:\/\/ironsky.pl\/sklep\/wp-json\/wp\/v2\/product\/22274","targetHints":{"allow":["GET"]}}],"collection":[{"href":"https:\/\/ironsky.pl\/sklep\/wp-json\/wp\/v2\/product"}],"about":[{"href":"https:\/\/ironsky.pl\/sklep\/wp-json\/wp\/v2\/types\/product"}],"replies":[{"embeddable":true,"href":"https:\/\/ironsky.pl\/sklep\/wp-json\/wp\/v2\/comments?post=22274"}],"wp:featuredmedia":[{"embeddable":true,"href":"https:\/\/ironsky.pl\/sklep\/wp-json\/wp\/v2\/media\/22275"}],"wp:attachment":[{"href":"https:\/\/ironsky.pl\/sklep\/wp-json\/wp\/v2\/media?parent=22274"}],"wp:term":[{"taxonomy":"product_brand","embeddable":true,"href":"https:\/\/ironsky.pl\/sklep\/wp-json\/wp\/v2\/product_brand?post=22274"},{"taxonomy":"product_cat","embeddable":true,"href":"https:\/\/ironsky.pl\/sklep\/wp-json\/wp\/v2\/product_cat?post=22274"},{"taxonomy":"product_tag","embeddable":true,"href":"https:\/\/ironsky.pl\/sklep\/wp-json\/wp\/v2\/product_tag?post=22274"}],"curies":[{"name":"wp","href":"https:\/\/api.w.org\/{rel}","templated":true}]}}