{"id":22268,"date":"2024-09-16T18:02:20","date_gmt":"2024-09-16T16:02:20","guid":{"rendered":"http:\/\/gvshalph.pro-linuxpl.com\/ironskyprodukty\/produkt\/skladana-ladowarka-solarna-choetech-sc004-14w-1xusb-szara\/"},"modified":"2026-03-05T15:49:52","modified_gmt":"2026-03-05T14:49:52","slug":"skladana-ladowarka-solarna-choetech-sc004-14w-1xusb-szara","status":"publish","type":"product","link":"https:\/\/ironsky.pl\/sklep\/produkt\/skladana-ladowarka-solarna-choetech-sc004-14w-1xusb-szara\/","title":{"rendered":"Sk\u0142adana \u0142adowarka solarna Choetech SC004 14W, 1xUSB (szara)"},"content":{"rendered":"<h3>Sk\u0142adana \u0142adowarka solarna Choetech SC004 14W, 1xUSB (szara)<\/h3>\n<p>Choetech SC004 to przeno\u015bna sk\u0142adana \u0142adowarka solarna, kt\u00f3ra \u015bwietnie sprawdzi si\u0119 w podr\u00f3\u017cy. \u0141adowarka ta ma moc 14W i mo\u017ce \u0142adowa\u0107 urz\u0105dzenia pr\u0105dem o napi\u0119ciu maksymalnie 5V (2.4A), gdy jest wystawiona na bezpo\u015brednie s\u0142o\u0144ce. Automatycznie dostosowuje napi\u0119cie do pod\u0142\u0105czonego urz\u0105dzenia. Dzi\u0119ki swojej uniwersalno\u015bci \u0142adowarka sprawdzi si\u0119 do telefon\u00f3w, tablet\u00f3w, powerbank\u00f3w, itd. Z kolei dzi\u0119ki wodoodpornej powierzchni mo\u017cna liczy\u0107 na jej wytrzyma\u0142o\u015b\u0107 na zachlapania. Ponadto na zewn\u0119trznej stronie posiada kieszonk\u0119 zabezpieczan\u0105 paskiem, metalowy zaczep i dwa otwory na kraw\u0119dzi etui, kt\u00f3re umo\u017cliwiaj\u0105 powieszenie \u0142adowarki lub przywi\u0105zanie jej do wybranej powierzchni. <\/p>\n<p><img decoding=\"async\" src=\"https:\/\/b2b.innpro.pl\/data\/include\/cms\/Choetech\/SC004\/4.jpg\" alt=\"Choetech\/SC004\/4\"><\/p>\n<h3>Por\u0119czno\u015b\u0107 <\/h3>\n<p>Najwi\u0119ksza zalet\u0105 \u0142adowarki s\u0105 jej niewielkie wymiary &#8211; po roz\u0142o\u017ceniu wynosz\u0105 660 x 148mm, a po z\u0142o\u017ceniu jedynie 153 x 148mm. \u015awietnie sprawdzi si\u0119 zatem w podr\u00f3\u017cach jedynie z plecakiem, kiedy ka\u017cda ka\u017cdy skrawek przestrzeni i ka\u017cda ilo\u015b\u0107 mocy s\u0105 na wag\u0119 z\u0142ota. <\/p>\n<p><img decoding=\"async\" src=\"https:\/\/b2b.innpro.pl\/data\/include\/cms\/Choetech\/SC004\/7.jpg\" alt=\"Choetech\/SC004\/7\"><\/p>\n<h3><\/h3>\n<h3>Zawarto\u015b\u0107 opakowania <\/h3>\n<ul>\n<li>\u0141adowarka<\/li>\n<li>Instrukcja<\/li>\n<\/ul>\n<div class=\"table-wrapper\">\n<table>\n<tbody>\n<tr>\n<th>Marka <\/th>\n<td>Choetech<\/td>\n<\/tr>\n<tr>\n<th>Model <\/th>\n<td>SC004<\/td>\n<\/tr>\n<tr>\n<th>Kolor <\/th>\n<td>Szary <\/td>\n<\/tr>\n<tr>\n<th>Moc <\/th>\n<td>14W<\/td>\n<\/tr>\n<tr>\n<th>Maksymalna moc \u0142adowania <\/th>\n<td>5V\/2.4A<\/td>\n<\/tr>\n<tr>\n<th>Wymiary z\u0142o\u017conego produktu <\/th>\n<td>153 x 148mm<\/td>\n<\/tr>\n<tr>\n<th>Wymiary roz\u0142o\u017conego produktu <\/th>\n<td>660 x 148mm <\/td>\n<\/tr>\n<tr>\n<th>Materia\u0142 <\/th>\n<td>ETFE monokrystaliczny krzem + nylon<\/td>\n<\/tr>\n<tr>\n<th>Certyfikaty<\/th>\n<td>CE, FCC, Rohs <\/td>\n<\/tr>\n<tr>\n<th><\/th>\n<\/tbody>\n<\/table>\n<\/div>\n","protected":false},"excerpt":{"rendered":"<p>Sk\u0142adana \u0142adowarka solarna Choetech SC004 14W, 1xUSB (szara) Choetech SC004 to przeno\u015bna sk\u0142adana \u0142adowarka solarna, kt\u00f3ra \u015bwietnie sprawdzi si\u0119 w<\/p>\n","protected":false},"featured_media":22269,"comment_status":"closed","ping_status":"open","template":"","meta":{"_acf_changed":false},"product_brand":[],"product_cat":[1108,1110],"product_tag":[],"class_list":{"0":"post-22268","1":"product","2":"type-product","3":"status-publish","4":"has-post-thumbnail","6":"product_cat-energia","7":"product_cat-panele-fotowoltaiczne","8":"pa_box-height-4369","9":"pa_box-length-3913","10":"pa_box-width-1343","11":"pa_gross-weight-4370","12":"pa_hs-code-2251","13":"pa_kolejna-dostawa-18-09-2024","14":"pa_kolor-szary","15":"pa_moc-ladowania-w-4371","16":"pa_net-weight-3888","18":"first","19":"outofstock","20":"taxable","21":"shipping-taxable","22":"purchasable","23":"product-type-simple"},"acf":[],"yoast_head":"<!-- This site is optimized with the Yoast SEO plugin v27.2 - https:\/\/yoast.com\/product\/yoast-seo-wordpress\/ -->\n<title>Sk\u0142adana \u0142adowarka solarna Choetech SC004 14W, 1xUSB (szara) - IRONSKY.PL Sklep z Dronami<\/title>\n<meta name=\"description\" content=\"Sk\u0142adana \u0142adowarka solarna Choetech SC004 14W, 1xUSB (szara) - \u2705 sklep z dronami i fachowym doradztwem. \u2705 Tutaj kupisz produkty DJI, Yuneec, Parrot, Syma i wiele innych, a tak\u017ce kursy i licencje na operatora drona.\" \/>\n<meta name=\"robots\" content=\"index, follow, max-snippet:-1, max-image-preview:large, max-video-preview:-1\" \/>\n<link rel=\"canonical\" href=\"https:\/\/ironsky.pl\/sklep\/produkt\/skladana-ladowarka-solarna-choetech-sc004-14w-1xusb-szara\/\" \/>\n<meta property=\"og:locale\" content=\"pl_PL\" \/>\n<meta property=\"og:type\" content=\"article\" \/>\n<meta property=\"og:title\" content=\"Sk\u0142adana \u0142adowarka solarna Choetech SC004 14W, 1xUSB (szara) - IRONSKY.PL Sklep z Dronami\" \/>\n<meta property=\"og:description\" content=\"Sk\u0142adana \u0142adowarka solarna Choetech SC004 14W, 1xUSB (szara) - \u2705 sklep z dronami i fachowym doradztwem. \u2705 Tutaj kupisz produkty DJI, Yuneec, Parrot, Syma i wiele innych, a tak\u017ce kursy i licencje na operatora drona.\" \/>\n<meta property=\"og:url\" content=\"https:\/\/ironsky.pl\/sklep\/produkt\/skladana-ladowarka-solarna-choetech-sc004-14w-1xusb-szara\/\" \/>\n<meta property=\"og:site_name\" content=\"IRONSKY.PL Sklep z Dronami\" \/>\n<meta property=\"article:modified_time\" content=\"2026-03-05T14:49:52+00:00\" \/>\n<meta property=\"og:image\" content=\"https:\/\/ironsky.pl\/sklep\/wp-content\/uploads\/2024\/09\/33300_1.jpg\" \/>\n\t<meta property=\"og:image:width\" content=\"800\" \/>\n\t<meta property=\"og:image:height\" content=\"800\" \/>\n\t<meta property=\"og:image:type\" content=\"image\/jpeg\" \/>\n<meta name=\"twitter:card\" content=\"summary_large_image\" \/>\n<meta name=\"twitter:label1\" content=\"Szacowany czas czytania\" \/>\n\t<meta name=\"twitter:data1\" content=\"1 minuta\" \/>\n<script type=\"application\/ld+json\" class=\"yoast-schema-graph\">{\"@context\":\"https:\/\/schema.org\",\"@graph\":[{\"@type\":\"WebPage\",\"@id\":\"https:\/\/ironsky.pl\/sklep\/produkt\/skladana-ladowarka-solarna-choetech-sc004-14w-1xusb-szara\/\",\"url\":\"https:\/\/ironsky.pl\/sklep\/produkt\/skladana-ladowarka-solarna-choetech-sc004-14w-1xusb-szara\/\",\"name\":\"Sk\u0142adana \u0142adowarka solarna Choetech SC004 14W, 1xUSB (szara) - IRONSKY.PL Sklep z Dronami\",\"isPartOf\":{\"@id\":\"https:\/\/ironsky.pl\/sklep\/#website\"},\"primaryImageOfPage\":{\"@id\":\"https:\/\/ironsky.pl\/sklep\/produkt\/skladana-ladowarka-solarna-choetech-sc004-14w-1xusb-szara\/#primaryimage\"},\"image\":{\"@id\":\"https:\/\/ironsky.pl\/sklep\/produkt\/skladana-ladowarka-solarna-choetech-sc004-14w-1xusb-szara\/#primaryimage\"},\"thumbnailUrl\":\"https:\/\/ironsky.pl\/sklep\/wp-content\/uploads\/2024\/09\/33300_1.jpg\",\"datePublished\":\"2024-09-16T16:02:20+00:00\",\"dateModified\":\"2026-03-05T14:49:52+00:00\",\"description\":\"Sk\u0142adana \u0142adowarka solarna Choetech SC004 14W, 1xUSB (szara) - \u2705 sklep z dronami i fachowym doradztwem. \u2705 Tutaj kupisz produkty DJI, Yuneec, Parrot, Syma i wiele innych, a tak\u017ce kursy i licencje na operatora drona.\",\"breadcrumb\":{\"@id\":\"https:\/\/ironsky.pl\/sklep\/produkt\/skladana-ladowarka-solarna-choetech-sc004-14w-1xusb-szara\/#breadcrumb\"},\"inLanguage\":\"pl-PL\",\"potentialAction\":[{\"@type\":\"ReadAction\",\"target\":[\"https:\/\/ironsky.pl\/sklep\/produkt\/skladana-ladowarka-solarna-choetech-sc004-14w-1xusb-szara\/\"]}]},{\"@type\":\"ImageObject\",\"inLanguage\":\"pl-PL\",\"@id\":\"https:\/\/ironsky.pl\/sklep\/produkt\/skladana-ladowarka-solarna-choetech-sc004-14w-1xusb-szara\/#primaryimage\",\"url\":\"https:\/\/ironsky.pl\/sklep\/wp-content\/uploads\/2024\/09\/33300_1.jpg\",\"contentUrl\":\"https:\/\/ironsky.pl\/sklep\/wp-content\/uploads\/2024\/09\/33300_1.jpg\",\"width\":800,\"height\":800},{\"@type\":\"BreadcrumbList\",\"@id\":\"https:\/\/ironsky.pl\/sklep\/produkt\/skladana-ladowarka-solarna-choetech-sc004-14w-1xusb-szara\/#breadcrumb\",\"itemListElement\":[{\"@type\":\"ListItem\",\"position\":1,\"name\":\"Strona g\u0142\u00f3wna\",\"item\":\"https:\/\/ironsky.pl\/sklep\/\"},{\"@type\":\"ListItem\",\"position\":2,\"name\":\"Wszystkie produkty\",\"item\":\"https:\/\/ironsky.pl\/sklep\/produkty\/\"},{\"@type\":\"ListItem\",\"position\":3,\"name\":\"Sk\u0142adana \u0142adowarka solarna Choetech SC004 14W, 1xUSB (szara)\"}]},{\"@type\":\"WebSite\",\"@id\":\"https:\/\/ironsky.pl\/sklep\/#website\",\"url\":\"https:\/\/ironsky.pl\/sklep\/\",\"name\":\"IRONSKY.PL Sklep z Dronami\",\"description\":\"IRONSKY.PL Sklep z Dronami\",\"potentialAction\":[{\"@type\":\"SearchAction\",\"target\":{\"@type\":\"EntryPoint\",\"urlTemplate\":\"https:\/\/ironsky.pl\/sklep\/?s={search_term_string}\"},\"query-input\":{\"@type\":\"PropertyValueSpecification\",\"valueRequired\":true,\"valueName\":\"search_term_string\"}}],\"inLanguage\":\"pl-PL\"}]}<\/script>\n<!-- \/ Yoast SEO plugin. -->","yoast_head_json":{"title":"Sk\u0142adana \u0142adowarka solarna Choetech SC004 14W, 1xUSB (szara) - IRONSKY.PL Sklep z Dronami","description":"Sk\u0142adana \u0142adowarka solarna Choetech SC004 14W, 1xUSB (szara) - \u2705 sklep z dronami i fachowym doradztwem. \u2705 Tutaj kupisz produkty DJI, Yuneec, Parrot, Syma i wiele innych, a tak\u017ce kursy i licencje na operatora drona.","robots":{"index":"index","follow":"follow","max-snippet":"max-snippet:-1","max-image-preview":"max-image-preview:large","max-video-preview":"max-video-preview:-1"},"canonical":"https:\/\/ironsky.pl\/sklep\/produkt\/skladana-ladowarka-solarna-choetech-sc004-14w-1xusb-szara\/","og_locale":"pl_PL","og_type":"article","og_title":"Sk\u0142adana \u0142adowarka solarna Choetech SC004 14W, 1xUSB (szara) - IRONSKY.PL Sklep z Dronami","og_description":"Sk\u0142adana \u0142adowarka solarna Choetech SC004 14W, 1xUSB (szara) - \u2705 sklep z dronami i fachowym doradztwem. \u2705 Tutaj kupisz produkty DJI, Yuneec, Parrot, Syma i wiele innych, a tak\u017ce kursy i licencje na operatora drona.","og_url":"https:\/\/ironsky.pl\/sklep\/produkt\/skladana-ladowarka-solarna-choetech-sc004-14w-1xusb-szara\/","og_site_name":"IRONSKY.PL Sklep z Dronami","article_modified_time":"2026-03-05T14:49:52+00:00","og_image":[{"width":800,"height":800,"url":"https:\/\/ironsky.pl\/sklep\/wp-content\/uploads\/2024\/09\/33300_1.jpg","type":"image\/jpeg"}],"twitter_card":"summary_large_image","twitter_misc":{"Szacowany czas czytania":"1 minuta"},"schema":{"@context":"https:\/\/schema.org","@graph":[{"@type":"WebPage","@id":"https:\/\/ironsky.pl\/sklep\/produkt\/skladana-ladowarka-solarna-choetech-sc004-14w-1xusb-szara\/","url":"https:\/\/ironsky.pl\/sklep\/produkt\/skladana-ladowarka-solarna-choetech-sc004-14w-1xusb-szara\/","name":"Sk\u0142adana \u0142adowarka solarna Choetech SC004 14W, 1xUSB (szara) - IRONSKY.PL Sklep z Dronami","isPartOf":{"@id":"https:\/\/ironsky.pl\/sklep\/#website"},"primaryImageOfPage":{"@id":"https:\/\/ironsky.pl\/sklep\/produkt\/skladana-ladowarka-solarna-choetech-sc004-14w-1xusb-szara\/#primaryimage"},"image":{"@id":"https:\/\/ironsky.pl\/sklep\/produkt\/skladana-ladowarka-solarna-choetech-sc004-14w-1xusb-szara\/#primaryimage"},"thumbnailUrl":"https:\/\/ironsky.pl\/sklep\/wp-content\/uploads\/2024\/09\/33300_1.jpg","datePublished":"2024-09-16T16:02:20+00:00","dateModified":"2026-03-05T14:49:52+00:00","description":"Sk\u0142adana \u0142adowarka solarna Choetech SC004 14W, 1xUSB (szara) - \u2705 sklep z dronami i fachowym doradztwem. \u2705 Tutaj kupisz produkty DJI, Yuneec, Parrot, Syma i wiele innych, a tak\u017ce kursy i licencje na operatora drona.","breadcrumb":{"@id":"https:\/\/ironsky.pl\/sklep\/produkt\/skladana-ladowarka-solarna-choetech-sc004-14w-1xusb-szara\/#breadcrumb"},"inLanguage":"pl-PL","potentialAction":[{"@type":"ReadAction","target":["https:\/\/ironsky.pl\/sklep\/produkt\/skladana-ladowarka-solarna-choetech-sc004-14w-1xusb-szara\/"]}]},{"@type":"ImageObject","inLanguage":"pl-PL","@id":"https:\/\/ironsky.pl\/sklep\/produkt\/skladana-ladowarka-solarna-choetech-sc004-14w-1xusb-szara\/#primaryimage","url":"https:\/\/ironsky.pl\/sklep\/wp-content\/uploads\/2024\/09\/33300_1.jpg","contentUrl":"https:\/\/ironsky.pl\/sklep\/wp-content\/uploads\/2024\/09\/33300_1.jpg","width":800,"height":800},{"@type":"BreadcrumbList","@id":"https:\/\/ironsky.pl\/sklep\/produkt\/skladana-ladowarka-solarna-choetech-sc004-14w-1xusb-szara\/#breadcrumb","itemListElement":[{"@type":"ListItem","position":1,"name":"Strona g\u0142\u00f3wna","item":"https:\/\/ironsky.pl\/sklep\/"},{"@type":"ListItem","position":2,"name":"Wszystkie produkty","item":"https:\/\/ironsky.pl\/sklep\/produkty\/"},{"@type":"ListItem","position":3,"name":"Sk\u0142adana \u0142adowarka solarna Choetech SC004 14W, 1xUSB (szara)"}]},{"@type":"WebSite","@id":"https:\/\/ironsky.pl\/sklep\/#website","url":"https:\/\/ironsky.pl\/sklep\/","name":"IRONSKY.PL Sklep z Dronami","description":"IRONSKY.PL Sklep z Dronami","potentialAction":[{"@type":"SearchAction","target":{"@type":"EntryPoint","urlTemplate":"https:\/\/ironsky.pl\/sklep\/?s={search_term_string}"},"query-input":{"@type":"PropertyValueSpecification","valueRequired":true,"valueName":"search_term_string"}}],"inLanguage":"pl-PL"}]}},"_links":{"self":[{"href":"https:\/\/ironsky.pl\/sklep\/wp-json\/wp\/v2\/product\/22268","targetHints":{"allow":["GET"]}}],"collection":[{"href":"https:\/\/ironsky.pl\/sklep\/wp-json\/wp\/v2\/product"}],"about":[{"href":"https:\/\/ironsky.pl\/sklep\/wp-json\/wp\/v2\/types\/product"}],"replies":[{"embeddable":true,"href":"https:\/\/ironsky.pl\/sklep\/wp-json\/wp\/v2\/comments?post=22268"}],"wp:featuredmedia":[{"embeddable":true,"href":"https:\/\/ironsky.pl\/sklep\/wp-json\/wp\/v2\/media\/22269"}],"wp:attachment":[{"href":"https:\/\/ironsky.pl\/sklep\/wp-json\/wp\/v2\/media?parent=22268"}],"wp:term":[{"taxonomy":"product_brand","embeddable":true,"href":"https:\/\/ironsky.pl\/sklep\/wp-json\/wp\/v2\/product_brand?post=22268"},{"taxonomy":"product_cat","embeddable":true,"href":"https:\/\/ironsky.pl\/sklep\/wp-json\/wp\/v2\/product_cat?post=22268"},{"taxonomy":"product_tag","embeddable":true,"href":"https:\/\/ironsky.pl\/sklep\/wp-json\/wp\/v2\/product_tag?post=22268"}],"curies":[{"name":"wp","href":"https:\/\/api.w.org\/{rel}","templated":true}]}}