{"id":22138,"date":"2024-09-16T17:58:14","date_gmt":"2024-09-16T15:58:14","guid":{"rendered":"http:\/\/gvshalph.pro-linuxpl.com\/ironskyprodukty\/produkt\/powerbank-baseus-comet-z-kablem-usb-do-usb-c-10000mah-22-5w-niebieski\/"},"modified":"2026-03-05T15:49:50","modified_gmt":"2026-03-05T14:49:50","slug":"powerbank-baseus-comet-z-kablem-usb-do-usb-c-10000mah-22-5w-niebieski","status":"publish","type":"product","link":"https:\/\/ironsky.pl\/sklep\/produkt\/powerbank-baseus-comet-z-kablem-usb-do-usb-c-10000mah-22-5w-niebieski\/","title":{"rendered":"Powerbank Baseus Comet z kablem USB do USB-C, 10000mAh, 22.5W (niebieski)"},"content":{"rendered":"<h3>Powerbank Baseus Comet 10000mAh 22.5W (niebieski)<\/h3>\n<p>\u0141aduj swoje urz\u0105dzenia, niezale\u017cnie od tego, gdzie si\u0119 znajdujesz! Powerbank Baseus Comet wyr\u00f3\u017cnia si\u0119 pojemno\u015bci\u0105 10 000 mAh, dzi\u0119ki czemu doskonale sprawdzi si\u0119 na co dzie\u0144. Obs\u0142uguje wiele standard\u00f3w szybkiego \u0142adowania, a jego maksymalna moc si\u0119ga a\u017c 22.5W. Posiada 2 porty USB oraz 2 wbudowane kable, mo\u017cesz wi\u0119c bez przeszk\u00f3d \u0142adowa\u0107 kilka sprz\u0119t\u00f3w jednocze\u015bnie. Zapewnia wysoki poziom bezpiecze\u0144stwa, a dzi\u0119ki przemy\u015blanej konstrukcji u\u017cytkowanie b\u0119dzie jeszcze wygodniejsze. Do zestawu do\u0142\u0105czono te\u017c kabel USB-C.<\/p>\n<p><img decoding=\"async\" src=\"https:\/\/b2b.innpro.pl\/data\/include\/cms\/-Baseus\/PPMD020003\/2.jpg\" alt=\"-Baseus\/PPMD020003\/2\"><\/p>\n<h3>B\u0142yskawiczne \u0142adowanie<\/h3>\n<p>Z Baseus Comet \u0142adowanie urz\u0105dze\u0144 jest szybsze, ni\u017c Ci si\u0119 wydaje. Powerbank oferuje \u0142adowanie z maksymaln\u0105 moc\u0105 22.5W. Wspiera tak\u017ce szereg protok\u00f3\u0142 szybkiego \u0142adowania mi\u0119dzy innymi PD, SCP, FCP, QC czy AFC. Dzi\u0119ki temu ju\u017c w 30 minut na\u0142adujesz swojego Huawei P50 do 60% czy iPhone 14 do 50%.<\/p>\n<p><img decoding=\"async\" src=\"https:\/\/b2b.innpro.pl\/data\/include\/cms\/-Baseus\/PPMD020003\/5.jpg\" alt=\"-Baseus\/PPMD020003\/5\"><\/p>\n<h3>Nawet 4 urz\u0105dzenia jednocze\u015bnie<\/h3>\n<p>Ju\u017c nie musisz czeka\u0107, a\u017c jedno urz\u0105dzenie b\u0119dzie na\u0142adowanie, aby pod\u0142\u0105czy\u0107 kolejne! Powerbank zosta\u0142 wyposa\u017cony w 2 porty \u2013 USB-C oraz USB-A, a ponadto posiada wbudowane dwa kable \u2013 USB-C oraz Lightning. Teraz mo\u017cesz bez przeszk\u00f3d \u0142adowa\u0107 a\u017c 4 urz\u0105dzenia w tym samym momencie! Za jego pomoc\u0105 z powodzeniem odnowisz energi\u0119 smartfona, tabletu, bezprzewodowych s\u0142uchawek, smartwatcha czy elektrycznej szczoteczki. <\/p>\n<p><img decoding=\"async\" src=\"https:\/\/b2b.innpro.pl\/data\/include\/cms\/-Baseus\/PPMD020003\/3.jpg\" alt=\"-Baseus\/PPMD020003\/3\"><\/p>\n<h3>Bez obaw o bezpiecze\u0144stwo<\/h3>\n<p>Swobodnie \u0142aduj swoje urz\u0105dzenie, nie martwi\u0105c si\u0119 o ich uszkodzenie. Powerbank niezawodnie chroni przed prze\u0142adowaniem, nadmiernym roz\u0142adowaniem, przepi\u0119ciem, przet\u0119\u017ceniem, kr\u00f3tkimi spi\u0119ciami czy polem elektromagnetycznym. Oferuje r\u00f3wnie\u017c specjalny tryb, kt\u00f3ry umo\u017cliwia \u0142adowanie z mniejszym nat\u0119\u017ceniem, a tak\u017ce kontroluje temperatur\u0119 urz\u0105dzenia, zapobiegaj\u0105c jego przegrzaniu. Spe\u0142nia te\u017c wszelkie wymogi lotnicze, wi\u0119c bez przeszk\u00f3d zabierzesz go ze sob\u0105 na pok\u0142ad samolotu.<\/p>\n<p><img decoding=\"async\" src=\"https:\/\/b2b.innpro.pl\/data\/include\/cms\/-Baseus\/PPMD020003\/1.jpg\" alt=\"-Baseus\/PPMD020003\/1\"><\/p>\n<h3>Z dba\u0142o\u015bci\u0105 o detale<\/h3>\n<p>Do wykonania powerbanku wykorzystano wysokiej jako\u015bci materia\u0142y, kt\u00f3re charakteryzuj\u0105 si\u0119 wysok\u0105 wytrzyma\u0142o\u015bci\u0105 i odporno\u015bci\u0105 na zu\u017cycie \u2013 mo\u017cesz by\u0107 pewien, \u017ce Baseus Comet \u015bwietnie pos\u0142u\u017cy Ci przez d\u0142ugi czas. Dzi\u0119ki starannie przemy\u015blanej konstrukcji przenoszenie i przechowywanie powerbanku nie b\u0119dzie dla Ciebie problemem \u2013 nie musisz obawia\u0107 si\u0119 pl\u0105cz\u0105cych kabli. Posiada te\u017c wbudowany wy\u015bwietlacz, z kt\u00f3rego poziomu sprawdzisz stan na\u0142adowania akumulatora.<\/p>\n<p><img decoding=\"async\" src=\"https:\/\/b2b.innpro.pl\/data\/include\/cms\/-Baseus\/PPMD020003\/6.jpg\" alt=\"-Baseus\/PPMD020003\/6\"><\/p>\n<h3>W zestawie<\/h3>\n<ul>\n<li>powerbank<\/li>\n<li>kabel USB do USB-C<\/li>\n<\/ul>\n<div class=\"table-wrapper\">\n<table>\n<tbody>\n<tr>\n<th>Producent<\/th>\n<td>Baseus<\/td>\n<\/tr>\n<tr>\n<th>Model<\/th>\n<td>PPMD020003<\/td>\n<\/tr>\n<tr>\n<th>Kolor<\/th>\n<td>Niebieski<\/td>\n<\/tr>\n<tr>\n<th>Rodzaj akumulatora<\/th>\n<td>Polimerowo-litowy<\/td>\n<\/tr>\n<tr>\n<th>Pojemno\u015b\u0107<\/th>\n<td>10 000 mAh \/ 38.5Wh<\/td>\n<\/tr>\n<tr>\n<th>Pojemno\u015b\u0107 znamionowa<\/th>\n<td>5800 mAh (5V\/2.4A)<\/td>\n<\/tr>\n<tr>\n<th>Wsp\u00f3\u0142czynnik konwersji energii<\/th>\n<td>\u226575%<\/td>\n<\/tr>\n<tr>\n<th>Pr\u0105d wej\u015bciowy USB-C<\/th>\n<td>5V\/3A, 9V\/2A, 12V\/1.5A<\/td>\n<\/tr>\n<tr>\n<th>Pr\u0105d wyj\u015bciowy USB-C<\/th>\n<td>5V\/2.4A, 9V\/2.22A, 12V\/1.5A<\/td>\n<\/tr>\n<tr>\n<th>Pr\u0105d wyj\u015bciowy USB-A<\/th>\n<td>5V\/2.4A<\/td>\n<\/tr>\n<tr>\n<th>Pr\u0105d wyj\u015bciowy kabel USB-C<\/th>\n<td>5V\/2.4A, 9V\/2A, 10V\/2.25A (SCP), 12V\/1.5A<\/td>\n<\/tr>\n<tr>\n<th>Pr\u0105d wyj\u015bciowy kabel Lightning<\/th>\n<td>5V\/2.4A, 9V\/2.22A<\/td>\n<\/tr>\n<tr>\n<th>Wymiary<\/th>\n<td>128.5 x 79 x 23.3 mm<\/td>\n<\/tr>\n<\/tbody>\n<\/table>\n<\/div>\n","protected":false},"excerpt":{"rendered":"<p>Powerbank Baseus Comet 10000mAh 22.5W (niebieski) \u0141aduj swoje urz\u0105dzenia, niezale\u017cnie od tego, gdzie si\u0119 znajdujesz! Powerbank Baseus Comet wyr\u00f3\u017cnia si\u0119<\/p>\n","protected":false},"featured_media":22139,"comment_status":"closed","ping_status":"open","template":"","meta":{"_acf_changed":false},"product_brand":[],"product_cat":[1108,1113],"product_tag":[],"class_list":{"0":"post-22138","1":"product","2":"type-product","3":"status-publish","4":"has-post-thumbnail","6":"product_cat-energia","7":"product_cat-powerbanki","8":"pa_box-height-1486","9":"pa_box-length-4146","10":"pa_box-width-1649","11":"pa_gross-weight-4147","12":"pa_hs-code-2295","13":"pa_kolor-niebieski","14":"pa_ladowanie-indukcyjne-nie","15":"pa_moc-ladowania-w-22-5","16":"pa_net-weight-3310","17":"pa_pojemnosc-mah-3167","19":"first","20":"outofstock","21":"taxable","22":"shipping-taxable","23":"product-type-simple"},"acf":[],"yoast_head":"<!-- This site is optimized with the Yoast SEO plugin v27.2 - https:\/\/yoast.com\/product\/yoast-seo-wordpress\/ -->\n<title>Powerbank Baseus Comet z kablem USB do USB-C, 10000mAh, 22.5W (niebieski) - IRONSKY.PL Sklep z Dronami<\/title>\n<meta name=\"description\" content=\"Powerbank Baseus Comet z kablem USB do USB-C, 10000mAh, 22.5W (niebieski) - \u2705 sklep z dronami i fachowym doradztwem. \u2705 Tutaj kupisz produkty DJI, Yuneec, Parrot, Syma i wiele innych, a tak\u017ce kursy i licencje na operatora drona.\" \/>\n<meta name=\"robots\" content=\"index, follow, max-snippet:-1, max-image-preview:large, max-video-preview:-1\" \/>\n<link rel=\"canonical\" href=\"https:\/\/ironsky.pl\/sklep\/produkt\/powerbank-baseus-comet-z-kablem-usb-do-usb-c-10000mah-22-5w-niebieski\/\" \/>\n<meta property=\"og:locale\" content=\"pl_PL\" \/>\n<meta property=\"og:type\" content=\"article\" \/>\n<meta property=\"og:title\" content=\"Powerbank Baseus Comet z kablem USB do USB-C, 10000mAh, 22.5W (niebieski) - IRONSKY.PL Sklep z Dronami\" \/>\n<meta property=\"og:description\" content=\"Powerbank Baseus Comet z kablem USB do USB-C, 10000mAh, 22.5W (niebieski) - \u2705 sklep z dronami i fachowym doradztwem. \u2705 Tutaj kupisz produkty DJI, Yuneec, Parrot, Syma i wiele innych, a tak\u017ce kursy i licencje na operatora drona.\" \/>\n<meta property=\"og:url\" content=\"https:\/\/ironsky.pl\/sklep\/produkt\/powerbank-baseus-comet-z-kablem-usb-do-usb-c-10000mah-22-5w-niebieski\/\" \/>\n<meta property=\"og:site_name\" content=\"IRONSKY.PL Sklep z Dronami\" \/>\n<meta property=\"article:modified_time\" content=\"2026-03-05T14:49:50+00:00\" \/>\n<meta property=\"og:image\" content=\"https:\/\/ironsky.pl\/sklep\/wp-content\/uploads\/2024\/09\/31678_1.jpg\" \/>\n\t<meta property=\"og:image:width\" content=\"800\" \/>\n\t<meta property=\"og:image:height\" content=\"800\" \/>\n\t<meta property=\"og:image:type\" content=\"image\/jpeg\" \/>\n<meta name=\"twitter:card\" content=\"summary_large_image\" \/>\n<meta name=\"twitter:label1\" content=\"Szacowany czas czytania\" \/>\n\t<meta name=\"twitter:data1\" content=\"2 minuty\" \/>\n<script type=\"application\/ld+json\" class=\"yoast-schema-graph\">{\"@context\":\"https:\/\/schema.org\",\"@graph\":[{\"@type\":\"WebPage\",\"@id\":\"https:\/\/ironsky.pl\/sklep\/produkt\/powerbank-baseus-comet-z-kablem-usb-do-usb-c-10000mah-22-5w-niebieski\/\",\"url\":\"https:\/\/ironsky.pl\/sklep\/produkt\/powerbank-baseus-comet-z-kablem-usb-do-usb-c-10000mah-22-5w-niebieski\/\",\"name\":\"Powerbank Baseus Comet z kablem USB do USB-C, 10000mAh, 22.5W (niebieski) - IRONSKY.PL Sklep z Dronami\",\"isPartOf\":{\"@id\":\"https:\/\/ironsky.pl\/sklep\/#website\"},\"primaryImageOfPage\":{\"@id\":\"https:\/\/ironsky.pl\/sklep\/produkt\/powerbank-baseus-comet-z-kablem-usb-do-usb-c-10000mah-22-5w-niebieski\/#primaryimage\"},\"image\":{\"@id\":\"https:\/\/ironsky.pl\/sklep\/produkt\/powerbank-baseus-comet-z-kablem-usb-do-usb-c-10000mah-22-5w-niebieski\/#primaryimage\"},\"thumbnailUrl\":\"https:\/\/ironsky.pl\/sklep\/wp-content\/uploads\/2024\/09\/31678_1.jpg\",\"datePublished\":\"2024-09-16T15:58:14+00:00\",\"dateModified\":\"2026-03-05T14:49:50+00:00\",\"description\":\"Powerbank Baseus Comet z kablem USB do USB-C, 10000mAh, 22.5W (niebieski) - \u2705 sklep z dronami i fachowym doradztwem. \u2705 Tutaj kupisz produkty DJI, Yuneec, Parrot, Syma i wiele innych, a tak\u017ce kursy i licencje na operatora drona.\",\"breadcrumb\":{\"@id\":\"https:\/\/ironsky.pl\/sklep\/produkt\/powerbank-baseus-comet-z-kablem-usb-do-usb-c-10000mah-22-5w-niebieski\/#breadcrumb\"},\"inLanguage\":\"pl-PL\",\"potentialAction\":[{\"@type\":\"ReadAction\",\"target\":[\"https:\/\/ironsky.pl\/sklep\/produkt\/powerbank-baseus-comet-z-kablem-usb-do-usb-c-10000mah-22-5w-niebieski\/\"]}]},{\"@type\":\"ImageObject\",\"inLanguage\":\"pl-PL\",\"@id\":\"https:\/\/ironsky.pl\/sklep\/produkt\/powerbank-baseus-comet-z-kablem-usb-do-usb-c-10000mah-22-5w-niebieski\/#primaryimage\",\"url\":\"https:\/\/ironsky.pl\/sklep\/wp-content\/uploads\/2024\/09\/31678_1.jpg\",\"contentUrl\":\"https:\/\/ironsky.pl\/sklep\/wp-content\/uploads\/2024\/09\/31678_1.jpg\",\"width\":800,\"height\":800},{\"@type\":\"BreadcrumbList\",\"@id\":\"https:\/\/ironsky.pl\/sklep\/produkt\/powerbank-baseus-comet-z-kablem-usb-do-usb-c-10000mah-22-5w-niebieski\/#breadcrumb\",\"itemListElement\":[{\"@type\":\"ListItem\",\"position\":1,\"name\":\"Strona g\u0142\u00f3wna\",\"item\":\"https:\/\/ironsky.pl\/sklep\/\"},{\"@type\":\"ListItem\",\"position\":2,\"name\":\"Wszystkie produkty\",\"item\":\"https:\/\/ironsky.pl\/sklep\/produkty\/\"},{\"@type\":\"ListItem\",\"position\":3,\"name\":\"Powerbank Baseus Comet z kablem USB do USB-C, 10000mAh, 22.5W (niebieski)\"}]},{\"@type\":\"WebSite\",\"@id\":\"https:\/\/ironsky.pl\/sklep\/#website\",\"url\":\"https:\/\/ironsky.pl\/sklep\/\",\"name\":\"IRONSKY.PL Sklep z Dronami\",\"description\":\"IRONSKY.PL Sklep z Dronami\",\"potentialAction\":[{\"@type\":\"SearchAction\",\"target\":{\"@type\":\"EntryPoint\",\"urlTemplate\":\"https:\/\/ironsky.pl\/sklep\/?s={search_term_string}\"},\"query-input\":{\"@type\":\"PropertyValueSpecification\",\"valueRequired\":true,\"valueName\":\"search_term_string\"}}],\"inLanguage\":\"pl-PL\"}]}<\/script>\n<!-- \/ Yoast SEO plugin. -->","yoast_head_json":{"title":"Powerbank Baseus Comet z kablem USB do USB-C, 10000mAh, 22.5W (niebieski) - IRONSKY.PL Sklep z Dronami","description":"Powerbank Baseus Comet z kablem USB do USB-C, 10000mAh, 22.5W (niebieski) - \u2705 sklep z dronami i fachowym doradztwem. \u2705 Tutaj kupisz produkty DJI, Yuneec, Parrot, Syma i wiele innych, a tak\u017ce kursy i licencje na operatora drona.","robots":{"index":"index","follow":"follow","max-snippet":"max-snippet:-1","max-image-preview":"max-image-preview:large","max-video-preview":"max-video-preview:-1"},"canonical":"https:\/\/ironsky.pl\/sklep\/produkt\/powerbank-baseus-comet-z-kablem-usb-do-usb-c-10000mah-22-5w-niebieski\/","og_locale":"pl_PL","og_type":"article","og_title":"Powerbank Baseus Comet z kablem USB do USB-C, 10000mAh, 22.5W (niebieski) - IRONSKY.PL Sklep z Dronami","og_description":"Powerbank Baseus Comet z kablem USB do USB-C, 10000mAh, 22.5W (niebieski) - \u2705 sklep z dronami i fachowym doradztwem. \u2705 Tutaj kupisz produkty DJI, Yuneec, Parrot, Syma i wiele innych, a tak\u017ce kursy i licencje na operatora drona.","og_url":"https:\/\/ironsky.pl\/sklep\/produkt\/powerbank-baseus-comet-z-kablem-usb-do-usb-c-10000mah-22-5w-niebieski\/","og_site_name":"IRONSKY.PL Sklep z Dronami","article_modified_time":"2026-03-05T14:49:50+00:00","og_image":[{"width":800,"height":800,"url":"https:\/\/ironsky.pl\/sklep\/wp-content\/uploads\/2024\/09\/31678_1.jpg","type":"image\/jpeg"}],"twitter_card":"summary_large_image","twitter_misc":{"Szacowany czas czytania":"2 minuty"},"schema":{"@context":"https:\/\/schema.org","@graph":[{"@type":"WebPage","@id":"https:\/\/ironsky.pl\/sklep\/produkt\/powerbank-baseus-comet-z-kablem-usb-do-usb-c-10000mah-22-5w-niebieski\/","url":"https:\/\/ironsky.pl\/sklep\/produkt\/powerbank-baseus-comet-z-kablem-usb-do-usb-c-10000mah-22-5w-niebieski\/","name":"Powerbank Baseus Comet z kablem USB do USB-C, 10000mAh, 22.5W (niebieski) - IRONSKY.PL Sklep z Dronami","isPartOf":{"@id":"https:\/\/ironsky.pl\/sklep\/#website"},"primaryImageOfPage":{"@id":"https:\/\/ironsky.pl\/sklep\/produkt\/powerbank-baseus-comet-z-kablem-usb-do-usb-c-10000mah-22-5w-niebieski\/#primaryimage"},"image":{"@id":"https:\/\/ironsky.pl\/sklep\/produkt\/powerbank-baseus-comet-z-kablem-usb-do-usb-c-10000mah-22-5w-niebieski\/#primaryimage"},"thumbnailUrl":"https:\/\/ironsky.pl\/sklep\/wp-content\/uploads\/2024\/09\/31678_1.jpg","datePublished":"2024-09-16T15:58:14+00:00","dateModified":"2026-03-05T14:49:50+00:00","description":"Powerbank Baseus Comet z kablem USB do USB-C, 10000mAh, 22.5W (niebieski) - \u2705 sklep z dronami i fachowym doradztwem. \u2705 Tutaj kupisz produkty DJI, Yuneec, Parrot, Syma i wiele innych, a tak\u017ce kursy i licencje na operatora drona.","breadcrumb":{"@id":"https:\/\/ironsky.pl\/sklep\/produkt\/powerbank-baseus-comet-z-kablem-usb-do-usb-c-10000mah-22-5w-niebieski\/#breadcrumb"},"inLanguage":"pl-PL","potentialAction":[{"@type":"ReadAction","target":["https:\/\/ironsky.pl\/sklep\/produkt\/powerbank-baseus-comet-z-kablem-usb-do-usb-c-10000mah-22-5w-niebieski\/"]}]},{"@type":"ImageObject","inLanguage":"pl-PL","@id":"https:\/\/ironsky.pl\/sklep\/produkt\/powerbank-baseus-comet-z-kablem-usb-do-usb-c-10000mah-22-5w-niebieski\/#primaryimage","url":"https:\/\/ironsky.pl\/sklep\/wp-content\/uploads\/2024\/09\/31678_1.jpg","contentUrl":"https:\/\/ironsky.pl\/sklep\/wp-content\/uploads\/2024\/09\/31678_1.jpg","width":800,"height":800},{"@type":"BreadcrumbList","@id":"https:\/\/ironsky.pl\/sklep\/produkt\/powerbank-baseus-comet-z-kablem-usb-do-usb-c-10000mah-22-5w-niebieski\/#breadcrumb","itemListElement":[{"@type":"ListItem","position":1,"name":"Strona g\u0142\u00f3wna","item":"https:\/\/ironsky.pl\/sklep\/"},{"@type":"ListItem","position":2,"name":"Wszystkie produkty","item":"https:\/\/ironsky.pl\/sklep\/produkty\/"},{"@type":"ListItem","position":3,"name":"Powerbank Baseus Comet z kablem USB do USB-C, 10000mAh, 22.5W (niebieski)"}]},{"@type":"WebSite","@id":"https:\/\/ironsky.pl\/sklep\/#website","url":"https:\/\/ironsky.pl\/sklep\/","name":"IRONSKY.PL Sklep z Dronami","description":"IRONSKY.PL Sklep z Dronami","potentialAction":[{"@type":"SearchAction","target":{"@type":"EntryPoint","urlTemplate":"https:\/\/ironsky.pl\/sklep\/?s={search_term_string}"},"query-input":{"@type":"PropertyValueSpecification","valueRequired":true,"valueName":"search_term_string"}}],"inLanguage":"pl-PL"}]}},"_links":{"self":[{"href":"https:\/\/ironsky.pl\/sklep\/wp-json\/wp\/v2\/product\/22138","targetHints":{"allow":["GET"]}}],"collection":[{"href":"https:\/\/ironsky.pl\/sklep\/wp-json\/wp\/v2\/product"}],"about":[{"href":"https:\/\/ironsky.pl\/sklep\/wp-json\/wp\/v2\/types\/product"}],"replies":[{"embeddable":true,"href":"https:\/\/ironsky.pl\/sklep\/wp-json\/wp\/v2\/comments?post=22138"}],"wp:featuredmedia":[{"embeddable":true,"href":"https:\/\/ironsky.pl\/sklep\/wp-json\/wp\/v2\/media\/22139"}],"wp:attachment":[{"href":"https:\/\/ironsky.pl\/sklep\/wp-json\/wp\/v2\/media?parent=22138"}],"wp:term":[{"taxonomy":"product_brand","embeddable":true,"href":"https:\/\/ironsky.pl\/sklep\/wp-json\/wp\/v2\/product_brand?post=22138"},{"taxonomy":"product_cat","embeddable":true,"href":"https:\/\/ironsky.pl\/sklep\/wp-json\/wp\/v2\/product_cat?post=22138"},{"taxonomy":"product_tag","embeddable":true,"href":"https:\/\/ironsky.pl\/sklep\/wp-json\/wp\/v2\/product_tag?post=22138"}],"curies":[{"name":"wp","href":"https:\/\/api.w.org\/{rel}","templated":true}]}}