{"id":22081,"date":"2024-09-16T17:58:14","date_gmt":"2024-09-16T15:58:14","guid":{"rendered":"http:\/\/gvshalph.pro-linuxpl.com\/ironskyprodukty\/produkt\/mini-stacja-zasilania-powerbank-choetech-b664-50000mah-65w-czarna\/"},"modified":"2026-03-05T15:49:49","modified_gmt":"2026-03-05T14:49:49","slug":"mini-stacja-zasilania-powerbank-choetech-b664-50000mah-65w-czarna","status":"publish","type":"product","link":"https:\/\/ironsky.pl\/sklep\/produkt\/mini-stacja-zasilania-powerbank-choetech-b664-50000mah-65w-czarna\/","title":{"rendered":"Mini stacja zasilania, powerbank Choetech B664  50000mAh 65W (czarna)"},"content":{"rendered":"<h3>Mini stacja zasilania, powerbank Choetech B664 50000mAh 65W (czarna)<\/h3>\n<p>Cz\u0119sto wyje\u017cd\u017casz w podr\u00f3\u017ce s\u0142u\u017cbowe? A mo\u017ce wybierasz si\u0119 na wyjazd pod namiot? Chcesz mimo wszystko, aby Twoje sprz\u0119ty zawsze by\u0142y gotowe do u\u017cytku? Mini stacja zasilania Choetech mo\u017ce Ci w tym pom\u00f3c! Wyr\u00f3\u017cnia si\u0119 pojemno\u015bci\u0105 50000 mAh oraz kilkoma portami, dzi\u0119ki czemu mo\u017cesz \u0142adowa\u0107 wiele urz\u0105dze\u0144 jednocze\u015bnie. Co wi\u0119cej, zosta\u0142a wyposa\u017cona tak\u017ce w latark\u0119, co sprawia, \u017ce b\u0119dzie Twoim nieod\u0142\u0105cznym towarzyszem podczas wypad\u00f3w pod namiot. <\/p>\n<p><img decoding=\"async\" src=\"https:\/\/b2b.innpro.pl\/data\/include\/cms\/Choetech\/B664\/6.jpg\" alt=\"Choetech\/B664\/6\"><\/p>\n<h3>Wiele mo\u017cliwo\u015bci<\/h3>\n<p>Mini stacja zasilania Choetech otwiera przed Tob\u0105 wiele mo\u017cliwo\u015bci. Ju\u017c nie musisz wybiera\u0107, kt\u00f3re ze swoich urz\u0105dze\u0144 na\u0142adowa\u0107 pierwsze, poniewa\u017c zosta\u0142a ona wyposa\u017cona w kilka port\u00f3w. Znajdziesz tutaj 3 porty wyj\u015bciowe \u2014 1 x USB-C oraz 2 x USB, a tak\u017ce 2 porty wej\u015bciowe \u2014 USB-micro i USB-C. Sprawia to, \u017ce mo\u017cesz \u0142adowa\u0107 jednocze\u015bnie telefony czy tablety. <\/p>\n<p><img decoding=\"async\" src=\"https:\/\/b2b.innpro.pl\/data\/include\/cms\/Choetech\/B664\/1.jpg\" alt=\"Choetech\/B664\/1\"><\/p>\n<h3>Wielka moc<\/h3>\n<p>Powerbank Choetech to urz\u0105dzenie o wielkiej mocy, idealne do szybkiego \u0142adowania Twoich urz\u0105dze\u0144. Zawiera pot\u0119\u017cn\u0105 bateri\u0119 o pojemno\u015bci 50000 mAh, dzi\u0119ki kt\u00f3rej mo\u017cesz cieszy\u0107 si\u0119 d\u0142ugim czasem pracy bez konieczno\u015bci \u0142adowania. Dodatkowo mini stacja zasilania Choetech obs\u0142uguje szybkie \u0142adowanie PD65W, co pozwala na ekspresowe odzyskanie energii Twojego smartfona, tabletu czy kamery. To doskona\u0142e rozwi\u0105zanie dla os\u00f3b potrzebuj\u0105cych niezawodnej i wydajnej stacji zasilania w podr\u00f3\u017cy, w trakcie pracy lub na wakacjach. <\/p>\n<p><img decoding=\"async\" src=\"https:\/\/b2b.innpro.pl\/data\/include\/cms\/Choetech\/B664\/7.jpg\" alt=\"Choetech\/B664\/7\"><\/p>\n<h3>Komfort u\u017cytkowania<\/h3>\n<p>Urz\u0105dzenie Choetech to nie tylko funkcjonalne urz\u0105dzenie, ale tak\u017ce komfort u\u017cytkowania. Nie musisz ju\u017c zastanawia\u0107 si\u0119 jakie sprz\u0119ty mo\u017cesz nim na\u0142adowa\u0107, poniewa\u017c jego kompatybilno\u015b\u0107 jest bardzo szeroka. Bez obaw mo\u017cesz pod\u0142\u0105czy\u0107 do niego telefony, tablety, kamery, g\u0142o\u015bniki, a nawet kontrolery! Co wi\u0119cej, powerbank ten zosta\u0142 wyposa\u017cony w latark\u0119 z mo\u017cliwo\u015bci\u0105 zmiany tryb\u00f3w \u015bwiecenia, dzi\u0119ki czemu b\u0119dzie on nieod\u0142\u0105cznym towarzyszem wypad\u00f3w pod namiot czy nocnych wycieczek.<\/p>\n<p><img decoding=\"async\" src=\"https:\/\/b2b.innpro.pl\/data\/include\/cms\/Choetech\/B664\/3.jpg\" alt=\"Choetech\/B664\/3\"><\/p>\n<h3>Gwarancja bezpiecze\u0144stwa<\/h3>\n<p>Mini stacja zasilania Choetech to nie tylko pot\u0119\u017cne \u017ar\u00f3d\u0142o zasilania, ale tak\u017ce gwarancja bezpiecze\u0144stwa Twoich urz\u0105dze\u0144. Dzi\u0119ki wielu zabezpieczeniom, takim jak ochrona przed temperatur\u0105, zabezpieczenie nadpr\u0105dowe, przeciwzwarciowe i wysokonapi\u0119ciowe, mini stacja zasilania Choetech chroni Twoje sprz\u0119ty przed niebezpiecznymi skutkami, takimi jak przegrzanie, uszkodzenie baterii czy zwarcie. Niezawodne zabezpieczenia zapewniaj\u0105 bezpiecze\u0144stwo \u0142adowania Twojego smartfona, tabletu czy kamery w ka\u017cdych warunkach i sytuacjach.<\/p>\n<p><img decoding=\"async\" src=\"https:\/\/b2b.innpro.pl\/data\/include\/cms\/Choetech\/B664\/5.jpg\" alt=\"Choetech\/B664\/5\"><\/p>\n<h3>W zestawie <\/h3>\n<ul>\n<li>Mini stacja zasilania <\/li>\n<li>Kabel do \u0142adowania <\/li>\n<\/ul>\n<div class=\"table-wrapper\">\n<table>\n<tbody>\n<tr>\n<th>Producent <\/th>\n<td>Choetech <\/td>\n<\/tr>\n<tr>\n<th>Model<\/th>\n<td>B664<\/td>\n<\/tr>\n<tr>\n<th>Kolor <\/th>\n<td>Czarny<\/td>\n<\/tr>\n<tr>\n<th>Baterie<\/th>\n<td>polimerowe<\/td>\n<\/tr>\n<tr>\n<th>Energia baterii litowej<\/th>\n<td>50000mAh 185Wh<\/td>\n<\/tr>\n<tr>\n<th>Wej\u015bcie Micro<\/th>\n<td>5V-2A, 9V-2A, 12V-1.5A<\/td>\n<\/tr>\n<tr>\n<th>Wej\u015bcie Typ-C<\/th>\n<td>5V-3A, 9V-3A, 12V-3A, 15V-3A, 20V-3.25A<\/td>\n<\/tr>\n<tr>\n<th>Wyj\u015bcie Typ-C<\/th>\n<td>5V-3A, 9V-3A, 12V-3A, 15V-3A, 20V-3.25A<\/td>\n<\/tr>\n<tr>\n<th>Wyj\u015bcie USB1<\/th>\n<td>5V-3.4A<\/td>\n<\/tr>\n<tr>\n<th>Wyj\u015bcie USB2\/USB3<\/th>\n<td>5V-3A, 5V-4.5A, 4.5V-5A, 9V-2A, 12V-1.5A<\/td>\n<\/tr>\n<tr>\n<th>Wyj\u015bcie OUT1+OUT2+OUT3+Typ-C<\/th>\n<td>5V-4A<\/td>\n<\/tr>\n<tr>\n<th>\u015awiat\u0142a LED<\/th>\n<td>trzy poziomy jasno\u015bci \u015bciemniania<\/td>\n<\/tr>\n<tr>\n<th>Waga netto<\/th>\n<td>1119.7 g<\/td>\n<\/tr>\n<tr>\n<th>Rozmiar produktu<\/th>\n<td>75 \u00d7 75 \u00d7 138.6 mm<\/td>\n<\/tr>\n<\/tbody>\n<\/table>\n<\/div>\n","protected":false},"excerpt":{"rendered":"<p>Mini stacja zasilania, powerbank Choetech B664 50000mAh 65W (czarna) Cz\u0119sto wyje\u017cd\u017casz w podr\u00f3\u017ce s\u0142u\u017cbowe? A mo\u017ce wybierasz si\u0119 na wyjazd<\/p>\n","protected":false},"featured_media":22082,"comment_status":"closed","ping_status":"open","template":"","meta":{"_acf_changed":false},"product_brand":[],"product_cat":[1108,1111],"product_tag":[],"class_list":{"0":"post-22081","1":"product","2":"type-product","3":"status-publish","4":"has-post-thumbnail","6":"product_cat-energia","7":"product_cat-stacje-zasilania","8":"pa_box-height-1580","9":"pa_box-length-1536","10":"pa_box-width-2236","11":"pa_gross-weight-4103","12":"pa_hs-code-2295","13":"pa_kolor-czarny","14":"pa_ladowanie-indukcyjne-nie","15":"pa_moc-ladowania-w-1840","16":"pa_net-weight-4102","17":"pa_pojemnosc-mah-2047","19":"first","20":"outofstock","21":"taxable","22":"shipping-taxable","23":"purchasable","24":"product-type-simple"},"acf":[],"yoast_head":"<!-- This site is optimized with the Yoast SEO plugin v27.2 - https:\/\/yoast.com\/product\/yoast-seo-wordpress\/ -->\n<title>Mini stacja zasilania, powerbank Choetech B664 50000mAh 65W (czarna) - IRONSKY.PL Sklep z Dronami<\/title>\n<meta name=\"description\" content=\"Mini stacja zasilania, powerbank Choetech B664 50000mAh 65W (czarna) - \u2705 sklep z dronami i fachowym doradztwem. \u2705 Tutaj kupisz produkty DJI, Yuneec, Parrot, Syma i wiele innych, a tak\u017ce kursy i licencje na operatora drona.\" \/>\n<meta name=\"robots\" content=\"index, follow, max-snippet:-1, max-image-preview:large, max-video-preview:-1\" \/>\n<link rel=\"canonical\" href=\"https:\/\/ironsky.pl\/sklep\/produkt\/mini-stacja-zasilania-powerbank-choetech-b664-50000mah-65w-czarna\/\" \/>\n<meta property=\"og:locale\" content=\"pl_PL\" \/>\n<meta property=\"og:type\" content=\"article\" \/>\n<meta property=\"og:title\" content=\"Mini stacja zasilania, powerbank Choetech B664 50000mAh 65W (czarna) - IRONSKY.PL Sklep z Dronami\" \/>\n<meta property=\"og:description\" content=\"Mini stacja zasilania, powerbank Choetech B664 50000mAh 65W (czarna) - \u2705 sklep z dronami i fachowym doradztwem. \u2705 Tutaj kupisz produkty DJI, Yuneec, Parrot, Syma i wiele innych, a tak\u017ce kursy i licencje na operatora drona.\" \/>\n<meta property=\"og:url\" content=\"https:\/\/ironsky.pl\/sklep\/produkt\/mini-stacja-zasilania-powerbank-choetech-b664-50000mah-65w-czarna\/\" \/>\n<meta property=\"og:site_name\" content=\"IRONSKY.PL Sklep z Dronami\" \/>\n<meta property=\"article:modified_time\" content=\"2026-03-05T14:49:49+00:00\" \/>\n<meta property=\"og:image\" content=\"https:\/\/ironsky.pl\/sklep\/wp-content\/uploads\/2024\/09\/31259_2.jpg\" \/>\n\t<meta property=\"og:image:width\" content=\"800\" \/>\n\t<meta property=\"og:image:height\" content=\"800\" \/>\n\t<meta property=\"og:image:type\" content=\"image\/jpeg\" \/>\n<meta name=\"twitter:card\" content=\"summary_large_image\" \/>\n<meta name=\"twitter:label1\" content=\"Szacowany czas czytania\" \/>\n\t<meta name=\"twitter:data1\" content=\"3 minuty\" \/>\n<script type=\"application\/ld+json\" class=\"yoast-schema-graph\">{\"@context\":\"https:\/\/schema.org\",\"@graph\":[{\"@type\":\"WebPage\",\"@id\":\"https:\/\/ironsky.pl\/sklep\/produkt\/mini-stacja-zasilania-powerbank-choetech-b664-50000mah-65w-czarna\/\",\"url\":\"https:\/\/ironsky.pl\/sklep\/produkt\/mini-stacja-zasilania-powerbank-choetech-b664-50000mah-65w-czarna\/\",\"name\":\"Mini stacja zasilania, powerbank Choetech B664 50000mAh 65W (czarna) - IRONSKY.PL Sklep z Dronami\",\"isPartOf\":{\"@id\":\"https:\/\/ironsky.pl\/sklep\/#website\"},\"primaryImageOfPage\":{\"@id\":\"https:\/\/ironsky.pl\/sklep\/produkt\/mini-stacja-zasilania-powerbank-choetech-b664-50000mah-65w-czarna\/#primaryimage\"},\"image\":{\"@id\":\"https:\/\/ironsky.pl\/sklep\/produkt\/mini-stacja-zasilania-powerbank-choetech-b664-50000mah-65w-czarna\/#primaryimage\"},\"thumbnailUrl\":\"https:\/\/ironsky.pl\/sklep\/wp-content\/uploads\/2024\/09\/31259_2.jpg\",\"datePublished\":\"2024-09-16T15:58:14+00:00\",\"dateModified\":\"2026-03-05T14:49:49+00:00\",\"description\":\"Mini stacja zasilania, powerbank Choetech B664 50000mAh 65W (czarna) - \u2705 sklep z dronami i fachowym doradztwem. \u2705 Tutaj kupisz produkty DJI, Yuneec, Parrot, Syma i wiele innych, a tak\u017ce kursy i licencje na operatora drona.\",\"breadcrumb\":{\"@id\":\"https:\/\/ironsky.pl\/sklep\/produkt\/mini-stacja-zasilania-powerbank-choetech-b664-50000mah-65w-czarna\/#breadcrumb\"},\"inLanguage\":\"pl-PL\",\"potentialAction\":[{\"@type\":\"ReadAction\",\"target\":[\"https:\/\/ironsky.pl\/sklep\/produkt\/mini-stacja-zasilania-powerbank-choetech-b664-50000mah-65w-czarna\/\"]}]},{\"@type\":\"ImageObject\",\"inLanguage\":\"pl-PL\",\"@id\":\"https:\/\/ironsky.pl\/sklep\/produkt\/mini-stacja-zasilania-powerbank-choetech-b664-50000mah-65w-czarna\/#primaryimage\",\"url\":\"https:\/\/ironsky.pl\/sklep\/wp-content\/uploads\/2024\/09\/31259_2.jpg\",\"contentUrl\":\"https:\/\/ironsky.pl\/sklep\/wp-content\/uploads\/2024\/09\/31259_2.jpg\",\"width\":800,\"height\":800},{\"@type\":\"BreadcrumbList\",\"@id\":\"https:\/\/ironsky.pl\/sklep\/produkt\/mini-stacja-zasilania-powerbank-choetech-b664-50000mah-65w-czarna\/#breadcrumb\",\"itemListElement\":[{\"@type\":\"ListItem\",\"position\":1,\"name\":\"Strona g\u0142\u00f3wna\",\"item\":\"https:\/\/ironsky.pl\/sklep\/\"},{\"@type\":\"ListItem\",\"position\":2,\"name\":\"Wszystkie produkty\",\"item\":\"https:\/\/ironsky.pl\/sklep\/produkty\/\"},{\"@type\":\"ListItem\",\"position\":3,\"name\":\"Mini stacja zasilania, powerbank Choetech B664 50000mAh 65W (czarna)\"}]},{\"@type\":\"WebSite\",\"@id\":\"https:\/\/ironsky.pl\/sklep\/#website\",\"url\":\"https:\/\/ironsky.pl\/sklep\/\",\"name\":\"IRONSKY.PL Sklep z Dronami\",\"description\":\"IRONSKY.PL Sklep z Dronami\",\"potentialAction\":[{\"@type\":\"SearchAction\",\"target\":{\"@type\":\"EntryPoint\",\"urlTemplate\":\"https:\/\/ironsky.pl\/sklep\/?s={search_term_string}\"},\"query-input\":{\"@type\":\"PropertyValueSpecification\",\"valueRequired\":true,\"valueName\":\"search_term_string\"}}],\"inLanguage\":\"pl-PL\"}]}<\/script>\n<!-- \/ Yoast SEO plugin. -->","yoast_head_json":{"title":"Mini stacja zasilania, powerbank Choetech B664 50000mAh 65W (czarna) - IRONSKY.PL Sklep z Dronami","description":"Mini stacja zasilania, powerbank Choetech B664 50000mAh 65W (czarna) - \u2705 sklep z dronami i fachowym doradztwem. \u2705 Tutaj kupisz produkty DJI, Yuneec, Parrot, Syma i wiele innych, a tak\u017ce kursy i licencje na operatora drona.","robots":{"index":"index","follow":"follow","max-snippet":"max-snippet:-1","max-image-preview":"max-image-preview:large","max-video-preview":"max-video-preview:-1"},"canonical":"https:\/\/ironsky.pl\/sklep\/produkt\/mini-stacja-zasilania-powerbank-choetech-b664-50000mah-65w-czarna\/","og_locale":"pl_PL","og_type":"article","og_title":"Mini stacja zasilania, powerbank Choetech B664 50000mAh 65W (czarna) - IRONSKY.PL Sklep z Dronami","og_description":"Mini stacja zasilania, powerbank Choetech B664 50000mAh 65W (czarna) - \u2705 sklep z dronami i fachowym doradztwem. \u2705 Tutaj kupisz produkty DJI, Yuneec, Parrot, Syma i wiele innych, a tak\u017ce kursy i licencje na operatora drona.","og_url":"https:\/\/ironsky.pl\/sklep\/produkt\/mini-stacja-zasilania-powerbank-choetech-b664-50000mah-65w-czarna\/","og_site_name":"IRONSKY.PL Sklep z Dronami","article_modified_time":"2026-03-05T14:49:49+00:00","og_image":[{"width":800,"height":800,"url":"https:\/\/ironsky.pl\/sklep\/wp-content\/uploads\/2024\/09\/31259_2.jpg","type":"image\/jpeg"}],"twitter_card":"summary_large_image","twitter_misc":{"Szacowany czas czytania":"3 minuty"},"schema":{"@context":"https:\/\/schema.org","@graph":[{"@type":"WebPage","@id":"https:\/\/ironsky.pl\/sklep\/produkt\/mini-stacja-zasilania-powerbank-choetech-b664-50000mah-65w-czarna\/","url":"https:\/\/ironsky.pl\/sklep\/produkt\/mini-stacja-zasilania-powerbank-choetech-b664-50000mah-65w-czarna\/","name":"Mini stacja zasilania, powerbank Choetech B664 50000mAh 65W (czarna) - IRONSKY.PL Sklep z Dronami","isPartOf":{"@id":"https:\/\/ironsky.pl\/sklep\/#website"},"primaryImageOfPage":{"@id":"https:\/\/ironsky.pl\/sklep\/produkt\/mini-stacja-zasilania-powerbank-choetech-b664-50000mah-65w-czarna\/#primaryimage"},"image":{"@id":"https:\/\/ironsky.pl\/sklep\/produkt\/mini-stacja-zasilania-powerbank-choetech-b664-50000mah-65w-czarna\/#primaryimage"},"thumbnailUrl":"https:\/\/ironsky.pl\/sklep\/wp-content\/uploads\/2024\/09\/31259_2.jpg","datePublished":"2024-09-16T15:58:14+00:00","dateModified":"2026-03-05T14:49:49+00:00","description":"Mini stacja zasilania, powerbank Choetech B664 50000mAh 65W (czarna) - \u2705 sklep z dronami i fachowym doradztwem. \u2705 Tutaj kupisz produkty DJI, Yuneec, Parrot, Syma i wiele innych, a tak\u017ce kursy i licencje na operatora drona.","breadcrumb":{"@id":"https:\/\/ironsky.pl\/sklep\/produkt\/mini-stacja-zasilania-powerbank-choetech-b664-50000mah-65w-czarna\/#breadcrumb"},"inLanguage":"pl-PL","potentialAction":[{"@type":"ReadAction","target":["https:\/\/ironsky.pl\/sklep\/produkt\/mini-stacja-zasilania-powerbank-choetech-b664-50000mah-65w-czarna\/"]}]},{"@type":"ImageObject","inLanguage":"pl-PL","@id":"https:\/\/ironsky.pl\/sklep\/produkt\/mini-stacja-zasilania-powerbank-choetech-b664-50000mah-65w-czarna\/#primaryimage","url":"https:\/\/ironsky.pl\/sklep\/wp-content\/uploads\/2024\/09\/31259_2.jpg","contentUrl":"https:\/\/ironsky.pl\/sklep\/wp-content\/uploads\/2024\/09\/31259_2.jpg","width":800,"height":800},{"@type":"BreadcrumbList","@id":"https:\/\/ironsky.pl\/sklep\/produkt\/mini-stacja-zasilania-powerbank-choetech-b664-50000mah-65w-czarna\/#breadcrumb","itemListElement":[{"@type":"ListItem","position":1,"name":"Strona g\u0142\u00f3wna","item":"https:\/\/ironsky.pl\/sklep\/"},{"@type":"ListItem","position":2,"name":"Wszystkie produkty","item":"https:\/\/ironsky.pl\/sklep\/produkty\/"},{"@type":"ListItem","position":3,"name":"Mini stacja zasilania, powerbank Choetech B664 50000mAh 65W (czarna)"}]},{"@type":"WebSite","@id":"https:\/\/ironsky.pl\/sklep\/#website","url":"https:\/\/ironsky.pl\/sklep\/","name":"IRONSKY.PL Sklep z Dronami","description":"IRONSKY.PL Sklep z Dronami","potentialAction":[{"@type":"SearchAction","target":{"@type":"EntryPoint","urlTemplate":"https:\/\/ironsky.pl\/sklep\/?s={search_term_string}"},"query-input":{"@type":"PropertyValueSpecification","valueRequired":true,"valueName":"search_term_string"}}],"inLanguage":"pl-PL"}]}},"_links":{"self":[{"href":"https:\/\/ironsky.pl\/sklep\/wp-json\/wp\/v2\/product\/22081","targetHints":{"allow":["GET"]}}],"collection":[{"href":"https:\/\/ironsky.pl\/sklep\/wp-json\/wp\/v2\/product"}],"about":[{"href":"https:\/\/ironsky.pl\/sklep\/wp-json\/wp\/v2\/types\/product"}],"replies":[{"embeddable":true,"href":"https:\/\/ironsky.pl\/sklep\/wp-json\/wp\/v2\/comments?post=22081"}],"wp:featuredmedia":[{"embeddable":true,"href":"https:\/\/ironsky.pl\/sklep\/wp-json\/wp\/v2\/media\/22082"}],"wp:attachment":[{"href":"https:\/\/ironsky.pl\/sklep\/wp-json\/wp\/v2\/media?parent=22081"}],"wp:term":[{"taxonomy":"product_brand","embeddable":true,"href":"https:\/\/ironsky.pl\/sklep\/wp-json\/wp\/v2\/product_brand?post=22081"},{"taxonomy":"product_cat","embeddable":true,"href":"https:\/\/ironsky.pl\/sklep\/wp-json\/wp\/v2\/product_cat?post=22081"},{"taxonomy":"product_tag","embeddable":true,"href":"https:\/\/ironsky.pl\/sklep\/wp-json\/wp\/v2\/product_tag?post=22081"}],"curies":[{"name":"wp","href":"https:\/\/api.w.org\/{rel}","templated":true}]}}