{"id":22078,"date":"2024-09-16T17:58:14","date_gmt":"2024-09-16T15:58:14","guid":{"rendered":"http:\/\/gvshalph.pro-linuxpl.com\/ironskyprodukty\/produkt\/powerbank-solarny-choetech-b658-2x-usb-10000mah-qi-5w-czarno-pomaranczowy\/"},"modified":"2026-03-05T15:49:49","modified_gmt":"2026-03-05T14:49:49","slug":"powerbank-solarny-choetech-b658-2x-usb-10000mah-qi-5w-czarno-pomaranczowy","status":"publish","type":"product","link":"https:\/\/ironsky.pl\/sklep\/produkt\/powerbank-solarny-choetech-b658-2x-usb-10000mah-qi-5w-czarno-pomaranczowy\/","title":{"rendered":"Powerbank solarny Choetech B658  2x USB 10000mAh Qi 5W (czarno-pomara\u0144czowy)"},"content":{"rendered":"<h3>Powerbank solarny Choetech B658 2x USB 10000mAh Qi 5W (czarno-pomara\u0144czowy)<\/h3>\n<\/p>\n<p>Z Powerbankiem Choetech szybko i bezpiecznie na\u0142adujesz swoje sprz\u0119ty! Zosta\u0142 on wyposa\u017cony w a\u017c 2 wyj\u015bcia USB, dzi\u0119ki czemu mo\u017cesz \u0142adowa\u0107 wiele urz\u0105dze\u0144 jednocze\u015bnie. Wyr\u00f3\u017cnia si\u0119 du\u017c\u0105 pojemno\u015bci\u0105 wynosz\u0105c\u0105 a\u017c 10000 mAh. Co wi\u0119cej, z \u0142atwo\u015bci\u0105 na\u0142adujesz go za pomoc\u0105 wbudowanych paneli s\u0142onecznych lub za pomoc\u0105 kabla USB.<\/p>\n<\/p>\n<p>\n<img decoding=\"async\" src=\"https:\/\/assets.innpro.pl\/4890\/5663\/5.jpg\" border=\"0\" \/>\n<\/p>\n<h3>Wyj\u0105tkowa pojemno\u015b\u0107<\/h3>\n<\/p>\n<p>Tym, co wyr\u00f3\u017cnia powerbank Choetech jest jego du\u017co pojemno\u015b\u0107 si\u0119gaj\u0105ca a\u017c 10000 mAh. Co wi\u0119cej, zosta\u0142 on wyposa\u017cony w wej\u015bcie USB-C oraz 2 wyj\u015bcia USB, dzi\u0119ki czemu umo\u017cliwia \u0142adowanie kilku urz\u0105dze\u0144 jednocze\u015bnie. To wszystko sprawia, \u017ce ten powerbank b\u0119dzie idealny w sytuacjach awaryjnych.<\/p>\n<\/p>\n<p>\n<img decoding=\"async\" src=\"https:\/\/assets.innpro.pl\/4890\/5663\/6.jpg\" border=\"0\" \/>\n<\/p>\n<h3>2 sposoby \u0142adowania<\/h3>\n<\/p>\n<p>Powerbank Choetech z \u0142atwo\u015bci\u0105 na\u0142adujesz za pomoc\u0105 kabla USB. Jednak zosta\u0142 wyposa\u017cony w panele s\u0142oneczne, dzi\u0119ki kt\u00f3rym tak\u017ce w szybkim tempie mo\u017ce odzyska\u0107 pe\u0142n\u0105 bateri\u0119. Wystarczy, \u017ce umie\u015bcisz go w bezpo\u015brednim \u015bwietle s\u0142onecznym. Nie musisz niczego wi\u0119cej ustawi\u0107 i konfigurowa\u0107, dzi\u0119ki czemu jego \u0142adowanie jest banalnie proste!<\/p>\n<\/p>\n<p>\n<img decoding=\"async\" src=\"https:\/\/assets.innpro.pl\/4890\/5663\/2.jpg\" border=\"0\" \/>\n<\/p>\n<h3>Komfort u\u017cytkowania<\/h3>\n<\/p>\n<p>Choetech to nie tylko funkcjonalne urz\u0105dzenie, ale tak\u017ce gwarantowany komfort u\u017cytkowania. Wyr\u00f3\u017cnia si\u0119 du\u017c\u0105 kompatybilno\u015bci\u0105 z r\u00f3\u017cnymi urz\u0105dzeniami w tym z iPhone, Huawei czy Samsungiem. Jest tak\u017ce bardzo lekki, a co wi\u0119cej z \u0142atwo\u015bci\u0105 przymocujesz go do swojego plecaka czy torby za pomoc\u0105 sznurka na rzep do\u0142\u0105czonego do zestawu.<\/p>\n<\/p>\n<p>\n<img decoding=\"async\" src=\"https:\/\/assets.innpro.pl\/4890\/5663\/4.jpg\" border=\"0\" \/>\n<\/p>\n<h3>Dodatkowa latarka<\/h3>\n<\/p>\n<p>Powerbank zosta\u0142 wyposa\u017cony w latark\u0119, kt\u00f3ra o\u015bwietlani przestrze\u0144 podczas nocnych wypraw czy na kempingu. Ma mo\u017cliwo\u015b\u0107 zmiany tryb\u00f3w dla jeszcze wi\u0119kszego komfortu pracy. Tryb Flashlight przyda si\u0119 podczas nocnych w\u0119dr\u00f3wek, a tryb Soft light doskonale sprawdzi si\u0119 jako o\u015bwietlenie namiotu. Do Twojej dyspozycji pozostaje tak\u017ce SOS mode oraz tryb Strobe.<\/p>\n<\/p>\n<p>\n<img decoding=\"async\" src=\"https:\/\/assets.innpro.pl\/4890\/5663\/7.jpg\" border=\"0\" \/>\n<\/p>\n<h3>W zestawie <\/h3>\n<ul class=\"list-disc pl-5\">\n<li>Powerbank<\/li>\n<li>Kabel USB-micro<\/li>\n<li>Sznurek na rzepy<\/li>\n<\/ul>\n<div class=\"table-wrapper\">\n<p>\u00a0<\/p>\n<h3><\/h3>\n<table>\n<tbody>\n<tr>\n<th>Producent <\/th>\n<td>Choetech<\/td>\n<\/tr>\n<tr>\n<th>Model <\/th>\n<td>B658<\/td>\n<\/tr>\n<tr>\n<th>Panel monokrystaliczny<\/th>\n<td>pojedynczy kryszta\u0142 1.8W<\/td>\n<\/tr>\n<tr>\n<th>Kolor <\/th>\n<td>Czarno-pomara\u0144czowy<\/td>\n<\/tr>\n<tr>\n<th>Pojemno\u015b\u0107 <\/th>\n<td>10000mah<\/td>\n<\/tr>\n<tr>\n<th>Wej\u015bcie <\/th>\n<td>TYPE-C: 5V\/2A<\/td>\n<\/tr>\n<tr>\n<th>Wyj\u015bcie <\/th>\n<td>USBA1: 5V\/2.1A<\/td>\n<\/tr>\n<tr>\n<th>Rozmiar produktu <\/th>\n<td>171 \u00d7 84 \u00d7 22 mm<\/td>\n<\/tr>\n<tr>\n<th>Materia\u0142 pow\u0142oki <\/th>\n<td>tworzywo sztuczne ABS+TPU<\/td>\n<\/tr>\n<tr>\n<th>Waga <\/th>\n<td>328 g<\/td>\n<\/tr>\n<tr>\n<th>Inne cechy <\/th>\n<td>w pe\u0142ni wodoodporny<\/td>\n<\/tr>\n<\/tbody>\n<\/table>\n<\/div>\n","protected":false},"excerpt":{"rendered":"<p>Powerbank solarny Choetech B658 2x USB 10000mAh Qi 5W (czarno-pomara\u0144czowy) Z Powerbankiem Choetech szybko i bezpiecznie na\u0142adujesz swoje sprz\u0119ty! Zosta\u0142<\/p>\n","protected":false},"featured_media":22079,"comment_status":"closed","ping_status":"open","template":"","meta":{"_acf_changed":false},"product_brand":[],"product_cat":[1108,1113],"product_tag":[],"class_list":{"0":"post-22078","1":"product","2":"type-product","3":"status-publish","4":"has-post-thumbnail","6":"product_cat-energia","7":"product_cat-powerbanki","8":"pa_box-height-2818","9":"pa_box-length-1861","10":"pa_box-width-4097","11":"pa_cechy-szczegolne-ladowanie-solarne-ladowanie-bezprzewodowe","12":"pa_gross-weight-4098","13":"pa_hs-code-2295","14":"pa_kolor-czarny-pomaranczowy","15":"pa_ladowanie-indukcyjne-tak","16":"pa_moc-ladowania-w-4099","17":"pa_net-weight-3759","18":"pa_pojemnosc-mah-3167","20":"first","21":"outofstock","22":"taxable","23":"shipping-taxable","24":"purchasable","25":"product-type-simple"},"acf":[],"yoast_head":"<!-- This site is optimized with the Yoast SEO plugin v27.2 - https:\/\/yoast.com\/product\/yoast-seo-wordpress\/ -->\n<title>Powerbank solarny Choetech B658 2x USB 10000mAh Qi 5W (czarno-pomara\u0144czowy) - IRONSKY.PL Sklep z Dronami<\/title>\n<meta name=\"description\" content=\"Powerbank solarny Choetech B658 2x USB 10000mAh Qi 5W (czarno-pomara\u0144czowy) - \u2705 sklep z dronami i fachowym doradztwem. \u2705 Tutaj kupisz produkty DJI, Yuneec, Parrot, Syma i wiele innych, a tak\u017ce kursy i licencje na operatora drona.\" \/>\n<meta name=\"robots\" content=\"index, follow, max-snippet:-1, max-image-preview:large, max-video-preview:-1\" \/>\n<link rel=\"canonical\" href=\"https:\/\/ironsky.pl\/sklep\/produkt\/powerbank-solarny-choetech-b658-2x-usb-10000mah-qi-5w-czarno-pomaranczowy\/\" \/>\n<meta property=\"og:locale\" content=\"pl_PL\" \/>\n<meta property=\"og:type\" content=\"article\" \/>\n<meta property=\"og:title\" content=\"Powerbank solarny Choetech B658 2x USB 10000mAh Qi 5W (czarno-pomara\u0144czowy) - IRONSKY.PL Sklep z Dronami\" \/>\n<meta property=\"og:description\" content=\"Powerbank solarny Choetech B658 2x USB 10000mAh Qi 5W (czarno-pomara\u0144czowy) - \u2705 sklep z dronami i fachowym doradztwem. \u2705 Tutaj kupisz produkty DJI, Yuneec, Parrot, Syma i wiele innych, a tak\u017ce kursy i licencje na operatora drona.\" \/>\n<meta property=\"og:url\" content=\"https:\/\/ironsky.pl\/sklep\/produkt\/powerbank-solarny-choetech-b658-2x-usb-10000mah-qi-5w-czarno-pomaranczowy\/\" \/>\n<meta property=\"og:site_name\" content=\"IRONSKY.PL Sklep z Dronami\" \/>\n<meta property=\"article:modified_time\" content=\"2026-03-05T14:49:49+00:00\" \/>\n<meta property=\"og:image\" content=\"https:\/\/ironsky.pl\/sklep\/wp-content\/uploads\/2024\/09\/31255_2.jpg\" \/>\n\t<meta property=\"og:image:width\" content=\"800\" \/>\n\t<meta property=\"og:image:height\" content=\"800\" \/>\n\t<meta property=\"og:image:type\" content=\"image\/jpeg\" \/>\n<meta name=\"twitter:card\" content=\"summary_large_image\" \/>\n<meta name=\"twitter:label1\" content=\"Szacowany czas czytania\" \/>\n\t<meta name=\"twitter:data1\" content=\"2 minuty\" \/>\n<script type=\"application\/ld+json\" class=\"yoast-schema-graph\">{\"@context\":\"https:\/\/schema.org\",\"@graph\":[{\"@type\":\"WebPage\",\"@id\":\"https:\/\/ironsky.pl\/sklep\/produkt\/powerbank-solarny-choetech-b658-2x-usb-10000mah-qi-5w-czarno-pomaranczowy\/\",\"url\":\"https:\/\/ironsky.pl\/sklep\/produkt\/powerbank-solarny-choetech-b658-2x-usb-10000mah-qi-5w-czarno-pomaranczowy\/\",\"name\":\"Powerbank solarny Choetech B658 2x USB 10000mAh Qi 5W (czarno-pomara\u0144czowy) - IRONSKY.PL Sklep z Dronami\",\"isPartOf\":{\"@id\":\"https:\/\/ironsky.pl\/sklep\/#website\"},\"primaryImageOfPage\":{\"@id\":\"https:\/\/ironsky.pl\/sklep\/produkt\/powerbank-solarny-choetech-b658-2x-usb-10000mah-qi-5w-czarno-pomaranczowy\/#primaryimage\"},\"image\":{\"@id\":\"https:\/\/ironsky.pl\/sklep\/produkt\/powerbank-solarny-choetech-b658-2x-usb-10000mah-qi-5w-czarno-pomaranczowy\/#primaryimage\"},\"thumbnailUrl\":\"https:\/\/ironsky.pl\/sklep\/wp-content\/uploads\/2024\/09\/31255_2.jpg\",\"datePublished\":\"2024-09-16T15:58:14+00:00\",\"dateModified\":\"2026-03-05T14:49:49+00:00\",\"description\":\"Powerbank solarny Choetech B658 2x USB 10000mAh Qi 5W (czarno-pomara\u0144czowy) - \u2705 sklep z dronami i fachowym doradztwem. \u2705 Tutaj kupisz produkty DJI, Yuneec, Parrot, Syma i wiele innych, a tak\u017ce kursy i licencje na operatora drona.\",\"breadcrumb\":{\"@id\":\"https:\/\/ironsky.pl\/sklep\/produkt\/powerbank-solarny-choetech-b658-2x-usb-10000mah-qi-5w-czarno-pomaranczowy\/#breadcrumb\"},\"inLanguage\":\"pl-PL\",\"potentialAction\":[{\"@type\":\"ReadAction\",\"target\":[\"https:\/\/ironsky.pl\/sklep\/produkt\/powerbank-solarny-choetech-b658-2x-usb-10000mah-qi-5w-czarno-pomaranczowy\/\"]}]},{\"@type\":\"ImageObject\",\"inLanguage\":\"pl-PL\",\"@id\":\"https:\/\/ironsky.pl\/sklep\/produkt\/powerbank-solarny-choetech-b658-2x-usb-10000mah-qi-5w-czarno-pomaranczowy\/#primaryimage\",\"url\":\"https:\/\/ironsky.pl\/sklep\/wp-content\/uploads\/2024\/09\/31255_2.jpg\",\"contentUrl\":\"https:\/\/ironsky.pl\/sklep\/wp-content\/uploads\/2024\/09\/31255_2.jpg\",\"width\":800,\"height\":800},{\"@type\":\"BreadcrumbList\",\"@id\":\"https:\/\/ironsky.pl\/sklep\/produkt\/powerbank-solarny-choetech-b658-2x-usb-10000mah-qi-5w-czarno-pomaranczowy\/#breadcrumb\",\"itemListElement\":[{\"@type\":\"ListItem\",\"position\":1,\"name\":\"Strona g\u0142\u00f3wna\",\"item\":\"https:\/\/ironsky.pl\/sklep\/\"},{\"@type\":\"ListItem\",\"position\":2,\"name\":\"Wszystkie produkty\",\"item\":\"https:\/\/ironsky.pl\/sklep\/produkty\/\"},{\"@type\":\"ListItem\",\"position\":3,\"name\":\"Powerbank solarny Choetech B658 2x USB 10000mAh Qi 5W (czarno-pomara\u0144czowy)\"}]},{\"@type\":\"WebSite\",\"@id\":\"https:\/\/ironsky.pl\/sklep\/#website\",\"url\":\"https:\/\/ironsky.pl\/sklep\/\",\"name\":\"IRONSKY.PL Sklep z Dronami\",\"description\":\"IRONSKY.PL Sklep z Dronami\",\"potentialAction\":[{\"@type\":\"SearchAction\",\"target\":{\"@type\":\"EntryPoint\",\"urlTemplate\":\"https:\/\/ironsky.pl\/sklep\/?s={search_term_string}\"},\"query-input\":{\"@type\":\"PropertyValueSpecification\",\"valueRequired\":true,\"valueName\":\"search_term_string\"}}],\"inLanguage\":\"pl-PL\"}]}<\/script>\n<!-- \/ Yoast SEO plugin. -->","yoast_head_json":{"title":"Powerbank solarny Choetech B658 2x USB 10000mAh Qi 5W (czarno-pomara\u0144czowy) - IRONSKY.PL Sklep z Dronami","description":"Powerbank solarny Choetech B658 2x USB 10000mAh Qi 5W (czarno-pomara\u0144czowy) - \u2705 sklep z dronami i fachowym doradztwem. \u2705 Tutaj kupisz produkty DJI, Yuneec, Parrot, Syma i wiele innych, a tak\u017ce kursy i licencje na operatora drona.","robots":{"index":"index","follow":"follow","max-snippet":"max-snippet:-1","max-image-preview":"max-image-preview:large","max-video-preview":"max-video-preview:-1"},"canonical":"https:\/\/ironsky.pl\/sklep\/produkt\/powerbank-solarny-choetech-b658-2x-usb-10000mah-qi-5w-czarno-pomaranczowy\/","og_locale":"pl_PL","og_type":"article","og_title":"Powerbank solarny Choetech B658 2x USB 10000mAh Qi 5W (czarno-pomara\u0144czowy) - IRONSKY.PL Sklep z Dronami","og_description":"Powerbank solarny Choetech B658 2x USB 10000mAh Qi 5W (czarno-pomara\u0144czowy) - \u2705 sklep z dronami i fachowym doradztwem. \u2705 Tutaj kupisz produkty DJI, Yuneec, Parrot, Syma i wiele innych, a tak\u017ce kursy i licencje na operatora drona.","og_url":"https:\/\/ironsky.pl\/sklep\/produkt\/powerbank-solarny-choetech-b658-2x-usb-10000mah-qi-5w-czarno-pomaranczowy\/","og_site_name":"IRONSKY.PL Sklep z Dronami","article_modified_time":"2026-03-05T14:49:49+00:00","og_image":[{"width":800,"height":800,"url":"https:\/\/ironsky.pl\/sklep\/wp-content\/uploads\/2024\/09\/31255_2.jpg","type":"image\/jpeg"}],"twitter_card":"summary_large_image","twitter_misc":{"Szacowany czas czytania":"2 minuty"},"schema":{"@context":"https:\/\/schema.org","@graph":[{"@type":"WebPage","@id":"https:\/\/ironsky.pl\/sklep\/produkt\/powerbank-solarny-choetech-b658-2x-usb-10000mah-qi-5w-czarno-pomaranczowy\/","url":"https:\/\/ironsky.pl\/sklep\/produkt\/powerbank-solarny-choetech-b658-2x-usb-10000mah-qi-5w-czarno-pomaranczowy\/","name":"Powerbank solarny Choetech B658 2x USB 10000mAh Qi 5W (czarno-pomara\u0144czowy) - IRONSKY.PL Sklep z Dronami","isPartOf":{"@id":"https:\/\/ironsky.pl\/sklep\/#website"},"primaryImageOfPage":{"@id":"https:\/\/ironsky.pl\/sklep\/produkt\/powerbank-solarny-choetech-b658-2x-usb-10000mah-qi-5w-czarno-pomaranczowy\/#primaryimage"},"image":{"@id":"https:\/\/ironsky.pl\/sklep\/produkt\/powerbank-solarny-choetech-b658-2x-usb-10000mah-qi-5w-czarno-pomaranczowy\/#primaryimage"},"thumbnailUrl":"https:\/\/ironsky.pl\/sklep\/wp-content\/uploads\/2024\/09\/31255_2.jpg","datePublished":"2024-09-16T15:58:14+00:00","dateModified":"2026-03-05T14:49:49+00:00","description":"Powerbank solarny Choetech B658 2x USB 10000mAh Qi 5W (czarno-pomara\u0144czowy) - \u2705 sklep z dronami i fachowym doradztwem. \u2705 Tutaj kupisz produkty DJI, Yuneec, Parrot, Syma i wiele innych, a tak\u017ce kursy i licencje na operatora drona.","breadcrumb":{"@id":"https:\/\/ironsky.pl\/sklep\/produkt\/powerbank-solarny-choetech-b658-2x-usb-10000mah-qi-5w-czarno-pomaranczowy\/#breadcrumb"},"inLanguage":"pl-PL","potentialAction":[{"@type":"ReadAction","target":["https:\/\/ironsky.pl\/sklep\/produkt\/powerbank-solarny-choetech-b658-2x-usb-10000mah-qi-5w-czarno-pomaranczowy\/"]}]},{"@type":"ImageObject","inLanguage":"pl-PL","@id":"https:\/\/ironsky.pl\/sklep\/produkt\/powerbank-solarny-choetech-b658-2x-usb-10000mah-qi-5w-czarno-pomaranczowy\/#primaryimage","url":"https:\/\/ironsky.pl\/sklep\/wp-content\/uploads\/2024\/09\/31255_2.jpg","contentUrl":"https:\/\/ironsky.pl\/sklep\/wp-content\/uploads\/2024\/09\/31255_2.jpg","width":800,"height":800},{"@type":"BreadcrumbList","@id":"https:\/\/ironsky.pl\/sklep\/produkt\/powerbank-solarny-choetech-b658-2x-usb-10000mah-qi-5w-czarno-pomaranczowy\/#breadcrumb","itemListElement":[{"@type":"ListItem","position":1,"name":"Strona g\u0142\u00f3wna","item":"https:\/\/ironsky.pl\/sklep\/"},{"@type":"ListItem","position":2,"name":"Wszystkie produkty","item":"https:\/\/ironsky.pl\/sklep\/produkty\/"},{"@type":"ListItem","position":3,"name":"Powerbank solarny Choetech B658 2x USB 10000mAh Qi 5W (czarno-pomara\u0144czowy)"}]},{"@type":"WebSite","@id":"https:\/\/ironsky.pl\/sklep\/#website","url":"https:\/\/ironsky.pl\/sklep\/","name":"IRONSKY.PL Sklep z Dronami","description":"IRONSKY.PL Sklep z Dronami","potentialAction":[{"@type":"SearchAction","target":{"@type":"EntryPoint","urlTemplate":"https:\/\/ironsky.pl\/sklep\/?s={search_term_string}"},"query-input":{"@type":"PropertyValueSpecification","valueRequired":true,"valueName":"search_term_string"}}],"inLanguage":"pl-PL"}]}},"_links":{"self":[{"href":"https:\/\/ironsky.pl\/sklep\/wp-json\/wp\/v2\/product\/22078","targetHints":{"allow":["GET"]}}],"collection":[{"href":"https:\/\/ironsky.pl\/sklep\/wp-json\/wp\/v2\/product"}],"about":[{"href":"https:\/\/ironsky.pl\/sklep\/wp-json\/wp\/v2\/types\/product"}],"replies":[{"embeddable":true,"href":"https:\/\/ironsky.pl\/sklep\/wp-json\/wp\/v2\/comments?post=22078"}],"wp:featuredmedia":[{"embeddable":true,"href":"https:\/\/ironsky.pl\/sklep\/wp-json\/wp\/v2\/media\/22079"}],"wp:attachment":[{"href":"https:\/\/ironsky.pl\/sklep\/wp-json\/wp\/v2\/media?parent=22078"}],"wp:term":[{"taxonomy":"product_brand","embeddable":true,"href":"https:\/\/ironsky.pl\/sklep\/wp-json\/wp\/v2\/product_brand?post=22078"},{"taxonomy":"product_cat","embeddable":true,"href":"https:\/\/ironsky.pl\/sklep\/wp-json\/wp\/v2\/product_cat?post=22078"},{"taxonomy":"product_tag","embeddable":true,"href":"https:\/\/ironsky.pl\/sklep\/wp-json\/wp\/v2\/product_tag?post=22078"}],"curies":[{"name":"wp","href":"https:\/\/api.w.org\/{rel}","templated":true}]}}