{"id":21733,"date":"2024-09-16T17:50:44","date_gmt":"2024-09-16T15:50:44","guid":{"rendered":"http:\/\/gvshalph.pro-linuxpl.com\/ironskyprodukty\/produkt\/powerbank-baseus-adaman2-10000mah-2xusb-usb-c-30w-czarny\/"},"modified":"2026-03-05T15:49:45","modified_gmt":"2026-03-05T14:49:45","slug":"powerbank-baseus-adaman2-10000mah-2xusb-usb-c-30w-czarny","status":"publish","type":"product","link":"https:\/\/ironsky.pl\/sklep\/produkt\/powerbank-baseus-adaman2-10000mah-2xusb-usb-c-30w-czarny\/","title":{"rendered":"Powerbank Baseus Adaman2 10000mAh, 2xUSB, USB-C, 30W (czarny)"},"content":{"rendered":"<h3>Powerbank Baseus Adaman2 10 000 mAh, 2xUSB, USB-C, 30 W (czarny)<\/h3>\n<p>Zapewnij sobie mo\u017cliwo\u015b\u0107 wygodnego \u0142adowania swoich urz\u0105dze\u0144, gdziekolwiek si\u0119 znajdziesz. Kompaktowy powerbank Baseus Adaman2 wyr\u00f3\u017cnia si\u0119 pojemno\u015bci\u0105 10 000 mAh i mo\u017ce Ci towarzyszy\u0107 niemal wsz\u0119dzie &#8211; nawet na pok\u0142adzie samolotu. Bez problemu pod\u0142\u0105czysz do niego 3 sprz\u0119ty jednocze\u015bnie &#8211; pozwalaj\u0105 na to 2 dost\u0119pne porty wyj\u015bcia (USB) i jeden port wej\u015bcia \/ wyj\u015bcia (USB-C). Produkt obs\u0142uguje te\u017c szybkie \u0142adowanie, a jego moc wyj\u015bciowa si\u0119ga 30 W (na porcie USB-C).<\/p>\n<p><img decoding=\"async\" src=\"https:\/\/b2b.innpro.pl\/data\/include\/cms\/-Baseus\/PPAD040101\/2.jpg\"><\/p>\n<h3>Szybkie \u0142adowanie<\/h3>\n<p>Przekonaj si\u0119, jak szybko Twoje urz\u0105dzenia mog\u0105 by\u0107 zn\u00f3w gotowe do pracy. Powerbank Baseus Adaman2 obs\u0142uguje szybkie \u0142adowanie PD 30 W (na porcie USB-C), mo\u017ce wi\u0119c w kr\u00f3tkim czasie przywr\u00f3ci\u0107 energi\u0119 r\u00f3\u017cnym sprz\u0119tom Apple. Przyk\u0142adowo, aby na\u0142adowa\u0107 MacBooka Air do 48% wystarczy oko\u0142o 55 minut, a iPada Pro do 100% na\u0142adujesz w oko\u0142o 110 minut. Co wi\u0119cej, porty USB powerbanku umo\u017cliwiaj\u0105 szybkie \u0142adowanie z moc\u0105 22,5 W i wspieraj\u0105 takie standardy jak PD, QC, SCP, FCP i AFC. Dzi\u0119ki temu produkt mo\u017ce w kr\u00f3tkim czasie na\u0142adowa\u0107 r\u00f3wnie\u017c smartfony Xiaomi, Samsung i nie tylko.<\/p>\n<p><img decoding=\"async\" src=\"https:\/\/b2b.innpro.pl\/data\/include\/cms\/-Baseus\/PPAD040101\/4.jpg\"><\/p>\n<h3>Na\u0142aduje 3 urz\u0105dzenia jednocze\u015bnie<\/h3>\n<p>Na\u0142aduj kilka swoich sprz\u0119t\u00f3w jednocze\u015bnie lub po\u017cycz powerbank przyjacielowi, kt\u00f3rego telefon r\u00f3wnie\u017c wymaga \u0142adowania. Model Adaman2 zosta\u0142 wyposa\u017cony w a\u017c 3 porty wyj\u015bcia &#8211; USB-C, USB1 i USB2. Dzi\u0119ki temu nie musisz czeka\u0107, a\u017c jedno urz\u0105dzenie b\u0119dzie gotowe do dzia\u0142ania, zanim pod\u0142\u0105czysz nast\u0119pne! Teraz mo\u017cesz w tym samym czasie na\u0142adowa\u0107 na przyk\u0142ad telefon, tablet i s\u0142uchawki bezprzewodowe.<\/p>\n<p><img decoding=\"async\" src=\"https:\/\/b2b.innpro.pl\/data\/include\/cms\/-Baseus\/PPAD040101\/1.jpg\"><\/p>\n<h3>Pojemno\u015b\u0107 10 000 mAh &#8211; bezproblemowe \u0142adowanie<\/h3>\n<p>Pojemno\u015b\u0107 powerbanku wynosi a\u017c 10 000 mAh. To wystarczaj\u0105co du\u017co, aby swobodnie przywraca\u0107 energi\u0119 nawet 3 urz\u0105dzeniom jednocze\u015bnie. Za pomoc\u0105 produktu mo\u017cesz na przyk\u0142ad ca\u0142kowicie na\u0142adowa\u0107 iPhone\u2019a 13 oko\u0142o 1,8 raza, Huawei P50 oko\u0142o 1,3 raza, a iPhone\u2019a 8 oko\u0142o 3 razy. Ponadto powerbank obs\u0142uguje moc wej\u015bciow\u0105 18 W, co oznacza, \u017ce przy u\u017cyciu kabla PD na\u0142adujesz go ju\u017c w oko\u0142o 3-4 godziny.<\/p>\n<p><img decoding=\"async\" src=\"https:\/\/b2b.innpro.pl\/data\/include\/cms\/-Baseus\/PPAD040101\/3.jpg\"><\/p>\n<h3>Wydajny powerbank w rozmiarze mini<\/h3>\n<p>Powerbank Baseus Adaman2 wyr\u00f3\u017cnia si\u0119 wyj\u0105tkowo por\u0119czn\u0105 konstrukcj\u0105 i kompaktowym rozmiarem &#8211; bez problemu mie\u015bci si\u0119 w d\u0142oni. Z \u0142atwo\u015bci\u0105 schowasz go w torebce, plecaku lub nawet w kieszeni! Jest te\u017c bardzo lekki &#8211; wa\u017cy zaledwie oko\u0142o 206 g. Co wi\u0119cej, urz\u0105dzenie spe\u0142nia mi\u0119dzynarodowe standardy lotnicze, co oznacza, \u017ce mo\u017cesz mie\u0107 je przy sobie na pok\u0142adzie samolotu. To idealny towarzysz podr\u00f3\u017cy!<\/p>\n<p><img decoding=\"async\" src=\"https:\/\/b2b.innpro.pl\/data\/include\/cms\/-Baseus\/PPAD040101\/5.jpg\"><\/p>\n<h3>Jeszcze wi\u0119cej udogodnie\u0144<\/h3>\n<p>Ju\u017c nie musisz si\u0119 zastanawia\u0107, jak d\u0142ugo jeszcze mo\u017cesz korzysta\u0107 z powerbanku, zanim konieczne b\u0119dzie pod\u0142\u0105czenie go do zasilania. Baseus Adaman2 zosta\u0142 wyposa\u017cony w niewielki ekran, na kt\u00f3rym wy\u015bwietlane s\u0105 informacje dotycz\u0105ce poziomu na\u0142adowania akumulatora &#8211; aby to sprawdzi\u0107, wystarczy nacisn\u0105\u0107 przycisk! Urz\u0105dzenie prezentuje si\u0119 przy tym niezwykle stylowo &#8211; matowa obudowa nadaje mu elegancki charakter i jest bardzo przyjemna w dotyku. Powerbank zapewnia te\u017c bezpiecze\u0144stwo u\u017cytkowania &#8211; jest chroniony mi\u0119dzy innymi przed zwarciem, prze\u0142adowaniem, przegrzaniem i przepi\u0119ciem.<\/p>\n<p><img decoding=\"async\" src=\"https:\/\/b2b.innpro.pl\/data\/include\/cms\/-Baseus\/PPAD040101\/6.jpg\"><\/p>\n<h3>W zestawie<\/h3>\n<ul>\n<li>Powerbank<\/li>\n<li>Kabel do \u0142adowania<\/li>\n<\/ul>\n<div class=\"table-wrapper\">\n<table>\n<tbody>\n<tr>\n<th>Producent<\/th>\n<td>Baseus<\/td>\n<\/tr>\n<tr>\n<th>Nazwa<\/th>\n<td>Powerbank Baseus Adaman2 10000mAh, 2xUSB, USB-C, 30W<\/td>\n<\/tr>\n<tr>\n<th>Model<\/th>\n<td>PPAD040101<\/td>\n<\/tr>\n<tr>\n<th>Kolor<\/th>\n<td>Czarny<\/td>\n<\/tr>\n<tr>\n<th>Typ akumulatora<\/th>\n<td>Litowo-jonowy<\/td>\n<\/tr>\n<tr>\n<th>Pojemno\u015b\u0107<\/th>\n<td>10 000 mAh<\/td>\n<\/tr>\n<tr>\n<th>Wsp\u00f3\u0142czynnik konwersji energii<\/th>\n<td>\u226575%<\/td>\n<\/tr>\n<tr>\n<th>Wej\u015bcie USB-C<\/th>\n<td>5 V &#8211; 3 A;<br \/>9 V &#8211; 2 A;<br \/>12 V &#8211; 1,5 A;<\/td>\n<\/tr>\n<tr>\n<th>Wyj\u015bcie USB-C<\/th>\n<td>5 V &#8211; 3 A;<br \/>9 V &#8211; 3 A;<br \/>12 V &#8211; 2,5 A;<br \/>15 V &#8211; 2 A;<\/td>\n<\/tr>\n<tr>\n<th>Wyj\u015bcie USB1<\/th>\n<td>4,5 V &#8211; 5 A;<br \/>5 V &#8211; 4,5 A;<br \/>5 V &#8211; 3 A;<br \/>9 V &#8211; 2 A;<br \/>12 V &#8211; 1,5 A;<\/td>\n<\/tr>\n<tr>\n<th>Wyj\u015bcie USB2<\/th>\n<td>4,5 V &#8211; 5 A;<br \/>5 V &#8211; 4,5 A;<br \/>5 V &#8211; 3 A;<br \/>9 V &#8211; 2 A;<br \/>12 V &#8211; 1,5 A;<\/td>\n<\/tr>\n<tr>\n<th>Ca\u0142kowity pr\u0105d wyj\u015bciowy<\/th>\n<td>5 V &#8211; 3 A<\/td>\n<\/tr>\n<tr>\n<th>Materia\u0142<\/th>\n<td>PC + ABS<\/td>\n<\/tr>\n<tr>\n<th>Waga<\/th>\n<td>206 g<\/td>\n<\/tr>\n<tr>\n<th>Wymiary<\/th>\n<td>111,2 x 54 x 26,5 mm<\/td>\n<\/tr>\n<\/tbody>\n<\/table>\n<\/div>\n","protected":false},"excerpt":{"rendered":"<p>Powerbank Baseus Adaman2 10 000 mAh, 2xUSB, USB-C, 30 W (czarny) Zapewnij sobie mo\u017cliwo\u015b\u0107 wygodnego \u0142adowania swoich urz\u0105dze\u0144, gdziekolwiek si\u0119<\/p>\n","protected":false},"featured_media":21734,"comment_status":"closed","ping_status":"open","template":"","meta":{"_acf_changed":false},"product_brand":[],"product_cat":[1108,1113],"product_tag":[],"class_list":{"0":"post-21733","1":"product","2":"type-product","3":"status-publish","4":"has-post-thumbnail","6":"product_cat-energia","7":"product_cat-powerbanki","8":"pa_box-height-1504","9":"pa_box-length-3535","10":"pa_box-width-3629","11":"pa_gross-weight-3630","12":"pa_hs-code-1427","13":"pa_kolor-czarny","14":"pa_ladowanie-indukcyjne-nie","15":"pa_moc-ladowania-w-1582","16":"pa_net-weight-2689","17":"pa_pojemnosc-mah-3167","19":"first","20":"outofstock","21":"taxable","22":"shipping-taxable","23":"purchasable","24":"product-type-simple"},"acf":[],"yoast_head":"<!-- This site is optimized with the Yoast SEO plugin v27.2 - https:\/\/yoast.com\/product\/yoast-seo-wordpress\/ -->\n<title>Powerbank Baseus Adaman2 10000mAh, 2xUSB, USB-C, 30W (czarny) - IRONSKY.PL Sklep z Dronami<\/title>\n<meta name=\"description\" content=\"Powerbank Baseus Adaman2 10000mAh, 2xUSB, USB-C, 30W (czarny) - \u2705 sklep z dronami i fachowym doradztwem. \u2705 Tutaj kupisz produkty DJI, Yuneec, Parrot, Syma i wiele innych, a tak\u017ce kursy i licencje na operatora drona.\" \/>\n<meta name=\"robots\" content=\"index, follow, max-snippet:-1, max-image-preview:large, max-video-preview:-1\" \/>\n<link rel=\"canonical\" href=\"https:\/\/ironsky.pl\/sklep\/produkt\/powerbank-baseus-adaman2-10000mah-2xusb-usb-c-30w-czarny\/\" \/>\n<meta property=\"og:locale\" content=\"pl_PL\" \/>\n<meta property=\"og:type\" content=\"article\" \/>\n<meta property=\"og:title\" content=\"Powerbank Baseus Adaman2 10000mAh, 2xUSB, USB-C, 30W (czarny) - IRONSKY.PL Sklep z Dronami\" \/>\n<meta property=\"og:description\" content=\"Powerbank Baseus Adaman2 10000mAh, 2xUSB, USB-C, 30W (czarny) - \u2705 sklep z dronami i fachowym doradztwem. \u2705 Tutaj kupisz produkty DJI, Yuneec, Parrot, Syma i wiele innych, a tak\u017ce kursy i licencje na operatora drona.\" \/>\n<meta property=\"og:url\" content=\"https:\/\/ironsky.pl\/sklep\/produkt\/powerbank-baseus-adaman2-10000mah-2xusb-usb-c-30w-czarny\/\" \/>\n<meta property=\"og:site_name\" content=\"IRONSKY.PL Sklep z Dronami\" \/>\n<meta property=\"article:modified_time\" content=\"2026-03-05T14:49:45+00:00\" \/>\n<meta property=\"og:image\" content=\"https:\/\/ironsky.pl\/sklep\/wp-content\/uploads\/2024\/09\/26428_1.jpg\" \/>\n\t<meta property=\"og:image:width\" content=\"1000\" \/>\n\t<meta property=\"og:image:height\" content=\"1000\" \/>\n\t<meta property=\"og:image:type\" content=\"image\/jpeg\" \/>\n<meta name=\"twitter:card\" content=\"summary_large_image\" \/>\n<meta name=\"twitter:label1\" content=\"Szacowany czas czytania\" \/>\n\t<meta name=\"twitter:data1\" content=\"3 minuty\" \/>\n<script type=\"application\/ld+json\" class=\"yoast-schema-graph\">{\"@context\":\"https:\/\/schema.org\",\"@graph\":[{\"@type\":\"WebPage\",\"@id\":\"https:\/\/ironsky.pl\/sklep\/produkt\/powerbank-baseus-adaman2-10000mah-2xusb-usb-c-30w-czarny\/\",\"url\":\"https:\/\/ironsky.pl\/sklep\/produkt\/powerbank-baseus-adaman2-10000mah-2xusb-usb-c-30w-czarny\/\",\"name\":\"Powerbank Baseus Adaman2 10000mAh, 2xUSB, USB-C, 30W (czarny) - IRONSKY.PL Sklep z Dronami\",\"isPartOf\":{\"@id\":\"https:\/\/ironsky.pl\/sklep\/#website\"},\"primaryImageOfPage\":{\"@id\":\"https:\/\/ironsky.pl\/sklep\/produkt\/powerbank-baseus-adaman2-10000mah-2xusb-usb-c-30w-czarny\/#primaryimage\"},\"image\":{\"@id\":\"https:\/\/ironsky.pl\/sklep\/produkt\/powerbank-baseus-adaman2-10000mah-2xusb-usb-c-30w-czarny\/#primaryimage\"},\"thumbnailUrl\":\"https:\/\/ironsky.pl\/sklep\/wp-content\/uploads\/2024\/09\/26428_1.jpg\",\"datePublished\":\"2024-09-16T15:50:44+00:00\",\"dateModified\":\"2026-03-05T14:49:45+00:00\",\"description\":\"Powerbank Baseus Adaman2 10000mAh, 2xUSB, USB-C, 30W (czarny) - \u2705 sklep z dronami i fachowym doradztwem. \u2705 Tutaj kupisz produkty DJI, Yuneec, Parrot, Syma i wiele innych, a tak\u017ce kursy i licencje na operatora drona.\",\"breadcrumb\":{\"@id\":\"https:\/\/ironsky.pl\/sklep\/produkt\/powerbank-baseus-adaman2-10000mah-2xusb-usb-c-30w-czarny\/#breadcrumb\"},\"inLanguage\":\"pl-PL\",\"potentialAction\":[{\"@type\":\"ReadAction\",\"target\":[\"https:\/\/ironsky.pl\/sklep\/produkt\/powerbank-baseus-adaman2-10000mah-2xusb-usb-c-30w-czarny\/\"]}]},{\"@type\":\"ImageObject\",\"inLanguage\":\"pl-PL\",\"@id\":\"https:\/\/ironsky.pl\/sklep\/produkt\/powerbank-baseus-adaman2-10000mah-2xusb-usb-c-30w-czarny\/#primaryimage\",\"url\":\"https:\/\/ironsky.pl\/sklep\/wp-content\/uploads\/2024\/09\/26428_1.jpg\",\"contentUrl\":\"https:\/\/ironsky.pl\/sklep\/wp-content\/uploads\/2024\/09\/26428_1.jpg\",\"width\":1000,\"height\":1000},{\"@type\":\"BreadcrumbList\",\"@id\":\"https:\/\/ironsky.pl\/sklep\/produkt\/powerbank-baseus-adaman2-10000mah-2xusb-usb-c-30w-czarny\/#breadcrumb\",\"itemListElement\":[{\"@type\":\"ListItem\",\"position\":1,\"name\":\"Strona g\u0142\u00f3wna\",\"item\":\"https:\/\/ironsky.pl\/sklep\/\"},{\"@type\":\"ListItem\",\"position\":2,\"name\":\"Wszystkie produkty\",\"item\":\"https:\/\/ironsky.pl\/sklep\/produkty\/\"},{\"@type\":\"ListItem\",\"position\":3,\"name\":\"Powerbank Baseus Adaman2 10000mAh, 2xUSB, USB-C, 30W (czarny)\"}]},{\"@type\":\"WebSite\",\"@id\":\"https:\/\/ironsky.pl\/sklep\/#website\",\"url\":\"https:\/\/ironsky.pl\/sklep\/\",\"name\":\"IRONSKY.PL Sklep z Dronami\",\"description\":\"IRONSKY.PL Sklep z Dronami\",\"potentialAction\":[{\"@type\":\"SearchAction\",\"target\":{\"@type\":\"EntryPoint\",\"urlTemplate\":\"https:\/\/ironsky.pl\/sklep\/?s={search_term_string}\"},\"query-input\":{\"@type\":\"PropertyValueSpecification\",\"valueRequired\":true,\"valueName\":\"search_term_string\"}}],\"inLanguage\":\"pl-PL\"}]}<\/script>\n<!-- \/ Yoast SEO plugin. -->","yoast_head_json":{"title":"Powerbank Baseus Adaman2 10000mAh, 2xUSB, USB-C, 30W (czarny) - IRONSKY.PL Sklep z Dronami","description":"Powerbank Baseus Adaman2 10000mAh, 2xUSB, USB-C, 30W (czarny) - \u2705 sklep z dronami i fachowym doradztwem. \u2705 Tutaj kupisz produkty DJI, Yuneec, Parrot, Syma i wiele innych, a tak\u017ce kursy i licencje na operatora drona.","robots":{"index":"index","follow":"follow","max-snippet":"max-snippet:-1","max-image-preview":"max-image-preview:large","max-video-preview":"max-video-preview:-1"},"canonical":"https:\/\/ironsky.pl\/sklep\/produkt\/powerbank-baseus-adaman2-10000mah-2xusb-usb-c-30w-czarny\/","og_locale":"pl_PL","og_type":"article","og_title":"Powerbank Baseus Adaman2 10000mAh, 2xUSB, USB-C, 30W (czarny) - IRONSKY.PL Sklep z Dronami","og_description":"Powerbank Baseus Adaman2 10000mAh, 2xUSB, USB-C, 30W (czarny) - \u2705 sklep z dronami i fachowym doradztwem. \u2705 Tutaj kupisz produkty DJI, Yuneec, Parrot, Syma i wiele innych, a tak\u017ce kursy i licencje na operatora drona.","og_url":"https:\/\/ironsky.pl\/sklep\/produkt\/powerbank-baseus-adaman2-10000mah-2xusb-usb-c-30w-czarny\/","og_site_name":"IRONSKY.PL Sklep z Dronami","article_modified_time":"2026-03-05T14:49:45+00:00","og_image":[{"width":1000,"height":1000,"url":"https:\/\/ironsky.pl\/sklep\/wp-content\/uploads\/2024\/09\/26428_1.jpg","type":"image\/jpeg"}],"twitter_card":"summary_large_image","twitter_misc":{"Szacowany czas czytania":"3 minuty"},"schema":{"@context":"https:\/\/schema.org","@graph":[{"@type":"WebPage","@id":"https:\/\/ironsky.pl\/sklep\/produkt\/powerbank-baseus-adaman2-10000mah-2xusb-usb-c-30w-czarny\/","url":"https:\/\/ironsky.pl\/sklep\/produkt\/powerbank-baseus-adaman2-10000mah-2xusb-usb-c-30w-czarny\/","name":"Powerbank Baseus Adaman2 10000mAh, 2xUSB, USB-C, 30W (czarny) - IRONSKY.PL Sklep z Dronami","isPartOf":{"@id":"https:\/\/ironsky.pl\/sklep\/#website"},"primaryImageOfPage":{"@id":"https:\/\/ironsky.pl\/sklep\/produkt\/powerbank-baseus-adaman2-10000mah-2xusb-usb-c-30w-czarny\/#primaryimage"},"image":{"@id":"https:\/\/ironsky.pl\/sklep\/produkt\/powerbank-baseus-adaman2-10000mah-2xusb-usb-c-30w-czarny\/#primaryimage"},"thumbnailUrl":"https:\/\/ironsky.pl\/sklep\/wp-content\/uploads\/2024\/09\/26428_1.jpg","datePublished":"2024-09-16T15:50:44+00:00","dateModified":"2026-03-05T14:49:45+00:00","description":"Powerbank Baseus Adaman2 10000mAh, 2xUSB, USB-C, 30W (czarny) - \u2705 sklep z dronami i fachowym doradztwem. \u2705 Tutaj kupisz produkty DJI, Yuneec, Parrot, Syma i wiele innych, a tak\u017ce kursy i licencje na operatora drona.","breadcrumb":{"@id":"https:\/\/ironsky.pl\/sklep\/produkt\/powerbank-baseus-adaman2-10000mah-2xusb-usb-c-30w-czarny\/#breadcrumb"},"inLanguage":"pl-PL","potentialAction":[{"@type":"ReadAction","target":["https:\/\/ironsky.pl\/sklep\/produkt\/powerbank-baseus-adaman2-10000mah-2xusb-usb-c-30w-czarny\/"]}]},{"@type":"ImageObject","inLanguage":"pl-PL","@id":"https:\/\/ironsky.pl\/sklep\/produkt\/powerbank-baseus-adaman2-10000mah-2xusb-usb-c-30w-czarny\/#primaryimage","url":"https:\/\/ironsky.pl\/sklep\/wp-content\/uploads\/2024\/09\/26428_1.jpg","contentUrl":"https:\/\/ironsky.pl\/sklep\/wp-content\/uploads\/2024\/09\/26428_1.jpg","width":1000,"height":1000},{"@type":"BreadcrumbList","@id":"https:\/\/ironsky.pl\/sklep\/produkt\/powerbank-baseus-adaman2-10000mah-2xusb-usb-c-30w-czarny\/#breadcrumb","itemListElement":[{"@type":"ListItem","position":1,"name":"Strona g\u0142\u00f3wna","item":"https:\/\/ironsky.pl\/sklep\/"},{"@type":"ListItem","position":2,"name":"Wszystkie produkty","item":"https:\/\/ironsky.pl\/sklep\/produkty\/"},{"@type":"ListItem","position":3,"name":"Powerbank Baseus Adaman2 10000mAh, 2xUSB, USB-C, 30W (czarny)"}]},{"@type":"WebSite","@id":"https:\/\/ironsky.pl\/sklep\/#website","url":"https:\/\/ironsky.pl\/sklep\/","name":"IRONSKY.PL Sklep z Dronami","description":"IRONSKY.PL Sklep z Dronami","potentialAction":[{"@type":"SearchAction","target":{"@type":"EntryPoint","urlTemplate":"https:\/\/ironsky.pl\/sklep\/?s={search_term_string}"},"query-input":{"@type":"PropertyValueSpecification","valueRequired":true,"valueName":"search_term_string"}}],"inLanguage":"pl-PL"}]}},"_links":{"self":[{"href":"https:\/\/ironsky.pl\/sklep\/wp-json\/wp\/v2\/product\/21733","targetHints":{"allow":["GET"]}}],"collection":[{"href":"https:\/\/ironsky.pl\/sklep\/wp-json\/wp\/v2\/product"}],"about":[{"href":"https:\/\/ironsky.pl\/sklep\/wp-json\/wp\/v2\/types\/product"}],"replies":[{"embeddable":true,"href":"https:\/\/ironsky.pl\/sklep\/wp-json\/wp\/v2\/comments?post=21733"}],"wp:featuredmedia":[{"embeddable":true,"href":"https:\/\/ironsky.pl\/sklep\/wp-json\/wp\/v2\/media\/21734"}],"wp:attachment":[{"href":"https:\/\/ironsky.pl\/sklep\/wp-json\/wp\/v2\/media?parent=21733"}],"wp:term":[{"taxonomy":"product_brand","embeddable":true,"href":"https:\/\/ironsky.pl\/sklep\/wp-json\/wp\/v2\/product_brand?post=21733"},{"taxonomy":"product_cat","embeddable":true,"href":"https:\/\/ironsky.pl\/sklep\/wp-json\/wp\/v2\/product_cat?post=21733"},{"taxonomy":"product_tag","embeddable":true,"href":"https:\/\/ironsky.pl\/sklep\/wp-json\/wp\/v2\/product_tag?post=21733"}],"curies":[{"name":"wp","href":"https:\/\/api.w.org\/{rel}","templated":true}]}}