{"id":21694,"date":"2024-09-16T17:50:44","date_gmt":"2024-09-16T15:50:44","guid":{"rendered":"http:\/\/gvshalph.pro-linuxpl.com\/ironskyprodukty\/produkt\/powerbank-baseus-bipow-pro-10000mah-2xusb-usb-c-20w-czarny\/"},"modified":"2026-03-05T15:49:44","modified_gmt":"2026-03-05T14:49:44","slug":"powerbank-baseus-bipow-pro-10000mah-2xusb-usb-c-20w-czarny","status":"publish","type":"product","link":"https:\/\/ironsky.pl\/sklep\/produkt\/powerbank-baseus-bipow-pro-10000mah-2xusb-usb-c-20w-czarny\/","title":{"rendered":"Powerbank Baseus Bipow Pro 10000mAh, 2xUSB, USB-C, 20W (czarny)"},"content":{"rendered":"<h3>Powerbank Baseus Bipow Pro, 10000mAh, 20W (czarny)<\/h3>\n<p>Powerbank Bipow Pro posiada akumulator o pojemno\u015bci 10000 mAh oraz ca\u0142kowitej mocy 20W. Wspiera technologi\u0119 szybkiego \u0142adowania oraz pozwala na jednoczesne \u0142adowanie do 3 urz\u0105dze\u0144. Wiele poziom\u00f3w zabezpiecze\u0144 skutecznie chroni sprz\u0119t. Kompaktowy rozmiar oraz niewielka waga sprawiaj\u0105, \u017ce mo\u017cesz go zabra\u0107 ze sob\u0105 wsz\u0119dzie. Do zestawu zosta\u0142 do\u0142\u0105czony kabel USB-USB-C.<\/p>\n<p><img decoding=\"async\" src=\"https:\/\/b2b.innpro.pl\/data\/include\/cms\/-Baseus\/PPBD040201\/3.jpg\"><\/p>\n<h3>Technologia szybkiego \u0142adowania<\/h3>\n<p>Urz\u0105dzenie Baseus obs\u0142uguje szybkie \u0142adowanie w standardzie PD, QC 3.0 oraz AFC. Dzi\u0119ki tej technologii b\u0142yskawicznie na\u0142adujesz swojego iPhone 13, Samsunga Galaxy S22+ czy Xiaomi 12! Co wi\u0119cej, za pomoc\u0105 powerbanku zasilisz energi\u0105 nie tylko sw\u00f3j smartfon \u2013 bez problemu na\u0142adujesz r\u00f3wnie\u017c swoje s\u0142uchawki bezprzewodowe czy tablet. Dodatkowo w zestawie znajdziesz praktyczny kabel USB-C.<\/p>\n<p><img decoding=\"async\" src=\"https:\/\/b2b.innpro.pl\/data\/include\/cms\/-Baseus\/PPBD040201\/5.jpg\"><\/p>\n<h3>Pojemny akumulator<\/h3>\n<p>Powerbank Bipow Pro\u00a0wyposa\u017cony zosta\u0142 w wydajny akumulator o pojemno\u015bci 10 000 mAh, kt\u00f3ry umo\u017cliwia kilkukrotnie na\u0142adowanie telefonu! Ponowne na\u0142adowanie akumulatora nie trwa d\u0142ugo \u2013 po 3-4h powerbank b\u0119dzie ponownie gotowy do pracy. Z \u0142atwo\u015bci\u0105 zasilisz go energi\u0105 przy pomocy kompatybilnej \u0142adowarki sieciowej. Ponadto na obudowie znajdziesz wbudowany ekran cyfrowy, kt\u00f3ra w czasie rzeczywistym informuje o poziomie na\u0142adowania akumulatora w procentach.<\/p>\n<p><img decoding=\"async\" src=\"https:\/\/b2b.innpro.pl\/data\/include\/cms\/-Baseus\/PPBD040201\/8.jpg\"><\/p>\n<h3>\u0141adowanie 3 urz\u0105dze\u0144 w tym samym czasie<\/h3>\n<p>Podziel si\u0119 powerbankiem z rodzin\u0105 b\u0105d\u017a znajomymi! Urz\u0105dzenie posiada 3 porty wej\u015bciowe USB, kt\u00f3re mo\u017cesz u\u017cywa\u0107 jednocze\u015bnie. Dzi\u0119ki czemu nie musisz czeka\u0107, a\u017c na\u0142adujesz jedno urz\u0105dzenie, aby pod\u0142\u0105czy\u0107 kolejne! Produkt charakteryzuje si\u0119 szerok\u0105 kompatybilno\u015bci\u0105 \u2013 wsp\u00f3\u0142pracuje z wi\u0119kszo\u015bci\u0105 dost\u0119pnych na rynku sprz\u0119t\u00f3w zasilanych przez USB-A\/USB-C. Dodatkowo umo\u017cliwia awaryjne \u0142adowanie laptop\u00f3w z moc\u0105 do 20 W.<\/p>\n<p><img decoding=\"async\" src=\"https:\/\/b2b.innpro.pl\/data\/include\/cms\/-Baseus\/PPBD040201\/7.jpg\"><\/p>\n<h3>Wielopoziomowa ochrona<\/h3>\n<p>Nie obawiaj si\u0119 zarysowa\u0144 lub uszkodze\u0144! Powerbank zosta\u0142 wykonany z trwa\u0142ych materia\u0142\u00f3w, kt\u00f3re s\u0105 w pe\u0142ni odporne na zu\u017cycie. Przeszed\u0142 szereg test\u00f3w bezpiecze\u0144stwa i zapewnia skuteczn\u0105 ochron\u0119 przed prze\u0142adowaniem, wy\u0142adowanie, przepi\u0119ciami, przegrzaniem, pr\u0105dem przet\u0119\u017ceniowym czy spi\u0119ciami. Posiada inteligentny czujnik temperatury NTC, kt\u00f3ry wykrywa temperatur\u0119 zasilacza i automatycznie dopasowuje moc. Mo\u017cesz r\u00f3wnie\u017c bez problemu zabra\u0107 go ze sob\u0105 na pok\u0142ad samolotu, poniewa\u017c spe\u0142nia wszelkie wymogi lotnicze.<\/p>\n<p><img decoding=\"async\" src=\"https:\/\/b2b.innpro.pl\/data\/include\/cms\/-Baseus\/PPBD040201\/4.jpg\"><\/p>\n<h3>W zestawie<\/h3>\n<ul>\n<li>Powerbank<\/li>\n<li>Kabel<\/li>\n<\/ul>\n<div class=\"table-wrapper\">\n<table>\n<tbody>\n<tr>\n<th>Marka<\/th>\n<td>Baseus<\/td>\n<\/tr>\n<tr>\n<th>Nazwa<\/th>\n<td>Powerbank Baseus Bipow <span>Pro<\/span>,<\/td>\n<\/tr>\n<tr>\n<th>Kolor<\/th>\n<td>Czarny<\/td>\n<\/tr>\n<tr>\n<th>Model<\/th>\n<td>PPBD040101<\/td>\n<\/tr>\n<tr>\n<th>Materia\u0142<\/th>\n<td>PC+ABS<\/td>\n<\/tr>\n<tr>\n<th>Waga<\/th>\n<td>200 g<\/td>\n<\/tr>\n<tr>\n<th>Wymiary<\/th>\n<td>132 x 62 x 19.6 mm<\/td>\n<\/tr>\n<tr>\n<th>Pojemno\u015b\u0107<\/th>\n<td>10000mAh \/ 3.7V \/ 37Wh<\/td>\n<\/tr>\n<tr>\n<th>Pojemno\u015b\u0107 znamionowa<\/th>\n<td>5800mAh (5V-3A)<\/td>\n<\/tr>\n<tr>\n<th>Sprawno\u015b\u0107 energetyczna<\/th>\n<td>\u226575%<\/td>\n<\/tr>\n<tr>\n<th>Wej\u015bcie<\/th>\n<td>5V-3A; 9V-2A<\/td>\n<\/tr>\n<tr>\n<th>Wyj\u015bcie<\/th>\n<td>5V-3A; 9V-2.22A; 12V-1.5A<\/td>\n<\/tr>\n<tr>\n<th>Wyj\u015bcie USB1\/USB2<\/th>\n<td>5V-3A; 9V-2A; 12V-1.5A<\/td>\n<\/tr>\n<tr>\n<th>Ca\u0142kowita moc wyj\u015bciowa<\/th>\n<td>5V-3A<\/td>\n<\/tr>\n<\/tbody>\n<\/table>\n<\/div>\n","protected":false},"excerpt":{"rendered":"<p>Powerbank Baseus Bipow Pro, 10000mAh, 20W (czarny) Powerbank Bipow Pro posiada akumulator o pojemno\u015bci 10000 mAh oraz ca\u0142kowitej mocy 20W.<\/p>\n","protected":false},"featured_media":21695,"comment_status":"closed","ping_status":"open","template":"","meta":{"_acf_changed":false},"product_brand":[],"product_cat":[1108,1113],"product_tag":[],"class_list":{"0":"post-21694","1":"product","2":"type-product","3":"status-publish","4":"has-post-thumbnail","6":"product_cat-energia","7":"product_cat-powerbanki","8":"pa_box-height-1786","9":"pa_box-length-3437","10":"pa_box-width-1452","11":"pa_gross-weight-2842","12":"pa_hs-code-2295","13":"pa_kolor-czarny","14":"pa_ladowanie-indukcyjne-nie","15":"pa_moc-ladowania-w-2211","16":"pa_net-weight-3624","17":"pa_pojemnosc-mah-3167","19":"first","20":"outofstock","21":"taxable","22":"shipping-taxable","23":"purchasable","24":"product-type-simple"},"acf":[],"yoast_head":"<!-- This site is optimized with the Yoast SEO plugin v27.2 - https:\/\/yoast.com\/product\/yoast-seo-wordpress\/ -->\n<title>Powerbank Baseus Bipow Pro 10000mAh, 2xUSB, USB-C, 20W (czarny) - IRONSKY.PL Sklep z Dronami<\/title>\n<meta name=\"description\" content=\"Powerbank Baseus Bipow Pro 10000mAh, 2xUSB, USB-C, 20W (czarny) - \u2705 sklep z dronami i fachowym doradztwem. \u2705 Tutaj kupisz produkty DJI, Yuneec, Parrot, Syma i wiele innych, a tak\u017ce kursy i licencje na operatora drona.\" \/>\n<meta name=\"robots\" content=\"index, follow, max-snippet:-1, max-image-preview:large, max-video-preview:-1\" \/>\n<link rel=\"canonical\" href=\"https:\/\/ironsky.pl\/sklep\/produkt\/powerbank-baseus-bipow-pro-10000mah-2xusb-usb-c-20w-czarny\/\" \/>\n<meta property=\"og:locale\" content=\"pl_PL\" \/>\n<meta property=\"og:type\" content=\"article\" \/>\n<meta property=\"og:title\" content=\"Powerbank Baseus Bipow Pro 10000mAh, 2xUSB, USB-C, 20W (czarny) - IRONSKY.PL Sklep z Dronami\" \/>\n<meta property=\"og:description\" content=\"Powerbank Baseus Bipow Pro 10000mAh, 2xUSB, USB-C, 20W (czarny) - \u2705 sklep z dronami i fachowym doradztwem. \u2705 Tutaj kupisz produkty DJI, Yuneec, Parrot, Syma i wiele innych, a tak\u017ce kursy i licencje na operatora drona.\" \/>\n<meta property=\"og:url\" content=\"https:\/\/ironsky.pl\/sklep\/produkt\/powerbank-baseus-bipow-pro-10000mah-2xusb-usb-c-20w-czarny\/\" \/>\n<meta property=\"og:site_name\" content=\"IRONSKY.PL Sklep z Dronami\" \/>\n<meta property=\"article:modified_time\" content=\"2026-03-05T14:49:44+00:00\" \/>\n<meta property=\"og:image\" content=\"https:\/\/ironsky.pl\/sklep\/wp-content\/uploads\/2024\/09\/26420_1.jpg\" \/>\n\t<meta property=\"og:image:width\" content=\"800\" \/>\n\t<meta property=\"og:image:height\" content=\"800\" \/>\n\t<meta property=\"og:image:type\" content=\"image\/jpeg\" \/>\n<meta name=\"twitter:card\" content=\"summary_large_image\" \/>\n<meta name=\"twitter:label1\" content=\"Szacowany czas czytania\" \/>\n\t<meta name=\"twitter:data1\" content=\"2 minuty\" \/>\n<script type=\"application\/ld+json\" class=\"yoast-schema-graph\">{\"@context\":\"https:\/\/schema.org\",\"@graph\":[{\"@type\":\"WebPage\",\"@id\":\"https:\/\/ironsky.pl\/sklep\/produkt\/powerbank-baseus-bipow-pro-10000mah-2xusb-usb-c-20w-czarny\/\",\"url\":\"https:\/\/ironsky.pl\/sklep\/produkt\/powerbank-baseus-bipow-pro-10000mah-2xusb-usb-c-20w-czarny\/\",\"name\":\"Powerbank Baseus Bipow Pro 10000mAh, 2xUSB, USB-C, 20W (czarny) - IRONSKY.PL Sklep z Dronami\",\"isPartOf\":{\"@id\":\"https:\/\/ironsky.pl\/sklep\/#website\"},\"primaryImageOfPage\":{\"@id\":\"https:\/\/ironsky.pl\/sklep\/produkt\/powerbank-baseus-bipow-pro-10000mah-2xusb-usb-c-20w-czarny\/#primaryimage\"},\"image\":{\"@id\":\"https:\/\/ironsky.pl\/sklep\/produkt\/powerbank-baseus-bipow-pro-10000mah-2xusb-usb-c-20w-czarny\/#primaryimage\"},\"thumbnailUrl\":\"https:\/\/ironsky.pl\/sklep\/wp-content\/uploads\/2024\/09\/26420_1.jpg\",\"datePublished\":\"2024-09-16T15:50:44+00:00\",\"dateModified\":\"2026-03-05T14:49:44+00:00\",\"description\":\"Powerbank Baseus Bipow Pro 10000mAh, 2xUSB, USB-C, 20W (czarny) - \u2705 sklep z dronami i fachowym doradztwem. \u2705 Tutaj kupisz produkty DJI, Yuneec, Parrot, Syma i wiele innych, a tak\u017ce kursy i licencje na operatora drona.\",\"breadcrumb\":{\"@id\":\"https:\/\/ironsky.pl\/sklep\/produkt\/powerbank-baseus-bipow-pro-10000mah-2xusb-usb-c-20w-czarny\/#breadcrumb\"},\"inLanguage\":\"pl-PL\",\"potentialAction\":[{\"@type\":\"ReadAction\",\"target\":[\"https:\/\/ironsky.pl\/sklep\/produkt\/powerbank-baseus-bipow-pro-10000mah-2xusb-usb-c-20w-czarny\/\"]}]},{\"@type\":\"ImageObject\",\"inLanguage\":\"pl-PL\",\"@id\":\"https:\/\/ironsky.pl\/sklep\/produkt\/powerbank-baseus-bipow-pro-10000mah-2xusb-usb-c-20w-czarny\/#primaryimage\",\"url\":\"https:\/\/ironsky.pl\/sklep\/wp-content\/uploads\/2024\/09\/26420_1.jpg\",\"contentUrl\":\"https:\/\/ironsky.pl\/sklep\/wp-content\/uploads\/2024\/09\/26420_1.jpg\",\"width\":800,\"height\":800},{\"@type\":\"BreadcrumbList\",\"@id\":\"https:\/\/ironsky.pl\/sklep\/produkt\/powerbank-baseus-bipow-pro-10000mah-2xusb-usb-c-20w-czarny\/#breadcrumb\",\"itemListElement\":[{\"@type\":\"ListItem\",\"position\":1,\"name\":\"Strona g\u0142\u00f3wna\",\"item\":\"https:\/\/ironsky.pl\/sklep\/\"},{\"@type\":\"ListItem\",\"position\":2,\"name\":\"Wszystkie produkty\",\"item\":\"https:\/\/ironsky.pl\/sklep\/produkty\/\"},{\"@type\":\"ListItem\",\"position\":3,\"name\":\"Powerbank Baseus Bipow Pro 10000mAh, 2xUSB, USB-C, 20W (czarny)\"}]},{\"@type\":\"WebSite\",\"@id\":\"https:\/\/ironsky.pl\/sklep\/#website\",\"url\":\"https:\/\/ironsky.pl\/sklep\/\",\"name\":\"IRONSKY.PL Sklep z Dronami\",\"description\":\"IRONSKY.PL Sklep z Dronami\",\"potentialAction\":[{\"@type\":\"SearchAction\",\"target\":{\"@type\":\"EntryPoint\",\"urlTemplate\":\"https:\/\/ironsky.pl\/sklep\/?s={search_term_string}\"},\"query-input\":{\"@type\":\"PropertyValueSpecification\",\"valueRequired\":true,\"valueName\":\"search_term_string\"}}],\"inLanguage\":\"pl-PL\"}]}<\/script>\n<!-- \/ Yoast SEO plugin. -->","yoast_head_json":{"title":"Powerbank Baseus Bipow Pro 10000mAh, 2xUSB, USB-C, 20W (czarny) - IRONSKY.PL Sklep z Dronami","description":"Powerbank Baseus Bipow Pro 10000mAh, 2xUSB, USB-C, 20W (czarny) - \u2705 sklep z dronami i fachowym doradztwem. \u2705 Tutaj kupisz produkty DJI, Yuneec, Parrot, Syma i wiele innych, a tak\u017ce kursy i licencje na operatora drona.","robots":{"index":"index","follow":"follow","max-snippet":"max-snippet:-1","max-image-preview":"max-image-preview:large","max-video-preview":"max-video-preview:-1"},"canonical":"https:\/\/ironsky.pl\/sklep\/produkt\/powerbank-baseus-bipow-pro-10000mah-2xusb-usb-c-20w-czarny\/","og_locale":"pl_PL","og_type":"article","og_title":"Powerbank Baseus Bipow Pro 10000mAh, 2xUSB, USB-C, 20W (czarny) - IRONSKY.PL Sklep z Dronami","og_description":"Powerbank Baseus Bipow Pro 10000mAh, 2xUSB, USB-C, 20W (czarny) - \u2705 sklep z dronami i fachowym doradztwem. \u2705 Tutaj kupisz produkty DJI, Yuneec, Parrot, Syma i wiele innych, a tak\u017ce kursy i licencje na operatora drona.","og_url":"https:\/\/ironsky.pl\/sklep\/produkt\/powerbank-baseus-bipow-pro-10000mah-2xusb-usb-c-20w-czarny\/","og_site_name":"IRONSKY.PL Sklep z Dronami","article_modified_time":"2026-03-05T14:49:44+00:00","og_image":[{"width":800,"height":800,"url":"https:\/\/ironsky.pl\/sklep\/wp-content\/uploads\/2024\/09\/26420_1.jpg","type":"image\/jpeg"}],"twitter_card":"summary_large_image","twitter_misc":{"Szacowany czas czytania":"2 minuty"},"schema":{"@context":"https:\/\/schema.org","@graph":[{"@type":"WebPage","@id":"https:\/\/ironsky.pl\/sklep\/produkt\/powerbank-baseus-bipow-pro-10000mah-2xusb-usb-c-20w-czarny\/","url":"https:\/\/ironsky.pl\/sklep\/produkt\/powerbank-baseus-bipow-pro-10000mah-2xusb-usb-c-20w-czarny\/","name":"Powerbank Baseus Bipow Pro 10000mAh, 2xUSB, USB-C, 20W (czarny) - IRONSKY.PL Sklep z Dronami","isPartOf":{"@id":"https:\/\/ironsky.pl\/sklep\/#website"},"primaryImageOfPage":{"@id":"https:\/\/ironsky.pl\/sklep\/produkt\/powerbank-baseus-bipow-pro-10000mah-2xusb-usb-c-20w-czarny\/#primaryimage"},"image":{"@id":"https:\/\/ironsky.pl\/sklep\/produkt\/powerbank-baseus-bipow-pro-10000mah-2xusb-usb-c-20w-czarny\/#primaryimage"},"thumbnailUrl":"https:\/\/ironsky.pl\/sklep\/wp-content\/uploads\/2024\/09\/26420_1.jpg","datePublished":"2024-09-16T15:50:44+00:00","dateModified":"2026-03-05T14:49:44+00:00","description":"Powerbank Baseus Bipow Pro 10000mAh, 2xUSB, USB-C, 20W (czarny) - \u2705 sklep z dronami i fachowym doradztwem. \u2705 Tutaj kupisz produkty DJI, Yuneec, Parrot, Syma i wiele innych, a tak\u017ce kursy i licencje na operatora drona.","breadcrumb":{"@id":"https:\/\/ironsky.pl\/sklep\/produkt\/powerbank-baseus-bipow-pro-10000mah-2xusb-usb-c-20w-czarny\/#breadcrumb"},"inLanguage":"pl-PL","potentialAction":[{"@type":"ReadAction","target":["https:\/\/ironsky.pl\/sklep\/produkt\/powerbank-baseus-bipow-pro-10000mah-2xusb-usb-c-20w-czarny\/"]}]},{"@type":"ImageObject","inLanguage":"pl-PL","@id":"https:\/\/ironsky.pl\/sklep\/produkt\/powerbank-baseus-bipow-pro-10000mah-2xusb-usb-c-20w-czarny\/#primaryimage","url":"https:\/\/ironsky.pl\/sklep\/wp-content\/uploads\/2024\/09\/26420_1.jpg","contentUrl":"https:\/\/ironsky.pl\/sklep\/wp-content\/uploads\/2024\/09\/26420_1.jpg","width":800,"height":800},{"@type":"BreadcrumbList","@id":"https:\/\/ironsky.pl\/sklep\/produkt\/powerbank-baseus-bipow-pro-10000mah-2xusb-usb-c-20w-czarny\/#breadcrumb","itemListElement":[{"@type":"ListItem","position":1,"name":"Strona g\u0142\u00f3wna","item":"https:\/\/ironsky.pl\/sklep\/"},{"@type":"ListItem","position":2,"name":"Wszystkie produkty","item":"https:\/\/ironsky.pl\/sklep\/produkty\/"},{"@type":"ListItem","position":3,"name":"Powerbank Baseus Bipow Pro 10000mAh, 2xUSB, USB-C, 20W (czarny)"}]},{"@type":"WebSite","@id":"https:\/\/ironsky.pl\/sklep\/#website","url":"https:\/\/ironsky.pl\/sklep\/","name":"IRONSKY.PL Sklep z Dronami","description":"IRONSKY.PL Sklep z Dronami","potentialAction":[{"@type":"SearchAction","target":{"@type":"EntryPoint","urlTemplate":"https:\/\/ironsky.pl\/sklep\/?s={search_term_string}"},"query-input":{"@type":"PropertyValueSpecification","valueRequired":true,"valueName":"search_term_string"}}],"inLanguage":"pl-PL"}]}},"_links":{"self":[{"href":"https:\/\/ironsky.pl\/sklep\/wp-json\/wp\/v2\/product\/21694","targetHints":{"allow":["GET"]}}],"collection":[{"href":"https:\/\/ironsky.pl\/sklep\/wp-json\/wp\/v2\/product"}],"about":[{"href":"https:\/\/ironsky.pl\/sklep\/wp-json\/wp\/v2\/types\/product"}],"replies":[{"embeddable":true,"href":"https:\/\/ironsky.pl\/sklep\/wp-json\/wp\/v2\/comments?post=21694"}],"wp:featuredmedia":[{"embeddable":true,"href":"https:\/\/ironsky.pl\/sklep\/wp-json\/wp\/v2\/media\/21695"}],"wp:attachment":[{"href":"https:\/\/ironsky.pl\/sklep\/wp-json\/wp\/v2\/media?parent=21694"}],"wp:term":[{"taxonomy":"product_brand","embeddable":true,"href":"https:\/\/ironsky.pl\/sklep\/wp-json\/wp\/v2\/product_brand?post=21694"},{"taxonomy":"product_cat","embeddable":true,"href":"https:\/\/ironsky.pl\/sklep\/wp-json\/wp\/v2\/product_cat?post=21694"},{"taxonomy":"product_tag","embeddable":true,"href":"https:\/\/ironsky.pl\/sklep\/wp-json\/wp\/v2\/product_tag?post=21694"}],"curies":[{"name":"wp","href":"https:\/\/api.w.org\/{rel}","templated":true}]}}