{"id":21662,"date":"2024-09-16T17:50:44","date_gmt":"2024-09-16T15:50:44","guid":{"rendered":"http:\/\/gvshalph.pro-linuxpl.com\/ironskyprodukty\/produkt\/powerbank-romoss-pea40pf-40000mah-22-5w-czarny\/"},"modified":"2026-03-05T15:49:44","modified_gmt":"2026-03-05T14:49:44","slug":"powerbank-romoss-pea40pf-40000mah-22-5w-czarny","status":"publish","type":"product","link":"https:\/\/ironsky.pl\/sklep\/produkt\/powerbank-romoss-pea40pf-40000mah-22-5w-czarny\/","title":{"rendered":"Powerbank Romoss PEA40PF 40000mAh, 22.5W (czarny)"},"content":{"rendered":"<h3>Powerbank Romoss PEA40PF 40000mAh, 22.5W (czarny)<\/h3>\n<p>Ju\u017c nie musisz czeka\u0107 w niesko\u0144czono\u015b\u0107, a\u017c Tw\u00f3j smartfon si\u0119 na\u0142aduje. Powerbank Romoss pozwala \u0142adowa\u0107 3 urz\u0105dzenia jednocze\u015bnie, dzi\u0119ki czemu zaoszcz\u0119dzisz czas. Obs\u0142uguje te\u017c protoko\u0142y szybkiego \u0142adowania, a wy\u015bwietlacz LED dostarczy Ci najwa\u017cniejszych informacji dotycz\u0105cych pracy urz\u0105dzenia. Co wi\u0119cej, PEA40PF wyposa\u017cono w szereg zabezpiecze\u0144, zatem masz pewno\u015b\u0107, \u017ce jego u\u017cytkowanie jest bezpieczne.<\/p>\n<p><img decoding=\"async\" src=\"https:\/\/b2b.innpro.pl\/data\/include\/cms\/Romoss\/Powerbank-PEA40PF-40000mAh-black\/1.jpg\"><\/p>\n<h3>Niezawodny<\/h3>\n<p>Powerbank Romoss sprawdzi si\u0119 w r\u00f3\u017cnych sytuacjach. Mo\u017cesz go zabra\u0107 na wakacje, w podr\u00f3\u017c, na uczelni\u0119, czy do pracy. Z powodzeniem wykorzystasz go r\u00f3wnie\u017c podczas nagrywania transmisji na \u017cywo, vlog\u00f3w czy podczas nag\u0142ej przerwy w dostawie pr\u0105du. Ponadto pojemno\u015b\u0107 40000 mAh pozwala korzysta\u0107 z PEA40PF na jednym na\u0142adowaniu a\u017c przez 10 dni. To wystarczy, aby na\u0142adowa\u0107 Vivo X9 ok. 8 razy, a Huawei P10 ok. 7 razy. <\/p>\n<p><img decoding=\"async\" src=\"https:\/\/b2b.innpro.pl\/data\/include\/cms\/Romoss\/Powerbank-PEA40PF-40000mAh-black\/5.jpg\"><\/p>\n<h3>Szybkie \u0142adowanie<\/h3>\n<p>Powerbank Romoss obs\u0142uguje takie protoko\u0142y szybkiego \u0142adowania jak PD, FCP, SCP, AFC czy QC, dzi\u0119ki czemu szybko odnowisz energi\u0119 swojego urz\u0105dzenia. Wystarczy oko\u0142o 30 min, aby na\u0142adowa\u0107 Huawei P40 do 60 %, a iPhone\u2019a 13 do 55%. Ponadto posiada takie porty jak USB-C i x2 USB, dzi\u0119ki czemu mo\u017cesz \u0142adowa\u0107 3 urz\u0105dzenia jednocze\u015bnie. Je\u015bli natomiast chcesz na\u0142adowa\u0107 PEA40PF, skorzystaj z port\u00f3w: micro USB, Lightning lub USB-C. Po oko\u0142o 12 h b\u0119dzie gotowy do dalszej pracy.<\/p>\n<p><img decoding=\"async\" src=\"https:\/\/b2b.innpro.pl\/data\/include\/cms\/Romoss\/Powerbank-PEA40PF-40000mAh-black\/6.jpg\"><\/p>\n<h3>Szereg zabezpiecze\u0144<\/h3>\n<p>Korzystaj z PEA40PF i miej pewno\u015b\u0107, \u017ce Twoje urz\u0105dzenie jest bezpieczne. Powerbank Romoss zosta\u0142 wyposa\u017cony w a\u017c 10 zabezpiecze\u0144, w tym przed nadmiernym roz\u0142adowaniem, prze\u0142adowaniem, przepi\u0119ciem, zwarciem, odwrotn\u0105 polaryzacj\u0105, itp. Nie musisz si\u0119 zatem obawia\u0107 o uszkodzenie sprz\u0119tu. <\/p>\n<p><img decoding=\"async\" src=\"https:\/\/b2b.innpro.pl\/data\/include\/cms\/Romoss\/Powerbank-PEA40PF-40000mAh-black\/10.jpg\"><\/p>\n<h3>Przemy\u015blana konstrukcja<\/h3>\n<p>PEA40PF zosta\u0142 wyposa\u017cony w wy\u015bwietlacz LED, kt\u00f3ry dostarczy Ci informacji o pracy urz\u0105dzenia. Wystarczy rzuci\u0107 okiem, aby sprawdzi\u0107 poziom akumulatora, nat\u0119\u017cenie i napi\u0119cie. Ponadto matowe wyko\u0144czenie sprawia, \u017ce powerbank doskonale lezy w d\u0142oni i doskonale si\u0119 prezentuje.  <\/p>\n<p><img decoding=\"async\" src=\"https:\/\/b2b.innpro.pl\/data\/include\/cms\/Romoss\/Powerbank-PEA40PF-40000mAh-black\/3.jpg\"><\/p>\n<h3>W zestawie<\/h3>\n<ul>\n<li>powerbank<\/li>\n<li>kabel USB<\/li>\n<li>instrukcja obs\u0142ugi<\/li>\n<\/ul>\n<div class=\"table-wrapper\">\n<table>\n<tbody>\n<tr>\n<th>Producent<\/th>\n<td>Romoss<\/td>\n<\/tr>\n<tr>\n<th>Model<\/th>\n<td>PEA40PF<\/td>\n<\/tr>\n<tr>\n<th>Kolor<\/th>\n<td>czarny<\/td>\n<\/tr>\n<tr>\n<th>Pojemno\u015b\u0107<\/th>\n<td>40000 mAh<\/td>\n<\/tr>\n<tr>\n<th>Pojemno\u015b\u0107 znamionowa<\/th>\n<td>24000 mAh<\/td>\n<\/tr>\n<tr>\n<th>Napi\u0119cie wej\u015bciowe<\/th>\n<td>USB-C: 5V\/3A, 9V\/2A; micro USB: 5V\/2A, 9V\/2A; Lightning: 5V\/2A, 9V\/2A<\/td>\n<\/tr>\n<tr>\n<th>Napi\u0119cie wyj\u015bciowe<\/th>\n<td>5V\/3A, 9V\/2.22A, 12V\/1.5A, 4.5V\/5A, 5V\/4.5A, 9V\/2A, 12V\/1.5A<\/td>\n<\/tr>\n<tr>\n<th>Waga<\/th>\n<td>~916 mg<\/td>\n<\/tr>\n<tr>\n<th>Wymiary<\/th>\n<td>169.5 x 81.5 x 44 mm<\/td>\n<\/tr>\n<\/tbody>\n<\/table>\n<\/div>\n","protected":false},"excerpt":{"rendered":"<p>Powerbank Romoss PEA40PF 40000mAh, 22.5W (czarny) Ju\u017c nie musisz czeka\u0107 w niesko\u0144czono\u015b\u0107, a\u017c Tw\u00f3j smartfon si\u0119 na\u0142aduje. Powerbank Romoss pozwala<\/p>\n","protected":false},"featured_media":21663,"comment_status":"closed","ping_status":"open","template":"","meta":{"_acf_changed":false},"product_brand":[],"product_cat":[1108,1113],"product_tag":[],"class_list":{"0":"post-21662","1":"product","2":"type-product","3":"status-publish","4":"has-post-thumbnail","6":"product_cat-energia","7":"product_cat-powerbanki","8":"pa_box-height-1326","9":"pa_box-length-1403","10":"pa_box-width-1325","11":"pa_gross-weight-3445","12":"pa_hs-code-1427","13":"pa_kolor-czarny","14":"pa_ladowanie-indukcyjne-nie","15":"pa_moc-ladowania-w-22-5","16":"pa_net-weight-3444","17":"pa_pojemnosc-mah-3446","19":"first","20":"outofstock","21":"taxable","22":"shipping-taxable","23":"purchasable","24":"product-type-simple"},"acf":[],"yoast_head":"<!-- This site is optimized with the Yoast SEO plugin v27.2 - https:\/\/yoast.com\/product\/yoast-seo-wordpress\/ -->\n<title>Powerbank Romoss PEA40PF 40000mAh, 22.5W (czarny) - IRONSKY.PL Sklep z Dronami<\/title>\n<meta name=\"description\" content=\"Powerbank Romoss PEA40PF 40000mAh, 22.5W (czarny) - \u2705 sklep z dronami i fachowym doradztwem. \u2705 Tutaj kupisz produkty DJI, Yuneec, Parrot, Syma i wiele innych, a tak\u017ce kursy i licencje na operatora drona.\" \/>\n<meta name=\"robots\" content=\"index, follow, max-snippet:-1, max-image-preview:large, max-video-preview:-1\" \/>\n<link rel=\"canonical\" href=\"https:\/\/ironsky.pl\/sklep\/produkt\/powerbank-romoss-pea40pf-40000mah-22-5w-czarny\/\" \/>\n<meta property=\"og:locale\" content=\"pl_PL\" \/>\n<meta property=\"og:type\" content=\"article\" \/>\n<meta property=\"og:title\" content=\"Powerbank Romoss PEA40PF 40000mAh, 22.5W (czarny) - IRONSKY.PL Sklep z Dronami\" \/>\n<meta property=\"og:description\" content=\"Powerbank Romoss PEA40PF 40000mAh, 22.5W (czarny) - \u2705 sklep z dronami i fachowym doradztwem. \u2705 Tutaj kupisz produkty DJI, Yuneec, Parrot, Syma i wiele innych, a tak\u017ce kursy i licencje na operatora drona.\" \/>\n<meta property=\"og:url\" content=\"https:\/\/ironsky.pl\/sklep\/produkt\/powerbank-romoss-pea40pf-40000mah-22-5w-czarny\/\" \/>\n<meta property=\"og:site_name\" content=\"IRONSKY.PL Sklep z Dronami\" \/>\n<meta property=\"article:modified_time\" content=\"2026-03-05T14:49:44+00:00\" \/>\n<meta property=\"og:image\" content=\"https:\/\/ironsky.pl\/sklep\/wp-content\/uploads\/2024\/09\/25633_1.jpg\" \/>\n\t<meta property=\"og:image:width\" content=\"800\" \/>\n\t<meta property=\"og:image:height\" content=\"800\" \/>\n\t<meta property=\"og:image:type\" content=\"image\/jpeg\" \/>\n<meta name=\"twitter:card\" content=\"summary_large_image\" \/>\n<meta name=\"twitter:label1\" content=\"Szacowany czas czytania\" \/>\n\t<meta name=\"twitter:data1\" content=\"2 minuty\" \/>\n<script type=\"application\/ld+json\" class=\"yoast-schema-graph\">{\"@context\":\"https:\/\/schema.org\",\"@graph\":[{\"@type\":\"WebPage\",\"@id\":\"https:\/\/ironsky.pl\/sklep\/produkt\/powerbank-romoss-pea40pf-40000mah-22-5w-czarny\/\",\"url\":\"https:\/\/ironsky.pl\/sklep\/produkt\/powerbank-romoss-pea40pf-40000mah-22-5w-czarny\/\",\"name\":\"Powerbank Romoss PEA40PF 40000mAh, 22.5W (czarny) - IRONSKY.PL Sklep z Dronami\",\"isPartOf\":{\"@id\":\"https:\/\/ironsky.pl\/sklep\/#website\"},\"primaryImageOfPage\":{\"@id\":\"https:\/\/ironsky.pl\/sklep\/produkt\/powerbank-romoss-pea40pf-40000mah-22-5w-czarny\/#primaryimage\"},\"image\":{\"@id\":\"https:\/\/ironsky.pl\/sklep\/produkt\/powerbank-romoss-pea40pf-40000mah-22-5w-czarny\/#primaryimage\"},\"thumbnailUrl\":\"https:\/\/ironsky.pl\/sklep\/wp-content\/uploads\/2024\/09\/25633_1.jpg\",\"datePublished\":\"2024-09-16T15:50:44+00:00\",\"dateModified\":\"2026-03-05T14:49:44+00:00\",\"description\":\"Powerbank Romoss PEA40PF 40000mAh, 22.5W (czarny) - \u2705 sklep z dronami i fachowym doradztwem. \u2705 Tutaj kupisz produkty DJI, Yuneec, Parrot, Syma i wiele innych, a tak\u017ce kursy i licencje na operatora drona.\",\"breadcrumb\":{\"@id\":\"https:\/\/ironsky.pl\/sklep\/produkt\/powerbank-romoss-pea40pf-40000mah-22-5w-czarny\/#breadcrumb\"},\"inLanguage\":\"pl-PL\",\"potentialAction\":[{\"@type\":\"ReadAction\",\"target\":[\"https:\/\/ironsky.pl\/sklep\/produkt\/powerbank-romoss-pea40pf-40000mah-22-5w-czarny\/\"]}]},{\"@type\":\"ImageObject\",\"inLanguage\":\"pl-PL\",\"@id\":\"https:\/\/ironsky.pl\/sklep\/produkt\/powerbank-romoss-pea40pf-40000mah-22-5w-czarny\/#primaryimage\",\"url\":\"https:\/\/ironsky.pl\/sklep\/wp-content\/uploads\/2024\/09\/25633_1.jpg\",\"contentUrl\":\"https:\/\/ironsky.pl\/sklep\/wp-content\/uploads\/2024\/09\/25633_1.jpg\",\"width\":800,\"height\":800},{\"@type\":\"BreadcrumbList\",\"@id\":\"https:\/\/ironsky.pl\/sklep\/produkt\/powerbank-romoss-pea40pf-40000mah-22-5w-czarny\/#breadcrumb\",\"itemListElement\":[{\"@type\":\"ListItem\",\"position\":1,\"name\":\"Strona g\u0142\u00f3wna\",\"item\":\"https:\/\/ironsky.pl\/sklep\/\"},{\"@type\":\"ListItem\",\"position\":2,\"name\":\"Wszystkie produkty\",\"item\":\"https:\/\/ironsky.pl\/sklep\/produkty\/\"},{\"@type\":\"ListItem\",\"position\":3,\"name\":\"Powerbank Romoss PEA40PF 40000mAh, 22.5W (czarny)\"}]},{\"@type\":\"WebSite\",\"@id\":\"https:\/\/ironsky.pl\/sklep\/#website\",\"url\":\"https:\/\/ironsky.pl\/sklep\/\",\"name\":\"IRONSKY.PL Sklep z Dronami\",\"description\":\"IRONSKY.PL Sklep z Dronami\",\"potentialAction\":[{\"@type\":\"SearchAction\",\"target\":{\"@type\":\"EntryPoint\",\"urlTemplate\":\"https:\/\/ironsky.pl\/sklep\/?s={search_term_string}\"},\"query-input\":{\"@type\":\"PropertyValueSpecification\",\"valueRequired\":true,\"valueName\":\"search_term_string\"}}],\"inLanguage\":\"pl-PL\"}]}<\/script>\n<!-- \/ Yoast SEO plugin. -->","yoast_head_json":{"title":"Powerbank Romoss PEA40PF 40000mAh, 22.5W (czarny) - IRONSKY.PL Sklep z Dronami","description":"Powerbank Romoss PEA40PF 40000mAh, 22.5W (czarny) - \u2705 sklep z dronami i fachowym doradztwem. \u2705 Tutaj kupisz produkty DJI, Yuneec, Parrot, Syma i wiele innych, a tak\u017ce kursy i licencje na operatora drona.","robots":{"index":"index","follow":"follow","max-snippet":"max-snippet:-1","max-image-preview":"max-image-preview:large","max-video-preview":"max-video-preview:-1"},"canonical":"https:\/\/ironsky.pl\/sklep\/produkt\/powerbank-romoss-pea40pf-40000mah-22-5w-czarny\/","og_locale":"pl_PL","og_type":"article","og_title":"Powerbank Romoss PEA40PF 40000mAh, 22.5W (czarny) - IRONSKY.PL Sklep z Dronami","og_description":"Powerbank Romoss PEA40PF 40000mAh, 22.5W (czarny) - \u2705 sklep z dronami i fachowym doradztwem. \u2705 Tutaj kupisz produkty DJI, Yuneec, Parrot, Syma i wiele innych, a tak\u017ce kursy i licencje na operatora drona.","og_url":"https:\/\/ironsky.pl\/sklep\/produkt\/powerbank-romoss-pea40pf-40000mah-22-5w-czarny\/","og_site_name":"IRONSKY.PL Sklep z Dronami","article_modified_time":"2026-03-05T14:49:44+00:00","og_image":[{"width":800,"height":800,"url":"https:\/\/ironsky.pl\/sklep\/wp-content\/uploads\/2024\/09\/25633_1.jpg","type":"image\/jpeg"}],"twitter_card":"summary_large_image","twitter_misc":{"Szacowany czas czytania":"2 minuty"},"schema":{"@context":"https:\/\/schema.org","@graph":[{"@type":"WebPage","@id":"https:\/\/ironsky.pl\/sklep\/produkt\/powerbank-romoss-pea40pf-40000mah-22-5w-czarny\/","url":"https:\/\/ironsky.pl\/sklep\/produkt\/powerbank-romoss-pea40pf-40000mah-22-5w-czarny\/","name":"Powerbank Romoss PEA40PF 40000mAh, 22.5W (czarny) - IRONSKY.PL Sklep z Dronami","isPartOf":{"@id":"https:\/\/ironsky.pl\/sklep\/#website"},"primaryImageOfPage":{"@id":"https:\/\/ironsky.pl\/sklep\/produkt\/powerbank-romoss-pea40pf-40000mah-22-5w-czarny\/#primaryimage"},"image":{"@id":"https:\/\/ironsky.pl\/sklep\/produkt\/powerbank-romoss-pea40pf-40000mah-22-5w-czarny\/#primaryimage"},"thumbnailUrl":"https:\/\/ironsky.pl\/sklep\/wp-content\/uploads\/2024\/09\/25633_1.jpg","datePublished":"2024-09-16T15:50:44+00:00","dateModified":"2026-03-05T14:49:44+00:00","description":"Powerbank Romoss PEA40PF 40000mAh, 22.5W (czarny) - \u2705 sklep z dronami i fachowym doradztwem. \u2705 Tutaj kupisz produkty DJI, Yuneec, Parrot, Syma i wiele innych, a tak\u017ce kursy i licencje na operatora drona.","breadcrumb":{"@id":"https:\/\/ironsky.pl\/sklep\/produkt\/powerbank-romoss-pea40pf-40000mah-22-5w-czarny\/#breadcrumb"},"inLanguage":"pl-PL","potentialAction":[{"@type":"ReadAction","target":["https:\/\/ironsky.pl\/sklep\/produkt\/powerbank-romoss-pea40pf-40000mah-22-5w-czarny\/"]}]},{"@type":"ImageObject","inLanguage":"pl-PL","@id":"https:\/\/ironsky.pl\/sklep\/produkt\/powerbank-romoss-pea40pf-40000mah-22-5w-czarny\/#primaryimage","url":"https:\/\/ironsky.pl\/sklep\/wp-content\/uploads\/2024\/09\/25633_1.jpg","contentUrl":"https:\/\/ironsky.pl\/sklep\/wp-content\/uploads\/2024\/09\/25633_1.jpg","width":800,"height":800},{"@type":"BreadcrumbList","@id":"https:\/\/ironsky.pl\/sklep\/produkt\/powerbank-romoss-pea40pf-40000mah-22-5w-czarny\/#breadcrumb","itemListElement":[{"@type":"ListItem","position":1,"name":"Strona g\u0142\u00f3wna","item":"https:\/\/ironsky.pl\/sklep\/"},{"@type":"ListItem","position":2,"name":"Wszystkie produkty","item":"https:\/\/ironsky.pl\/sklep\/produkty\/"},{"@type":"ListItem","position":3,"name":"Powerbank Romoss PEA40PF 40000mAh, 22.5W (czarny)"}]},{"@type":"WebSite","@id":"https:\/\/ironsky.pl\/sklep\/#website","url":"https:\/\/ironsky.pl\/sklep\/","name":"IRONSKY.PL Sklep z Dronami","description":"IRONSKY.PL Sklep z Dronami","potentialAction":[{"@type":"SearchAction","target":{"@type":"EntryPoint","urlTemplate":"https:\/\/ironsky.pl\/sklep\/?s={search_term_string}"},"query-input":{"@type":"PropertyValueSpecification","valueRequired":true,"valueName":"search_term_string"}}],"inLanguage":"pl-PL"}]}},"_links":{"self":[{"href":"https:\/\/ironsky.pl\/sklep\/wp-json\/wp\/v2\/product\/21662","targetHints":{"allow":["GET"]}}],"collection":[{"href":"https:\/\/ironsky.pl\/sklep\/wp-json\/wp\/v2\/product"}],"about":[{"href":"https:\/\/ironsky.pl\/sklep\/wp-json\/wp\/v2\/types\/product"}],"replies":[{"embeddable":true,"href":"https:\/\/ironsky.pl\/sklep\/wp-json\/wp\/v2\/comments?post=21662"}],"wp:featuredmedia":[{"embeddable":true,"href":"https:\/\/ironsky.pl\/sklep\/wp-json\/wp\/v2\/media\/21663"}],"wp:attachment":[{"href":"https:\/\/ironsky.pl\/sklep\/wp-json\/wp\/v2\/media?parent=21662"}],"wp:term":[{"taxonomy":"product_brand","embeddable":true,"href":"https:\/\/ironsky.pl\/sklep\/wp-json\/wp\/v2\/product_brand?post=21662"},{"taxonomy":"product_cat","embeddable":true,"href":"https:\/\/ironsky.pl\/sklep\/wp-json\/wp\/v2\/product_cat?post=21662"},{"taxonomy":"product_tag","embeddable":true,"href":"https:\/\/ironsky.pl\/sklep\/wp-json\/wp\/v2\/product_tag?post=21662"}],"curies":[{"name":"wp","href":"https:\/\/api.w.org\/{rel}","templated":true}]}}