{"id":21630,"date":"2024-09-16T17:49:18","date_gmt":"2024-09-16T15:49:18","guid":{"rendered":"http:\/\/gvshalph.pro-linuxpl.com\/ironskyprodukty\/produkt\/powerbank-romoss-sense6ps-pro-20000mah-30w-bialy\/"},"modified":"2026-03-05T15:49:43","modified_gmt":"2026-03-05T14:49:43","slug":"powerbank-romoss-sense6ps-pro-20000mah-30w-bialy","status":"publish","type":"product","link":"https:\/\/ironsky.pl\/sklep\/produkt\/powerbank-romoss-sense6ps-pro-20000mah-30w-bialy\/","title":{"rendered":"Powerbank Romoss Sense6PS Pro 20000mAh, 30W (bia\u0142y)"},"content":{"rendered":"<h3>Powerbank Romoss Sense6PS Pro 20000mAh, 30W (bia\u0142y)<\/h3>\n<p>Skorzystaj z Romoss Sense6PS Pro, gdy w pobli\u017cu brakuje \u017ar\u00f3d\u0142a zasilania. Powerbank Romoss obs\u0142uguje protoko\u0142y szybkiego \u0142adowania, a dzi\u0119ki szeregowi zabezpiecze\u0144 korzystanie z niego jest w pe\u0142ni bezpieczne. Wyposa\u017cony w 3 porty wyj\u015bciowe umo\u017cliwia \u0142adowanie kilku urz\u0105dze\u0144 jednocze\u015bnie. Dodatkowo jest kompatybilny z wi\u0119kszo\u015bci\u0105 smartfon\u00f3w i tablet\u00f3w popularnych marek.<\/p>\n<p><img decoding=\"async\" src=\"https:\/\/b2b.innpro.pl\/data\/include\/cms\/Romoss\/Powerbank-Sense6PS-Pro-20000mAh-white\/5.jpg\"><\/p>\n<h3>B\u0142yskawiczne \u0142adowanie<\/h3>\n<p>Ju\u017c nie musisz czeka\u0107 w niesko\u0144czono\u015b\u0107, a\u017c Tw\u00f3j smartfon si\u0119 na\u0142aduje. Powerbank obs\u0142uguje protoko\u0142y szybkiego \u0142adowania. Dzi\u0119ki temu b\u0142yskawicznie na\u0142adujesz akumulator swojego urz\u0105dzenia.<\/p>\n<p><img decoding=\"async\" src=\"https:\/\/b2b.innpro.pl\/data\/include\/cms\/Romoss\/Powerbank-Sense6PS-Pro-20000mAh-white\/2.jpg\"><\/p>\n<h3>Bezpiecze\u0144stwo<\/h3>\n<p>Powerbank zosta\u0142 zaprojektowany tak, aby korzystanie z niego by\u0142o w pe\u0142ni bezpieczne. Urz\u0105dzenie jest chronione przed prze\u0142adowaniem, przet\u0119\u017ceniem, nadmiernym roz\u0142adowaniem, przepi\u0119ciem, zwarciem, itp. Dodatkowo mo\u017cesz z niego korzysta\u0107 r\u00f3wnie\u017c podczas podr\u00f3\u017cy samolotem.<\/p>\n<p><img decoding=\"async\" src=\"https:\/\/b2b.innpro.pl\/data\/include\/cms\/Romoss\/Powerbank-Sense6PS-Pro-20000mAh-white\/1.jpg\"><\/p>\n<h3>Wiele port\u00f3w<\/h3>\n<p>Model Sense6PS Pro posiada 3 porty wyj\u015bciowe: jeden USB-C oraz dwa USB. Oznacza to, \u017ce mo\u017cesz \u0142adowa\u0107 3 urz\u0105dzenia jednocze\u015bnie, na przyk\u0142ad, smartfon, tablet i konsol\u0119. Opr\u00f3cz tego zosta\u0142 wyposa\u017cony w 3 porty wej\u015bciowe: USB-C, Lightning i micro USB, do kt\u00f3rych pod\u0142\u0105czysz kabel i na\u0142adujesz powerbanka.<\/p>\n<p><img decoding=\"async\" src=\"https:\/\/b2b.innpro.pl\/data\/include\/cms\/Romoss\/Powerbank-Sense6PS-Pro-20000mAh-white\/6.jpg\"><\/p>\n<h3>D\u0142ugi czas pracy<\/h3>\n<p>Pojemno\u015b\u0107 akumulatora powerbanka wynosi 20 000 mAh, dzi\u0119ki czemu na jednym na\u0142adowaniu mo\u017ce odnowi\u0107 energi\u0119 urz\u0105dzenia wielokrotnie. Ponadto czas \u0142adowania Sense6PS Pro wynosi oko\u0142o 4.5 godziny. <\/p>\n<p><img decoding=\"async\" src=\"https:\/\/b2b.innpro.pl\/data\/include\/cms\/Romoss\/Powerbank-Sense6PS-Pro-20000mAh-white\/8.jpg\"><\/p>\n<h3>Szeroka kompatybilno\u015b\u0107<\/h3>\n<p>Kolejn\u0105 zalet\u0105 produktu Romoss jest szeroka kompatybilno\u015b\u0107. Powerbank wsp\u00f3\u0142pracuje z takimi urz\u0105dzeniami jak smartfony i tablety z systemami operacyjnymi Android i iOS, na przyk\u0142ad Samsung, Xiaomi, Huawei czy iPhone. <\/p>\n<p><img decoding=\"async\" src=\"https:\/\/b2b.innpro.pl\/data\/include\/cms\/Romoss\/Powerbank-Sense6PS-Pro-20000mAh-white\/7.jpg\"><\/p>\n<h3>Elegancka, wytrzyma\u0142a konstrukcja<\/h3>\n<p>Powerbank zosta\u0142 wykonany z przyjaznych dla \u015brodowiska materia\u0142\u00f3w, jest r\u00f3wnie\u017c odporny na drobne uszkodzenia i zarysowania. Ponadto wy\u015bwietlacz LED poinformuje Ci\u0119 o aktualnym poziomie akumulatora. Jego lekka i kompaktowa konstrukcja u\u0142atwi przechowywanie.<\/p>\n<p><img decoding=\"async\" src=\"https:\/\/b2b.innpro.pl\/data\/include\/cms\/Romoss\/Powerbank-Sense6PS-Pro-20000mAh-white\/4.jpg\"><\/p>\n<h3>W zestawie:<\/h3>\n<ul>\n<li>Powerbank <\/li>\n<li>Kabel <\/li>\n<li>Instrukcja obs\u0142ugi<\/li>\n<\/ul>\n<div class=\"table-wrapper\">\n<table>\n<tbody>\n<tr>\n<th>Marka <\/th>\n<td>Romoss<\/td>\n<\/tr>\n<tr>\n<th>Model <\/th>\n<td>Sense6PS Pro<\/td>\n<\/tr>\n<tr>\n<th>Pojemno\u015b\u0107<\/th>\n<td>20000mAh<\/td>\n<\/tr>\n<tr>\n<th>Waga <\/th>\n<td>oko\u0142o 408 g<\/td>\n<\/tr>\n<tr>\n<th>Wymiary <\/th>\n<td>148 x 67.6 x 28.5 mm<\/td>\n<\/tr>\n<tr>\n<th>Kolor <\/th>\n<td>bia\u0142y<\/td>\n<\/tr>\n<tr>\n<th>Porty wej\u015bciowe <\/th>\n<td>micro USB: 5V\/2A, 9\/2A, Lightning: 5V\/2A, 9V\/2A, USB-C: 5V\/3A, 9V\/3A, 12V\/2.5A, 15V\/2A, 20V\/1.5A<\/td>\n<\/tr>\n<tr>\n<th>Porty wyj\u015bciowe <\/th>\n<td>4.5V\/5A, 5V\/4.5A,9V\/2A, 12V\/1.5A, USB-C: 5V\/3A, 9V\/3A, 12V\/2.5A, 15V\/2A, 20V\/1.5A<\/td>\n<\/tr>\n<tr>\n<th>Szybkie \u0142adowanie <\/th>\n<td>30 W<\/td>\n<\/tr>\n<\/tbody>\n<\/table>\n<\/div>\n","protected":false},"excerpt":{"rendered":"<p>Powerbank Romoss Sense6PS Pro 20000mAh, 30W (bia\u0142y) Skorzystaj z Romoss Sense6PS Pro, gdy w pobli\u017cu brakuje \u017ar\u00f3d\u0142a zasilania. Powerbank Romoss<\/p>\n","protected":false},"featured_media":21631,"comment_status":"closed","ping_status":"open","template":"","meta":{"_acf_changed":false},"product_brand":[],"product_cat":[1108,1113],"product_tag":[],"class_list":{"0":"post-21630","1":"product","2":"type-product","3":"status-publish","4":"has-post-thumbnail","6":"product_cat-energia","7":"product_cat-powerbanki","8":"pa_box-height-2404","9":"pa_box-length-1507","10":"pa_box-width-1673","11":"pa_gross-weight-3419","12":"pa_hs-code-1427","13":"pa_kolor-bialy","14":"pa_ladowanie-indukcyjne-nie","15":"pa_moc-ladowania-w-1582","16":"pa_net-weight-1954","17":"pa_pojemnosc-mah-2623","19":"first","20":"outofstock","21":"taxable","22":"shipping-taxable","23":"purchasable","24":"product-type-simple"},"acf":[],"yoast_head":"<!-- This site is optimized with the Yoast SEO plugin v27.2 - https:\/\/yoast.com\/product\/yoast-seo-wordpress\/ -->\n<title>Powerbank Romoss Sense6PS Pro 20000mAh, 30W (bia\u0142y) - IRONSKY.PL Sklep z Dronami<\/title>\n<meta name=\"description\" content=\"Powerbank Romoss Sense6PS Pro 20000mAh, 30W (bia\u0142y) - \u2705 sklep z dronami i fachowym doradztwem. \u2705 Tutaj kupisz produkty DJI, Yuneec, Parrot, Syma i wiele innych, a tak\u017ce kursy i licencje na operatora drona.\" \/>\n<meta name=\"robots\" content=\"index, follow, max-snippet:-1, max-image-preview:large, max-video-preview:-1\" \/>\n<link rel=\"canonical\" href=\"https:\/\/ironsky.pl\/sklep\/produkt\/powerbank-romoss-sense6ps-pro-20000mah-30w-bialy\/\" \/>\n<meta property=\"og:locale\" content=\"pl_PL\" \/>\n<meta property=\"og:type\" content=\"article\" \/>\n<meta property=\"og:title\" content=\"Powerbank Romoss Sense6PS Pro 20000mAh, 30W (bia\u0142y) - IRONSKY.PL Sklep z Dronami\" \/>\n<meta property=\"og:description\" content=\"Powerbank Romoss Sense6PS Pro 20000mAh, 30W (bia\u0142y) - \u2705 sklep z dronami i fachowym doradztwem. \u2705 Tutaj kupisz produkty DJI, Yuneec, Parrot, Syma i wiele innych, a tak\u017ce kursy i licencje na operatora drona.\" \/>\n<meta property=\"og:url\" content=\"https:\/\/ironsky.pl\/sklep\/produkt\/powerbank-romoss-sense6ps-pro-20000mah-30w-bialy\/\" \/>\n<meta property=\"og:site_name\" content=\"IRONSKY.PL Sklep z Dronami\" \/>\n<meta property=\"article:modified_time\" content=\"2026-03-05T14:49:43+00:00\" \/>\n<meta property=\"og:image\" content=\"https:\/\/ironsky.pl\/sklep\/wp-content\/uploads\/2024\/09\/25618_1.jpg\" \/>\n\t<meta property=\"og:image:width\" content=\"800\" \/>\n\t<meta property=\"og:image:height\" content=\"800\" \/>\n\t<meta property=\"og:image:type\" content=\"image\/jpeg\" \/>\n<meta name=\"twitter:card\" content=\"summary_large_image\" \/>\n<meta name=\"twitter:label1\" content=\"Szacowany czas czytania\" \/>\n\t<meta name=\"twitter:data1\" content=\"2 minuty\" \/>\n<script type=\"application\/ld+json\" class=\"yoast-schema-graph\">{\"@context\":\"https:\/\/schema.org\",\"@graph\":[{\"@type\":\"WebPage\",\"@id\":\"https:\/\/ironsky.pl\/sklep\/produkt\/powerbank-romoss-sense6ps-pro-20000mah-30w-bialy\/\",\"url\":\"https:\/\/ironsky.pl\/sklep\/produkt\/powerbank-romoss-sense6ps-pro-20000mah-30w-bialy\/\",\"name\":\"Powerbank Romoss Sense6PS Pro 20000mAh, 30W (bia\u0142y) - IRONSKY.PL Sklep z Dronami\",\"isPartOf\":{\"@id\":\"https:\/\/ironsky.pl\/sklep\/#website\"},\"primaryImageOfPage\":{\"@id\":\"https:\/\/ironsky.pl\/sklep\/produkt\/powerbank-romoss-sense6ps-pro-20000mah-30w-bialy\/#primaryimage\"},\"image\":{\"@id\":\"https:\/\/ironsky.pl\/sklep\/produkt\/powerbank-romoss-sense6ps-pro-20000mah-30w-bialy\/#primaryimage\"},\"thumbnailUrl\":\"https:\/\/ironsky.pl\/sklep\/wp-content\/uploads\/2024\/09\/25618_1.jpg\",\"datePublished\":\"2024-09-16T15:49:18+00:00\",\"dateModified\":\"2026-03-05T14:49:43+00:00\",\"description\":\"Powerbank Romoss Sense6PS Pro 20000mAh, 30W (bia\u0142y) - \u2705 sklep z dronami i fachowym doradztwem. \u2705 Tutaj kupisz produkty DJI, Yuneec, Parrot, Syma i wiele innych, a tak\u017ce kursy i licencje na operatora drona.\",\"breadcrumb\":{\"@id\":\"https:\/\/ironsky.pl\/sklep\/produkt\/powerbank-romoss-sense6ps-pro-20000mah-30w-bialy\/#breadcrumb\"},\"inLanguage\":\"pl-PL\",\"potentialAction\":[{\"@type\":\"ReadAction\",\"target\":[\"https:\/\/ironsky.pl\/sklep\/produkt\/powerbank-romoss-sense6ps-pro-20000mah-30w-bialy\/\"]}]},{\"@type\":\"ImageObject\",\"inLanguage\":\"pl-PL\",\"@id\":\"https:\/\/ironsky.pl\/sklep\/produkt\/powerbank-romoss-sense6ps-pro-20000mah-30w-bialy\/#primaryimage\",\"url\":\"https:\/\/ironsky.pl\/sklep\/wp-content\/uploads\/2024\/09\/25618_1.jpg\",\"contentUrl\":\"https:\/\/ironsky.pl\/sklep\/wp-content\/uploads\/2024\/09\/25618_1.jpg\",\"width\":800,\"height\":800},{\"@type\":\"BreadcrumbList\",\"@id\":\"https:\/\/ironsky.pl\/sklep\/produkt\/powerbank-romoss-sense6ps-pro-20000mah-30w-bialy\/#breadcrumb\",\"itemListElement\":[{\"@type\":\"ListItem\",\"position\":1,\"name\":\"Strona g\u0142\u00f3wna\",\"item\":\"https:\/\/ironsky.pl\/sklep\/\"},{\"@type\":\"ListItem\",\"position\":2,\"name\":\"Wszystkie produkty\",\"item\":\"https:\/\/ironsky.pl\/sklep\/produkty\/\"},{\"@type\":\"ListItem\",\"position\":3,\"name\":\"Powerbank Romoss Sense6PS Pro 20000mAh, 30W (bia\u0142y)\"}]},{\"@type\":\"WebSite\",\"@id\":\"https:\/\/ironsky.pl\/sklep\/#website\",\"url\":\"https:\/\/ironsky.pl\/sklep\/\",\"name\":\"IRONSKY.PL Sklep z Dronami\",\"description\":\"IRONSKY.PL Sklep z Dronami\",\"potentialAction\":[{\"@type\":\"SearchAction\",\"target\":{\"@type\":\"EntryPoint\",\"urlTemplate\":\"https:\/\/ironsky.pl\/sklep\/?s={search_term_string}\"},\"query-input\":{\"@type\":\"PropertyValueSpecification\",\"valueRequired\":true,\"valueName\":\"search_term_string\"}}],\"inLanguage\":\"pl-PL\"}]}<\/script>\n<!-- \/ Yoast SEO plugin. -->","yoast_head_json":{"title":"Powerbank Romoss Sense6PS Pro 20000mAh, 30W (bia\u0142y) - IRONSKY.PL Sklep z Dronami","description":"Powerbank Romoss Sense6PS Pro 20000mAh, 30W (bia\u0142y) - \u2705 sklep z dronami i fachowym doradztwem. \u2705 Tutaj kupisz produkty DJI, Yuneec, Parrot, Syma i wiele innych, a tak\u017ce kursy i licencje na operatora drona.","robots":{"index":"index","follow":"follow","max-snippet":"max-snippet:-1","max-image-preview":"max-image-preview:large","max-video-preview":"max-video-preview:-1"},"canonical":"https:\/\/ironsky.pl\/sklep\/produkt\/powerbank-romoss-sense6ps-pro-20000mah-30w-bialy\/","og_locale":"pl_PL","og_type":"article","og_title":"Powerbank Romoss Sense6PS Pro 20000mAh, 30W (bia\u0142y) - IRONSKY.PL Sklep z Dronami","og_description":"Powerbank Romoss Sense6PS Pro 20000mAh, 30W (bia\u0142y) - \u2705 sklep z dronami i fachowym doradztwem. \u2705 Tutaj kupisz produkty DJI, Yuneec, Parrot, Syma i wiele innych, a tak\u017ce kursy i licencje na operatora drona.","og_url":"https:\/\/ironsky.pl\/sklep\/produkt\/powerbank-romoss-sense6ps-pro-20000mah-30w-bialy\/","og_site_name":"IRONSKY.PL Sklep z Dronami","article_modified_time":"2026-03-05T14:49:43+00:00","og_image":[{"width":800,"height":800,"url":"https:\/\/ironsky.pl\/sklep\/wp-content\/uploads\/2024\/09\/25618_1.jpg","type":"image\/jpeg"}],"twitter_card":"summary_large_image","twitter_misc":{"Szacowany czas czytania":"2 minuty"},"schema":{"@context":"https:\/\/schema.org","@graph":[{"@type":"WebPage","@id":"https:\/\/ironsky.pl\/sklep\/produkt\/powerbank-romoss-sense6ps-pro-20000mah-30w-bialy\/","url":"https:\/\/ironsky.pl\/sklep\/produkt\/powerbank-romoss-sense6ps-pro-20000mah-30w-bialy\/","name":"Powerbank Romoss Sense6PS Pro 20000mAh, 30W (bia\u0142y) - IRONSKY.PL Sklep z Dronami","isPartOf":{"@id":"https:\/\/ironsky.pl\/sklep\/#website"},"primaryImageOfPage":{"@id":"https:\/\/ironsky.pl\/sklep\/produkt\/powerbank-romoss-sense6ps-pro-20000mah-30w-bialy\/#primaryimage"},"image":{"@id":"https:\/\/ironsky.pl\/sklep\/produkt\/powerbank-romoss-sense6ps-pro-20000mah-30w-bialy\/#primaryimage"},"thumbnailUrl":"https:\/\/ironsky.pl\/sklep\/wp-content\/uploads\/2024\/09\/25618_1.jpg","datePublished":"2024-09-16T15:49:18+00:00","dateModified":"2026-03-05T14:49:43+00:00","description":"Powerbank Romoss Sense6PS Pro 20000mAh, 30W (bia\u0142y) - \u2705 sklep z dronami i fachowym doradztwem. \u2705 Tutaj kupisz produkty DJI, Yuneec, Parrot, Syma i wiele innych, a tak\u017ce kursy i licencje na operatora drona.","breadcrumb":{"@id":"https:\/\/ironsky.pl\/sklep\/produkt\/powerbank-romoss-sense6ps-pro-20000mah-30w-bialy\/#breadcrumb"},"inLanguage":"pl-PL","potentialAction":[{"@type":"ReadAction","target":["https:\/\/ironsky.pl\/sklep\/produkt\/powerbank-romoss-sense6ps-pro-20000mah-30w-bialy\/"]}]},{"@type":"ImageObject","inLanguage":"pl-PL","@id":"https:\/\/ironsky.pl\/sklep\/produkt\/powerbank-romoss-sense6ps-pro-20000mah-30w-bialy\/#primaryimage","url":"https:\/\/ironsky.pl\/sklep\/wp-content\/uploads\/2024\/09\/25618_1.jpg","contentUrl":"https:\/\/ironsky.pl\/sklep\/wp-content\/uploads\/2024\/09\/25618_1.jpg","width":800,"height":800},{"@type":"BreadcrumbList","@id":"https:\/\/ironsky.pl\/sklep\/produkt\/powerbank-romoss-sense6ps-pro-20000mah-30w-bialy\/#breadcrumb","itemListElement":[{"@type":"ListItem","position":1,"name":"Strona g\u0142\u00f3wna","item":"https:\/\/ironsky.pl\/sklep\/"},{"@type":"ListItem","position":2,"name":"Wszystkie produkty","item":"https:\/\/ironsky.pl\/sklep\/produkty\/"},{"@type":"ListItem","position":3,"name":"Powerbank Romoss Sense6PS Pro 20000mAh, 30W (bia\u0142y)"}]},{"@type":"WebSite","@id":"https:\/\/ironsky.pl\/sklep\/#website","url":"https:\/\/ironsky.pl\/sklep\/","name":"IRONSKY.PL Sklep z Dronami","description":"IRONSKY.PL Sklep z Dronami","potentialAction":[{"@type":"SearchAction","target":{"@type":"EntryPoint","urlTemplate":"https:\/\/ironsky.pl\/sklep\/?s={search_term_string}"},"query-input":{"@type":"PropertyValueSpecification","valueRequired":true,"valueName":"search_term_string"}}],"inLanguage":"pl-PL"}]}},"_links":{"self":[{"href":"https:\/\/ironsky.pl\/sklep\/wp-json\/wp\/v2\/product\/21630","targetHints":{"allow":["GET"]}}],"collection":[{"href":"https:\/\/ironsky.pl\/sklep\/wp-json\/wp\/v2\/product"}],"about":[{"href":"https:\/\/ironsky.pl\/sklep\/wp-json\/wp\/v2\/types\/product"}],"replies":[{"embeddable":true,"href":"https:\/\/ironsky.pl\/sklep\/wp-json\/wp\/v2\/comments?post=21630"}],"wp:featuredmedia":[{"embeddable":true,"href":"https:\/\/ironsky.pl\/sklep\/wp-json\/wp\/v2\/media\/21631"}],"wp:attachment":[{"href":"https:\/\/ironsky.pl\/sklep\/wp-json\/wp\/v2\/media?parent=21630"}],"wp:term":[{"taxonomy":"product_brand","embeddable":true,"href":"https:\/\/ironsky.pl\/sklep\/wp-json\/wp\/v2\/product_brand?post=21630"},{"taxonomy":"product_cat","embeddable":true,"href":"https:\/\/ironsky.pl\/sklep\/wp-json\/wp\/v2\/product_cat?post=21630"},{"taxonomy":"product_tag","embeddable":true,"href":"https:\/\/ironsky.pl\/sklep\/wp-json\/wp\/v2\/product_tag?post=21630"}],"curies":[{"name":"wp","href":"https:\/\/api.w.org\/{rel}","templated":true}]}}