{"id":21552,"date":"2024-09-16T17:49:18","date_gmt":"2024-09-16T15:49:18","guid":{"rendered":"http:\/\/gvshalph.pro-linuxpl.com\/ironskyprodukty\/produkt\/panel-fotowoltaiczny-bigblue-b406-80w\/"},"modified":"2026-03-05T15:49:41","modified_gmt":"2026-03-05T14:49:41","slug":"panel-fotowoltaiczny-bigblue-b406-80w","status":"publish","type":"product","link":"https:\/\/ironsky.pl\/sklep\/produkt\/panel-fotowoltaiczny-bigblue-b406-80w\/","title":{"rendered":"Panel fotowoltaiczny BigBlue B406 80W"},"content":{"rendered":"<h3>Panel fotowoltaiczny \/ \u0142adowarka solarna BigBlue B406<\/h3>\n<p>Teraz mo\u017cesz bez przeszk\u00f3d \u0142adowa\u0107 swoje urz\u0105dzenia za pomoc\u0105 og\u00f3lnodost\u0119pnej, ekologicznej i darmowej energii s\u0142onecznej. \u0141adowarka solarna BigBlue B406 wyr\u00f3\u017cnia si\u0119 sprawno\u015bci\u0105 na poziomie nawet 22,5% i jest kompatybilna z wieloma urz\u0105dzeniami. Zosta\u0142a wyposa\u017cona w porty takie jak USB, USB-C oraz DC. Zapewnia te\u017c bezpiecze\u0144stwo u\u017cytkowania. Dzi\u0119ki sk\u0142adanej konstrukcji jej transport nie sprawi Ci problemu.<\/p>\n<p><img decoding=\"async\" src=\"https:\/\/b2b.innpro.pl\/data\/include\/cms\/BigBlue\/B406\/4.jpg\"><\/p>\n<h3>Niesamowita wydajno\u015b\u0107<\/h3>\n<p>BigBlue pozwoli Ci czerpa\u0107 jeszcze wi\u0119cej energii ze s\u0142o\u0144ca. Sprawno\u015b\u0107 \u0142adowarki solarnej B406 si\u0119ga 22,5%, co oznacza, \u017ce za jej pomoc\u0105 mo\u017cesz bez przeszk\u00f3d zasila\u0107 wybrane sprz\u0119ty &#8211; nie obawiaj si\u0119, \u017ce zabraknie Ci pr\u0105du. Korzystaj\u0105c z energii s\u0142onecznej, nie tylko wybierasz przyjazne dla \u015brodowiska rozwi\u0105zania, ale te\u017c oszcz\u0119dzasz pieni\u0105dze. Po\u017cegnaj wysokie rachunki! Uwaga: produkt umo\u017cliwia \u0142adowanie urz\u0105dze\u0144, ale nie magazynuje energii elektrycznej.<\/p>\n<p><img decoding=\"async\" src=\"https:\/\/b2b.innpro.pl\/data\/include\/cms\/BigBlue\/B406\/5.jpg\"><\/p>\n<h3>Bezpiecze\u0144stwo u\u017cytkowania<\/h3>\n<p>Nie obawiaj si\u0119 uszkodzenia \u0142adowarki lub pod\u0142\u0105czonych do niej urz\u0105dze\u0144. B406 obs\u0142uguje inteligentn\u0105 technologi\u0119 Smart IC, kt\u00f3ra zapewnia niezb\u0119dne bezpiecze\u0144stwo u\u017cytkowania i odpowiada za niezawodny przep\u0142yw energii elektrycznej przez porty USB. Produkt jest te\u017c chroniony przed przeci\u0105\u017ceniem, pr\u0105dem przet\u0119\u017ceniowym i zwarciem. Mo\u017cesz wi\u0119c bez obaw u\u017cywa\u0107 go do zasilania wybranych sprz\u0119t\u00f3w.<\/p>\n<p><img decoding=\"async\" src=\"https:\/\/b2b.innpro.pl\/data\/include\/cms\/BigBlue\/B406\/6.jpg\"><\/p>\n<h3>Przeno\u015bna i praktyczna<\/h3>\n<p>\u0141adowarka solarna BigBlue B406 mo\u017ce Ci towarzyszy\u0107 niemal wsz\u0119dzie. Sk\u0142adana konstrukcja i praktyczne uchwyty sprawiaj\u0105, \u017ce jej transport nie sprawi Ci problemu. Co wi\u0119cej, specjalne podp\u00f3rki z mo\u017cliwo\u015bci\u0105 regulacji w zakresie 45\u00b0 pozwalaj\u0105 ustawi\u0107 \u0142adowark\u0119 pod optymalnym k\u0105tem. Ponadto zapinana kiesze\u0144 umo\u017cliwia przechowywanie niewielkich przedmiot\u00f3w, na przyk\u0142ad kabli i z\u0142\u0105czy. Zabierz \u0142adowark\u0119 na pla\u017c\u0119 lub kemping i korzystaj z og\u00f3lnodost\u0119pnej energii s\u0142onecznej, gdy tylko b\u0119dziesz tego potrzebowa\u0107!<\/p>\n<p><img decoding=\"async\" src=\"https:\/\/b2b.innpro.pl\/data\/include\/cms\/BigBlue\/B406\/1.jpg\"><\/p>\n<h3>Szeroka kompatybilno\u015b\u0107<\/h3>\n<p>\u0141aduj sw\u00f3j sprz\u0119t przy u\u017cyciu energii s\u0142onecznej. B406 zosta\u0142a wyposa\u017cona w porty USB, USB z funkcj\u0105 szybkiego \u0142adowania QC3.0, USB-C PD oraz DC. Zestaw zawiera te\u017c odpowiednie kable i r\u00f3\u017cnego rodzaju z\u0142\u0105cza. Dzi\u0119ki temu mo\u017cesz pod\u0142\u0105czy\u0107 do \u0142adowarki wiele r\u00f3\u017cnych urz\u0105dze\u0144. Za jej pomoc\u0105 na\u0142adujesz mi\u0119dzy innymi telefon, tablet, g\u0142o\u015bnik bezprzewodowy, konsol\u0119 Nintendo Switch, a nawet przeno\u015bn\u0105 stacj\u0119 zasilania. Niemal nic Ci\u0119 nie ogranicza!<\/p>\n<p><img decoding=\"async\" src=\"https:\/\/b2b.innpro.pl\/data\/include\/cms\/BigBlue\/B406\/2.jpg\"><\/p>\n<h3>W zestawie<\/h3>\n<ul>\n<li>\u0141adowarka solarna<\/li>\n<li>Kabel DC do DC<\/li>\n<li>Kabel DC do SAE<\/li>\n<li>Kabel SAE z zaciskami do akumulatora<\/li>\n<li>Kabel DC ze z\u0142\u0105czem Andersona<\/li>\n<li>Zestaw z\u0142\u0105czy 10 w 1 (A\/6,5&#215;1,4 mm, B\/6,5&#215;3,0 mm, L\/3,0&#215;1,1 mm, C\/5,5&#215;2,5 mm, E\/5,5&#215;1,7 mm, F\/5,5&#215;1,7 mm, G\/4,8&#215;1,7 mm, H\/3,5&#215;1,35 mm, I\/2,5&#215;0,7 mm, K\/7,9&#215;0,9 mm)<\/li>\n<li>Instrukcja obs\u0142ugi<\/li>\n<\/ul>\n<div class=\"table-wrapper\">\n<table>\n<tbody>\n<tr>\n<th>Producent<\/th>\n<td>BigBlue<\/td>\n<\/tr>\n<tr>\n<th>Model<\/th>\n<td>B406<\/td>\n<\/tr>\n<tr>\n<th>Rodzaj ogniwa<\/th>\n<td>Monokrystaliczne<\/td>\n<\/tr>\n<tr>\n<th>Moc maksymalna<\/th>\n<td>80 W<\/td>\n<\/tr>\n<tr>\n<th>Sprawno\u015b\u0107<\/th>\n<td>Do 22,5%<\/td>\n<\/tr>\n<tr>\n<th>Porty wyj\u015bciowe<\/th>\n<td>DC, 2x USB-A, USB-C<\/td>\n<\/tr>\n<tr>\n<th>Wyj\u015bcie USB<\/th>\n<td>5 V \/ 2,4 A maks.<\/td>\n<\/tr>\n<tr>\n<th>Wyj\u015bcie USB (szybkie \u0142adowanie)<\/th>\n<td>5 V &#8211; 3 A \/ 9 V &#8211; 2 A \/ 12 V &#8211; 1,5 A<\/td>\n<\/tr>\n<tr>\n<th>Wyj\u015bcie USB-C<\/th>\n<td>PD 30 W<\/td>\n<\/tr>\n<tr>\n<th>Wyj\u015bcie DC<\/th>\n<td>12-18 V \/ 4,5 A maks.<\/td>\n<\/tr>\n<tr>\n<th>Napi\u0119cie obwodu otwartego (Voc)<\/th>\n<td>21 V<\/td>\n<\/tr>\n<tr>\n<th>Maks. napi\u0119cie robocze<\/th>\n<td>18 V<\/td>\n<\/tr>\n<tr>\n<th>Pr\u0105d zwarciowy (Isc)<\/th>\n<td>4,65 A<\/td>\n<\/tr>\n<tr>\n<th>Maks. nat\u0119\u017cenie robocze<\/th>\n<td>4,44 A<\/td>\n<\/tr>\n<tr>\n<th>Wymiary po z\u0142o\u017ceniu<\/th>\n<td>416 x 410 x 40 mm<\/td>\n<\/tr>\n<tr>\n<th>Wymiary po roz\u0142o\u017ceniu<\/th>\n<td>1512 x 416 x 5 mm<\/td>\n<\/tr>\n<tr>\n<th>Waga<\/th>\n<td>Ok. 3,58 kg<\/td>\n<\/tr>\n<\/tbody>\n<\/table>\n<\/div>\n","protected":false},"excerpt":{"rendered":"<p>Panel fotowoltaiczny \/ \u0142adowarka solarna BigBlue B406 Teraz mo\u017cesz bez przeszk\u00f3d \u0142adowa\u0107 swoje urz\u0105dzenia za pomoc\u0105 og\u00f3lnodost\u0119pnej, ekologicznej i darmowej<\/p>\n","protected":false},"featured_media":21553,"comment_status":"closed","ping_status":"open","template":"","meta":{"_acf_changed":false},"product_brand":[],"product_cat":[1108,1110],"product_tag":[],"class_list":{"0":"post-21552","1":"product","2":"type-product","3":"status-publish","4":"has-post-thumbnail","6":"product_cat-energia","7":"product_cat-panele-fotowoltaiczne","8":"pa_box-height-1892","9":"pa_box-length-3229","10":"pa_box-width-3228","11":"pa_gross-weight-3230","12":"pa_hs-code-1348","13":"pa_moc-znamionowa-w-3234","14":"pa_napiecie-znamionowe-v-3233","15":"pa_natezenie-znamionowe-a-4-44","16":"pa_net-weight-3227","17":"pa_typ-skladane","18":"pa_waga-kg-3-58","20":"first","21":"outofstock","22":"taxable","23":"shipping-taxable","24":"purchasable","25":"product-type-simple"},"acf":[],"yoast_head":"<!-- This site is optimized with the Yoast SEO plugin v27.2 - https:\/\/yoast.com\/product\/yoast-seo-wordpress\/ -->\n<title>Panel fotowoltaiczny BigBlue B406 80W - IRONSKY.PL Sklep z Dronami<\/title>\n<meta name=\"description\" content=\"Panel fotowoltaiczny BigBlue B406 80W - \u2705 sklep z dronami i fachowym doradztwem. \u2705 Tutaj kupisz produkty DJI, Yuneec, Parrot, Syma i wiele innych, a tak\u017ce kursy i licencje na operatora drona.\" \/>\n<meta name=\"robots\" content=\"index, follow, max-snippet:-1, max-image-preview:large, max-video-preview:-1\" \/>\n<link rel=\"canonical\" href=\"https:\/\/ironsky.pl\/sklep\/produkt\/panel-fotowoltaiczny-bigblue-b406-80w\/\" \/>\n<meta property=\"og:locale\" content=\"pl_PL\" \/>\n<meta property=\"og:type\" content=\"article\" \/>\n<meta property=\"og:title\" content=\"Panel fotowoltaiczny BigBlue B406 80W - IRONSKY.PL Sklep z Dronami\" \/>\n<meta property=\"og:description\" content=\"Panel fotowoltaiczny BigBlue B406 80W - \u2705 sklep z dronami i fachowym doradztwem. \u2705 Tutaj kupisz produkty DJI, Yuneec, Parrot, Syma i wiele innych, a tak\u017ce kursy i licencje na operatora drona.\" \/>\n<meta property=\"og:url\" content=\"https:\/\/ironsky.pl\/sklep\/produkt\/panel-fotowoltaiczny-bigblue-b406-80w\/\" \/>\n<meta property=\"og:site_name\" content=\"IRONSKY.PL Sklep z Dronami\" \/>\n<meta property=\"article:modified_time\" content=\"2026-03-05T14:49:41+00:00\" \/>\n<meta property=\"og:image\" content=\"https:\/\/ironsky.pl\/sklep\/wp-content\/uploads\/2024\/09\/24513_1.jpg\" \/>\n\t<meta property=\"og:image:width\" content=\"800\" \/>\n\t<meta property=\"og:image:height\" content=\"800\" \/>\n\t<meta property=\"og:image:type\" content=\"image\/jpeg\" \/>\n<meta name=\"twitter:card\" content=\"summary_large_image\" \/>\n<meta name=\"twitter:label1\" content=\"Szacowany czas czytania\" \/>\n\t<meta name=\"twitter:data1\" content=\"3 minuty\" \/>\n<script type=\"application\/ld+json\" class=\"yoast-schema-graph\">{\"@context\":\"https:\/\/schema.org\",\"@graph\":[{\"@type\":\"WebPage\",\"@id\":\"https:\/\/ironsky.pl\/sklep\/produkt\/panel-fotowoltaiczny-bigblue-b406-80w\/\",\"url\":\"https:\/\/ironsky.pl\/sklep\/produkt\/panel-fotowoltaiczny-bigblue-b406-80w\/\",\"name\":\"Panel fotowoltaiczny BigBlue B406 80W - IRONSKY.PL Sklep z Dronami\",\"isPartOf\":{\"@id\":\"https:\/\/ironsky.pl\/sklep\/#website\"},\"primaryImageOfPage\":{\"@id\":\"https:\/\/ironsky.pl\/sklep\/produkt\/panel-fotowoltaiczny-bigblue-b406-80w\/#primaryimage\"},\"image\":{\"@id\":\"https:\/\/ironsky.pl\/sklep\/produkt\/panel-fotowoltaiczny-bigblue-b406-80w\/#primaryimage\"},\"thumbnailUrl\":\"https:\/\/ironsky.pl\/sklep\/wp-content\/uploads\/2024\/09\/24513_1.jpg\",\"datePublished\":\"2024-09-16T15:49:18+00:00\",\"dateModified\":\"2026-03-05T14:49:41+00:00\",\"description\":\"Panel fotowoltaiczny BigBlue B406 80W - \u2705 sklep z dronami i fachowym doradztwem. \u2705 Tutaj kupisz produkty DJI, Yuneec, Parrot, Syma i wiele innych, a tak\u017ce kursy i licencje na operatora drona.\",\"breadcrumb\":{\"@id\":\"https:\/\/ironsky.pl\/sklep\/produkt\/panel-fotowoltaiczny-bigblue-b406-80w\/#breadcrumb\"},\"inLanguage\":\"pl-PL\",\"potentialAction\":[{\"@type\":\"ReadAction\",\"target\":[\"https:\/\/ironsky.pl\/sklep\/produkt\/panel-fotowoltaiczny-bigblue-b406-80w\/\"]}]},{\"@type\":\"ImageObject\",\"inLanguage\":\"pl-PL\",\"@id\":\"https:\/\/ironsky.pl\/sklep\/produkt\/panel-fotowoltaiczny-bigblue-b406-80w\/#primaryimage\",\"url\":\"https:\/\/ironsky.pl\/sklep\/wp-content\/uploads\/2024\/09\/24513_1.jpg\",\"contentUrl\":\"https:\/\/ironsky.pl\/sklep\/wp-content\/uploads\/2024\/09\/24513_1.jpg\",\"width\":800,\"height\":800},{\"@type\":\"BreadcrumbList\",\"@id\":\"https:\/\/ironsky.pl\/sklep\/produkt\/panel-fotowoltaiczny-bigblue-b406-80w\/#breadcrumb\",\"itemListElement\":[{\"@type\":\"ListItem\",\"position\":1,\"name\":\"Strona g\u0142\u00f3wna\",\"item\":\"https:\/\/ironsky.pl\/sklep\/\"},{\"@type\":\"ListItem\",\"position\":2,\"name\":\"Wszystkie produkty\",\"item\":\"https:\/\/ironsky.pl\/sklep\/produkty\/\"},{\"@type\":\"ListItem\",\"position\":3,\"name\":\"Panel fotowoltaiczny BigBlue B406 80W\"}]},{\"@type\":\"WebSite\",\"@id\":\"https:\/\/ironsky.pl\/sklep\/#website\",\"url\":\"https:\/\/ironsky.pl\/sklep\/\",\"name\":\"IRONSKY.PL Sklep z Dronami\",\"description\":\"IRONSKY.PL Sklep z Dronami\",\"potentialAction\":[{\"@type\":\"SearchAction\",\"target\":{\"@type\":\"EntryPoint\",\"urlTemplate\":\"https:\/\/ironsky.pl\/sklep\/?s={search_term_string}\"},\"query-input\":{\"@type\":\"PropertyValueSpecification\",\"valueRequired\":true,\"valueName\":\"search_term_string\"}}],\"inLanguage\":\"pl-PL\"}]}<\/script>\n<!-- \/ Yoast SEO plugin. -->","yoast_head_json":{"title":"Panel fotowoltaiczny BigBlue B406 80W - IRONSKY.PL Sklep z Dronami","description":"Panel fotowoltaiczny BigBlue B406 80W - \u2705 sklep z dronami i fachowym doradztwem. \u2705 Tutaj kupisz produkty DJI, Yuneec, Parrot, Syma i wiele innych, a tak\u017ce kursy i licencje na operatora drona.","robots":{"index":"index","follow":"follow","max-snippet":"max-snippet:-1","max-image-preview":"max-image-preview:large","max-video-preview":"max-video-preview:-1"},"canonical":"https:\/\/ironsky.pl\/sklep\/produkt\/panel-fotowoltaiczny-bigblue-b406-80w\/","og_locale":"pl_PL","og_type":"article","og_title":"Panel fotowoltaiczny BigBlue B406 80W - IRONSKY.PL Sklep z Dronami","og_description":"Panel fotowoltaiczny BigBlue B406 80W - \u2705 sklep z dronami i fachowym doradztwem. \u2705 Tutaj kupisz produkty DJI, Yuneec, Parrot, Syma i wiele innych, a tak\u017ce kursy i licencje na operatora drona.","og_url":"https:\/\/ironsky.pl\/sklep\/produkt\/panel-fotowoltaiczny-bigblue-b406-80w\/","og_site_name":"IRONSKY.PL Sklep z Dronami","article_modified_time":"2026-03-05T14:49:41+00:00","og_image":[{"width":800,"height":800,"url":"https:\/\/ironsky.pl\/sklep\/wp-content\/uploads\/2024\/09\/24513_1.jpg","type":"image\/jpeg"}],"twitter_card":"summary_large_image","twitter_misc":{"Szacowany czas czytania":"3 minuty"},"schema":{"@context":"https:\/\/schema.org","@graph":[{"@type":"WebPage","@id":"https:\/\/ironsky.pl\/sklep\/produkt\/panel-fotowoltaiczny-bigblue-b406-80w\/","url":"https:\/\/ironsky.pl\/sklep\/produkt\/panel-fotowoltaiczny-bigblue-b406-80w\/","name":"Panel fotowoltaiczny BigBlue B406 80W - IRONSKY.PL Sklep z Dronami","isPartOf":{"@id":"https:\/\/ironsky.pl\/sklep\/#website"},"primaryImageOfPage":{"@id":"https:\/\/ironsky.pl\/sklep\/produkt\/panel-fotowoltaiczny-bigblue-b406-80w\/#primaryimage"},"image":{"@id":"https:\/\/ironsky.pl\/sklep\/produkt\/panel-fotowoltaiczny-bigblue-b406-80w\/#primaryimage"},"thumbnailUrl":"https:\/\/ironsky.pl\/sklep\/wp-content\/uploads\/2024\/09\/24513_1.jpg","datePublished":"2024-09-16T15:49:18+00:00","dateModified":"2026-03-05T14:49:41+00:00","description":"Panel fotowoltaiczny BigBlue B406 80W - \u2705 sklep z dronami i fachowym doradztwem. \u2705 Tutaj kupisz produkty DJI, Yuneec, Parrot, Syma i wiele innych, a tak\u017ce kursy i licencje na operatora drona.","breadcrumb":{"@id":"https:\/\/ironsky.pl\/sklep\/produkt\/panel-fotowoltaiczny-bigblue-b406-80w\/#breadcrumb"},"inLanguage":"pl-PL","potentialAction":[{"@type":"ReadAction","target":["https:\/\/ironsky.pl\/sklep\/produkt\/panel-fotowoltaiczny-bigblue-b406-80w\/"]}]},{"@type":"ImageObject","inLanguage":"pl-PL","@id":"https:\/\/ironsky.pl\/sklep\/produkt\/panel-fotowoltaiczny-bigblue-b406-80w\/#primaryimage","url":"https:\/\/ironsky.pl\/sklep\/wp-content\/uploads\/2024\/09\/24513_1.jpg","contentUrl":"https:\/\/ironsky.pl\/sklep\/wp-content\/uploads\/2024\/09\/24513_1.jpg","width":800,"height":800},{"@type":"BreadcrumbList","@id":"https:\/\/ironsky.pl\/sklep\/produkt\/panel-fotowoltaiczny-bigblue-b406-80w\/#breadcrumb","itemListElement":[{"@type":"ListItem","position":1,"name":"Strona g\u0142\u00f3wna","item":"https:\/\/ironsky.pl\/sklep\/"},{"@type":"ListItem","position":2,"name":"Wszystkie produkty","item":"https:\/\/ironsky.pl\/sklep\/produkty\/"},{"@type":"ListItem","position":3,"name":"Panel fotowoltaiczny BigBlue B406 80W"}]},{"@type":"WebSite","@id":"https:\/\/ironsky.pl\/sklep\/#website","url":"https:\/\/ironsky.pl\/sklep\/","name":"IRONSKY.PL Sklep z Dronami","description":"IRONSKY.PL Sklep z Dronami","potentialAction":[{"@type":"SearchAction","target":{"@type":"EntryPoint","urlTemplate":"https:\/\/ironsky.pl\/sklep\/?s={search_term_string}"},"query-input":{"@type":"PropertyValueSpecification","valueRequired":true,"valueName":"search_term_string"}}],"inLanguage":"pl-PL"}]}},"_links":{"self":[{"href":"https:\/\/ironsky.pl\/sklep\/wp-json\/wp\/v2\/product\/21552","targetHints":{"allow":["GET"]}}],"collection":[{"href":"https:\/\/ironsky.pl\/sklep\/wp-json\/wp\/v2\/product"}],"about":[{"href":"https:\/\/ironsky.pl\/sklep\/wp-json\/wp\/v2\/types\/product"}],"replies":[{"embeddable":true,"href":"https:\/\/ironsky.pl\/sklep\/wp-json\/wp\/v2\/comments?post=21552"}],"wp:featuredmedia":[{"embeddable":true,"href":"https:\/\/ironsky.pl\/sklep\/wp-json\/wp\/v2\/media\/21553"}],"wp:attachment":[{"href":"https:\/\/ironsky.pl\/sklep\/wp-json\/wp\/v2\/media?parent=21552"}],"wp:term":[{"taxonomy":"product_brand","embeddable":true,"href":"https:\/\/ironsky.pl\/sklep\/wp-json\/wp\/v2\/product_brand?post=21552"},{"taxonomy":"product_cat","embeddable":true,"href":"https:\/\/ironsky.pl\/sklep\/wp-json\/wp\/v2\/product_cat?post=21552"},{"taxonomy":"product_tag","embeddable":true,"href":"https:\/\/ironsky.pl\/sklep\/wp-json\/wp\/v2\/product_tag?post=21552"}],"curies":[{"name":"wp","href":"https:\/\/api.w.org\/{rel}","templated":true}]}}