{"id":21293,"date":"2024-09-16T12:38:35","date_gmt":"2024-09-16T10:38:35","guid":{"rendered":"http:\/\/gvshalph.pro-linuxpl.com\/ironskyprodukty\/produkt\/domyslna-nazwa-17\/"},"modified":"2026-03-05T15:49:34","modified_gmt":"2026-03-05T14:49:34","slug":"domyslna-nazwa-17","status":"publish","type":"product","link":"https:\/\/ironsky.pl\/sklep\/produkt\/domyslna-nazwa-17\/","title":{"rendered":"DJI Modify &#8211; licencja wieczna (1 urz\u0105dzenie)"},"content":{"rendered":"<p><video autoplay muted loop width=\"100%\" height=\"auto\"><source src=\"\/data\/include\/cms\/.product\/5\/4\/43445\/ef5721d0-0928-4575-8150-c46fada243f6.mp4\" type=\"video\/mp4\" \/><\/video><\/p>\n<h3>Modeluj otaczaj\u0105cy Ci\u0119 \u015bwiat<\/h3>\n<p>DJI Modify to pierwsze inteligentne oprogramowanie DJI do edycji modeli 3D. Posiada usprawniony i intuicyjny interfejs, kt\u00f3ry umo\u017cliwia efektywn\u0105 edycj\u0119 modeli. W po\u0142\u0105czeniu z dronem DJI Enterprise i DJI Terra tworzy kompleksowe rozwi\u0105zanie od pomiar\u00f3w lotniczych, modelowania i edycji modeli po \u0142atwe udost\u0119pnianie tych modeli w celu zaspokojenia potrzeb operacyjnych w zakresie geodezji i mapowania, gaszenia po\u017car\u00f3w, reagowania kryzysowego i transportu.<\/p>\n<p><video autoplay muted loop width=\"100%\" height=\"auto\"><source src=\"\/data\/include\/cms\/.product\/5\/4\/43445\/039fcc2c-98da-461b-9b35-be26446b5c0b.mp4\" type=\"video\/mp4\" \/><\/video><\/p>\n<h3>Po\u0142\u0105cz DJI Terra z DJI Modify<\/h3>\n<p>W projekcie modelowania 3D DJI Terra mo\u017cna uruchomi\u0107 DJI Modify jednym klikni\u0119ciem w celu edycji modelu, aby uzyska\u0107 wydajny przep\u0142yw pracy i kompleksowe rozwi\u0105zanie od modelowania do edycji modelu. Wystarczy w\u0142\u0105czy\u0107 prze\u0142\u0105cznik DJI Modify w DJI Terra, a pliki do edycji modelu zostan\u0105 automatycznie wygenerowane, z uwzgl\u0119dnieniem wst\u0119pnie zidentyfikowanych obiekt\u00f3w i wst\u0119pnie przetworzonego modelu, umo\u017cliwiaj\u0105c sprawne uko\u0144czenie edycji modelu.<\/p>\n<p><video autoplay muted loop width=\"100%\" height=\"auto\"><source src=\"\/data\/include\/cms\/.product\/5\/4\/43445\/7de75231-1b7d-4d0e-8f9c-4175e4987f84.mp4\" type=\"video\/mp4\" \/><\/video><\/p>\n<h3>Modele wysokiej i niskiej jako\u015bci w jednym interfejsie<\/h3>\n<p>Dzi\u0119ki p\u0142ynniejszej technologii wy\u015bwietlania modeli, DJI Modify obs\u0142uguje przegl\u0105danie i edycj\u0119 modeli wysokiej i niskiej jako\u015bci w jednym interfejsie. Wszelkie wprowadzone zmiany s\u0105 synchronizowane w obu modelach i natychmiast wy\u015bwietlane, dzi\u0119ki czemu mo\u017cna bez problemu rozwi\u0105zywa\u0107 problemy zwi\u0105zane z edycj\u0105 modeli w r\u00f3\u017cnych scenariuszach.<\/p>\n<p><video autoplay muted loop width=\"100%\" height=\"auto\"><source src=\"\/data\/include\/cms\/.product\/5\/4\/43445\/bb665d4f-30ed-48c4-9023-f463584bd8e4.mp4\" type=\"video\/mp4\" \/><\/video><\/p>\n<h3>Usuwanie jednym klikni\u0119ciem<\/h3>\n<p>Po wybraniu p\u0142ywaj\u0105cych element\u00f3w mo\u017cna je \u0142atwo usun\u0105\u0107 za pomoc\u0105 przycisku Remove Floating Parts w interfejsie lub klawisza Delete\/Backspace na klawiaturze, co u\u0142atwia wygodne i szybkie usuwanie. Mo\u017cesz tak\u017ce szybko wy\u015bwietli\u0107 podgl\u0105d modelu po usuni\u0119ciu.<\/p>\n<p><video autoplay muted loop width=\"100%\" height=\"auto\"><source src=\"\/data\/include\/cms\/.product\/5\/4\/43445\/ef756760-637f-4c5f-b2ce-e356d76a8c08.mp4\" type=\"video\/mp4\" \/><\/video><\/p>\n<h3>Metody wielokrotnej selekcji<\/h3>\n<p>Obs\u0142uguje zaznaczanie wielok\u0105ta za pomoc\u0105 myszy w celu pojedynczego zaznaczenia regionu (zast\u0119puj\u0105c poprzednie zaznaczenie) lub grupowanie wynik\u00f3w zaznaczenia za pomoc\u0105 funkcji Dodaj do zaznaczenia i Odejmij od zaznaczenia w celu wybrania nieregularnych region\u00f3w w razie potrzeby.<\/p>\n<p><video autoplay muted loop width=\"100%\" height=\"auto\"><source src=\"\/data\/include\/cms\/.product\/5\/4\/43445\/fa9083c2-b454-43bd-b160-3eca8403a7d3.mp4\" type=\"video\/mp4\" \/><\/video><\/p>\n<h3>Usuwanie<\/h3>\n<p>Wybranie funkcji usu\u0144 (eng. Erase) pozwala DJI Modify dopasowa\u0107 i naprawi\u0107 wybrany obszar z otaczaj\u0105cymi wzorami, zapewniaj\u0105c szybk\u0105 i autentyczn\u0105 napraw\u0119 tekstury.<\/p>\n<p><video autoplay muted loop width=\"100%\" height=\"auto\"><source src=\"\/data\/include\/cms\/.product\/5\/4\/43445\/294e7bbe-12ce-4ced-84c9-2a7983babc4a.mp4\" type=\"video\/mp4\" \/><\/video><\/p>\n<h3>Wykrywanie kontur\u00f3w wybrakowanych obszar\u00f3w<\/h3>\n<p>DJI Modify automatycznie i dok\u0142adnie identyfikuje wybrakowane obszary w modelu, obrysowuj\u0105c i pod\u015bwietlaj\u0105c kontury, aby wyeliminowa\u0107 potrzeb\u0119 r\u0119cznej pracy.<\/p>\n<p><video autoplay muted loop width=\"100%\" height=\"auto\"><source src=\"\/data\/include\/cms\/.product\/5\/4\/43445\/fab62a13-f4d6-407d-983d-006154989d1e.mp4\" type=\"video\/mp4\" \/><\/video><\/p>\n<h3>Naprawa powierzchni wody<\/h3>\n<p>U\u017cytkownik mo\u017ce tworzy\u0107 i dostosowywa\u0107 powierzchni\u0119 wody w modelu, zmieniaj\u0105c jej zasi\u0119g, wysoko\u015b\u0107, kszta\u0142t i po\u0142o\u017cenie w celu lepszego dopasowania do modelu.<\/p>\n<p><video autoplay muted loop width=\"100%\" height=\"auto\"><source src=\"\/data\/include\/cms\/.product\/5\/4\/43445\/87b45d92-d85f-4acf-ba4b-d92479c30d90.mp4\" type=\"video\/mp4\" \/><\/video><\/p>\n<h3>Udost\u0119pnianie w chmurze<\/h3>\n<p>DJI Modify szybko renderuje i eksportuje modele w wielu formatach, takich jak ply, obj i b3dm, kt\u00f3re s\u0105 kompatybilne z DJI Terra i oprogramowaniem innych firm. Przetworzone modele mo\u017cna szybko udost\u0119pnia\u0107 w chmurze, dzi\u0119ki czemu inni cz\u0142onkowie projektu mog\u0105 je przegl\u0105da\u0107 online w Internecie lub na urz\u0105dzeniach mobilnych za po\u015brednictwem udost\u0119pnionych \u0142\u0105czy bez instalowania \u017cadnego oprogramowania.<\/p>\n","protected":false},"excerpt":{"rendered":"<p>Modeluj otaczaj\u0105cy Ci\u0119 \u015bwiat DJI Modify to pierwsze inteligentne oprogramowanie DJI do edycji modeli 3D. Posiada usprawniony i intuicyjny interfejs,<\/p>\n","protected":false},"featured_media":21294,"comment_status":"closed","ping_status":"open","template":"","meta":{"_acf_changed":false},"product_brand":[],"product_cat":[1088,1101],"product_tag":[],"class_list":{"0":"post-21293","1":"product","2":"type-product","3":"status-publish","4":"has-post-thumbnail","6":"product_cat-drony","7":"product_cat-oprogramowanie-do-dronow","9":"first","10":"outofstock","11":"taxable","12":"shipping-taxable","13":"purchasable","14":"product-type-simple"},"acf":[],"yoast_head":"<!-- This site is optimized with the Yoast SEO plugin v27.2 - https:\/\/yoast.com\/product\/yoast-seo-wordpress\/ -->\n<title>DJI Modify - licencja wieczna (1 urz\u0105dzenie) - IRONSKY.PL Sklep z Dronami<\/title>\n<meta name=\"description\" content=\"DJI Modify - licencja wieczna (1 urz\u0105dzenie) - \u2705 sklep z dronami i fachowym doradztwem. \u2705 Tutaj kupisz produkty DJI, Yuneec, Parrot, Syma i wiele innych, a tak\u017ce kursy i licencje na operatora drona.\" \/>\n<meta name=\"robots\" content=\"index, follow, max-snippet:-1, max-image-preview:large, max-video-preview:-1\" \/>\n<link rel=\"canonical\" href=\"https:\/\/ironsky.pl\/sklep\/produkt\/domyslna-nazwa-17\/\" \/>\n<meta property=\"og:locale\" content=\"pl_PL\" \/>\n<meta property=\"og:type\" content=\"article\" \/>\n<meta property=\"og:title\" content=\"DJI Modify - licencja wieczna (1 urz\u0105dzenie) - IRONSKY.PL Sklep z Dronami\" \/>\n<meta property=\"og:description\" content=\"DJI Modify - licencja wieczna (1 urz\u0105dzenie) - \u2705 sklep z dronami i fachowym doradztwem. \u2705 Tutaj kupisz produkty DJI, Yuneec, Parrot, Syma i wiele innych, a tak\u017ce kursy i licencje na operatora drona.\" \/>\n<meta property=\"og:url\" content=\"https:\/\/ironsky.pl\/sklep\/produkt\/domyslna-nazwa-17\/\" \/>\n<meta property=\"og:site_name\" content=\"IRONSKY.PL Sklep z Dronami\" \/>\n<meta property=\"article:modified_time\" content=\"2026-03-05T14:49:34+00:00\" \/>\n<meta property=\"og:image\" content=\"https:\/\/ironsky.pl\/sklep\/wp-content\/uploads\/2024\/09\/43445_1.png\" \/>\n\t<meta property=\"og:image:width\" content=\"205\" \/>\n\t<meta property=\"og:image:height\" content=\"221\" \/>\n\t<meta property=\"og:image:type\" content=\"image\/png\" \/>\n<meta name=\"twitter:card\" content=\"summary_large_image\" \/>\n<meta name=\"twitter:label1\" content=\"Szacowany czas czytania\" \/>\n\t<meta name=\"twitter:data1\" content=\"2 minuty\" \/>\n<script type=\"application\/ld+json\" class=\"yoast-schema-graph\">{\"@context\":\"https:\/\/schema.org\",\"@graph\":[{\"@type\":\"WebPage\",\"@id\":\"https:\/\/ironsky.pl\/sklep\/produkt\/domyslna-nazwa-17\/\",\"url\":\"https:\/\/ironsky.pl\/sklep\/produkt\/domyslna-nazwa-17\/\",\"name\":\"DJI Modify - licencja wieczna (1 urz\u0105dzenie) - IRONSKY.PL Sklep z Dronami\",\"isPartOf\":{\"@id\":\"https:\/\/ironsky.pl\/sklep\/#website\"},\"primaryImageOfPage\":{\"@id\":\"https:\/\/ironsky.pl\/sklep\/produkt\/domyslna-nazwa-17\/#primaryimage\"},\"image\":{\"@id\":\"https:\/\/ironsky.pl\/sklep\/produkt\/domyslna-nazwa-17\/#primaryimage\"},\"thumbnailUrl\":\"https:\/\/ironsky.pl\/sklep\/wp-content\/uploads\/2024\/09\/43445_1.png\",\"datePublished\":\"2024-09-16T10:38:35+00:00\",\"dateModified\":\"2026-03-05T14:49:34+00:00\",\"description\":\"DJI Modify - licencja wieczna (1 urz\u0105dzenie) - \u2705 sklep z dronami i fachowym doradztwem. \u2705 Tutaj kupisz produkty DJI, Yuneec, Parrot, Syma i wiele innych, a tak\u017ce kursy i licencje na operatora drona.\",\"breadcrumb\":{\"@id\":\"https:\/\/ironsky.pl\/sklep\/produkt\/domyslna-nazwa-17\/#breadcrumb\"},\"inLanguage\":\"pl-PL\",\"potentialAction\":[{\"@type\":\"ReadAction\",\"target\":[\"https:\/\/ironsky.pl\/sklep\/produkt\/domyslna-nazwa-17\/\"]}]},{\"@type\":\"ImageObject\",\"inLanguage\":\"pl-PL\",\"@id\":\"https:\/\/ironsky.pl\/sklep\/produkt\/domyslna-nazwa-17\/#primaryimage\",\"url\":\"https:\/\/ironsky.pl\/sklep\/wp-content\/uploads\/2024\/09\/43445_1.png\",\"contentUrl\":\"https:\/\/ironsky.pl\/sklep\/wp-content\/uploads\/2024\/09\/43445_1.png\",\"width\":205,\"height\":221},{\"@type\":\"BreadcrumbList\",\"@id\":\"https:\/\/ironsky.pl\/sklep\/produkt\/domyslna-nazwa-17\/#breadcrumb\",\"itemListElement\":[{\"@type\":\"ListItem\",\"position\":1,\"name\":\"Strona g\u0142\u00f3wna\",\"item\":\"https:\/\/ironsky.pl\/sklep\/\"},{\"@type\":\"ListItem\",\"position\":2,\"name\":\"Wszystkie produkty\",\"item\":\"https:\/\/ironsky.pl\/sklep\/produkty\/\"},{\"@type\":\"ListItem\",\"position\":3,\"name\":\"DJI Modify &#8211; licencja wieczna (1 urz\u0105dzenie)\"}]},{\"@type\":\"WebSite\",\"@id\":\"https:\/\/ironsky.pl\/sklep\/#website\",\"url\":\"https:\/\/ironsky.pl\/sklep\/\",\"name\":\"IRONSKY.PL Sklep z Dronami\",\"description\":\"IRONSKY.PL Sklep z Dronami\",\"potentialAction\":[{\"@type\":\"SearchAction\",\"target\":{\"@type\":\"EntryPoint\",\"urlTemplate\":\"https:\/\/ironsky.pl\/sklep\/?s={search_term_string}\"},\"query-input\":{\"@type\":\"PropertyValueSpecification\",\"valueRequired\":true,\"valueName\":\"search_term_string\"}}],\"inLanguage\":\"pl-PL\"}]}<\/script>\n<!-- \/ Yoast SEO plugin. -->","yoast_head_json":{"title":"DJI Modify - licencja wieczna (1 urz\u0105dzenie) - IRONSKY.PL Sklep z Dronami","description":"DJI Modify - licencja wieczna (1 urz\u0105dzenie) - \u2705 sklep z dronami i fachowym doradztwem. \u2705 Tutaj kupisz produkty DJI, Yuneec, Parrot, Syma i wiele innych, a tak\u017ce kursy i licencje na operatora drona.","robots":{"index":"index","follow":"follow","max-snippet":"max-snippet:-1","max-image-preview":"max-image-preview:large","max-video-preview":"max-video-preview:-1"},"canonical":"https:\/\/ironsky.pl\/sklep\/produkt\/domyslna-nazwa-17\/","og_locale":"pl_PL","og_type":"article","og_title":"DJI Modify - licencja wieczna (1 urz\u0105dzenie) - IRONSKY.PL Sklep z Dronami","og_description":"DJI Modify - licencja wieczna (1 urz\u0105dzenie) - \u2705 sklep z dronami i fachowym doradztwem. \u2705 Tutaj kupisz produkty DJI, Yuneec, Parrot, Syma i wiele innych, a tak\u017ce kursy i licencje na operatora drona.","og_url":"https:\/\/ironsky.pl\/sklep\/produkt\/domyslna-nazwa-17\/","og_site_name":"IRONSKY.PL Sklep z Dronami","article_modified_time":"2026-03-05T14:49:34+00:00","og_image":[{"width":205,"height":221,"url":"https:\/\/ironsky.pl\/sklep\/wp-content\/uploads\/2024\/09\/43445_1.png","type":"image\/png"}],"twitter_card":"summary_large_image","twitter_misc":{"Szacowany czas czytania":"2 minuty"},"schema":{"@context":"https:\/\/schema.org","@graph":[{"@type":"WebPage","@id":"https:\/\/ironsky.pl\/sklep\/produkt\/domyslna-nazwa-17\/","url":"https:\/\/ironsky.pl\/sklep\/produkt\/domyslna-nazwa-17\/","name":"DJI Modify - licencja wieczna (1 urz\u0105dzenie) - IRONSKY.PL Sklep z Dronami","isPartOf":{"@id":"https:\/\/ironsky.pl\/sklep\/#website"},"primaryImageOfPage":{"@id":"https:\/\/ironsky.pl\/sklep\/produkt\/domyslna-nazwa-17\/#primaryimage"},"image":{"@id":"https:\/\/ironsky.pl\/sklep\/produkt\/domyslna-nazwa-17\/#primaryimage"},"thumbnailUrl":"https:\/\/ironsky.pl\/sklep\/wp-content\/uploads\/2024\/09\/43445_1.png","datePublished":"2024-09-16T10:38:35+00:00","dateModified":"2026-03-05T14:49:34+00:00","description":"DJI Modify - licencja wieczna (1 urz\u0105dzenie) - \u2705 sklep z dronami i fachowym doradztwem. \u2705 Tutaj kupisz produkty DJI, Yuneec, Parrot, Syma i wiele innych, a tak\u017ce kursy i licencje na operatora drona.","breadcrumb":{"@id":"https:\/\/ironsky.pl\/sklep\/produkt\/domyslna-nazwa-17\/#breadcrumb"},"inLanguage":"pl-PL","potentialAction":[{"@type":"ReadAction","target":["https:\/\/ironsky.pl\/sklep\/produkt\/domyslna-nazwa-17\/"]}]},{"@type":"ImageObject","inLanguage":"pl-PL","@id":"https:\/\/ironsky.pl\/sklep\/produkt\/domyslna-nazwa-17\/#primaryimage","url":"https:\/\/ironsky.pl\/sklep\/wp-content\/uploads\/2024\/09\/43445_1.png","contentUrl":"https:\/\/ironsky.pl\/sklep\/wp-content\/uploads\/2024\/09\/43445_1.png","width":205,"height":221},{"@type":"BreadcrumbList","@id":"https:\/\/ironsky.pl\/sklep\/produkt\/domyslna-nazwa-17\/#breadcrumb","itemListElement":[{"@type":"ListItem","position":1,"name":"Strona g\u0142\u00f3wna","item":"https:\/\/ironsky.pl\/sklep\/"},{"@type":"ListItem","position":2,"name":"Wszystkie produkty","item":"https:\/\/ironsky.pl\/sklep\/produkty\/"},{"@type":"ListItem","position":3,"name":"DJI Modify &#8211; licencja wieczna (1 urz\u0105dzenie)"}]},{"@type":"WebSite","@id":"https:\/\/ironsky.pl\/sklep\/#website","url":"https:\/\/ironsky.pl\/sklep\/","name":"IRONSKY.PL Sklep z Dronami","description":"IRONSKY.PL Sklep z Dronami","potentialAction":[{"@type":"SearchAction","target":{"@type":"EntryPoint","urlTemplate":"https:\/\/ironsky.pl\/sklep\/?s={search_term_string}"},"query-input":{"@type":"PropertyValueSpecification","valueRequired":true,"valueName":"search_term_string"}}],"inLanguage":"pl-PL"}]}},"_links":{"self":[{"href":"https:\/\/ironsky.pl\/sklep\/wp-json\/wp\/v2\/product\/21293","targetHints":{"allow":["GET"]}}],"collection":[{"href":"https:\/\/ironsky.pl\/sklep\/wp-json\/wp\/v2\/product"}],"about":[{"href":"https:\/\/ironsky.pl\/sklep\/wp-json\/wp\/v2\/types\/product"}],"replies":[{"embeddable":true,"href":"https:\/\/ironsky.pl\/sklep\/wp-json\/wp\/v2\/comments?post=21293"}],"wp:featuredmedia":[{"embeddable":true,"href":"https:\/\/ironsky.pl\/sklep\/wp-json\/wp\/v2\/media\/21294"}],"wp:attachment":[{"href":"https:\/\/ironsky.pl\/sklep\/wp-json\/wp\/v2\/media?parent=21293"}],"wp:term":[{"taxonomy":"product_brand","embeddable":true,"href":"https:\/\/ironsky.pl\/sklep\/wp-json\/wp\/v2\/product_brand?post=21293"},{"taxonomy":"product_cat","embeddable":true,"href":"https:\/\/ironsky.pl\/sklep\/wp-json\/wp\/v2\/product_cat?post=21293"},{"taxonomy":"product_tag","embeddable":true,"href":"https:\/\/ironsky.pl\/sklep\/wp-json\/wp\/v2\/product_tag?post=21293"}],"curies":[{"name":"wp","href":"https:\/\/api.w.org\/{rel}","templated":true}]}}