{"id":21244,"date":"2024-09-16T12:37:31","date_gmt":"2024-09-16T10:37:31","guid":{"rendered":"http:\/\/gvshalph.pro-linuxpl.com\/ironskyprodukty\/produkt\/combo-storage-bag-sunnylife-for-dji-avata-2\/"},"modified":"2026-03-05T15:49:33","modified_gmt":"2026-03-05T14:49:33","slug":"combo-storage-bag-sunnylife-for-dji-avata-2","status":"publish","type":"product","link":"https:\/\/ironsky.pl\/sklep\/produkt\/combo-storage-bag-sunnylife-for-dji-avata-2\/","title":{"rendered":"Torba Sunnylife do DJI Avata 2 i akcesori\u00f3w"},"content":{"rendered":"<h3>Torba Sunnylife do DJI Avata 2 i akcesori\u00f3w<\/h3>\n<p>U\u0142atw sobie transport drona DJI Avata 2 wraz z niezb\u0119dnymi akcesoriami. Torba Sunnylife AT2-B778 oferuje specjalne przegr\u00f3dki pomagaj\u0105ce w organizacji przestrzeni i jest bardzo wytrzyma\u0142a \u2013 skutecznie zabezpieczy Twoje urz\u0105dzenia przed wstrz\u0105sami i zarysowaniem. Wygodny uchwyt pozwala na jej wygodne przenoszenie, a dodatkowa kiesze\u0144 w \u015brodku przyda si\u0119 do przechowywania drobnych przedmiot\u00f3w, takich jak kable czy karty pami\u0119ci.<\/p>\n<p>\n<img decoding=\"async\" src=\"https:\/\/assets.innpro.pl\/5882\/6908\/2.jpg\" border=\"0\" \/>\n<\/p>\n<h3>Porz\u0105dek i bezpiecze\u0144stwo<\/h3>\n<p>Torba zosta\u0142a wyposa\u017cona w specjalnie zaprojektowane przegr\u00f3dki, kt\u00f3re umo\u017cliwiaj\u0105 bezpieczne przechowywanie drona, gogli DJI Goggles 3, akumulator\u00f3w oraz kontrolera DJI RC Motion 3. Dzi\u0119ki temu ka\u017cdy element wyposa\u017cenia ma swoje miejsce i jest odpowiednio zabezpieczony przed uszkodzeniami i wstrz\u0105sami!<\/p>\n<p>\n<img decoding=\"async\" src=\"https:\/\/assets.innpro.pl\/5882\/6908\/8.jpg\" border=\"0\" \/>\n<\/p>\n<h3>Dodatkowa kiesze\u0144 na drobne akcesoria<\/h3>\n<p>Wewn\u0119trzna du\u017ca kiesze\u0144 z siateczki, zapinana na solidny zamek, umo\u017cliwia przechowywanie drobnych akcesori\u00f3w, takich jak kable, karty pami\u0119ci, filtry czy inne niezb\u0119dne dodatki. Dzi\u0119ki temu wszystko, czego potrzebujesz, jest zawsze pod r\u0119k\u0105 \u2013 bez ryzyka zgubienia lub uszkodzenia.<\/p>\n<p>\n<img decoding=\"async\" src=\"https:\/\/assets.innpro.pl\/5882\/6908\/4.jpg\" border=\"0\" \/>\n<\/p>\n<h3>Wygodna w przenoszeniu i trwa\u0142a<\/h3>\n<p>Torba zosta\u0142a wykonana z wysokiej jako\u015bci materia\u0142\u00f3w, co gwarantuje jej trwa\u0142o\u015b\u0107 i odporno\u015b\u0107 na uszkodzenia. Specjalny uchwyt zapewnia wygod\u0119 w przenoszeniu, a wysokiej jako\u015bci zamki b\u0142yskawiczne dzia\u0142aj\u0105 p\u0142ynnie i niezawodnie, oferuj\u0105c \u0142atwy dost\u0119p do niezb\u0119dnego sprz\u0119tu.<\/p>\n<p>\n<img decoding=\"async\" src=\"https:\/\/assets.innpro.pl\/5882\/6908\/3.jpg\" border=\"0\" \/>\n<\/p>\n<div class=\"table-wrapper\">\n<p>\u00a0<\/p>\n<h3><\/h3>\n<table>\n<tbody>\n<tr>\n<th>Producent<\/th>\n<td>Sunnylife<\/td>\n<\/tr>\n<tr>\n<th>Model<\/th>\n<td>AT2-B778<\/td>\n<\/tr>\n<tr>\n<th>Materia\u0142<\/th>\n<td>Tkanina<\/td>\n<\/tr>\n<tr>\n<th>Waga<\/th>\n<td>774 g<\/td>\n<\/tr>\n<tr>\n<th>Wymiary<\/th>\n<td>34 x 27,7 x 11,2 cm<\/td>\n<\/tr>\n<\/tbody>\n<\/table>\n<\/div>\n","protected":false},"excerpt":{"rendered":"<p>Torba Sunnylife do DJI Avata 2 i akcesori\u00f3w U\u0142atw sobie transport drona DJI Avata 2 wraz z niezb\u0119dnymi akcesoriami. Torba<\/p>\n","protected":false},"featured_media":21245,"comment_status":"closed","ping_status":"open","template":"","meta":{"_acf_changed":false},"product_brand":[],"product_cat":[5575,1090,1091,1088,1098],"product_tag":[],"class_list":{"0":"post-21244","1":"product","2":"type-product","3":"status-publish","4":"has-post-thumbnail","6":"product_cat-avata-2","7":"product_cat-akcesoria","8":"product_cat-dji","9":"product_cat-drony","10":"product_cat-torby-i-walizki-na-drony","11":"pa_box-height-4819","12":"pa_box-length-2237","13":"pa_box-width-1614","14":"pa_gross-weight-5331","15":"pa_net-weight-5330","17":"first","18":"outofstock","19":"taxable","20":"shipping-taxable","21":"purchasable","22":"product-type-simple"},"acf":[],"yoast_head":"<!-- This site is optimized with the Yoast SEO plugin v27.2 - https:\/\/yoast.com\/product\/yoast-seo-wordpress\/ -->\n<title>Torba Sunnylife do DJI Avata 2 i akcesori\u00f3w - IRONSKY.PL Sklep z Dronami<\/title>\n<meta name=\"description\" content=\"Torba Sunnylife do DJI Avata 2 i akcesori\u00f3w - \u2705 sklep z dronami i fachowym doradztwem. \u2705 Tutaj kupisz produkty DJI, Yuneec, Parrot, Syma i wiele innych, a tak\u017ce kursy i licencje na operatora drona.\" \/>\n<meta name=\"robots\" content=\"index, follow, max-snippet:-1, max-image-preview:large, max-video-preview:-1\" \/>\n<link rel=\"canonical\" href=\"https:\/\/ironsky.pl\/sklep\/produkt\/combo-storage-bag-sunnylife-for-dji-avata-2\/\" \/>\n<meta property=\"og:locale\" content=\"pl_PL\" \/>\n<meta property=\"og:type\" content=\"article\" \/>\n<meta property=\"og:title\" content=\"Torba Sunnylife do DJI Avata 2 i akcesori\u00f3w - IRONSKY.PL Sklep z Dronami\" \/>\n<meta property=\"og:description\" content=\"Torba Sunnylife do DJI Avata 2 i akcesori\u00f3w - \u2705 sklep z dronami i fachowym doradztwem. \u2705 Tutaj kupisz produkty DJI, Yuneec, Parrot, Syma i wiele innych, a tak\u017ce kursy i licencje na operatora drona.\" \/>\n<meta property=\"og:url\" content=\"https:\/\/ironsky.pl\/sklep\/produkt\/combo-storage-bag-sunnylife-for-dji-avata-2\/\" \/>\n<meta property=\"og:site_name\" content=\"IRONSKY.PL Sklep z Dronami\" \/>\n<meta property=\"article:modified_time\" content=\"2026-03-05T14:49:33+00:00\" \/>\n<meta property=\"og:image\" content=\"https:\/\/ironsky.pl\/sklep\/wp-content\/uploads\/2024\/09\/42869_1.jpg\" \/>\n\t<meta property=\"og:image:width\" content=\"800\" \/>\n\t<meta property=\"og:image:height\" content=\"800\" \/>\n\t<meta property=\"og:image:type\" content=\"image\/jpeg\" \/>\n<meta name=\"twitter:card\" content=\"summary_large_image\" \/>\n<meta name=\"twitter:label1\" content=\"Szacowany czas czytania\" \/>\n\t<meta name=\"twitter:data1\" content=\"1 minuta\" \/>\n<script type=\"application\/ld+json\" class=\"yoast-schema-graph\">{\"@context\":\"https:\/\/schema.org\",\"@graph\":[{\"@type\":\"WebPage\",\"@id\":\"https:\/\/ironsky.pl\/sklep\/produkt\/combo-storage-bag-sunnylife-for-dji-avata-2\/\",\"url\":\"https:\/\/ironsky.pl\/sklep\/produkt\/combo-storage-bag-sunnylife-for-dji-avata-2\/\",\"name\":\"Torba Sunnylife do DJI Avata 2 i akcesori\u00f3w - IRONSKY.PL Sklep z Dronami\",\"isPartOf\":{\"@id\":\"https:\/\/ironsky.pl\/sklep\/#website\"},\"primaryImageOfPage\":{\"@id\":\"https:\/\/ironsky.pl\/sklep\/produkt\/combo-storage-bag-sunnylife-for-dji-avata-2\/#primaryimage\"},\"image\":{\"@id\":\"https:\/\/ironsky.pl\/sklep\/produkt\/combo-storage-bag-sunnylife-for-dji-avata-2\/#primaryimage\"},\"thumbnailUrl\":\"https:\/\/ironsky.pl\/sklep\/wp-content\/uploads\/2024\/09\/42869_1.jpg\",\"datePublished\":\"2024-09-16T10:37:31+00:00\",\"dateModified\":\"2026-03-05T14:49:33+00:00\",\"description\":\"Torba Sunnylife do DJI Avata 2 i akcesori\u00f3w - \u2705 sklep z dronami i fachowym doradztwem. \u2705 Tutaj kupisz produkty DJI, Yuneec, Parrot, Syma i wiele innych, a tak\u017ce kursy i licencje na operatora drona.\",\"breadcrumb\":{\"@id\":\"https:\/\/ironsky.pl\/sklep\/produkt\/combo-storage-bag-sunnylife-for-dji-avata-2\/#breadcrumb\"},\"inLanguage\":\"pl-PL\",\"potentialAction\":[{\"@type\":\"ReadAction\",\"target\":[\"https:\/\/ironsky.pl\/sklep\/produkt\/combo-storage-bag-sunnylife-for-dji-avata-2\/\"]}]},{\"@type\":\"ImageObject\",\"inLanguage\":\"pl-PL\",\"@id\":\"https:\/\/ironsky.pl\/sklep\/produkt\/combo-storage-bag-sunnylife-for-dji-avata-2\/#primaryimage\",\"url\":\"https:\/\/ironsky.pl\/sklep\/wp-content\/uploads\/2024\/09\/42869_1.jpg\",\"contentUrl\":\"https:\/\/ironsky.pl\/sklep\/wp-content\/uploads\/2024\/09\/42869_1.jpg\",\"width\":800,\"height\":800},{\"@type\":\"BreadcrumbList\",\"@id\":\"https:\/\/ironsky.pl\/sklep\/produkt\/combo-storage-bag-sunnylife-for-dji-avata-2\/#breadcrumb\",\"itemListElement\":[{\"@type\":\"ListItem\",\"position\":1,\"name\":\"Strona g\u0142\u00f3wna\",\"item\":\"https:\/\/ironsky.pl\/sklep\/\"},{\"@type\":\"ListItem\",\"position\":2,\"name\":\"Wszystkie produkty\",\"item\":\"https:\/\/ironsky.pl\/sklep\/produkty\/\"},{\"@type\":\"ListItem\",\"position\":3,\"name\":\"Torba Sunnylife do DJI Avata 2 i akcesori\u00f3w\"}]},{\"@type\":\"WebSite\",\"@id\":\"https:\/\/ironsky.pl\/sklep\/#website\",\"url\":\"https:\/\/ironsky.pl\/sklep\/\",\"name\":\"IRONSKY.PL Sklep z Dronami\",\"description\":\"IRONSKY.PL Sklep z Dronami\",\"potentialAction\":[{\"@type\":\"SearchAction\",\"target\":{\"@type\":\"EntryPoint\",\"urlTemplate\":\"https:\/\/ironsky.pl\/sklep\/?s={search_term_string}\"},\"query-input\":{\"@type\":\"PropertyValueSpecification\",\"valueRequired\":true,\"valueName\":\"search_term_string\"}}],\"inLanguage\":\"pl-PL\"}]}<\/script>\n<!-- \/ Yoast SEO plugin. -->","yoast_head_json":{"title":"Torba Sunnylife do DJI Avata 2 i akcesori\u00f3w - IRONSKY.PL Sklep z Dronami","description":"Torba Sunnylife do DJI Avata 2 i akcesori\u00f3w - \u2705 sklep z dronami i fachowym doradztwem. \u2705 Tutaj kupisz produkty DJI, Yuneec, Parrot, Syma i wiele innych, a tak\u017ce kursy i licencje na operatora drona.","robots":{"index":"index","follow":"follow","max-snippet":"max-snippet:-1","max-image-preview":"max-image-preview:large","max-video-preview":"max-video-preview:-1"},"canonical":"https:\/\/ironsky.pl\/sklep\/produkt\/combo-storage-bag-sunnylife-for-dji-avata-2\/","og_locale":"pl_PL","og_type":"article","og_title":"Torba Sunnylife do DJI Avata 2 i akcesori\u00f3w - IRONSKY.PL Sklep z Dronami","og_description":"Torba Sunnylife do DJI Avata 2 i akcesori\u00f3w - \u2705 sklep z dronami i fachowym doradztwem. \u2705 Tutaj kupisz produkty DJI, Yuneec, Parrot, Syma i wiele innych, a tak\u017ce kursy i licencje na operatora drona.","og_url":"https:\/\/ironsky.pl\/sklep\/produkt\/combo-storage-bag-sunnylife-for-dji-avata-2\/","og_site_name":"IRONSKY.PL Sklep z Dronami","article_modified_time":"2026-03-05T14:49:33+00:00","og_image":[{"width":800,"height":800,"url":"https:\/\/ironsky.pl\/sklep\/wp-content\/uploads\/2024\/09\/42869_1.jpg","type":"image\/jpeg"}],"twitter_card":"summary_large_image","twitter_misc":{"Szacowany czas czytania":"1 minuta"},"schema":{"@context":"https:\/\/schema.org","@graph":[{"@type":"WebPage","@id":"https:\/\/ironsky.pl\/sklep\/produkt\/combo-storage-bag-sunnylife-for-dji-avata-2\/","url":"https:\/\/ironsky.pl\/sklep\/produkt\/combo-storage-bag-sunnylife-for-dji-avata-2\/","name":"Torba Sunnylife do DJI Avata 2 i akcesori\u00f3w - IRONSKY.PL Sklep z Dronami","isPartOf":{"@id":"https:\/\/ironsky.pl\/sklep\/#website"},"primaryImageOfPage":{"@id":"https:\/\/ironsky.pl\/sklep\/produkt\/combo-storage-bag-sunnylife-for-dji-avata-2\/#primaryimage"},"image":{"@id":"https:\/\/ironsky.pl\/sklep\/produkt\/combo-storage-bag-sunnylife-for-dji-avata-2\/#primaryimage"},"thumbnailUrl":"https:\/\/ironsky.pl\/sklep\/wp-content\/uploads\/2024\/09\/42869_1.jpg","datePublished":"2024-09-16T10:37:31+00:00","dateModified":"2026-03-05T14:49:33+00:00","description":"Torba Sunnylife do DJI Avata 2 i akcesori\u00f3w - \u2705 sklep z dronami i fachowym doradztwem. \u2705 Tutaj kupisz produkty DJI, Yuneec, Parrot, Syma i wiele innych, a tak\u017ce kursy i licencje na operatora drona.","breadcrumb":{"@id":"https:\/\/ironsky.pl\/sklep\/produkt\/combo-storage-bag-sunnylife-for-dji-avata-2\/#breadcrumb"},"inLanguage":"pl-PL","potentialAction":[{"@type":"ReadAction","target":["https:\/\/ironsky.pl\/sklep\/produkt\/combo-storage-bag-sunnylife-for-dji-avata-2\/"]}]},{"@type":"ImageObject","inLanguage":"pl-PL","@id":"https:\/\/ironsky.pl\/sklep\/produkt\/combo-storage-bag-sunnylife-for-dji-avata-2\/#primaryimage","url":"https:\/\/ironsky.pl\/sklep\/wp-content\/uploads\/2024\/09\/42869_1.jpg","contentUrl":"https:\/\/ironsky.pl\/sklep\/wp-content\/uploads\/2024\/09\/42869_1.jpg","width":800,"height":800},{"@type":"BreadcrumbList","@id":"https:\/\/ironsky.pl\/sklep\/produkt\/combo-storage-bag-sunnylife-for-dji-avata-2\/#breadcrumb","itemListElement":[{"@type":"ListItem","position":1,"name":"Strona g\u0142\u00f3wna","item":"https:\/\/ironsky.pl\/sklep\/"},{"@type":"ListItem","position":2,"name":"Wszystkie produkty","item":"https:\/\/ironsky.pl\/sklep\/produkty\/"},{"@type":"ListItem","position":3,"name":"Torba Sunnylife do DJI Avata 2 i akcesori\u00f3w"}]},{"@type":"WebSite","@id":"https:\/\/ironsky.pl\/sklep\/#website","url":"https:\/\/ironsky.pl\/sklep\/","name":"IRONSKY.PL Sklep z Dronami","description":"IRONSKY.PL Sklep z Dronami","potentialAction":[{"@type":"SearchAction","target":{"@type":"EntryPoint","urlTemplate":"https:\/\/ironsky.pl\/sklep\/?s={search_term_string}"},"query-input":{"@type":"PropertyValueSpecification","valueRequired":true,"valueName":"search_term_string"}}],"inLanguage":"pl-PL"}]}},"_links":{"self":[{"href":"https:\/\/ironsky.pl\/sklep\/wp-json\/wp\/v2\/product\/21244","targetHints":{"allow":["GET"]}}],"collection":[{"href":"https:\/\/ironsky.pl\/sklep\/wp-json\/wp\/v2\/product"}],"about":[{"href":"https:\/\/ironsky.pl\/sklep\/wp-json\/wp\/v2\/types\/product"}],"replies":[{"embeddable":true,"href":"https:\/\/ironsky.pl\/sklep\/wp-json\/wp\/v2\/comments?post=21244"}],"wp:featuredmedia":[{"embeddable":true,"href":"https:\/\/ironsky.pl\/sklep\/wp-json\/wp\/v2\/media\/21245"}],"wp:attachment":[{"href":"https:\/\/ironsky.pl\/sklep\/wp-json\/wp\/v2\/media?parent=21244"}],"wp:term":[{"taxonomy":"product_brand","embeddable":true,"href":"https:\/\/ironsky.pl\/sklep\/wp-json\/wp\/v2\/product_brand?post=21244"},{"taxonomy":"product_cat","embeddable":true,"href":"https:\/\/ironsky.pl\/sklep\/wp-json\/wp\/v2\/product_cat?post=21244"},{"taxonomy":"product_tag","embeddable":true,"href":"https:\/\/ironsky.pl\/sklep\/wp-json\/wp\/v2\/product_tag?post=21244"}],"curies":[{"name":"wp","href":"https:\/\/api.w.org\/{rel}","templated":true}]}}