{"id":21205,"date":"2024-09-16T12:37:31","date_gmt":"2024-09-16T10:37:31","guid":{"rendered":"http:\/\/gvshalph.pro-linuxpl.com\/ironskyprodukty\/produkt\/landing-gear-sunnylife-for-dji-avata-2-gray\/"},"modified":"2026-05-02T12:02:30","modified_gmt":"2026-05-02T10:02:30","slug":"landing-gear-sunnylife-for-dji-avata-2-gray","status":"publish","type":"product","link":"https:\/\/ironsky.pl\/sklep\/produkt\/landing-gear-sunnylife-for-dji-avata-2-gray\/","title":{"rendered":"Podwy\u017cszenie podwozia Sunnylife do DJI Avata 2 (szare)"},"content":{"rendered":"<h3>Podwy\u017cszenie podwozia Sunnylife do DJI Avata 2 (szare)<\/h3>\n<p>Podwy\u017cszenie podwozia marki Sunnylife to idealny dodatek do DJI Avata 2. Wykonane z trwa\u0142ego plastiku i silikonu \u2013 zwi\u0119ksza odleg\u0142o\u015b\u0107 mi\u0119dzy dronem a ziemi\u0105, chroni\u0105c go przed uszkodzeniem i zanieczyszczeniami. Oferuje te\u017c trzy regulowane wysoko\u015bci, mo\u017cesz wi\u0119c dostosowa\u0107 je do swoich potrzeb.<\/p>\n<p>\n<img decoding=\"async\" src=\"https:\/\/assets.innpro.pl\/5865\/6889\/6.jpg\" border=\"0\" \/>\n<\/p>\n<h3>Jeszcze bezpieczniejszy lot<\/h3>\n<p>Podwy\u017cszenie podwozia zwi\u0119ksza odleg\u0142o\u015b\u0107 mi\u0119dzy dronem a ziemi\u0105, chroni\u0105c go w ten spos\u00f3b przed uszkodzeniem i zanieczyszczeniami podczas l\u0105dowania. Tym samym akcesorium u\u0142atwia utrzymanie w czysto\u015bci czujnik\u00f3w urz\u0105dzenia. Dzi\u0119ki temu z \u0142atwo\u015bci\u0105 zachowasz je w doskona\u0142ym stanie na d\u0142u\u017cej!<\/p>\n<p>\n<img decoding=\"async\" src=\"https:\/\/assets.innpro.pl\/5865\/6889\/2.jpg\" border=\"0\" \/>\n<\/p>\n<h3>Regulowana wysoko\u015b\u0107<\/h3>\n<p>Podwy\u017cszenie oferuje trzy wysoko\u015bci do wyboru \u2013 41 mm, 35 mm i 25 mm. Dzi\u0119ki temu bez trudu dostosujesz je do r\u00f3\u017cnych warunk\u00f3w terenowych! Co wi\u0119cej, wysoko\u015b\u0107 25 mm zosta\u0142a zaprojektowana tak, aby nie wp\u0142ywa\u0107 na dzia\u0142anie trybu Turtle drona. Nawet je\u015bli DJI Avata 2 upadnie do g\u00f3ry nogami, bez problemu wr\u00f3ci do pozycji startowej!<\/p>\n<p>\n<img decoding=\"async\" src=\"https:\/\/assets.innpro.pl\/5865\/6889\/7.jpg\" border=\"0\" \/>\n<\/p>\n<h3>Prosty monta\u017c i u\u017cytkowanie<\/h3>\n<p>Dzi\u0119ki silikonowym paskom podwy\u017cszenie Sunnylife jest bardzo proste w monta\u017cu, a jednocze\u015bnie nie porysuje drona. Akcesorium nie wp\u0142ywa te\u017c na spos\u00f3b i szybko\u015b\u0107 wymiany akumulator\u00f3w. Ponadto produkt idealnie pasuje do modelu DJI Avata 2, nie zas\u0142aniaj\u0105c jego czujnik\u00f3w ani system\u00f3w wizyjnych.<\/p>\n<p>\n<img decoding=\"async\" src=\"https:\/\/assets.innpro.pl\/5865\/6889\/1.jpg\" border=\"0\" \/>\n<\/p>\n<h3>Lekka, sk\u0142adana konstrukcja<\/h3>\n<p>Podwy\u017cszenie podwozia Sunnylife AT2-LG797-G wyr\u00f3\u017cnia si\u0119 tak\u017ce sk\u0142adan\u0105 konstrukcj\u0105, kt\u00f3ra znacznie u\u0142atwia jego przechowywanie i transport. Co wi\u0119cej, akcesorium zosta\u0142o wykonane z trwa\u0142ego plastiku i silikonu, dzi\u0119ki czemu jest bardzo wytrzyma\u0142e, a zarazem lekkie \u2013 wa\u017cy tylko 22 g. Nie b\u0119dzie stanowi\u0107 nadmiernego obci\u0105\u017cenia!<\/p>\n<p>\n<img decoding=\"async\" src=\"https:\/\/assets.innpro.pl\/5865\/6889\/3.jpg\" border=\"0\" \/>\n<\/p>\n<div class=\"table-wrapper\">\n<p>\u00a0<\/p>\n<h3><\/h3>\n<table>\n<tbody>\n<tr>\n<th>Producent<\/th>\n<td>Sunnylife<\/td>\n<\/tr>\n<tr>\n<th>Model<\/th>\n<td>AT2-LG797-G<\/td>\n<\/tr>\n<tr>\n<th>Materia\u0142<\/th>\n<td>Plastik + silikon<\/td>\n<\/tr>\n<tr>\n<th>Waga<\/th>\n<td>22 g<\/td>\n<\/tr>\n<tr>\n<th>Kompatybilno\u015b\u0107<\/th>\n<td>DJI Avata 2<\/td>\n<\/tr>\n<\/tbody>\n<\/table>\n<\/div>\n","protected":false},"excerpt":{"rendered":"<p>Podwy\u017cszenie podwozia Sunnylife do DJI Avata 2 (szare) Podwy\u017cszenie podwozia marki Sunnylife to idealny dodatek do DJI Avata 2. Wykonane<\/p>\n","protected":false},"featured_media":21206,"comment_status":"closed","ping_status":"open","template":"","meta":{"_acf_changed":false},"product_brand":[],"product_cat":[5575,1090,1091,6093,1088],"product_tag":[],"class_list":{"0":"post-21205","1":"product","2":"type-product","3":"status-publish","4":"has-post-thumbnail","6":"product_cat-avata-2","7":"product_cat-akcesoria","8":"product_cat-dji","9":"product_cat-baterie-do-dronow","10":"product_cat-drony","11":"pa_box-height-3520","12":"pa_box-length-1997","13":"pa_box-width-1408","14":"pa_gross-weight-4854","15":"pa_net-weight-4006","17":"first","18":"instock","19":"taxable","20":"shipping-taxable","21":"purchasable","22":"product-type-simple"},"acf":[],"yoast_head":"<!-- This site is optimized with the Yoast SEO plugin v27.2 - https:\/\/yoast.com\/product\/yoast-seo-wordpress\/ -->\n<title>Podwy\u017cszenie podwozia Sunnylife do DJI Avata 2 (szare) - IRONSKY.PL Sklep z Dronami<\/title>\n<meta name=\"description\" content=\"Podwy\u017cszenie podwozia Sunnylife do DJI Avata 2 (szare) - \u2705 sklep z dronami i fachowym doradztwem. \u2705 Tutaj kupisz produkty DJI, Yuneec, Parrot, Syma i wiele innych, a tak\u017ce kursy i licencje na operatora drona.\" \/>\n<meta name=\"robots\" content=\"index, follow, max-snippet:-1, max-image-preview:large, max-video-preview:-1\" \/>\n<link rel=\"canonical\" href=\"https:\/\/ironsky.pl\/sklep\/produkt\/landing-gear-sunnylife-for-dji-avata-2-gray\/\" \/>\n<meta property=\"og:locale\" content=\"pl_PL\" \/>\n<meta property=\"og:type\" content=\"article\" \/>\n<meta property=\"og:title\" content=\"Podwy\u017cszenie podwozia Sunnylife do DJI Avata 2 (szare) - IRONSKY.PL Sklep z Dronami\" \/>\n<meta property=\"og:description\" content=\"Podwy\u017cszenie podwozia Sunnylife do DJI Avata 2 (szare) - \u2705 sklep z dronami i fachowym doradztwem. \u2705 Tutaj kupisz produkty DJI, Yuneec, Parrot, Syma i wiele innych, a tak\u017ce kursy i licencje na operatora drona.\" \/>\n<meta property=\"og:url\" content=\"https:\/\/ironsky.pl\/sklep\/produkt\/landing-gear-sunnylife-for-dji-avata-2-gray\/\" \/>\n<meta property=\"og:site_name\" content=\"IRONSKY.PL Sklep z Dronami\" \/>\n<meta property=\"article:modified_time\" content=\"2026-05-02T10:02:30+00:00\" \/>\n<meta property=\"og:image\" content=\"https:\/\/ironsky.pl\/sklep\/wp-content\/uploads\/2024\/09\/42857_1.jpg\" \/>\n\t<meta property=\"og:image:width\" content=\"800\" \/>\n\t<meta property=\"og:image:height\" content=\"800\" \/>\n\t<meta property=\"og:image:type\" content=\"image\/jpeg\" \/>\n<meta name=\"twitter:card\" content=\"summary_large_image\" \/>\n<meta name=\"twitter:label1\" content=\"Szacowany czas czytania\" \/>\n\t<meta name=\"twitter:data1\" content=\"2 minuty\" \/>\n<script type=\"application\/ld+json\" class=\"yoast-schema-graph\">{\"@context\":\"https:\/\/schema.org\",\"@graph\":[{\"@type\":\"WebPage\",\"@id\":\"https:\/\/ironsky.pl\/sklep\/produkt\/landing-gear-sunnylife-for-dji-avata-2-gray\/\",\"url\":\"https:\/\/ironsky.pl\/sklep\/produkt\/landing-gear-sunnylife-for-dji-avata-2-gray\/\",\"name\":\"Podwy\u017cszenie podwozia Sunnylife do DJI Avata 2 (szare) - IRONSKY.PL Sklep z Dronami\",\"isPartOf\":{\"@id\":\"https:\/\/ironsky.pl\/sklep\/#website\"},\"primaryImageOfPage\":{\"@id\":\"https:\/\/ironsky.pl\/sklep\/produkt\/landing-gear-sunnylife-for-dji-avata-2-gray\/#primaryimage\"},\"image\":{\"@id\":\"https:\/\/ironsky.pl\/sklep\/produkt\/landing-gear-sunnylife-for-dji-avata-2-gray\/#primaryimage\"},\"thumbnailUrl\":\"https:\/\/ironsky.pl\/sklep\/wp-content\/uploads\/2024\/09\/42857_1.jpg\",\"datePublished\":\"2024-09-16T10:37:31+00:00\",\"dateModified\":\"2026-05-02T10:02:30+00:00\",\"description\":\"Podwy\u017cszenie podwozia Sunnylife do DJI Avata 2 (szare) - \u2705 sklep z dronami i fachowym doradztwem. \u2705 Tutaj kupisz produkty DJI, Yuneec, Parrot, Syma i wiele innych, a tak\u017ce kursy i licencje na operatora drona.\",\"breadcrumb\":{\"@id\":\"https:\/\/ironsky.pl\/sklep\/produkt\/landing-gear-sunnylife-for-dji-avata-2-gray\/#breadcrumb\"},\"inLanguage\":\"pl-PL\",\"potentialAction\":[{\"@type\":\"ReadAction\",\"target\":[\"https:\/\/ironsky.pl\/sklep\/produkt\/landing-gear-sunnylife-for-dji-avata-2-gray\/\"]}]},{\"@type\":\"ImageObject\",\"inLanguage\":\"pl-PL\",\"@id\":\"https:\/\/ironsky.pl\/sklep\/produkt\/landing-gear-sunnylife-for-dji-avata-2-gray\/#primaryimage\",\"url\":\"https:\/\/ironsky.pl\/sklep\/wp-content\/uploads\/2024\/09\/42857_1.jpg\",\"contentUrl\":\"https:\/\/ironsky.pl\/sklep\/wp-content\/uploads\/2024\/09\/42857_1.jpg\",\"width\":800,\"height\":800},{\"@type\":\"BreadcrumbList\",\"@id\":\"https:\/\/ironsky.pl\/sklep\/produkt\/landing-gear-sunnylife-for-dji-avata-2-gray\/#breadcrumb\",\"itemListElement\":[{\"@type\":\"ListItem\",\"position\":1,\"name\":\"Strona g\u0142\u00f3wna\",\"item\":\"https:\/\/ironsky.pl\/sklep\/\"},{\"@type\":\"ListItem\",\"position\":2,\"name\":\"Wszystkie produkty\",\"item\":\"https:\/\/ironsky.pl\/sklep\/produkty\/\"},{\"@type\":\"ListItem\",\"position\":3,\"name\":\"Podwy\u017cszenie podwozia Sunnylife do DJI Avata 2 (szare)\"}]},{\"@type\":\"WebSite\",\"@id\":\"https:\/\/ironsky.pl\/sklep\/#website\",\"url\":\"https:\/\/ironsky.pl\/sklep\/\",\"name\":\"IRONSKY.PL Sklep z Dronami\",\"description\":\"IRONSKY.PL Sklep z Dronami\",\"potentialAction\":[{\"@type\":\"SearchAction\",\"target\":{\"@type\":\"EntryPoint\",\"urlTemplate\":\"https:\/\/ironsky.pl\/sklep\/?s={search_term_string}\"},\"query-input\":{\"@type\":\"PropertyValueSpecification\",\"valueRequired\":true,\"valueName\":\"search_term_string\"}}],\"inLanguage\":\"pl-PL\"}]}<\/script>\n<!-- \/ Yoast SEO plugin. -->","yoast_head_json":{"title":"Podwy\u017cszenie podwozia Sunnylife do DJI Avata 2 (szare) - IRONSKY.PL Sklep z Dronami","description":"Podwy\u017cszenie podwozia Sunnylife do DJI Avata 2 (szare) - \u2705 sklep z dronami i fachowym doradztwem. \u2705 Tutaj kupisz produkty DJI, Yuneec, Parrot, Syma i wiele innych, a tak\u017ce kursy i licencje na operatora drona.","robots":{"index":"index","follow":"follow","max-snippet":"max-snippet:-1","max-image-preview":"max-image-preview:large","max-video-preview":"max-video-preview:-1"},"canonical":"https:\/\/ironsky.pl\/sklep\/produkt\/landing-gear-sunnylife-for-dji-avata-2-gray\/","og_locale":"pl_PL","og_type":"article","og_title":"Podwy\u017cszenie podwozia Sunnylife do DJI Avata 2 (szare) - IRONSKY.PL Sklep z Dronami","og_description":"Podwy\u017cszenie podwozia Sunnylife do DJI Avata 2 (szare) - \u2705 sklep z dronami i fachowym doradztwem. \u2705 Tutaj kupisz produkty DJI, Yuneec, Parrot, Syma i wiele innych, a tak\u017ce kursy i licencje na operatora drona.","og_url":"https:\/\/ironsky.pl\/sklep\/produkt\/landing-gear-sunnylife-for-dji-avata-2-gray\/","og_site_name":"IRONSKY.PL Sklep z Dronami","article_modified_time":"2026-05-02T10:02:30+00:00","og_image":[{"width":800,"height":800,"url":"https:\/\/ironsky.pl\/sklep\/wp-content\/uploads\/2024\/09\/42857_1.jpg","type":"image\/jpeg"}],"twitter_card":"summary_large_image","twitter_misc":{"Szacowany czas czytania":"2 minuty"},"schema":{"@context":"https:\/\/schema.org","@graph":[{"@type":"WebPage","@id":"https:\/\/ironsky.pl\/sklep\/produkt\/landing-gear-sunnylife-for-dji-avata-2-gray\/","url":"https:\/\/ironsky.pl\/sklep\/produkt\/landing-gear-sunnylife-for-dji-avata-2-gray\/","name":"Podwy\u017cszenie podwozia Sunnylife do DJI Avata 2 (szare) - IRONSKY.PL Sklep z Dronami","isPartOf":{"@id":"https:\/\/ironsky.pl\/sklep\/#website"},"primaryImageOfPage":{"@id":"https:\/\/ironsky.pl\/sklep\/produkt\/landing-gear-sunnylife-for-dji-avata-2-gray\/#primaryimage"},"image":{"@id":"https:\/\/ironsky.pl\/sklep\/produkt\/landing-gear-sunnylife-for-dji-avata-2-gray\/#primaryimage"},"thumbnailUrl":"https:\/\/ironsky.pl\/sklep\/wp-content\/uploads\/2024\/09\/42857_1.jpg","datePublished":"2024-09-16T10:37:31+00:00","dateModified":"2026-05-02T10:02:30+00:00","description":"Podwy\u017cszenie podwozia Sunnylife do DJI Avata 2 (szare) - \u2705 sklep z dronami i fachowym doradztwem. \u2705 Tutaj kupisz produkty DJI, Yuneec, Parrot, Syma i wiele innych, a tak\u017ce kursy i licencje na operatora drona.","breadcrumb":{"@id":"https:\/\/ironsky.pl\/sklep\/produkt\/landing-gear-sunnylife-for-dji-avata-2-gray\/#breadcrumb"},"inLanguage":"pl-PL","potentialAction":[{"@type":"ReadAction","target":["https:\/\/ironsky.pl\/sklep\/produkt\/landing-gear-sunnylife-for-dji-avata-2-gray\/"]}]},{"@type":"ImageObject","inLanguage":"pl-PL","@id":"https:\/\/ironsky.pl\/sklep\/produkt\/landing-gear-sunnylife-for-dji-avata-2-gray\/#primaryimage","url":"https:\/\/ironsky.pl\/sklep\/wp-content\/uploads\/2024\/09\/42857_1.jpg","contentUrl":"https:\/\/ironsky.pl\/sklep\/wp-content\/uploads\/2024\/09\/42857_1.jpg","width":800,"height":800},{"@type":"BreadcrumbList","@id":"https:\/\/ironsky.pl\/sklep\/produkt\/landing-gear-sunnylife-for-dji-avata-2-gray\/#breadcrumb","itemListElement":[{"@type":"ListItem","position":1,"name":"Strona g\u0142\u00f3wna","item":"https:\/\/ironsky.pl\/sklep\/"},{"@type":"ListItem","position":2,"name":"Wszystkie produkty","item":"https:\/\/ironsky.pl\/sklep\/produkty\/"},{"@type":"ListItem","position":3,"name":"Podwy\u017cszenie podwozia Sunnylife do DJI Avata 2 (szare)"}]},{"@type":"WebSite","@id":"https:\/\/ironsky.pl\/sklep\/#website","url":"https:\/\/ironsky.pl\/sklep\/","name":"IRONSKY.PL Sklep z Dronami","description":"IRONSKY.PL Sklep z Dronami","potentialAction":[{"@type":"SearchAction","target":{"@type":"EntryPoint","urlTemplate":"https:\/\/ironsky.pl\/sklep\/?s={search_term_string}"},"query-input":{"@type":"PropertyValueSpecification","valueRequired":true,"valueName":"search_term_string"}}],"inLanguage":"pl-PL"}]}},"_links":{"self":[{"href":"https:\/\/ironsky.pl\/sklep\/wp-json\/wp\/v2\/product\/21205","targetHints":{"allow":["GET"]}}],"collection":[{"href":"https:\/\/ironsky.pl\/sklep\/wp-json\/wp\/v2\/product"}],"about":[{"href":"https:\/\/ironsky.pl\/sklep\/wp-json\/wp\/v2\/types\/product"}],"replies":[{"embeddable":true,"href":"https:\/\/ironsky.pl\/sklep\/wp-json\/wp\/v2\/comments?post=21205"}],"wp:featuredmedia":[{"embeddable":true,"href":"https:\/\/ironsky.pl\/sklep\/wp-json\/wp\/v2\/media\/21206"}],"wp:attachment":[{"href":"https:\/\/ironsky.pl\/sklep\/wp-json\/wp\/v2\/media?parent=21205"}],"wp:term":[{"taxonomy":"product_brand","embeddable":true,"href":"https:\/\/ironsky.pl\/sklep\/wp-json\/wp\/v2\/product_brand?post=21205"},{"taxonomy":"product_cat","embeddable":true,"href":"https:\/\/ironsky.pl\/sklep\/wp-json\/wp\/v2\/product_cat?post=21205"},{"taxonomy":"product_tag","embeddable":true,"href":"https:\/\/ironsky.pl\/sklep\/wp-json\/wp\/v2\/product_tag?post=21205"}],"curies":[{"name":"wp","href":"https:\/\/api.w.org\/{rel}","templated":true}]}}