{"id":21168,"date":"2024-09-16T12:36:33","date_gmt":"2024-09-16T10:36:33","guid":{"rendered":"http:\/\/gvshalph.pro-linuxpl.com\/ironskyprodukty\/produkt\/domyslna-nazwa-4\/"},"modified":"2026-05-02T22:03:06","modified_gmt":"2026-05-02T20:03:06","slug":"dji-care-refresh-dji-rs-4-pro","status":"publish","type":"product","link":"https:\/\/ironsky.pl\/sklep\/produkt\/dji-care-refresh-dji-rs-4-pro\/","title":{"rendered":"DJI Care Refresh DJI RS 4 Pro"},"content":{"rendered":"<div id=\"Opisproduktu\" class=\"long-description\">\n<div class=\"long-description__description-wrapper\">\n<div class=\"description-item\">\n<div class=\"description-item__wrapper --reverse\">\n<div class=\"description-item__body\">\n<div class=\"description-item__body-wrapper\">\n<div class=\"description-item__title\">O us\u0142udze<\/div>\n<div class=\"description-item__content\">\n<p>DJI Care Refresh to pakiet serwisowy umo\u017cliwiaj\u0105cy &#8211; odp\u0142atn\u0105 &#8211; wymian\u0119 uszkodzonego produktu na nowy. Obejmuje ona uszkodzenia powsta\u0142e nawet z winy u\u017cytkownika.<\/p>\n<p>Us\u0142uga mo\u017ce by\u0107 aktywowana w ka\u017cdym momencie &#8211; po 30 dniach od aktywacji urz\u0105dzenia konieczne b\u0119dzie przes\u0142anie do DJI <a href=\"https:\/\/repair.dji.com\/djicare\/customerupload\" target=\"_blank\" rel=\"noopener noreferrer nofollow\"><u>filmu weryfikacyjnego<\/u><\/a>.<\/p>\n<p>\u0141\u0105czny czas us\u0142ugi, uwzgl\u0119dniaj\u0105c przed\u0142u\u017cenia wynosi 3 lata, a to a\u017c 6 wymian!<\/p>\n<p>Wi\u0119cej informacji znajdziesz poni\u017cej.<\/p>\n<\/div>\n<\/div>\n<\/div>\n<div class=\"description-item__img\"><img decoding=\"async\" src=\"https:\/\/assets.innpro.pl\/743\/792\/DJI-Care-Refresh-3.png\" alt=\"\" \/><\/div>\n<\/div>\n<\/div>\n<div class=\"description-item\">\n<div class=\"description-item__wrapper\">\n<div class=\"description-item__body\">\n<div class=\"description-item__body-wrapper\">\n<div class=\"description-item__title\">Koszt wymiany <sup>1<\/sup><\/div>\n<div class=\"description-item__content\">\n<p>W przypadku DJI RS 4 Pro koszt ka\u017cdej wymiany w ramach DJI Care Refresh wynosi: 345 PLN<\/p>\n<p>DJI Care Refresh (plan roczny) zapewnia dwie wymiany.<\/p>\n<p>DJI Care Refresh (pakiet 2-letni) zapewnia cztery wymiany.<\/p>\n<p>&nbsp;<\/p>\n<p>&nbsp;<\/p>\n<p><sup>1<\/sup> W przypadku zg\u0142oszenia bezpo\u015brednio u producenta, kwota wymiany mo\u017ce ulec zmianie w zale\u017cno\u015bci od aktualnego kursu walut.<\/p>\n<\/div>\n<\/div>\n<\/div>\n<div class=\"description-item__img\"><img decoding=\"async\" src=\"https:\/\/assets.innpro.pl\/743\/792\/DJI-Care-Refresh-8.png\" alt=\"\" \/><\/div>\n<\/div>\n<\/div>\n<div class=\"description-item\">\n<div class=\"description-item__wrapper --reverse\">\n<div class=\"description-item__body\">\n<div class=\"description-item__body-wrapper\">\n<div class=\"description-item__title\">Mo\u017cliwo\u015b\u0107 przed\u0142u\u017cenia gwarancji producenta <sup>2<\/sup><\/div>\n<div class=\"description-item__content\">\n<p>Je\u017celi w okresie wa\u017cno\u015bci us\u0142ugi ani razu nie skorzystasz z mo\u017cliwo\u015bci wymiany, w ramach nagrody, DJI przed\u0142u\u017cy Twoj\u0105 gwarancj\u0119 producenta na dodatkowy rok.<\/p>\n<p>&nbsp;<\/p>\n<p style=\"text-align: center\"><sup>2<\/sup> Dotyczy nast\u0119puj\u0105cych modeli: DJI Action 2, DJI Osmo Action 3, DJI Osmo Action 4,DJI Osmo Mobile SE, DJI Osmo Mobile 6, DJI RS 3, DJI RS 3 Pro, DJI RS 3 Mini<\/p>\n<\/div>\n<\/div>\n<\/div>\n<div class=\"description-item__img\"><img decoding=\"async\" src=\"https:\/\/assets.innpro.pl\/743\/792\/DJI-Care-Refresh-4.png\" alt=\"\" \/><\/div>\n<\/div>\n<\/div>\n<div class=\"description-item\">\n<div class=\"description-item__wrapper\">\n<div class=\"description-item__body\">\n<div class=\"description-item__body-wrapper\">\n<div class=\"description-item__title\">Jak aktywowa\u0107 DJI Care Refresh?<\/div>\n<div class=\"description-item__content\">\n<p>1. Wejd\u017a na poni\u017csz\u0105 stron\u0119 internetow\u0105: <a href=\"https:\/\/support.dji.com\/care\/active\" target=\"_blank\" rel=\"noopener noreferrer nofollow\"><u>Aktywacja DJI Care Refresh<\/u><\/a><\/p>\n<p>2. W trakcie procesu aktywacji podaj kod Care Refresh, numer seryjny urz\u0105dzenia oraz swoje dane.<\/p>\n<p>2a. Gdy up\u0142yn\u0105\u0142 czas aktywacji, konieczne b\u0119dzie przes\u0142anie do <a href=\"https:\/\/repair.dji.com\/djicare\/customerupload\" target=\"_blank\" rel=\"noopener noreferrer nofollow\"><u>DJI filmu weryfikacyjnego<\/u><\/a>. Po akceptacji us\u0142ug\u0119 nale\u017cy aktywowa\u0107 w ci\u0105gu 72 godzin.<\/p>\n<p>3. Us\u0142uga zostanie aktywowana i automatycznie przypisana do urz\u0105dzenia. Potwierdzenie aktywacji DJI Care Refresh otrzymasz drog\u0105 mailow\u0105.<\/p>\n<\/div>\n<\/div>\n<\/div>\n<div class=\"description-item__img\"><img decoding=\"async\" src=\"https:\/\/assets.innpro.pl\/743\/792\/DJI-Care-Refresh-2.png\" alt=\"\" \/><\/div>\n<\/div>\n<\/div>\n<div class=\"description-item\">\n<div class=\"description-item__wrapper --reverse\">\n<div class=\"description-item__body\">\n<div class=\"description-item__body-wrapper\">\n<div class=\"description-item__title\">Jak skorzysta\u0107 z us\u0142ugi?<\/div>\n<div class=\"description-item__content\">\n<p>1. Zg\u0142o\u015b napraw\u0119 do naszego serwisu: <a href=\"https:\/\/dji-ars.pl\/Serwis-chelp-pol-66.html\" target=\"_blank\" rel=\"noopener noreferrer nofollow\"><u>DJI-ARS Serwis<\/u><\/a><\/p>\n<p>Alternatywnie mo\u017cesz zg\u0142osi\u0107 usterk\u0119 na stronie <a href=\"https:\/\/www.dji.com\/pl\/support\/repair\" target=\"_blank\" rel=\"noopener noreferrer nofollow\"><u>producenta DJI<\/u><\/a> i wys\u0142a\u0107 produkt z adnotacj\u0105, \u017ce posiadasz DJI Care Refresh.<\/p>\n<p>2. Gdy otrzymasz wycen\u0119 naprawy, zdecyduj, czy chcesz z niej skorzysta\u0107, czy wolisz wymian\u0119 w ramach DJI Care Refresh.<\/p>\n<p>3. Po wybraniu opcji DJI Care Refresh zap\u0142a\u0107 za wymian\u0119 \u2013 nast\u0119pnie otrzymasz nowy egzemplarz.<\/p>\n<p>4. Wymieniony produkt zostanie do Ciebie dostarczony priorytetowo i z darmow\u0105 wysy\u0142k\u0105.<\/p>\n<\/div>\n<\/div>\n<\/div>\n<div class=\"description-item__img\"><img decoding=\"async\" src=\"https:\/\/assets.innpro.pl\/743\/792\/DJI-Care-Refresh-6.png\" alt=\"\" \/><\/div>\n<\/div>\n<\/div>\n<div class=\"description-item\" style=\"text-align: center\"><img decoding=\"async\" src=\"https:\/\/assets.innpro.pl\/743\/792\/DJI-Care-Refresh-5a.png\" alt=\"\" \/><\/p>\n<div class=\"description-item__wrapper-center\">\n<div class=\"description-item__body-center\">\n<div class=\"description-item__body-wrapper-center\">\n<div class=\"description-item__title\" style=\"text-align: center\"><\/div>\n<div class=\"description-item__content\" style=\"text-align: center\">\n<table>\n<tbody>\n<tr>\n<th colspan=\"1\" rowspan=\"1\">\n<p style=\"text-align: center\">Obejmuje:<\/p>\n<\/th>\n<th colspan=\"1\" rowspan=\"1\">\n<p style=\"text-align: center\">Nie obejmuje:<\/p>\n<\/th>\n<\/tr>\n<tr>\n<td colspan=\"1\" rowspan=\"1\">Wymian\u0119 b\u0105d\u017a napraw\u0119 w przypadku uszkodzenia spowodowanego przez upadek, upuszczenie<\/td>\n<td colspan=\"1\" rowspan=\"1\">Zgubionego b\u0105d\u017a cz\u0119\u015bciowo zgubionego gimbala, kamery lub akcesori\u00f3w, kradzie\u017cy.<\/td>\n<\/tr>\n<tr>\n<td colspan=\"1\" rowspan=\"1\">Wymian\u0119 produktu na nowy w przypadku uszkodzenia poprzez dzia\u0142anie wody lub wilgoci<\/td>\n<td colspan=\"1\" rowspan=\"1\">Uszkodze\u0144 spowodowanych u\u017cytkowaniem niezgodnie z instrukcj\u0105 obs\u0142ugi oraz uszkodze\u0144 obudowy, kt\u00f3re nie wp\u0142ywaj\u0105 na dzia\u0142anie produktu.<\/td>\n<\/tr>\n<tr>\n<td colspan=\"1\" rowspan=\"1\">W celu skorzystania z us\u0142ugi konieczne jest dostarczenie uszkodzonego produktu.<\/td>\n<td colspan=\"1\" rowspan=\"1\">Bezpo\u015brednich lub niebezpo\u015brednich uszkodze\u0144 spowodowanych dzia\u0142aniem si\u0142 wy\u017cszych oraz usterek powsta\u0142ych poza okresem wa\u017cno\u015bci DJI Care Refresh.<\/td>\n<\/tr>\n<tr>\n<td colspan=\"1\" rowspan=\"1\">\n<p style=\"text-align: center\">Dodatkowo:<\/p>\n<\/td>\n<\/tr>\n<tr>\n<td colspan=\"1\" rowspan=\"1\">Ka\u017cdy u\u017cytkownik posiadaj\u0105cy DJI Care Refresh mo\u017ce liczy\u0107 na natychmiastowe wsparcie ze strony DJI.<\/td>\n<td colspan=\"1\" rowspan=\"1\">Dodatkowych op\u0142at zwi\u0105zanych z ulepszaniem modelu, poprawianiem jego dzia\u0142ania.<\/td>\n<\/tr>\n<tr>\n<td colspan=\"1\" rowspan=\"1\">Producent zapewnia darmow\u0105 wysy\u0142k\u0119 naprawionego\/wymienionego urz\u0105dzenia do klienta.<\/td>\n<td colspan=\"1\" rowspan=\"1\">Usterek wynikaj\u0105cych z przeprowadzania modyfikacji, kt\u00f3re nie s\u0105 zgodne z zaleceniami znajduj\u0105cymi si\u0119 w podr\u0119czniku u\u017cytkownika b\u0105d\u017a z u\u017cywania niekompatybilnych akumulator\u00f3w, \u0142adowarki lub oprogramowania<\/td>\n<\/tr>\n<tr>\n<td colspan=\"1\" rowspan=\"1\">12 miesi\u0119czne przed\u0142u\u017cenie gwarancji producenta w nagrod\u0119 za bezpieczne u\u017cytkowanie &#8211; dotyczy wybranych modeli.<\/td>\n<\/tr>\n<\/tbody>\n<\/table>\n<p>&nbsp;<\/p>\n<\/div>\n<\/div>\n<\/div>\n<\/div>\n<div class=\"description-item__wrapper-center\">\n<div class=\"description-item__body-center\">\n<div class=\"description-item__body-wrapper-center\">\n<div class=\"description-item__title\" style=\"text-align: center\">Przed\u0142u\u017cenie us\u0142ugi DJI Care Refresh<\/div>\n<div class=\"description-item__content\" style=\"text-align: center\">\n<p>Maksymalny okres trwania us\u0142ugi DJI Care Refresh, \u0142\u0105cznie z przed\u0142u\u017ceniem to 3 lata. Je\u015bli chcesz to zrobi\u0107, wykup dodatkowy roczny plan.<\/p>\n<\/div>\n<\/div>\n<\/div>\n<\/div>\n<div class=\"description-item\" style=\"text-align: center\"><img decoding=\"async\" src=\"https:\/\/assets.innpro.pl\/743\/792\/wykres DJI CRostateczne.png\" alt=\"\" \/><\/p>\n<div class=\"description-item__wrapper-center\">\n<div class=\"description-item__body-center\">\n<div class=\"description-item__body-wrapper-center\">\n<div class=\"description-item__title\" style=\"text-align: center\"><\/div>\n<div class=\"description-item__content\" style=\"text-align: center\">\n<p>Przed\u0142u\u017cenia mo\u017cna dokona\u0107 tylko za pomoc\u0105 planu rocznego w czasie trwania aktualnego planu lub w ci\u0105gu 15 dni od daty zako\u0144czenia wa\u017cno\u015bci us\u0142ugi.<\/p>\n<p>&nbsp;<\/p>\n<p>Informujemy, \u017ce na podstawie <a href=\"https:\/\/dji-ars.pl\/pol-terms.html\" target=\"_blank\" rel=\"noopener noreferrer nofollow\"><u>regulaminu \u00a75 punkty 5.6-5.7<\/u><\/a> nie ma mo\u017cliwo\u015bci zwrotu, b\u0105d\u017a wymiany kod\u00f3w elektronicznych oraz kart fizycznych ze usuni\u0119t\u0105 pow\u0142ok\u0105 zabezpieczaj\u0105c\u0105 lub plomb\u0105.<\/p>\n<\/div>\n<\/div>\n<\/div>\n<\/div>\n<\/div>\n<\/div>\n<\/div>\n<\/div>\n","protected":false},"excerpt":{"rendered":"<p>O us\u0142udze DJI Care Refresh to pakiet serwisowy umo\u017cliwiaj\u0105cy &#8211; odp\u0142atn\u0105 &#8211; wymian\u0119 uszkodzonego produktu na nowy. Obejmuje ona uszkodzenia<\/p>\n","protected":false},"featured_media":21169,"comment_status":"closed","ping_status":"closed","template":"","meta":{"_acf_changed":false},"product_brand":[],"product_cat":[1094],"product_tag":[],"class_list":{"0":"post-21168","1":"product","2":"type-product","3":"status-publish","4":"has-post-thumbnail","6":"product_cat-ubezpieczenia-dji-care","7":"pa_box-height-1416","8":"pa_box-length-1345","9":"pa_box-width-2060","10":"pa_gross-weight-2383","11":"pa_hs-code-3883","12":"pa_net-weight-1533","13":"pa_seria-ronin-dji-rs-4-pro","15":"first","16":"instock","17":"taxable","18":"shipping-taxable","19":"purchasable","20":"product-type-simple"},"acf":[],"yoast_head":"<!-- This site is optimized with the Yoast SEO plugin v27.2 - https:\/\/yoast.com\/product\/yoast-seo-wordpress\/ -->\n<title>DJI Care Refresh DJI RS 4 Pro - IRONSKY.PL Sklep z Dronami<\/title>\n<meta name=\"description\" content=\"DJI Care Refresh DJI RS 4 Pro - \u2705 sklep z dronami i fachowym doradztwem. \u2705 Tutaj kupisz produkty DJI, Yuneec, Parrot, Syma i wiele innych, a tak\u017ce kursy i licencje na operatora drona.\" \/>\n<meta name=\"robots\" content=\"index, follow, max-snippet:-1, max-image-preview:large, max-video-preview:-1\" \/>\n<link rel=\"canonical\" href=\"https:\/\/ironsky.pl\/sklep\/produkt\/dji-care-refresh-dji-rs-4-pro\/\" \/>\n<meta property=\"og:locale\" content=\"pl_PL\" \/>\n<meta property=\"og:type\" content=\"article\" \/>\n<meta property=\"og:title\" content=\"DJI Care Refresh DJI RS 4 Pro - IRONSKY.PL Sklep z Dronami\" \/>\n<meta property=\"og:description\" content=\"DJI Care Refresh DJI RS 4 Pro - \u2705 sklep z dronami i fachowym doradztwem. \u2705 Tutaj kupisz produkty DJI, Yuneec, Parrot, Syma i wiele innych, a tak\u017ce kursy i licencje na operatora drona.\" \/>\n<meta property=\"og:url\" content=\"https:\/\/ironsky.pl\/sklep\/produkt\/dji-care-refresh-dji-rs-4-pro\/\" \/>\n<meta property=\"og:site_name\" content=\"IRONSKY.PL Sklep z Dronami\" \/>\n<meta property=\"article:modified_time\" content=\"2026-05-02T20:03:06+00:00\" \/>\n<meta property=\"og:image\" content=\"https:\/\/ironsky.pl\/sklep\/wp-content\/uploads\/2024\/09\/42646_1.png\" \/>\n\t<meta property=\"og:image:width\" content=\"1014\" \/>\n\t<meta property=\"og:image:height\" content=\"1005\" \/>\n\t<meta property=\"og:image:type\" content=\"image\/png\" \/>\n<meta name=\"twitter:card\" content=\"summary_large_image\" \/>\n<meta name=\"twitter:label1\" content=\"Szacowany czas czytania\" \/>\n\t<meta name=\"twitter:data1\" content=\"5 minut\" \/>\n<script type=\"application\/ld+json\" class=\"yoast-schema-graph\">{\"@context\":\"https:\/\/schema.org\",\"@graph\":[{\"@type\":\"WebPage\",\"@id\":\"https:\/\/ironsky.pl\/sklep\/produkt\/dji-care-refresh-dji-rs-4-pro\/\",\"url\":\"https:\/\/ironsky.pl\/sklep\/produkt\/dji-care-refresh-dji-rs-4-pro\/\",\"name\":\"DJI Care Refresh DJI RS 4 Pro - IRONSKY.PL Sklep z Dronami\",\"isPartOf\":{\"@id\":\"https:\/\/ironsky.pl\/sklep\/#website\"},\"primaryImageOfPage\":{\"@id\":\"https:\/\/ironsky.pl\/sklep\/produkt\/dji-care-refresh-dji-rs-4-pro\/#primaryimage\"},\"image\":{\"@id\":\"https:\/\/ironsky.pl\/sklep\/produkt\/dji-care-refresh-dji-rs-4-pro\/#primaryimage\"},\"thumbnailUrl\":\"https:\/\/ironsky.pl\/sklep\/wp-content\/uploads\/2024\/09\/42646_1.png\",\"datePublished\":\"2024-09-16T10:36:33+00:00\",\"dateModified\":\"2026-05-02T20:03:06+00:00\",\"description\":\"DJI Care Refresh DJI RS 4 Pro - \u2705 sklep z dronami i fachowym doradztwem. \u2705 Tutaj kupisz produkty DJI, Yuneec, Parrot, Syma i wiele innych, a tak\u017ce kursy i licencje na operatora drona.\",\"breadcrumb\":{\"@id\":\"https:\/\/ironsky.pl\/sklep\/produkt\/dji-care-refresh-dji-rs-4-pro\/#breadcrumb\"},\"inLanguage\":\"pl-PL\",\"potentialAction\":[{\"@type\":\"ReadAction\",\"target\":[\"https:\/\/ironsky.pl\/sklep\/produkt\/dji-care-refresh-dji-rs-4-pro\/\"]}]},{\"@type\":\"ImageObject\",\"inLanguage\":\"pl-PL\",\"@id\":\"https:\/\/ironsky.pl\/sklep\/produkt\/dji-care-refresh-dji-rs-4-pro\/#primaryimage\",\"url\":\"https:\/\/ironsky.pl\/sklep\/wp-content\/uploads\/2024\/09\/42646_1.png\",\"contentUrl\":\"https:\/\/ironsky.pl\/sklep\/wp-content\/uploads\/2024\/09\/42646_1.png\",\"width\":1014,\"height\":1005},{\"@type\":\"BreadcrumbList\",\"@id\":\"https:\/\/ironsky.pl\/sklep\/produkt\/dji-care-refresh-dji-rs-4-pro\/#breadcrumb\",\"itemListElement\":[{\"@type\":\"ListItem\",\"position\":1,\"name\":\"Strona g\u0142\u00f3wna\",\"item\":\"https:\/\/ironsky.pl\/sklep\/\"},{\"@type\":\"ListItem\",\"position\":2,\"name\":\"Wszystkie produkty\",\"item\":\"https:\/\/ironsky.pl\/sklep\/produkty\/\"},{\"@type\":\"ListItem\",\"position\":3,\"name\":\"DJI Care Refresh DJI RS 4 Pro\"}]},{\"@type\":\"WebSite\",\"@id\":\"https:\/\/ironsky.pl\/sklep\/#website\",\"url\":\"https:\/\/ironsky.pl\/sklep\/\",\"name\":\"IRONSKY.PL Sklep z Dronami\",\"description\":\"IRONSKY.PL Sklep z Dronami\",\"potentialAction\":[{\"@type\":\"SearchAction\",\"target\":{\"@type\":\"EntryPoint\",\"urlTemplate\":\"https:\/\/ironsky.pl\/sklep\/?s={search_term_string}\"},\"query-input\":{\"@type\":\"PropertyValueSpecification\",\"valueRequired\":true,\"valueName\":\"search_term_string\"}}],\"inLanguage\":\"pl-PL\"}]}<\/script>\n<!-- \/ Yoast SEO plugin. -->","yoast_head_json":{"title":"DJI Care Refresh DJI RS 4 Pro - IRONSKY.PL Sklep z Dronami","description":"DJI Care Refresh DJI RS 4 Pro - \u2705 sklep z dronami i fachowym doradztwem. \u2705 Tutaj kupisz produkty DJI, Yuneec, Parrot, Syma i wiele innych, a tak\u017ce kursy i licencje na operatora drona.","robots":{"index":"index","follow":"follow","max-snippet":"max-snippet:-1","max-image-preview":"max-image-preview:large","max-video-preview":"max-video-preview:-1"},"canonical":"https:\/\/ironsky.pl\/sklep\/produkt\/dji-care-refresh-dji-rs-4-pro\/","og_locale":"pl_PL","og_type":"article","og_title":"DJI Care Refresh DJI RS 4 Pro - IRONSKY.PL Sklep z Dronami","og_description":"DJI Care Refresh DJI RS 4 Pro - \u2705 sklep z dronami i fachowym doradztwem. \u2705 Tutaj kupisz produkty DJI, Yuneec, Parrot, Syma i wiele innych, a tak\u017ce kursy i licencje na operatora drona.","og_url":"https:\/\/ironsky.pl\/sklep\/produkt\/dji-care-refresh-dji-rs-4-pro\/","og_site_name":"IRONSKY.PL Sklep z Dronami","article_modified_time":"2026-05-02T20:03:06+00:00","og_image":[{"width":1014,"height":1005,"url":"https:\/\/ironsky.pl\/sklep\/wp-content\/uploads\/2024\/09\/42646_1.png","type":"image\/png"}],"twitter_card":"summary_large_image","twitter_misc":{"Szacowany czas czytania":"5 minut"},"schema":{"@context":"https:\/\/schema.org","@graph":[{"@type":"WebPage","@id":"https:\/\/ironsky.pl\/sklep\/produkt\/dji-care-refresh-dji-rs-4-pro\/","url":"https:\/\/ironsky.pl\/sklep\/produkt\/dji-care-refresh-dji-rs-4-pro\/","name":"DJI Care Refresh DJI RS 4 Pro - IRONSKY.PL Sklep z Dronami","isPartOf":{"@id":"https:\/\/ironsky.pl\/sklep\/#website"},"primaryImageOfPage":{"@id":"https:\/\/ironsky.pl\/sklep\/produkt\/dji-care-refresh-dji-rs-4-pro\/#primaryimage"},"image":{"@id":"https:\/\/ironsky.pl\/sklep\/produkt\/dji-care-refresh-dji-rs-4-pro\/#primaryimage"},"thumbnailUrl":"https:\/\/ironsky.pl\/sklep\/wp-content\/uploads\/2024\/09\/42646_1.png","datePublished":"2024-09-16T10:36:33+00:00","dateModified":"2026-05-02T20:03:06+00:00","description":"DJI Care Refresh DJI RS 4 Pro - \u2705 sklep z dronami i fachowym doradztwem. \u2705 Tutaj kupisz produkty DJI, Yuneec, Parrot, Syma i wiele innych, a tak\u017ce kursy i licencje na operatora drona.","breadcrumb":{"@id":"https:\/\/ironsky.pl\/sklep\/produkt\/dji-care-refresh-dji-rs-4-pro\/#breadcrumb"},"inLanguage":"pl-PL","potentialAction":[{"@type":"ReadAction","target":["https:\/\/ironsky.pl\/sklep\/produkt\/dji-care-refresh-dji-rs-4-pro\/"]}]},{"@type":"ImageObject","inLanguage":"pl-PL","@id":"https:\/\/ironsky.pl\/sklep\/produkt\/dji-care-refresh-dji-rs-4-pro\/#primaryimage","url":"https:\/\/ironsky.pl\/sklep\/wp-content\/uploads\/2024\/09\/42646_1.png","contentUrl":"https:\/\/ironsky.pl\/sklep\/wp-content\/uploads\/2024\/09\/42646_1.png","width":1014,"height":1005},{"@type":"BreadcrumbList","@id":"https:\/\/ironsky.pl\/sklep\/produkt\/dji-care-refresh-dji-rs-4-pro\/#breadcrumb","itemListElement":[{"@type":"ListItem","position":1,"name":"Strona g\u0142\u00f3wna","item":"https:\/\/ironsky.pl\/sklep\/"},{"@type":"ListItem","position":2,"name":"Wszystkie produkty","item":"https:\/\/ironsky.pl\/sklep\/produkty\/"},{"@type":"ListItem","position":3,"name":"DJI Care Refresh DJI RS 4 Pro"}]},{"@type":"WebSite","@id":"https:\/\/ironsky.pl\/sklep\/#website","url":"https:\/\/ironsky.pl\/sklep\/","name":"IRONSKY.PL Sklep z Dronami","description":"IRONSKY.PL Sklep z Dronami","potentialAction":[{"@type":"SearchAction","target":{"@type":"EntryPoint","urlTemplate":"https:\/\/ironsky.pl\/sklep\/?s={search_term_string}"},"query-input":{"@type":"PropertyValueSpecification","valueRequired":true,"valueName":"search_term_string"}}],"inLanguage":"pl-PL"}]}},"_links":{"self":[{"href":"https:\/\/ironsky.pl\/sklep\/wp-json\/wp\/v2\/product\/21168","targetHints":{"allow":["GET"]}}],"collection":[{"href":"https:\/\/ironsky.pl\/sklep\/wp-json\/wp\/v2\/product"}],"about":[{"href":"https:\/\/ironsky.pl\/sklep\/wp-json\/wp\/v2\/types\/product"}],"replies":[{"embeddable":true,"href":"https:\/\/ironsky.pl\/sklep\/wp-json\/wp\/v2\/comments?post=21168"}],"wp:featuredmedia":[{"embeddable":true,"href":"https:\/\/ironsky.pl\/sklep\/wp-json\/wp\/v2\/media\/21169"}],"wp:attachment":[{"href":"https:\/\/ironsky.pl\/sklep\/wp-json\/wp\/v2\/media?parent=21168"}],"wp:term":[{"taxonomy":"product_brand","embeddable":true,"href":"https:\/\/ironsky.pl\/sklep\/wp-json\/wp\/v2\/product_brand?post=21168"},{"taxonomy":"product_cat","embeddable":true,"href":"https:\/\/ironsky.pl\/sklep\/wp-json\/wp\/v2\/product_cat?post=21168"},{"taxonomy":"product_tag","embeddable":true,"href":"https:\/\/ironsky.pl\/sklep\/wp-json\/wp\/v2\/product_tag?post=21168"}],"curies":[{"name":"wp","href":"https:\/\/api.w.org\/{rel}","templated":true}]}}