{"id":21047,"date":"2024-09-16T12:34:24","date_gmt":"2024-09-16T10:34:24","guid":{"rendered":"http:\/\/gvshalph.pro-linuxpl.com\/ironskyprodukty\/produkt\/system-zrzutu-th4-v2\/"},"modified":"2026-03-24T09:21:44","modified_gmt":"2026-03-24T08:21:44","slug":"system-zrzutu-th4-v2","status":"publish","type":"product","link":"https:\/\/ironsky.pl\/sklep\/produkt\/system-zrzutu-th4-v2\/","title":{"rendered":"System zrzutu do drona DJI Matrice 400 \/ 350 \/300 &#8211; CZI ChengZhi TH4 V2"},"content":{"rendered":"<h2>System zrzutu do drona<\/h2>\n<h2>Kompatybilne drony: Matrice 400, Matrice 300 RTK, Matrice 210 V2<\/h2>\n<p>&nbsp;<\/p>\n<p>Aktualne oprogramowanie sterownik\u00f3w znajdziesz na stronie producenta:<\/p>\n<p>https:\/\/czi.com.cn\/en\/product-detail\/common?productModel=TH4+V2<\/p>\n<p>&nbsp;<\/p>\n<blockquote>\n<p class=\"my-2 [&amp;+p]:mt-4 [&amp;_strong:has(+br)]:inline-block [&amp;_strong:has(+br)]:pb-2\"><strong>System zrzutu TH4 V2 dla DJI Matrice \u2014 niezawodne wsparcie dla s\u0142u\u017cb i ratownictwa<\/strong><\/p>\n<p class=\"my-2 [&amp;+p]:mt-4 [&amp;_strong:has(+br)]:inline-block [&amp;_strong:has(+br)]:pb-2\"><strong>TH4 V2<\/strong>\u00a0to nowoczesne, wielofunkcyjne urz\u0105dzenie do zrzutu \u0142adunk\u00f3w, opracowane w oparciu o technologi\u0119\u00a0<strong>DJI Payload SDK<\/strong>. System jest w pe\u0142ni kompatybilny z\u00a0<strong>dronem DJI Matrice 400<\/strong>, co zapewnia bezproblemow\u0105 integracj\u0119, stabilno\u015b\u0107 po\u0142\u0105czenia oraz maksymalne bezpiecze\u0144stwo podczas lotu i wykonywania operacji z \u0142adunkiem.<\/p>\n<p class=\"my-2 [&amp;+p]:mt-4 [&amp;_strong:has(+br)]:inline-block [&amp;_strong:has(+br)]:pb-2\">Dzi\u0119ki systemowi\u00a0<strong>DJI Skyport V2.0<\/strong>, monta\u017c lub demonta\u017c TH4 V2 jest wyj\u0105tkowo szybki i intuicyjny. Mechanizm mocowania zapewnia pewne po\u0142\u0105czenie z dronem, jednocze\u015bnie umo\u017cliwiaj\u0105c\u00a0<strong>\u0142atwe \u0142adowanie akumulatora<\/strong>\u00a0bez konieczno\u015bci demonta\u017cu ca\u0142ego modu\u0142u.<\/p>\n<p class=\"my-2 [&amp;+p]:mt-4 [&amp;_strong:has(+br)]:inline-block [&amp;_strong:has(+br)]:pb-2\"><strong>Precyzyjne sterowanie z poziomu aplikacji DJI Pilot<\/strong>\u00a0pozwala na pe\u0142n\u0105 kontrol\u0119 nad czterema niezale\u017cnymi punktami zrzutu. Operator mo\u017ce:<\/p>\n<ul class=\"marker:text-quiet list-disc\">\n<li class=\"py-0 my-0 prose-p:pt-0 prose-p:mb-2 prose-p:my-0 [&amp;&gt;p]:pt-0 [&amp;&gt;p]:mb-2 [&amp;&gt;p]:my-0\">\n<p class=\"my-2 [&amp;+p]:mt-4 [&amp;_strong:has(+br)]:inline-block [&amp;_strong:has(+br)]:pb-2\">zwolni\u0107 \u0142adunki w dowolnej kolejno\u015bci,<\/p>\n<\/li>\n<li class=\"py-0 my-0 prose-p:pt-0 prose-p:mb-2 prose-p:my-0 [&amp;&gt;p]:pt-0 [&amp;&gt;p]:mb-2 [&amp;&gt;p]:my-0\">\n<p class=\"my-2 [&amp;+p]:mt-4 [&amp;_strong:has(+br)]:inline-block [&amp;_strong:has(+br)]:pb-2\">zrzuci\u0107 wszystkie cztery jednocze\u015bnie,<\/p>\n<\/li>\n<li class=\"py-0 my-0 prose-p:pt-0 prose-p:mb-2 prose-p:my-0 [&amp;&gt;p]:pt-0 [&amp;&gt;p]:mb-2 [&amp;&gt;p]:my-0\">\n<p class=\"my-2 [&amp;+p]:mt-4 [&amp;_strong:has(+br)]:inline-block [&amp;_strong:has(+br)]:pb-2\">wykonywa\u0107 operacje w pe\u0142ni zdalnie, nawet w trudnych warunkach terenowych.<\/p>\n<\/li>\n<\/ul>\n<h2 class=\"mb-2 mt-4 [.has-inline-images_&amp;]:clear-end font-sans visRefresh2026AnswerSerif:font-editorial font-semimedium visRefresh2026Fonts:font-bold text-base first:mt-0\">Zastosowanie<\/h2>\n<p class=\"my-2 [&amp;+p]:mt-4 [&amp;_strong:has(+br)]:inline-block [&amp;_strong:has(+br)]:pb-2\"><strong>TH4 V2<\/strong>\u00a0wspiera dzia\u0142ania wsz\u0119dzie tam, gdzie szybka i precyzyjna dystrybucja \u0142adunku z powietrza ma kluczowe znaczenie.<br \/>\nSprawdza si\u0119 m.in. w:<\/p>\n<ul class=\"marker:text-quiet list-disc\">\n<li class=\"py-0 my-0 prose-p:pt-0 prose-p:mb-2 prose-p:my-0 [&amp;&gt;p]:pt-0 [&amp;&gt;p]:mb-2 [&amp;&gt;p]:my-0\">\n<p class=\"my-2 [&amp;+p]:mt-4 [&amp;_strong:has(+br)]:inline-block [&amp;_strong:has(+br)]:pb-2\"><strong>Ratownictwie g\u00f3rskim, wodnym i medycznym<\/strong>\u00a0\u2013 dostarczanie kamizelek ratunkowych, apteczek, radiostacji lub zestaw\u00f3w ratunkowych do trudno dost\u0119pnych miejsc.<\/p>\n<\/li>\n<li class=\"py-0 my-0 prose-p:pt-0 prose-p:mb-2 prose-p:my-0 [&amp;&gt;p]:pt-0 [&amp;&gt;p]:mb-2 [&amp;&gt;p]:my-0\">\n<p class=\"my-2 [&amp;+p]:mt-4 [&amp;_strong:has(+br)]:inline-block [&amp;_strong:has(+br)]:pb-2\"><strong>S\u0142u\u017cbach mundurowych<\/strong>\u00a0\u2013 zrzut sprz\u0119tu taktycznego, linek czy \u015brodk\u00f3w \u0142\u0105czno\u015bci podczas operacji specjalnych.<\/p>\n<\/li>\n<li class=\"py-0 my-0 prose-p:pt-0 prose-p:mb-2 prose-p:my-0 [&amp;&gt;p]:pt-0 [&amp;&gt;p]:mb-2 [&amp;&gt;p]:my-0\">\n<p class=\"my-2 [&amp;+p]:mt-4 [&amp;_strong:has(+br)]:inline-block [&amp;_strong:has(+br)]:pb-2\"><strong>Stra\u017cy po\u017carnej i OSP<\/strong>\u00a0\u2013 dystrybucja lin ewakuacyjnych, czujnik\u00f3w lub lekkich \u015brodk\u00f3w ga\u015bniczych w rejonach o utrudnionym dost\u0119pie.<\/p>\n<\/li>\n<li class=\"py-0 my-0 prose-p:pt-0 prose-p:mb-2 prose-p:my-0 [&amp;&gt;p]:pt-0 [&amp;&gt;p]:mb-2 [&amp;&gt;p]:my-0\">\n<p class=\"my-2 [&amp;+p]:mt-4 [&amp;_strong:has(+br)]:inline-block [&amp;_strong:has(+br)]:pb-2\"><strong>Rolnictwie i inspekcji infrastruktury<\/strong>\u00a0\u2013 punktowe zrzuty pr\u00f3bek, marker\u00f3w, czujnik\u00f3w \u015brodowiskowych.<\/p>\n<\/li>\n<\/ul>\n<p class=\"my-2 [&amp;+p]:mt-4 [&amp;_strong:has(+br)]:inline-block [&amp;_strong:has(+br)]:pb-2\">Solidna konstrukcja i precyzyjne wykonanie gwarantuj\u0105 niezawodno\u015b\u0107 nawet w ekstremalnych warunkach. TH4 V2 zwi\u0119ksza funkcjonalno\u015b\u0107 platformy Matrice 400, rozszerzaj\u0105c jej zastosowanie o szybki i bezpieczny transport \u0142adunk\u00f3w specjalnych.<\/p>\n<\/blockquote>\n<h3>Sytem zrzutu TH4 V2<\/h3>\n<p>TH4 V2 to wielofunkcyjne urz\u0105dzenie do zrzutu zaprojektowane w oparciu o technologi\u0119 DJI Payload SDK.<\/p>\n<p><img decoding=\"async\" src=\"https:\/\/b2b.innpro.pl\/data\/include\/cms\/.product\/2\/8\/41882\/0c057016abab4787bf11e2aafdb805a4-removebg-preview.png\" alt=\"\" width=\"500\" height=\"500\" border=\"0\" \/><\/p>\n<h3>Szybki monta\u017c\/demonta\u017c<\/h3>\n<p>Za po\u015brednictwem DJK Skyport V2.0. Szybki monta\u017c. Szybkie \u0142adowanie.<\/p>\n<p><img decoding=\"async\" src=\"https:\/\/b2b.innpro.pl\/data\/include\/cms\/.product\/2\/8\/41882\/1086bc8ebd4d459db221b9249fef1134-removebg-preview.png\" alt=\"\" width=\"500\" height=\"500\" border=\"0\" \/><\/p>\n<h3>Zwalniaj \u0142adunki kiedy chcesz i jak chcesz<\/h3>\n<p>Dzi\u0119ki aplikacji DJI Pilot mo\u017cesz zwalnia\u0107 \u0142adunki w dowolnej kolejno\u015bci lub zrzuci\u0107 wszystkie 4 za jednym razem przy u\u017cyciu tylko jednego przycisku.<\/p>\n<h3>Zawarto\u015b\u0107 zestawu:<\/h3>\n<ul>\n<li>System zrzutu TH4 V2<\/li>\n<li>4x Karabi\u0144czyk<\/li>\n<li>4x Linka zabezpieczaj\u0105ca<\/li>\n<\/ul>\n<div class=\"table-wrapper\">\n<table style=\"height: 249px;\" width=\"498\">\n<tbody>\n<tr>\n<th>Model<\/th>\n<td>Th4 V2<\/td>\n<\/tr>\n<tr>\n<th>Kompatybilne drony<\/th>\n<td>Matrice 300 RTK, Matrice 210 V2, Matrice 350 RTK, Matrice 400<\/td>\n<\/tr>\n<tr>\n<th>Interfejs<\/th>\n<td>DJI SkyPort V2.0<\/td>\n<\/tr>\n<tr>\n<th>Masa<\/th>\n<td>310\u00b15g<\/td>\n<\/tr>\n<tr>\n<th>Moc<\/th>\n<td>\n<div class=\"spec-container\">\n<div class=\"spec-content\">10 W<\/div>\n<\/div>\n<div class=\"spec-container\"><\/div>\n<\/td>\n<\/tr>\n<tr>\n<th>Ilo\u015b\u0107 zaczep\u00f3w zrzutowych<\/th>\n<td>4<\/td>\n<\/tr>\n<tr>\n<th>Ud\u017awig<\/th>\n<td>2.38 kg na zaczep (max. 40 kg zale\u017cy od obci\u0105\u017cenia)<\/td>\n<\/tr>\n<tr>\n<th>Spos\u00f3b zwalniania \u0142adunku<\/th>\n<td>Zrzut pojedynczego \u0142adunku<br \/>\nZrzut wszystkich 4 \u0142adunk\u00f3w jednocze\u015bnie<\/td>\n<\/tr>\n<tr>\n<th>Temperatura pracy<\/th>\n<td>-20 ~ 50\u00b0C<\/td>\n<\/tr>\n<tr>\n<th>Temperatura przechowywania<\/th>\n<td style=\"text-align: left; vertical-align: middle;\">-20 ~ 50\u00b0C<\/td>\n<\/tr>\n<\/tbody>\n<\/table>\n<\/div>\n","protected":false},"excerpt":{"rendered":"<p>System zrzutu do drona Kompatybilne drony: Matrice 400, Matrice 300 RTK, Matrice 210 V2 &nbsp; Aktualne oprogramowanie sterownik\u00f3w znajdziesz na<\/p>\n","protected":false},"featured_media":21048,"comment_status":"closed","ping_status":"closed","template":"","meta":{"_acf_changed":false},"product_brand":[],"product_cat":[5663,6094,1093],"product_tag":[],"class_list":{"0":"post-21047","1":"product","2":"type-product","3":"status-publish","4":"has-post-thumbnail","6":"product_cat-matrice-350-rtk","7":"product_cat-czujniki-do-dronow","8":"product_cat-urzadzenia-i-akcesoria","9":"pa_box-height-1535","10":"pa_box-length-1592","11":"pa_box-width-1946","12":"pa_gross-weight-3970","13":"pa_net-weight-3794","15":"first","16":"outofstock","17":"taxable","18":"shipping-taxable","19":"purchasable","20":"product-type-simple"},"acf":[],"yoast_head":"<!-- This site is optimized with the Yoast SEO plugin v27.2 - https:\/\/yoast.com\/product\/yoast-seo-wordpress\/ -->\n<title>System zrzutu do drona DJI Matrice 400 \/ 350 \/300 - CZI ChengZhi TH4 V2 - IRONSKY.PL Sklep z Dronami<\/title>\n<meta name=\"description\" content=\"System zrzutu do drona DJI Matrice 400 \/ 350 \/300 - CZI ChengZhi TH4 V2 - \u2705 sklep z dronami i fachowym doradztwem. \u2705 Tutaj kupisz produkty DJI, Yuneec, Parrot, Syma i wiele innych, a tak\u017ce kursy i licencje na operatora drona.\" \/>\n<meta name=\"robots\" content=\"index, follow, max-snippet:-1, max-image-preview:large, max-video-preview:-1\" \/>\n<link rel=\"canonical\" href=\"https:\/\/ironsky.pl\/sklep\/produkt\/system-zrzutu-th4-v2\/\" \/>\n<meta property=\"og:locale\" content=\"pl_PL\" \/>\n<meta property=\"og:type\" content=\"article\" \/>\n<meta property=\"og:title\" content=\"System zrzutu do drona DJI Matrice 400 \/ 350 \/300 - CZI ChengZhi TH4 V2 - IRONSKY.PL Sklep z Dronami\" \/>\n<meta property=\"og:description\" content=\"System zrzutu do drona DJI Matrice 400 \/ 350 \/300 - CZI ChengZhi TH4 V2 - \u2705 sklep z dronami i fachowym doradztwem. \u2705 Tutaj kupisz produkty DJI, Yuneec, Parrot, Syma i wiele innych, a tak\u017ce kursy i licencje na operatora drona.\" \/>\n<meta property=\"og:url\" content=\"https:\/\/ironsky.pl\/sklep\/produkt\/system-zrzutu-th4-v2\/\" \/>\n<meta property=\"og:site_name\" content=\"IRONSKY.PL Sklep z Dronami\" \/>\n<meta property=\"article:modified_time\" content=\"2026-03-24T08:21:44+00:00\" \/>\n<meta property=\"og:image\" content=\"https:\/\/ironsky.pl\/sklep\/wp-content\/uploads\/2024\/09\/41882_1.png\" \/>\n\t<meta property=\"og:image:width\" content=\"500\" \/>\n\t<meta property=\"og:image:height\" content=\"500\" \/>\n\t<meta property=\"og:image:type\" content=\"image\/png\" \/>\n<meta name=\"twitter:card\" content=\"summary_large_image\" \/>\n<meta name=\"twitter:label1\" content=\"Szacowany czas czytania\" \/>\n\t<meta name=\"twitter:data1\" content=\"2 minuty\" \/>\n<script type=\"application\/ld+json\" class=\"yoast-schema-graph\">{\"@context\":\"https:\/\/schema.org\",\"@graph\":[{\"@type\":\"WebPage\",\"@id\":\"https:\/\/ironsky.pl\/sklep\/produkt\/system-zrzutu-th4-v2\/\",\"url\":\"https:\/\/ironsky.pl\/sklep\/produkt\/system-zrzutu-th4-v2\/\",\"name\":\"System zrzutu do drona DJI Matrice 400 \/ 350 \/300 - CZI ChengZhi TH4 V2 - IRONSKY.PL Sklep z Dronami\",\"isPartOf\":{\"@id\":\"https:\/\/ironsky.pl\/sklep\/#website\"},\"primaryImageOfPage\":{\"@id\":\"https:\/\/ironsky.pl\/sklep\/produkt\/system-zrzutu-th4-v2\/#primaryimage\"},\"image\":{\"@id\":\"https:\/\/ironsky.pl\/sklep\/produkt\/system-zrzutu-th4-v2\/#primaryimage\"},\"thumbnailUrl\":\"https:\/\/ironsky.pl\/sklep\/wp-content\/uploads\/2024\/09\/41882_1.png\",\"datePublished\":\"2024-09-16T10:34:24+00:00\",\"dateModified\":\"2026-03-24T08:21:44+00:00\",\"description\":\"System zrzutu do drona DJI Matrice 400 \/ 350 \/300 - CZI ChengZhi TH4 V2 - \u2705 sklep z dronami i fachowym doradztwem. \u2705 Tutaj kupisz produkty DJI, Yuneec, Parrot, Syma i wiele innych, a tak\u017ce kursy i licencje na operatora drona.\",\"breadcrumb\":{\"@id\":\"https:\/\/ironsky.pl\/sklep\/produkt\/system-zrzutu-th4-v2\/#breadcrumb\"},\"inLanguage\":\"pl-PL\",\"potentialAction\":[{\"@type\":\"ReadAction\",\"target\":[\"https:\/\/ironsky.pl\/sklep\/produkt\/system-zrzutu-th4-v2\/\"]}]},{\"@type\":\"ImageObject\",\"inLanguage\":\"pl-PL\",\"@id\":\"https:\/\/ironsky.pl\/sklep\/produkt\/system-zrzutu-th4-v2\/#primaryimage\",\"url\":\"https:\/\/ironsky.pl\/sklep\/wp-content\/uploads\/2024\/09\/41882_1.png\",\"contentUrl\":\"https:\/\/ironsky.pl\/sklep\/wp-content\/uploads\/2024\/09\/41882_1.png\",\"width\":500,\"height\":500},{\"@type\":\"BreadcrumbList\",\"@id\":\"https:\/\/ironsky.pl\/sklep\/produkt\/system-zrzutu-th4-v2\/#breadcrumb\",\"itemListElement\":[{\"@type\":\"ListItem\",\"position\":1,\"name\":\"Strona g\u0142\u00f3wna\",\"item\":\"https:\/\/ironsky.pl\/sklep\/\"},{\"@type\":\"ListItem\",\"position\":2,\"name\":\"Wszystkie produkty\",\"item\":\"https:\/\/ironsky.pl\/sklep\/produkty\/\"},{\"@type\":\"ListItem\",\"position\":3,\"name\":\"System zrzutu do drona DJI Matrice 400 \/ 350 \/300 &#8211; CZI ChengZhi TH4 V2\"}]},{\"@type\":\"WebSite\",\"@id\":\"https:\/\/ironsky.pl\/sklep\/#website\",\"url\":\"https:\/\/ironsky.pl\/sklep\/\",\"name\":\"IRONSKY.PL Sklep z Dronami\",\"description\":\"IRONSKY.PL Sklep z Dronami\",\"potentialAction\":[{\"@type\":\"SearchAction\",\"target\":{\"@type\":\"EntryPoint\",\"urlTemplate\":\"https:\/\/ironsky.pl\/sklep\/?s={search_term_string}\"},\"query-input\":{\"@type\":\"PropertyValueSpecification\",\"valueRequired\":true,\"valueName\":\"search_term_string\"}}],\"inLanguage\":\"pl-PL\"}]}<\/script>\n<!-- \/ Yoast SEO plugin. -->","yoast_head_json":{"title":"System zrzutu do drona DJI Matrice 400 \/ 350 \/300 - CZI ChengZhi TH4 V2 - IRONSKY.PL Sklep z Dronami","description":"System zrzutu do drona DJI Matrice 400 \/ 350 \/300 - CZI ChengZhi TH4 V2 - \u2705 sklep z dronami i fachowym doradztwem. \u2705 Tutaj kupisz produkty DJI, Yuneec, Parrot, Syma i wiele innych, a tak\u017ce kursy i licencje na operatora drona.","robots":{"index":"index","follow":"follow","max-snippet":"max-snippet:-1","max-image-preview":"max-image-preview:large","max-video-preview":"max-video-preview:-1"},"canonical":"https:\/\/ironsky.pl\/sklep\/produkt\/system-zrzutu-th4-v2\/","og_locale":"pl_PL","og_type":"article","og_title":"System zrzutu do drona DJI Matrice 400 \/ 350 \/300 - CZI ChengZhi TH4 V2 - IRONSKY.PL Sklep z Dronami","og_description":"System zrzutu do drona DJI Matrice 400 \/ 350 \/300 - CZI ChengZhi TH4 V2 - \u2705 sklep z dronami i fachowym doradztwem. \u2705 Tutaj kupisz produkty DJI, Yuneec, Parrot, Syma i wiele innych, a tak\u017ce kursy i licencje na operatora drona.","og_url":"https:\/\/ironsky.pl\/sklep\/produkt\/system-zrzutu-th4-v2\/","og_site_name":"IRONSKY.PL Sklep z Dronami","article_modified_time":"2026-03-24T08:21:44+00:00","og_image":[{"width":500,"height":500,"url":"https:\/\/ironsky.pl\/sklep\/wp-content\/uploads\/2024\/09\/41882_1.png","type":"image\/png"}],"twitter_card":"summary_large_image","twitter_misc":{"Szacowany czas czytania":"2 minuty"},"schema":{"@context":"https:\/\/schema.org","@graph":[{"@type":"WebPage","@id":"https:\/\/ironsky.pl\/sklep\/produkt\/system-zrzutu-th4-v2\/","url":"https:\/\/ironsky.pl\/sklep\/produkt\/system-zrzutu-th4-v2\/","name":"System zrzutu do drona DJI Matrice 400 \/ 350 \/300 - CZI ChengZhi TH4 V2 - IRONSKY.PL Sklep z Dronami","isPartOf":{"@id":"https:\/\/ironsky.pl\/sklep\/#website"},"primaryImageOfPage":{"@id":"https:\/\/ironsky.pl\/sklep\/produkt\/system-zrzutu-th4-v2\/#primaryimage"},"image":{"@id":"https:\/\/ironsky.pl\/sklep\/produkt\/system-zrzutu-th4-v2\/#primaryimage"},"thumbnailUrl":"https:\/\/ironsky.pl\/sklep\/wp-content\/uploads\/2024\/09\/41882_1.png","datePublished":"2024-09-16T10:34:24+00:00","dateModified":"2026-03-24T08:21:44+00:00","description":"System zrzutu do drona DJI Matrice 400 \/ 350 \/300 - CZI ChengZhi TH4 V2 - \u2705 sklep z dronami i fachowym doradztwem. \u2705 Tutaj kupisz produkty DJI, Yuneec, Parrot, Syma i wiele innych, a tak\u017ce kursy i licencje na operatora drona.","breadcrumb":{"@id":"https:\/\/ironsky.pl\/sklep\/produkt\/system-zrzutu-th4-v2\/#breadcrumb"},"inLanguage":"pl-PL","potentialAction":[{"@type":"ReadAction","target":["https:\/\/ironsky.pl\/sklep\/produkt\/system-zrzutu-th4-v2\/"]}]},{"@type":"ImageObject","inLanguage":"pl-PL","@id":"https:\/\/ironsky.pl\/sklep\/produkt\/system-zrzutu-th4-v2\/#primaryimage","url":"https:\/\/ironsky.pl\/sklep\/wp-content\/uploads\/2024\/09\/41882_1.png","contentUrl":"https:\/\/ironsky.pl\/sklep\/wp-content\/uploads\/2024\/09\/41882_1.png","width":500,"height":500},{"@type":"BreadcrumbList","@id":"https:\/\/ironsky.pl\/sklep\/produkt\/system-zrzutu-th4-v2\/#breadcrumb","itemListElement":[{"@type":"ListItem","position":1,"name":"Strona g\u0142\u00f3wna","item":"https:\/\/ironsky.pl\/sklep\/"},{"@type":"ListItem","position":2,"name":"Wszystkie produkty","item":"https:\/\/ironsky.pl\/sklep\/produkty\/"},{"@type":"ListItem","position":3,"name":"System zrzutu do drona DJI Matrice 400 \/ 350 \/300 &#8211; CZI ChengZhi TH4 V2"}]},{"@type":"WebSite","@id":"https:\/\/ironsky.pl\/sklep\/#website","url":"https:\/\/ironsky.pl\/sklep\/","name":"IRONSKY.PL Sklep z Dronami","description":"IRONSKY.PL Sklep z Dronami","potentialAction":[{"@type":"SearchAction","target":{"@type":"EntryPoint","urlTemplate":"https:\/\/ironsky.pl\/sklep\/?s={search_term_string}"},"query-input":{"@type":"PropertyValueSpecification","valueRequired":true,"valueName":"search_term_string"}}],"inLanguage":"pl-PL"}]}},"_links":{"self":[{"href":"https:\/\/ironsky.pl\/sklep\/wp-json\/wp\/v2\/product\/21047","targetHints":{"allow":["GET"]}}],"collection":[{"href":"https:\/\/ironsky.pl\/sklep\/wp-json\/wp\/v2\/product"}],"about":[{"href":"https:\/\/ironsky.pl\/sklep\/wp-json\/wp\/v2\/types\/product"}],"replies":[{"embeddable":true,"href":"https:\/\/ironsky.pl\/sklep\/wp-json\/wp\/v2\/comments?post=21047"}],"wp:featuredmedia":[{"embeddable":true,"href":"https:\/\/ironsky.pl\/sklep\/wp-json\/wp\/v2\/media\/21048"}],"wp:attachment":[{"href":"https:\/\/ironsky.pl\/sklep\/wp-json\/wp\/v2\/media?parent=21047"}],"wp:term":[{"taxonomy":"product_brand","embeddable":true,"href":"https:\/\/ironsky.pl\/sklep\/wp-json\/wp\/v2\/product_brand?post=21047"},{"taxonomy":"product_cat","embeddable":true,"href":"https:\/\/ironsky.pl\/sklep\/wp-json\/wp\/v2\/product_cat?post=21047"},{"taxonomy":"product_tag","embeddable":true,"href":"https:\/\/ironsky.pl\/sklep\/wp-json\/wp\/v2\/product_tag?post=21047"}],"curies":[{"name":"wp","href":"https:\/\/api.w.org\/{rel}","templated":true}]}}