{"id":21011,"date":"2024-09-16T12:34:24","date_gmt":"2024-09-16T10:34:24","guid":{"rendered":"http:\/\/gvshalph.pro-linuxpl.com\/ironskyprodukty\/produkt\/zestaw-filtrow-cplnd8nd16-kf-concept-do-dji-air-3\/"},"modified":"2026-03-05T15:49:23","modified_gmt":"2026-03-05T14:49:23","slug":"zestaw-filtrow-cplnd8nd16-kf-concept-do-dji-air-3","status":"publish","type":"product","link":"https:\/\/ironsky.pl\/sklep\/produkt\/zestaw-filtrow-cplnd8nd16-kf-concept-do-dji-air-3\/","title":{"rendered":"Zestaw filtr\u00f3w CPL+ND8+ND16 K&#038;F Concept do DJI Air 3"},"content":{"rendered":"<h3>Zestaw filtr\u00f3w CPL+ND8+ND16 K&amp;F Concept do DJI Air 3<\/h3>\n<\/p>\n<p>Zapewnij sobie wi\u0119cej mo\u017cliwo\u015bci nagrywania wyj\u0105tkowych uj\u0119\u0107 z powietrza. Zestaw marki K&amp;F Concept zawiera 3 filtry do drona DJI Air 3 wykonane z wysokiej klasy szk\u0142a optycznego AGC \u2013 filtr CPL, filtr ND8 oraz filtr ND16. Za ich pomoc\u0105 bez trudu stworzysz mn\u00f3stwo spektakularnych film\u00f3w i zdj\u0119\u0107! Wyr\u00f3\u017cnia je tak\u017ce wytrzyma\u0142a, a zarazem lekka konstrukcja \u2013 nie obawiaj si\u0119, \u017ce b\u0119d\u0105 nadmiernie obci\u0105\u017ca\u0107 Twojego drona.<\/p>\n<\/p>\n<p>\n<img decoding=\"async\" src=\"https:\/\/assets.innpro.pl\/4722\/5463\/4.jpg\" border=\"0\" \/>\n<\/p>\n<h3>Obraz, kt\u00f3ry Ci\u0119 zachwyci<\/h3>\n<\/p>\n<p>Teraz mo\u017cesz bez wysi\u0142ku uzyska\u0107 wymarzone rezultaty podczas nagrywania. Filtr CPL redukuje odblaski, poprawia nasycenie kolor\u00f3w, a tak\u017ce podkre\u015bla bia\u0142e oraz b\u0142\u0119kitne odcienie. Dzi\u0119ki temu doskonale nadaje si\u0119 do fotografii krajobrazowej! W pochmurne dni przyda Ci si\u0119 filtr ND8, a do nagrywania przy zwyk\u0142ym \u015bwietle s\u0142onecznym z powodzeniem wykorzystasz filtr ND64.<\/p>\n<\/p>\n<p>\n<img decoding=\"async\" src=\"https:\/\/assets.innpro.pl\/4722\/5463\/1.jpg\" border=\"0\" \/>\n<\/p>\n<h3>Ulepszona konstrukcja<\/h3>\n<\/p>\n<p>Wchodz\u0105ce w sk\u0142ad zestawu filtry idealnie pasuj\u0105 do drona DJI Air 3 i s\u0105 bardzo proste w instalacji. Ponadto dzi\u0119ki lekkiej i cienkiej konstrukcji (grubo\u015b\u0107 tylko 6 mm) nie obci\u0105\u017caj\u0105 urz\u0105dzenia ani nie wp\u0142ywaj\u0105 na stabilno\u015b\u0107 jego lotu. S\u0105 przy tym bardzo trwa\u0142e i odporne na zarysowania. Na uwag\u0119 zas\u0142uguje tak\u017ce wielowarstwowa nanopow\u0142oka, kt\u00f3ra redukuje odblaski i chroni powierzchni\u0119 filtr\u00f3w przed wod\u0105 oraz kurzem. Zachowanie ich w doskona\u0142ym stanie nie sprawi Ci \u017cadnego problemu!<\/p>\n<\/p>\n<p>\n<img decoding=\"async\" src=\"https:\/\/assets.innpro.pl\/4722\/5463\/6.jpg\" border=\"0\" \/>\n<\/p>\n<h3>W zestawie<\/h3>\n<\/p>\n<ul class=\"list-disc pl-5\">\n<li>Filtr CPL<\/li>\n<li>Filtr ND8<\/li>\n<li>Filtr ND16<\/li>\n<li>Pude\u0142ko do przechowywania<\/li>\n<\/ul>\n<div class=\"table-wrapper\">\n<p>\u00a0<\/p>\n<h3><\/h3>\n<table>\n<tbody>\n<tr>\n<th>Producent<\/th>\n<td>K&amp;F Concept<\/td>\n<\/tr>\n<tr>\n<th>Model<\/th>\n<td>SKU.2065V1<\/td>\n<\/tr>\n<tr>\n<th>Materia\u0142<\/th>\n<td>Szk\u0142o optyczne AGC<\/td>\n<\/tr>\n<tr>\n<th>Kompatybilno\u015b\u0107<\/th>\n<td>DJI Air 3<\/td>\n<\/tr>\n<\/tbody>\n<\/table>\n<\/div>\n","protected":false},"excerpt":{"rendered":"<p>Zestaw filtr\u00f3w CPL+ND8+ND16 K&amp;F Concept do DJI Air 3 Zapewnij sobie wi\u0119cej mo\u017cliwo\u015bci nagrywania wyj\u0105tkowych uj\u0119\u0107 z powietrza. Zestaw marki<\/p>\n","protected":false},"featured_media":21012,"comment_status":"closed","ping_status":"open","template":"","meta":{"_acf_changed":false},"product_brand":[],"product_cat":[5591,1090,1091,1088],"product_tag":[],"class_list":{"0":"post-21011","1":"product","2":"type-product","3":"status-publish","4":"has-post-thumbnail","6":"product_cat-air-3","7":"product_cat-akcesoria","8":"product_cat-dji","9":"product_cat-drony","10":"pa_box-height-2312","11":"pa_box-length-3168","12":"pa_box-width-4801","13":"pa_gross-weight-4657","14":"pa_hs-code-1741","15":"pa_net-weight-2224","17":"first","18":"outofstock","19":"taxable","20":"shipping-taxable","21":"purchasable","22":"product-type-simple"},"acf":[],"yoast_head":"<!-- This site is optimized with the Yoast SEO plugin v27.2 - https:\/\/yoast.com\/product\/yoast-seo-wordpress\/ -->\n<title>Zestaw filtr\u00f3w CPL+ND8+ND16 K&amp;F Concept do DJI Air 3 - IRONSKY.PL Sklep z Dronami<\/title>\n<meta name=\"description\" content=\"Zestaw filtr\u00f3w CPL+ND8+ND16 K&amp;F Concept do DJI Air 3 - \u2705 sklep z dronami i fachowym doradztwem. \u2705 Tutaj kupisz produkty DJI, Yuneec, Parrot, Syma i wiele innych, a tak\u017ce kursy i licencje na operatora drona.\" \/>\n<meta name=\"robots\" content=\"index, follow, max-snippet:-1, max-image-preview:large, max-video-preview:-1\" \/>\n<link rel=\"canonical\" href=\"https:\/\/ironsky.pl\/sklep\/produkt\/zestaw-filtrow-cplnd8nd16-kf-concept-do-dji-air-3\/\" \/>\n<meta property=\"og:locale\" content=\"pl_PL\" \/>\n<meta property=\"og:type\" content=\"article\" \/>\n<meta property=\"og:title\" content=\"Zestaw filtr\u00f3w CPL+ND8+ND16 K&amp;F Concept do DJI Air 3 - IRONSKY.PL Sklep z Dronami\" \/>\n<meta property=\"og:description\" content=\"Zestaw filtr\u00f3w CPL+ND8+ND16 K&amp;F Concept do DJI Air 3 - \u2705 sklep z dronami i fachowym doradztwem. \u2705 Tutaj kupisz produkty DJI, Yuneec, Parrot, Syma i wiele innych, a tak\u017ce kursy i licencje na operatora drona.\" \/>\n<meta property=\"og:url\" content=\"https:\/\/ironsky.pl\/sklep\/produkt\/zestaw-filtrow-cplnd8nd16-kf-concept-do-dji-air-3\/\" \/>\n<meta property=\"og:site_name\" content=\"IRONSKY.PL Sklep z Dronami\" \/>\n<meta property=\"article:modified_time\" content=\"2026-03-05T14:49:23+00:00\" \/>\n<meta property=\"og:image\" content=\"https:\/\/ironsky.pl\/sklep\/wp-content\/uploads\/2024\/09\/41326_1.jpg\" \/>\n\t<meta property=\"og:image:width\" content=\"800\" \/>\n\t<meta property=\"og:image:height\" content=\"800\" \/>\n\t<meta property=\"og:image:type\" content=\"image\/jpeg\" \/>\n<meta name=\"twitter:card\" content=\"summary_large_image\" \/>\n<meta name=\"twitter:label1\" content=\"Szacowany czas czytania\" \/>\n\t<meta name=\"twitter:data1\" content=\"1 minuta\" \/>\n<script type=\"application\/ld+json\" class=\"yoast-schema-graph\">{\"@context\":\"https:\/\/schema.org\",\"@graph\":[{\"@type\":\"WebPage\",\"@id\":\"https:\/\/ironsky.pl\/sklep\/produkt\/zestaw-filtrow-cplnd8nd16-kf-concept-do-dji-air-3\/\",\"url\":\"https:\/\/ironsky.pl\/sklep\/produkt\/zestaw-filtrow-cplnd8nd16-kf-concept-do-dji-air-3\/\",\"name\":\"Zestaw filtr\u00f3w CPL+ND8+ND16 K&F Concept do DJI Air 3 - IRONSKY.PL Sklep z Dronami\",\"isPartOf\":{\"@id\":\"https:\/\/ironsky.pl\/sklep\/#website\"},\"primaryImageOfPage\":{\"@id\":\"https:\/\/ironsky.pl\/sklep\/produkt\/zestaw-filtrow-cplnd8nd16-kf-concept-do-dji-air-3\/#primaryimage\"},\"image\":{\"@id\":\"https:\/\/ironsky.pl\/sklep\/produkt\/zestaw-filtrow-cplnd8nd16-kf-concept-do-dji-air-3\/#primaryimage\"},\"thumbnailUrl\":\"https:\/\/ironsky.pl\/sklep\/wp-content\/uploads\/2024\/09\/41326_1.jpg\",\"datePublished\":\"2024-09-16T10:34:24+00:00\",\"dateModified\":\"2026-03-05T14:49:23+00:00\",\"description\":\"Zestaw filtr\u00f3w CPL+ND8+ND16 K&F Concept do DJI Air 3 - \u2705 sklep z dronami i fachowym doradztwem. \u2705 Tutaj kupisz produkty DJI, Yuneec, Parrot, Syma i wiele innych, a tak\u017ce kursy i licencje na operatora drona.\",\"breadcrumb\":{\"@id\":\"https:\/\/ironsky.pl\/sklep\/produkt\/zestaw-filtrow-cplnd8nd16-kf-concept-do-dji-air-3\/#breadcrumb\"},\"inLanguage\":\"pl-PL\",\"potentialAction\":[{\"@type\":\"ReadAction\",\"target\":[\"https:\/\/ironsky.pl\/sklep\/produkt\/zestaw-filtrow-cplnd8nd16-kf-concept-do-dji-air-3\/\"]}]},{\"@type\":\"ImageObject\",\"inLanguage\":\"pl-PL\",\"@id\":\"https:\/\/ironsky.pl\/sklep\/produkt\/zestaw-filtrow-cplnd8nd16-kf-concept-do-dji-air-3\/#primaryimage\",\"url\":\"https:\/\/ironsky.pl\/sklep\/wp-content\/uploads\/2024\/09\/41326_1.jpg\",\"contentUrl\":\"https:\/\/ironsky.pl\/sklep\/wp-content\/uploads\/2024\/09\/41326_1.jpg\",\"width\":800,\"height\":800},{\"@type\":\"BreadcrumbList\",\"@id\":\"https:\/\/ironsky.pl\/sklep\/produkt\/zestaw-filtrow-cplnd8nd16-kf-concept-do-dji-air-3\/#breadcrumb\",\"itemListElement\":[{\"@type\":\"ListItem\",\"position\":1,\"name\":\"Strona g\u0142\u00f3wna\",\"item\":\"https:\/\/ironsky.pl\/sklep\/\"},{\"@type\":\"ListItem\",\"position\":2,\"name\":\"Wszystkie produkty\",\"item\":\"https:\/\/ironsky.pl\/sklep\/produkty\/\"},{\"@type\":\"ListItem\",\"position\":3,\"name\":\"Zestaw filtr\u00f3w CPL+ND8+ND16 K&#038;F Concept do DJI Air 3\"}]},{\"@type\":\"WebSite\",\"@id\":\"https:\/\/ironsky.pl\/sklep\/#website\",\"url\":\"https:\/\/ironsky.pl\/sklep\/\",\"name\":\"IRONSKY.PL Sklep z Dronami\",\"description\":\"IRONSKY.PL Sklep z Dronami\",\"potentialAction\":[{\"@type\":\"SearchAction\",\"target\":{\"@type\":\"EntryPoint\",\"urlTemplate\":\"https:\/\/ironsky.pl\/sklep\/?s={search_term_string}\"},\"query-input\":{\"@type\":\"PropertyValueSpecification\",\"valueRequired\":true,\"valueName\":\"search_term_string\"}}],\"inLanguage\":\"pl-PL\"}]}<\/script>\n<!-- \/ Yoast SEO plugin. -->","yoast_head_json":{"title":"Zestaw filtr\u00f3w CPL+ND8+ND16 K&F Concept do DJI Air 3 - IRONSKY.PL Sklep z Dronami","description":"Zestaw filtr\u00f3w CPL+ND8+ND16 K&F Concept do DJI Air 3 - \u2705 sklep z dronami i fachowym doradztwem. \u2705 Tutaj kupisz produkty DJI, Yuneec, Parrot, Syma i wiele innych, a tak\u017ce kursy i licencje na operatora drona.","robots":{"index":"index","follow":"follow","max-snippet":"max-snippet:-1","max-image-preview":"max-image-preview:large","max-video-preview":"max-video-preview:-1"},"canonical":"https:\/\/ironsky.pl\/sklep\/produkt\/zestaw-filtrow-cplnd8nd16-kf-concept-do-dji-air-3\/","og_locale":"pl_PL","og_type":"article","og_title":"Zestaw filtr\u00f3w CPL+ND8+ND16 K&F Concept do DJI Air 3 - IRONSKY.PL Sklep z Dronami","og_description":"Zestaw filtr\u00f3w CPL+ND8+ND16 K&F Concept do DJI Air 3 - \u2705 sklep z dronami i fachowym doradztwem. \u2705 Tutaj kupisz produkty DJI, Yuneec, Parrot, Syma i wiele innych, a tak\u017ce kursy i licencje na operatora drona.","og_url":"https:\/\/ironsky.pl\/sklep\/produkt\/zestaw-filtrow-cplnd8nd16-kf-concept-do-dji-air-3\/","og_site_name":"IRONSKY.PL Sklep z Dronami","article_modified_time":"2026-03-05T14:49:23+00:00","og_image":[{"width":800,"height":800,"url":"https:\/\/ironsky.pl\/sklep\/wp-content\/uploads\/2024\/09\/41326_1.jpg","type":"image\/jpeg"}],"twitter_card":"summary_large_image","twitter_misc":{"Szacowany czas czytania":"1 minuta"},"schema":{"@context":"https:\/\/schema.org","@graph":[{"@type":"WebPage","@id":"https:\/\/ironsky.pl\/sklep\/produkt\/zestaw-filtrow-cplnd8nd16-kf-concept-do-dji-air-3\/","url":"https:\/\/ironsky.pl\/sklep\/produkt\/zestaw-filtrow-cplnd8nd16-kf-concept-do-dji-air-3\/","name":"Zestaw filtr\u00f3w CPL+ND8+ND16 K&F Concept do DJI Air 3 - IRONSKY.PL Sklep z Dronami","isPartOf":{"@id":"https:\/\/ironsky.pl\/sklep\/#website"},"primaryImageOfPage":{"@id":"https:\/\/ironsky.pl\/sklep\/produkt\/zestaw-filtrow-cplnd8nd16-kf-concept-do-dji-air-3\/#primaryimage"},"image":{"@id":"https:\/\/ironsky.pl\/sklep\/produkt\/zestaw-filtrow-cplnd8nd16-kf-concept-do-dji-air-3\/#primaryimage"},"thumbnailUrl":"https:\/\/ironsky.pl\/sklep\/wp-content\/uploads\/2024\/09\/41326_1.jpg","datePublished":"2024-09-16T10:34:24+00:00","dateModified":"2026-03-05T14:49:23+00:00","description":"Zestaw filtr\u00f3w CPL+ND8+ND16 K&F Concept do DJI Air 3 - \u2705 sklep z dronami i fachowym doradztwem. \u2705 Tutaj kupisz produkty DJI, Yuneec, Parrot, Syma i wiele innych, a tak\u017ce kursy i licencje na operatora drona.","breadcrumb":{"@id":"https:\/\/ironsky.pl\/sklep\/produkt\/zestaw-filtrow-cplnd8nd16-kf-concept-do-dji-air-3\/#breadcrumb"},"inLanguage":"pl-PL","potentialAction":[{"@type":"ReadAction","target":["https:\/\/ironsky.pl\/sklep\/produkt\/zestaw-filtrow-cplnd8nd16-kf-concept-do-dji-air-3\/"]}]},{"@type":"ImageObject","inLanguage":"pl-PL","@id":"https:\/\/ironsky.pl\/sklep\/produkt\/zestaw-filtrow-cplnd8nd16-kf-concept-do-dji-air-3\/#primaryimage","url":"https:\/\/ironsky.pl\/sklep\/wp-content\/uploads\/2024\/09\/41326_1.jpg","contentUrl":"https:\/\/ironsky.pl\/sklep\/wp-content\/uploads\/2024\/09\/41326_1.jpg","width":800,"height":800},{"@type":"BreadcrumbList","@id":"https:\/\/ironsky.pl\/sklep\/produkt\/zestaw-filtrow-cplnd8nd16-kf-concept-do-dji-air-3\/#breadcrumb","itemListElement":[{"@type":"ListItem","position":1,"name":"Strona g\u0142\u00f3wna","item":"https:\/\/ironsky.pl\/sklep\/"},{"@type":"ListItem","position":2,"name":"Wszystkie produkty","item":"https:\/\/ironsky.pl\/sklep\/produkty\/"},{"@type":"ListItem","position":3,"name":"Zestaw filtr\u00f3w CPL+ND8+ND16 K&#038;F Concept do DJI Air 3"}]},{"@type":"WebSite","@id":"https:\/\/ironsky.pl\/sklep\/#website","url":"https:\/\/ironsky.pl\/sklep\/","name":"IRONSKY.PL Sklep z Dronami","description":"IRONSKY.PL Sklep z Dronami","potentialAction":[{"@type":"SearchAction","target":{"@type":"EntryPoint","urlTemplate":"https:\/\/ironsky.pl\/sklep\/?s={search_term_string}"},"query-input":{"@type":"PropertyValueSpecification","valueRequired":true,"valueName":"search_term_string"}}],"inLanguage":"pl-PL"}]}},"_links":{"self":[{"href":"https:\/\/ironsky.pl\/sklep\/wp-json\/wp\/v2\/product\/21011","targetHints":{"allow":["GET"]}}],"collection":[{"href":"https:\/\/ironsky.pl\/sklep\/wp-json\/wp\/v2\/product"}],"about":[{"href":"https:\/\/ironsky.pl\/sklep\/wp-json\/wp\/v2\/types\/product"}],"replies":[{"embeddable":true,"href":"https:\/\/ironsky.pl\/sklep\/wp-json\/wp\/v2\/comments?post=21011"}],"wp:featuredmedia":[{"embeddable":true,"href":"https:\/\/ironsky.pl\/sklep\/wp-json\/wp\/v2\/media\/21012"}],"wp:attachment":[{"href":"https:\/\/ironsky.pl\/sklep\/wp-json\/wp\/v2\/media?parent=21011"}],"wp:term":[{"taxonomy":"product_brand","embeddable":true,"href":"https:\/\/ironsky.pl\/sklep\/wp-json\/wp\/v2\/product_brand?post=21011"},{"taxonomy":"product_cat","embeddable":true,"href":"https:\/\/ironsky.pl\/sklep\/wp-json\/wp\/v2\/product_cat?post=21011"},{"taxonomy":"product_tag","embeddable":true,"href":"https:\/\/ironsky.pl\/sklep\/wp-json\/wp\/v2\/product_tag?post=21011"}],"curies":[{"name":"wp","href":"https:\/\/api.w.org\/{rel}","templated":true}]}}