{"id":20987,"date":"2024-09-16T12:33:20","date_gmt":"2024-09-16T10:33:20","guid":{"rendered":"http:\/\/gvshalph.pro-linuxpl.com\/ironskyprodukty\/produkt\/filtr-ndpl-kf-concept-do-dji-mini-4-pro\/"},"modified":"2026-03-05T15:49:22","modified_gmt":"2026-03-05T14:49:22","slug":"filtr-ndpl-kf-concept-do-dji-mini-4-pro","status":"publish","type":"product","link":"https:\/\/ironsky.pl\/sklep\/produkt\/filtr-ndpl-kf-concept-do-dji-mini-4-pro\/","title":{"rendered":"Filtr ND&#038;PL K&#038;F Concept do DJI Mini 4 Pro"},"content":{"rendered":"<h3>Filtr ND&amp;PL K&amp;F Concept do DJI Mini 4 Pro\u00a0<\/h3>\n<\/p>\n<p>Przygotuj si\u0119 na wymagaj\u0105ce warunki o\u015bwietleniowe i tw\u00f3rz jeszcze pi\u0119kniejsze uj\u0119cia za pomoc\u0105 swojego drona DJI Mini 4 Pro. Filtr ND16\/PL marki K&amp;F Concept zapewni Ci doskona\u0142\u0105 jako\u015b\u0107 obrazu, a dzi\u0119ki wielowarstwowej pow\u0142oce jest niezwykle wytrzyma\u0142y i odporny na zu\u017cycie. Wyr\u00f3\u017cnia go tak\u017ce bardzo lekka konstrukcja. Akcesorium jest przy tym wyj\u0105tkowo proste w instalacji \u2013 wystarczy kr\u00f3tka chwila, aby je zamontowa\u0107 i przygotowa\u0107 si\u0119 do lotu!<\/p>\n<\/p>\n<p>\n<img decoding=\"async\" src=\"https:\/\/assets.innpro.pl\/4756\/5504\/1.jpg\" border=\"0\" \/>\n<\/p>\n<h3>Idealny do nagrywania w jasnym s\u0142o\u0144cu<\/h3>\n<\/p>\n<p>Je\u015bli planujesz robi\u0107 zdj\u0119cia lub nagrywa\u0107 wideo w s\u0142oneczne dni, filtr ND16\/PL z pewno\u015bci\u0105 Ci si\u0119 przyda. Akcesorium oferuje 4-stopniow\u0105 redukcj\u0119 \u015bwiat\u0142a, a ponadto eliminuje odblaski i poprawia kontrast. Dzi\u0119ki temu ka\u017cde uj\u0119cie zachwyci Ci\u0119 bogactwem szczeg\u00f3\u0142\u00f3w i wyrazist\u0105, \u017cyw\u0105 kolorystyk\u0105!<\/p>\n<\/p>\n<p>\n<img decoding=\"async\" src=\"https:\/\/assets.innpro.pl\/4756\/5504\/2.jpg\" border=\"0\" \/>\n<\/p>\n<h3>Ulepszony design<\/h3>\n<\/p>\n<p>Filtr zosta\u0142 wykonany ze szk\u0142a optycznego AGC, dzi\u0119ki czemu nie tylko zapewnia \u015bwietn\u0105 jako\u015b\u0107 obrazu, ale te\u017c jest bardzo wytrzyma\u0142y. Ponadto jego powierzchni\u0119 pokryto wielowarstwow\u0105 pow\u0142ok\u0105, kt\u00f3ra chroni j\u0105 przed brudem, wod\u0105 i zarysowaniami. Z \u0142atwo\u015bci\u0105 utrzymasz go w fantastycznym stanie! Akcesorium wyr\u00f3\u017cnia si\u0119 tak\u017ce bardzo lekk\u0105 konstrukcj\u0105 \u2013 nie b\u0119dzie nadmiernie obci\u0105\u017ca\u0107 drona ani nie wp\u0142ynie na jego prac\u0119.<\/p>\n<\/p>\n<p>\n<img decoding=\"async\" src=\"https:\/\/assets.innpro.pl\/4756\/5504\/4.jpg\" border=\"0\" \/>\n<\/p>\n<h3>W zestawie<\/h3>\n<\/p>\n<ul class=\"list-disc pl-5\">\n<li>Filtr ND16\/PL<\/li>\n<li>Pude\u0142ko do przechowywania<\/li>\n<\/ul>\n<div class=\"table-wrapper\">\n<p>\u00a0<\/p>\n<h3><\/h3>\n<table>\n<tbody>\n<tr>\n<th>Producent<\/th>\n<td>K&amp;F Concept<\/td>\n<\/tr>\n<tr>\n<th>Model<\/th>\n<td>KF01.2503<\/td>\n<\/tr>\n<tr>\n<th>Materia\u0142<\/th>\n<td>Szk\u0142o optyczne AGC<\/td>\n<\/tr>\n<tr>\n<th>Kompatybilno\u015b\u0107<\/th>\n<td>DJI Mini 4 Pro<\/td>\n<\/tr>\n<\/tbody>\n<\/table>\n<\/div>\n","protected":false},"excerpt":{"rendered":"<p>Filtr ND&amp;PL K&amp;F Concept do DJI Mini 4 Pro\u00a0 Przygotuj si\u0119 na wymagaj\u0105ce warunki o\u015bwietleniowe i tw\u00f3rz jeszcze pi\u0119kniejsze uj\u0119cia<\/p>\n","protected":false},"featured_media":20988,"comment_status":"closed","ping_status":"open","template":"","meta":{"_acf_changed":false},"product_brand":[],"product_cat":[5601,1090,1091,1088],"product_tag":[],"class_list":{"0":"post-20987","1":"product","2":"type-product","3":"status-publish","4":"has-post-thumbnail","6":"product_cat-mini-4-pro","7":"product_cat-akcesoria","8":"product_cat-dji","9":"product_cat-drony","10":"pa_box-height-1446","11":"pa_box-length-2370","12":"pa_box-width-4800","13":"pa_gross-weight-3564","14":"pa_hs-code-1741","15":"pa_net-weight-1502","16":"pa_seria-mini-dji-mini-4-pro","18":"first","19":"outofstock","20":"taxable","21":"shipping-taxable","22":"purchasable","23":"product-type-simple"},"acf":[],"yoast_head":"<!-- This site is optimized with the Yoast SEO plugin v27.2 - https:\/\/yoast.com\/product\/yoast-seo-wordpress\/ -->\n<title>Filtr ND&amp;PL K&amp;F Concept do DJI Mini 4 Pro - IRONSKY.PL Sklep z Dronami<\/title>\n<meta name=\"description\" content=\"Filtr ND&amp;PL K&amp;F Concept do DJI Mini 4 Pro - \u2705 sklep z dronami i fachowym doradztwem. \u2705 Tutaj kupisz produkty DJI, Yuneec, Parrot, Syma i wiele innych, a tak\u017ce kursy i licencje na operatora drona.\" \/>\n<meta name=\"robots\" content=\"index, follow, max-snippet:-1, max-image-preview:large, max-video-preview:-1\" \/>\n<link rel=\"canonical\" href=\"https:\/\/ironsky.pl\/sklep\/produkt\/filtr-ndpl-kf-concept-do-dji-mini-4-pro\/\" \/>\n<meta property=\"og:locale\" content=\"pl_PL\" \/>\n<meta property=\"og:type\" content=\"article\" \/>\n<meta property=\"og:title\" content=\"Filtr ND&amp;PL K&amp;F Concept do DJI Mini 4 Pro - IRONSKY.PL Sklep z Dronami\" \/>\n<meta property=\"og:description\" content=\"Filtr ND&amp;PL K&amp;F Concept do DJI Mini 4 Pro - \u2705 sklep z dronami i fachowym doradztwem. \u2705 Tutaj kupisz produkty DJI, Yuneec, Parrot, Syma i wiele innych, a tak\u017ce kursy i licencje na operatora drona.\" \/>\n<meta property=\"og:url\" content=\"https:\/\/ironsky.pl\/sklep\/produkt\/filtr-ndpl-kf-concept-do-dji-mini-4-pro\/\" \/>\n<meta property=\"og:site_name\" content=\"IRONSKY.PL Sklep z Dronami\" \/>\n<meta property=\"article:modified_time\" content=\"2026-03-05T14:49:22+00:00\" \/>\n<meta property=\"og:image\" content=\"https:\/\/ironsky.pl\/sklep\/wp-content\/uploads\/2024\/09\/41314_1.jpg\" \/>\n\t<meta property=\"og:image:width\" content=\"800\" \/>\n\t<meta property=\"og:image:height\" content=\"800\" \/>\n\t<meta property=\"og:image:type\" content=\"image\/jpeg\" \/>\n<meta name=\"twitter:card\" content=\"summary_large_image\" \/>\n<meta name=\"twitter:label1\" content=\"Szacowany czas czytania\" \/>\n\t<meta name=\"twitter:data1\" content=\"1 minuta\" \/>\n<script type=\"application\/ld+json\" class=\"yoast-schema-graph\">{\"@context\":\"https:\/\/schema.org\",\"@graph\":[{\"@type\":\"WebPage\",\"@id\":\"https:\/\/ironsky.pl\/sklep\/produkt\/filtr-ndpl-kf-concept-do-dji-mini-4-pro\/\",\"url\":\"https:\/\/ironsky.pl\/sklep\/produkt\/filtr-ndpl-kf-concept-do-dji-mini-4-pro\/\",\"name\":\"Filtr ND&PL K&F Concept do DJI Mini 4 Pro - IRONSKY.PL Sklep z Dronami\",\"isPartOf\":{\"@id\":\"https:\/\/ironsky.pl\/sklep\/#website\"},\"primaryImageOfPage\":{\"@id\":\"https:\/\/ironsky.pl\/sklep\/produkt\/filtr-ndpl-kf-concept-do-dji-mini-4-pro\/#primaryimage\"},\"image\":{\"@id\":\"https:\/\/ironsky.pl\/sklep\/produkt\/filtr-ndpl-kf-concept-do-dji-mini-4-pro\/#primaryimage\"},\"thumbnailUrl\":\"https:\/\/ironsky.pl\/sklep\/wp-content\/uploads\/2024\/09\/41314_1.jpg\",\"datePublished\":\"2024-09-16T10:33:20+00:00\",\"dateModified\":\"2026-03-05T14:49:22+00:00\",\"description\":\"Filtr ND&PL K&F Concept do DJI Mini 4 Pro - \u2705 sklep z dronami i fachowym doradztwem. \u2705 Tutaj kupisz produkty DJI, Yuneec, Parrot, Syma i wiele innych, a tak\u017ce kursy i licencje na operatora drona.\",\"breadcrumb\":{\"@id\":\"https:\/\/ironsky.pl\/sklep\/produkt\/filtr-ndpl-kf-concept-do-dji-mini-4-pro\/#breadcrumb\"},\"inLanguage\":\"pl-PL\",\"potentialAction\":[{\"@type\":\"ReadAction\",\"target\":[\"https:\/\/ironsky.pl\/sklep\/produkt\/filtr-ndpl-kf-concept-do-dji-mini-4-pro\/\"]}]},{\"@type\":\"ImageObject\",\"inLanguage\":\"pl-PL\",\"@id\":\"https:\/\/ironsky.pl\/sklep\/produkt\/filtr-ndpl-kf-concept-do-dji-mini-4-pro\/#primaryimage\",\"url\":\"https:\/\/ironsky.pl\/sklep\/wp-content\/uploads\/2024\/09\/41314_1.jpg\",\"contentUrl\":\"https:\/\/ironsky.pl\/sklep\/wp-content\/uploads\/2024\/09\/41314_1.jpg\",\"width\":800,\"height\":800},{\"@type\":\"BreadcrumbList\",\"@id\":\"https:\/\/ironsky.pl\/sklep\/produkt\/filtr-ndpl-kf-concept-do-dji-mini-4-pro\/#breadcrumb\",\"itemListElement\":[{\"@type\":\"ListItem\",\"position\":1,\"name\":\"Strona g\u0142\u00f3wna\",\"item\":\"https:\/\/ironsky.pl\/sklep\/\"},{\"@type\":\"ListItem\",\"position\":2,\"name\":\"Wszystkie produkty\",\"item\":\"https:\/\/ironsky.pl\/sklep\/produkty\/\"},{\"@type\":\"ListItem\",\"position\":3,\"name\":\"Filtr ND&#038;PL K&#038;F Concept do DJI Mini 4 Pro\"}]},{\"@type\":\"WebSite\",\"@id\":\"https:\/\/ironsky.pl\/sklep\/#website\",\"url\":\"https:\/\/ironsky.pl\/sklep\/\",\"name\":\"IRONSKY.PL Sklep z Dronami\",\"description\":\"IRONSKY.PL Sklep z Dronami\",\"potentialAction\":[{\"@type\":\"SearchAction\",\"target\":{\"@type\":\"EntryPoint\",\"urlTemplate\":\"https:\/\/ironsky.pl\/sklep\/?s={search_term_string}\"},\"query-input\":{\"@type\":\"PropertyValueSpecification\",\"valueRequired\":true,\"valueName\":\"search_term_string\"}}],\"inLanguage\":\"pl-PL\"}]}<\/script>\n<!-- \/ Yoast SEO plugin. -->","yoast_head_json":{"title":"Filtr ND&PL K&F Concept do DJI Mini 4 Pro - IRONSKY.PL Sklep z Dronami","description":"Filtr ND&PL K&F Concept do DJI Mini 4 Pro - \u2705 sklep z dronami i fachowym doradztwem. \u2705 Tutaj kupisz produkty DJI, Yuneec, Parrot, Syma i wiele innych, a tak\u017ce kursy i licencje na operatora drona.","robots":{"index":"index","follow":"follow","max-snippet":"max-snippet:-1","max-image-preview":"max-image-preview:large","max-video-preview":"max-video-preview:-1"},"canonical":"https:\/\/ironsky.pl\/sklep\/produkt\/filtr-ndpl-kf-concept-do-dji-mini-4-pro\/","og_locale":"pl_PL","og_type":"article","og_title":"Filtr ND&PL K&F Concept do DJI Mini 4 Pro - IRONSKY.PL Sklep z Dronami","og_description":"Filtr ND&PL K&F Concept do DJI Mini 4 Pro - \u2705 sklep z dronami i fachowym doradztwem. \u2705 Tutaj kupisz produkty DJI, Yuneec, Parrot, Syma i wiele innych, a tak\u017ce kursy i licencje na operatora drona.","og_url":"https:\/\/ironsky.pl\/sklep\/produkt\/filtr-ndpl-kf-concept-do-dji-mini-4-pro\/","og_site_name":"IRONSKY.PL Sklep z Dronami","article_modified_time":"2026-03-05T14:49:22+00:00","og_image":[{"width":800,"height":800,"url":"https:\/\/ironsky.pl\/sklep\/wp-content\/uploads\/2024\/09\/41314_1.jpg","type":"image\/jpeg"}],"twitter_card":"summary_large_image","twitter_misc":{"Szacowany czas czytania":"1 minuta"},"schema":{"@context":"https:\/\/schema.org","@graph":[{"@type":"WebPage","@id":"https:\/\/ironsky.pl\/sklep\/produkt\/filtr-ndpl-kf-concept-do-dji-mini-4-pro\/","url":"https:\/\/ironsky.pl\/sklep\/produkt\/filtr-ndpl-kf-concept-do-dji-mini-4-pro\/","name":"Filtr ND&PL K&F Concept do DJI Mini 4 Pro - IRONSKY.PL Sklep z Dronami","isPartOf":{"@id":"https:\/\/ironsky.pl\/sklep\/#website"},"primaryImageOfPage":{"@id":"https:\/\/ironsky.pl\/sklep\/produkt\/filtr-ndpl-kf-concept-do-dji-mini-4-pro\/#primaryimage"},"image":{"@id":"https:\/\/ironsky.pl\/sklep\/produkt\/filtr-ndpl-kf-concept-do-dji-mini-4-pro\/#primaryimage"},"thumbnailUrl":"https:\/\/ironsky.pl\/sklep\/wp-content\/uploads\/2024\/09\/41314_1.jpg","datePublished":"2024-09-16T10:33:20+00:00","dateModified":"2026-03-05T14:49:22+00:00","description":"Filtr ND&PL K&F Concept do DJI Mini 4 Pro - \u2705 sklep z dronami i fachowym doradztwem. \u2705 Tutaj kupisz produkty DJI, Yuneec, Parrot, Syma i wiele innych, a tak\u017ce kursy i licencje na operatora drona.","breadcrumb":{"@id":"https:\/\/ironsky.pl\/sklep\/produkt\/filtr-ndpl-kf-concept-do-dji-mini-4-pro\/#breadcrumb"},"inLanguage":"pl-PL","potentialAction":[{"@type":"ReadAction","target":["https:\/\/ironsky.pl\/sklep\/produkt\/filtr-ndpl-kf-concept-do-dji-mini-4-pro\/"]}]},{"@type":"ImageObject","inLanguage":"pl-PL","@id":"https:\/\/ironsky.pl\/sklep\/produkt\/filtr-ndpl-kf-concept-do-dji-mini-4-pro\/#primaryimage","url":"https:\/\/ironsky.pl\/sklep\/wp-content\/uploads\/2024\/09\/41314_1.jpg","contentUrl":"https:\/\/ironsky.pl\/sklep\/wp-content\/uploads\/2024\/09\/41314_1.jpg","width":800,"height":800},{"@type":"BreadcrumbList","@id":"https:\/\/ironsky.pl\/sklep\/produkt\/filtr-ndpl-kf-concept-do-dji-mini-4-pro\/#breadcrumb","itemListElement":[{"@type":"ListItem","position":1,"name":"Strona g\u0142\u00f3wna","item":"https:\/\/ironsky.pl\/sklep\/"},{"@type":"ListItem","position":2,"name":"Wszystkie produkty","item":"https:\/\/ironsky.pl\/sklep\/produkty\/"},{"@type":"ListItem","position":3,"name":"Filtr ND&#038;PL K&#038;F Concept do DJI Mini 4 Pro"}]},{"@type":"WebSite","@id":"https:\/\/ironsky.pl\/sklep\/#website","url":"https:\/\/ironsky.pl\/sklep\/","name":"IRONSKY.PL Sklep z Dronami","description":"IRONSKY.PL Sklep z Dronami","potentialAction":[{"@type":"SearchAction","target":{"@type":"EntryPoint","urlTemplate":"https:\/\/ironsky.pl\/sklep\/?s={search_term_string}"},"query-input":{"@type":"PropertyValueSpecification","valueRequired":true,"valueName":"search_term_string"}}],"inLanguage":"pl-PL"}]}},"_links":{"self":[{"href":"https:\/\/ironsky.pl\/sklep\/wp-json\/wp\/v2\/product\/20987","targetHints":{"allow":["GET"]}}],"collection":[{"href":"https:\/\/ironsky.pl\/sklep\/wp-json\/wp\/v2\/product"}],"about":[{"href":"https:\/\/ironsky.pl\/sklep\/wp-json\/wp\/v2\/types\/product"}],"replies":[{"embeddable":true,"href":"https:\/\/ironsky.pl\/sklep\/wp-json\/wp\/v2\/comments?post=20987"}],"wp:featuredmedia":[{"embeddable":true,"href":"https:\/\/ironsky.pl\/sklep\/wp-json\/wp\/v2\/media\/20988"}],"wp:attachment":[{"href":"https:\/\/ironsky.pl\/sklep\/wp-json\/wp\/v2\/media?parent=20987"}],"wp:term":[{"taxonomy":"product_brand","embeddable":true,"href":"https:\/\/ironsky.pl\/sklep\/wp-json\/wp\/v2\/product_brand?post=20987"},{"taxonomy":"product_cat","embeddable":true,"href":"https:\/\/ironsky.pl\/sklep\/wp-json\/wp\/v2\/product_cat?post=20987"},{"taxonomy":"product_tag","embeddable":true,"href":"https:\/\/ironsky.pl\/sklep\/wp-json\/wp\/v2\/product_tag?post=20987"}],"curies":[{"name":"wp","href":"https:\/\/api.w.org\/{rel}","templated":true}]}}