{"id":20933,"date":"2024-09-16T12:31:46","date_gmt":"2024-09-16T10:31:46","guid":{"rendered":"http:\/\/gvshalph.pro-linuxpl.com\/ironskyprodukty\/produkt\/filtr-nd4-polarpro-quartz-line-do-dji-inspire-3-46mm\/"},"modified":"2026-03-05T15:49:20","modified_gmt":"2026-03-05T14:49:20","slug":"filtr-nd4-polarpro-quartz-line-do-dji-inspire-3-46mm","status":"publish","type":"product","link":"https:\/\/ironsky.pl\/sklep\/produkt\/filtr-nd4-polarpro-quartz-line-do-dji-inspire-3-46mm\/","title":{"rendered":"Filtr ND4 PolarPro Quartz Line do DJI Inspire 3 46mm"},"content":{"rendered":"<h3>Filtr ND4 PolarPro Quartz Line do DJI Inspire 3 46mm<\/h3>\n<p>Podnie\u015b\u0107 jako\u015b\u0107 Twoich produkcji filmowych na zupe\u0142nie nowy poziom z filtrem ND PolarPro Quarts Line! Zapewnia doskona\u0142\u0105 kontrol\u0119 nad ilo\u015bci\u0105 \u015bwiat\u0142a docieraj\u0105cego do kamery, co umo\u017cliwia uzyskanie p\u0142ynnych i profesjonalnie wygl\u0105daj\u0105cych uj\u0119\u0107 nawet w jasnych warunkach o\u015bwietleniowych. Doskonale sprawdzi si\u0119 w trakcie fotografowania podczas wschodu lub zachodu s\u0142o\u0144ca. Cechuj\u0105 si\u0119 wyj\u0105tkow\u0105 odporno\u015bci\u0105 na zarysowania, a tak\u017ce wod\u0119 i oleje. Jego 4-cz\u0119\u015bciowa ramka z mosi\u0105dzu pozwala na p\u0142ynn\u0105 regulacj\u0119 filtra, a pow\u0142oka optyczna zapewnia idealne odwzorowanie kolor\u00f3w. <\/p>\n<p><img decoding=\"async\" src=\"https:\/\/b2b.innpro.pl\/data\/include\/cms\/02PolarPro\/46-ND4\/1.jpg\" alt=\"02PolarPro\/46-ND4\/1\"><\/p>\n<h3>W zestawie<\/h3>\n<ul>\n<li>filtr<\/li>\n<li>\u015bciereczka z mikrofibry<\/li>\n<li>mi\u0119kki pokrowiec na filtr<\/li>\n<li>twardy futera\u0142 na filtr<\/li>\n<\/ul>\n<div class=\"table-wrapper\">\n<table>\n<tbody>\n<tr>\n<th>Producent<\/th>\n<td>PolarPro<\/td>\n<\/tr>\n<tr>\n<th>Model<\/th>\n<td>46-ND4<\/td>\n<\/tr>\n<tr>\n<th>Rodzaj filtru <\/th>\n<td>ND4<\/td>\n<\/tr>\n<tr>\n<th>Wsp\u00f3\u0142czynnik za\u0142amania \u015bwiat\u0142a <\/th>\n<td>1,46<\/td>\n<\/tr>\n<tr>\n<th>Materia\u0142 obramowania <\/th>\n<td>Mosi\u0105dz<\/td>\n<\/tr>\n<tr>\n<th>Materia\u0142 filtru <\/th>\n<td>Szk\u0142o kwarcowe<\/td>\n<\/tr>\n<tr>\n<th>Kompatybilno\u015b\u0107 <\/th>\n<td>DJI Inspire 3<\/td>\n<\/tr>\n<\/tbody>\n<\/table>\n<\/div>\n","protected":false},"excerpt":{"rendered":"<p>Filtr ND4 PolarPro Quartz Line do DJI Inspire 3 46mm Podnie\u015b\u0107 jako\u015b\u0107 Twoich produkcji filmowych na zupe\u0142nie nowy poziom z<\/p>\n","protected":false},"featured_media":20934,"comment_status":"closed","ping_status":"closed","template":"","meta":{"_acf_changed":false},"product_brand":[],"product_cat":[5581,1090,1091,1088],"product_tag":[],"class_list":{"0":"post-20933","1":"product","2":"type-product","3":"status-publish","4":"has-post-thumbnail","6":"product_cat-inspire-3","7":"product_cat-akcesoria","8":"product_cat-dji","9":"product_cat-drony","10":"pa_box-height-2996","11":"pa_box-length-2428","12":"pa_box-width-2064","13":"pa_gross-weight-1788","14":"pa_hs-code-1741","15":"pa_net-weight-1571","17":"first","18":"outofstock","19":"taxable","20":"shipping-taxable","21":"purchasable","22":"product-type-simple"},"acf":[],"yoast_head":"<!-- This site is optimized with the Yoast SEO plugin v27.2 - https:\/\/yoast.com\/product\/yoast-seo-wordpress\/ -->\n<title>Filtr ND4 PolarPro Quartz Line do DJI Inspire 3 46mm - IRONSKY.PL Sklep z Dronami<\/title>\n<meta name=\"description\" content=\"Filtr ND4 PolarPro Quartz Line do DJI Inspire 3 46mm - \u2705 sklep z dronami i fachowym doradztwem. \u2705 Tutaj kupisz produkty DJI, Yuneec, Parrot, Syma i wiele innych, a tak\u017ce kursy i licencje na operatora drona.\" \/>\n<meta name=\"robots\" content=\"index, follow, max-snippet:-1, max-image-preview:large, max-video-preview:-1\" \/>\n<link rel=\"canonical\" href=\"https:\/\/ironsky.pl\/sklep\/produkt\/filtr-nd4-polarpro-quartz-line-do-dji-inspire-3-46mm\/\" \/>\n<meta property=\"og:locale\" content=\"pl_PL\" \/>\n<meta property=\"og:type\" content=\"article\" \/>\n<meta property=\"og:title\" content=\"Filtr ND4 PolarPro Quartz Line do DJI Inspire 3 46mm - IRONSKY.PL Sklep z Dronami\" \/>\n<meta property=\"og:description\" content=\"Filtr ND4 PolarPro Quartz Line do DJI Inspire 3 46mm - \u2705 sklep z dronami i fachowym doradztwem. \u2705 Tutaj kupisz produkty DJI, Yuneec, Parrot, Syma i wiele innych, a tak\u017ce kursy i licencje na operatora drona.\" \/>\n<meta property=\"og:url\" content=\"https:\/\/ironsky.pl\/sklep\/produkt\/filtr-nd4-polarpro-quartz-line-do-dji-inspire-3-46mm\/\" \/>\n<meta property=\"og:site_name\" content=\"IRONSKY.PL Sklep z Dronami\" \/>\n<meta property=\"article:modified_time\" content=\"2026-03-05T14:49:20+00:00\" \/>\n<meta property=\"og:image\" content=\"https:\/\/ironsky.pl\/sklep\/wp-content\/uploads\/2024\/09\/38163_1.jpg\" \/>\n\t<meta property=\"og:image:width\" content=\"800\" \/>\n\t<meta property=\"og:image:height\" content=\"800\" \/>\n\t<meta property=\"og:image:type\" content=\"image\/jpeg\" \/>\n<meta name=\"twitter:card\" content=\"summary_large_image\" \/>\n<meta name=\"twitter:label1\" content=\"Szacowany czas czytania\" \/>\n\t<meta name=\"twitter:data1\" content=\"2 minuty\" \/>\n<script type=\"application\/ld+json\" class=\"yoast-schema-graph\">{\"@context\":\"https:\/\/schema.org\",\"@graph\":[{\"@type\":\"WebPage\",\"@id\":\"https:\/\/ironsky.pl\/sklep\/produkt\/filtr-nd4-polarpro-quartz-line-do-dji-inspire-3-46mm\/\",\"url\":\"https:\/\/ironsky.pl\/sklep\/produkt\/filtr-nd4-polarpro-quartz-line-do-dji-inspire-3-46mm\/\",\"name\":\"Filtr ND4 PolarPro Quartz Line do DJI Inspire 3 46mm - IRONSKY.PL Sklep z Dronami\",\"isPartOf\":{\"@id\":\"https:\/\/ironsky.pl\/sklep\/#website\"},\"primaryImageOfPage\":{\"@id\":\"https:\/\/ironsky.pl\/sklep\/produkt\/filtr-nd4-polarpro-quartz-line-do-dji-inspire-3-46mm\/#primaryimage\"},\"image\":{\"@id\":\"https:\/\/ironsky.pl\/sklep\/produkt\/filtr-nd4-polarpro-quartz-line-do-dji-inspire-3-46mm\/#primaryimage\"},\"thumbnailUrl\":\"https:\/\/ironsky.pl\/sklep\/wp-content\/uploads\/2024\/09\/38163_1.jpg\",\"datePublished\":\"2024-09-16T10:31:46+00:00\",\"dateModified\":\"2026-03-05T14:49:20+00:00\",\"description\":\"Filtr ND4 PolarPro Quartz Line do DJI Inspire 3 46mm - \u2705 sklep z dronami i fachowym doradztwem. \u2705 Tutaj kupisz produkty DJI, Yuneec, Parrot, Syma i wiele innych, a tak\u017ce kursy i licencje na operatora drona.\",\"breadcrumb\":{\"@id\":\"https:\/\/ironsky.pl\/sklep\/produkt\/filtr-nd4-polarpro-quartz-line-do-dji-inspire-3-46mm\/#breadcrumb\"},\"inLanguage\":\"pl-PL\",\"potentialAction\":[{\"@type\":\"ReadAction\",\"target\":[\"https:\/\/ironsky.pl\/sklep\/produkt\/filtr-nd4-polarpro-quartz-line-do-dji-inspire-3-46mm\/\"]}]},{\"@type\":\"ImageObject\",\"inLanguage\":\"pl-PL\",\"@id\":\"https:\/\/ironsky.pl\/sklep\/produkt\/filtr-nd4-polarpro-quartz-line-do-dji-inspire-3-46mm\/#primaryimage\",\"url\":\"https:\/\/ironsky.pl\/sklep\/wp-content\/uploads\/2024\/09\/38163_1.jpg\",\"contentUrl\":\"https:\/\/ironsky.pl\/sklep\/wp-content\/uploads\/2024\/09\/38163_1.jpg\",\"width\":800,\"height\":800},{\"@type\":\"BreadcrumbList\",\"@id\":\"https:\/\/ironsky.pl\/sklep\/produkt\/filtr-nd4-polarpro-quartz-line-do-dji-inspire-3-46mm\/#breadcrumb\",\"itemListElement\":[{\"@type\":\"ListItem\",\"position\":1,\"name\":\"Strona g\u0142\u00f3wna\",\"item\":\"https:\/\/ironsky.pl\/sklep\/\"},{\"@type\":\"ListItem\",\"position\":2,\"name\":\"Wszystkie produkty\",\"item\":\"https:\/\/ironsky.pl\/sklep\/produkty\/\"},{\"@type\":\"ListItem\",\"position\":3,\"name\":\"Filtr ND4 PolarPro Quartz Line do DJI Inspire 3 46mm\"}]},{\"@type\":\"WebSite\",\"@id\":\"https:\/\/ironsky.pl\/sklep\/#website\",\"url\":\"https:\/\/ironsky.pl\/sklep\/\",\"name\":\"IRONSKY.PL Sklep z Dronami\",\"description\":\"IRONSKY.PL Sklep z Dronami\",\"potentialAction\":[{\"@type\":\"SearchAction\",\"target\":{\"@type\":\"EntryPoint\",\"urlTemplate\":\"https:\/\/ironsky.pl\/sklep\/?s={search_term_string}\"},\"query-input\":{\"@type\":\"PropertyValueSpecification\",\"valueRequired\":true,\"valueName\":\"search_term_string\"}}],\"inLanguage\":\"pl-PL\"}]}<\/script>\n<!-- \/ Yoast SEO plugin. -->","yoast_head_json":{"title":"Filtr ND4 PolarPro Quartz Line do DJI Inspire 3 46mm - IRONSKY.PL Sklep z Dronami","description":"Filtr ND4 PolarPro Quartz Line do DJI Inspire 3 46mm - \u2705 sklep z dronami i fachowym doradztwem. \u2705 Tutaj kupisz produkty DJI, Yuneec, Parrot, Syma i wiele innych, a tak\u017ce kursy i licencje na operatora drona.","robots":{"index":"index","follow":"follow","max-snippet":"max-snippet:-1","max-image-preview":"max-image-preview:large","max-video-preview":"max-video-preview:-1"},"canonical":"https:\/\/ironsky.pl\/sklep\/produkt\/filtr-nd4-polarpro-quartz-line-do-dji-inspire-3-46mm\/","og_locale":"pl_PL","og_type":"article","og_title":"Filtr ND4 PolarPro Quartz Line do DJI Inspire 3 46mm - IRONSKY.PL Sklep z Dronami","og_description":"Filtr ND4 PolarPro Quartz Line do DJI Inspire 3 46mm - \u2705 sklep z dronami i fachowym doradztwem. \u2705 Tutaj kupisz produkty DJI, Yuneec, Parrot, Syma i wiele innych, a tak\u017ce kursy i licencje na operatora drona.","og_url":"https:\/\/ironsky.pl\/sklep\/produkt\/filtr-nd4-polarpro-quartz-line-do-dji-inspire-3-46mm\/","og_site_name":"IRONSKY.PL Sklep z Dronami","article_modified_time":"2026-03-05T14:49:20+00:00","og_image":[{"width":800,"height":800,"url":"https:\/\/ironsky.pl\/sklep\/wp-content\/uploads\/2024\/09\/38163_1.jpg","type":"image\/jpeg"}],"twitter_card":"summary_large_image","twitter_misc":{"Szacowany czas czytania":"2 minuty"},"schema":{"@context":"https:\/\/schema.org","@graph":[{"@type":"WebPage","@id":"https:\/\/ironsky.pl\/sklep\/produkt\/filtr-nd4-polarpro-quartz-line-do-dji-inspire-3-46mm\/","url":"https:\/\/ironsky.pl\/sklep\/produkt\/filtr-nd4-polarpro-quartz-line-do-dji-inspire-3-46mm\/","name":"Filtr ND4 PolarPro Quartz Line do DJI Inspire 3 46mm - IRONSKY.PL Sklep z Dronami","isPartOf":{"@id":"https:\/\/ironsky.pl\/sklep\/#website"},"primaryImageOfPage":{"@id":"https:\/\/ironsky.pl\/sklep\/produkt\/filtr-nd4-polarpro-quartz-line-do-dji-inspire-3-46mm\/#primaryimage"},"image":{"@id":"https:\/\/ironsky.pl\/sklep\/produkt\/filtr-nd4-polarpro-quartz-line-do-dji-inspire-3-46mm\/#primaryimage"},"thumbnailUrl":"https:\/\/ironsky.pl\/sklep\/wp-content\/uploads\/2024\/09\/38163_1.jpg","datePublished":"2024-09-16T10:31:46+00:00","dateModified":"2026-03-05T14:49:20+00:00","description":"Filtr ND4 PolarPro Quartz Line do DJI Inspire 3 46mm - \u2705 sklep z dronami i fachowym doradztwem. \u2705 Tutaj kupisz produkty DJI, Yuneec, Parrot, Syma i wiele innych, a tak\u017ce kursy i licencje na operatora drona.","breadcrumb":{"@id":"https:\/\/ironsky.pl\/sklep\/produkt\/filtr-nd4-polarpro-quartz-line-do-dji-inspire-3-46mm\/#breadcrumb"},"inLanguage":"pl-PL","potentialAction":[{"@type":"ReadAction","target":["https:\/\/ironsky.pl\/sklep\/produkt\/filtr-nd4-polarpro-quartz-line-do-dji-inspire-3-46mm\/"]}]},{"@type":"ImageObject","inLanguage":"pl-PL","@id":"https:\/\/ironsky.pl\/sklep\/produkt\/filtr-nd4-polarpro-quartz-line-do-dji-inspire-3-46mm\/#primaryimage","url":"https:\/\/ironsky.pl\/sklep\/wp-content\/uploads\/2024\/09\/38163_1.jpg","contentUrl":"https:\/\/ironsky.pl\/sklep\/wp-content\/uploads\/2024\/09\/38163_1.jpg","width":800,"height":800},{"@type":"BreadcrumbList","@id":"https:\/\/ironsky.pl\/sklep\/produkt\/filtr-nd4-polarpro-quartz-line-do-dji-inspire-3-46mm\/#breadcrumb","itemListElement":[{"@type":"ListItem","position":1,"name":"Strona g\u0142\u00f3wna","item":"https:\/\/ironsky.pl\/sklep\/"},{"@type":"ListItem","position":2,"name":"Wszystkie produkty","item":"https:\/\/ironsky.pl\/sklep\/produkty\/"},{"@type":"ListItem","position":3,"name":"Filtr ND4 PolarPro Quartz Line do DJI Inspire 3 46mm"}]},{"@type":"WebSite","@id":"https:\/\/ironsky.pl\/sklep\/#website","url":"https:\/\/ironsky.pl\/sklep\/","name":"IRONSKY.PL Sklep z Dronami","description":"IRONSKY.PL Sklep z Dronami","potentialAction":[{"@type":"SearchAction","target":{"@type":"EntryPoint","urlTemplate":"https:\/\/ironsky.pl\/sklep\/?s={search_term_string}"},"query-input":{"@type":"PropertyValueSpecification","valueRequired":true,"valueName":"search_term_string"}}],"inLanguage":"pl-PL"}]}},"_links":{"self":[{"href":"https:\/\/ironsky.pl\/sklep\/wp-json\/wp\/v2\/product\/20933","targetHints":{"allow":["GET"]}}],"collection":[{"href":"https:\/\/ironsky.pl\/sklep\/wp-json\/wp\/v2\/product"}],"about":[{"href":"https:\/\/ironsky.pl\/sklep\/wp-json\/wp\/v2\/types\/product"}],"replies":[{"embeddable":true,"href":"https:\/\/ironsky.pl\/sklep\/wp-json\/wp\/v2\/comments?post=20933"}],"wp:featuredmedia":[{"embeddable":true,"href":"https:\/\/ironsky.pl\/sklep\/wp-json\/wp\/v2\/media\/20934"}],"wp:attachment":[{"href":"https:\/\/ironsky.pl\/sklep\/wp-json\/wp\/v2\/media?parent=20933"}],"wp:term":[{"taxonomy":"product_brand","embeddable":true,"href":"https:\/\/ironsky.pl\/sklep\/wp-json\/wp\/v2\/product_brand?post=20933"},{"taxonomy":"product_cat","embeddable":true,"href":"https:\/\/ironsky.pl\/sklep\/wp-json\/wp\/v2\/product_cat?post=20933"},{"taxonomy":"product_tag","embeddable":true,"href":"https:\/\/ironsky.pl\/sklep\/wp-json\/wp\/v2\/product_tag?post=20933"}],"curies":[{"name":"wp","href":"https:\/\/api.w.org\/{rel}","templated":true}]}}