{"id":20904,"date":"2024-09-16T12:31:46","date_gmt":"2024-09-16T10:31:46","guid":{"rendered":"http:\/\/gvshalph.pro-linuxpl.com\/ironskyprodukty\/produkt\/detektor-wycieku-gazu-u10\/"},"modified":"2026-03-05T15:49:19","modified_gmt":"2026-03-05T14:49:19","slug":"detektor-wycieku-gazu-u10","status":"publish","type":"product","link":"https:\/\/ironsky.pl\/sklep\/produkt\/detektor-wycieku-gazu-u10\/","title":{"rendered":"Detektor wycieku gazu U10"},"content":{"rendered":"<p><img decoding=\"async\" src=\"\/data\/include\/cms\/enterprise\/U10\/ailf-u10-laser-methane-leakage-detector-banner.jpg\" border=\"0\" width=\"800\" height=\"NaN\" \/><img border=\"0\" \/><\/p>\n<h3>Detektor wycieku gazu U10 DJI SkyPort<\/h3>\n<p>U10 to lekki, czu\u0142y detektor gazu oparty na technologii (Tunable Diode Laser Absorption Spectroscopy \u2013 TDLAS), kt\u00f3ry umo\u017cliwia szybk\u0105 identyfikacj\u0119 metanu (gaz ziemny) z odleg\u0142o\u015bci do 100 m lub przy st\u0119\u017ceniu tak niskim jak 5ppm.m. Posiada mo\u017cliwo\u015b\u0107 tworzenia misji autonomicznych z automatycznym wykrywaniem wyciek\u00f3w i zapisem danych z przeprowadzonego badania.<\/p>\n<h3>Zawarto\u015b\u0107 zestawu:<\/h3>\n<ul>\n<li>1x detektor gazu U10<\/li>\n<li>1x walizka transportowa<\/li>\n<\/ul>\n<div class=\"table-wrapper\">\n<table>\n<tbody>\n<tr>\n<th>Model urz\u0105dzenia<\/th>\n<td>U10<\/td>\n<\/tr>\n<tr>\n<th>Metoda pomiarowa<\/th>\n<td>TDLAS<\/td>\n<\/tr>\n<tr>\n<th>Statyczna granica detekcji<\/th>\n<td>5 ppm\u00b7m<\/td>\n<\/tr>\n<tr>\n<th>Czas reakcji<\/th>\n<td>25 ms (0.025s)<\/td>\n<\/tr>\n<tr>\n<th>Cz\u0119stotliwo\u015b\u0107 pr\u00f3bkowania<\/th>\n<td>500KHz<\/td>\n<\/tr>\n<tr>\n<th>Zakres st\u0119\u017cenia<\/th>\n<td>0~50,000 ppm\u00b7m<\/td>\n<\/tr>\n<tr>\n<th>Maks. odleg\u0142o\u015b\u0107 wykrywania<\/th>\n<td>150 m<\/td>\n<\/tr>\n<tr>\n<th>Ulepszona stabilizacja<\/th>\n<td>Gimbal stabilizowany w 3-osiach<\/td>\n<\/tr>\n<tr>\n<th>Kamera FPV<\/th>\n<td>720p<\/td>\n<\/tr>\n<tr>\n<th>Cel detekcji<\/th>\n<td>Metan (CH4)<\/td>\n<\/tr>\n<tr>\n<th>Klasa metody pomiaru lasera<\/th>\n<td>Klasa I (nieszkodliwe dla ludzkiego oka)<\/td>\n<\/tr>\n<tr>\n<th>Klasa wi\u0105zki lasera<\/th>\n<td>Klasa IIIR (nieszkodliwe dla ludzkiego oka)<\/td>\n<\/tr>\n<tr>\n<th>Temperatura pracy<\/th>\n<td>-20 ~ 50\u00b0C<\/td>\n<\/tr>\n<tr>\n<th>Wilgotno\u015b\u0107 eksploatacyjna<\/th>\n<td>&lt;90%RH, bez kondensacji<\/td>\n<\/tr>\n<tr>\n<th>Wymiary (z gimbalem)<\/th>\n<td>174 x 89 x 163 mm<\/td>\n<\/tr>\n<tr>\n<th>Masa<\/th>\n<td>700g<\/td>\n<\/tr>\n<tr>\n<th>Kompatybilno\u015b\u0107<\/th>\n<td>Matrice 200\/210\/RTK, Matrice 300 RTK, Matrice 350 RTK<\/td>\n<\/tr>\n<\/tbody>\n<\/table>\n<\/div>\n","protected":false},"excerpt":{"rendered":"<p>Detektor wycieku gazu U10 DJI SkyPort U10 to lekki, czu\u0142y detektor gazu oparty na technologii (Tunable Diode Laser Absorption Spectroscopy<\/p>\n","protected":false},"featured_media":20905,"comment_status":"closed","ping_status":"open","template":"","meta":{"_acf_changed":false},"product_brand":[],"product_cat":[6094,5727,1093],"product_tag":[],"class_list":{"0":"post-20904","1":"product","2":"type-product","3":"status-publish","4":"has-post-thumbnail","6":"product_cat-czujniki-do-dronow","7":"product_cat-systemy-antydronowe","8":"product_cat-urzadzenia-i-akcesoria","10":"first","11":"outofstock","12":"taxable","13":"shipping-taxable","14":"product-type-simple"},"acf":[],"yoast_head":"<!-- This site is optimized with the Yoast SEO plugin v27.2 - https:\/\/yoast.com\/product\/yoast-seo-wordpress\/ -->\n<title>Detektor wycieku gazu U10 - IRONSKY.PL Sklep z Dronami<\/title>\n<meta name=\"description\" content=\"Detektor wycieku gazu U10 - \u2705 sklep z dronami i fachowym doradztwem. \u2705 Tutaj kupisz produkty DJI, Yuneec, Parrot, Syma i wiele innych, a tak\u017ce kursy i licencje na operatora drona.\" \/>\n<meta name=\"robots\" content=\"index, follow, max-snippet:-1, max-image-preview:large, max-video-preview:-1\" \/>\n<link rel=\"canonical\" href=\"https:\/\/ironsky.pl\/sklep\/produkt\/detektor-wycieku-gazu-u10\/\" \/>\n<meta property=\"og:locale\" content=\"pl_PL\" \/>\n<meta property=\"og:type\" content=\"article\" \/>\n<meta property=\"og:title\" content=\"Detektor wycieku gazu U10 - IRONSKY.PL Sklep z Dronami\" \/>\n<meta property=\"og:description\" content=\"Detektor wycieku gazu U10 - \u2705 sklep z dronami i fachowym doradztwem. \u2705 Tutaj kupisz produkty DJI, Yuneec, Parrot, Syma i wiele innych, a tak\u017ce kursy i licencje na operatora drona.\" \/>\n<meta property=\"og:url\" content=\"https:\/\/ironsky.pl\/sklep\/produkt\/detektor-wycieku-gazu-u10\/\" \/>\n<meta property=\"og:site_name\" content=\"IRONSKY.PL Sklep z Dronami\" \/>\n<meta property=\"article:modified_time\" content=\"2026-03-05T14:49:19+00:00\" \/>\n<meta property=\"og:image\" content=\"https:\/\/ironsky.pl\/sklep\/wp-content\/uploads\/2024\/09\/37722_6.jpg\" \/>\n\t<meta property=\"og:image:width\" content=\"800\" \/>\n\t<meta property=\"og:image:height\" content=\"800\" \/>\n\t<meta property=\"og:image:type\" content=\"image\/jpeg\" \/>\n<meta name=\"twitter:card\" content=\"summary_large_image\" \/>\n<meta name=\"twitter:label1\" content=\"Szacowany czas czytania\" \/>\n\t<meta name=\"twitter:data1\" content=\"1 minuta\" \/>\n<script type=\"application\/ld+json\" class=\"yoast-schema-graph\">{\"@context\":\"https:\/\/schema.org\",\"@graph\":[{\"@type\":\"WebPage\",\"@id\":\"https:\/\/ironsky.pl\/sklep\/produkt\/detektor-wycieku-gazu-u10\/\",\"url\":\"https:\/\/ironsky.pl\/sklep\/produkt\/detektor-wycieku-gazu-u10\/\",\"name\":\"Detektor wycieku gazu U10 - IRONSKY.PL Sklep z Dronami\",\"isPartOf\":{\"@id\":\"https:\/\/ironsky.pl\/sklep\/#website\"},\"primaryImageOfPage\":{\"@id\":\"https:\/\/ironsky.pl\/sklep\/produkt\/detektor-wycieku-gazu-u10\/#primaryimage\"},\"image\":{\"@id\":\"https:\/\/ironsky.pl\/sklep\/produkt\/detektor-wycieku-gazu-u10\/#primaryimage\"},\"thumbnailUrl\":\"https:\/\/ironsky.pl\/sklep\/wp-content\/uploads\/2024\/09\/37722_6.jpg\",\"datePublished\":\"2024-09-16T10:31:46+00:00\",\"dateModified\":\"2026-03-05T14:49:19+00:00\",\"description\":\"Detektor wycieku gazu U10 - \u2705 sklep z dronami i fachowym doradztwem. \u2705 Tutaj kupisz produkty DJI, Yuneec, Parrot, Syma i wiele innych, a tak\u017ce kursy i licencje na operatora drona.\",\"breadcrumb\":{\"@id\":\"https:\/\/ironsky.pl\/sklep\/produkt\/detektor-wycieku-gazu-u10\/#breadcrumb\"},\"inLanguage\":\"pl-PL\",\"potentialAction\":[{\"@type\":\"ReadAction\",\"target\":[\"https:\/\/ironsky.pl\/sklep\/produkt\/detektor-wycieku-gazu-u10\/\"]}]},{\"@type\":\"ImageObject\",\"inLanguage\":\"pl-PL\",\"@id\":\"https:\/\/ironsky.pl\/sklep\/produkt\/detektor-wycieku-gazu-u10\/#primaryimage\",\"url\":\"https:\/\/ironsky.pl\/sklep\/wp-content\/uploads\/2024\/09\/37722_6.jpg\",\"contentUrl\":\"https:\/\/ironsky.pl\/sklep\/wp-content\/uploads\/2024\/09\/37722_6.jpg\",\"width\":800,\"height\":800},{\"@type\":\"BreadcrumbList\",\"@id\":\"https:\/\/ironsky.pl\/sklep\/produkt\/detektor-wycieku-gazu-u10\/#breadcrumb\",\"itemListElement\":[{\"@type\":\"ListItem\",\"position\":1,\"name\":\"Strona g\u0142\u00f3wna\",\"item\":\"https:\/\/ironsky.pl\/sklep\/\"},{\"@type\":\"ListItem\",\"position\":2,\"name\":\"Wszystkie produkty\",\"item\":\"https:\/\/ironsky.pl\/sklep\/sklep\/\"},{\"@type\":\"ListItem\",\"position\":3,\"name\":\"Detektor wycieku gazu U10\"}]},{\"@type\":\"WebSite\",\"@id\":\"https:\/\/ironsky.pl\/sklep\/#website\",\"url\":\"https:\/\/ironsky.pl\/sklep\/\",\"name\":\"IRONSKY.PL Sklep z Dronami\",\"description\":\"IRONSKY.PL Sklep z Dronami\",\"potentialAction\":[{\"@type\":\"SearchAction\",\"target\":{\"@type\":\"EntryPoint\",\"urlTemplate\":\"https:\/\/ironsky.pl\/sklep\/?s={search_term_string}\"},\"query-input\":{\"@type\":\"PropertyValueSpecification\",\"valueRequired\":true,\"valueName\":\"search_term_string\"}}],\"inLanguage\":\"pl-PL\"}]}<\/script>\n<!-- \/ Yoast SEO plugin. -->","yoast_head_json":{"title":"Detektor wycieku gazu U10 - IRONSKY.PL Sklep z Dronami","description":"Detektor wycieku gazu U10 - \u2705 sklep z dronami i fachowym doradztwem. \u2705 Tutaj kupisz produkty DJI, Yuneec, Parrot, Syma i wiele innych, a tak\u017ce kursy i licencje na operatora drona.","robots":{"index":"index","follow":"follow","max-snippet":"max-snippet:-1","max-image-preview":"max-image-preview:large","max-video-preview":"max-video-preview:-1"},"canonical":"https:\/\/ironsky.pl\/sklep\/produkt\/detektor-wycieku-gazu-u10\/","og_locale":"pl_PL","og_type":"article","og_title":"Detektor wycieku gazu U10 - IRONSKY.PL Sklep z Dronami","og_description":"Detektor wycieku gazu U10 - \u2705 sklep z dronami i fachowym doradztwem. \u2705 Tutaj kupisz produkty DJI, Yuneec, Parrot, Syma i wiele innych, a tak\u017ce kursy i licencje na operatora drona.","og_url":"https:\/\/ironsky.pl\/sklep\/produkt\/detektor-wycieku-gazu-u10\/","og_site_name":"IRONSKY.PL Sklep z Dronami","article_modified_time":"2026-03-05T14:49:19+00:00","og_image":[{"width":800,"height":800,"url":"https:\/\/ironsky.pl\/sklep\/wp-content\/uploads\/2024\/09\/37722_6.jpg","type":"image\/jpeg"}],"twitter_card":"summary_large_image","twitter_misc":{"Szacowany czas czytania":"1 minuta"},"schema":{"@context":"https:\/\/schema.org","@graph":[{"@type":"WebPage","@id":"https:\/\/ironsky.pl\/sklep\/produkt\/detektor-wycieku-gazu-u10\/","url":"https:\/\/ironsky.pl\/sklep\/produkt\/detektor-wycieku-gazu-u10\/","name":"Detektor wycieku gazu U10 - IRONSKY.PL Sklep z Dronami","isPartOf":{"@id":"https:\/\/ironsky.pl\/sklep\/#website"},"primaryImageOfPage":{"@id":"https:\/\/ironsky.pl\/sklep\/produkt\/detektor-wycieku-gazu-u10\/#primaryimage"},"image":{"@id":"https:\/\/ironsky.pl\/sklep\/produkt\/detektor-wycieku-gazu-u10\/#primaryimage"},"thumbnailUrl":"https:\/\/ironsky.pl\/sklep\/wp-content\/uploads\/2024\/09\/37722_6.jpg","datePublished":"2024-09-16T10:31:46+00:00","dateModified":"2026-03-05T14:49:19+00:00","description":"Detektor wycieku gazu U10 - \u2705 sklep z dronami i fachowym doradztwem. \u2705 Tutaj kupisz produkty DJI, Yuneec, Parrot, Syma i wiele innych, a tak\u017ce kursy i licencje na operatora drona.","breadcrumb":{"@id":"https:\/\/ironsky.pl\/sklep\/produkt\/detektor-wycieku-gazu-u10\/#breadcrumb"},"inLanguage":"pl-PL","potentialAction":[{"@type":"ReadAction","target":["https:\/\/ironsky.pl\/sklep\/produkt\/detektor-wycieku-gazu-u10\/"]}]},{"@type":"ImageObject","inLanguage":"pl-PL","@id":"https:\/\/ironsky.pl\/sklep\/produkt\/detektor-wycieku-gazu-u10\/#primaryimage","url":"https:\/\/ironsky.pl\/sklep\/wp-content\/uploads\/2024\/09\/37722_6.jpg","contentUrl":"https:\/\/ironsky.pl\/sklep\/wp-content\/uploads\/2024\/09\/37722_6.jpg","width":800,"height":800},{"@type":"BreadcrumbList","@id":"https:\/\/ironsky.pl\/sklep\/produkt\/detektor-wycieku-gazu-u10\/#breadcrumb","itemListElement":[{"@type":"ListItem","position":1,"name":"Strona g\u0142\u00f3wna","item":"https:\/\/ironsky.pl\/sklep\/"},{"@type":"ListItem","position":2,"name":"Wszystkie produkty","item":"https:\/\/ironsky.pl\/sklep\/sklep\/"},{"@type":"ListItem","position":3,"name":"Detektor wycieku gazu U10"}]},{"@type":"WebSite","@id":"https:\/\/ironsky.pl\/sklep\/#website","url":"https:\/\/ironsky.pl\/sklep\/","name":"IRONSKY.PL Sklep z Dronami","description":"IRONSKY.PL Sklep z Dronami","potentialAction":[{"@type":"SearchAction","target":{"@type":"EntryPoint","urlTemplate":"https:\/\/ironsky.pl\/sklep\/?s={search_term_string}"},"query-input":{"@type":"PropertyValueSpecification","valueRequired":true,"valueName":"search_term_string"}}],"inLanguage":"pl-PL"}]}},"_links":{"self":[{"href":"https:\/\/ironsky.pl\/sklep\/wp-json\/wp\/v2\/product\/20904","targetHints":{"allow":["GET"]}}],"collection":[{"href":"https:\/\/ironsky.pl\/sklep\/wp-json\/wp\/v2\/product"}],"about":[{"href":"https:\/\/ironsky.pl\/sklep\/wp-json\/wp\/v2\/types\/product"}],"replies":[{"embeddable":true,"href":"https:\/\/ironsky.pl\/sklep\/wp-json\/wp\/v2\/comments?post=20904"}],"wp:featuredmedia":[{"embeddable":true,"href":"https:\/\/ironsky.pl\/sklep\/wp-json\/wp\/v2\/media\/20905"}],"wp:attachment":[{"href":"https:\/\/ironsky.pl\/sklep\/wp-json\/wp\/v2\/media?parent=20904"}],"wp:term":[{"taxonomy":"product_brand","embeddable":true,"href":"https:\/\/ironsky.pl\/sklep\/wp-json\/wp\/v2\/product_brand?post=20904"},{"taxonomy":"product_cat","embeddable":true,"href":"https:\/\/ironsky.pl\/sklep\/wp-json\/wp\/v2\/product_cat?post=20904"},{"taxonomy":"product_tag","embeddable":true,"href":"https:\/\/ironsky.pl\/sklep\/wp-json\/wp\/v2\/product_tag?post=20904"}],"curies":[{"name":"wp","href":"https:\/\/api.w.org\/{rel}","templated":true}]}}